{"id":24026,"date":"2026-02-19T03:32:20","date_gmt":"2026-02-19T03:32:20","guid":{"rendered":"https:\/\/comprasyconsejos.store\/product\/protective-case-for-ps5-slim-scratch-resistant-and-waterproof-only-for-ps5-slim-digital-edition-and-disc-consoles-not-for-ps5-pro-vertical-black\/"},"modified":"2026-02-19T03:32:39","modified_gmt":"2026-02-19T03:32:39","slug":"protective-case-for-ps5-slim-scratch-resistant-and-waterproof-only-for-ps5-slim-digital-edition-and-disc-consoles-not-for-ps5-pro-vertical-black","status":"publish","type":"product","link":"https:\/\/comprasyconsejos.store\/en\/product\/protective-case-for-ps5-slim-scratch-resistant-and-waterproof-only-for-ps5-slim-digital-edition-and-disc-consoles-not-for-ps5-pro-vertical-black\/","title":{"rendered":"Protective Case for PS5 Slim, Scratch Resistant and Waterproof, Only for PS5 Slim Digital Edition and Disc Consoles &#8211; Not for Ps5\/Pro &#8211; Vertical &#8211; Black"},"content":{"rendered":"<p>Price: <span style=\"color:#b12704\">\u20ac10.59<\/span><br \/><i><small>(as of Feb 19, 2026 03:32:20 UTC &#8211; <span class=\"wp_automatic_amazon_disclaimer\" title=\"Product prices and availability are accurate as of the date\/time indicated and are subject to change. Any price and availability information displayed on [relevant Amazon Site(s), as applicable] at the time of purchase will apply to the purchase of this product.\">Details<\/span>)<\/small><\/i><\/p>\n<p><a href=\"https:\/\/amazon.es\/dp\/B0CQLTQQJH?tag=man008-21\"><img decoding=\"async\" src=\"https:\/\/valvepress.s3.amazonaws.com\/imgs\/buy_now.png\"><\/a><br \/>\n<\/p>\n<p>                                             From the brand   <\/p>\n<p>                                              <img decoding=\"async\" alt=\"El dise\u00f1o de los accesorios para juegos o consolas, incluidas las estaciones de carga, los auriculares, los cables y los soportes del mando, se muestra en una superficie oscura sobre un fondo con una iluminaci\u00f3n c\u00e1lida.\" src=\"https:\/\/images-na.ssl-images-amazon.com\/images\/G\/01\/x-locale\/common\/grey-pixel.gif\" class=\"a-lazy-loaded\" data-src=\"https:\/\/m.media-amazon.com\/images\/S\/aplus-media-library-service-media\/0ea98c0c-8858-4b73-88c3-7b00b998450e.__CR0,0,1464,625_PT0_SX1464_V1___.jpg\"><img decoding=\"async\" alt=\"El dise\u00f1o de los accesorios para juegos o consolas, incluidas las estaciones de carga, los auriculares, los cables y los soportes del mando, se muestra en una superficie oscura sobre un fondo con una iluminaci\u00f3n c\u00e1lida.\" src=\"https:\/\/m.media-amazon.com\/images\/S\/aplus-media-library-service-media\/0ea98c0c-8858-4b73-88c3-7b00b998450e.__CR0,0,1464,625_PT0_SX1464_V1___.jpg\">  <\/p>\n<p>                                              <img decoding=\"async\" alt=\"\" src=\"https:\/\/images-na.ssl-images-amazon.com\/images\/G\/01\/x-locale\/common\/grey-pixel.gif\" class=\"a-lazy-loaded\" data-src=\"https:\/\/m.media-amazon.com\/images\/S\/aplus-media-library-service-media\/e441e5e2-bec9-4aa5-ada3-5ad58eee37c4.__CR0,0,315,145_PT0_SX315_V1___.jpg\"><img decoding=\"async\" alt=\"\" src=\"https:\/\/m.media-amazon.com\/images\/S\/aplus-media-library-service-media\/e441e5e2-bec9-4aa5-ada3-5ad58eee37c4.__CR0,0,315,145_PT0_SX315_V1___.jpg\">  <\/p>\n<p> Tolesum no es s\u00f3lo un nombre, es una filosof\u00eda. Derivado de un t\u00e9rmino antiguo que significa \u00abelevar\u00bb, la esencia de Tolesum radica en su misi\u00f3n: mejorar cada juego y experiencia de juego. Para los jugadores, esto significa perif\u00e9ricos delgados, elegantes e intuitivos que brindan una ventaja en sus batallas virtuales. Mejore la experiencia de juego con perif\u00e9ricos elegantes e innovadores. <\/p>\n<h3> Compatible con PS5 <\/h3>\n<h3> Cable de PS5 <\/h3>\n<h3> Accesorios para Switch 2 <\/h3>\n<h3> Tarjeta de memoria PS2 <\/h3>\n<h3> Switch Piezas de reparaci\u00f3n  <\/h3>\n<h3> Accesorios de Xbox <\/h3>\n<p> Product Dimensions                                            \u200f                                            :                                            \u200e                                            17 x 15 x 2.5 cm; 60 g   <br \/> ASIN                                            \u200f                                            :                                            \u200e                                            B0CQLTQQJH   <br \/> Item model number                                            \u200f                                            :                                            \u200e                                            050192   <br \/> Country of origin                                            \u200f                                            :                                            \u200e                                            China   <br \/> Department                                            \u200f                                            :                                            \u200e                                            unisex_adult   <br \/> Guaranteed software updates until                                            \u200f                                            :                                            \u200e                                            unknown   <br \/>  Customer reviews:                                                                                            4.5               4.5 out of 5 stars                                  (179)                                              var dpAcrHasRegisteredArcLinkClickAction;                    P.when(&#8216;A&#8217;, &#8216;ready&#8217;).execute(function(A) {                        if (dpAcrHasRegisteredArcLinkClickAction !== true) {                            dpAcrHasRegisteredArcLinkClickAction = true;                            A.declarative(                                &#8216;acrLink-click-metrics&#8217;, &#8216;click&#8217;,                                { \u00aballowLinkDefault\u00bb: true },                                function (event) {                                    if (window.ue) {                                        ue.count(\u00abacrLinkClickCount\u00bb, (ue.count(\u00abacrLinkClickCount\u00bb) || 0) + 1);                                    }                                }                            );                        }                    });                                             P.when(&#8216;A&#8217;, &#8216;cf&#8217;).execute(function(A) {                A.declarative(&#8216;acrStarsLink-click-metrics&#8217;, &#8216;click&#8217;, { \u00aballowLinkDefault\u00bb : true },  function(event){                    if(window.ue) {                        ue.count(\u00abacrStarsLinkWithPopoverClickCount\u00bb, (ue.count(\u00abacrStarsLinkWithPopoverClickCount\u00bb) || 0) + 1);                    }                });            });                          <\/p>\n<p>&#8211; Dust cover designed specifically for PS5 Slim Digital Edition and disc consoles only in portrait mode. NOT for PS5\/PS5 Pro.<br \/>-Made of 1680D Oxford cloth, waterproof and durable, protect your console from scratches and dust.<br \/>-The back is cut out so you can easily access the cable ports. No need to disconnect wires. The Velcro closure on the bottom ensures a secure hold.<br \/>-Easy to use and clean.<br \/>-Remove the dust cover when the console is turned on to prevent overheating.<br \/>Note: This is NOT an official product.<\/p>\n\n","protected":false},"excerpt":{"rendered":"<p> From the brand Tolesum no es s\u00f3lo un nombre, es una filosof\u00eda. Derivado de un<\/p>","protected":false},"featured_media":24027,"comment_status":"open","ping_status":"closed","template":"","meta":[],"product_brand":[],"product_cat":[61],"product_tag":[307,994,1880,2883,1865,1901,964,1881,1875,1883,1884,1878,1876,3083,2469,7111,1765,4188,288,1150,1879,1882,1078,1877],"class_list":{"0":"post-24026","1":"product","2":"type-product","3":"status-publish","4":"has-post-thumbnail","6":"product_cat-games-entertainment","7":"product_tag-black","8":"product_tag-case","9":"product_tag-console-games","10":"product_tag-consoles","11":"product_tag-digital","12":"product_tag-disc","13":"product_tag-edition","14":"product_tag-gaming-accessories","15":"product_tag-gaming-consoles","16":"product_tag-gaming-controllers","17":"product_tag-home-gaming-system","18":"product_tag-nintendo-console","19":"product_tag-playstation-console","20":"product_tag-protective","21":"product_tag-ps5","22":"product_tag-ps5pro","23":"product_tag-resistant","24":"product_tag-scratch","25":"product_tag-slim","26":"product_tag-vertical","27":"product_tag-video-games","28":"product_tag-vr-headset","29":"product_tag-waterproof","30":"product_tag-xbox-console","32":"first","33":"instock","34":"shipping-taxable","35":"product-type-external"},"_links":{"self":[{"href":"https:\/\/comprasyconsejos.store\/en\/wp-json\/wp\/v2\/product\/24026","targetHints":{"allow":["GET"]}}],"collection":[{"href":"https:\/\/comprasyconsejos.store\/en\/wp-json\/wp\/v2\/product"}],"about":[{"href":"https:\/\/comprasyconsejos.store\/en\/wp-json\/wp\/v2\/types\/product"}],"replies":[{"embeddable":true,"href":"https:\/\/comprasyconsejos.store\/en\/wp-json\/wp\/v2\/comments?post=24026"}],"version-history":[{"count":0,"href":"https:\/\/comprasyconsejos.store\/en\/wp-json\/wp\/v2\/product\/24026\/revisions"}],"wp:featuredmedia":[{"embeddable":true,"href":"https:\/\/comprasyconsejos.store\/en\/wp-json\/wp\/v2\/media\/24027"}],"wp:attachment":[{"href":"https:\/\/comprasyconsejos.store\/en\/wp-json\/wp\/v2\/media?parent=24026"}],"wp:term":[{"taxonomy":"product_brand","embeddable":true,"href":"https:\/\/comprasyconsejos.store\/en\/wp-json\/wp\/v2\/product_brand?post=24026"},{"taxonomy":"product_cat","embeddable":true,"href":"https:\/\/comprasyconsejos.store\/en\/wp-json\/wp\/v2\/product_cat?post=24026"},{"taxonomy":"product_tag","embeddable":true,"href":"https:\/\/comprasyconsejos.store\/en\/wp-json\/wp\/v2\/product_tag?post=24026"}],"curies":[{"name":"wp","href":"https:\/\/api.w.org\/{rel}","templated":true}]}}