{"id":24037,"date":"2026-02-19T03:40:23","date_gmt":"2026-02-19T03:40:23","guid":{"rendered":"https:\/\/comprasyconsejos.store\/product\/zte-nubia-focus-2-5g-free-smartphone-with-ai-8gb256gb-screen-6-7-hd-120hz-108mp-camera-5000mah-battery-quick-charge-18w-android-15-includes-case-and-protector-white\/"},"modified":"2026-02-19T03:40:26","modified_gmt":"2026-02-19T03:40:26","slug":"zte-nubia-focus-2-5g-free-smartphone-with-ai-8gb256gb-screen-6-7-hd-120hz-108mp-camera-5000mah-battery-quick-charge-18w-android-15-includes-case-and-protector-white","status":"publish","type":"product","link":"https:\/\/comprasyconsejos.store\/en\/product\/zte-nubia-focus-2-5g-free-smartphone-with-ai-8gb256gb-screen-6-7-hd-120hz-108mp-camera-5000mah-battery-quick-charge-18w-android-15-includes-case-and-protector-white\/","title":{"rendered":"ZTE Nubia Focus 2 5G, Free Smartphone with AI, 8GB+256GB, Screen 6.7&#8243; HD+ 120Hz, 108MP Camera, 5000mAh Battery, Quick Charge 18W, Android 15, Includes Case and Protector, White"},"content":{"rendered":"<p>Price: <span style=\"color:#b12704\">\u20ac134.99<\/span><br \/><i><small>(as of Feb 19, 2026 03:40:23 UTC &#8211; <span class=\"wp_automatic_amazon_disclaimer\" title=\"Product prices and availability are accurate as of the date\/time indicated and are subject to change. Any price and availability information displayed on [relevant Amazon Site(s), as applicable] at the time of purchase will apply to the purchase of this product.\">Details<\/span>)<\/small><\/i><\/p>\n<p><a href=\"https:\/\/amazon.es\/dp\/B07BCB7SNR?tag=man008-21\"><img decoding=\"async\" src=\"https:\/\/valvepress.s3.amazonaws.com\/imgs\/buy_now.png\"><\/a><br \/>\n<\/p>\n<p>                                             From the manufacturer   <\/p>\n<p>                                                                             <img decoding=\"async\" alt=\"NUBIA FOCUS 2 BANNER\" src=\"https:\/\/images-na.ssl-images-amazon.com\/images\/G\/01\/x-locale\/common\/grey-pixel.gif\" class=\"a-spacing-base a-lazy-loaded\" data-src=\"https:\/\/m.media-amazon.com\/images\/S\/aplus-media-library-service-media\/11e6a358-b54d-4054-a148-222d0689bdcf.__CR0,0,970,600_PT0_SX970_V1___.png\"><img decoding=\"async\" alt=\"NUBIA FOCUS 2 BANNER\" src=\"https:\/\/m.media-amazon.com\/images\/S\/aplus-media-library-service-media\/11e6a358-b54d-4054-a148-222d0689bdcf.__CR0,0,970,600_PT0_SX970_V1___.png\">                                                                    <\/p>\n<p>                                                                             <img decoding=\"async\" alt=\"Nubia focus 2\" src=\"https:\/\/images-na.ssl-images-amazon.com\/images\/G\/01\/x-locale\/common\/grey-pixel.gif\" class=\"a-spacing-base a-lazy-loaded\" data-src=\"https:\/\/m.media-amazon.com\/images\/S\/aplus-media-library-service-media\/b5e1aed6-ba58-44b6-aae4-2c127156521e.__CR0,0,970,600_PT0_SX970_V1___.png\"><img decoding=\"async\" alt=\"Nubia focus 2\" src=\"https:\/\/m.media-amazon.com\/images\/S\/aplus-media-library-service-media\/b5e1aed6-ba58-44b6-aae4-2c127156521e.__CR0,0,970,600_PT0_SX970_V1___.png\">                                                                    <\/p>\n<p>                                                                             <img decoding=\"async\" alt=\"NUBIA FOCUS 2\" src=\"https:\/\/images-na.ssl-images-amazon.com\/images\/G\/01\/x-locale\/common\/grey-pixel.gif\" class=\"a-spacing-base a-lazy-loaded\" data-src=\"https:\/\/m.media-amazon.com\/images\/S\/aplus-media-library-service-media\/ee3f3be5-a31a-4139-a45f-6a9a8254a10b.__CR0,0,970,600_PT0_SX970_V1___.png\"><img decoding=\"async\" alt=\"NUBIA FOCUS 2\" src=\"https:\/\/m.media-amazon.com\/images\/S\/aplus-media-library-service-media\/ee3f3be5-a31a-4139-a45f-6a9a8254a10b.__CR0,0,970,600_PT0_SX970_V1___.png\">                                                                    <\/p>\n<p>                                                                             <img decoding=\"async\" alt=\"NUBIA FOCUS \" src=\"https:\/\/images-na.ssl-images-amazon.com\/images\/G\/01\/x-locale\/common\/grey-pixel.gif\" class=\"a-spacing-base a-lazy-loaded\" data-src=\"https:\/\/m.media-amazon.com\/images\/S\/aplus-media-library-service-media\/c5b9636c-fd23-41e5-ae5d-501d41c823b7.__CR0,0,970,600_PT0_SX970_V1___.png\"><img decoding=\"async\" alt=\"NUBIA FOCUS \" src=\"https:\/\/m.media-amazon.com\/images\/S\/aplus-media-library-service-media\/c5b9636c-fd23-41e5-ae5d-501d41c823b7.__CR0,0,970,600_PT0_SX970_V1___.png\">                                                                    <\/p>\n<p>                         Add To Basket  <\/p>\n<p>                         Add To Basket  <\/p>\n<p>                         Add To Basket  <\/p>\n<p>                         Add To Basket  <\/p>\n<p>                             Customer Reviews  <\/p>\n<p>                    4.0 out of 5 stars  10  <\/p>\n<p>                    4.0 out of 5 stars  34  <\/p>\n<p>                    4.2 out of 5 stars  16  <\/p>\n<p>                    4.2 out of 5 stars  45  <\/p>\n<p>                    4.8 out of 5 stars  9  <\/p>\n<p>                             Price  <\/p>\n<p>                                    \u20ac191.99\u20ac191.99                  \u20ac136.98\u20ac136.98                  \u20ac89.50\u20ac89.50<br \/>\n                                            \u2014 no data<br \/>\n                                                       \u20ac99.88\u20ac99.88           <\/p>\n<p>                             Procesador<br \/>\n                                T8100               T8100               T7200               T9100               T7200            <\/p>\n<p>                             Bater\u00eda<br \/>\n                                5000mAh                5000mAh                5200mAh               5000mAh                5000mAh            <\/p>\n<p>                             C\u00e1mara trasera\/delantera<br \/>\n                                C\u00e1mara trasera de 50MP IA y c\u00e1mara delantera de 32MP               C\u00e1mara trasera de 08MP IA y c\u00e1mara delantera de 16 MP               C\u00e1mara trasera de 50MP IA y c\u00e1mara delantera de 5MP                C\u00e1mara trasera de 50MP IA y c\u00e1mara delantera de 8MP                C\u00e1mara trasera de 50MP IA y c\u00e1mara delantera de 8MP            <\/p>\n<p>                             Componentes de la caja<br \/>\n                                Smartphone, cable USB-C, funda, manual                Smartphone, cable USB-C, funda, manual                Smartphone, cable USB-C, funda, manual                Smartphone, cable USB-C, funda, manual                Smartphone, cable USB-C, funda, manual            <\/p>\n<p>                             Resoluci\u00f3n<br \/>\n                                2400 \u00d7 1080 (FHD+)                1600 \u00d7 720 (HD+)                1600 \u00d7 720 (HD+)                2400 \u00d7 1080 (FHD+)                1600 \u00d7 720 (HD+)            <\/p>\n<p>                             Tama\u00f1o de pantalla<br \/>\n                                6,8\u00bb AMOLED FHD+ 120Hz                6,7\u00bb 120Hz IPS HD+                6,7\u00bb HD+ 120Hz                6,8\u00bb OLED FHD+ 120Hz                6,9\u00bb HD+ 120Hz            <\/p>\n<p>                             Capacidad de almacenamiento<br \/>\n                                512GB                256GB                128GB                256GB                256GB            <\/p>\n<p>                             Memoria RAM<br \/>\n                                8GB                8GB                4GB                12GB                4GB            <\/p>\n<p>                             Carga r\u00e1pida  <\/p>\n<p>                                              \u2713<\/p>\n<p>                                              \u2713<br \/>\n                                                          no data<\/p>\n<p>                                              \u2713<\/p>\n<p>                                              \u2713<\/p>\n<p>                             Especificaciones adicionales<br \/>\n                                Lente con anillo giratorio                              Luces LED y triple altavoz 95db               Gatillos laterales y luces LED               Resistencia ca\u00eddas 1.5m           <\/p>\n<p> Batteries                                            \u200f                                            :                                            \u200e                                            1 C batteries required. (included)   <br \/> Language                                            \u200f                                            :                                            \u200e                                            Spanish   <br \/> Package Dimensions                                            \u200f                                            :                                            \u200e                                            19.8 x 9 x 3.3 cm; 198 g   <br \/> Date First Available                                            \u200f                                            :                                            \u200e                                            22 April 2025   <br \/> Manufacturer                                            \u200f                                            :                                            \u200e                                            ZTE Corporation   <br \/> ASIN                                            \u200f                                            :                                            \u200e                                            B07BCB7SNR   <br \/> Item model number                                            \u200f                                            :                                            \u200e                                            ZTE Nubia Focus 2   <br \/> Country of origin                                            \u200f                                            :                                            \u200e                                            China   <br \/>       Best Sellers Rank:  12,988 in Electronics (See Top 100 in Electronics)    1,220 in SIM-Free &#038; Unlocked Mobile Phones      <br \/>  Customer reviews:                                                                                            3.4               3.4 out of 5 stars                                  (7)                                              var dpAcrHasRegisteredArcLinkClickAction;                    P.when(&#8216;A&#8217;, &#8216;ready&#8217;).execute(function(A) {                        if (dpAcrHasRegisteredArcLinkClickAction !== true) {                            dpAcrHasRegisteredArcLinkClickAction = true;                            A.declarative(                                &#8216;acrLink-click-metrics&#8217;, &#8216;click&#8217;,                                { \u00aballowLinkDefault\u00bb: true },                                function (event) {                                    if (window.ue) {                                        ue.count(\u00abacrLinkClickCount\u00bb, (ue.count(\u00abacrLinkClickCount\u00bb) || 0) + 1);                                    }                                }                            );                        }                    });                                             P.when(&#8216;A&#8217;, &#8216;cf&#8217;).execute(function(A) {                A.declarative(&#8216;acrStarsLink-click-metrics&#8217;, &#8216;click&#8217;, { \u00aballowLinkDefault\u00bb : true },  function(event){                    if(window.ue) {                        ue.count(\u00abacrStarsLinkWithPopoverClickCount\u00bb, (ue.count(\u00abacrStarsLinkWithPopoverClickCount\u00bb) || 0) + 1);                    }                });            });                          <\/p>\n<p>108MP Professional Photography The new nubia Focus 2 brings you an optimal shooting experience thanks to its 108MP sensor, three-magnification optical zoom, and four focal lengths: 24\/35\/50\/85mm.<br \/>Unique in its price range The nubia Focus 2 takes photography and video to another level with its innovative camera system: 108MP main camera with f\/1.75 aperture, portrait camera and an AI sensor. Besides, its multi-screen simultaneous recording function allows you to capture with the front and rear camera at the same time<br \/>Loaded with AI Functions Super Night and Sport Mode modes enhance night and motion photography, while Magic Photos enables smart editing. Plus, built-in AI offers features like real-time translation during calls, taking your experience to the next level.<br \/>Super 5000mAh battery Don&#8217;t worry about battery life with the nubia Focus 2 and its impressive 5000mAh battery, designed to keep up with you smoothly. Plus, its 18W fast charging ensures you&#8217;re always ready to go.<br \/>Great 8GB+256GB configuration Enjoy smooth performance with 8GB RAM, expandable virtually up to 20GB, and 256GB of internal storage, expandable up to 1TB via microSD card. There&#8217;s plenty of room and speed for your apps, games and media.<\/p>\n\n","protected":false},"excerpt":{"rendered":"<p> From the manufacturer Add To Basket Add To Basket Add To Basket Add To Basket<\/p>","protected":false},"featured_media":24038,"comment_status":"open","ping_status":"closed","template":"","meta":[],"product_brand":[],"product_cat":[100],"product_tag":[5985,1634,6116,1624,1890,7113,391,1891,292,1896,1893,681,994,335,3072,2537,1196,1892,1889,1888,7112,1021,301,842,1897,1894,1895,1588,205,5710],"class_list":{"0":"post-24037","1":"product","2":"type-product","3":"status-publish","4":"has-post-thumbnail","6":"product_cat-smartphones","7":"product_tag-108mp","8":"product_tag-120hz","9":"product_tag-18w","10":"product_tag-5000mah","11":"product_tag-5g-smartphones","12":"product_tag-8gb256gb","13":"product_tag-android","14":"product_tag-android-phones","15":"product_tag-battery","16":"product_tag-best-smartphones","17":"product_tag-budget-smartphones","18":"product_tag-camera","19":"product_tag-case","20":"product_tag-charge","21":"product_tag-focus","22":"product_tag-free","23":"product_tag-includes","24":"product_tag-iphone-smartphones","25":"product_tag-latest-smartphones","26":"product_tag-mobile-phones","27":"product_tag-nubia","28":"product_tag-protector","29":"product_tag-quick","30":"product_tag-screen","31":"product_tag-smartphone","32":"product_tag-smartphone-deals","33":"product_tag-smartphone-price","34":"product_tag-smartphones","35":"product_tag-white","36":"product_tag-zte","38":"first","39":"instock","40":"shipping-taxable","41":"product-type-external"},"_links":{"self":[{"href":"https:\/\/comprasyconsejos.store\/en\/wp-json\/wp\/v2\/product\/24037","targetHints":{"allow":["GET"]}}],"collection":[{"href":"https:\/\/comprasyconsejos.store\/en\/wp-json\/wp\/v2\/product"}],"about":[{"href":"https:\/\/comprasyconsejos.store\/en\/wp-json\/wp\/v2\/types\/product"}],"replies":[{"embeddable":true,"href":"https:\/\/comprasyconsejos.store\/en\/wp-json\/wp\/v2\/comments?post=24037"}],"version-history":[{"count":0,"href":"https:\/\/comprasyconsejos.store\/en\/wp-json\/wp\/v2\/product\/24037\/revisions"}],"wp:featuredmedia":[{"embeddable":true,"href":"https:\/\/comprasyconsejos.store\/en\/wp-json\/wp\/v2\/media\/24038"}],"wp:attachment":[{"href":"https:\/\/comprasyconsejos.store\/en\/wp-json\/wp\/v2\/media?parent=24037"}],"wp:term":[{"taxonomy":"product_brand","embeddable":true,"href":"https:\/\/comprasyconsejos.store\/en\/wp-json\/wp\/v2\/product_brand?post=24037"},{"taxonomy":"product_cat","embeddable":true,"href":"https:\/\/comprasyconsejos.store\/en\/wp-json\/wp\/v2\/product_cat?post=24037"},{"taxonomy":"product_tag","embeddable":true,"href":"https:\/\/comprasyconsejos.store\/en\/wp-json\/wp\/v2\/product_tag?post=24037"}],"curies":[{"name":"wp","href":"https:\/\/api.w.org\/{rel}","templated":true}]}}