{"id":24048,"date":"2026-02-19T03:55:32","date_gmt":"2026-02-19T03:55:32","guid":{"rendered":"https:\/\/comprasyconsejos.store\/product\/kioxia-exceria-plus-g2-portable-ssd-1tb-external-drive-usb-3-2-gen-2-up-to-1050mb-s-read-and-1000mb-s-write-compatible-with-windows-macos-ios-android-ps5-xbox-series-x-s\/"},"modified":"2026-02-19T03:55:38","modified_gmt":"2026-02-19T03:55:38","slug":"kioxia-exceria-plus-g2-portable-ssd-1tb-external-drive-usb-3-2-gen-2-up-to-1050mb-s-read-and-1000mb-s-write-compatible-with-windows-macos-ios-android-ps5-xbox-series-x-s","status":"publish","type":"product","link":"https:\/\/comprasyconsejos.store\/en\/product\/kioxia-exceria-plus-g2-portable-ssd-1tb-external-drive-usb-3-2-gen-2-up-to-1050mb-s-read-and-1000mb-s-write-compatible-with-windows-macos-ios-android-ps5-xbox-series-x-s\/","title":{"rendered":"KIOXIA EXCERIA PLUS G2 Portable SSD &#8211; 1TB External Drive, USB 3.2 Gen 2, Up to 1050MB\/s Read and 1000MB\/s Write, Compatible with Windows, macOS, iOS, Android, PS5, Xbox Series X\/S"},"content":{"rendered":"<p>Price: <span style=\"color:#b12704\">\u20ac108.79<\/span><br \/><i><small>(as of Feb 19, 2026 03:55:32 UTC &#8211; <span class=\"wp_automatic_amazon_disclaimer\" title=\"Product prices and availability are accurate as of the date\/time indicated and are subject to change. Any price and availability information displayed on [relevant Amazon Site(s), as applicable] at the time of purchase will apply to the purchase of this product.\">Details<\/span>)<\/small><\/i><\/p>\n<p><a href=\"https:\/\/amazon.es\/dp\/B0DRDBT6RV?tag=man008-21\"><img decoding=\"async\" src=\"https:\/\/valvepress.s3.amazonaws.com\/imgs\/buy_now.png\"><\/a><br \/>\n<\/p>\n<p>                                             Product Description   <\/p>\n<p>                                                  <img decoding=\"async\" alt=\"imagen de contenido aplus\" src=\"https:\/\/images-na.ssl-images-amazon.com\/images\/G\/01\/x-locale\/common\/grey-pixel.gif\" class=\"a-lazy-loaded\" data-src=\"https:\/\/m.media-amazon.com\/images\/S\/aplus-media-library-service-media\/22541674-3d23-4369-a818-ca17b337adba.__CR0,0,1940,600_PT0_SX970_V1___.jpg\"><img decoding=\"async\" alt=\"imagen de contenido aplus\" src=\"https:\/\/m.media-amazon.com\/images\/S\/aplus-media-library-service-media\/22541674-3d23-4369-a818-ca17b337adba.__CR0,0,1940,600_PT0_SX970_V1___.jpg\">  <\/p>\n<p class=\"apm-text-center\">\n                                                      <img decoding=\"async\" alt=\"Manos que muestran el uso de lo que parece ser un dispositivo electr\u00f3nico port\u00e1til desde m\u00faltiples \u00e1ngulos.\" src=\"https:\/\/images-na.ssl-images-amazon.com\/images\/G\/01\/x-locale\/common\/grey-pixel.gif\" class=\"a-lazy-loaded\" data-src=\"https:\/\/m.media-amazon.com\/images\/S\/aplus-media-library-service-media\/b5eb7abe-b08e-4ec5-80c0-12362f788bfb.__CR0,0,440,440_PT0_SX220_V1___.jpg\"><img decoding=\"async\" alt=\"Manos que muestran el uso de lo que parece ser un dispositivo electr\u00f3nico port\u00e1til desde m\u00faltiples \u00e1ngulos.\" src=\"https:\/\/m.media-amazon.com\/images\/S\/aplus-media-library-service-media\/b5eb7abe-b08e-4ec5-80c0-12362f788bfb.__CR0,0,440,440_PT0_SX220_V1___.jpg\">  <\/p>\n<p>                                                    Peque\u00f1o en tama\u00f1o, grande en rendimiento                                     <\/p>\n<p class=\"a-size-small\"> Ultra compacto y ligero, el EXCERIA PLUS G2 Portable se adapta a hasta 2TB de datos en la palma de su mano. Adecuado para creadores de contenido y profesionales, ofrece velocidades de lectura\/escritura secuencial r\u00e1pidas de hasta 1.050\/1.000 MB\/s. <\/p>\n<p class=\"apm-text-center\">\n                                                      <img decoding=\"async\" alt=\"imagen de contenido aplus\" src=\"https:\/\/images-na.ssl-images-amazon.com\/images\/G\/01\/x-locale\/common\/grey-pixel.gif\" class=\"a-lazy-loaded\" data-src=\"https:\/\/m.media-amazon.com\/images\/S\/aplus-media-library-service-media\/6f59f914-ec3f-46d3-bb82-d1d64a83950b.__CR0,0,440,440_PT0_SX220_V1___.jpg\"><img decoding=\"async\" alt=\"imagen de contenido aplus\" src=\"https:\/\/m.media-amazon.com\/images\/S\/aplus-media-library-service-media\/6f59f914-ec3f-46d3-bb82-d1d64a83950b.__CR0,0,440,440_PT0_SX220_V1___.jpg\">  <\/p>\n<p>                                                    Portabilidad sin estr\u00e9s para la vida sobre la marcha                                     <\/p>\n<p class=\"a-size-small\"> Construido para soportar el uso en el mundo real, el SSD port\u00e1til EXCERIA PLUS G2 cumple con los est\u00e1ndares de prueba de ca\u00edda MIL-STD con un dise\u00f1o a prueba de golpes sin partes m\u00f3viles. Su carcasa de aluminio mejora la durabilidad mientras ayuda a disipar el calor durante tareas exigentes. <\/p>\n<p class=\"apm-text-center\">\n                                                      <img decoding=\"async\" alt=\"El texto dice \u00abConexi\u00f3n f\u00e1cil, transferencia r\u00e1pida de datos\u00bb e \u00abInterfaz USB 3.2 Gen2\u00bb. La imagen muestra un port\u00e1til y una tableta conectados mediante un cable USB, lo que demuestra la capacidad de transferencia de datos.\" src=\"https:\/\/images-na.ssl-images-amazon.com\/images\/G\/01\/x-locale\/common\/grey-pixel.gif\" class=\"a-lazy-loaded\" data-src=\"https:\/\/m.media-amazon.com\/images\/S\/aplus-media-library-service-media\/e3a3394b-ae5b-4866-939e-323cd8ff1cc1.__CR0,0,440,440_PT0_SX220_V1___.jpg\"><img decoding=\"async\" alt=\"El texto dice \u00abConexi\u00f3n f\u00e1cil, transferencia r\u00e1pida de datos\u00bb e \u00abInterfaz USB 3.2 Gen2\u00bb. La imagen muestra un port\u00e1til y una tableta conectados mediante un cable USB, lo que demuestra la capacidad de transferencia de datos.\" src=\"https:\/\/m.media-amazon.com\/images\/S\/aplus-media-library-service-media\/e3a3394b-ae5b-4866-939e-323cd8ff1cc1.__CR0,0,440,440_PT0_SX220_V1___.jpg\">  <\/p>\n<p>                                                    Amplia compatibilidad, conectividad simple                                     <\/p>\n<p class=\"a-size-small\"> Funciona perfectamente con Windows OS, macOS, iPadOS, iOS, Android OS, PS4, PS4 Pro, PS5 y Xbox Series X\/S, nada m\u00e1s sacarlo de la caja. La interfaz USB-C garantiza transferencias r\u00e1pidas y f\u00e1ciles de videos 4K y archivos de alta resoluci\u00f3n en dispositivos modernos y antiguos. <\/p>\n<p class=\"apm-text-center\">\n                                                      <img decoding=\"async\" alt=\"imagen de contenido aplus\" src=\"https:\/\/images-na.ssl-images-amazon.com\/images\/G\/01\/x-locale\/common\/grey-pixel.gif\" class=\"a-lazy-loaded\" data-src=\"https:\/\/m.media-amazon.com\/images\/S\/aplus-media-library-service-media\/1ac3ece2-fcef-458a-9307-6f23b6189441.__CR0,0,440,440_PT0_SX220_V1___.jpg\"><img decoding=\"async\" alt=\"imagen de contenido aplus\" src=\"https:\/\/m.media-amazon.com\/images\/S\/aplus-media-library-service-media\/1ac3ece2-fcef-458a-9307-6f23b6189441.__CR0,0,440,440_PT0_SX220_V1___.jpg\">  <\/p>\n<p>                                                    Proteja sus datos y optimice el rendimiento                                     <\/p>\n<p class=\"a-size-small\"> Mantenga sus valiosos archivos seguros con el software de administraci\u00f3n SSD Utility con protecci\u00f3n por contrase\u00f1a y cifrado de hardware AES de 256 bits. Supervise el estado de la unidad, verifique su vida \u00fatil restante y maximice el rendimiento de su unidad KIOXIA. <\/p>\n<p>                         Add To Basket  <\/p>\n<p>                         Add To Basket  <\/p>\n<p>                         Add To Basket  <\/p>\n<p>                         Add To Basket  <\/p>\n<p>                             Customer Reviews  <\/p>\n<p>                    4.8 out of 5 stars  85  <\/p>\n<p>                    4.4 out of 5 stars  126  <\/p>\n<p>                    4.2 out of 5 stars  19  <\/p>\n<p>                    4.4 out of 5 stars  32  <\/p>\n<p>                    4.5 out of 5 stars  23  <\/p>\n<p>                    4.6 out of 5 stars  78  <\/p>\n<p>                             Price  <\/p>\n<p>                                    \u20ac212.84\u20ac212.84                  \u20ac108.79\u20ac108.79<br \/>\n                                            \u2014 no data<br \/>\n                                                       \u20ac99.47\u20ac99.47                  \u20ac241.42\u20ac241.42<br \/>\n                                            \u2014 no data<\/p>\n<p>                             Capacidad<br \/>\n                                2 TB               1 TB               2 TB               1 TB               2 TB               2 TB        <\/p>\n<p>                             Velocidad m\u00e1xima de lectura\/escritura secuencial<br \/>\n                                1.050\/1.000 MB\/s               1.050\/1.000 MB\/s               1.050\/1.000 MB\/s               1.050\/1.000 MB\/s               10.000\/8.200 MB\/s               7.300\/6.400 MB\/s        <\/p>\n<p>                             Interfaz<br \/>\n                                USB 3.2 Gen 2 \/ USB 3.2 Gen 1 \/ USB 2.0               USB 3.2 Gen 2 \/ USB 3.2 Gen 1 \/ USB 2.0               USB 3.2 Gen2 \/ USB 3.2 Gen1 \/ USB 2.0               USB 3.2 Gen2 \/ USB 3.2 Gen1 \/ USB 2.0               PCIe 5.0 \/ NVMe 2.0c               PCIe 4.0 \/ NVMe 1.4        <\/p>\n<p>                             Dimensi\u00f3n (Typ. : Largo x ancho x alto<br \/>\n                                72,0 x 40,0 x 11,8 mm               72,0 x 40,0 x 11,8 mm               105 x 45 x 14,7 mm               105 x 45 x 14,7 mm               80,15 x 22,15 x 2,38 mm (M.2 Tipo 2280-S3-M)               80,15 x 22,15 x 2,23 mm (M.2 tipo 2280-S2-M)        <\/p>\n<p>                             Peso<br \/>\n                                1.5 onzas               1.5 onzas                2.7 onzas               2.7 onzas               0.25 onzas               0.35 onzas        <\/p>\n<p>                             Resistencia a los golpes<br \/>\n                                Cumple con el procedimiento IV MIL-STD-810H 516.8               Cumple con el procedimiento IV MIL-STD-810H 516.8               Cumple con el procedimiento IV MIL-STD-810H 516.8               Cumple con el procedimiento IV MIL-STD-810H 516.8               9,806 km\/s2 {1.000 G} 0,5 ms media onda sinusoidal               9,806 km\/s2 {1.000 G} 0,5 ms media onda sinusoidal        <\/p>\n<p> Language                                            \u200f                                            :                                            \u200e                                            English, English, English, English, English   <br \/> Product Dimensions                                            \u200f                                            :                                            \u200e                                            7.2 x 1.18 x 4 cm; 42 g   <br \/> Manufacturer                                            \u200f                                            :                                            \u200e                                            KIOXIA Memory, Kioxia Singapore Pte.Ltd, mTower, 460 Alexandra Road, #09-04\/06, Singapore-119963   <br \/> ASIN                                            \u200f                                            :                                            \u200e                                            B0DRDBT6RV   <br \/> Item model number                                            \u200f                                            :                                            \u200e                                            LXD20K001TG8   <br \/> Guaranteed software updates until                                            \u200f                                            :                                            \u200e                                            unknown   <br \/>  Customer reviews:                                                                                            4.4               4.4 out of 5 stars                                  (126)                                              var dpAcrHasRegisteredArcLinkClickAction;                    P.when(&#8216;A&#8217;, &#8216;ready&#8217;).execute(function(A) {                        if (dpAcrHasRegisteredArcLinkClickAction !== true) {                            dpAcrHasRegisteredArcLinkClickAction = true;                            A.declarative(                                &#8216;acrLink-click-metrics&#8217;, &#8216;click&#8217;,                                { \u00aballowLinkDefault\u00bb: true },                                function (event) {                                    if (window.ue) {                                        ue.count(\u00abacrLinkClickCount\u00bb, (ue.count(\u00abacrLinkClickCount\u00bb) || 0) + 1);                                    }                                }                            );                        }                    });                                             P.when(&#8216;A&#8217;, &#8216;cf&#8217;).execute(function(A) {                A.declarative(&#8216;acrStarsLink-click-metrics&#8217;, &#8216;click&#8217;, { \u00aballowLinkDefault\u00bb : true },  function(event){                    if(window.ue) {                        ue.count(\u00abacrStarsLinkWithPopoverClickCount\u00bb, (ue.count(\u00abacrStarsLinkWithPopoverClickCount\u00bb) || 0) + 1);                    }                });            });                          <\/p>\n<p>COMPACT, SLEEK, AND POWERFUL &#8211; Ultra small and lightweight, the EXCERIA PLUS G2 portable SSD accommodates reliable performance in a sleek and sleek aluminum enclosure. Data transfer with speeds of up to 1,050MB\/s read and 1,000MB\/s write make it a convenient storage device ideal for gamers, creators and professionals on the go.<br \/>Wide Device Compatibility &#8211; Plug and play with Windows OS, macOS, iPadOS, iOS, AndroidTM OS, PS4, PS4 Pro, PS5 and Xbox Series X\/S. Quickly transfer 4K videos and high-resolution files via 3.2 Gen2 &#8211; Includes USB Type-C to C and Type C to A cables for use with modern and old devices.<br \/>WORRY-FREE PORTABILITY &#8211; Featuring a durable, shockproof design that meets MIL-STD drop test. Aluminum housing improves heat dissipation for stable performance, even during heavy workloads. For peace of mind, you can password protect and protect your data.<br \/>BICS FLASH &#8211; MADE IN JAPAN &#8211; Built with KIOXIA&#8217;s cutting-edge BiCS FLASH 3D flash memory, each drive offers reliable, high-density storage for quick data access.<br \/>Data Security and Monitoring &#8211; Password protection and 256-bit AES hardware encryption ensure data security. It also uses KIOXIA Utility SSD management software to maximize the performance of your drive, monitor its health and remaining lifespan.<\/p>\n\n","protected":false},"excerpt":{"rendered":"<p> Product Description Peque\u00f1o en tama\u00f1o, grande en rendimiento Ultra compacto y ligero, el EXCERIA PLUS<\/p>","protected":false},"featured_media":24049,"comment_status":"open","ping_status":"closed","template":"","meta":[],"product_brand":[],"product_cat":[81],"product_tag":[3989,1471,602,1455,1457,391,1468,201,795,7118,1476,1461,855,2810,7117,1459,1013,1452,290,1465,2469,1726,1463,361,513,1466,133,537,3508,1079],"class_list":{"0":"post-24048","1":"product","2":"type-product","3":"status-publish","4":"has-post-thumbnail","6":"product_cat-ssd-drive","7":"product_tag-1000mbs","8":"product_tag-1050mbs","9":"product_tag-1tb","10":"product_tag-1tb-ssd","11":"product_tag-512gb-ssd","12":"product_tag-android","13":"product_tag-best-ssd","14":"product_tag-compatible","15":"product_tag-drive","16":"product_tag-exceria","17":"product_tag-external","18":"product_tag-gaming-ssd","19":"product_tag-gen","20":"product_tag-ios","21":"product_tag-kioxia","22":"product_tag-m-2-ssd","23":"product_tag-macos","24":"product_tag-nvme-ssd","25":"product_tag-portable","26":"product_tag-portable-ssd","27":"product_tag-ps5","28":"product_tag-read","29":"product_tag-sata-ssd","30":"product_tag-series","31":"product_tag-ssd","32":"product_tag-ssd-price","33":"product_tag-usb","34":"product_tag-windows","35":"product_tag-write","36":"product_tag-xbox","38":"first","39":"instock","40":"shipping-taxable","41":"product-type-external"},"_links":{"self":[{"href":"https:\/\/comprasyconsejos.store\/en\/wp-json\/wp\/v2\/product\/24048","targetHints":{"allow":["GET"]}}],"collection":[{"href":"https:\/\/comprasyconsejos.store\/en\/wp-json\/wp\/v2\/product"}],"about":[{"href":"https:\/\/comprasyconsejos.store\/en\/wp-json\/wp\/v2\/types\/product"}],"replies":[{"embeddable":true,"href":"https:\/\/comprasyconsejos.store\/en\/wp-json\/wp\/v2\/comments?post=24048"}],"version-history":[{"count":0,"href":"https:\/\/comprasyconsejos.store\/en\/wp-json\/wp\/v2\/product\/24048\/revisions"}],"wp:featuredmedia":[{"embeddable":true,"href":"https:\/\/comprasyconsejos.store\/en\/wp-json\/wp\/v2\/media\/24049"}],"wp:attachment":[{"href":"https:\/\/comprasyconsejos.store\/en\/wp-json\/wp\/v2\/media?parent=24048"}],"wp:term":[{"taxonomy":"product_brand","embeddable":true,"href":"https:\/\/comprasyconsejos.store\/en\/wp-json\/wp\/v2\/product_brand?post=24048"},{"taxonomy":"product_cat","embeddable":true,"href":"https:\/\/comprasyconsejos.store\/en\/wp-json\/wp\/v2\/product_cat?post=24048"},{"taxonomy":"product_tag","embeddable":true,"href":"https:\/\/comprasyconsejos.store\/en\/wp-json\/wp\/v2\/product_tag?post=24048"}],"curies":[{"name":"wp","href":"https:\/\/api.w.org\/{rel}","templated":true}]}}