{"id":24066,"date":"2026-02-19T04:12:03","date_gmt":"2026-02-19T04:12:03","guid":{"rendered":"https:\/\/comprasyconsejos.store\/product\/asus-tuf-gaming-x870e-plus-wifi7-amd-x870e-atx-motherboard-vrm-1621-phases-ddr5-pcie-5-0-q-release-slim-m-2-wifi-7-usb4-type-c-aura-sync-ai-cooling-ii-ai-networking-ii-and-ai-overclocking\/"},"modified":"2026-02-19T04:12:12","modified_gmt":"2026-02-19T04:12:12","slug":"asus-tuf-gaming-x870e-plus-wifi7-amd-x870e-atx-motherboard-vrm-1621-phases-ddr5-pcie-5-0-q-release-slim-m-2-wifi-7-usb4-type-c-aura-sync-ai-cooling-ii-ai-networking-ii-and-ai-overclocking","status":"publish","type":"product","link":"https:\/\/comprasyconsejos.store\/en\/product\/asus-tuf-gaming-x870e-plus-wifi7-amd-x870e-atx-motherboard-vrm-1621-phases-ddr5-pcie-5-0-q-release-slim-m-2-wifi-7-usb4-type-c-aura-sync-ai-cooling-ii-ai-networking-ii-and-ai-overclocking\/","title":{"rendered":"ASUS TUF Gaming X870E-PLUS WIFI7 AMD X870E ATX Motherboard, VRM 16+2+1 Phases, DDR5, PCIe 5.0, Q-Release Slim, M.2, WiFi 7, USB4 Type-C, Aura Sync, AI Cooling II, AI Networking II, and AI Overclocking"},"content":{"rendered":"<p>Price: <span style=\"color:#b12704\"><del>\u20ac379.00<\/del> - \u20ac324.99<\/span><br \/><i><small>(as of Feb 19, 2026 04:12:03 UTC &#8211; <span class=\"wp_automatic_amazon_disclaimer\" title=\"Product prices and availability are accurate as of the date\/time indicated and are subject to change. Any price and availability information displayed on [relevant Amazon Site(s), as applicable] at the time of purchase will apply to the purchase of this product.\">Details<\/span>)<\/small><\/i><\/p>\n<p><a href=\"https:\/\/amazon.es\/dp\/B0BVLGP4WC?tag=man008-21\"><img decoding=\"async\" src=\"https:\/\/valvepress.s3.amazonaws.com\/imgs\/buy_now.png\"><\/a><br \/>\n<\/p>\n<p>                                             From the manufacturer   <\/p>\n<p>                                                                             <img decoding=\"async\" alt=\"El texto dice \u00abTUF GAMING\u00bb, \u00abX87OE-PLUS WIFI?\u00bb , \u00abAMD X870E\u00bb. Im\u00e1genes de productos de placas base para ordenadores que muestran varios \u00e1ngulos y puertos de una placa base para videojuegos de gama alta.\" src=\"https:\/\/images-na.ssl-images-amazon.com\/images\/G\/01\/x-locale\/common\/grey-pixel.gif\" class=\"a-spacing-base a-lazy-loaded\" data-src=\"https:\/\/m.media-amazon.com\/images\/S\/aplus-media-library-service-media\/545b4cf0-22a9-48b5-a896-256a4710aa6d.__CR0,0,970,600_PT0_SX970_V1___.jpg\"><img decoding=\"async\" alt=\"El texto dice \u00abTUF GAMING\u00bb, \u00abX87OE-PLUS WIFI?\u00bb , \u00abAMD X870E\u00bb. Im\u00e1genes de productos de placas base para ordenadores que muestran varios \u00e1ngulos y puertos de una placa base para videojuegos de gama alta.\" src=\"https:\/\/m.media-amazon.com\/images\/S\/aplus-media-library-service-media\/545b4cf0-22a9-48b5-a896-256a4710aa6d.__CR0,0,970,600_PT0_SX970_V1___.jpg\">                                                                    <\/p>\n<p class=\"apm-text-center\">\n                                                      <img decoding=\"async\" alt=\"El texto dice \u00abAutom\u00e1tico\u00bb. Serie de capturas de pantalla de la interfaz que muestran los ajustes del men\u00fa y las opciones de configuraci\u00f3n con fondo oscuro y texto blanco.\" src=\"https:\/\/images-na.ssl-images-amazon.com\/images\/G\/01\/x-locale\/common\/grey-pixel.gif\" class=\"a-spacing-mini a-lazy-loaded\" data-src=\"https:\/\/m.media-amazon.com\/images\/S\/aplus-media-library-service-media\/1a799fff-3d1c-478b-a3e7-ae48eae83386.__CR0,0,300,300_PT0_SX300_V1___.jpg\"><img decoding=\"async\" alt=\"El texto dice \u00abAutom\u00e1tico\u00bb. Serie de capturas de pantalla de la interfaz que muestran los ajustes del men\u00fa y las opciones de configuraci\u00f3n con fondo oscuro y texto blanco.\" src=\"https:\/\/m.media-amazon.com\/images\/S\/aplus-media-library-service-media\/1a799fff-3d1c-478b-a3e7-ae48eae83386.__CR0,0,300,300_PT0_SX300_V1___.jpg\">  <\/p>\n<p>                                                    Overclocking IA                                       <\/p>\n<p> La puesta a punto es ahora m\u00e1s r\u00e1pida e inteligente que nunca. ASUS AI Overclocking perfila la CPU y la refrigeraci\u00f3n para predecir la configuraci\u00f3n \u00f3ptima y llevar el sistema al l\u00edmite. Los valores pronosticados pueden activarse autom\u00e1ticamente o utilizarse como base de lanzamiento para posteriores experimentos. <\/p>\n<p class=\"apm-text-center\">\n                                                      <img decoding=\"async\" alt=\"aplus content image\" src=\"https:\/\/images-na.ssl-images-amazon.com\/images\/G\/01\/x-locale\/common\/grey-pixel.gif\" class=\"a-spacing-mini a-lazy-loaded\" data-src=\"https:\/\/m.media-amazon.com\/images\/S\/aplus-media-library-service-media\/64504c02-e453-4260-8d1e-248e41caa2d5.__CR0,0,300,300_PT0_SX300_V1___.jpg\"><img decoding=\"async\" alt=\"aplus content image\" src=\"https:\/\/m.media-amazon.com\/images\/S\/aplus-media-library-service-media\/64504c02-e453-4260-8d1e-248e41caa2d5.__CR0,0,300,300_PT0_SX300_V1___.jpg\">  <\/p>\n<p>                                                    Refrigeraci\u00f3n AI II                                       <\/p>\n<p> Equilibra la t\u00e9rmica y la ac\u00fastica de cualquier construcci\u00f3n con un solo clic. Un algoritmo exclusivo de ASUS reduce el ruido innecesario mientras ejecuta una r\u00e1pida prueba de estr\u00e9s y, a continuaci\u00f3n, monitoriza las temperaturas de la CPU para ajustar din\u00e1micamente los ventiladores a las velocidades \u00f3ptimas. <\/p>\n<p class=\"apm-text-center\">\n                                                      <img decoding=\"async\" alt=\"aplus content image\" src=\"https:\/\/images-na.ssl-images-amazon.com\/images\/G\/01\/x-locale\/common\/grey-pixel.gif\" class=\"a-spacing-mini a-lazy-loaded\" data-src=\"https:\/\/m.media-amazon.com\/images\/S\/aplus-media-library-service-media\/71fdca96-08dc-4ecb-ba4c-951bb7611745.__CR0,0,300,300_PT0_SX300_V1___.jpg\"><img decoding=\"async\" alt=\"aplus content image\" src=\"https:\/\/m.media-amazon.com\/images\/S\/aplus-media-library-service-media\/71fdca96-08dc-4ecb-ba4c-951bb7611745.__CR0,0,300,300_PT0_SX300_V1___.jpg\">  <\/p>\n<p>                                                    CONMUTADOR OC DIN\u00c1MICO                                       <\/p>\n<p> El Conmutador OC Din\u00e1mico maximiza el rendimiento de la CPU permiti\u00e9ndote establecer umbrales de corriente y temperatura para cambiar autom\u00e1ticamente entre un overlock manual para cargas de trabajo multihilo pesadas y Precision Boost Overdrive para tareas de un solo hilo. El \u00faltimo Overclocking Load Guard tiene un mecanismo de protecci\u00f3n de corriente instant\u00e1nea mejorado para evitar que los usuarios experimenten fallos del sistema durante el overclocking.\u200b <\/p>\n<p class=\"apm-text-center\">\n                                                      <img decoding=\"async\" alt=\"aplus content image\" src=\"https:\/\/images-na.ssl-images-amazon.com\/images\/G\/01\/x-locale\/common\/grey-pixel.gif\" class=\"a-spacing-mini a-lazy-loaded\" data-src=\"https:\/\/m.media-amazon.com\/images\/S\/aplus-media-library-service-media\/e9aa9150-484f-42be-8830-f3750fb351b5.__CR0,0,300,300_PT0_SX300_V1___.jpg\"><img decoding=\"async\" alt=\"aplus content image\" src=\"https:\/\/m.media-amazon.com\/images\/S\/aplus-media-library-service-media\/e9aa9150-484f-42be-8830-f3750fb351b5.__CR0,0,300,300_PT0_SX300_V1___.jpg\">  <\/p>\n<p>                                                    Dise\u00f1o Premium Power                                       <\/p>\n<p> Una alimentaci\u00f3n estable es crucial para maximizar el rendimiento de los procesadores AMD. La placa base est\u00e1 dise\u00f1ada para satisfacer las necesidades de las CPU de alto n\u00famero de n\u00facleos. Cuenta con 16(80A) + 2(80A) + 1(80A) etapas de potencia que integran MOSFETs de lado alto y bajo y controladores en paquetes de hasta 80A cada uno. Esta configuraci\u00f3n garantiza un suministro de energ\u00eda, eficiencia, estabilidad y rendimiento \u00f3ptimos para los procesadores AMD actuales y futuros. <\/p>\n<p class=\"apm-text-center\">\n                                                      <img decoding=\"async\" alt=\"aplus content image\" src=\"https:\/\/images-na.ssl-images-amazon.com\/images\/G\/01\/x-locale\/common\/grey-pixel.gif\" class=\"a-spacing-mini a-lazy-loaded\" data-src=\"https:\/\/m.media-amazon.com\/images\/S\/aplus-media-library-service-media\/37739e8c-80cc-4aa4-986e-635afbc3600b.__CR0,0,300,300_PT0_SX300_V1___.jpg\"><img decoding=\"async\" alt=\"aplus content image\" src=\"https:\/\/m.media-amazon.com\/images\/S\/aplus-media-library-service-media\/37739e8c-80cc-4aa4-986e-635afbc3600b.__CR0,0,300,300_PT0_SX300_V1___.jpg\">  <\/p>\n<p>                                                    Rendimiento de overclocking de la DRAM                                       <\/p>\n<p> Las completas opciones de ajuste de memoria son la piedra angular de las placas base TUF GAMING de. Con la placa base, podr\u00e1s extraer todo el potencial de tus m\u00f3dulos DDR5*, ya sean de un kit de velocidad extrema o de un conjunto b\u00e1sico que, de otro modo, quedar\u00eda bloqueado. <\/p>\n<p> * El overclocking de la memoria puede variar seg\u00fan la serie de CPU. Consulta la tabla de especificaciones para obtener informaci\u00f3n detallada. <\/p>\n<p class=\"apm-text-center\">\n                                                      <img decoding=\"async\" alt=\"El texto dice \u00abPCIe1\u00bb, \u00abPCIe\u00bb, \u00abPCIe2\u00bb, \u00abPCIe3\u00bb. Primer plano de la placa base del ordenador que muestra las ranuras PCI Express resaltadas con etiquetas naranjas.\" src=\"https:\/\/images-na.ssl-images-amazon.com\/images\/G\/01\/x-locale\/common\/grey-pixel.gif\" class=\"a-spacing-mini a-lazy-loaded\" data-src=\"https:\/\/m.media-amazon.com\/images\/S\/aplus-media-library-service-media\/8fc9a4cc-a0dd-4684-86e2-04c219ac98c2.__CR0,0,300,300_PT0_SX300_V1___.jpg\"><img decoding=\"async\" alt=\"El texto dice \u00abPCIe1\u00bb, \u00abPCIe\u00bb, \u00abPCIe2\u00bb, \u00abPCIe3\u00bb. Primer plano de la placa base del ordenador que muestra las ranuras PCI Express resaltadas con etiquetas naranjas.\" src=\"https:\/\/m.media-amazon.com\/images\/S\/aplus-media-library-service-media\/8fc9a4cc-a0dd-4684-86e2-04c219ac98c2.__CR0,0,300,300_PT0_SX300_V1___.jpg\">  <\/p>\n<p>                                                    Soporte M.2 PCIe 5.0                                       <\/p>\n<p> Esta placa base tambi\u00e9n incorpora dos ranuras M.2 PCIe 5.0 para disfrutar de las transferencias de datos m\u00e1s r\u00e1pidas de hasta 128 Gbps*, y todas las ranuras M.2 admiten configuraciones RAID NVMe para aprovechar las \u00faltimas velocidades disponibles. <\/p>\n<p> *La velocidad de transmisi\u00f3n real ser\u00e1 inferior a la velocidad m\u00e1xima te\u00f3rica. <\/p>\n<p class=\"apm-text-center\">\n                                                      <img decoding=\"async\" alt=\"Diagrama de especificaciones tecnol\u00f3gicas que muestra el texto \u00abPCIe\u00bb, \u00ab40 Gbps\u00bb, \u00ab3.0\u00bb y \u00abSS+20\u00bb con iconos y s\u00edmbolos de conexi\u00f3n en blanco sobre fondo oscuro.\" src=\"https:\/\/images-na.ssl-images-amazon.com\/images\/G\/01\/x-locale\/common\/grey-pixel.gif\" class=\"a-spacing-mini a-lazy-loaded\" data-src=\"https:\/\/m.media-amazon.com\/images\/S\/aplus-media-library-service-media\/d716d44b-948e-4a0c-983b-79d625f90454.__CR0,0,300,300_PT0_SX300_V1___.jpg\"><img decoding=\"async\" alt=\"Diagrama de especificaciones tecnol\u00f3gicas que muestra el texto \u00abPCIe\u00bb, \u00ab40 Gbps\u00bb, \u00ab3.0\u00bb y \u00abSS+20\u00bb con iconos y s\u00edmbolos de conexi\u00f3n en blanco sobre fondo oscuro.\" src=\"https:\/\/m.media-amazon.com\/images\/S\/aplus-media-library-service-media\/d716d44b-948e-4a0c-983b-79d625f90454.__CR0,0,300,300_PT0_SX300_V1___.jpg\">  <\/p>\n<p>                                                    Potenciar la conexi\u00f3n                                       <\/p>\n<p> Esta placa base ofrece una vers\u00e1til gama de conectividad con conectores PCIe 5.0, USB4 40Gbps y USB frontal 20Gbps Tipo-C con soporte para carga r\u00e1pida. <\/p>\n<p class=\"apm-text-center\">\n                                                      <img decoding=\"async\" alt=\"aplus content image\" src=\"https:\/\/images-na.ssl-images-amazon.com\/images\/G\/01\/x-locale\/common\/grey-pixel.gif\" class=\"a-spacing-mini a-lazy-loaded\" data-src=\"https:\/\/m.media-amazon.com\/images\/S\/aplus-media-library-service-media\/3eadb3cc-93cb-48f6-8cea-817ee72cdc97.__CR0,0,300,300_PT0_SX300_V1___.jpg\"><img decoding=\"async\" alt=\"aplus content image\" src=\"https:\/\/m.media-amazon.com\/images\/S\/aplus-media-library-service-media\/3eadb3cc-93cb-48f6-8cea-817ee72cdc97.__CR0,0,300,300_PT0_SX300_V1___.jpg\">  <\/p>\n<p>                                                    Ranura PCIe Q-Release Slim                                       <\/p>\n<p> Basta con inclinar la tarjeta hacia el mecanismo de enganche para desbloquearla autom\u00e1ticamente de la ranura PCIe. Esto hace que las actualizaciones y el mantenimiento sean m\u00e1s f\u00e1ciles que nunca. Los usuarios ya no tendr\u00e1n que juguetear con un complicado pestillo o incluso pulsar un bot\u00f3n para liberar la tarjeta gr\u00e1fica de la ranura. <\/p>\n<p class=\"apm-text-center\">\n                                                      <img decoding=\"async\" alt=\"aplus content image\" src=\"https:\/\/images-na.ssl-images-amazon.com\/images\/G\/01\/x-locale\/common\/grey-pixel.gif\" class=\"a-spacing-mini a-lazy-loaded\" data-src=\"https:\/\/m.media-amazon.com\/images\/S\/aplus-media-library-service-media\/ff42f193-aabe-42b5-8346-a43c5f5350ad.__CR0,0,300,300_PT0_SX300_V1___.jpg\"><img decoding=\"async\" alt=\"aplus content image\" src=\"https:\/\/m.media-amazon.com\/images\/S\/aplus-media-library-service-media\/ff42f193-aabe-42b5-8346-a43c5f5350ad.__CR0,0,300,300_PT0_SX300_V1___.jpg\">  <\/p>\n<p>                                                    Antena WiFi 6E                                       <\/p>\n<p> Con la Antena Q, conectar una antena WiFi a tu PC es ahora f\u00e1cil y r\u00e1pido. En lugar de girar lentamente dos cierres hasta que encajan, se colocan a presi\u00f3n. Menos problemas y un rendimiento m\u00e1s constante. <\/p>\n<p>                         Add To Basket  <\/p>\n<p>                         Add To Basket  <\/p>\n<p>                             Customer Reviews  <\/p>\n<p>                    4.3 out of 5 stars  37  <\/p>\n<p>                    4.4 out of 5 stars  143  <\/p>\n<p>                             Price  <\/p>\n<p>                                    \u20ac324.99\u20ac324.99                  \u20ac277.68\u20ac277.68                    <\/p>\n<p>                             CPU Socket<br \/>\n                                AM5               AM5                    <\/p>\n<p>                             Power Stage<br \/>\n                                16(80A)+2(80A)+1(80A)               16(80A)+2(80A)+1(80A)                    <\/p>\n<p>                             Memory<br \/>\n                                4 x DIMM, Max. 256GB, DDR5               4 x DIMM, Max. 256GB, DDR5                    <\/p>\n<p>                             Graphic Output<br \/>\n                                HDMI 2.1\/ 2 x USB4 Type-C with DP-Alt               HDMI 2.1\/ 2 x USB4 Type-C with DP-Alt                    <\/p>\n<p>                             Expansion Slots<br \/>\n                                1 x PCIe 5.0 x16 Slot (@ x16); 1 x PCIe 4.0 x16 Slot(@ x4); 1 x PCIe 3.0 x1 Slot               1 x PCIe 5.0 x16 Slot (@ x16); 1 x PCIe 4.0 x16 Slot(@ x4)                    <\/p>\n<p>                             SATA 6Gb\/s<br \/>\n                                4               2                    <\/p>\n<p>                             M.2<br \/>\n                                1 x M.2 2280 (PCIe 5.0 x4);1 x M.2 22110 (PCIe 5.0 x4); 2 x M.2 2280 (PCIe 4.0 x4)               2 x M.2 2280 (PCIe 5.0 x4); 1 x M.2 2280 (PCIe 4.0 x4); 1 x M.2 22110 (PCIe 4.0 x4)                    <\/p>\n<p>                             USB<br \/>\n                                2 x USB4 (40Gbps); 1 x USB 20Gbps; 3 x USB 10Gbps; 6 x USB 5Gbps; 8 x USB 2.0               2 x USB4 (40Gbps); 1 x USB 20Gbps; 3 x USB 10Gbps; 6 x USB 5Gbps; 5 x USB 2.0                    <\/p>\n<p>                             Wireless<br \/>\n                                Wi-Fi 7               Wi-Fi 7                    <\/p>\n<p>                             Ethernet<br \/>\n                                1 x Reaktek 2.5Gb               1 x Reaktek 2.5Gb                    <\/p>\n<p> Language                                            \u200f                                            :                                            \u200e                                            English   <br \/> Product Dimensions                                            \u200f                                            :                                            \u200e                                            24.4 x 4.8 x 30.5 cm; 1.56 kg   <br \/> Manufacturer                                            \u200f                                            :                                            \u200e                                            ASUS   <br \/> ASIN                                            \u200f                                            :                                            \u200e                                            B0BVLGP4WC   <br \/> Item model number                                            \u200f                                            :                                            \u200e                                            90MB1M70-M0EAY0   <br \/> Country of origin                                            \u200f                                            :                                            \u200e                                            China   <br \/> Guaranteed software updates until                                            \u200f                                            :                                            \u200e                                            unknown   <br \/>  Customer reviews:                                                                                            4.3               4.3 out of 5 stars                                  (37)                                              var dpAcrHasRegisteredArcLinkClickAction;                    P.when(&#8216;A&#8217;, &#8216;ready&#8217;).execute(function(A) {                        if (dpAcrHasRegisteredArcLinkClickAction !== true) {                            dpAcrHasRegisteredArcLinkClickAction = true;                            A.declarative(                                &#8216;acrLink-click-metrics&#8217;, &#8216;click&#8217;,                                { \u00aballowLinkDefault\u00bb: true },                                function (event) {                                    if (window.ue) {                                        ue.count(\u00abacrLinkClickCount\u00bb, (ue.count(\u00abacrLinkClickCount\u00bb) || 0) + 1);                                    }                                }                            );                        }                    });                                             P.when(&#8216;A&#8217;, &#8216;cf&#8217;).execute(function(A) {                A.declarative(&#8216;acrStarsLink-click-metrics&#8217;, &#8216;click&#8217;, { \u00aballowLinkDefault\u00bb : true },  function(event){                    if(window.ue) {                        ue.count(\u00abacrStarsLinkWithPopoverClickCount\u00bb, (ue.count(\u00abacrStarsLinkWithPopoverClickCount\u00bb) || 0) + 1);                    }                });            });                          <\/p>\n<p>Advanced AI PC Ready: Designed for the future of AI computing, with the power and connectivity needed for demanding AI applications<br \/>AMD AM5 Socket: AMD Socket AM5 Ready for AMD Ryzen Desktop Processors 9000 and 8000 and 7000 Series<br \/>Upgraded Power Solution &#8211; 16+2+1 80A power stages, 8-layer printed circuit board, 8+8-pin ProCool power connectors, alloy chokes and durable capacitors for stable power supply<br \/>Intelligent control: ASUS exclusive AI Overclocking, AI Cooling II, AI Networking II, and AEMP to simplify setup and improve performance<br \/>Next-generation M.2 support: Two built-in M.2 PCIe 5.0 slots and two M.2 PCIe 4.0 slots<\/p>\n\n","protected":false},"excerpt":{"rendered":"<p> From the manufacturer Overclocking IA La puesta a punto es ahora m\u00e1s r\u00e1pida e inteligente<\/p>","protected":false},"featured_media":24067,"comment_status":"open","ping_status":"closed","template":"","meta":[],"product_brand":[],"product_cat":[78],"product_tag":[530,1447,850,1458,1444,3195,1445,1451,989,623,1449,617,1443,1448,1119,1442,1562,4390,624,6292,1560,288,200,851,381,798,5311,543,1450,4257,3384,7127,1446],"class_list":{"0":"post-24066","1":"product","2":"type-product","3":"status-publish","4":"has-post-thumbnail","6":"product_cat-motherboards","7":"product_tag-amd","8":"product_tag-amd-motherboard","9":"product_tag-asus","10":"product_tag-atx","11":"product_tag-atx-motherboard","12":"product_tag-aura","13":"product_tag-b550-motherboard","14":"product_tag-best-motherboard","15":"product_tag-cooling","16":"product_tag-ddr5","17":"product_tag-ddr5-motherboard","18":"product_tag-gaming","19":"product_tag-gaming-motherboard","20":"product_tag-intel-motherboard","21":"product_tag-m-2","22":"product_tag-motherboard","23":"product_tag-networking","24":"product_tag-overclocking","25":"product_tag-pcie","26":"product_tag-phases","27":"product_tag-qrelease","28":"product_tag-slim","29":"product_tag-sync","30":"product_tag-tuf","31":"product_tag-typec","32":"product_tag-usb4","33":"product_tag-vrm","34":"product_tag-wifi","35":"product_tag-wifi-motherboard","36":"product_tag-wifi7","37":"product_tag-x870e","38":"product_tag-x870eplus","39":"product_tag-z790-motherboard","41":"first","42":"instock","43":"sale","44":"shipping-taxable","45":"product-type-external"},"_links":{"self":[{"href":"https:\/\/comprasyconsejos.store\/en\/wp-json\/wp\/v2\/product\/24066","targetHints":{"allow":["GET"]}}],"collection":[{"href":"https:\/\/comprasyconsejos.store\/en\/wp-json\/wp\/v2\/product"}],"about":[{"href":"https:\/\/comprasyconsejos.store\/en\/wp-json\/wp\/v2\/types\/product"}],"replies":[{"embeddable":true,"href":"https:\/\/comprasyconsejos.store\/en\/wp-json\/wp\/v2\/comments?post=24066"}],"version-history":[{"count":0,"href":"https:\/\/comprasyconsejos.store\/en\/wp-json\/wp\/v2\/product\/24066\/revisions"}],"wp:featuredmedia":[{"embeddable":true,"href":"https:\/\/comprasyconsejos.store\/en\/wp-json\/wp\/v2\/media\/24067"}],"wp:attachment":[{"href":"https:\/\/comprasyconsejos.store\/en\/wp-json\/wp\/v2\/media?parent=24066"}],"wp:term":[{"taxonomy":"product_brand","embeddable":true,"href":"https:\/\/comprasyconsejos.store\/en\/wp-json\/wp\/v2\/product_brand?post=24066"},{"taxonomy":"product_cat","embeddable":true,"href":"https:\/\/comprasyconsejos.store\/en\/wp-json\/wp\/v2\/product_cat?post=24066"},{"taxonomy":"product_tag","embeddable":true,"href":"https:\/\/comprasyconsejos.store\/en\/wp-json\/wp\/v2\/product_tag?post=24066"}],"curies":[{"name":"wp","href":"https:\/\/api.w.org\/{rel}","templated":true}]}}