{"id":24078,"date":"2026-02-19T04:17:06","date_gmt":"2026-02-19T04:17:06","guid":{"rendered":"https:\/\/comprasyconsejos.store\/product\/asus-dual-nvidia-geforce-rtx-3060-v2-oc-edition-gaming-graphics-card-pcie-4-0-12gb-gddr6-hdmi-2-1-displayport-1-4a-2-slot-design-axial-tech-fans-white\/"},"modified":"2026-02-19T04:17:09","modified_gmt":"2026-02-19T04:17:09","slug":"asus-dual-nvidia-geforce-rtx-3060-v2-oc-edition-gaming-graphics-card-pcie-4-0-12gb-gddr6-hdmi-2-1-displayport-1-4a-2-slot-design-axial-tech-fans-white","status":"publish","type":"product","link":"https:\/\/comprasyconsejos.store\/en\/product\/asus-dual-nvidia-geforce-rtx-3060-v2-oc-edition-gaming-graphics-card-pcie-4-0-12gb-gddr6-hdmi-2-1-displayport-1-4a-2-slot-design-axial-tech-fans-white\/","title":{"rendered":"ASUS Dual NVIDIA GeForce RTX 3060 V2 OC Edition Gaming Graphics Card (PCIe 4.0, 12GB GDDR6, HDMI 2.1, DisplayPort 1.4a, 2-Slot Design, Axial-Tech Fans, White"},"content":{"rendered":"<p>Price: <span style=\"color:#b12704\">\u20ac324.90<\/span><br \/><i><small>(as of Feb 19, 2026 04:17:06 UTC &#8211; <span class=\"wp_automatic_amazon_disclaimer\" title=\"Product prices and availability are accurate as of the date\/time indicated and are subject to change. Any price and availability information displayed on [relevant Amazon Site(s), as applicable] at the time of purchase will apply to the purchase of this product.\">Details<\/span>)<\/small><\/i><\/p>\n<p><a href=\"https:\/\/amazon.es\/dp\/B096658ZWP?tag=man008-21\"><img decoding=\"async\" src=\"https:\/\/valvepress.s3.amazonaws.com\/imgs\/buy_now.png\"><\/a><br \/>\n<\/p>\n<p>                                             From the manufacturer   <\/p>\n<p>                                                      <img decoding=\"async\" alt=\" \" src=\"https:\/\/images-na.ssl-images-amazon.com\/images\/G\/01\/x-locale\/common\/grey-pixel.gif\" class=\"a-spacing-mini a-lazy-loaded\" data-src=\"https:\/\/m.media-amazon.com\/images\/S\/aplus-media\/vc\/0be6b8e6-e546-47f1-bbbf-210d68631bb2.__CR0,0,300,400_PT0_SX300_V1___.png\"><img decoding=\"async\" alt=\" \" src=\"https:\/\/m.media-amazon.com\/images\/S\/aplus-media\/vc\/0be6b8e6-e546-47f1-bbbf-210d68631bb2.__CR0,0,300,400_PT0_SX300_V1___.png\">  <\/p>\n<p>                                                              <img decoding=\"async\" alt=\" \" src=\"https:\/\/images-na.ssl-images-amazon.com\/images\/G\/01\/x-locale\/common\/grey-pixel.gif\" class=\"a-spacing-mini a-lazy-loaded\" data-src=\"https:\/\/m.media-amazon.com\/images\/S\/aplus-media\/vc\/44d7278c-be28-490a-ac5f-2c5d87844460.__CR0,0,350,175_PT0_SX350_V1___.jpg\"><img decoding=\"async\" alt=\" \" src=\"https:\/\/m.media-amazon.com\/images\/S\/aplus-media\/vc\/44d7278c-be28-490a-ac5f-2c5d87844460.__CR0,0,350,175_PT0_SX350_V1___.jpg\">                                                                 <\/p>\n<p class=\"a-spacing-small a-size-small a-color-secondary\"> ASUS es una empresa multinacional establecida en Taiw\u00e1n desde 1989 que dise\u00f1a y fabrica hardware de inform\u00e1tica y electr\u00f3nica de consumo. Dedicada a crear soluciones que proporcionan una vida m\u00e1s inteligente. En ASUS somos unos verdaderos apasionados de la innovaci\u00f3n tecnol\u00f3gica. So\u00f1amos con crear una vida digital sencilla y completa para todos, por eso siempre andamos en busca de nuevas ideas que nos permitan ofrecer las experiencias m\u00e1s incre\u00edbles. <\/p>\n<h3 class=\"a-spacing-mini\"> DUAL-RTX3060-O12G-V2 <\/h3>\n<p class=\"a-spacing-base\"> ASUS Dual GeForce RTX 3060 V2 OC Edition 12GB GDDR6 con dos potentes ventiladores Axial-tech y un dise\u00f1o de dos ranuras muy vers\u00e1til <\/p>\n<p>                                                          Multiprocesadores de Streaming NVIDIA Ampere: Los elementos fundamentales de la GPU r\u00e1pida y eficiente ofrecen el doble de rendimiento y consumen menos energ\u00eda que FP32.       N\u00facleos RT de 2.\u00aa gen.: El doble de rendimiento que los n\u00facleos RT de 1.\u00aa Gen., adem\u00e1s de trazado de rayos y sombreado simult\u00e1neos para brindarte un rendimiento completamente incre\u00edble.       N\u00facleos Tensor de 3.\u00aa gen.: Con soporte para resoluciones hasta 8K y algoritmos DLSS avanzados, estos n\u00facleos multiplican por dos el rendimiento gaming y ofrecen capacidades de IA.       OC Edition: Frecuencia Boost 1867 MHz (Modo OC.)\/ 1837 MHz (Modo Gaming).       Los ventiladores Axial-tech presentan unas aspas m\u00e1s largas y un anillo de bloqueo que incrementa la presi\u00f3n de aire hacia abajo.       El dise\u00f1o de 2 ranuras permite que se enfr\u00ede de forma eficiente y potencia su compatibilidad con chasis de peque\u00f1o formato       La tecnolog\u00eda 0 dB permite disfrutar de juegos ligeros pr\u00e1cticamente en silencio.       La estructura de acero inoxidable es m\u00e1s dura y resiste la corrosi\u00f3n.      <\/p>\n<p class=\"apm-text-center\">\n                                                      <img decoding=\"async\" alt=\" \" src=\"https:\/\/images-na.ssl-images-amazon.com\/images\/G\/01\/x-locale\/common\/grey-pixel.gif\" class=\"a-spacing-mini a-lazy-loaded\" data-src=\"https:\/\/m.media-amazon.com\/images\/S\/aplus-media\/vc\/d892be18-105e-4869-8a9b-dc2c47ee826c.__CR0,0,500,500_PT0_SX300_V1___.jpg\"><img decoding=\"async\" alt=\" \" src=\"https:\/\/m.media-amazon.com\/images\/S\/aplus-media\/vc\/d892be18-105e-4869-8a9b-dc2c47ee826c.__CR0,0,500,500_PT0_SX300_V1___.jpg\">  <\/p>\n<p>                                                    Ventiladores Axial-tech                                       <\/p>\n<p> M\u00e1s r\u00e1pidos y resistentes: mejores <\/p>\n<p> Los ventiladores Axial-tech presentan unas aspas m\u00e1s grandes y un anillo de bloqueo que incrementa la presi\u00f3n de aire hacia abajo. <\/p>\n<p class=\"apm-text-center\">\n                                                      <img decoding=\"async\" alt=\" \" src=\"https:\/\/images-na.ssl-images-amazon.com\/images\/G\/01\/x-locale\/common\/grey-pixel.gif\" class=\"a-spacing-mini a-lazy-loaded\" data-src=\"https:\/\/m.media-amazon.com\/images\/S\/aplus-media\/vc\/474e4447-678e-451d-a57d-d2ad811b5843.__CR0,0,500,500_PT0_SX300_V1___.jpg\"><img decoding=\"async\" alt=\" \" src=\"https:\/\/m.media-amazon.com\/images\/S\/aplus-media\/vc\/474e4447-678e-451d-a57d-d2ad811b5843.__CR0,0,500,500_PT0_SX300_V1___.jpg\">  <\/p>\n<p>                                                    Tecnolog\u00eda 0 dB                                       <\/p>\n<p> Inteligente y silenciosa <\/p>\n<p> La tecnolog\u00eda 0 dB detiene por completo los ventiladores mientras la temperatura de la GPU se mantiene por debajo de los 50 grados cent\u00edgrados y se consume poca energ\u00eda. <\/p>\n<p class=\"apm-text-center\">\n                                                      <img decoding=\"async\" alt=\" \" src=\"https:\/\/images-na.ssl-images-amazon.com\/images\/G\/01\/x-locale\/common\/grey-pixel.gif\" class=\"a-spacing-mini a-lazy-loaded\" data-src=\"https:\/\/m.media-amazon.com\/images\/S\/aplus-media\/vc\/d9925335-ed3c-4ac5-ab8a-10f3d3282623.__CR0,0,300,300_PT0_SX300_V1___.png\"><img decoding=\"async\" alt=\" \" src=\"https:\/\/m.media-amazon.com\/images\/S\/aplus-media\/vc\/d9925335-ed3c-4ac5-ab8a-10f3d3282623.__CR0,0,300,300_PT0_SX300_V1___.png\">  <\/p>\n<p>                                                    Dise\u00f1o de dos ranuras                                       <\/p>\n<p> Mantiene la temperatura a raya <\/p>\n<p> El cuidado dise\u00f1o de la cubierta, el disipador y la disposici\u00f3n de lo caloductos permite que los dos ventiladores Axial-tech aprovechen la ventilaci\u00f3n del panel lateral y ofrezcan un rendimiento t\u00e9rmico que parece contradecir el tama\u00f1o de la tarjeta. <\/p>\n<p class=\"apm-text-center\">\n                                                      <img decoding=\"async\" alt=\" \" src=\"https:\/\/images-na.ssl-images-amazon.com\/images\/G\/01\/x-locale\/common\/grey-pixel.gif\" class=\"a-spacing-mini a-lazy-loaded\" data-src=\"https:\/\/m.media-amazon.com\/images\/S\/aplus-media\/vc\/87d32634-62b5-4298-af84-3f62358a6731.__CR0,0,300,300_PT0_SX300_V1___.jpg\"><img decoding=\"async\" alt=\" \" src=\"https:\/\/m.media-amazon.com\/images\/S\/aplus-media\/vc\/87d32634-62b5-4298-af84-3f62358a6731.__CR0,0,300,300_PT0_SX300_V1___.jpg\">  <\/p>\n<p>                                                    Tecnolog\u00eda Auto-Extreme                                       <\/p>\n<p> Manufactura automatizada de precisi\u00f3n <\/p>\n<p> La tecnolog\u00eda Auto-Extreme permite soldar los diferentes componentes de una pasada, lo que reduce el estr\u00e9s t\u00e9rmico de los componentes y evita el uso de qu\u00edmicos agresivos. El resultado es un menor impacto en el medio ambiente, la reducci\u00f3n del consumo energ\u00e9tico durante la fabricaci\u00f3n y un producto m\u00e1s fiable. <\/p>\n<p class=\"apm-text-center\">\n                                                      <img decoding=\"async\" alt=\" \" src=\"https:\/\/images-na.ssl-images-amazon.com\/images\/G\/01\/x-locale\/common\/grey-pixel.gif\" class=\"a-spacing-mini a-lazy-loaded\" data-src=\"https:\/\/m.media-amazon.com\/images\/S\/aplus-media\/vc\/95a49f1b-e6aa-490f-ab4f-3c2fb7413d15.__CR0,0,300,300_PT0_SX300_V1___.png\"><img decoding=\"async\" alt=\" \" src=\"https:\/\/m.media-amazon.com\/images\/S\/aplus-media\/vc\/95a49f1b-e6aa-490f-ab4f-3c2fb7413d15.__CR0,0,300,300_PT0_SX300_V1___.png\">  <\/p>\n<p>                                                    Placa de protecci\u00f3n trasera                                       <\/p>\n<p> Protecci\u00f3n adicional La PCB se encuentra protegida por una placa de aluminio trasera que refuerza su rigidez estructural y evita que pueda doblarse o que los componentes o pistas puedan da\u00f1arse. <\/p>\n<p class=\"apm-text-center\">\n                                                      <img decoding=\"async\" alt=\" \" src=\"https:\/\/images-na.ssl-images-amazon.com\/images\/G\/01\/x-locale\/common\/grey-pixel.gif\" class=\"a-spacing-mini a-lazy-loaded\" data-src=\"https:\/\/m.media-amazon.com\/images\/S\/aplus-media\/vc\/21462685-d4d7-4488-b3c9-a85e0a0a2e84.__CR0,0,300,300_PT0_SX300_V1___.png\"><img decoding=\"async\" alt=\" \" src=\"https:\/\/m.media-amazon.com\/images\/S\/aplus-media\/vc\/21462685-d4d7-4488-b3c9-a85e0a0a2e84.__CR0,0,300,300_PT0_SX300_V1___.png\">  <\/p>\n<p>                                                    Soporte de acero inoxidable                                       <\/p>\n<p> Solidez adicional <\/p>\n<p> El soporte de montaje de la Dual se ha reforzado con acero inoxidable 304, un material m\u00e1s duro y resistente a la corrosi\u00f3n <\/p>\n<p>                                                                      <img decoding=\"async\" alt=\" \" src=\"https:\/\/images-na.ssl-images-amazon.com\/images\/G\/01\/x-locale\/common\/grey-pixel.gif\" class=\"a-spacing-mini a-lazy-loaded\" data-src=\"https:\/\/m.media-amazon.com\/images\/S\/aplus-media\/vc\/483e0a24-6f78-462d-927f-a6249342d9e2.__CR0,0,300,300_PT0_SX300_V1___.jpg\"><img decoding=\"async\" alt=\" \" src=\"https:\/\/m.media-amazon.com\/images\/S\/aplus-media\/vc\/483e0a24-6f78-462d-927f-a6249342d9e2.__CR0,0,300,300_PT0_SX300_V1___.jpg\">  <\/p>\n<h3 class=\"a-spacing-mini\"> ARQUITECTURA NVIDIA AMPERE <\/h3>\n<p class=\"a-spacing-base\"> Con n\u00facleos de 2.\u00aa gen. para el Trazado de Rayos y Tensor de 3.\u00aa gen. La arquitectura Ampere de NVIDIA ofrece al experiencia gaming definitiva. <\/p>\n<p>                                                                      <img decoding=\"async\" alt=\" \" src=\"https:\/\/images-na.ssl-images-amazon.com\/images\/G\/01\/x-locale\/common\/grey-pixel.gif\" class=\"a-spacing-mini a-lazy-loaded\" data-src=\"https:\/\/m.media-amazon.com\/images\/S\/aplus-media\/vc\/e23bdd3c-37a2-4d88-937d-8856f023b919.__CR0,0,300,300_PT0_SX300_V1___.jpg\"><img decoding=\"async\" alt=\" \" src=\"https:\/\/m.media-amazon.com\/images\/S\/aplus-media\/vc\/e23bdd3c-37a2-4d88-937d-8856f023b919.__CR0,0,300,300_PT0_SX300_V1___.jpg\">  <\/p>\n<h3 class=\"a-spacing-mini\"> RTX. IT\u2019S ON. <\/h3>\n<p class=\"a-spacing-base\"> Experimenta como nunca antes los \u00e9xitos de taquilla actuales gracias a la fidelidad gr\u00e1fica del trazado de rayos en tiempo real y el rendimiento de IA que ofrece DLSS. <\/p>\n<p>                                                                      <img decoding=\"async\" alt=\" \" src=\"https:\/\/images-na.ssl-images-amazon.com\/images\/G\/01\/x-locale\/common\/grey-pixel.gif\" class=\"a-spacing-mini a-lazy-loaded\" data-src=\"https:\/\/m.media-amazon.com\/images\/S\/aplus-media\/vc\/17696189-e4d0-4e00-a7bf-53f3b5705e54.__CR0,0,300,300_PT0_SX300_V1___.jpg\"><img decoding=\"async\" alt=\" \" src=\"https:\/\/m.media-amazon.com\/images\/S\/aplus-media\/vc\/17696189-e4d0-4e00-a7bf-53f3b5705e54.__CR0,0,300,300_PT0_SX300_V1___.jpg\">  <\/p>\n<h3 class=\"a-spacing-mini\"> ACELERACI\u00d3N DE IA CON DLSS <\/h3>\n<p class=\"a-spacing-base\"> NVIDIA DLSS es una innovadora t\u00e9cnica de renderizado de IA que aprovecha los n\u00facleos Tensor de la GeForce RTX para aumentar los fotogramas y producir una calidad de imagen incre\u00edble. De esta forma, puedes llevar los ajustes y resoluciones al l\u00edmite y disfrutar de una experiencia visual incre\u00edble. Es la revoluci\u00f3n de la IA aplicada a los juegos. <\/p>\n<p>                                                                    <img decoding=\"async\" alt=\"\" src=\"https:\/\/images-na.ssl-images-amazon.com\/images\/G\/01\/x-locale\/common\/grey-pixel.gif\" class=\"a-lazy-loaded\" data-src=\"https:\/\/m.media-amazon.com\/images\/S\/aplus-media\/vc\/483e0a24-6f78-462d-927f-a6249342d9e2.__CR0,0,300,300_PT0_SX300_V1___.jpg\"><img decoding=\"async\" alt=\"\" src=\"https:\/\/m.media-amazon.com\/images\/S\/aplus-media\/vc\/483e0a24-6f78-462d-927f-a6249342d9e2.__CR0,0,300,300_PT0_SX300_V1___.jpg\">   <\/p>\n<p>                                                                    <img decoding=\"async\" alt=\"\" src=\"https:\/\/images-na.ssl-images-amazon.com\/images\/G\/01\/x-locale\/common\/grey-pixel.gif\" class=\"a-lazy-loaded\" data-src=\"https:\/\/m.media-amazon.com\/images\/S\/aplus-media\/vc\/e23bdd3c-37a2-4d88-937d-8856f023b919.__CR0,0,300,300_PT0_SX300_V1___.jpg\"><img decoding=\"async\" alt=\"\" src=\"https:\/\/m.media-amazon.com\/images\/S\/aplus-media\/vc\/e23bdd3c-37a2-4d88-937d-8856f023b919.__CR0,0,300,300_PT0_SX300_V1___.jpg\">   <\/p>\n<p>                                                                    <img decoding=\"async\" alt=\"\" src=\"https:\/\/images-na.ssl-images-amazon.com\/images\/G\/01\/x-locale\/common\/grey-pixel.gif\" class=\"a-lazy-loaded\" data-src=\"https:\/\/m.media-amazon.com\/images\/S\/aplus-media\/vc\/17696189-e4d0-4e00-a7bf-53f3b5705e54.__CR0,0,300,300_PT0_SX300_V1___.jpg\"><img decoding=\"async\" alt=\"\" src=\"https:\/\/m.media-amazon.com\/images\/S\/aplus-media\/vc\/17696189-e4d0-4e00-a7bf-53f3b5705e54.__CR0,0,300,300_PT0_SX300_V1___.jpg\">   <\/p>\n<p>                                              <img decoding=\"async\" alt=\"\" src=\"https:\/\/m.media-amazon.com\/images\/S\/aplus-media-library-service-media\/fe1146fc-e5aa-468d-ab84-18df1b1e5d0c.__CR0,0,150,300_PT0_SX150_V1___.jpg\" width=\"121.66666666666667px\"> <\/p>\n<p>                                              TUF-RX6700XT-O12G-GAMING <\/p>\n<p>                             Customer Reviews  <\/p>\n<p>                    4.6 out of 5 stars  3,237  <\/p>\n<p>                    4.6 out of 5 stars  3,237  <\/p>\n<p>                    4.7 out of 5 stars  699  <\/p>\n<p>                    4.4 out of 5 stars  6  <\/p>\n<p>                    4.5 out of 5 stars  317  <\/p>\n<p>                \u2014         <\/p>\n<p>                             Engine Clock<br \/>\n                                OC Mode &#8211; 1867 MHz (Boost Clock) Gaming Mode &#8211; 1837 MHz (Boost Clock)               OC Mode &#8211; 1807 MHz (Boost Clock) Gaming Mode &#8211; 1777 MHz (Boost Clock)               OC Mode &#8211; 1882 MHz (Boost Clock) Gaming Mode &#8211; 1852 MHz (Boost Clock)               OC Mode &#8211; 1807 MHz (Boost Clock) Gaming Mode &#8211; 1777 MHz (Boost Clock)               OC Mode &#8211; Up to 2581 MHz (Boost clock) Up to 2444 MHz (Game clock) Gaming Mode &#8211; Up to 2581 MHz (Boost clock) Up to 2424 MHz (Game clock)               OC Mode &#8211; Up to 2622 MHz (Boost clock) Up to 2534 MHz (Game clock) Gaming Mode &#8211; Up to 2622 MHz (Boost clock) Up to 2514 MHz (Game clock)        <\/p>\n<p>                             Fan Technology<br \/>\n                                Axial-tech Fan Design 0dB Technology               Axial-tech Fan Design 0dB Technology               Axial-tech Fan Design Optimized Rotation                Axial-tech Fan Design Optimized Rotation                Axial-tech Fan Design, Dual ball fan bearings, 0dB Technology               Axial-tech Fan Design, Dual ball fan bearings        <\/p>\n<p>                             Thermal Technology<br \/>\n                                2.7-slot Design               2.7-slot Design               MaxContact Technology 2.7-slot Design               MaxContact Technology 2.7-slot Design               Auto-Extreme Technology               MaxContact Technology, 2.9-slot Design        <\/p>\n<p>                             Interface<br \/>\n                                HDMI Output : Yes x 1 (Native) (HDMI 2.1) Display Port : Yes x 3 (Native) (DisplayPort 1.4a) HDCP Support : Yes (2.3)               HDMI Output : Yes x 2 (Native) (HDMI 2.1) Display Port : Yes x 3 (Native) (DisplayPort 1.4a) HDCP Support : Yes (2.3)               HDMI Output : Yes x 2 (Native) (HDMI 2.1) Display Port : Yes x 3 (Native) (DisplayPort 1.4a) HDCP Support : Yes (2.3)               HDMI Output : Yes x 2 (Native) (HDMI 2.1) Display Port : Yes x 3 (Native) (DisplayPort 1.4a) HDCP Support : Yes (2.3)               HDMI Output: Yes x 1 (Native HDMI 2.0b) Display Port: Yes x 3 (Native DisplayPort 1.4a) HDCP Support : Yes (2.3)               HDMI Output: Yes x 1 (Native HDMI 2.0b) Display Port: Yes x 3 (Native DisplayPort 1.4a) HDCP Support : Yes (2.3)        <\/p>\n<p>                             Dimension<br \/>\n                                200 x 123 x 38 mm 7.87 x 4.84 x 1.496 inches               200 x 123 x 38 mm 7.87 x 4.84 x 1.496 inches               301 x 143 x 54 mm 11.81 x 5.63 x 2.13 inches               301 x 143 x 54 mm 11.81 x 5.63 x 2.13 inches               295 x 139 x 55 mm 11.61 x 5.47 x 2.17 inches               322 x 152 x 58 mm 12.68 x 5.98 x 2.28 inches        <\/p>\n<p> Batteries                                            \u200f                                            :                                            \u200e                                            1 AA batteries required.   <br \/> Is discontinued by manufacturer                                            \u200f                                            :                                            \u200e                                            No   <br \/> Product Dimensions                                            \u200f                                            :                                            \u200e                                            20 x 12.3 x 0.25 cm; 320 g   <br \/> Manufacturer                                            \u200f                                            :                                            \u200e                                            ASUS   <br \/> ASIN                                            \u200f                                            :                                            \u200e                                            B096658ZWP   <br \/> Item model number                                            \u200f                                            :                                            \u200e                                            90YV0GB2-M0NA10   <br \/> Guaranteed software updates until                                            \u200f                                            :                                            \u200e                                            unknown   <br \/>  Customer reviews:                                                                                            4.6               4.6 out of 5 stars                                  (3,237)                                              var dpAcrHasRegisteredArcLinkClickAction;                    P.when(&#8216;A&#8217;, &#8216;ready&#8217;).execute(function(A) {                        if (dpAcrHasRegisteredArcLinkClickAction !== true) {                            dpAcrHasRegisteredArcLinkClickAction = true;                            A.declarative(                                &#8216;acrLink-click-metrics&#8217;, &#8216;click&#8217;,                                { \u00aballowLinkDefault\u00bb: true },                                function (event) {                                    if (window.ue) {                                        ue.count(\u00abacrLinkClickCount\u00bb, (ue.count(\u00abacrLinkClickCount\u00bb) || 0) + 1);                                    }                                }                            );                        }                    });                                             P.when(&#8216;A&#8217;, &#8216;cf&#8217;).execute(function(A) {                A.declarative(&#8216;acrStarsLink-click-metrics&#8217;, &#8216;click&#8217;, { \u00aballowLinkDefault\u00bb : true },  function(event){                    if(window.ue) {                        ue.count(\u00abacrStarsLinkWithPopoverClickCount\u00bb, (ue.count(\u00abacrStarsLinkWithPopoverClickCount\u00bb) || 0) + 1);                    }                });            });                          <\/p>\n<p>NVIDIA Ampere Streaming Multiprocessors: Fundamentals of the world&#8217;s fast and efficient GPU deliver twice the performance and consume less power than FP32<br \/>2nd Gen RT Nuclei : Twice the performance of 1st Gen RT cores. Add simultaneous ray tracing and shading to give you a whole new performance<br \/>3rd Gen Tensor Cores : Enjoy twice the performance with structural shortage and advanced AI algorithms like DLSS. These cores dramatically increase gaming performance and offer new AI capabilities<br \/>OC mode: Boost clock 1867 MHz (OC mode)\/1837 MHz (Gaming mode)<br \/>Axial-tech fans feature long blades and a locking ring that increases downward air pressure<br \/>Screen Size: 1.0; Operating System: Windows 10 Home; RAM Capacity (GB): 1.0 GB<\/p>\n\n","protected":false},"excerpt":{"rendered":"<p> From the manufacturer ASUS es una empresa multinacional establecida en Taiw\u00e1n desde 1989 que dise\u00f1a<\/p>","protected":false},"featured_media":24079,"comment_status":"open","ping_status":"closed","template":"","meta":[],"product_brand":[],"product_cat":[75],"product_tag":[1436,1154,1437,1432,1427,850,1438,1433,1420,939,1099,298,964,1378,617,1428,1435,620,599,644,1425,544,821,1426,624,621,1429,1430,1431,205],"class_list":{"0":"post-24078","1":"product","2":"type-product","3":"status-publish","4":"has-post-thumbnail","6":"product_cat-graphics-cards","7":"product_tag-1-4a","8":"product_tag-12gb","9":"product_tag-2slot","10":"product_tag-8gb-graphics-card","11":"product_tag-amd-radeon-gpu","12":"product_tag-asus","13":"product_tag-axialtech","14":"product_tag-best-gpu","15":"product_tag-card","16":"product_tag-design","17":"product_tag-displayport","18":"product_tag-dual","19":"product_tag-edition","20":"product_tag-fans","21":"product_tag-gaming","22":"product_tag-gaming-graphics-card","23":"product_tag-gddr6","24":"product_tag-geforce","25":"product_tag-gpu","26":"product_tag-graphics","27":"product_tag-graphics-card","28":"product_tag-hdmi","29":"product_tag-nvidia","30":"product_tag-nvidia-rtx-graphics-card","31":"product_tag-pcie","32":"product_tag-rtx","33":"product_tag-rtx-4060","34":"product_tag-rtx-4070","35":"product_tag-rtx-4080","36":"product_tag-white","38":"first","39":"instock","40":"shipping-taxable","41":"product-type-external"},"_links":{"self":[{"href":"https:\/\/comprasyconsejos.store\/en\/wp-json\/wp\/v2\/product\/24078","targetHints":{"allow":["GET"]}}],"collection":[{"href":"https:\/\/comprasyconsejos.store\/en\/wp-json\/wp\/v2\/product"}],"about":[{"href":"https:\/\/comprasyconsejos.store\/en\/wp-json\/wp\/v2\/types\/product"}],"replies":[{"embeddable":true,"href":"https:\/\/comprasyconsejos.store\/en\/wp-json\/wp\/v2\/comments?post=24078"}],"version-history":[{"count":0,"href":"https:\/\/comprasyconsejos.store\/en\/wp-json\/wp\/v2\/product\/24078\/revisions"}],"wp:featuredmedia":[{"embeddable":true,"href":"https:\/\/comprasyconsejos.store\/en\/wp-json\/wp\/v2\/media\/24079"}],"wp:attachment":[{"href":"https:\/\/comprasyconsejos.store\/en\/wp-json\/wp\/v2\/media?parent=24078"}],"wp:term":[{"taxonomy":"product_brand","embeddable":true,"href":"https:\/\/comprasyconsejos.store\/en\/wp-json\/wp\/v2\/product_brand?post=24078"},{"taxonomy":"product_cat","embeddable":true,"href":"https:\/\/comprasyconsejos.store\/en\/wp-json\/wp\/v2\/product_cat?post=24078"},{"taxonomy":"product_tag","embeddable":true,"href":"https:\/\/comprasyconsejos.store\/en\/wp-json\/wp\/v2\/product_tag?post=24078"}],"curies":[{"name":"wp","href":"https:\/\/api.w.org\/{rel}","templated":true}]}}