{"id":24088,"date":"2026-02-19T04:22:04","date_gmt":"2026-02-19T04:22:04","guid":{"rendered":"https:\/\/comprasyconsejos.store\/product\/esr-case-set-for-iphone-15-pro-max-1-tempered-glass-screen-protector-1-set-lens-protectors-military-protection-magsafe-case-resistant-yellowing-and-scratches-transparent\/"},"modified":"2026-02-19T04:22:11","modified_gmt":"2026-02-19T04:22:11","slug":"esr-case-set-for-iphone-15-pro-max-1-tempered-glass-screen-protector-1-set-lens-protectors-military-protection-magsafe-case-resistant-yellowing-and-scratches-transparent","status":"publish","type":"product","link":"https:\/\/comprasyconsejos.store\/en\/product\/esr-case-set-for-iphone-15-pro-max-1-tempered-glass-screen-protector-1-set-lens-protectors-military-protection-magsafe-case-resistant-yellowing-and-scratches-transparent\/","title":{"rendered":"ESR Case Set for iPhone 15 Pro Max, 1 Tempered Glass Screen Protector, 1 Set Lens Protectors, Military Protection, MagSafe Case Resistant Yellowing and Scratches, Transparent"},"content":{"rendered":"<p>Price: <span style=\"color:#b12704\">\u20ac8.99<\/span><br \/><i><small>(as of Feb 19, 2026 04:22:05 UTC &#8211; <span class=\"wp_automatic_amazon_disclaimer\" title=\"Product prices and availability are accurate as of the date\/time indicated and are subject to change. Any price and availability information displayed on [relevant Amazon Site(s), as applicable] at the time of purchase will apply to the purchase of this product.\">Details<\/span>)<\/small><\/i><\/p>\n<p><a href=\"https:\/\/amazon.es\/dp\/B0CC1DTXKQ?tag=man008-21\"><img decoding=\"async\" src=\"https:\/\/valvepress.s3.amazonaws.com\/imgs\/buy_now.png\"><\/a><br \/>\n<\/p>\n<p>                                             Product Description   <\/p>\n<p>The video showcases the product in use.The video guides you through product setup.The video compares multiple products.The video shows the product being unpacked.<\/p>\n<p>                                                                                                       <img decoding=\"async\" alt=\"funda\" src=\"https:\/\/images-na.ssl-images-amazon.com\/images\/G\/01\/x-locale\/common\/grey-pixel.gif\" class=\"a-lazy-loaded\" data-src=\"https:\/\/m.media-amazon.com\/images\/S\/aplus-media-library-service-media\/41138df2-122d-4b57-a6fb-3c0337f3751e.__CR0,0,1464,600_PT0_SX1464_V1___.jpg\"><img decoding=\"async\" alt=\"funda\" src=\"https:\/\/m.media-amazon.com\/images\/S\/aplus-media-library-service-media\/41138df2-122d-4b57-a6fb-3c0337f3751e.__CR0,0,1464,600_PT0_SX1464_V1___.jpg\">                                                 Bloqueo magn\u00e9tico m\u00e1s fuerte                                             Fuerte sujeci\u00f3n                                        <\/p>\n<p class=\"aplus-p2 aplus-module-2-description\"> Los potentes imanes integrados con una fuerza de sujeci\u00f3n de 1500g permiten un bloqueo magn\u00e9tico m\u00e1s fuerte con cargadores y accesorios estilo MagSafe que tu tel\u00e9fono sin funda o que las fundas Compatible con MagSafe oficiales. <\/p>\n<p>                                                                                                       <img decoding=\"async\" alt=\"15\" src=\"https:\/\/images-na.ssl-images-amazon.com\/images\/G\/01\/x-locale\/common\/grey-pixel.gif\" class=\"a-lazy-loaded\" data-src=\"https:\/\/m.media-amazon.com\/images\/S\/aplus-media-library-service-media\/231573b2-e0cd-4308-a4ab-2f709470484a.__CR0,0,1464,600_PT0_SX1464_V1___.jpg\"><img decoding=\"async\" alt=\"15\" src=\"https:\/\/m.media-amazon.com\/images\/S\/aplus-media-library-service-media\/231573b2-e0cd-4308-a4ab-2f709470484a.__CR0,0,1464,600_PT0_SX1464_V1___.jpg\">                                                 Accesorios MagSafe                                             Mezcla y combina MagSafe                                        <\/p>\n<p class=\"aplus-p2 aplus-module-2-description\"> El anillo magn\u00e9tico integrado en la funda permite colocar cargadores, bater\u00edas inal\u00e1mbricas, carteras, soportes y m\u00e1s. Optimiza tu transporte diario de art\u00edculos en un sistema todo en uno poderosamente conveniente. <\/p>\n<p>                                                                                                       <img decoding=\"async\" alt=\"1\" src=\"https:\/\/images-na.ssl-images-amazon.com\/images\/G\/01\/x-locale\/common\/grey-pixel.gif\" class=\"a-lazy-loaded\" data-src=\"https:\/\/m.media-amazon.com\/images\/S\/aplus-media-library-service-media\/9eef6754-2128-4191-a979-145632a1e671.__CR0,0,1464,600_PT0_SX1464_V1___.jpg\"><img decoding=\"async\" alt=\"1\" src=\"https:\/\/m.media-amazon.com\/images\/S\/aplus-media-library-service-media\/9eef6754-2128-4191-a979-145632a1e671.__CR0,0,1464,600_PT0_SX1464_V1___.jpg\">                                                 Protecci\u00f3n de grado militar                                             Fortifica tu tel\u00e9fono                                        <\/p>\n<p class=\"aplus-p2 aplus-module-2-description\"> Reforzado con esquinas que absorben los impactos para brindar una resistente protecci\u00f3n por pruebas contra todo tipo de ca\u00eddas y golpes. Consigue la seguridad que necesitas para el d\u00eda a d\u00eda. <\/p>\n<p>                                                                                                              <img decoding=\"async\" alt=\"15\" src=\"https:\/\/m.media-amazon.com\/images\/S\/aplus-media-library-service-media\/eeacc61e-53e7-4d12-808d-cd288a235457.__CR0,0,1464,600_PT0_SX1464_V1___.jpg\">                                                      <img decoding=\"async\" alt=\"15\" src=\"https:\/\/m.media-amazon.com\/images\/S\/aplus-media-library-service-media\/efcf8ace-d70c-463b-b176-4919b864f749.__CR0,0,1464,600_PT0_SX1464_V1___.jpg\">                                                      <\/p>\n<p class=\"aplus-p3\"> Trasera Acr\u00edlico <\/p>\n<p>                                             Transparencia duradera                                       <\/p>\n<p class=\"description aplus-p1\"> La parte trasera r\u00edgida y resistente a ara\u00f1azos nunca amarillea, aspecto impecable para tu iPhone. <\/p>\n<p>                            1 Protecci\u00f3n bordes elevado <\/p>\n<p>                            2 Trasera Acr\u00edlico <\/p>\n<p>                                                                                                              <img decoding=\"async\" alt=\"15\" src=\"https:\/\/m.media-amazon.com\/images\/S\/aplus-media-library-service-media\/a832f90f-8213-4f0e-9868-2665d6dfe270.__CR0,0,1464,600_PT0_SX1464_V1___.jpg\">                                                      <\/p>\n<p class=\"aplus-p3\"> Mantente original <\/p>\n<p>                                             Estilo elegante                                       <\/p>\n<p class=\"description aplus-p1\"> Obt\u00e9n la protecci\u00f3n que necesitas mientras disfrutas del elegante dise\u00f1o de tu iPhone. <\/p>\n<p>                                                      <img decoding=\"async\" alt=\"15\" src=\"https:\/\/m.media-amazon.com\/images\/S\/aplus-media-library-service-media\/839e9d37-6836-4dd2-ab79-fd5c7cd7b798.__CR0,0,1464,600_PT0_SX1464_V1___.jpg\">                                                      <\/p>\n<p class=\"aplus-p3\"> Recortes a medida <\/p>\n<p>                                             Acceso total                                       <\/p>\n<p class=\"description aplus-p1\"> Recortes a medida y botones f\u00e1ciles de presionar para una funcionalidad completa. <\/p>\n<p>                            1 Mantente original <\/p>\n<p>                            2 Recortes a medida <\/p>\n<h3 class=\"a-text-center aplus-h1 a-text-bold\"> Level Up Your iPhone                    <\/h3>\n<p>                         Add To Basket  <\/p>\n<p>                         Add To Basket  <\/p>\n<p>                         Add To Basket  <\/p>\n<p>                         Add To Basket  <\/p>\n<p>                         Add To Basket  <\/p>\n<p>                         Add To Basket  <\/p>\n<p>                                     Customer Reviews  <\/p>\n<p>                    4.6 out of 5 stars  20,799  <\/p>\n<p>                    4.4 out of 5 stars  14,310  <\/p>\n<p>                    4.6 out of 5 stars  158,096  <\/p>\n<p>                    4.4 out of 5 stars  2,603  <\/p>\n<p>                    4.5 out of 5 stars  12,673  <\/p>\n<p>                \u2014                                     <\/p>\n<p>                    4.6 out of 5 stars  800  <\/p>\n<p>                                     Price  <\/p>\n<p>                                                        \u20ac8.99\u20ac8.99     <\/p>\n<p>                                                        \u20ac20.99\u20ac20.99     <\/p>\n<p>                                                        \u20ac10.28\u20ac10.28     <\/p>\n<p>                                                        \u20ac9.99\u20ac9.99     <\/p>\n<p>                                                        \u20ac26.99\u20ac26.99     <\/p>\n<p>                                                        \u2014    <\/p>\n<p>                                                        \u20ac45.99\u20ac45.99     <\/p>\n<p>                                     Tipo de producto  <\/p>\n<p>                                                Set Funda h\u00edbrida    <\/p>\n<p>                                                Funda h\u00edbrida + Stash Stand    <\/p>\n<p>                                                Funda h\u00edbrida    <\/p>\n<p>                                                Protector pantalla    <\/p>\n<p>                                                Cartera magn\u00e9tica con soporte    <\/p>\n<p>                                                mini Bater\u00eda Inal\u00e1mbrica    <\/p>\n<p>                                                Cargador magn\u00e9tico    <\/p>\n<p>                                     Compatibilidad  <\/p>\n<p>                                                 iPhone 15 Pro Max    <\/p>\n<p>                                                 iPhone 15 Pro Max    <\/p>\n<p>                                                 iPhone 15 Pro Max    <\/p>\n<p>                                                 iPhone 15 Pro Max    <\/p>\n<p>                                                iPhone Serie 15\/14\/13\/12    <\/p>\n<p>                                                iPhone Serie 15\/14\/13\/12    <\/p>\n<p>                                                iPhone Serie 15\/14\/13\/12    <\/p>\n<p>                                     Carga inal\u00e1mbrica  <\/p>\n<p>                                                MagSafe    <\/p>\n<p>                                                MagSafe    <\/p>\n<p>                                                MagSafe    <\/p>\n<p>                                                N\/A    <\/p>\n<p>                                                MagSafe    <\/p>\n<p>                                                MagSafe    <\/p>\n<p>                                                MagSafe    <\/p>\n<p>                                     Fuerza magn\u00e9tica  <\/p>\n<p>                                                1500 gf    <\/p>\n<p>                                                1500 gf    <\/p>\n<p>                                                1500 gf    <\/p>\n<p>                                                N\/A    <\/p>\n<p>                                                1200 gf    <\/p>\n<p>                                                1000 gf    <\/p>\n<p>                                                1000 gf    <\/p>\n<p>                                     Caracter\u00edstica principal  <\/p>\n<p>                                                Fuerte bloqueo MagSafe    <\/p>\n<p>                                                Fuerte bloqueo MagSafe    <\/p>\n<p>                                                Fuerte bloqueo MagSafe    <\/p>\n<p>                                                Resistencia  impactos de 50 Kg    <\/p>\n<p>                                                Fuerte bloqueo magn\u00e9tico    <\/p>\n<p>                                                Mejora a MagSafe    <\/p>\n<p>                                                Cargador extra\u00edble para Watch    <\/p>\n<p>                                     Otras caracter\u00edsticas  <\/p>\n<p>                                                Protecci\u00f3n todo en uno    <\/p>\n<p>                                                Esquinas Ai Guardsoporte lente    <\/p>\n<p>                                                Esquinas Air Guard    <\/p>\n<p>                                                Bordes microcurvos    <\/p>\n<p>                                                Soporte totalmente ajustable    <\/p>\n<p>                                                \/    <\/p>\n<p>                                                Cargador Watch extra\u00edble    <\/p>\n<p>                                     Material  <\/p>\n<p>                                                Acr\u00edlico, TPU, PC    <\/p>\n<p>                                                Acr\u00edlico,TPU, aleaci\u00f3n de zinc    <\/p>\n<p>                                                Acr\u00edlico, TPU, PC    <\/p>\n<p>                                                Cristal ultratemplado    <\/p>\n<p>                                                Cuero vegano, PC, ABS&#8230;    <\/p>\n<p>                                                Kickstand de aleaci\u00f3n    <\/p>\n<p>                                                PC, ABS, aleaci\u00f3n de aluminio    <\/p>\n<p>                                     Colores  <\/p>\n<p>                                                Transparente    <\/p>\n<p>                                                3 (Transp\/Negro transp\/\u2026)    <\/p>\n<p>                                                4 (Transp\/Negro transp\/\u2026)    <\/p>\n<p>                                                Transp + Borde negro    <\/p>\n<p>                                                Negro    <\/p>\n<p>                                                Negro    <\/p>\n<p>                                                Transparente    <\/p>\n<p> Product Dimensions                                            \u200f                                            :                                            \u200e                                            1 x 1 x 1 cm; 50 g   <br \/> Date First Available                                            \u200f                                            :                                            \u200e                                            24 July 2023   <br \/> Manufacturer                                            \u200f                                            :                                            \u200e                                            ESR   <br \/> ASIN                                            \u200f                                            :                                            \u200e                                            B0CC1DTXKQ   <br \/> Item model number                                            \u200f                                            :                                            \u200e                                            1   <br \/> Country of origin                                            \u200f                                            :                                            \u200e                                            China   <br \/>       Best Sellers Rank:  85 in Mobile Phone Case &#038; Cover Bundles       <br \/>  Customer reviews:                                                                                            4.6               4.6 out of 5 stars                                  (20,799)                                              var dpAcrHasRegisteredArcLinkClickAction;                    P.when(&#8216;A&#8217;, &#8216;ready&#8217;).execute(function(A) {                        if (dpAcrHasRegisteredArcLinkClickAction !== true) {                            dpAcrHasRegisteredArcLinkClickAction = true;                            A.declarative(                                &#8216;acrLink-click-metrics&#8217;, &#8216;click&#8217;,                                { \u00aballowLinkDefault\u00bb: true },                                function (event) {                                    if (window.ue) {                                        ue.count(\u00abacrLinkClickCount\u00bb, (ue.count(\u00abacrLinkClickCount\u00bb) || 0) + 1);                                    }                                }                            );                        }                    });                                             P.when(&#8216;A&#8217;, &#8216;cf&#8217;).execute(function(A) {                A.declarative(&#8216;acrStarsLink-click-metrics&#8217;, &#8216;click&#8217;, { \u00aballowLinkDefault\u00bb : true },  function(event){                    if(window.ue) {                        ue.count(\u00abacrStarsLinkWithPopoverClickCount\u00bb, (ue.count(\u00abacrStarsLinkWithPopoverClickCount\u00bb) || 0) + 1);                    }                });            });                          <\/p>\n<p>Compatibility: Only for iPhone 15 Pro Max; Includes 1 x Tempered Glass Screen Protector and 1 x Set of Individual Camera Lens Protectors specifically designed for iPhone 15 Pro<br \/>STRONGER MAGNETIC LOCK &#8211; Powerful built-in magnets with 1500g of holding force allow for faster, simpler wireless charging and secure locking with any MagSafe accessory<br \/>MILITARY GRADE DROP PROTECTION &#8211; Rigorously tested to ensure total protection on all sides, with specially designed shock-absorbing Air Guard corners so your phone doesn&#8217;t have to.<br \/>PROTECTION WITH RAISED EDGES &#8211; Raised screen edges and Camera Guard protective frame for lenses provide enhanced scratch protection where it really matters<br \/>STAY ORIGINAL &#8211; Crystal clear, scratch-resistant acrylic back allows to showcase your iPhone 15 Pro Max&#8217;s true style with amazingly durable transparency<\/p>\n\n","protected":false},"excerpt":{"rendered":"<p> Product Description The video showcases the product in use.The video guides you through product setup.The<\/p>","protected":false},"featured_media":24089,"comment_status":"open","ping_status":"closed","template":"","meta":[],"product_brand":[],"product_cat":[74],"product_tag":[1370,1364,1371,994,1367,7130,1363,1677,147,2160,234,164,1365,3057,1369,1362,163,882,1021,7131,1765,1366,4189,842,1265,1676,1368,5070,7132],"class_list":{"0":"post-24088","1":"product","2":"type-product","3":"status-publish","4":"has-post-thumbnail","6":"product_cat-cases","7":"product_tag-airflow-pc-case","8":"product_tag-atx-case","9":"product_tag-best-pc-case","10":"product_tag-case","11":"product_tag-computer-cabinet","12":"product_tag-esr","13":"product_tag-gaming-pc-case","14":"product_tag-glass","15":"product_tag-iphone","16":"product_tag-lens","17":"product_tag-magsafe","18":"product_tag-max","19":"product_tag-mid-tower-case","20":"product_tag-military","21":"product_tag-mini-itx-case","22":"product_tag-pc-case","23":"product_tag-pro","24":"product_tag-protection","25":"product_tag-protector","26":"product_tag-protectors","27":"product_tag-resistant","28":"product_tag-rgb-pc-case","29":"product_tag-scratches","30":"product_tag-screen","31":"product_tag-set","32":"product_tag-tempered","33":"product_tag-tempered-glass-case","34":"product_tag-transparent","35":"product_tag-yellowing","37":"first","38":"instock","39":"shipping-taxable","40":"product-type-external"},"_links":{"self":[{"href":"https:\/\/comprasyconsejos.store\/en\/wp-json\/wp\/v2\/product\/24088","targetHints":{"allow":["GET"]}}],"collection":[{"href":"https:\/\/comprasyconsejos.store\/en\/wp-json\/wp\/v2\/product"}],"about":[{"href":"https:\/\/comprasyconsejos.store\/en\/wp-json\/wp\/v2\/types\/product"}],"replies":[{"embeddable":true,"href":"https:\/\/comprasyconsejos.store\/en\/wp-json\/wp\/v2\/comments?post=24088"}],"version-history":[{"count":0,"href":"https:\/\/comprasyconsejos.store\/en\/wp-json\/wp\/v2\/product\/24088\/revisions"}],"wp:featuredmedia":[{"embeddable":true,"href":"https:\/\/comprasyconsejos.store\/en\/wp-json\/wp\/v2\/media\/24089"}],"wp:attachment":[{"href":"https:\/\/comprasyconsejos.store\/en\/wp-json\/wp\/v2\/media?parent=24088"}],"wp:term":[{"taxonomy":"product_brand","embeddable":true,"href":"https:\/\/comprasyconsejos.store\/en\/wp-json\/wp\/v2\/product_brand?post=24088"},{"taxonomy":"product_cat","embeddable":true,"href":"https:\/\/comprasyconsejos.store\/en\/wp-json\/wp\/v2\/product_cat?post=24088"},{"taxonomy":"product_tag","embeddable":true,"href":"https:\/\/comprasyconsejos.store\/en\/wp-json\/wp\/v2\/product_tag?post=24088"}],"curies":[{"name":"wp","href":"https:\/\/api.w.org\/{rel}","templated":true}]}}