{"id":24108,"date":"2026-02-19T04:38:25","date_gmt":"2026-02-19T04:38:25","guid":{"rendered":"https:\/\/comprasyconsejos.store\/product\/jbl-tune-530-bt-auriculares-supraaurales-inalambricos-con-bluetooth-6-0-76-horas-de-reproduccion-con-jbl-pure-bass-plegables-google-fast-pair-microsoft-swift-pair-blanco\/"},"modified":"2026-02-19T04:38:27","modified_gmt":"2026-02-19T04:38:27","slug":"jbl-tune-530-bt-auriculares-supraaurales-inalambricos-con-bluetooth-6-0-76-horas-de-reproduccion-con-jbl-pure-bass-plegables-google-fast-pair-microsoft-swift-pair-blanco","status":"publish","type":"product","link":"https:\/\/comprasyconsejos.store\/en\/product\/jbl-tune-530-bt-auriculares-supraaurales-inalambricos-con-bluetooth-6-0-76-horas-de-reproduccion-con-jbl-pure-bass-plegables-google-fast-pair-microsoft-swift-pair-blanco\/","title":{"rendered":"JBL Tune 530 BT, Auriculares supraaurales in\u00e1lambricos con Bluetooth 6.0, 76 Horas de reproducci\u00f3n con JBL Pure Bass, Plegables, Google Fast Pair, Microsoft Swift Pair, Blanco"},"content":{"rendered":"<p>Price: <span style=\"color:#b12704\">\u20ac59.99<\/span><br \/><i><small>(as of Feb 19, 2026 04:38:25 UTC &#8211; <span class=\"wp_automatic_amazon_disclaimer\" title=\"Product prices and availability are accurate as of the date\/time indicated and are subject to change. Any price and availability information displayed on [relevant Amazon Site(s), as applicable] at the time of purchase will apply to the purchase of this product.\">Details<\/span>)<\/small><\/i><\/p>\n<p><a href=\"https:\/\/amazon.es\/dp\/B0FSHD9SN4?tag=man008-21\"><img decoding=\"async\" src=\"https:\/\/valvepress.s3.amazonaws.com\/imgs\/buy_now.png\"><\/a><br \/>\n<\/p>\n<p>                                             From the manufacturer   <\/p>\n<p>                                                                                                       <img decoding=\"async\" alt=\"aplus content image\" src=\"https:\/\/images-na.ssl-images-amazon.com\/images\/G\/01\/x-locale\/common\/grey-pixel.gif\" class=\"a-lazy-loaded\" data-src=\"https:\/\/m.media-amazon.com\/images\/S\/aplus-media-library-service-media\/ca9f1e2f-bbcf-4b6d-b49c-ae7e1da122c1.__CR0,0,1464,600_PT0_SX1464_V1___.png\"><img decoding=\"async\" alt=\"aplus content image\" src=\"https:\/\/m.media-amazon.com\/images\/S\/aplus-media-library-service-media\/ca9f1e2f-bbcf-4b6d-b49c-ae7e1da122c1.__CR0,0,1464,600_PT0_SX1464_V1___.png\">                                               <\/p>\n<p>                                                                                                       <img decoding=\"async\" alt=\"El texto dice \u00abSONIDO DE ALTA CALIDAD Y ESTILO\u00bb. Imagen de primer plano que muestra parte de un dispositivo de audio sobre un fondo azul degradado.\" src=\"https:\/\/images-na.ssl-images-amazon.com\/images\/G\/01\/x-locale\/common\/grey-pixel.gif\" class=\"a-lazy-loaded\" data-src=\"https:\/\/m.media-amazon.com\/images\/S\/aplus-media-library-service-media\/d2b42a8d-0a1c-4b76-9d2c-d82c90f5a43a.__CR0,0,1464,600_PT0_SX1464_V1___.png\"><img decoding=\"async\" alt=\"El texto dice \u00abSONIDO DE ALTA CALIDAD Y ESTILO\u00bb. Imagen de primer plano que muestra parte de un dispositivo de audio sobre un fondo azul degradado.\" src=\"https:\/\/m.media-amazon.com\/images\/S\/aplus-media-library-service-media\/d2b42a8d-0a1c-4b76-9d2c-d82c90f5a43a.__CR0,0,1464,600_PT0_SX1464_V1___.png\">                                               <\/p>\n<p>                                                                                  <img decoding=\"async\" alt=\"aplus content image\" src=\"https:\/\/m.media-amazon.com\/images\/S\/aplus-media-library-service-media\/203faf0e-80ab-43ab-a75b-9ed5143bfe9b.__CR0,0,1464,600_PT0_SX1464_V1___.png\">       <\/p>\n<p>                                                                                  <img decoding=\"async\" alt=\"aplus content image\" src=\"https:\/\/m.media-amazon.com\/images\/S\/aplus-media-library-service-media\/9068d434-2a69-477d-9482-51f5499c4c4e.__CR0,0,1464,600_PT0_SX1464_V1___.png\">       <\/p>\n<p>                                                                                  <img decoding=\"async\" alt=\"aplus content image\" src=\"https:\/\/m.media-amazon.com\/images\/S\/aplus-media-library-service-media\/342da00e-a112-4c60-881f-6415701733cf.__CR0,0,1464,600_PT0_SX1464_V1___.png\">       <\/p>\n<p>                                                                                  <img decoding=\"async\" alt=\"aplus content image\" src=\"https:\/\/m.media-amazon.com\/images\/S\/aplus-media-library-service-media\/87c73a83-5b03-4c38-ba6b-a08452689297.__CR0,0,1464,600_PT0_SX1464_V1___.png\">       <\/p>\n<p>                                                                                  <img decoding=\"async\" alt=\"aplus content image\" src=\"https:\/\/m.media-amazon.com\/images\/S\/aplus-media-library-service-media\/2468cf23-b308-4270-84f5-6c939767ec33.__CR0,0,1464,600_PT0_SX1464_V1___.png\">       <\/p>\n<p>                                                                                                       <img decoding=\"async\" alt=\"aplus content image\" src=\"https:\/\/images-na.ssl-images-amazon.com\/images\/G\/01\/x-locale\/common\/grey-pixel.gif\" class=\"a-lazy-loaded\" data-src=\"https:\/\/m.media-amazon.com\/images\/S\/aplus-media-library-service-media\/8b95762e-0eb3-4265-8765-a40e5d4608ed.__CR0,0,1464,600_PT0_SX1464_V1___.png\"><img decoding=\"async\" alt=\"aplus content image\" src=\"https:\/\/m.media-amazon.com\/images\/S\/aplus-media-library-service-media\/8b95762e-0eb3-4265-8765-a40e5d4608ed.__CR0,0,1464,600_PT0_SX1464_V1___.png\">                                               <\/p>\n<p>                                                                                                       <img decoding=\"async\" alt=\"El texto dice \u00abPERSONALIZA TU BANDA\u00bb y \u00abAPLICACI\u00d3N DE AURICULARES\u00bb. Im\u00e1genes de marketing que muestran bandas de auriculares personalizables.\" src=\"https:\/\/images-na.ssl-images-amazon.com\/images\/G\/01\/x-locale\/common\/grey-pixel.gif\" class=\"a-lazy-loaded\" data-src=\"https:\/\/m.media-amazon.com\/images\/S\/aplus-media-library-service-media\/3b118821-b2e6-4357-99b1-958326d72e5f.__CR0,0,1464,600_PT0_SX1464_V1___.png\"><img decoding=\"async\" alt=\"El texto dice \u00abPERSONALIZA TU BANDA\u00bb y \u00abAPLICACI\u00d3N DE AURICULARES\u00bb. Im\u00e1genes de marketing que muestran bandas de auriculares personalizables.\" src=\"https:\/\/m.media-amazon.com\/images\/S\/aplus-media-library-service-media\/3b118821-b2e6-4357-99b1-958326d72e5f.__CR0,0,1464,600_PT0_SX1464_V1___.png\">                                               <\/p>\n<h3 class=\"a-text-center aplus-heading aplus-h1 a-text-bold\"> Descubre toda la gama <\/h3>\n<p class=\"aplus-p3 a-text-bold\"> Bluetooth <\/p>\n<p class=\"aplus-p3\"> Bluetooth 6.0 <\/p>\n<p class=\"aplus-p3 a-text-bold\"> Bluetooth <\/p>\n<p class=\"aplus-p3\"> Bluetooth 5.3 <\/p>\n<p class=\"aplus-p3 a-text-bold\"> Bluetooth <\/p>\n<p class=\"aplus-p3\"> Bluetooth 6.0 <\/p>\n<p class=\"aplus-p3 a-text-bold\"> Autonom\u00eda <\/p>\n<p class=\"aplus-p3\"> Hasta 76 horas <\/p>\n<p class=\"aplus-p3 a-text-bold\"> Autonom\u00eda <\/p>\n<p class=\"aplus-p3\"> Hasta 57 horas <\/p>\n<p class=\"aplus-p3 a-text-bold\"> Autonom\u00eda <\/p>\n<p class=\"aplus-p3\"> Hasta 76 horas <\/p>\n<p class=\"aplus-p3 a-text-bold\"> Cancelaci\u00f3n de ruido <\/p>\n<p class=\"aplus-p3\"> No <\/p>\n<p class=\"aplus-p3 a-text-bold\"> Cancelaci\u00f3n de ruido <\/p>\n<p class=\"aplus-p3 a-text-bold\"> Cancelaci\u00f3n de ruido <\/p>\n<p class=\"aplus-p3\"> Si <\/p>\n<p class=\"aplus-p3 a-text-bold\"> Conexi\u00f3n multipunto <\/p>\n<p class=\"aplus-p3\"> Si <\/p>\n<p class=\"aplus-p3 a-text-bold\"> Conexi\u00f3n multipunto <\/p>\n<p class=\"aplus-p3\"> Si <\/p>\n<p class=\"aplus-p3 a-text-bold\"> Conexi\u00f3n multipunto <\/p>\n<p class=\"aplus-p3\"> Si <\/p>\n<p class=\"aplus-p3 a-text-bold\"> Google Fast Pair <\/p>\n<p class=\"aplus-p3\"> Si <\/p>\n<p class=\"aplus-p3 a-text-bold\"> Google Fast Pair <\/p>\n<p class=\"aplus-p3\"> No <\/p>\n<p class=\"aplus-p3 a-text-bold\"> Google Fast Pair <\/p>\n<p class=\"aplus-p3\"> Si <\/p>\n<p> Batteries                                            \u200f                                            :                                            \u200e                                            1 12V batteries required. (included)   <br \/> Product Dimensions                                            \u200f                                            :                                            \u200e                                            20.5 x 4.8 x 22.3 cm; 154.22 g   <br \/> Manufacturer                                            \u200f                                            :                                            \u200e                                            JBL   <br \/> ASIN                                            \u200f                                            :                                            \u200e                                            B0FSHD9SN4   <br \/> Item model number                                            \u200f                                            :                                            \u200e                                            JBLT530BTWHTEU   <br \/> Country\/Region of Origin                                            \u200f                                            :                                            \u200e                                            China   <br \/> Guaranteed software updates until                                            \u200f                                            :                                            \u200e                                            unknown   <br \/>  Customer reviews:                                                                                            4.4               4.4 out of 5 stars                                  (219)                                              var dpAcrHasRegisteredArcLinkClickAction;                    P.when(&#8216;A&#8217;, &#8216;ready&#8217;).execute(function(A) {                        if (dpAcrHasRegisteredArcLinkClickAction !== true) {                            dpAcrHasRegisteredArcLinkClickAction = true;                            A.declarative(                                &#8216;acrLink-click-metrics&#8217;, &#8216;click&#8217;,                                { \u00aballowLinkDefault\u00bb: true },                                function (event) {                                    if (window.ue) {                                        ue.count(\u00abacrLinkClickCount\u00bb, (ue.count(\u00abacrLinkClickCount\u00bb) || 0) + 1);                                    }                                }                            );                        }                    });                                             P.when(&#8216;A&#8217;, &#8216;cf&#8217;).execute(function(A) {                A.declarative(&#8216;acrStarsLink-click-metrics&#8217;, &#8216;click&#8217;, { \u00aballowLinkDefault\u00bb : true },  function(event){                    if(window.ue) {                        ue.count(\u00abacrStarsLinkWithPopoverClickCount\u00bb, (ue.count(\u00abacrStarsLinkWithPopoverClickCount\u00bb) || 0) + 1);                    }                });            });                          <\/p>\n<p>Sonido de alta calidad y graves potentes: los auriculares Tune 530 BT con Bluetooth 6.0 inal\u00e1mbrico ofrecen el potente sonido JBL Pure Bass que puedes escuchar en las discotecas m\u00e1s famosas del mundo<br \/>Diversi\u00f3n duradera JBL: escucha de forma inal\u00e1mbrica hasta 76 horas y recarga la bater\u00eda en tan solo 2 horas, o rec\u00e1rgala tan solo 5 minutos para 3 horas adicionales de m\u00fasica<br \/>Dise\u00f1o ligero, c\u00f3modo y plegable: los materiales ligeros y las suaves almohadillas hacen que los auriculares sean c\u00f3modos de llevar y podr\u00e1s llevarlos durante todo el tiempo que necesites<br \/>Sonido personalizado: usa la aplicaci\u00f3n JBL Headphones para seleccionar una EQ a tu medida, el idioma de los mensajes de voz y recibe avisos cuando la bater\u00eda est\u00e9 baja<br \/>Contenido de env\u00edo: 1x JBL Auriculares Tune 530 BT, con Bluetooth, dise\u00f1o plegable, 1x Cable de carga USB-C, 1x Advertencia, 1 x QSG<\/p>\n\n","protected":false},"excerpt":{"rendered":"<p> From the manufacturer Descubre toda la gama Bluetooth Bluetooth 6.0 Bluetooth Bluetooth 5.3 Bluetooth Bluetooth<\/p>","protected":false},"featured_media":24109,"comment_status":"open","ping_status":"closed","template":"","meta":[],"product_brand":[],"product_cat":[48],"product_tag":[5580,930,720,5121,726,714,3994,137,712,254,711,717,7136,4211,5053,825,715,719,3500,716,7138,2568,7137,718,7135,894,5054,713],"class_list":{"0":"post-24108","1":"product","2":"type-product","3":"status-publish","4":"has-post-thumbnail","6":"product_cat-headsets","7":"product_tag-auriculares","8":"product_tag-bass","9":"product_tag-best-headset","10":"product_tag-blanco","11":"product_tag-bluetooth","12":"product_tag-bluetooth-headset","13":"product_tag-con","14":"product_tag-fast","15":"product_tag-gaming-headset","16":"product_tag-google","17":"product_tag-headset","18":"product_tag-headset-with-mic","19":"product_tag-horas","20":"product_tag-inalambricos","21":"product_tag-jbl","22":"product_tag-microsoft","23":"product_tag-noise-cancelling-headset","24":"product_tag-over-ear-headset","25":"product_tag-pair","26":"product_tag-pc-headset","27":"product_tag-plegables","28":"product_tag-pure","29":"product_tag-reproduccion","30":"product_tag-rgb-gaming-headset","31":"product_tag-supraaurales","32":"product_tag-swift","33":"product_tag-tune","34":"product_tag-wireless-headset","36":"first","37":"instock","38":"shipping-taxable","39":"product-type-external"},"_links":{"self":[{"href":"https:\/\/comprasyconsejos.store\/en\/wp-json\/wp\/v2\/product\/24108","targetHints":{"allow":["GET"]}}],"collection":[{"href":"https:\/\/comprasyconsejos.store\/en\/wp-json\/wp\/v2\/product"}],"about":[{"href":"https:\/\/comprasyconsejos.store\/en\/wp-json\/wp\/v2\/types\/product"}],"replies":[{"embeddable":true,"href":"https:\/\/comprasyconsejos.store\/en\/wp-json\/wp\/v2\/comments?post=24108"}],"version-history":[{"count":0,"href":"https:\/\/comprasyconsejos.store\/en\/wp-json\/wp\/v2\/product\/24108\/revisions"}],"wp:featuredmedia":[{"embeddable":true,"href":"https:\/\/comprasyconsejos.store\/en\/wp-json\/wp\/v2\/media\/24109"}],"wp:attachment":[{"href":"https:\/\/comprasyconsejos.store\/en\/wp-json\/wp\/v2\/media?parent=24108"}],"wp:term":[{"taxonomy":"product_brand","embeddable":true,"href":"https:\/\/comprasyconsejos.store\/en\/wp-json\/wp\/v2\/product_brand?post=24108"},{"taxonomy":"product_cat","embeddable":true,"href":"https:\/\/comprasyconsejos.store\/en\/wp-json\/wp\/v2\/product_cat?post=24108"},{"taxonomy":"product_tag","embeddable":true,"href":"https:\/\/comprasyconsejos.store\/en\/wp-json\/wp\/v2\/product_tag?post=24108"}],"curies":[{"name":"wp","href":"https:\/\/api.w.org\/{rel}","templated":true}]}}