{"id":24155,"date":"2026-02-19T05:04:14","date_gmt":"2026-02-19T05:04:14","guid":{"rendered":"https:\/\/comprasyconsejos.store\/product\/2025-dernier-10-pouces-tablette-android-15-avec-5g-wi-fi-620-go-ram128-go-rom-1to-tfocta-core-tablette-tactile-pcgmswidevine-l16000mah8-mp5-mpavec-claviersouris-et-casviolet\/"},"modified":"2026-02-19T05:04:22","modified_gmt":"2026-02-19T05:04:22","slug":"2025-dernier-10-pouces-tablette-android-15-avec-5g-wi-fi-620-go-ram128-go-rom-1to-tfocta-core-tablette-tactile-pcgmswidevine-l16000mah8-mp5-mpavec-claviersouris-et-casviolet","status":"publish","type":"product","link":"https:\/\/comprasyconsejos.store\/en\/product\/2025-dernier-10-pouces-tablette-android-15-avec-5g-wi-fi-620-go-ram128-go-rom-1to-tfocta-core-tablette-tactile-pcgmswidevine-l16000mah8-mp5-mpavec-claviersouris-et-casviolet\/","title":{"rendered":"2025 Dernier 10 Pouces Tablette Android 15 Avec 5G Wi-FI 6,20 GO RAM+128 GO ROM (1To TF),Octa-Core Tablette Tactile PC,GMS,Widevine L1,6000mAh,8 MP+5 MP,Avec Clavier+Souris et CAS,Violet"},"content":{"rendered":"<p>Price: <span style=\"color:#b12704\">\u20ac99.79<\/span><br \/><i><small>(as of Feb 19, 2026 05:04:14 UTC &#8211; <span class=\"wp_automatic_amazon_disclaimer\" title=\"Product prices and availability are accurate as of the date\/time indicated and are subject to change. Any price and availability information displayed on [relevant Amazon Site(s), as applicable] at the time of purchase will apply to the purchase of this product.\">Details<\/span>)<\/small><\/i><\/p>\n<p><a href=\"https:\/\/amazon.es\/dp\/B0FS21HRBB?tag=man008-21\"><img decoding=\"async\" src=\"https:\/\/valvepress.s3.amazonaws.com\/imgs\/buy_now.png\"><\/a><br \/>\n<\/p>\n<p>                                             Product Description   <\/p>\n<p>                                                                             <img decoding=\"async\" alt=\"Serie de im\u00e1genes de productos que muestran los accesorios de tabletas o dispositivos, como el cable de carga, el soporte y las demostraciones de la interfaz.\" src=\"https:\/\/images-na.ssl-images-amazon.com\/images\/G\/01\/x-locale\/common\/grey-pixel.gif\" class=\"a-spacing-base a-lazy-loaded\" data-src=\"https:\/\/m.media-amazon.com\/images\/S\/aplus-media-library-service-media\/1ed2516c-baa3-4bf5-8ee1-6f01442de403.__CR0,0,970,600_PT0_SX970_V1___.jpg\"><img decoding=\"async\" alt=\"Serie de im\u00e1genes de productos que muestran los accesorios de tabletas o dispositivos, como el cable de carga, el soporte y las demostraciones de la interfaz.\" src=\"https:\/\/m.media-amazon.com\/images\/S\/aplus-media-library-service-media\/1ed2516c-baa3-4bf5-8ee1-6f01442de403.__CR0,0,970,600_PT0_SX970_V1___.jpg\">                                                                    <\/p>\n<p>                                                                             <img decoding=\"async\" alt=\"El texto incluye \u00abAndroid 15\u00bb, \u00abGran pantalla 10.1\u00bb, \u00abc\u00e1mara doble de 5 MP o m\u00e1s\u00bb, \u00abWiFi 4G\u00bb y \u00abBluetooth 5.0\u00bb. Capturas de pantalla de la interfaz del dispositivo m\u00f3vil que muestran las especificaciones t\u00e9cnicas.\" src=\"https:\/\/images-na.ssl-images-amazon.com\/images\/G\/01\/x-locale\/common\/grey-pixel.gif\" class=\"a-spacing-base a-lazy-loaded\" data-src=\"https:\/\/m.media-amazon.com\/images\/S\/aplus-media-library-service-media\/6976bfd0-8b97-497e-a4de-bd01607302d9.__CR0,0,970,600_PT0_SX970_V1___.png\"><img decoding=\"async\" alt=\"El texto incluye \u00abAndroid 15\u00bb, \u00abGran pantalla 10.1\u00bb, \u00abc\u00e1mara doble de 5 MP o m\u00e1s\u00bb, \u00abWiFi 4G\u00bb y \u00abBluetooth 5.0\u00bb. Capturas de pantalla de la interfaz del dispositivo m\u00f3vil que muestran las especificaciones t\u00e9cnicas.\" src=\"https:\/\/m.media-amazon.com\/images\/S\/aplus-media-library-service-media\/6976bfd0-8b97-497e-a4de-bd01607302d9.__CR0,0,970,600_PT0_SX970_V1___.png\">                                                                    <\/p>\n<p>                                                                             <img decoding=\"async\" alt=\"El texto dice: \u00abCam\u00e9ra 5MP + 8MP\u00bb y \u00abCam\u00e9ra avant 5MP et cam\u00e9ra arri\u00e8re 8MP avec autofocus Solution pour ne pas manquer le meilleur moments pour vous et pour les autres\u00bb. Se muestra un smartphone morado con funciones de c\u00e1mara y fotos de muestra.\" src=\"https:\/\/images-na.ssl-images-amazon.com\/images\/G\/01\/x-locale\/common\/grey-pixel.gif\" class=\"a-spacing-base a-lazy-loaded\" data-src=\"https:\/\/m.media-amazon.com\/images\/S\/aplus-media-library-service-media\/69ea5c1a-8ef3-4602-871f-5bd549d42720.__CR0,0,970,600_PT0_SX970_V1___.jpg\"><img decoding=\"async\" alt=\"El texto dice: \u00abCam\u00e9ra 5MP + 8MP\u00bb y \u00abCam\u00e9ra avant 5MP et cam\u00e9ra arri\u00e8re 8MP avec autofocus Solution pour ne pas manquer le meilleur moments pour vous et pour les autres\u00bb. Se muestra un smartphone morado con funciones de c\u00e1mara y fotos de muestra.\" src=\"https:\/\/m.media-amazon.com\/images\/S\/aplus-media-library-service-media\/69ea5c1a-8ef3-4602-871f-5bd549d42720.__CR0,0,970,600_PT0_SX970_V1___.jpg\">                                                                    <\/p>\n<p>                                                                             <img decoding=\"async\" alt=\"El texto dice \u00abHuit coeurs T310\u00bb y \u00abPerformance phare\u00bb. Diagrama t\u00e9cnico que muestra el dise\u00f1o del n\u00facleo del procesador con rutas de circuito radiantes.\" src=\"https:\/\/images-na.ssl-images-amazon.com\/images\/G\/01\/x-locale\/common\/grey-pixel.gif\" class=\"a-spacing-base a-lazy-loaded\" data-src=\"https:\/\/m.media-amazon.com\/images\/S\/aplus-media-library-service-media\/669a21d9-0347-48fd-888c-f0136cd5299d.__CR0,0,970,600_PT0_SX970_V1___.jpg\"><img decoding=\"async\" alt=\"El texto dice \u00abHuit coeurs T310\u00bb y \u00abPerformance phare\u00bb. Diagrama t\u00e9cnico que muestra el dise\u00f1o del n\u00facleo del procesador con rutas de circuito radiantes.\" src=\"https:\/\/m.media-amazon.com\/images\/S\/aplus-media-library-service-media\/669a21d9-0347-48fd-888c-f0136cd5299d.__CR0,0,970,600_PT0_SX970_V1___.jpg\">                                                                    <\/p>\n<p>                                                                             <img decoding=\"async\" alt=\"El texto dice \u00abWidevine L1 Streaming en haute d\u00e9finition\u00bb. Captura de pantalla que muestra la interfaz de configuraci\u00f3n de calidad del streaming con texto blanco sobre fondo oscuro.\" src=\"https:\/\/images-na.ssl-images-amazon.com\/images\/G\/01\/x-locale\/common\/grey-pixel.gif\" class=\"a-spacing-base a-lazy-loaded\" data-src=\"https:\/\/m.media-amazon.com\/images\/S\/aplus-media-library-service-media\/c3ce8dbd-c030-4643-abad-8a7876076941.__CR0,0,970,600_PT0_SX970_V1___.jpg\"><img decoding=\"async\" alt=\"El texto dice \u00abWidevine L1 Streaming en haute d\u00e9finition\u00bb. Captura de pantalla que muestra la interfaz de configuraci\u00f3n de calidad del streaming con texto blanco sobre fondo oscuro.\" src=\"https:\/\/m.media-amazon.com\/images\/S\/aplus-media-library-service-media\/c3ce8dbd-c030-4643-abad-8a7876076941.__CR0,0,970,600_PT0_SX970_V1___.jpg\">                                                                    <\/p>\n<p>                                                                             <img decoding=\"async\" alt=\"El texto dice \u00abEcran partag\u00e9 intelligent\u00bb. Maquetas de interfaz digital que muestran la funcionalidad de pantalla dividida en varios dispositivos con descripciones en texto en franc\u00e9s.\" src=\"https:\/\/images-na.ssl-images-amazon.com\/images\/G\/01\/x-locale\/common\/grey-pixel.gif\" class=\"a-spacing-base a-lazy-loaded\" data-src=\"https:\/\/m.media-amazon.com\/images\/S\/aplus-media-library-service-media\/299a17f2-8762-42c8-8cc5-b3219bc9bcff.__CR0,0,970,600_PT0_SX970_V1___.jpg\"><img decoding=\"async\" alt=\"El texto dice \u00abEcran partag\u00e9 intelligent\u00bb. Maquetas de interfaz digital que muestran la funcionalidad de pantalla dividida en varios dispositivos con descripciones en texto en franc\u00e9s.\" src=\"https:\/\/m.media-amazon.com\/images\/S\/aplus-media-library-service-media\/299a17f2-8762-42c8-8cc5-b3219bc9bcff.__CR0,0,970,600_PT0_SX970_V1___.jpg\">                                                                    <\/p>\n<p>                                                                             <img decoding=\"async\" alt=\"El texto dice: \u00abAndroid 15\u00bb. Demostraci\u00f3n de la interfaz del producto que muestra una tableta con paneles de interfaz transparentes superpuestos. A continuaci\u00f3n se muestran cinco iconos que muestran las caracter\u00edsticas del producto.\" src=\"https:\/\/images-na.ssl-images-amazon.com\/images\/G\/01\/x-locale\/common\/grey-pixel.gif\" class=\"a-spacing-base a-lazy-loaded\" data-src=\"https:\/\/m.media-amazon.com\/images\/S\/aplus-media-library-service-media\/263c52e6-e1a6-4a3b-a5aa-77f180b3eb8c.__CR0,0,970,600_PT0_SX970_V1___.jpg\"><img decoding=\"async\" alt=\"El texto dice: \u00abAndroid 15\u00bb. Demostraci\u00f3n de la interfaz del producto que muestra una tableta con paneles de interfaz transparentes superpuestos. A continuaci\u00f3n se muestran cinco iconos que muestran las caracter\u00edsticas del producto.\" src=\"https:\/\/m.media-amazon.com\/images\/S\/aplus-media-library-service-media\/263c52e6-e1a6-4a3b-a5aa-77f180b3eb8c.__CR0,0,970,600_PT0_SX970_V1___.jpg\">                                                                    <\/p>\n<p> Batteries                                            \u200f                                            :                                            \u200e                                            1 A batteries required. (included)   <br \/> Package Dimensions                                            \u200f                                            :                                            \u200e                                            33.29 x 18.3 x 4.2 cm; 500 g   <br \/> Manufacturer                                            \u200f                                            :                                            \u200e                                            fezawio   <br \/> ASIN                                            \u200f                                            :                                            \u200e                                            B0FS21HRBB   <br \/> Item model number                                            \u200f                                            :                                            \u200e                                            fezawio   <br \/> Guaranteed software updates until                                            \u200f                                            :                                            \u200e                                            unknown   <br \/>  Customer reviews:                                                                                            4.0               4.0 out of 5 stars                                  (196)                                              var dpAcrHasRegisteredArcLinkClickAction;                    P.when(&#8216;A&#8217;, &#8216;ready&#8217;).execute(function(A) {                        if (dpAcrHasRegisteredArcLinkClickAction !== true) {                            dpAcrHasRegisteredArcLinkClickAction = true;                            A.declarative(                                &#8216;acrLink-click-metrics&#8217;, &#8216;click&#8217;,                                { \u00aballowLinkDefault\u00bb: true },                                function (event) {                                    if (window.ue) {                                        ue.count(\u00abacrLinkClickCount\u00bb, (ue.count(\u00abacrLinkClickCount\u00bb) || 0) + 1);                                    }                                }                            );                        }                    });                                             P.when(&#8216;A&#8217;, &#8216;cf&#8217;).execute(function(A) {                A.declarative(&#8216;acrStarsLink-click-metrics&#8217;, &#8216;click&#8217;, { \u00aballowLinkDefault\u00bb : true },  function(event){                    if(window.ue) {                        ue.count(\u00abacrStarsLinkWithPopoverClickCount\u00bb, (ue.count(\u00abacrStarsLinkWithPopoverClickCount\u00bb) || 0) + 1);                    }                });            });                          <\/p>\n<p>1 x<\/p>\n\n","protected":false},"excerpt":{"rendered":"<p> Product Description Batteries \u200f : \u200e 1 A batteries required. (included) Package Dimensions \u200f :<\/p>","protected":false},"featured_media":24156,"comment_status":"open","ping_status":"closed","template":"","meta":[],"product_brand":[],"product_cat":[95],"product_tag":[7149,631,391,5441,632,7156,7155,7147,7152,629,7153,7154,7151,637,7148,3425,913,636,1251,944,7150,635,543,628,634,633,630],"class_list":{"0":"post-24155","1":"product","2":"type-product","3":"status-publish","4":"has-post-thumbnail","6":"product_cat-windows-tablets","7":"product_tag-1to","8":"product_tag-2-in-1-tablet","9":"product_tag-android","10":"product_tag-avec","11":"product_tag-business-tablet-windows","12":"product_tag-casviolet","13":"product_tag-claviersouris","14":"product_tag-dernier","15":"product_tag-l16000mah8","16":"product_tag-microsoft-surface-tablet","17":"product_tag-mp5","18":"product_tag-mpavec","19":"product_tag-pcgmswidevine","20":"product_tag-portable-windows-tablet","21":"product_tag-pouces","22":"product_tag-ram128","23":"product_tag-rom","24":"product_tag-tablet-laptop-combo","25":"product_tag-tablette","26":"product_tag-tactile","27":"product_tag-tfoctacore","28":"product_tag-touchscreen-windows-tablet","29":"product_tag-wifi","30":"product_tag-windows-tablet","31":"product_tag-windows-tablet-for-work","32":"product_tag-windows-tablet-price","33":"product_tag-windows-tablet-with-keyboard","35":"first","36":"instock","37":"shipping-taxable","38":"product-type-external"},"_links":{"self":[{"href":"https:\/\/comprasyconsejos.store\/en\/wp-json\/wp\/v2\/product\/24155","targetHints":{"allow":["GET"]}}],"collection":[{"href":"https:\/\/comprasyconsejos.store\/en\/wp-json\/wp\/v2\/product"}],"about":[{"href":"https:\/\/comprasyconsejos.store\/en\/wp-json\/wp\/v2\/types\/product"}],"replies":[{"embeddable":true,"href":"https:\/\/comprasyconsejos.store\/en\/wp-json\/wp\/v2\/comments?post=24155"}],"version-history":[{"count":0,"href":"https:\/\/comprasyconsejos.store\/en\/wp-json\/wp\/v2\/product\/24155\/revisions"}],"wp:featuredmedia":[{"embeddable":true,"href":"https:\/\/comprasyconsejos.store\/en\/wp-json\/wp\/v2\/media\/24156"}],"wp:attachment":[{"href":"https:\/\/comprasyconsejos.store\/en\/wp-json\/wp\/v2\/media?parent=24155"}],"wp:term":[{"taxonomy":"product_brand","embeddable":true,"href":"https:\/\/comprasyconsejos.store\/en\/wp-json\/wp\/v2\/product_brand?post=24155"},{"taxonomy":"product_cat","embeddable":true,"href":"https:\/\/comprasyconsejos.store\/en\/wp-json\/wp\/v2\/product_cat?post=24155"},{"taxonomy":"product_tag","embeddable":true,"href":"https:\/\/comprasyconsejos.store\/en\/wp-json\/wp\/v2\/product_tag?post=24155"}],"curies":[{"name":"wp","href":"https:\/\/api.w.org\/{rel}","templated":true}]}}