{"id":24164,"date":"2026-02-19T05:05:19","date_gmt":"2026-02-19T05:05:19","guid":{"rendered":"https:\/\/comprasyconsejos.store\/product\/doogee-u11-android-16-tablet-11-inch-16gb128gb-2tb-tf-8580mah-gemini-ai-octa-core-tablet-kids-13mp5mp-5g-wifi-tablet-hd-90hz-widevine-l1-gms-gps-face-id-otg-3-5mm-jack-tablets-child\/"},"modified":"2026-02-19T05:05:31","modified_gmt":"2026-02-19T05:05:31","slug":"doogee-u11-android-16-tablet-11-inch-16gb128gb-2tb-tf-8580mah-gemini-ai-octa-core-tablet-kids-13mp5mp-5g-wifi-tablet-hd-90hz-widevine-l1-gms-gps-face-id-otg-3-5mm-jack-tablets-child","status":"publish","type":"product","link":"https:\/\/comprasyconsejos.store\/en\/product\/doogee-u11-android-16-tablet-11-inch-16gb128gb-2tb-tf-8580mah-gemini-ai-octa-core-tablet-kids-13mp5mp-5g-wifi-tablet-hd-90hz-widevine-l1-gms-gps-face-id-otg-3-5mm-jack-tablets-child\/","title":{"rendered":"DOOGEE U11 Android 16 Tablet 11 Inch, 16GB+128GB\/2TB TF 8580mAh, Gemini AI Octa Core Tablet Kids, 13MP+5MP, 5G WiFi Tablet, HD 90Hz\/Widevine L1\/GMS\/GPS\/Face ID\/OTG\/3.5mm Jack Tablets Child"},"content":{"rendered":"<p>Price: <span style=\"color:#b12704\"><del>\u20ac169.99<\/del> - \u20ac119.99<\/span><br \/><i><small>(as of Feb 19, 2026 05:05:19 UTC &#8211; <span class=\"wp_automatic_amazon_disclaimer\" title=\"Product prices and availability are accurate as of the date\/time indicated and are subject to change. Any price and availability information displayed on [relevant Amazon Site(s), as applicable] at the time of purchase will apply to the purchase of this product.\">Details<\/span>)<\/small><\/i><\/p>\n<p><a href=\"https:\/\/amazon.es\/dp\/B0FQTPCZQG?tag=man008-21\"><img decoding=\"async\" src=\"https:\/\/valvepress.s3.amazonaws.com\/imgs\/buy_now.png\"><\/a><br \/>\n<\/p>\n<p>                                             Product Description   <\/p>\n<h3 class=\"a-text-center aplus-container-3 aplus-h1 a-text-bold\"> DOOGEE U11 Tablet 11 Pulgadas &#8211; 16GB+128GB\/2TB, 8580mAh\/OTG, Gemini AI Octa Core <\/h3>\n<p>The video showcases the product in use.The video guides you through product setup.The video compares multiple products.The video shows the product being unpacked. DOOGEE U11 Tablet Merchant video<\/p>\n<p class=\"aplus-description aplus-container-3 aplus-p1\"> DOOGEE U11 tableta 11 pulgadas cuenta con el \u00faltimo Android 16, procesador octa core T7200 y Gemini AI, ofrece experiencia de usuario fluida y r\u00e1pida. Cuenta con 16(4+12)GB RAM y 128GB ROM(ampliable hasta 2TB TF). Su dise\u00f1o ultrafino de 7,9mm y peso de tan 537g la hacen ligera y f\u00e1cil de transportar <\/p>\n<p>                                                                     DOOGEE U11 Tablet Android 16 &#8211; C\u00e1mara 13MP+5MP, 5G WiFi, Widevine L1\/GMS\/GPS\/OTG                                            <img decoding=\"async\" alt=\"El texto incluye \u00abG\u00e9minis\u00bb. Serie de im\u00e1genes t\u00e9cnicas de productos te\u00f1idas de azul que muestran las interfaces y especificaciones de los dispositivos electr\u00f3nicos en un dise\u00f1o de marketing.\" src=\"https:\/\/images-na.ssl-images-amazon.com\/images\/G\/01\/x-locale\/common\/grey-pixel.gif\" class=\"a-lazy-loaded\" data-src=\"https:\/\/m.media-amazon.com\/images\/S\/aplus-media-library-service-media\/ae791a32-8ca7-4f7f-b432-df63e3d803bf.__CR0,0,1464,600_PT0_SX1464_V1___.jpg\"><img decoding=\"async\" alt=\"El texto incluye \u00abG\u00e9minis\u00bb. Serie de im\u00e1genes t\u00e9cnicas de productos te\u00f1idas de azul que muestran las interfaces y especificaciones de los dispositivos electr\u00f3nicos en un dise\u00f1o de marketing.\" src=\"https:\/\/m.media-amazon.com\/images\/S\/aplus-media-library-service-media\/ae791a32-8ca7-4f7f-b432-df63e3d803bf.__CR0,0,1464,600_PT0_SX1464_V1___.jpg\">                                         <\/p>\n<p class=\"aplus-description aplus-container-3 aplus-p1\"> DOOGEE U11 tableta Android 16 cuenta con pantalla IPS HD 11 pulgadas y 90Hz compatible con Widevine L1 y GMS, ideal para el entretenimiento. Equipado con bater\u00eda de 8580mAh, carga r\u00e1pida de 18W y compatible con la funci\u00f3n OTG. Admite c\u00e1mara 13MP+5MP, 5G WiFi, desbloqueo facial, GPS, FM y 3,5mm jack <\/p>\n<p>                                                                                                                  <img decoding=\"async\" alt=\"aplus content image\" src=\"https:\/\/m.media-amazon.com\/images\/S\/aplus-media-library-service-media\/a39cdf60-e2aa-418e-82df-6813aea85f64.__CR0,0,1464,600_PT0_SX1464_V1___.jpg\">                                                    <img decoding=\"async\" alt=\"El texto dice \u00abAprovechamiento M\u00e1ximo a Tu Alcance\u00bb. Interfaz oscura que muestra datos comerciales o financieros con gr\u00e1ficos y tablas en la pantalla.\" src=\"https:\/\/m.media-amazon.com\/images\/S\/aplus-media-library-service-media\/b4e46e6e-c6f2-40b0-a767-a12ae552fd19.__CR0,0,1464,600_PT0_SX1464_V1___.jpg\">                                                    <img decoding=\"async\" alt=\"El texto dice \u00abPotente Procesador Octa-Core\u00bb y \u00abUnisoc T7200\u00bb. Primer plano del chip del procesador con efecto de iluminaci\u00f3n azul.\" src=\"https:\/\/m.media-amazon.com\/images\/S\/aplus-media-library-service-media\/f0fa8067-68df-4764-b5dc-319a3ec4146a.__CR0,0,1464,600_PT0_SX1464_V1___.jpg\">                                                    <img decoding=\"async\" alt=\"aplus content image\" src=\"https:\/\/m.media-amazon.com\/images\/S\/aplus-media-library-service-media\/c364e5c6-5dd1-481a-b505-dca780ce2ef4.__CR0,0,1464,600_PT0_SX1464_V1___.jpg\"><br \/>\n                            1 Bater\u00eda de 8580mAh\/OTG <\/p>\n<p>                            2 16GB RAM+128GB ROM\/2TB TF <\/p>\n<p>                            3 Unisoc T7200 Ocho N\u00facleos <\/p>\n<p>                            4 Face ID\/GPS\/FM\/WiFi 5 <\/p>\n<p>                                                                                                                  <img decoding=\"async\" alt=\"El texto dice \u00abDOOGEE \u00d7 Evoluci\u00f3n de Android\u00bb. Captura de pantalla de la interfaz de un tel\u00e9fono m\u00f3vil que muestra la informaci\u00f3n del sistema y el men\u00fa de ajustes.\" src=\"https:\/\/m.media-amazon.com\/images\/S\/aplus-media-library-service-media\/0fa3f8ea-aa07-44e7-a376-83df5d0e3f14.__CR0,0,1464,600_PT0_SX1464_V1___.jpg\">                                                    <img decoding=\"async\" alt=\"La interfaz de la aplicaci\u00f3n Amazon muestra el men\u00fa de administraci\u00f3n de archivos y estructura de proyectos con carpetas anidadas y opciones en el tema de modo oscuro.\" src=\"https:\/\/m.media-amazon.com\/images\/S\/aplus-media-library-service-media\/83d67272-8af7-4972-afa2-477283150d42.__CR0,0,1464,600_PT0_SX1464_V1___.jpg\">                                                    <img decoding=\"async\" alt=\"El texto dice \u00abEl Ultimo Sistema Android 16\u00bb. Cinco iconos de color verde azulado en una fila que muestran diferentes funciones del sistema sobre un fondo oscuro.\" src=\"https:\/\/m.media-amazon.com\/images\/S\/aplus-media-library-service-media\/f00539b5-f0a4-416b-b2cd-bee5c7f5bf7f.__CR0,0,1464,600_PT0_SX1464_V1___.jpg\">                                                    <img decoding=\"async\" alt=\"El texto dice \u00abExperiencia de Nivel Superior, Potenciada por Android 16\u00bb. Tres paneles muestran demostraciones de la interfaz del dispositivo con pantallas de tel\u00e9fonos m\u00f3viles y tabletas.\" src=\"https:\/\/m.media-amazon.com\/images\/S\/aplus-media-library-service-media\/44af3b60-8c79-4612-b38f-e00c73c8cebb.__CR0,0,1464,600_PT0_SX1464_V1___.jpg\"><br \/>\n                            1 \u00daltimo Android 16 Tablet <\/p>\n<p>                            2 Android 16 vs Android 15 <\/p>\n<p>                            3 Funci\u00f3n de Android 16 <\/p>\n<p>                            4 Experiencia de Android 16 <\/p>\n<p>                                                                                                                <img decoding=\"async\" alt=\"aplus content image\" src=\"https:\/\/m.media-amazon.com\/images\/S\/aplus-media-library-service-media\/f12e23c6-8cbf-4467-b198-f7283fdf7d76.__CR0,0,1464,600_PT0_SX1464_V1___.jpg\">                                                    <img decoding=\"async\" alt=\"aplus content image\" src=\"https:\/\/m.media-amazon.com\/images\/S\/aplus-media-library-service-media\/4846e57d-e81b-4da4-91fd-360511e75ebd.__CR0,0,1464,600_PT0_SX1464_V1___.jpg\">                                                    <img decoding=\"async\" alt=\"El texto dice \u00abGemini Investigaci\u00f3n\u00bb. Interfaz de tem\u00e1tica oscura que muestra una plataforma de investigaci\u00f3n o investigaci\u00f3n con m\u00faltiples nodos conectados y paneles de informaci\u00f3n en espa\u00f1ol.\" src=\"https:\/\/m.media-amazon.com\/images\/S\/aplus-media-library-service-media\/9e77d52b-eb09-49c6-9d7a-8afb3ebe8f06.__CR0,0,1464,600_PT0_SX1464_V1___.jpg\"><br \/>\n                            1 Tablet con Gemini AI <\/p>\n<p>                            2 Gemini Live <\/p>\n<p>                            3 Gemini Research <\/p>\n<p>                                                                                                                <img decoding=\"async\" alt=\"El texto dice: &amp;#39;11&amp;#34; Pantalla IPS HD 90Hz&amp;#39;. Imagen promocional de un monitor para videojuegos con un coche de carreras de F\u00f3rmula 1 en colores vibrantes con especificaciones t\u00e9cnicas.\" src=\"https:\/\/m.media-amazon.com\/images\/S\/aplus-media-library-service-media\/038a8a34-9cb0-4838-8d9e-0fa5a893cb3a.__CR0,0,1464,600_PT0_SX1464_V1___.jpg\">                                                    <img decoding=\"async\" alt=\"El texto dice \u00abPantalla Grande, Experiencia Grande\u00bb. Collage que muestra a varias personas usando pantallas de computadora con fines laborales y de entretenimiento.\" src=\"https:\/\/m.media-amazon.com\/images\/S\/aplus-media-library-service-media\/867a6362-61f8-4cf7-9fbd-9169aedd312b.__CR0,0,1464,600_PT0_SX1464_V1___.jpg\">                                                    <img decoding=\"async\" alt=\"El texto dice \u00abElegante Dise\u00f1o de Cuerpo Met\u00e1lico\u00bb. Demostraci\u00f3n del producto que muestra el dise\u00f1o de un dispositivo met\u00e1lico desde varios \u00e1ngulos con texto superpuesto en espa\u00f1ol.\" src=\"https:\/\/m.media-amazon.com\/images\/S\/aplus-media-library-service-media\/8092dd10-addc-491a-8cf1-7c9c0fc2392e.__CR0,0,1464,600_PT0_SX1464_V1___.jpg\"><br \/>\n                            1 Tablet 11 Pulgadas y 90Hz <\/p>\n<p>                            2 Tablet Grande <\/p>\n<p>                            3 Ultra Delgado y Ligero <\/p>\n<p>                                                                                                                  <img decoding=\"async\" alt=\"El texto dice \u00abCaptura Cada Detalle con Claridad\u00bb. Interfaz de videoconferencia que muestra ventanas para varios participantes con botones de control y opciones de men\u00fa.\" src=\"https:\/\/m.media-amazon.com\/images\/S\/aplus-media-library-service-media\/dcbd7403-c4cc-464a-88b2-c3f8624633c2.__CR0,0,1464,600_PT0_SX1464_V1___.jpg\">                                                    <img decoding=\"async\" alt=\"El texto dice \u00abEspacio de juegos\u00bb. Interfaz de juegos o entretenimiento de tem\u00e1tica oscura que muestra varios paneles con im\u00e1genes relacionadas con el juego.\" src=\"https:\/\/m.media-amazon.com\/images\/S\/aplus-media-library-service-media\/6aab3467-d6a9-4afa-a79e-494a407f61b5.__CR0,0,1464,600_PT0_SX1464_V1___.jpg\">                                                    <img decoding=\"async\" alt=\"aplus content image\" src=\"https:\/\/m.media-amazon.com\/images\/S\/aplus-media-library-service-media\/a51b82c2-5d6d-4010-8c13-d0d823d5f5c0.__CR0,0,1464,600_PT0_SX1464_V1___.jpg\">                                                    <img decoding=\"async\" alt=\"El texto dice \u00abClonaci\u00f3n de aplicaciones\u00bb. Maquetas de interfaz oscuras que muestran pantallas de aplicaciones m\u00f3viles con texto e iconos blancos sobre fondo negro.\" src=\"https:\/\/m.media-amazon.com\/images\/S\/aplus-media-library-service-media\/dc873b50-215a-4f4b-a151-b98980da670c.__CR0,0,1464,600_PT0_SX1464_V1___.jpg\"><br \/>\n                            1 C\u00e1mara 13MP+5MP <\/p>\n<p>                            2 Tablet Gaming <\/p>\n<p>                            3 Widevine L1+2 Altavoces <\/p>\n<p>                            4 Clonaci\u00f3n de APPs <\/p>\n<p> Batteries                                            \u200f                                            :                                            \u200e                                            1 C batteries required. (included)   <br \/> Package Dimensions                                            \u200f                                            :                                            \u200e                                            33.15 x 19.25 x 3.55 cm; 537 g   <br \/> Manufacturer                                            \u200f                                            :                                            \u200e                                            DOOGEE   <br \/> ASIN                                            \u200f                                            :                                            \u200e                                            B0FQTPCZQG   <br \/> Item model number                                            \u200f                                            :                                            \u200e                                            U11   <br \/> Guaranteed software updates until                                            \u200f                                            :                                            \u200e                                            unknown   <br \/>  Customer reviews:                                                                                            4.9               4.9 out of 5 stars                                  (20)                                              var dpAcrHasRegisteredArcLinkClickAction;                    P.when(&#8216;A&#8217;, &#8216;ready&#8217;).execute(function(A) {                        if (dpAcrHasRegisteredArcLinkClickAction !== true) {                            dpAcrHasRegisteredArcLinkClickAction = true;                            A.declarative(                                &#8216;acrLink-click-metrics&#8217;, &#8216;click&#8217;,                                { \u00aballowLinkDefault\u00bb: true },                                function (event) {                                    if (window.ue) {                                        ue.count(\u00abacrLinkClickCount\u00bb, (ue.count(\u00abacrLinkClickCount\u00bb) || 0) + 1);                                    }                                }                            );                        }                    });                                             P.when(&#8216;A&#8217;, &#8216;cf&#8217;).execute(function(A) {                A.declarative(&#8216;acrStarsLink-click-metrics&#8217;, &#8216;click&#8217;, { \u00aballowLinkDefault\u00bb : true },  function(event){                    if(window.ue) {                        ue.count(\u00abacrStarsLinkWithPopoverClickCount\u00bb, (ue.count(\u00abacrStarsLinkWithPopoverClickCount\u00bb) || 0) + 1);                    }                });            });                          <\/p>\n<p>\u3010Android 16 Tablet + Octa Core + Gemini AI\u3011The DOOGEE U11 tablet 11 inch works with the latest Android 16, which offers enhanced security, advanced permission control and app optimization. This cheap and good tablet features an Octa-core Unisoc T7200 processor, capable of ensuring smooth performance even during demanding multitasking. Embedded Gemini AI improves performance in real-time translation, photo editing and resource management.<br \/>\u30108580mAh Battery + Fast Charging + OTG\u3011The DOOGEE Android 16 tablet is equipped with a large 8580mAh battery, which provides a long battery life. 10W fast charging reduces charging time. OTG function can charge other devices at the same time, making it ideal for travel. This large tablet is perfect as a kids tablet, kids tablet or adult tablet. Offers excellent portability and durability compared to other cheap tablets.<br \/>\u301016GB RAM + 128GB ROM + 2TB TF\u3011The 11-inch DOOGEE U11 tablet comes equipped with up to 16GB RAM (4GB physical+12GB virtual), offering fluidity in demanding games and apps. The tablet has 128GB ROM, expandable up to 2TB with TF card, guarantee ample space for photos, videos and documents. This doogee tablet Android 16 is ideal for students, families and professionals looking for a 10+ inch tablet, cheap and good tablet or 11 inch kids tablet.<br \/>\u301011\u00bb Tablet &#038; HD 90Hz + Eye Protection\u3011The DOOGEE U11 Android 16 tablet features an 11-inch 90Hz IPS HD screen, offering smooth gaming and video navigation. This tablet supports eye protection functions, which can reduce harmful blue light and minimize eye fatigue. The doogee U11 tablet is one of the most outstanding high-performance tablets, suitable for studying, working or entertaining, ideal as a tablet for girls and tablet for boys.<br \/>\u301013MP+5MP Camera &#038; Face Unlock\u3011The DOOGEE U11 11 inch kids tablet equipped with a 13MP rear camera to capture sharp and detailed images. A 5MP front camera ensures smooth, clear selfies and video calls. Face recognition unlock increases safety and convenience. As a wifi tablet, it not only meets in multimedia, it also reinforces the security and comfort of the user, being a prominent option within cheap and good tablets.<br \/>\u30105G WiFi + Dual Speakers + Widevine L1 + GPS\u3011The 128GB tablet supports dual-band WiFi connection (2.4GHz and 5GHz), providing more stable speed and lower latency, perfect for video calls, streaming or fast downloads. Its high quality dual stereo speakers deliver crisp, immersive sound. It supports Widevine L1 and GMS, which supports high-definition streaming playback. In addition, GPS allows you to locate your position easily and accurately.<br \/>\u3010Ultra-thin Design + Service Guaranteed\u3011The DOOGEE 11-inch tablet stands out with its ultra-thin metal body of only 7.9 mm and a light weight of 538 g, making it a stylish, durable and easy to carry tablet. In addition to its excellent design and performance, the Android 16 U11 tablet offers worry-free after-sales service, with official warranty and professional technical support that ensure fast and efficient solutions in case of any inconvenience.<\/p>\n\n","protected":false},"excerpt":{"rendered":"<p> Product Description DOOGEE U11 Tablet 11 Pulgadas &#8211; 16GB+128GB\/2TB, 8580mAh\/OTG, Gemini AI Octa Core The<\/p>","protected":false},"featured_media":24165,"comment_status":"open","ping_status":"closed","template":"","meta":[],"product_brand":[],"product_cat":[93],"product_tag":[651,4998,7157,6723,7158,391,646,648,650,2485,698,6113,655,912,7160,584,4851,1169,7159,6118,647,157,652,653,649,654,917,6721,543],"class_list":{"0":"post-24164","1":"product","2":"type-product","3":"status-publish","4":"has-post-thumbnail","6":"product_cat-android-tablets","7":"product_tag-10-inch-tablet","8":"product_tag-13mp5mp","9":"product_tag-16gb128gb2tb","10":"product_tag-8580mah","11":"product_tag-90hzwidevine","12":"product_tag-android","13":"product_tag-android-tablet","14":"product_tag-best-android-tablet","15":"product_tag-budget-android-tablet","16":"product_tag-child","17":"product_tag-core","18":"product_tag-doogee","19":"product_tag-gaming-tablet","20":"product_tag-gemini","21":"product_tag-idotg3-5mm","22":"product_tag-inch","23":"product_tag-jack","24":"product_tag-kids","25":"product_tag-l1gmsgpsface","26":"product_tag-octa","27":"product_tag-samsung-android-tablet","28":"product_tag-tablet","29":"product_tag-tablet-for-kids","30":"product_tag-tablet-for-study","31":"product_tag-tablet-with-sim","32":"product_tag-tablet-with-stylus","33":"product_tag-tablets","34":"product_tag-u11","35":"product_tag-wifi","37":"first","38":"instock","39":"sale","40":"shipping-taxable","41":"product-type-external"},"_links":{"self":[{"href":"https:\/\/comprasyconsejos.store\/en\/wp-json\/wp\/v2\/product\/24164","targetHints":{"allow":["GET"]}}],"collection":[{"href":"https:\/\/comprasyconsejos.store\/en\/wp-json\/wp\/v2\/product"}],"about":[{"href":"https:\/\/comprasyconsejos.store\/en\/wp-json\/wp\/v2\/types\/product"}],"replies":[{"embeddable":true,"href":"https:\/\/comprasyconsejos.store\/en\/wp-json\/wp\/v2\/comments?post=24164"}],"version-history":[{"count":0,"href":"https:\/\/comprasyconsejos.store\/en\/wp-json\/wp\/v2\/product\/24164\/revisions"}],"wp:featuredmedia":[{"embeddable":true,"href":"https:\/\/comprasyconsejos.store\/en\/wp-json\/wp\/v2\/media\/24165"}],"wp:attachment":[{"href":"https:\/\/comprasyconsejos.store\/en\/wp-json\/wp\/v2\/media?parent=24164"}],"wp:term":[{"taxonomy":"product_brand","embeddable":true,"href":"https:\/\/comprasyconsejos.store\/en\/wp-json\/wp\/v2\/product_brand?post=24164"},{"taxonomy":"product_cat","embeddable":true,"href":"https:\/\/comprasyconsejos.store\/en\/wp-json\/wp\/v2\/product_cat?post=24164"},{"taxonomy":"product_tag","embeddable":true,"href":"https:\/\/comprasyconsejos.store\/en\/wp-json\/wp\/v2\/product_tag?post=24164"}],"curies":[{"name":"wp","href":"https:\/\/api.w.org\/{rel}","templated":true}]}}