{"id":24184,"date":"2026-02-19T05:17:15","date_gmt":"2026-02-19T05:17:15","guid":{"rendered":"https:\/\/comprasyconsejos.store\/product\/asus-e410ma-ek007ws-laptop-14-inches-full-hd-celeron-n4020-4gb-ram-64gb-emmc-uhd-graphics-600-windows-11-s-blue-spanish-qwerty-keyboard\/"},"modified":"2026-02-19T05:17:20","modified_gmt":"2026-02-19T05:17:20","slug":"asus-e410ma-ek007ws-laptop-14-inches-full-hd-celeron-n4020-4gb-ram-64gb-emmc-uhd-graphics-600-windows-11-s-blue-spanish-qwerty-keyboard","status":"publish","type":"product","link":"https:\/\/comprasyconsejos.store\/en\/product\/asus-e410ma-ek007ws-laptop-14-inches-full-hd-celeron-n4020-4gb-ram-64gb-emmc-uhd-graphics-600-windows-11-s-blue-spanish-qwerty-keyboard\/","title":{"rendered":"ASUS E410MA-EK007WS \u2013 Laptop 14 Inches Full HD (Celeron N4020, 4GB RAM, 64GB eMMC, UHD Graphics 600, Windows 11 S) Blue \u2013 Spanish QWERTY Keyboard"},"content":{"rendered":"<p>Price: <span style=\"color:#b12704\">\u20ac349.00<\/span><br \/><i><small>(as of Feb 19, 2026 05:17:15 UTC &#8211; <span class=\"wp_automatic_amazon_disclaimer\" title=\"Product prices and availability are accurate as of the date\/time indicated and are subject to change. Any price and availability information displayed on [relevant Amazon Site(s), as applicable] at the time of purchase will apply to the purchase of this product.\">Details<\/span>)<\/small><\/i><\/p>\n<p><a href=\"https:\/\/amazon.es\/dp\/B09MJFV18G?tag=man008-21\"><img decoding=\"async\" src=\"https:\/\/valvepress.s3.amazonaws.com\/imgs\/buy_now.png\"><\/a><br \/>\n<\/p>\n<p>                                             From the manufacturer   <\/p>\n<p>                                                  <img decoding=\"async\" alt=\" \" src=\"https:\/\/images-na.ssl-images-amazon.com\/images\/G\/01\/x-locale\/common\/grey-pixel.gif\" class=\"a-lazy-loaded\" data-src=\"https:\/\/m.media-amazon.com\/images\/S\/aplus-media-library-service-media\/0a4f9ea6-f1b7-45f8-a277-1cb43a5b235b.__CR0,0,970,300_PT0_SX970_V1___.jpg\"><img decoding=\"async\" alt=\" \" src=\"https:\/\/m.media-amazon.com\/images\/S\/aplus-media-library-service-media\/0a4f9ea6-f1b7-45f8-a277-1cb43a5b235b.__CR0,0,970,300_PT0_SX970_V1___.jpg\">  <\/p>\n<p>                                                      <img decoding=\"async\" alt=\" \" src=\"https:\/\/images-na.ssl-images-amazon.com\/images\/G\/01\/x-locale\/common\/grey-pixel.gif\" class=\"a-spacing-mini a-lazy-loaded\" data-src=\"https:\/\/m.media-amazon.com\/images\/S\/aplus-media-library-service-media\/fea0d7c7-348c-49c9-9e3c-d11d9ab1c187.__CR0,0,300,400_PT0_SX300_V1___.jpg\"><img decoding=\"async\" alt=\" \" src=\"https:\/\/m.media-amazon.com\/images\/S\/aplus-media-library-service-media\/fea0d7c7-348c-49c9-9e3c-d11d9ab1c187.__CR0,0,300,400_PT0_SX300_V1___.jpg\">  <\/p>\n<p>                                                              <img decoding=\"async\" alt=\" \" src=\"https:\/\/images-na.ssl-images-amazon.com\/images\/G\/01\/x-locale\/common\/grey-pixel.gif\" class=\"a-spacing-mini a-lazy-loaded\" data-src=\"https:\/\/m.media-amazon.com\/images\/S\/aplus-media-library-service-media\/e95ddf5d-3e76-4284-9d59-4a04543f7c87.__CR0,0,350,175_PT0_SX350_V1___.jpg\"><img decoding=\"async\" alt=\" \" src=\"https:\/\/m.media-amazon.com\/images\/S\/aplus-media-library-service-media\/e95ddf5d-3e76-4284-9d59-4a04543f7c87.__CR0,0,350,175_PT0_SX350_V1___.jpg\">                                                                 <\/p>\n<p class=\"a-spacing-small a-size-small a-color-secondary\"> ASUS es una empresa multinacional establecida en Taiw\u00e1n desde 1989 que dise\u00f1a y fabrica hardware de inform\u00e1tica y electr\u00f3nica de consumo. Dedicada a crear soluciones que proporcionan una vida m\u00e1s inteligente. En ASUS somos unos verdaderos apasionados de la innovaci\u00f3n tecnol\u00f3gica. So\u00f1amos con crear una vida digital sencilla y completa para todos, por eso siempre andamos en busca de nuevas ideas que nos permitan ofrecer las experiencias m\u00e1s incre\u00edbles. <\/p>\n<h3 class=\"a-spacing-mini\"> ASUS E410 <\/h3>\n<p>                                          Mu\u00e9vete con estilo                                     <\/p>\n<p class=\"a-spacing-base\"> En la vida hay que encontrar el equilibrio adecuado y ASUS E410 ofrece precisamente eso. Este ligero y compacto equipo tiene un elegante dise\u00f1o que encaja perfectamente con tu estilo de vida din\u00e1mico. Dise\u00f1ado para las tareas de productividad cotidianas y equipado con funciones innovadoras como el ASUS NumberPad, el ASUS E410 te ofrece todo lo que necesitas para trabajar y entretenerte. <\/p>\n<p class=\"apm-text-center\">\n                                                      <img decoding=\"async\" alt=\" \" src=\"https:\/\/images-na.ssl-images-amazon.com\/images\/G\/01\/x-locale\/common\/grey-pixel.gif\" class=\"a-spacing-mini a-lazy-loaded\" data-src=\"https:\/\/m.media-amazon.com\/images\/S\/aplus-media-library-service-media\/8dfa9606-3d22-4b38-aca5-3f4865ba0b24.__CR0,0,622,622_PT0_SX300_V1___.jpg\"><img decoding=\"async\" alt=\" \" src=\"https:\/\/m.media-amazon.com\/images\/S\/aplus-media-library-service-media\/8dfa9606-3d22-4b38-aca5-3f4865ba0b24.__CR0,0,622,622_PT0_SX300_V1___.jpg\">  <\/p>\n<p>                                                    Trabaja en cualquier lugar                                       <\/p>\n<p> Compacto y ligero, el ASUS E410 te permite ser productivo en cualquier lugar. Desl\u00edzalo en tu mochila y podr\u00e1s hacer tus tareas escolares y crear contenidos en cualquier lugar. <\/p>\n<p class=\"apm-text-center\">\n                                                      <img decoding=\"async\" alt=\" \" src=\"https:\/\/images-na.ssl-images-amazon.com\/images\/G\/01\/x-locale\/common\/grey-pixel.gif\" class=\"a-spacing-mini a-lazy-loaded\" data-src=\"https:\/\/m.media-amazon.com\/images\/S\/aplus-media-library-service-media\/4ed9e5e6-7eea-4a05-bfa9-bfcea9d351f2.__CR0,0,622,622_PT0_SX300_V1___.jpg\"><img decoding=\"async\" alt=\" \" src=\"https:\/\/m.media-amazon.com\/images\/S\/aplus-media-library-service-media\/4ed9e5e6-7eea-4a05-bfa9-bfcea9d351f2.__CR0,0,622,622_PT0_SX300_V1___.jpg\">  <\/p>\n<p>                                                    Colores llamativos                                       <\/p>\n<p> Deja atr\u00e1s la monoton\u00eda con el ASUS E410. Los exclusivos tonos iridiscentes Azul Pavo Real y Blanco So\u00f1ador cambiar de color cuando los ves desde \u00e1ngulos diferentes. Tambi\u00e9n est\u00e1 disponible en un elegante acabado Oro Rosa. <\/p>\n<p class=\"apm-text-center\">\n                                                      <img decoding=\"async\" alt=\" \" src=\"https:\/\/images-na.ssl-images-amazon.com\/images\/G\/01\/x-locale\/common\/grey-pixel.gif\" class=\"a-spacing-mini a-lazy-loaded\" data-src=\"https:\/\/m.media-amazon.com\/images\/S\/aplus-media-library-service-media\/b1556e47-2a58-4f3d-bf3f-8110597b643c.__CR0,0,622,622_PT0_SX300_V1___.jpg\"><img decoding=\"async\" alt=\" \" src=\"https:\/\/m.media-amazon.com\/images\/S\/aplus-media-library-service-media\/b1556e47-2a58-4f3d-bf3f-8110597b643c.__CR0,0,622,622_PT0_SX300_V1___.jpg\">  <\/p>\n<p>                                                    Un concepto diferente                                       <\/p>\n<p> El ASUS E410 tiene un aura juvenil que lo distingue del resto. La tapa est\u00e1 decorada con un patr\u00f3n \u00fanico derivado del logotipo de ASUS. En su interior, la tecla Intro de color amarillo brillante toma el protagonismo. Es un concepto de dise\u00f1o completamente nuevo. <\/p>\n<p class=\"apm-text-center\">\n                                                      <img decoding=\"async\" alt=\" \" src=\"https:\/\/images-na.ssl-images-amazon.com\/images\/G\/01\/x-locale\/common\/grey-pixel.gif\" class=\"a-spacing-mini a-lazy-loaded\" data-src=\"https:\/\/m.media-amazon.com\/images\/S\/aplus-media-library-service-media\/b2b13be0-755a-45b1-97d5-a802a78fbd10.__CR0,0,443,443_PT0_SX300_V1___.jpg\"><img decoding=\"async\" alt=\" \" src=\"https:\/\/m.media-amazon.com\/images\/S\/aplus-media-library-service-media\/b2b13be0-755a-45b1-97d5-a802a78fbd10.__CR0,0,443,443_PT0_SX300_V1___.jpg\">  <\/p>\n<p>                                                    Alcanza tus metas                                       <\/p>\n<p> Con Windows 10 Home, un procesador Intel hasta de cuatro n\u00facleos y una unidad SSD PCIe de 512 GB, el ASUS E410 est\u00e1 equipado para ayudarte a alcanzar tus objetivos. <\/p>\n<p class=\"apm-text-center\">\n                                                      <img decoding=\"async\" alt=\" \" src=\"https:\/\/images-na.ssl-images-amazon.com\/images\/G\/01\/x-locale\/common\/grey-pixel.gif\" class=\"a-spacing-mini a-lazy-loaded\" data-src=\"https:\/\/m.media-amazon.com\/images\/S\/aplus-media-library-service-media\/b699b7a5-ac70-4b71-a317-376b358f9cf5.__CR0,0,443,443_PT0_SX300_V1___.jpg\"><img decoding=\"async\" alt=\" \" src=\"https:\/\/m.media-amazon.com\/images\/S\/aplus-media-library-service-media\/b699b7a5-ac70-4b71-a317-376b358f9cf5.__CR0,0,443,443_PT0_SX300_V1___.jpg\">  <\/p>\n<p>                                                    Reinventamos el touchpad                                       <\/p>\n<p> El nuevo ASUS NumberPad2 facilita notablemente el trabajo con n\u00fameros. Todo lo que necesitas est\u00e1 impreso en el touchpad. Solo has de tocar el icono para activarlo. <\/p>\n<p class=\"apm-text-center\">\n                                                      <img decoding=\"async\" alt=\" \" src=\"https:\/\/images-na.ssl-images-amazon.com\/images\/G\/01\/x-locale\/common\/grey-pixel.gif\" class=\"a-spacing-mini a-lazy-loaded\" data-src=\"https:\/\/m.media-amazon.com\/images\/S\/aplus-media-library-service-media\/a3530d2e-149a-4b88-b342-5a55466bd880.__CR0,0,443,443_PT0_SX300_V1___.jpg\"><img decoding=\"async\" alt=\" \" src=\"https:\/\/m.media-amazon.com\/images\/S\/aplus-media-library-service-media\/a3530d2e-149a-4b88-b342-5a55466bd880.__CR0,0,443,443_PT0_SX300_V1___.jpg\">  <\/p>\n<p>                                                    Sigue adelante                                       <\/p>\n<p> Con el ASUS E410 puedes dejar el adaptador de corriente en casa. Con autonom\u00eda para todo el d\u00eda, su bater\u00eda te permite trabajar y jugar en cualquier lugar. <\/p>\n<p class=\"apm-text-center\">\n                                                      <img decoding=\"async\" alt=\" \" src=\"https:\/\/images-na.ssl-images-amazon.com\/images\/G\/01\/x-locale\/common\/grey-pixel.gif\" class=\"a-spacing-mini a-lazy-loaded\" data-src=\"https:\/\/m.media-amazon.com\/images\/S\/aplus-media-library-service-media\/dc9638e5-2e45-4edf-b1f9-bda09aade467.__CR0,0,519,519_PT0_SX300_V1___.jpg\"><img decoding=\"async\" alt=\" \" src=\"https:\/\/m.media-amazon.com\/images\/S\/aplus-media-library-service-media\/dc9638e5-2e45-4edf-b1f9-bda09aade467.__CR0,0,519,519_PT0_SX300_V1___.jpg\">  <\/p>\n<p>                                                    M\u00e1s espacio para hacer m\u00e1s cosas                                       <\/p>\n<p> La innovadora pantalla NanoEdge proporciona una experiencia gr\u00e1fica inmersiva. Adem\u00e1s, tambi\u00e9n ayuda a reducir las dimensiones del port\u00e1til sin por ello tener que renunciar a una pantalla grande. <\/p>\n<p class=\"apm-text-center\">\n                                                      <img decoding=\"async\" alt=\" \" src=\"https:\/\/images-na.ssl-images-amazon.com\/images\/G\/01\/x-locale\/common\/grey-pixel.gif\" class=\"a-spacing-mini a-lazy-loaded\" data-src=\"https:\/\/m.media-amazon.com\/images\/S\/aplus-media-library-service-media\/ef25d0f9-62fc-4af2-b80a-33c69031ad8e.__CR0,0,519,519_PT0_SX300_V1___.jpg\"><img decoding=\"async\" alt=\" \" src=\"https:\/\/m.media-amazon.com\/images\/S\/aplus-media-library-service-media\/ef25d0f9-62fc-4af2-b80a-33c69031ad8e.__CR0,0,519,519_PT0_SX300_V1___.jpg\">  <\/p>\n<p>                                                    Comparte tus ideas                                       <\/p>\n<p> La bisagra plana de 180\u00b0 facilita mucho las cosas a la hora de compartir contenidos o colaborar con amigos. <\/p>\n<p class=\"apm-text-center\">\n<p> Batteries                                            \u200f                                            :                                            \u200e                                            1 Lithium Ion batteries required. (included)   <br \/> Product Dimensions                                            \u200f                                            :                                            \u200e                                            21.7 x 32.5 x 1.84 cm; 1.3 kg   <br \/> Manufacturer                                            \u200f                                            :                                            \u200e                                            ASUS   <br \/> ASIN                                            \u200f                                            :                                            \u200e                                            B09MJFV18G   <br \/> Item model number                                            \u200f                                            :                                            \u200e                                            90NB0Q11-M005K0   <br \/> Guaranteed software updates until                                            \u200f                                            :                                            \u200e                                            unknown   <br \/>  Customer reviews:                                                                                            3.9               3.9 out of 5 stars                                  (62)                                              var dpAcrHasRegisteredArcLinkClickAction;                    P.when(&#8216;A&#8217;, &#8216;ready&#8217;).execute(function(A) {                        if (dpAcrHasRegisteredArcLinkClickAction !== true) {                            dpAcrHasRegisteredArcLinkClickAction = true;                            A.declarative(                                &#8216;acrLink-click-metrics&#8217;, &#8216;click&#8217;,                                { \u00aballowLinkDefault\u00bb: true },                                function (event) {                                    if (window.ue) {                                        ue.count(\u00abacrLinkClickCount\u00bb, (ue.count(\u00abacrLinkClickCount\u00bb) || 0) + 1);                                    }                                }                            );                        }                    });                                             P.when(&#8216;A&#8217;, &#8216;cf&#8217;).execute(function(A) {                A.declarative(&#8216;acrStarsLink-click-metrics&#8217;, &#8216;click&#8217;, { \u00aballowLinkDefault\u00bb : true },  function(event){                    if(window.ue) {                        ue.count(\u00abacrStarsLinkWithPopoverClickCount\u00bb, (ue.count(\u00abacrStarsLinkWithPopoverClickCount\u00bb) || 0) + 1);                    }                });            });                          <\/p>\n<p>14&#8243; Full HD 1920 x 1080 pixel display<br \/>Intel Celeron N4020 Processor (2C\/DualCore 1.1GHz, 4MB)<br \/>4GB SO-DIMM DDR4 RAM Memory<br \/>64GB eMMC Storage<br \/>Intel UHD Graphics 600 Integrated Graphics Card<br \/>Operating System: Windows 11 Home in S mode<\/p>\n\n","protected":false},"excerpt":{"rendered":"<p> From the manufacturer ASUS es una empresa multinacional establecida en Taiw\u00e1n desde 1989 que dise\u00f1a<\/p>","protected":false},"featured_media":24185,"comment_status":"open","ping_status":"closed","template":"","meta":[],"product_brand":[],"product_cat":[87],"product_tag":[566,568,850,557,367,555,563,7163,569,560,644,1611,518,159,550,556,3690,554,858,587,549,5273,684,548,552,553,551,537],"class_list":{"0":"post-24184","1":"product","2":"type-product","3":"status-publish","4":"has-post-thumbnail","6":"product_cat-ultrabook","7":"product_tag-4gb","8":"product_tag-64gb","9":"product_tag-asus","10":"product_tag-best-ultrabook","11":"product_tag-blue","12":"product_tag-business-ultrabook","13":"product_tag-celeron","14":"product_tag-e410maek007ws","15":"product_tag-emmc","16":"product_tag-full","17":"product_tag-graphics","18":"product_tag-inches","19":"product_tag-keyboard","20":"product_tag-laptop","21":"product_tag-lightweight-ultrabook","22":"product_tag-long-battery-ultrabook","23":"product_tag-n4020","24":"product_tag-premium-ultrabook","25":"product_tag-qwerty","26":"product_tag-ram","27":"product_tag-slim-ultrabook","28":"product_tag-spanish","29":"product_tag-uhd","30":"product_tag-ultrabook","31":"product_tag-ultrabook-14-inch","32":"product_tag-ultrabook-i7","33":"product_tag-ultrabook-with-ssd","34":"product_tag-windows","36":"first","37":"instock","38":"shipping-taxable","39":"product-type-external"},"_links":{"self":[{"href":"https:\/\/comprasyconsejos.store\/en\/wp-json\/wp\/v2\/product\/24184","targetHints":{"allow":["GET"]}}],"collection":[{"href":"https:\/\/comprasyconsejos.store\/en\/wp-json\/wp\/v2\/product"}],"about":[{"href":"https:\/\/comprasyconsejos.store\/en\/wp-json\/wp\/v2\/types\/product"}],"replies":[{"embeddable":true,"href":"https:\/\/comprasyconsejos.store\/en\/wp-json\/wp\/v2\/comments?post=24184"}],"version-history":[{"count":0,"href":"https:\/\/comprasyconsejos.store\/en\/wp-json\/wp\/v2\/product\/24184\/revisions"}],"wp:featuredmedia":[{"embeddable":true,"href":"https:\/\/comprasyconsejos.store\/en\/wp-json\/wp\/v2\/media\/24185"}],"wp:attachment":[{"href":"https:\/\/comprasyconsejos.store\/en\/wp-json\/wp\/v2\/media?parent=24184"}],"wp:term":[{"taxonomy":"product_brand","embeddable":true,"href":"https:\/\/comprasyconsejos.store\/en\/wp-json\/wp\/v2\/product_brand?post=24184"},{"taxonomy":"product_cat","embeddable":true,"href":"https:\/\/comprasyconsejos.store\/en\/wp-json\/wp\/v2\/product_cat?post=24184"},{"taxonomy":"product_tag","embeddable":true,"href":"https:\/\/comprasyconsejos.store\/en\/wp-json\/wp\/v2\/product_tag?post=24184"}],"curies":[{"name":"wp","href":"https:\/\/api.w.org\/{rel}","templated":true}]}}