{"id":24191,"date":"2026-02-19T05:20:22","date_gmt":"2026-02-19T05:20:22","guid":{"rendered":"https:\/\/comprasyconsejos.store\/product\/acer-aspire-go-15-ag15-42p-laptop-15-6-full-hd-amd-ryzen-5-5625u-16-gb-ram-512-gb-ssd-amd-radeon-graphics-windows-11-home-silver-spanish-qwerty-keyboard\/"},"modified":"2026-02-19T05:20:27","modified_gmt":"2026-02-19T05:20:27","slug":"acer-aspire-go-15-ag15-42p-laptop-15-6-full-hd-amd-ryzen-5-5625u-16-gb-ram-512-gb-ssd-amd-radeon-graphics-windows-11-home-silver-spanish-qwerty-keyboard","status":"publish","type":"product","link":"https:\/\/comprasyconsejos.store\/en\/product\/acer-aspire-go-15-ag15-42p-laptop-15-6-full-hd-amd-ryzen-5-5625u-16-gb-ram-512-gb-ssd-amd-radeon-graphics-windows-11-home-silver-spanish-qwerty-keyboard\/","title":{"rendered":"acer Aspire Go 15 AG15-42P, Laptop 15.6&#8243; Full HD (AMD Ryzen 5 5625U, 16 GB RAM, 512 GB SSD, AMD Radeon Graphics, Windows 11 Home), Silver, Spanish QWERTY Keyboard"},"content":{"rendered":"<p>Price: <span style=\"color:#b12704\"><del>\u20ac549.00<\/del> - \u20ac519.00<\/span><br \/><i><small>(as of Feb 19, 2026 05:20:22 UTC &#8211; <span class=\"wp_automatic_amazon_disclaimer\" title=\"Product prices and availability are accurate as of the date\/time indicated and are subject to change. Any price and availability information displayed on [relevant Amazon Site(s), as applicable] at the time of purchase will apply to the purchase of this product.\">Details<\/span>)<\/small><\/i><\/p>\n<p><a href=\"https:\/\/amazon.es\/dp\/B0F454GC8S?tag=man008-21\"><img decoding=\"async\" src=\"https:\/\/valvepress.s3.amazonaws.com\/imgs\/buy_now.png\"><\/a><br \/>\n<\/p>\n<p>                                             From the manufacturer   <\/p>\n<p>                                                                                                       <img decoding=\"async\" alt=\"aplus content image\" src=\"https:\/\/images-na.ssl-images-amazon.com\/images\/G\/01\/x-locale\/common\/grey-pixel.gif\" class=\"a-lazy-loaded\" data-src=\"https:\/\/m.media-amazon.com\/images\/S\/aplus-media-library-service-media\/23b4b640-5cb4-4ddf-9a0c-2ddc4c4fdcbf.__CR0,0,1464,600_PT0_SX1464_V1___.jpg\"><img decoding=\"async\" alt=\"aplus content image\" src=\"https:\/\/m.media-amazon.com\/images\/S\/aplus-media-library-service-media\/23b4b640-5cb4-4ddf-9a0c-2ddc4c4fdcbf.__CR0,0,1464,600_PT0_SX1464_V1___.jpg\">                                               <\/p>\n<p>                                                                                                       <img decoding=\"async\" alt=\"Aspire 15\" src=\"https:\/\/images-na.ssl-images-amazon.com\/images\/G\/01\/x-locale\/common\/grey-pixel.gif\" class=\"a-lazy-loaded\" data-src=\"https:\/\/m.media-amazon.com\/images\/S\/aplus-media-library-service-media\/68278ed1-5c3a-4259-ba7a-33ba15c06b81.__CR0,0,1464,600_PT0_SX1464_V1___.jpg\"><img decoding=\"async\" alt=\"Aspire 15\" src=\"https:\/\/m.media-amazon.com\/images\/S\/aplus-media-library-service-media\/68278ed1-5c3a-4259-ba7a-33ba15c06b81.__CR0,0,1464,600_PT0_SX1464_V1___.jpg\">                                                                                    RENDIMIENTO Y PRODUCTIVIDAD EXCEPCIONALES                                        <\/p>\n<p class=\"aplus-p2 aplus-module-2-description\"> Experimenta un rendimiento fluido y con gran capacidad de respuesta gracias a un procesador AMD Ryzen 5 5625U y 16 GB de memoria. Disfruta de una mayor productividad gracias a la excepcional duraci\u00f3n de la bater\u00eda y la compatibilidad con Copilot, la IA que te acompa\u00f1a en tu d\u00eda a d\u00eda. <\/p>\n<p>                                                                                                       <img decoding=\"async\" alt=\"Aspire 15\" src=\"https:\/\/images-na.ssl-images-amazon.com\/images\/G\/01\/x-locale\/common\/grey-pixel.gif\" class=\"a-lazy-loaded\" data-src=\"https:\/\/m.media-amazon.com\/images\/S\/aplus-media-library-service-media\/593a5287-733f-4a38-9905-683caddf12db.__CR0,0,1464,600_PT0_SX1464_V1___.jpg\"><img decoding=\"async\" alt=\"Aspire 15\" src=\"https:\/\/m.media-amazon.com\/images\/S\/aplus-media-library-service-media\/593a5287-733f-4a38-9905-683caddf12db.__CR0,0,1464,600_PT0_SX1464_V1___.jpg\">                                                                                    IM\u00c1GENES INMERSIVAS                                        <\/p>\n<p class=\"aplus-p2 aplus-module-2-description\"> Aspire Go, con su pantalla de 15,6 pulgadas con resoluci\u00f3n FullHD y relaci\u00f3n de aspecto 16:9, est\u00e1 preparado para satisfacer tus necesidades espec\u00edficas. <\/p>\n<p>                                                                                                       <img decoding=\"async\" alt=\"Aspire 15\" src=\"https:\/\/images-na.ssl-images-amazon.com\/images\/G\/01\/x-locale\/common\/grey-pixel.gif\" class=\"a-lazy-loaded\" data-src=\"https:\/\/m.media-amazon.com\/images\/S\/aplus-media-library-service-media\/98d16673-52d6-45d9-81dd-36b1d1f5cca6.__CR0,0,1464,600_PT0_SX1464_V1___.jpg\"><img decoding=\"async\" alt=\"Aspire 15\" src=\"https:\/\/m.media-amazon.com\/images\/S\/aplus-media-library-service-media\/98d16673-52d6-45d9-81dd-36b1d1f5cca6.__CR0,0,1464,600_PT0_SX1464_V1___.jpg\">                                                                                    CONEXIONES SIN COMPLICACIONES                                        <\/p>\n<p class=\"aplus-p2 aplus-module-2-description\"> Mant\u00e9n la conexi\u00f3n sin problemas gracias a tres puertos USB 3.2, HDMI, Wi-Fi 802.11ax y Bluetooth 5.1. Todo ello en un dise\u00f1o de aluminio delgado y ligero, creado para ofrecer comodidad y versatilidad en cualquier lugar. <\/p>\n<p>                                                                                                       <img decoding=\"async\" alt=\"aplus content image\" src=\"https:\/\/images-na.ssl-images-amazon.com\/images\/G\/01\/x-locale\/common\/grey-pixel.gif\" class=\"a-lazy-loaded\" data-src=\"https:\/\/m.media-amazon.com\/images\/S\/aplus-media-library-service-media\/a79137df-adb4-4c25-8c47-2f39356e612f.__CR0,0,1464,600_PT0_SX1464_V1___.jpg\"><img decoding=\"async\" alt=\"aplus content image\" src=\"https:\/\/m.media-amazon.com\/images\/S\/aplus-media-library-service-media\/a79137df-adb4-4c25-8c47-2f39356e612f.__CR0,0,1464,600_PT0_SX1464_V1___.jpg\">                                                                                    OPTIMIZACI\u00d3N SIN ESFUERZO                                        <\/p>\n<p class=\"aplus-p2 aplus-module-2-description\"> El control intuitivo del dispositivo est\u00e1 a tu alcance con solo tocar un bot\u00f3n gracias a AcerSense, que gestiona la duraci\u00f3n de la bater\u00eda, el almacenamiento y las aplicaciones para obtener un rendimiento \u00f3ptimo. <\/p>\n<h3 class=\"a-text-center aplus-h1 a-text-bold\"> ACCESORIOS ACER <\/h3>\n<p>                         Add To Basket  <\/p>\n<p>                         Add To Basket  <\/p>\n<p>                                     Customer Reviews  <\/p>\n<p>                    4.3 out of 5 stars  110  <\/p>\n<p>                    4.3 out of 5 stars  35  <\/p>\n<p>                    4.5 out of 5 stars  275  <\/p>\n<p>                    4.2 out of 5 stars  56  <\/p>\n<p>                    3.3 out of 5 stars  9  <\/p>\n<p>                                     Price  <\/p>\n<p>                                                        \u2014    <\/p>\n<p>                                                        \u20ac18.53\u20ac18.53     <\/p>\n<p>                                                        \u2014    <\/p>\n<p>                                                        \u2014    <\/p>\n<p>                                                        \u20ac78.35\u20ac78.35     <\/p>\n<p>                                     Descripci\u00f3n  <\/p>\n<p>                                                Rat\u00f3n inal\u00e1mbrico    <\/p>\n<p>                                                Auriculares con cable    <\/p>\n<p>                                                Funda ordenadores y tablets     <\/p>\n<p>                                                Adaptador USB Tipo C    <\/p>\n<p>                                                Estaci\u00f3n de carga USB Tipo C    <\/p>\n<p>                                     Color  <\/p>\n<p>                                                Negro    <\/p>\n<p>                                                Negro    <\/p>\n<p>                                                Gris    <\/p>\n<p>                                                Plata    <\/p>\n<p>                                                Negro \/ Plata    <\/p>\n<p>                                     Conexiones  <\/p>\n<p>                                                Bluetooth    <\/p>\n<p>                                                Jack de 3,5 mm    <\/p>\n<p>                                                    \u2014    <\/p>\n<p>                                                USB, HDMI, DP, LAN, Audio    <\/p>\n<p>                                                USB, HDMI, DP, LAN, Audio    <\/p>\n<p>                                     Compatible con Aspire Go 15  <\/p>\n<p>                                                    \u2714       <\/p>\n<p>                                                    \u2714       <\/p>\n<p>                                                    \u2714       <\/p>\n<p>                                                    \u2714       <\/p>\n<p>                                                    \u2714       <\/p>\n<p>                                     Material  <\/p>\n<p>                                                Pl\u00e1stico    <\/p>\n<p>                                                Pl\u00e1stico    <\/p>\n<p>                                                Tejido impermeable    <\/p>\n<p>                                                Metal    <\/p>\n<p>                                                Metal    <\/p>\n<p> Batteries                                            \u200f                                            :                                            \u200e                                            1 12V batteries required.   <br \/> Package Dimensions                                            \u200f                                            :                                            \u200e                                            50.1 x 30.9 x 7.4 cm; 2.68 kg   <br \/> Manufacturer                                            \u200f                                            :                                            \u200e                                            Acer   <br \/> ASIN                                            \u200f                                            :                                            \u200e                                            B0F454GC8S   <br \/> Item model number                                            \u200f                                            :                                            \u200e                                            NX.J7WEB.01Z   <br \/> Country of origin                                            \u200f                                            :                                            \u200e                                            China   <br \/> Guaranteed software updates until                                            \u200f                                            :                                            \u200e                                            unknown   <\/p>\n<p>15.6&#8243; Full HD TN LCD screen 1920&#215;1080 pixels, 60Hz<br \/>AMD Ryzen 5 5625U Processor, 2.3 GHz<br \/>16GB DDR4 SODIMM RAM Memory<br \/>512GB PCI Express Storage<br \/>AMD Radeon Graphics Card<br \/>Operating System: Windows 11 Home<\/p>\n\n","protected":false},"excerpt":{"rendered":"<p> From the manufacturer RENDIMIENTO Y PRODUCTIVIDAD EXCEPCIONALES Experimenta un rendimiento fluido y con gran capacidad<\/p>","protected":false},"featured_media":24192,"comment_status":"open","ping_status":"closed","template":"","meta":[],"product_brand":[],"product_cat":[86],"product_tag":[526,7165,558,7164,530,4064,520,560,519,524,521,525,522,644,523,626,518,159,528,858,897,587,527,531,366,5273,513,537],"class_list":{"0":"post-24191","1":"product","2":"type-product","3":"status-publish","4":"has-post-thumbnail","6":"product_cat-gaming-laptop","7":"product_tag-144hz-gaming-laptop","8":"product_tag-5625u","9":"product_tag-acer","10":"product_tag-ag1542p","11":"product_tag-amd","12":"product_tag-aspire","13":"product_tag-best-gaming-laptop","14":"product_tag-full","15":"product_tag-gaming-laptop","16":"product_tag-gaming-laptop-16gb-ram","17":"product_tag-gaming-laptop-rtx","18":"product_tag-gaming-laptop-ssd","19":"product_tag-gaming-laptop-under-budget","20":"product_tag-graphics","21":"product_tag-high-performance-laptop","22":"product_tag-home","23":"product_tag-keyboard","24":"product_tag-laptop","25":"product_tag-portable-gaming-laptop","26":"product_tag-qwerty","27":"product_tag-radeon","28":"product_tag-ram","29":"product_tag-rgb-gaming-laptop","30":"product_tag-ryzen","31":"product_tag-silver","32":"product_tag-spanish","33":"product_tag-ssd","34":"product_tag-windows","36":"first","37":"instock","38":"sale","39":"shipping-taxable","40":"product-type-external"},"_links":{"self":[{"href":"https:\/\/comprasyconsejos.store\/en\/wp-json\/wp\/v2\/product\/24191","targetHints":{"allow":["GET"]}}],"collection":[{"href":"https:\/\/comprasyconsejos.store\/en\/wp-json\/wp\/v2\/product"}],"about":[{"href":"https:\/\/comprasyconsejos.store\/en\/wp-json\/wp\/v2\/types\/product"}],"replies":[{"embeddable":true,"href":"https:\/\/comprasyconsejos.store\/en\/wp-json\/wp\/v2\/comments?post=24191"}],"version-history":[{"count":0,"href":"https:\/\/comprasyconsejos.store\/en\/wp-json\/wp\/v2\/product\/24191\/revisions"}],"wp:featuredmedia":[{"embeddable":true,"href":"https:\/\/comprasyconsejos.store\/en\/wp-json\/wp\/v2\/media\/24192"}],"wp:attachment":[{"href":"https:\/\/comprasyconsejos.store\/en\/wp-json\/wp\/v2\/media?parent=24191"}],"wp:term":[{"taxonomy":"product_brand","embeddable":true,"href":"https:\/\/comprasyconsejos.store\/en\/wp-json\/wp\/v2\/product_brand?post=24191"},{"taxonomy":"product_cat","embeddable":true,"href":"https:\/\/comprasyconsejos.store\/en\/wp-json\/wp\/v2\/product_cat?post=24191"},{"taxonomy":"product_tag","embeddable":true,"href":"https:\/\/comprasyconsejos.store\/en\/wp-json\/wp\/v2\/product_tag?post=24191"}],"curies":[{"name":"wp","href":"https:\/\/api.w.org\/{rel}","templated":true}]}}