{"id":24232,"date":"2026-02-19T05:53:42","date_gmt":"2026-02-19T05:53:42","guid":{"rendered":"https:\/\/comprasyconsejos.store\/product\/usb-wifi-adapter-for-pc-dual-band-5ghz-2-4ghz-usb-3-0-adjustable-external-wi-fi-antenna-wireless-network-card-receiver-compatible-with-windows-11-10-8-1-8-7-xp-mac-os-10-6-10-15\/"},"modified":"2026-02-19T05:53:48","modified_gmt":"2026-02-19T05:53:48","slug":"usb-wifi-adapter-for-pc-dual-band-5ghz-2-4ghz-usb-3-0-adjustable-external-wi-fi-antenna-wireless-network-card-receiver-compatible-with-windows-11-10-8-1-8-7-xp-mac-os-10-6-10-15","status":"publish","type":"product","link":"https:\/\/comprasyconsejos.store\/en\/product\/usb-wifi-adapter-for-pc-dual-band-5ghz-2-4ghz-usb-3-0-adjustable-external-wi-fi-antenna-wireless-network-card-receiver-compatible-with-windows-11-10-8-1-8-7-xp-mac-os-10-6-10-15\/","title":{"rendered":"USB WiFi Adapter for PC, Dual Band 5GHz\/2.4GHz, USB 3.0, Adjustable External Wi-Fi Antenna, Wireless Network Card Receiver, Compatible with Windows 11\/10\/8.1\/8\/7\/XP, Mac OS 10.6-10.15"},"content":{"rendered":"<p>Price: <span style=\"color:#b12704\">\u20ac14.99<\/span><br \/><i><small>(as of Feb 19, 2026 05:53:42 UTC &#8211; <span class=\"wp_automatic_amazon_disclaimer\" title=\"Product prices and availability are accurate as of the date\/time indicated and are subject to change. Any price and availability information displayed on [relevant Amazon Site(s), as applicable] at the time of purchase will apply to the purchase of this product.\">Details<\/span>)<\/small><\/i><\/p>\n<p><a href=\"https:\/\/amazon.es\/dp\/B0DL5ML4CJ?tag=man008-21\"><img decoding=\"async\" src=\"https:\/\/valvepress.s3.amazonaws.com\/imgs\/buy_now.png\"><\/a><br \/>\n<\/p>\n<p>                                             Product Description   <\/p>\n<h3 class=\"a-spacing-mini\"> Revitalice su viejo o lento ordenador de sobremesa o port\u00e1til con nuestro adaptador wifi 1300Mbps <\/h3>\n<p>                                          <img decoding=\"async\" alt=\"AC1300 con frecuencias de doble banda de 5 GHz y 2,4 GHz. Las caracter\u00edsticas incluyen seguridad USB 3.0, MU-MIMO y WPA2. El producto se muestra\" src=\"https:\/\/images-na.ssl-images-amazon.com\/images\/G\/01\/x-locale\/common\/grey-pixel.gif\" class=\"a-spacing-base a-lazy-loaded\" data-src=\"https:\/\/m.media-amazon.com\/images\/S\/aplus-media-library-service-media\/648aae1e-4bac-48a1-8ca4-09c46951d551.__CR0,0,970,600_PT0_SX970_V1___.jpg\"><img decoding=\"async\" alt=\"AC1300 con frecuencias de doble banda de 5 GHz y 2,4 GHz. Las caracter\u00edsticas incluyen seguridad USB 3.0, MU-MIMO y WPA2. El producto se muestra\" src=\"https:\/\/m.media-amazon.com\/images\/S\/aplus-media-library-service-media\/648aae1e-4bac-48a1-8ca4-09c46951d551.__CR0,0,970,600_PT0_SX970_V1___.jpg\">                                                                       <\/p>\n<p>                                                                             <img decoding=\"async\" alt=\"Imagen dividida que muestra a dos personas usando computadoras port\u00e1tiles. Izquierda: Persona sentada en el escritorio con poca luz. Derecha: persona con auriculares en el escritorio con varios monitores que muestran escenas de juegos.\" src=\"https:\/\/images-na.ssl-images-amazon.com\/images\/G\/01\/x-locale\/common\/grey-pixel.gif\" class=\"a-spacing-base a-lazy-loaded\" data-src=\"https:\/\/m.media-amazon.com\/images\/S\/aplus-media-library-service-media\/7913359a-d9cf-400c-bfa8-268ee4142c87.__CR0,0,970,600_PT0_SX970_V1___.jpg\"><img decoding=\"async\" alt=\"Imagen dividida que muestra a dos personas usando computadoras port\u00e1tiles. Izquierda: Persona sentada en el escritorio con poca luz. Derecha: persona con auriculares en el escritorio con varios monitores que muestran escenas de juegos.\" src=\"https:\/\/m.media-amazon.com\/images\/S\/aplus-media-library-service-media\/7913359a-d9cf-400c-bfa8-268ee4142c87.__CR0,0,970,600_PT0_SX970_V1___.jpg\">                                         <\/p>\n<h3 class=\"a-spacing-mini\"> Velocidad WiFi ultrarr\u00e1pida: hasta 1300Mbps (867 Mbps en 5 GHz y 400 Mbps en 2,4 GHz) con el est\u00e1ndar 802.11ac. <\/h3>\n<p class=\"apm-text-center\">\n                                                      <img decoding=\"async\" alt=\"El dispositivo electr\u00f3nico negro se muestra sobre un fondo oscuro con espectaculares rayas de luz azul, lo que sugiere funciones de alta tecnolog\u00eda o potencia.\" src=\"https:\/\/images-na.ssl-images-amazon.com\/images\/G\/01\/x-locale\/common\/grey-pixel.gif\" class=\"a-spacing-mini a-lazy-loaded\" data-src=\"https:\/\/m.media-amazon.com\/images\/S\/aplus-media-library-service-media\/73fbb483-08ff-4e37-a5e8-dd35e9805d40.__CR0,0,1000,1000_PT0_SX300_V1___.jpg\"><img decoding=\"async\" alt=\"El dispositivo electr\u00f3nico negro se muestra sobre un fondo oscuro con espectaculares rayas de luz azul, lo que sugiere funciones de alta tecnolog\u00eda o potencia.\" src=\"https:\/\/m.media-amazon.com\/images\/S\/aplus-media-library-service-media\/73fbb483-08ff-4e37-a5e8-dd35e9805d40.__CR0,0,1000,1000_PT0_SX300_V1___.jpg\">  <\/p>\n<p>                                                    Velocidades de hasta 1300Mbps                                       <\/p>\n<p> Receptor WiFi 1300 Mbps. Velocidad de hasta 400 Mbps en 2,4 GHz y hasta 867 Mbps en 5GHz, para que puedas navegar por Internet o jugar online m\u00e1s r\u00e1pido. <\/p>\n<p class=\"apm-text-center\">\n                                                      <img decoding=\"async\" alt=\"Ilustraci\u00f3n t\u00e9cnica del producto que muestra un dispositivo negro con l\u00edneas de movimiento circulares azules que indican las funciones inal\u00e1mbricas o de conectividad.\" src=\"https:\/\/images-na.ssl-images-amazon.com\/images\/G\/01\/x-locale\/common\/grey-pixel.gif\" class=\"a-spacing-mini a-lazy-loaded\" data-src=\"https:\/\/m.media-amazon.com\/images\/S\/aplus-media-library-service-media\/d150ecd9-3910-4993-a3d6-6329cdc9c967.__CR0,0,1000,1000_PT0_SX300_V1___.jpg\"><img decoding=\"async\" alt=\"Ilustraci\u00f3n t\u00e9cnica del producto que muestra un dispositivo negro con l\u00edneas de movimiento circulares azules que indican las funciones inal\u00e1mbricas o de conectividad.\" src=\"https:\/\/m.media-amazon.com\/images\/S\/aplus-media-library-service-media\/d150ecd9-3910-4993-a3d6-6329cdc9c967.__CR0,0,1000,1000_PT0_SX300_V1___.jpg\">  <\/p>\n<p>                                                    Antena de alta ganancia                                       <\/p>\n<p> La antena 2*5dBi de la adaptador wifi para PC se puede inclinar en varias direcciones. Permite que su dispositivo tenga una conexi\u00f3n m\u00e1s estable y fluida con la red. <\/p>\n<p class=\"apm-text-center\">\n                                                      <img decoding=\"async\" alt=\"aplus content image\" src=\"https:\/\/images-na.ssl-images-amazon.com\/images\/G\/01\/x-locale\/common\/grey-pixel.gif\" class=\"a-spacing-mini a-lazy-loaded\" data-src=\"https:\/\/m.media-amazon.com\/images\/S\/aplus-media-library-service-media\/d00f010c-63f0-457c-8298-9059251ac794.__CR0,0,1000,1000_PT0_SX300_V1___.jpg\"><img decoding=\"async\" alt=\"aplus content image\" src=\"https:\/\/m.media-amazon.com\/images\/S\/aplus-media-library-service-media\/d00f010c-63f0-457c-8298-9059251ac794.__CR0,0,1000,1000_PT0_SX300_V1___.jpg\">  <\/p>\n<p>                                                    Conexi\u00f3n USB 3.0                                       <\/p>\n<p> Nuestra memoria USB wifi para PC tiene una interfaz USB 3.0, que es 10 veces m\u00e1s r\u00e1pida que la USB 2.0 y permite una transmisi\u00f3n m\u00e1s r\u00e1pida y estable. <\/p>\n<h3 class=\"a-spacing-mini\"> La disipaci\u00f3n eficiente del calor permite un largo tiempo de funcionamiento sin afectar a la funcionalidad. <\/h3>\n<p>                                          <img decoding=\"async\" alt=\"con dos antenas ajustables de 5 dBi. Se muestra el dispositivo que aumenta la intensidad de la se\u00f1al, con c\u00edrculos conc\u00e9ntricos azules. Las im\u00e1genes insertadas destacan las caracter\u00edsticas de durabilidad y conectividad\" src=\"https:\/\/images-na.ssl-images-amazon.com\/images\/G\/01\/x-locale\/common\/grey-pixel.gif\" class=\"a-spacing-base a-lazy-loaded\" data-src=\"https:\/\/m.media-amazon.com\/images\/S\/aplus-media-library-service-media\/1c28b9e9-b24a-4687-9705-a19f61d2e453.__CR0,0,970,600_PT0_SX970_V1___.jpg\"><img decoding=\"async\" alt=\"con dos antenas ajustables de 5 dBi. Se muestra el dispositivo que aumenta la intensidad de la se\u00f1al, con c\u00edrculos conc\u00e9ntricos azules. Las im\u00e1genes insertadas destacan las caracter\u00edsticas de durabilidad y conectividad\" src=\"https:\/\/m.media-amazon.com\/images\/S\/aplus-media-library-service-media\/1c28b9e9-b24a-4687-9705-a19f61d2e453.__CR0,0,970,600_PT0_SX970_V1___.jpg\">                                                                       <\/p>\n<p>                                                                             <img decoding=\"async\" alt=\"con dos antenas, que se muestra junto a un port\u00e1til y un monitor con el logotipo de Windows 11. El producto se anuncia como compatible con Windows 11\/10 y listo para conectar y usar,\" src=\"https:\/\/images-na.ssl-images-amazon.com\/images\/G\/01\/x-locale\/common\/grey-pixel.gif\" class=\"a-spacing-base a-lazy-loaded\" data-src=\"https:\/\/m.media-amazon.com\/images\/S\/aplus-media-library-service-media\/4b38b7af-6b01-4d09-b218-a2e19faa6f06.__CR0,0,970,600_PT0_SX970_V1___.jpg\"><img decoding=\"async\" alt=\"con dos antenas, que se muestra junto a un port\u00e1til y un monitor con el logotipo de Windows 11. El producto se anuncia como compatible con Windows 11\/10 y listo para conectar y usar,\" src=\"https:\/\/m.media-amazon.com\/images\/S\/aplus-media-library-service-media\/4b38b7af-6b01-4d09-b218-a2e19faa6f06.__CR0,0,970,600_PT0_SX970_V1___.jpg\">                                         <\/p>\n<h3 class=\"a-spacing-mini\"> Amplia compatibilidad <\/h3>\n<p class=\"a-spacing-base\"> El adaptador de red inal\u00e1mbrico es compatible con los sistemas Windows 11 \/ 10 \/ 8 \/ 8.1 \/ 7 \/ Vista \/ XP, Mac OS 10.9-10.15. El adaptador wifi usb para pc de sobremesa admite la instalaci\u00f3n sin controladores para Win11\/10. <\/p>\n<p>                                                                             <img decoding=\"async\" alt=\"en el escritorio con un teclado colorido y una gran pantalla que muestra la escena espacial. El texto indica que ampl\u00eda la conectividad del PC de escritorio con conexiones r\u00e1pidas y estables.\" src=\"https:\/\/images-na.ssl-images-amazon.com\/images\/G\/01\/x-locale\/common\/grey-pixel.gif\" class=\"a-spacing-base a-lazy-loaded\" data-src=\"https:\/\/m.media-amazon.com\/images\/S\/aplus-media-library-service-media\/7c3ad087-3456-4930-9858-5f5a4c45874f.__CR0,0,970,600_PT0_SX970_V1___.jpg\"><img decoding=\"async\" alt=\"en el escritorio con un teclado colorido y una gran pantalla que muestra la escena espacial. El texto indica que ampl\u00eda la conectividad del PC de escritorio con conexiones r\u00e1pidas y estables.\" src=\"https:\/\/m.media-amazon.com\/images\/S\/aplus-media-library-service-media\/7c3ad087-3456-4930-9858-5f5a4c45874f.__CR0,0,970,600_PT0_SX970_V1___.jpg\">                                                                    <\/p>\n<p>                                                  <img decoding=\"async\" alt=\"Imagen de tres paneles que muestra un router Wi-Fi y dos ordenadores port\u00e1tiles. Los paneles muestran la conectividad del dispositivo y las pantallas en fondos oscuros\" src=\"https:\/\/images-na.ssl-images-amazon.com\/images\/G\/01\/x-locale\/common\/grey-pixel.gif\" class=\"a-lazy-loaded\" data-src=\"https:\/\/m.media-amazon.com\/images\/S\/aplus-media-library-service-media\/cbf7009a-ab68-4a8e-9b2e-cb6494c2de1a.__CR0,0,970,300_PT0_SX970_V1___.jpg\"><img decoding=\"async\" alt=\"Imagen de tres paneles que muestra un router Wi-Fi y dos ordenadores port\u00e1tiles. Los paneles muestran la conectividad del dispositivo y las pantallas en fondos oscuros\" src=\"https:\/\/m.media-amazon.com\/images\/S\/aplus-media-library-service-media\/cbf7009a-ab68-4a8e-9b2e-cb6494c2de1a.__CR0,0,970,300_PT0_SX970_V1___.jpg\">  <\/p>\n<h3> F\u00e1cil instalaci\u00f3n Plug &amp; Play <\/h3>\n<p> No se necesitan conocimientos t\u00e9cnicos-simplemente inserte el adaptador, Instalar el driver, conecte a trav\u00e9s de la USB , y disfrutar de WiFi estable en cuesti\u00f3n de minutos. <\/p>\n<p> Package Dimensions                                            \u200f                                            :                                            \u200e                                            12 x 9.1 x 1.9 cm; 40 g   <br \/> Manufacturer                                            \u200f                                            :                                            \u200e                                            Aigital   <br \/> ASIN                                            \u200f                                            :                                            \u200e                                            B0DL5ML4CJ   <br \/> Country\/Region of Origin                                            \u200f                                            :                                            \u200e                                            China   <br \/> Guaranteed software updates until                                            \u200f                                            :                                            \u200e                                            unknown   <br \/>  Customer reviews:                                                                                            4.4               4.4 out of 5 stars                                  (151)                                              var dpAcrHasRegisteredArcLinkClickAction;                    P.when(&#8216;A&#8217;, &#8216;ready&#8217;).execute(function(A) {                        if (dpAcrHasRegisteredArcLinkClickAction !== true) {                            dpAcrHasRegisteredArcLinkClickAction = true;                            A.declarative(                                &#8216;acrLink-click-metrics&#8217;, &#8216;click&#8217;,                                { \u00aballowLinkDefault\u00bb: true },                                function (event) {                                    if (window.ue) {                                        ue.count(\u00abacrLinkClickCount\u00bb, (ue.count(\u00abacrLinkClickCount\u00bb) || 0) + 1);                                    }                                }                            );                        }                    });                                             P.when(&#8216;A&#8217;, &#8216;cf&#8217;).execute(function(A) {                A.declarative(&#8216;acrStarsLink-click-metrics&#8217;, &#8216;click&#8217;, { \u00aballowLinkDefault\u00bb : true },  function(event){                    if(window.ue) {                        ue.count(\u00abacrStarsLinkWithPopoverClickCount\u00bb, (ue.count(\u00abacrStarsLinkWithPopoverClickCount\u00bb) || 0) + 1);                    }                });            });                          <\/p>\n<p>\u30101300Mbps Fast and Stable Network Connection\u3011The usb wifi adapter offers dual-band speeds up to 1300Mbps (400Mbps on 2.4GHz and 867Mbps on 5GHz). Higher transfer speed than other WiFi adapters, dual-band performance is stable and reduces interference and latency, so you can surf the internet or play online games faster.<br \/>\u30102 High Gain Antennas\u3011 The WiFi adapter is equipped with two high-gain antennas and the antennas support 180\u00b0 directional rotation. Get a stable connection from further afield and high-quality MU-MIMO technology. High charging and downloading speeds even with multiple connected devices at once.<br \/>\u3010High Speed USB 3.0\u3011Fast data transfer experience up to 5Gbps with USB 3.0, the latest standard USB connectivity. USB 3.0 transfers data up to 10 times faster than USB 2.0 and is backward compatible with USB 2.0. If you want to get high speeds you will need to plug it into a USB 3.0 port.<br \/>\u3010MU-MIMO Technology\u3011USB WiFi for PC supports MU-MIMO technology to service more devices at the same time without multiple signals interfering with each other. With this technology, WiFi adapters can optimize the network experience of all devices.<br \/>\u3010Wide Compatibility\u3011 The WiFi adapter is compatible with Windows 11\/10\/8\/8.1\/7, Mac 10.9-10.15 operating systems. Windows 11\/10 does not need to download the driver separately, providing a wide range of compatibility and making it easy to use for everyone. Supports WPA-PSK\/WPA2-PSK\/WEP\/WPA\/WPA2 encryption standards to improve work safety.<br \/>\u3010Notes\u3011 Before installing and using, please uninstall the drivers of other USB adapters on the computer to avoid conflicts with our USB WiFi Adapter for PC. If you lose a higher speed, collegarlo all&#8217;interfaccia USB 3.0, if it uses nel PC, collegarlo alla porta USB posteriore per una maggiore potenza. Driver link: https:\/\/drive.google.com\/file\/d\/1QybBOSqP2w-ddstK6TftYs43onCMDXKq\/view?usp=sharing<\/p>\n\n","protected":false},"excerpt":{"rendered":"<p> Product Description Revitalice su viejo o lento ordenador de sobremesa o port\u00e1til con nuestro adaptador<\/p>","protected":false},"featured_media":24233,"comment_status":"open","ping_status":"closed","template":"","meta":[],"product_brand":[],"product_cat":[72],"product_tag":[7174,2871,5500,144,876,3454,2217,1420,201,298,2110,1476,2116,2114,774,2118,1719,2112,770,133,2108,543,2104,2120,2102,537,226,2106],"class_list":{"0":"post-24232","1":"product","2":"type-product","3":"status-publish","4":"has-post-thumbnail","6":"product_cat-wifi-sticks","7":"product_tag-10-610-15","8":"product_tag-11108-187xp","9":"product_tag-5ghz2-4ghz","10":"product_tag-adapter","11":"product_tag-adjustable","12":"product_tag-antenna","13":"product_tag-band","14":"product_tag-card","15":"product_tag-compatible","16":"product_tag-dual","17":"product_tag-dual-band-wifi-adapter","18":"product_tag-external","19":"product_tag-high-speed-wifi-usb","20":"product_tag-laptop-wifi-adapter","21":"product_tag-mac","22":"product_tag-mini-wifi-adapter","23":"product_tag-network","24":"product_tag-pc-wifi-adapter","25":"product_tag-receiver","26":"product_tag-usb","27":"product_tag-usb-wifi-dongle","28":"product_tag-wifi","29":"product_tag-wifi-stick","30":"product_tag-wifi-stick-price","31":"product_tag-wifi-usb-adapter","32":"product_tag-windows","33":"product_tag-wireless","34":"product_tag-wireless-usb-adapter","36":"first","37":"instock","38":"shipping-taxable","39":"product-type-external"},"_links":{"self":[{"href":"https:\/\/comprasyconsejos.store\/en\/wp-json\/wp\/v2\/product\/24232","targetHints":{"allow":["GET"]}}],"collection":[{"href":"https:\/\/comprasyconsejos.store\/en\/wp-json\/wp\/v2\/product"}],"about":[{"href":"https:\/\/comprasyconsejos.store\/en\/wp-json\/wp\/v2\/types\/product"}],"replies":[{"embeddable":true,"href":"https:\/\/comprasyconsejos.store\/en\/wp-json\/wp\/v2\/comments?post=24232"}],"version-history":[{"count":0,"href":"https:\/\/comprasyconsejos.store\/en\/wp-json\/wp\/v2\/product\/24232\/revisions"}],"wp:featuredmedia":[{"embeddable":true,"href":"https:\/\/comprasyconsejos.store\/en\/wp-json\/wp\/v2\/media\/24233"}],"wp:attachment":[{"href":"https:\/\/comprasyconsejos.store\/en\/wp-json\/wp\/v2\/media?parent=24232"}],"wp:term":[{"taxonomy":"product_brand","embeddable":true,"href":"https:\/\/comprasyconsejos.store\/en\/wp-json\/wp\/v2\/product_brand?post=24232"},{"taxonomy":"product_cat","embeddable":true,"href":"https:\/\/comprasyconsejos.store\/en\/wp-json\/wp\/v2\/product_cat?post=24232"},{"taxonomy":"product_tag","embeddable":true,"href":"https:\/\/comprasyconsejos.store\/en\/wp-json\/wp\/v2\/product_tag?post=24232"}],"curies":[{"name":"wp","href":"https:\/\/api.w.org\/{rel}","templated":true}]}}