{"id":24260,"date":"2026-02-19T06:13:45","date_gmt":"2026-02-19T06:13:45","guid":{"rendered":"https:\/\/comprasyconsejos.store\/product\/thermalright-axp120-x67-low-profile-cpu-air-cooler-with-120mm-pwm-fan-tl-c12015-4-heat-pipes-67mm-height-for-amd-am4-intel-lga-1700-1150-1151-1155-1156-1200-200-200-11-20-38-uk\/"},"modified":"2026-02-19T06:13:52","modified_gmt":"2026-02-19T06:13:52","slug":"thermalright-axp120-x67-low-profile-cpu-air-cooler-with-120mm-pwm-fan-tl-c12015-4-heat-pipes-67mm-height-for-amd-am4-intel-lga-1700-1150-1151-1155-1156-1200-200-200-11-20-38-uk","status":"publish","type":"product","link":"https:\/\/comprasyconsejos.store\/en\/product\/thermalright-axp120-x67-low-profile-cpu-air-cooler-with-120mm-pwm-fan-tl-c12015-4-heat-pipes-67mm-height-for-amd-am4-intel-lga-1700-1150-1151-1155-1156-1200-200-200-11-20-38-uk\/","title":{"rendered":"Thermalright AXP120-X67 Low Profile CPU Air Cooler with 120mm PWM Fan TL-C12015 4 Heat Pipes 67mm Height for AMD AM4\/Intel LGA 1700\/1150\/1151\/1155\/1156\/1200\/200\/200 11\/20 38 UK"},"content":{"rendered":"<p>Price: <span style=\"color:#b12704\">\u20ac38.90<\/span><br \/><i><small>(as of Feb 19, 2026 06:13:45 UTC &#8211; <span class=\"wp_automatic_amazon_disclaimer\" title=\"Product prices and availability are accurate as of the date\/time indicated and are subject to change. Any price and availability information displayed on [relevant Amazon Site(s), as applicable] at the time of purchase will apply to the purchase of this product.\">Details<\/span>)<\/small><\/i><\/p>\n<p><a href=\"https:\/\/amazon.es\/dp\/B09WDTWJZM?tag=man008-21\"><img decoding=\"async\" src=\"https:\/\/valvepress.s3.amazonaws.com\/imgs\/buy_now.png\"><\/a><br \/>\n<\/p>\n<p>                                             Product Description   <\/p>\n<p>                                                  <img decoding=\"async\" alt=\"el xen\u00f3n xen\u00f3n xen\u00f3n xen\u00f3n xen\u00f3n xen\u00f3n xen\u00f3n xen\u00f3n xen\u00f3n xen\u00f3n xen\u00f3n x\" src=\"https:\/\/images-na.ssl-images-amazon.com\/images\/G\/01\/x-locale\/common\/grey-pixel.gif\" class=\"a-lazy-loaded\" data-src=\"https:\/\/m.media-amazon.com\/images\/S\/aplus-media-library-service-media\/60d22666-391b-434b-b74a-dcb5b5ac4469.__CR0,0,970,300_PT0_SX970_V1___.jpg\"><img decoding=\"async\" alt=\"el xen\u00f3n xen\u00f3n xen\u00f3n xen\u00f3n xen\u00f3n xen\u00f3n xen\u00f3n xen\u00f3n xen\u00f3n xen\u00f3n xen\u00f3n x\" src=\"https:\/\/m.media-amazon.com\/images\/S\/aplus-media-library-service-media\/60d22666-391b-434b-b74a-dcb5b5ac4469.__CR0,0,970,300_PT0_SX970_V1___.jpg\">  <\/p>\n<p>                                                                             <img decoding=\"async\" alt=\"los mejores dise\u00f1os de ventiladores de refrigeraci\u00f3n para PC\" src=\"https:\/\/images-na.ssl-images-amazon.com\/images\/G\/01\/x-locale\/common\/grey-pixel.gif\" class=\"a-spacing-base a-lazy-loaded\" data-src=\"https:\/\/m.media-amazon.com\/images\/S\/aplus-media-library-service-media\/0671d1e6-1133-4e23-a1a6-fb6390519fb6.__CR0,0,970,600_PT0_SX970_V1___.jpg\"><img decoding=\"async\" alt=\"los mejores dise\u00f1os de ventiladores de refrigeraci\u00f3n para PC\" src=\"https:\/\/m.media-amazon.com\/images\/S\/aplus-media-library-service-media\/0671d1e6-1133-4e23-a1a6-fb6390519fb6.__CR0,0,970,600_PT0_SX970_V1___.jpg\">                                                                    <\/p>\n<p class=\"apm-text-center\">\n                                                      <img decoding=\"async\" alt=\"Primer plano de instrumentos m\u00e9dicos, incluidos varios instrumentos quir\u00fargicos y f\u00f3rceps, perfectamente dispuestos sobre una superficie met\u00e1lica reflectante\" src=\"https:\/\/images-na.ssl-images-amazon.com\/images\/G\/01\/x-locale\/common\/grey-pixel.gif\" class=\"a-spacing-mini a-lazy-loaded\" data-src=\"https:\/\/m.media-amazon.com\/images\/S\/aplus-media-library-service-media\/2e70b434-8e16-4c3d-adb8-083506bc1d0e.__CR0,0,300,300_PT0_SX300_V1___.png\"><img decoding=\"async\" alt=\"Primer plano de instrumentos m\u00e9dicos, incluidos varios instrumentos quir\u00fargicos y f\u00f3rceps, perfectamente dispuestos sobre una superficie met\u00e1lica reflectante\" src=\"https:\/\/m.media-amazon.com\/images\/S\/aplus-media-library-service-media\/2e70b434-8e16-4c3d-adb8-083506bc1d0e.__CR0,0,300,300_PT0_SX300_V1___.png\">  <\/p>\n<p>                                                    DISPOSITION \u00c0 PROFIL BAS                                       <\/p>\n<p> D\u2019une hauteur de seulement 67 mm, le Thermalright AXP120-X67 est un refroidisseur id\u00e9al pour les syst\u00e8mes \u00e0 petit facteur de forme et ITX. Avec 6 caloducs et des ailettes soud\u00e9es \u00e0 la base en cuivre, il a un faible encombrement tout en offrant des performances de refroidissement id\u00e9ales. <\/p>\n<p class=\"apm-text-center\">\n                                                      <img decoding=\"async\" alt=\"con aspas y marco grises. Forma cuadrada con esquinas redondeadas. Logotipo prominente en el centro sobre fondo circular negro.\" src=\"https:\/\/images-na.ssl-images-amazon.com\/images\/G\/01\/x-locale\/common\/grey-pixel.gif\" class=\"a-spacing-mini a-lazy-loaded\" data-src=\"https:\/\/m.media-amazon.com\/images\/S\/aplus-media-library-service-media\/2faf88aa-d5c7-4a0e-a861-029c33ead7f8.__CR0,0,300,300_PT0_SX300_V1___.png\"><img decoding=\"async\" alt=\"con aspas y marco grises. Forma cuadrada con esquinas redondeadas. Logotipo prominente en el centro sobre fondo circular negro.\" src=\"https:\/\/m.media-amazon.com\/images\/S\/aplus-media-library-service-media\/2faf88aa-d5c7-4a0e-a861-029c33ead7f8.__CR0,0,300,300_PT0_SX300_V1___.png\">  <\/p>\n<p>                                                    CONFIGURATION DE VENTILATEUR POLYVALENTE                                       <\/p>\n<p> Avec une paire suppl\u00e9mentaire de clips de ventilateur inclus, il est facile de remplacer le ventilateur de 15 mm d\u2019\u00e9paisseur par un ventilateur standard de 25 mm d\u2019\u00e9paisseur sur le refroidisseur, obtenant de meilleures performances et un fonctionnement plus silencieux si l\u2019espace le permet. <\/p>\n<p class=\"apm-text-center\">\n                                                      <img decoding=\"async\" alt=\"Sistema de refrigeraci\u00f3n de computadora con ventilador y disipador de calor montados en una tarjeta gr\u00e1fica. El ventilador tiene un marco gris y aspas blancas\" src=\"https:\/\/images-na.ssl-images-amazon.com\/images\/G\/01\/x-locale\/common\/grey-pixel.gif\" class=\"a-spacing-mini a-lazy-loaded\" data-src=\"https:\/\/m.media-amazon.com\/images\/S\/aplus-media-library-service-media\/eed3cdc9-271d-405a-80e3-66c158020a2c.__CR0,0,300,300_PT0_SX300_V1___.png\"><img decoding=\"async\" alt=\"Sistema de refrigeraci\u00f3n de computadora con ventilador y disipador de calor montados en una tarjeta gr\u00e1fica. El ventilador tiene un marco gris y aspas blancas\" src=\"https:\/\/m.media-amazon.com\/images\/S\/aplus-media-library-service-media\/eed3cdc9-271d-405a-80e3-66c158020a2c.__CR0,0,300,300_PT0_SX300_V1___.png\">  <\/p>\n<p>                                                    SYST\u00c8ME DE MONTAGE THERMALRIGHT SS2                                       <\/p>\n<p> Le syst\u00e8me de montage Thermalright SS2 offre un processus d\u2019installation pratique et convivial ainsi qu\u2019une pression de contact optimis\u00e9e pour les plates-formes de carte m\u00e8re grand public. <\/p>\n<p>                                                  <img decoding=\"async\" alt=\"el nuevo dise\u00f1o del producto\" src=\"https:\/\/images-na.ssl-images-amazon.com\/images\/G\/01\/x-locale\/common\/grey-pixel.gif\" class=\"a-lazy-loaded\" data-src=\"https:\/\/m.media-amazon.com\/images\/S\/aplus-media-library-service-media\/9c27951f-4f76-4f86-9a2a-fa4fb6a0a82d.__CR0,0,970,300_PT0_SX970_V1___.jpg\"><img decoding=\"async\" alt=\"el nuevo dise\u00f1o del producto\" src=\"https:\/\/m.media-amazon.com\/images\/S\/aplus-media-library-service-media\/9c27951f-4f76-4f86-9a2a-fa4fb6a0a82d.__CR0,0,970,300_PT0_SX970_V1___.jpg\">  <\/p>\n<p>                                                         <img decoding=\"async\" alt=\"el logo del futuro\" src=\"https:\/\/images-na.ssl-images-amazon.com\/images\/G\/01\/x-locale\/common\/grey-pixel.gif\" class=\"a-lazy-loaded\" data-src=\"https:\/\/m.media-amazon.com\/images\/S\/aplus-media-library-service-media\/59a28fa5-a545-4602-a60c-b44550c98483.__CR0,0,600,180_PT0_SX600_V1___.jpg\"><img decoding=\"async\" alt=\"el logo del futuro\" src=\"https:\/\/m.media-amazon.com\/images\/S\/aplus-media-library-service-media\/59a28fa5-a545-4602-a60c-b44550c98483.__CR0,0,600,180_PT0_SX600_V1___.jpg\">      <\/p>\n<p>                         Add To Basket  <\/p>\n<p>                         Add To Basket  <\/p>\n<p>                         Add To Basket  <\/p>\n<p>                             Customer Reviews  <\/p>\n<p>                    4.7 out of 5 stars  28  <\/p>\n<p>                    4.8 out of 5 stars  17  <\/p>\n<p>                    4.6 out of 5 stars  41  <\/p>\n<p>                    4.7 out of 5 stars  2,834  <\/p>\n<p>                    4.7 out of 5 stars  423  <\/p>\n<p>                    4.6 out of 5 stars  234  <\/p>\n<p>                             Price  <\/p>\n<p>                                            \u2014 no data<\/p>\n<p>                                            \u2014 no data<\/p>\n<p>                                            \u2014 no data<br \/>\n                                                       \u20ac36.90\u20ac36.90                  \u20ac22.59\u20ac22.59                  \u20ac9.90\u20ac9.90        <\/p>\n<p>                                6\u00d76mm heatpipes               4\u00d78mm heatpipes               5\u00d78mm heatpipes               6\u00d76mm heatpipes               5\u00d76mm heatpipes               1\u00d76mm heatpipes        <\/p>\n<p>                                \u00abIntel: LGA1150,LGA1151,LGA1155,LGA1156,LGA1200,LGA2011,LGA2066, LGA1700;  AMD: AM4 AM5\u00bb               \u00abIntel: LGA1150,LGA1151,LGA1155,LGA1156,LGA1200,LGA2011,LGA2066, LGA1700;  AMD: AM4 AM5\u00bb               \u00abIntel: LGA1150,LGA1151,LGA1155,LGA1156,LGA1200,LGA2011,LGA2066, LGA1700;  AMD: AM4 AM5\u00bb               \u00abIntel: LGA1150,LGA1151,LGA1155,LGA1156,LGA1200,LGA2011,LGA2066, LGA1700;  AMD: AM4 AM5\u00bb               \u00abIntel: LGA1150,LGA1151,LGA1155,LGA1156,LGA1200,LGA1700; AMD: AM4 AM5\u00bb                 no data<\/p>\n<p>                                1850\u00b110%RPM               1500\u00b110%RPM               1850\u00b110%RPM               1500\u00b110%RPM               1550\u00b110%RPM                       <\/p>\n<p>                                135MM\/5.31in               160MM\/6.3in               160MM\/6.3in               157MM\/6.18in               148MM\/5.83in               48MM\/1.89in        <\/p>\n<p> Product Dimensions                                            \u200f                                            :                                            \u200e                                            12.35 x 12 x 6.7 cm; 830 g   <br \/> Manufacturer                                            \u200f                                            :                                            \u200e                                            Thermalright   <br \/> ASIN                                            \u200f                                            :                                            \u200e                                            B09WDTWJZM   <br \/> Manufacturer reference                                            \u200f                                            :                                            \u200e                                            AXP120-X67 1700-d5-G2   <br \/> Country of origin                                            \u200f                                            :                                            \u200e                                            China   <br \/> Guaranteed software updates until                                            \u200f                                            :                                            \u200e                                            unknown   <br \/>  Customer reviews:                                                                                            4.5               4.5 out of 5 stars                                  (67)                                              var dpAcrHasRegisteredArcLinkClickAction;                    P.when(&#8216;A&#8217;, &#8216;ready&#8217;).execute(function(A) {                        if (dpAcrHasRegisteredArcLinkClickAction !== true) {                            dpAcrHasRegisteredArcLinkClickAction = true;                            A.declarative(                                &#8216;acrLink-click-metrics&#8217;, &#8216;click&#8217;,                                { \u00aballowLinkDefault\u00bb: true },                                function (event) {                                    if (window.ue) {                                        ue.count(\u00abacrLinkClickCount\u00bb, (ue.count(\u00abacrLinkClickCount\u00bb) || 0) + 1);                                    }                                }                            );                        }                    });                                             P.when(&#8216;A&#8217;, &#8216;cf&#8217;).execute(function(A) {                A.declarative(&#8216;acrStarsLink-click-metrics&#8217;, &#8216;click&#8217;, { \u00aballowLinkDefault\u00bb : true },  function(event){                    if(window.ue) {                        ue.count(\u00abacrStarsLinkWithPopoverClickCount\u00bb, (ue.count(\u00abacrStarsLinkWithPopoverClickCount\u00bb) || 0) + 1);                    }                });            });                          <\/p>\n<p>[Brand Overview] Thermalright is a brand from Taiwan with more than 20 years of development. It has some popularity in domestic and foreign markets and has a fundamental influence on the player market. We have focused on research and development of computer accessories. R&#038;D product lines include: CPU air-cooled radiator, box fan and other commodities.<br \/>[Product Specification] Module: AXP120 X67; CPU Cooler Dimensions: 123.5(L)x120(W)x67(H)mm (4.86&#215;4.72&#215;2.64 inches); Low Profile CPU Cooler (Overall Height 67mm);Heatsink Material: Aluminum fin on the bottom of copper, CPU cooler is Equipped with Intel and AMD platform metal fasteners for better installation.<br \/>[PWM Fan] Model: TL-C12015; Standard Size PWM Fan: 120x120x15mm (4.72&#215;4.72&#215;0.59inches); Product Weight: 0.12kg (0.26lb); Fan Speed (RPM):1800rpm\u00b110%; Power Port: 4pin; Voltage: 12V; Flow Air: 59 CFM (MAX); Noise level\u226426.1dB(A), radiator material: aluminium. The bonded heat transfer paste can provide good cooling effect and improve CPU heat transfer.<br \/>[AGHP Technique] 6x6mm heat pipes apply AGHP 3 technique, solve the effect of reverse gravity caused by vertical\/horizontal orientation. 6 pure copper sintered heat pipes and PWM fan and pure copper base and full electroplating reflow welding process. When the CPU cooler works, it matches ultra-quiet airflow fans, aiming for extreme CPU cooling performance.<br \/>[Compatibility] CPU cooler socket supports: Intel: lga1150\/1151\/1155\/1156\/1200\/1700\/1851\/2066\/2011, AMD: AM4\/AM5; For different CPU socket platforms, corresponding mounting plates or fixing parts are provided.<\/p>\n\n","protected":false},"excerpt":{"rendered":"<p> Product Description DISPOSITION \u00c0 PROFIL BAS D\u2019une hauteur de seulement 67 mm, le Thermalright AXP120-X67<\/p>","protected":false},"featured_media":24261,"comment_status":"open","ping_status":"closed","template":"","meta":[],"product_brand":[],"product_cat":[66],"product_tag":[1381,3810,216,6455,530,2008,7183,2010,1668,598,2002,2014,1997,2016,910,1123,1569,2006,1456,2022,1999,3411,2023,2012,2004,2017,7184],"class_list":{"0":"post-24260","1":"product","2":"type-product","3":"status-publish","4":"has-post-thumbnail","6":"product_cat-cpu-fan","7":"product_tag-120mm","8":"product_tag-67mm","9":"product_tag-air","10":"product_tag-am4intel","11":"product_tag-amd","12":"product_tag-amd-cpu-cooler","13":"product_tag-axp120x67","14":"product_tag-best-cpu-fan","15":"product_tag-cooler","16":"product_tag-cpu","17":"product_tag-cpu-air-cooler","18":"product_tag-cpu-cooling-fan","19":"product_tag-cpu-fan","20":"product_tag-cpu-fan-price","21":"product_tag-fan","22":"product_tag-heat","23":"product_tag-height","24":"product_tag-intel-cpu-fan","25":"product_tag-lga","26":"product_tag-pipes","27":"product_tag-processor-fan","28":"product_tag-profile","29":"product_tag-pwm","30":"product_tag-quiet-cpu-cooler","31":"product_tag-rgb-cpu-cooler","32":"product_tag-thermalright","33":"product_tag-tlc12015","35":"first","36":"instock","37":"shipping-taxable","38":"product-type-external"},"_links":{"self":[{"href":"https:\/\/comprasyconsejos.store\/en\/wp-json\/wp\/v2\/product\/24260","targetHints":{"allow":["GET"]}}],"collection":[{"href":"https:\/\/comprasyconsejos.store\/en\/wp-json\/wp\/v2\/product"}],"about":[{"href":"https:\/\/comprasyconsejos.store\/en\/wp-json\/wp\/v2\/types\/product"}],"replies":[{"embeddable":true,"href":"https:\/\/comprasyconsejos.store\/en\/wp-json\/wp\/v2\/comments?post=24260"}],"version-history":[{"count":0,"href":"https:\/\/comprasyconsejos.store\/en\/wp-json\/wp\/v2\/product\/24260\/revisions"}],"wp:featuredmedia":[{"embeddable":true,"href":"https:\/\/comprasyconsejos.store\/en\/wp-json\/wp\/v2\/media\/24261"}],"wp:attachment":[{"href":"https:\/\/comprasyconsejos.store\/en\/wp-json\/wp\/v2\/media?parent=24260"}],"wp:term":[{"taxonomy":"product_brand","embeddable":true,"href":"https:\/\/comprasyconsejos.store\/en\/wp-json\/wp\/v2\/product_brand?post=24260"},{"taxonomy":"product_cat","embeddable":true,"href":"https:\/\/comprasyconsejos.store\/en\/wp-json\/wp\/v2\/product_cat?post=24260"},{"taxonomy":"product_tag","embeddable":true,"href":"https:\/\/comprasyconsejos.store\/en\/wp-json\/wp\/v2\/product_tag?post=24260"}],"curies":[{"name":"wp","href":"https:\/\/api.w.org\/{rel}","templated":true}]}}