{"id":24269,"date":"2026-02-19T06:18:48","date_gmt":"2026-02-19T06:18:48","guid":{"rendered":"https:\/\/comprasyconsejos.store\/product\/hp-officejet-pro-8122e-professional-a4-colour-ink-multifunction-printer-copy-scanner-mobile-fax-wi-fi-auto-duplex-printing-3-months-instant-ink-print-with-hp-grey\/"},"modified":"2026-02-19T06:18:51","modified_gmt":"2026-02-19T06:18:51","slug":"hp-officejet-pro-8122e-professional-a4-colour-ink-multifunction-printer-copy-scanner-mobile-fax-wi-fi-auto-duplex-printing-3-months-instant-ink-print-with-hp-grey","status":"publish","type":"product","link":"https:\/\/comprasyconsejos.store\/en\/product\/hp-officejet-pro-8122e-professional-a4-colour-ink-multifunction-printer-copy-scanner-mobile-fax-wi-fi-auto-duplex-printing-3-months-instant-ink-print-with-hp-grey\/","title":{"rendered":"HP OfficeJet Pro 8122e, Professional A4 Colour Ink Multifunction Printer, Copy, Scanner, Mobile Fax, Wi-Fi, Auto Duplex Printing, 3 Months Instant Ink Print with HP+, Grey"},"content":{"rendered":"<p>Price: <span style=\"color:#b12704\"><del>\u20ac229.90<\/del> - \u20ac113.23<\/span><br \/><i><small>(as of Feb 19, 2026 06:18:49 UTC &#8211; <span class=\"wp_automatic_amazon_disclaimer\" title=\"Product prices and availability are accurate as of the date\/time indicated and are subject to change. Any price and availability information displayed on [relevant Amazon Site(s), as applicable] at the time of purchase will apply to the purchase of this product.\">Details<\/span>)<\/small><\/i><\/p>\n<p><a href=\"https:\/\/amazon.es\/dp\/B0CQ2HF1S5?tag=man008-21\"><img decoding=\"async\" src=\"https:\/\/valvepress.s3.amazonaws.com\/imgs\/buy_now.png\"><\/a><br \/>\n<\/p>\n<p>                                             From the brand   <\/p>\n<p>                                              <img decoding=\"async\" alt=\"El texto dice \u00abHP\u00bb. Serie de im\u00e1genes que muestran pantallas promocionales de ordenadores port\u00e1tiles con texto y gr\u00e1ficos visibles en segundo plano.\" src=\"https:\/\/images-na.ssl-images-amazon.com\/images\/G\/01\/x-locale\/common\/grey-pixel.gif\" class=\"a-lazy-loaded\" data-src=\"https:\/\/m.media-amazon.com\/images\/S\/aplus-media-library-service-media\/102e14ad-497b-424b-82df-0446120ca9e6.__CR0,0,1464,625_PT0_SX1464_V1___.jpg\"><img decoding=\"async\" alt=\"El texto dice \u00abHP\u00bb. Serie de im\u00e1genes que muestran pantallas promocionales de ordenadores port\u00e1tiles con texto y gr\u00e1ficos visibles en segundo plano.\" src=\"https:\/\/m.media-amazon.com\/images\/S\/aplus-media-library-service-media\/102e14ad-497b-424b-82df-0446120ca9e6.__CR0,0,1464,625_PT0_SX1464_V1___.jpg\">  <\/p>\n<p>                                              <img decoding=\"async\" alt=\"aplus content image\" src=\"https:\/\/images-na.ssl-images-amazon.com\/images\/G\/01\/x-locale\/common\/grey-pixel.gif\" class=\"a-lazy-loaded\" data-src=\"https:\/\/m.media-amazon.com\/images\/S\/aplus-media-library-service-media\/6bb1dc71-5983-430e-8ce0-8b26745898d2.__CR0,0,362,453_PT0_SX362_V1___.jpg\"><img decoding=\"async\" alt=\"aplus content image\" src=\"https:\/\/m.media-amazon.com\/images\/S\/aplus-media-library-service-media\/6bb1dc71-5983-430e-8ce0-8b26745898d2.__CR0,0,362,453_PT0_SX362_V1___.jpg\">  <\/p>\n<p>                                              <img decoding=\"async\" alt=\"aplus content image\" src=\"https:\/\/images-na.ssl-images-amazon.com\/images\/G\/01\/x-locale\/common\/grey-pixel.gif\" class=\"a-lazy-loaded\" data-src=\"https:\/\/m.media-amazon.com\/images\/S\/aplus-media-library-service-media\/929b9c70-305c-4f6b-ab59-a44059ce65ab.__CR0,0,362,453_PT0_SX362_V1___.jpg\"><img decoding=\"async\" alt=\"aplus content image\" src=\"https:\/\/m.media-amazon.com\/images\/S\/aplus-media-library-service-media\/929b9c70-305c-4f6b-ab59-a44059ce65ab.__CR0,0,362,453_PT0_SX362_V1___.jpg\">  <\/p>\n<p>                                              <img decoding=\"async\" alt=\"aplus content image\" src=\"https:\/\/images-na.ssl-images-amazon.com\/images\/G\/01\/x-locale\/common\/grey-pixel.gif\" class=\"a-lazy-loaded\" data-src=\"https:\/\/m.media-amazon.com\/images\/S\/aplus-media-library-service-media\/58a8a11f-4f58-4abd-bc86-59eeac2b5596.__CR0,0,362,453_PT0_SX362_V1___.jpg\"><img decoding=\"async\" alt=\"aplus content image\" src=\"https:\/\/m.media-amazon.com\/images\/S\/aplus-media-library-service-media\/58a8a11f-4f58-4abd-bc86-59eeac2b5596.__CR0,0,362,453_PT0_SX362_V1___.jpg\">  <\/p>\n<p> Batteries                                            \u200f                                            :                                            \u200e                                            AA batteries required.   <br \/> Is discontinued by manufacturer                                            \u200f                                            :                                            \u200e                                            No   <br \/> Language                                            \u200f                                            :                                            \u200e                                            Italian   <br \/> Product Dimensions                                            \u200f                                            :                                            \u200e                                            33.75 x 46 x 23.3 cm; 8 kg   <br \/> Manufacturer                                            \u200f                                            :                                            \u200e                                            HP   <br \/> ASIN                                            \u200f                                            :                                            \u200e                                            B0CQ2HF1S5   <br \/> Item model number                                            \u200f                                            :                                            \u200e                                            405U3B#629   <br \/> Country of origin                                            \u200f                                            :                                            \u200e                                            China   <br \/> Guaranteed software updates until                                            \u200f                                            :                                            \u200e                                            unknown   <br \/>  Customer reviews:                                                                                            4.0               4.0 out of 5 stars                                  (1,714)                                              var dpAcrHasRegisteredArcLinkClickAction;                    P.when(&#8216;A&#8217;, &#8216;ready&#8217;).execute(function(A) {                        if (dpAcrHasRegisteredArcLinkClickAction !== true) {                            dpAcrHasRegisteredArcLinkClickAction = true;                            A.declarative(                                &#8216;acrLink-click-metrics&#8217;, &#8216;click&#8217;,                                { \u00aballowLinkDefault\u00bb: true },                                function (event) {                                    if (window.ue) {                                        ue.count(\u00abacrLinkClickCount\u00bb, (ue.count(\u00abacrLinkClickCount\u00bb) || 0) + 1);                                    }                                }                            );                        }                    });                                             P.when(&#8216;A&#8217;, &#8216;cf&#8217;).execute(function(A) {                A.declarative(&#8216;acrStarsLink-click-metrics&#8217;, &#8216;click&#8217;, { \u00aballowLinkDefault\u00bb : true },  function(event){                    if(window.ue) {                        ue.count(\u00abacrStarsLinkWithPopoverClickCount\u00bb, (ue.count(\u00abacrStarsLinkWithPopoverClickCount\u00bb) || 0) + 1);                    }                });            });                          <\/p>\n<p>BEST CHOICE FOR SMBs &#038; HOME OFFICE; Print, scan, black &#038; white and color copy; print speed is up to 29 ppm black and 25 ppm colour<br \/>35-sheet Auto Document Feeder, Automatic Duplex Printing, Dual-Band Wi-Fi with Auto-Reset, Wi-Fi Direct, Ethernet, HP Smart App, Touchscreen, USB 2.0 and Apple AirPrint<br \/>DISCOVER HP+, the smartest printing solution; CONVENIENT: the printer automatically requests ink before it runs out; SAFE and SIMPLE: It is safer and allows you to be more productive by managing everything easily, even from mobile, thanks to the HP Smart app; SUSTAINABLE: use eco-designed cartridges, +80% of HP Original Ink cartridges contain recycled plastic<br \/>With HP+ GET 1 YEAR ADDITIONAL WARRANTY AND 3 MONTHS OF INSTANT INK INCLUDED WITH HP+; Instant Ink is a service that delivers cartridges to your home before you run out of them<br \/>Compatible with Original HP 924 Cyan Original Ink Cartridge (4K0U3NE), HP 924 Magenta (4K0U4NE), HP 924 Yellow (4K0U5NE), HP 924 Black (4K0U6NE), HP 924 CMYK4-Pack (6C3Z1NE)<br \/>Get a \u20ac30 refund when you buy a printer from the HP OfficeJet Pro range and sign up for HP Instant Ink service. Valid from 15\/08\/2025 to 31\/12\/2025<\/p>\n\n","protected":false},"excerpt":{"rendered":"<p> From the brand Batteries \u200f : \u200e AA batteries required. Is discontinued by manufacturer \u200f<\/p>","protected":false},"featured_media":24270,"comment_status":"open","ping_status":"closed","template":"","meta":[],"product_brand":[],"product_cat":[60],"product_tag":[7185,731,1990,1960,3476,1982,1979,1989,3742,1983,204,1986,1980,3834,1275,2150,2189,1987,3853,1984,1985,1958,1962,2276,163,814,840,1991,1988,543],"class_list":{"0":"post-24269","1":"product","2":"type-product","3":"status-publish","4":"has-post-thumbnail","6":"product_cat-scanners","7":"product_tag-8122e","8":"product_tag-auto","9":"product_tag-best-scanner","10":"product_tag-colour","11":"product_tag-copy","12":"product_tag-document-scanner","13":"product_tag-duplex","14":"product_tag-fast-document-scanner","15":"product_tag-fax","16":"product_tag-flatbed-scanner","17":"product_tag-grey","18":"product_tag-high-resolution-scanner","19":"product_tag-ink","20":"product_tag-instant","21":"product_tag-mobile","22":"product_tag-months","23":"product_tag-multifunction","24":"product_tag-office-scanner","25":"product_tag-officejet","26":"product_tag-photo-scanner","27":"product_tag-portable-scanner","28":"product_tag-print","29":"product_tag-printer","30":"product_tag-printing","31":"product_tag-pro","32":"product_tag-professional","33":"product_tag-scanner","34":"product_tag-scanner-price","35":"product_tag-usb-scanner","36":"product_tag-wifi","38":"first","39":"instock","40":"sale","41":"shipping-taxable","42":"product-type-external"},"_links":{"self":[{"href":"https:\/\/comprasyconsejos.store\/en\/wp-json\/wp\/v2\/product\/24269","targetHints":{"allow":["GET"]}}],"collection":[{"href":"https:\/\/comprasyconsejos.store\/en\/wp-json\/wp\/v2\/product"}],"about":[{"href":"https:\/\/comprasyconsejos.store\/en\/wp-json\/wp\/v2\/types\/product"}],"replies":[{"embeddable":true,"href":"https:\/\/comprasyconsejos.store\/en\/wp-json\/wp\/v2\/comments?post=24269"}],"version-history":[{"count":0,"href":"https:\/\/comprasyconsejos.store\/en\/wp-json\/wp\/v2\/product\/24269\/revisions"}],"wp:featuredmedia":[{"embeddable":true,"href":"https:\/\/comprasyconsejos.store\/en\/wp-json\/wp\/v2\/media\/24270"}],"wp:attachment":[{"href":"https:\/\/comprasyconsejos.store\/en\/wp-json\/wp\/v2\/media?parent=24269"}],"wp:term":[{"taxonomy":"product_brand","embeddable":true,"href":"https:\/\/comprasyconsejos.store\/en\/wp-json\/wp\/v2\/product_brand?post=24269"},{"taxonomy":"product_cat","embeddable":true,"href":"https:\/\/comprasyconsejos.store\/en\/wp-json\/wp\/v2\/product_cat?post=24269"},{"taxonomy":"product_tag","embeddable":true,"href":"https:\/\/comprasyconsejos.store\/en\/wp-json\/wp\/v2\/product_tag?post=24269"}],"curies":[{"name":"wp","href":"https:\/\/api.w.org\/{rel}","templated":true}]}}