{"id":24294,"date":"2026-02-19T06:37:19","date_gmt":"2026-02-19T06:37:19","guid":{"rendered":"https:\/\/comprasyconsejos.store\/product\/msi-mag-32c6x-gaming-monitor-1920x1080-fhd-31-5-169-curve-1500r-black\/"},"modified":"2026-02-19T06:37:22","modified_gmt":"2026-02-19T06:37:22","slug":"msi-mag-32c6x-gaming-monitor-1920x1080-fhd-31-5-169-curve-1500r-black","status":"publish","type":"product","link":"https:\/\/comprasyconsejos.store\/en\/product\/msi-mag-32c6x-gaming-monitor-1920x1080-fhd-31-5-169-curve-1500r-black\/","title":{"rendered":"MSI MAG 32C6X Gaming Monitor, 1920&#215;1080 (FHD), 31.5&#8243;, 16:9, Curve 1500R, Black"},"content":{"rendered":"<p>Price: <span style=\"color:#b12704\">\u20ac179.00<\/span><br \/><i><small>(as of Feb 19, 2026 06:37:19 UTC &#8211; <span class=\"wp_automatic_amazon_disclaimer\" title=\"Product prices and availability are accurate as of the date\/time indicated and are subject to change. Any price and availability information displayed on [relevant Amazon Site(s), as applicable] at the time of purchase will apply to the purchase of this product.\">Details<\/span>)<\/small><\/i><\/p>\n<p><a href=\"https:\/\/amazon.es\/dp\/B0DBH7XVBV?tag=man008-21\"><img decoding=\"async\" src=\"https:\/\/valvepress.s3.amazonaws.com\/imgs\/buy_now.png\"><\/a><br \/>\n<\/p>\n<p>                                             From the manufacturer   <\/p>\n<p>                                                  <img decoding=\"async\" alt=\"Unidos en la acci\u00f3n\" src=\"https:\/\/images-na.ssl-images-amazon.com\/images\/G\/01\/x-locale\/common\/grey-pixel.gif\" class=\"a-lazy-loaded\" data-src=\"https:\/\/m.media-amazon.com\/images\/S\/aplus-media-library-service-media\/eb394aa4-eda4-45d3-9c7c-abbbad8e7fca.__CR0,0,1940,600_PT0_SX970_V1___.jpg\"><img decoding=\"async\" alt=\"Unidos en la acci\u00f3n\" src=\"https:\/\/m.media-amazon.com\/images\/S\/aplus-media-library-service-media\/eb394aa4-eda4-45d3-9c7c-abbbad8e7fca.__CR0,0,1940,600_PT0_SX970_V1___.jpg\">  <\/p>\n<p>                                                      <img decoding=\"async\" alt=\"MAG 32C6X\" src=\"https:\/\/images-na.ssl-images-amazon.com\/images\/G\/01\/x-locale\/common\/grey-pixel.gif\" class=\"a-spacing-mini a-lazy-loaded\" data-src=\"https:\/\/m.media-amazon.com\/images\/S\/aplus-media-library-service-media\/3f1228e2-feee-439f-852a-760194587901.__CR0,0,600,800_PT0_SX300_V1___.jpg\"><img decoding=\"async\" alt=\"MAG 32C6X\" src=\"https:\/\/m.media-amazon.com\/images\/S\/aplus-media-library-service-media\/3f1228e2-feee-439f-852a-760194587901.__CR0,0,600,800_PT0_SX300_V1___.jpg\">  <\/p>\n<p>                                                              <img decoding=\"async\" alt=\"MSI: For Gamers &amp;amp; Creators\" src=\"https:\/\/images-na.ssl-images-amazon.com\/images\/G\/01\/x-locale\/common\/grey-pixel.gif\" class=\"a-spacing-mini a-lazy-loaded\" data-src=\"https:\/\/m.media-amazon.com\/images\/S\/aplus-media-library-service-media\/e0f7a4fb-5eeb-4419-b46a-dcc3dae3110d.__CR0,0,350,175_PT0_SX350_V1___.png\"><img decoding=\"async\" alt=\"MSI: For Gamers &amp;amp; Creators\" src=\"https:\/\/m.media-amazon.com\/images\/S\/aplus-media-library-service-media\/e0f7a4fb-5eeb-4419-b46a-dcc3dae3110d.__CR0,0,350,175_PT0_SX350_V1___.png\">                                          MSI: For Gamers &amp; Creators                                 <\/p>\n<p class=\"a-spacing-small a-size-small a-color-secondary\"> MSI es una de las marcas m\u00e1s reconocidas en el mundo del juego y los deportes electr\u00f3nicos. Hemos invertido innumerables horas y recursos para asistir a las mayores ligas de eSport y equipos de nivel 1. Al trabajar con los mejores, MSI puede combinar sus conocimientos de competici\u00f3n de juegos con sus aspiraciones para crear nuevos productos que puedan llevar el rendimiento a niveles nunca antes alcanzados. <\/p>\n<h3 class=\"a-spacing-mini\"> MAG 32C6X <\/h3>\n<p>                                          Unidos en la acci\u00f3n                                     <\/p>\n<p class=\"a-spacing-base\"> Equipado con una inmersiva losa curva Rapid VA (1500R) de 32 pulgadas FHD (1920 x 1080), una frecuencia de actualizaci\u00f3n de 250 Hz (OC) y un tiempo de respuesta de 1 ms, la pantalla para juegos curvo MAG 32C6X ofrece una ventaja competitiva para la mayor\u00eda de los oponentes.  El MAG 32C6X cuenta con un soporte reclinable, as\u00ed como la tecnolog\u00eda Adaptative Sync, que sincroniza las frecuencias de actualizaci\u00f3n de la pantalla y la tarjeta gr\u00e1fica para una jugabilidad ultra fluida. <\/p>\n<p>                                                          Va 31,5&#8243; FHD (1920 x 1080)       Tasa de actualizaci\u00f3n ultra alta de 250 Hz (OC), tiempo de respuesta de 1ms MPRT       1.07 mil millones de colores (8 bits + FRC) con una gama excepcional (DCI-P3 78%)       Tecnoolgies Less Blue Light y Antiparpadeo       Soporte de inclinaci\u00f3n ajustable       AI Vision y HDMI CEC Profile Sync       Curvatura inmersiva 1500R       Puertos de visualizaci\u00f3n HDMI 2.0b (FHD @240Hz) y DisplayPort 1.4a      <\/p>\n<p class=\"apm-text-center\">\n                                                      <img decoding=\"async\" alt=\"Curvatura inmersiva 1500R\" src=\"https:\/\/images-na.ssl-images-amazon.com\/images\/G\/01\/x-locale\/common\/grey-pixel.gif\" class=\"a-lazy-loaded\" data-src=\"https:\/\/m.media-amazon.com\/images\/S\/aplus-media-library-service-media\/1848f38f-ae22-4974-8734-7646f06cba93.__CR0,0,2000,2000_PT0_SX220_V1___.jpg\"><img decoding=\"async\" alt=\"Curvatura inmersiva 1500R\" src=\"https:\/\/m.media-amazon.com\/images\/S\/aplus-media-library-service-media\/1848f38f-ae22-4974-8734-7646f06cba93.__CR0,0,2000,2000_PT0_SX220_V1___.jpg\">  <\/p>\n<p>                                                    Curvatura inmersiva 1500R                                     <\/p>\n<p class=\"a-size-small\"> Dise\u00f1ado para ofrecer una experiencia de juego inmersiva mientras sigue siendo competitiva, la pantalla tiene una curvatura de 1500R (radio de 1500 mm) para una experiencia FHD (1920 x 1080) de 32 pulgadas m\u00e1s amplia a una distancia de visi\u00f3n est\u00e1ndar. <\/p>\n<p class=\"apm-text-center\">\n                                                      <img decoding=\"async\" alt=\"Frecuencia de actualizaci\u00f3n de 250 Hz (OC) y tiempo de respuesta de 1 ms\" src=\"https:\/\/images-na.ssl-images-amazon.com\/images\/G\/01\/x-locale\/common\/grey-pixel.gif\" class=\"a-lazy-loaded\" data-src=\"https:\/\/m.media-amazon.com\/images\/S\/aplus-media-library-service-media\/997c6991-44f1-4319-b630-59396951195b.__CR0,0,2000,2000_PT0_SX220_V1___.jpg\"><img decoding=\"async\" alt=\"Frecuencia de actualizaci\u00f3n de 250 Hz (OC) y tiempo de respuesta de 1 ms\" src=\"https:\/\/m.media-amazon.com\/images\/S\/aplus-media-library-service-media\/997c6991-44f1-4319-b630-59396951195b.__CR0,0,2000,2000_PT0_SX220_V1___.jpg\">  <\/p>\n<p>                                                    Frecuencia de actualizaci\u00f3n de 250 Hz (OC) y tiempo de respuesta de 1 ms                                     <\/p>\n<p class=\"a-size-small\"> Experimente un movimiento y un seguimiento m\u00e1s fluidos con una alta frecuencia de actualizaci\u00f3n de 250 Hz (OC) y aproveche al m\u00e1ximo el potencial de su tarjeta gr\u00e1fica y memoria RAM de \u00faltima generaci\u00f3n. Un tiempo de respuesta incre\u00edblemente bajo de 1 ms (MPRT) reduce dr\u00e1sticamente el desenfoque de la pantalla, y es esencial para juegos r\u00e1pidos. <\/p>\n<p class=\"apm-text-center\">\n                                                      <img decoding=\"async\" alt=\"Tecnolog\u00eda de reducci\u00f3n de luz azul Less Blue Light\" src=\"https:\/\/images-na.ssl-images-amazon.com\/images\/G\/01\/x-locale\/common\/grey-pixel.gif\" class=\"a-lazy-loaded\" data-src=\"https:\/\/m.media-amazon.com\/images\/S\/aplus-media-library-service-media\/7e5dfd9b-bf9b-4949-92e5-33cfeaf77d6c.__CR0,0,2000,2000_PT0_SX220_V1___.jpg\"><img decoding=\"async\" alt=\"Tecnolog\u00eda de reducci\u00f3n de luz azul Less Blue Light\" src=\"https:\/\/m.media-amazon.com\/images\/S\/aplus-media-library-service-media\/7e5dfd9b-bf9b-4949-92e5-33cfeaf77d6c.__CR0,0,2000,2000_PT0_SX220_V1___.jpg\">  <\/p>\n<p>                                                    Tecnolog\u00eda de reducci\u00f3n de luz azul Less Blue Light                                     <\/p>\n<p class=\"a-size-small\"> Las pantallas MSI est\u00e1n optimizadas con la tecnolog\u00eda Less Blue Light* que les brinda una experiencia de visualizaci\u00f3n superior. *Certificado T\u00dcV Rheinland Low Blue Light (soluci\u00f3n de software) n\u00ba Q 50625817, 11\/04\/2024 <\/p>\n<p class=\"apm-text-center\">\n                                                      <img decoding=\"async\" alt=\"HDR Ready\" src=\"https:\/\/images-na.ssl-images-amazon.com\/images\/G\/01\/x-locale\/common\/grey-pixel.gif\" class=\"a-lazy-loaded\" data-src=\"https:\/\/m.media-amazon.com\/images\/S\/aplus-media-library-service-media\/0f0cbbad-68b0-4680-a855-0e5f10c75212.__CR0,0,2000,2000_PT0_SX220_V1___.jpg\"><img decoding=\"async\" alt=\"HDR Ready\" src=\"https:\/\/m.media-amazon.com\/images\/S\/aplus-media-library-service-media\/0f0cbbad-68b0-4680-a855-0e5f10c75212.__CR0,0,2000,2000_PT0_SX220_V1___.jpg\">  <\/p>\n<p>                                                    HDR Ready                                     <\/p>\n<p class=\"a-size-small\"> Las pantallas HDR Ready producen detalles superiores en \u00e1reas m\u00e1s oscuras gracias al contraste din\u00e1mico realista que imita el funcionamiento del ojo humano en el mundo real.  Colores de la pantalla: 1,07 billones (8 bits + FRC) sRGB*: 101% \/ DCI-P3*: 78% Relaci\u00f3n de contraste: 3000:1 Relaci\u00f3n de contraste din\u00e1mico: 100.000.000:1*sRGB seg\u00fan la norma CIE1976 <\/p>\n<p class=\"apm-text-center\">\n                                                      <img decoding=\"async\" alt=\"Anti-parpadeo\" src=\"https:\/\/images-na.ssl-images-amazon.com\/images\/G\/01\/x-locale\/common\/grey-pixel.gif\" class=\"a-lazy-loaded\" data-src=\"https:\/\/m.media-amazon.com\/images\/S\/aplus-media-library-service-media\/a2729d2d-189c-4341-95c1-a53caa1aa615.__CR0,0,2000,2000_PT0_SX220_V1___.jpg\"><img decoding=\"async\" alt=\"Anti-parpadeo\" src=\"https:\/\/m.media-amazon.com\/images\/S\/aplus-media-library-service-media\/a2729d2d-189c-4341-95c1-a53caa1aa615.__CR0,0,2000,2000_PT0_SX220_V1___.jpg\">  <\/p>\n<p>                                                    Anti-parpadeo                                     <\/p>\n<p class=\"a-size-small\"> La tecnolog\u00eda antiparpadeo* ofrece una experiencia visual superior al reducir el parpadeo, a diferencia de los monitores gen\u00e9ricos que generalmente muestran una tasa de parpadeo de aproximadamente 200 veces** por segundo. * Certificado T\u00dcV Rheinland Flicker Free n\u00b0 Q 50625817, 11\/04\/2024 **Aunque imperceptible a simple vista, este fen\u00f3meno puede provocar cierta fatiga con el tiempo. <\/p>\n<p class=\"apm-text-center\">\n                                                      <img decoding=\"async\" alt=\"AI Vision y HDMI CEC Profile Sync\" src=\"https:\/\/images-na.ssl-images-amazon.com\/images\/G\/01\/x-locale\/common\/grey-pixel.gif\" class=\"a-lazy-loaded\" data-src=\"https:\/\/m.media-amazon.com\/images\/S\/aplus-media-library-service-media\/9f169eba-d0fa-427f-b181-b90430fd34c2.__CR0,0,2000,2000_PT0_SX220_V1___.jpg\"><img decoding=\"async\" alt=\"AI Vision y HDMI CEC Profile Sync\" src=\"https:\/\/m.media-amazon.com\/images\/S\/aplus-media-library-service-media\/9f169eba-d0fa-427f-b181-b90430fd34c2.__CR0,0,2000,2000_PT0_SX220_V1___.jpg\">  <\/p>\n<p>                                                    AI Vision y HDMI CEC Profile Sync                                     <\/p>\n<p class=\"a-size-small\"> MSI AI Vision mejora los detalles en zonas oscuras esenciales y optimiza el color y el brillo. La funci\u00f3n HDMI CEC Profile Sync admite m\u00faltiples dispositivos (PC, Mac, consola, m\u00f3vil o port\u00e1til) y puede detectar autom\u00e1ticamente la configuraci\u00f3n del dispositivo. <\/p>\n<p class=\"apm-text-center\">\n                                                      <img decoding=\"async\" alt=\"Fotograf\u00eda art\u00edstica en blanco y negro que muestra formas arquitect\u00f3nicas oscuras con un indicador de flecha verde ne\u00f3n y la notaci\u00f3n de medici\u00f3n \u00ab45\u00b0-90\u00b0\u00bb.\" src=\"https:\/\/images-na.ssl-images-amazon.com\/images\/G\/01\/x-locale\/common\/grey-pixel.gif\" class=\"a-lazy-loaded\" data-src=\"https:\/\/m.media-amazon.com\/images\/S\/aplus-media-library-service-media\/f745a43b-d9bc-4f0b-acfb-a096ded72820.__CR0,0,2000,2000_PT0_SX220_V1___.jpg\"><img decoding=\"async\" alt=\"Fotograf\u00eda art\u00edstica en blanco y negro que muestra formas arquitect\u00f3nicas oscuras con un indicador de flecha verde ne\u00f3n y la notaci\u00f3n de medici\u00f3n \u00ab45\u00b0-90\u00b0\u00bb.\" src=\"https:\/\/m.media-amazon.com\/images\/S\/aplus-media-library-service-media\/f745a43b-d9bc-4f0b-acfb-a096ded72820.__CR0,0,2000,2000_PT0_SX220_V1___.jpg\">  <\/p>\n<p>                                                    Soporte ajustable                                     <\/p>\n<p class=\"a-size-small\"> El soporte del monitor es ajustable en inclinaci\u00f3n (-5\u00b0\\~20\u00b0) para una mejor comodidad visual. El MAG 32C6 es compatible con un montaje VESA de 100 mm*. *Disfrute de un escritorio m\u00e1s limpio y una mejor gesti\u00f3n de cables con el brazo VESA MT81 de MSI (no incluido). <\/p>\n<p class=\"apm-text-center\">\n                                                      <img decoding=\"async\" alt=\"Conectividad\" src=\"https:\/\/images-na.ssl-images-amazon.com\/images\/G\/01\/x-locale\/common\/grey-pixel.gif\" class=\"a-lazy-loaded\" data-src=\"https:\/\/m.media-amazon.com\/images\/S\/aplus-media-library-service-media\/da6a1ab5-547b-423f-b5c4-010dd3601d07.__CR0,0,2000,2000_PT0_SX220_V1___.jpg\"><img decoding=\"async\" alt=\"Conectividad\" src=\"https:\/\/m.media-amazon.com\/images\/S\/aplus-media-library-service-media\/da6a1ab5-547b-423f-b5c4-010dd3601d07.__CR0,0,2000,2000_PT0_SX220_V1___.jpg\">  <\/p>\n<p>                                                    Conectividad                                     <\/p>\n<p class=\"a-size-small\"> Las opciones de conexi\u00f3n para PC, consola y port\u00e1til incluyen:  DisplayPort 1.4a: 1920 x 1080 (250 Hz m\u00e1x.) 2 x HDMI 2.0b (soporta 1920 x 1080 a 240 Hz, como se especifica en HDMI 2.0b)  <\/p>\n<p> Product Dimensions                                            \u200f                                            :                                            \u200e                                            24.98 x 70.94 x 50.72 cm; 5.61 kg   <br \/> Manufacturer                                            \u200f                                            :                                            \u200e                                            MSI   <br \/> ASIN                                            \u200f                                            :                                            \u200e                                            B0DBH7XVBV   <br \/> Item model number                                            \u200f                                            :                                            \u200e                                            MAG 32C6X   <br \/> Country of origin                                            \u200f                                            :                                            \u200e                                            Spain   <br \/> Guaranteed software updates until                                            \u200f                                            :                                            \u200e                                            unknown   <br \/>  Customer reviews:                                                                                            4.5               4.5 out of 5 stars                                  (39)                                              var dpAcrHasRegisteredArcLinkClickAction;                    P.when(&#8216;A&#8217;, &#8216;ready&#8217;).execute(function(A) {                        if (dpAcrHasRegisteredArcLinkClickAction !== true) {                            dpAcrHasRegisteredArcLinkClickAction = true;                            A.declarative(                                &#8216;acrLink-click-metrics&#8217;, &#8216;click&#8217;,                                { \u00aballowLinkDefault\u00bb: true },                                function (event) {                                    if (window.ue) {                                        ue.count(\u00abacrLinkClickCount\u00bb, (ue.count(\u00abacrLinkClickCount\u00bb) || 0) + 1);                                    }                                }                            );                        }                    });                                             P.when(&#8216;A&#8217;, &#8216;cf&#8217;).execute(function(A) {                A.declarative(&#8216;acrStarsLink-click-metrics&#8217;, &#8216;click&#8217;, { \u00aballowLinkDefault\u00bb : true },  function(event){                    if(window.ue) {                        ue.count(\u00abacrStarsLinkWithPopoverClickCount\u00bb, (ue.count(\u00abacrStarsLinkWithPopoverClickCount\u00bb) || 0) + 1);                    }                });            });                          <\/p>\n<p>Immerse yourself in a captivating experience with a bend rate of 1500R; high refresh rate<br \/>Enjoy a smooth gaming experience with a fast refresh rate, giving you the edge in fast-moving gaming; fast response time<br \/>Eliminate screen tearing and choppy frame rates with a quick MPRT response time of 1ms; Wide color gamut; Game colors and details will look realistic and refined, bringing in-game immersion to the limit<br \/>Console mode optimized for compatibility with game consoles such as PS5 and Xbox Series X\/S; HDR compatible<br \/>Delivers eye-catching details through contrast settings and shadows; Frameless design; With the narrow bezel, the monitor won&#8217;t distract you in the heat of the moment<\/p>\n\n","protected":false},"excerpt":{"rendered":"<p> From the manufacturer MSI: For Gamers &amp; Creators MSI es una de las marcas m\u00e1s<\/p>","protected":false},"featured_media":24295,"comment_status":"open","ping_status":"closed","template":"","meta":[],"product_brand":[],"product_cat":[55],"product_tag":[1934,2337,704,1936,1935,1939,7189,1802,1940,307,2780,1784,639,617,1933,1937,429,844,1262,1938],"class_list":{"0":"post-24294","1":"product","2":"type-product","3":"status-publish","4":"has-post-thumbnail","6":"product_cat-gaming-monitors","7":"product_tag-144hz-gaming-monitor","8":"product_tag-1500r","9":"product_tag-1920x1080","10":"product_tag-1ms-gaming-monitor","11":"product_tag-240hz-gaming-monitor","12":"product_tag-27-inch-gaming-monitor","13":"product_tag-32c6x","14":"product_tag-4k-gaming-monitor","15":"product_tag-best-gaming-monitor","16":"product_tag-black","17":"product_tag-curve","18":"product_tag-curved-gaming-monitor","19":"product_tag-fhd","20":"product_tag-gaming","21":"product_tag-gaming-monitor","22":"product_tag-ips-gaming-monitor","23":"product_tag-mag","24":"product_tag-monitor","25":"product_tag-msi","26":"product_tag-rgb-gaming-monitor","28":"first","29":"instock","30":"shipping-taxable","31":"product-type-external"},"_links":{"self":[{"href":"https:\/\/comprasyconsejos.store\/en\/wp-json\/wp\/v2\/product\/24294","targetHints":{"allow":["GET"]}}],"collection":[{"href":"https:\/\/comprasyconsejos.store\/en\/wp-json\/wp\/v2\/product"}],"about":[{"href":"https:\/\/comprasyconsejos.store\/en\/wp-json\/wp\/v2\/types\/product"}],"replies":[{"embeddable":true,"href":"https:\/\/comprasyconsejos.store\/en\/wp-json\/wp\/v2\/comments?post=24294"}],"version-history":[{"count":0,"href":"https:\/\/comprasyconsejos.store\/en\/wp-json\/wp\/v2\/product\/24294\/revisions"}],"wp:featuredmedia":[{"embeddable":true,"href":"https:\/\/comprasyconsejos.store\/en\/wp-json\/wp\/v2\/media\/24295"}],"wp:attachment":[{"href":"https:\/\/comprasyconsejos.store\/en\/wp-json\/wp\/v2\/media?parent=24294"}],"wp:term":[{"taxonomy":"product_brand","embeddable":true,"href":"https:\/\/comprasyconsejos.store\/en\/wp-json\/wp\/v2\/product_brand?post=24294"},{"taxonomy":"product_cat","embeddable":true,"href":"https:\/\/comprasyconsejos.store\/en\/wp-json\/wp\/v2\/product_cat?post=24294"},{"taxonomy":"product_tag","embeddable":true,"href":"https:\/\/comprasyconsejos.store\/en\/wp-json\/wp\/v2\/product_tag?post=24294"}],"curies":[{"name":"wp","href":"https:\/\/api.w.org\/{rel}","templated":true}]}}