{"id":24304,"date":"2026-02-19T06:42:55","date_gmt":"2026-02-19T06:42:55","guid":{"rendered":"https:\/\/comprasyconsejos.store\/product\/japannext-27-ips-4k-uhd-monitor-3840x2160-hdr-adjustable-tilt-built-in-speakers-dpx1-hdmix2-srgb-100-g-sync-freesync-jn-ips2709uhdr\/"},"modified":"2026-02-19T06:43:00","modified_gmt":"2026-02-19T06:43:00","slug":"japannext-27-ips-4k-uhd-monitor-3840x2160-hdr-adjustable-tilt-built-in-speakers-dpx1-hdmix2-srgb-100-g-sync-freesync-jn-ips2709uhdr","status":"publish","type":"product","link":"https:\/\/comprasyconsejos.store\/en\/product\/japannext-27-ips-4k-uhd-monitor-3840x2160-hdr-adjustable-tilt-built-in-speakers-dpx1-hdmix2-srgb-100-g-sync-freesync-jn-ips2709uhdr\/","title":{"rendered":"JapanNext 27&#8243; IPS 4K UHD Monitor (3840&#215;2160) | HDR | Adjustable Tilt | Built-in Speakers | DP(x1) HDMI(x2) | sRGB 100% | G-Sync\/FreeSync | JN-IPS2709UHDR"},"content":{"rendered":"<p>Price: <span style=\"color:#b12704\">\u20ac229.99<\/span><br \/><i><small>(as of Feb 19, 2026 06:42:55 UTC &#8211; <span class=\"wp_automatic_amazon_disclaimer\" title=\"Product prices and availability are accurate as of the date\/time indicated and are subject to change. Any price and availability information displayed on [relevant Amazon Site(s), as applicable] at the time of purchase will apply to the purchase of this product.\">Details<\/span>)<\/small><\/i><\/p>\n<p><a href=\"https:\/\/amazon.es\/dp\/B0CX7MQZ6V?tag=man008-21\"><img decoding=\"async\" src=\"https:\/\/valvepress.s3.amazonaws.com\/imgs\/buy_now.png\"><\/a><br \/>\n<\/p>\n<p>                                             Product Description   <\/p>\n<p>                                                         <img decoding=\"async\" alt=\"Japannext\" src=\"https:\/\/images-na.ssl-images-amazon.com\/images\/G\/01\/x-locale\/common\/grey-pixel.gif\" class=\"a-lazy-loaded\" data-src=\"https:\/\/m.media-amazon.com\/images\/S\/aplus-media-library-service-media\/a5b4f558-71a9-402c-a930-7502ab1886f0.__CR0,0,1800,540_PT0_SX600_V1___.png\"><img decoding=\"async\" alt=\"Japannext\" src=\"https:\/\/m.media-amazon.com\/images\/S\/aplus-media-library-service-media\/a5b4f558-71a9-402c-a930-7502ab1886f0.__CR0,0,1800,540_PT0_SX600_V1___.png\">      <\/p>\n<p>                                                  <img decoding=\"async\" alt=\"Varios monitores de ordenador se muestran en diagonal sobre un fondo blanco y se muestran las especificaciones del producto y las vistas.\" src=\"https:\/\/images-na.ssl-images-amazon.com\/images\/G\/01\/x-locale\/common\/grey-pixel.gif\" class=\"a-lazy-loaded\" data-src=\"https:\/\/m.media-amazon.com\/images\/S\/aplus-media-library-service-media\/271077d4-f0fa-4df8-99cc-151279b4733e.__CR0,0,970,300_PT0_SX970_V1___.png\"><img decoding=\"async\" alt=\"Varios monitores de ordenador se muestran en diagonal sobre un fondo blanco y se muestran las especificaciones del producto y las vistas.\" src=\"https:\/\/m.media-amazon.com\/images\/S\/aplus-media-library-service-media\/271077d4-f0fa-4df8-99cc-151279b4733e.__CR0,0,970,300_PT0_SX970_V1___.png\">  <\/p>\n<h3> Descubre nuestro monitor 4K <\/h3>\n<p> No hace falta complicarse cuando todo est\u00e1 ah\u00ed. El JN-IPS2709UHDR ofrece 4K ultra n\u00edtido, colores fieles, HDR y todo ello en 27 pulgadas IPS. Preciso, sencillo y profesional. <\/p>\n<p>                                                      <img decoding=\"async\" alt=\"El texto dice \u00ab27\" src=\"https:\/\/images-na.ssl-images-amazon.com\/images\/G\/01\/x-locale\/common\/grey-pixel.gif\" class=\"a-spacing-mini a-lazy-loaded\" data-src=\"https:\/\/m.media-amazon.com\/images\/S\/aplus-media-library-service-media\/4f40e8a4-fde9-4c9b-ae2d-552784d424a8.__CR0,0,800,800_PT0_SX300_V1___.png\"><img decoding=\"async\" alt=\"El texto dice \u00ab27\" src=\"https:\/\/m.media-amazon.com\/images\/S\/aplus-media-library-service-media\/4f40e8a4-fde9-4c9b-ae2d-552784d424a8.__CR0,0,800,800_PT0_SX300_V1___.png\">  <\/p>\n<h3 class=\"a-spacing-mini\"> VERSATILIDAD Y CALIDAD VISUAL <\/h3>\n<p>                                           \u00bfA qui\u00e9n va dirigido este monitor?                                     <\/p>\n<p class=\"a-spacing-base\"> Este monitor de oficina est\u00e1 dirigido principalmente a profesionales o usuarios exigentes que buscan una gran soluci\u00f3n de visualizaci\u00f3n de calidad para su espacio de trabajo. <\/p>\n<p>                                           \u00bfA qui\u00e9n va dirigido este monitor?                                     <\/p>\n<p class=\"a-spacing-base\"> Est\u00e1 dise\u00f1ado para un uso variado, desde multitarea hasta dise\u00f1o gr\u00e1fico y an\u00e1lisis de datos, gracias a su resoluci\u00f3n 4K UHD y sus funciones avanzadas. <\/p>\n<p>                                           \u00bfA qui\u00e9n va dirigido este monitor?                                     <\/p>\n<p class=\"a-spacing-base\"> Su punto fuerte es su capacidad para ofrecer una experiencia visual excepcional, con una verdadera claridad de imagen, reducci\u00f3n de la fatiga ocular y colores vibrantes. <\/p>\n<p>                                                                                       Tama\u00f1o: 27,0&#8243; (68,58 cm)       Resoluci\u00f3n: 4K UHD       Panel: IPS       Frecuencia de actualizaci\u00f3n: 60Hz       Colores: 1,07 mil millones       sRGB: 100%       <\/p>\n<p class=\"apm-text-center\">\n                                                      <img decoding=\"async\" alt=\"El texto dice \u00abImagen 7\u00bb, \u00ab4K UHD\u00bb, \u00ab3840 x 2160\u00bb. Monitor de pantalla plana sobre soporte que muestra las especificaciones t\u00e9cnicas y la informaci\u00f3n de resoluci\u00f3n.\" src=\"https:\/\/images-na.ssl-images-amazon.com\/images\/G\/01\/x-locale\/common\/grey-pixel.gif\" class=\"a-lazy-loaded\" data-src=\"https:\/\/m.media-amazon.com\/images\/S\/aplus-media-library-service-media\/f48aeb89-0ae3-4a21-99fb-1abc9220cff8.__CR0,0,800,800_PT0_SX220_V1___.png\"><img decoding=\"async\" alt=\"El texto dice \u00abImagen 7\u00bb, \u00ab4K UHD\u00bb, \u00ab3840 x 2160\u00bb. Monitor de pantalla plana sobre soporte que muestra las especificaciones t\u00e9cnicas y la informaci\u00f3n de resoluci\u00f3n.\" src=\"https:\/\/m.media-amazon.com\/images\/S\/aplus-media-library-service-media\/f48aeb89-0ae3-4a21-99fb-1abc9220cff8.__CR0,0,800,800_PT0_SX220_V1___.png\">  <\/p>\n<p>                                                    Resoluci\u00f3n 4K UHD                                     <\/p>\n<p class=\"a-size-small\"> La resoluci\u00f3n 4K UHD ofrece una nitidez de imagen cuatro veces superior a la del Full HD, proporcionando una calidad de imagen excepcional. <\/p>\n<p class=\"apm-text-center\">\n                                                      <img decoding=\"async\" alt=\"El texto dice \u00abHDR\u00bb. Paisaje urbano nocturno panor\u00e1mico que muestra la Torre de Tokio iluminada y los edificios circundantes con diferentes niveles de brillo y detalle.\" src=\"https:\/\/images-na.ssl-images-amazon.com\/images\/G\/01\/x-locale\/common\/grey-pixel.gif\" class=\"a-lazy-loaded\" data-src=\"https:\/\/m.media-amazon.com\/images\/S\/aplus-media-library-service-media\/43803c2e-846b-408c-afa8-47ee09098165.__CR0,0,800,800_PT0_SX220_V1___.png\"><img decoding=\"async\" alt=\"El texto dice \u00abHDR\u00bb. Paisaje urbano nocturno panor\u00e1mico que muestra la Torre de Tokio iluminada y los edificios circundantes con diferentes niveles de brillo y detalle.\" src=\"https:\/\/m.media-amazon.com\/images\/S\/aplus-media-library-service-media\/43803c2e-846b-408c-afa8-47ee09098165.__CR0,0,800,800_PT0_SX220_V1___.png\">  <\/p>\n<p>                                                    HDR                                     <\/p>\n<p class=\"a-size-small\"> Mejora la calidad de imagen con un mayor contraste y una mayor profundidad de color. <\/p>\n<p class=\"apm-text-center\">\n                                                      <img decoding=\"async\" alt=\"El texto dice \u00abSoporte ergon\u00f3mico\u00bb, \u00abInclinaci\u00f3n\u00bb, \u00abVESA\u00bb, \u00ab100 x 100\u00bb. Diagrama t\u00e9cnico que muestra la funcionalidad de inclinaci\u00f3n y las especificaciones de montaje VESA.\" src=\"https:\/\/images-na.ssl-images-amazon.com\/images\/G\/01\/x-locale\/common\/grey-pixel.gif\" class=\"a-lazy-loaded\" data-src=\"https:\/\/m.media-amazon.com\/images\/S\/aplus-media-library-service-media\/d6a0cb72-dd4d-4b4a-a25c-ebdaf5a272f3.__CR0,0,800,800_PT0_SX220_V1___.png\"><img decoding=\"async\" alt=\"El texto dice \u00abSoporte ergon\u00f3mico\u00bb, \u00abInclinaci\u00f3n\u00bb, \u00abVESA\u00bb, \u00ab100 x 100\u00bb. Diagrama t\u00e9cnico que muestra la funcionalidad de inclinaci\u00f3n y las especificaciones de montaje VESA.\" src=\"https:\/\/m.media-amazon.com\/images\/S\/aplus-media-library-service-media\/d6a0cb72-dd4d-4b4a-a25c-ebdaf5a272f3.__CR0,0,800,800_PT0_SX220_V1___.png\">  <\/p>\n<p>                                                    Ajustes ergon\u00f3micos                                     <\/p>\n<p class=\"a-size-small\"> Personaliza los ajustes del monitor inclin\u00e1ndolo desde -5\u00b0 hasta +15\u00b0. <\/p>\n<p class=\"apm-text-center\">\n                                                      <img decoding=\"async\" alt=\"El texto dice \u00ab1.07B Colors\u00bb, \u00ab100% DOLPB\u00bb. Pantallas digitales que muestran los vibrantes efectos del humo del arco\u00edris con indicadores de porcentaje de color.\" src=\"https:\/\/images-na.ssl-images-amazon.com\/images\/G\/01\/x-locale\/common\/grey-pixel.gif\" class=\"a-lazy-loaded\" data-src=\"https:\/\/m.media-amazon.com\/images\/S\/aplus-media-library-service-media\/652828d3-1c52-4408-9e63-47835d9715dd.__CR0,0,800,800_PT0_SX220_V1___.png\"><img decoding=\"async\" alt=\"El texto dice \u00ab1.07B Colors\u00bb, \u00ab100% DOLPB\u00bb. Pantallas digitales que muestran los vibrantes efectos del humo del arco\u00edris con indicadores de porcentaje de color.\" src=\"https:\/\/m.media-amazon.com\/images\/S\/aplus-media-library-service-media\/652828d3-1c52-4408-9e63-47835d9715dd.__CR0,0,800,800_PT0_SX220_V1___.png\">  <\/p>\n<p>                                                    Colores envolventes                                     <\/p>\n<p class=\"a-size-small\"> El panel puede mostrar m\u00e1s de 1,07 mil millones de colores y, con una cobertura del 100\u202f% sRGB, este monitor es una soluci\u00f3n excepcional para quienes buscan calidad de imagen superior. <\/p>\n<p class=\"apm-text-center\">\n                                                      <img decoding=\"async\" alt=\"El texto dice \u00abFreeSync\u00bb. Monitor de ordenador que muestra una comparaci\u00f3n en pantalla dividida de im\u00e1genes de juegos con im\u00e1genes de una figura en invierno, montado sobre un soporte negro.\" src=\"https:\/\/images-na.ssl-images-amazon.com\/images\/G\/01\/x-locale\/common\/grey-pixel.gif\" class=\"a-lazy-loaded\" data-src=\"https:\/\/m.media-amazon.com\/images\/S\/aplus-media-library-service-media\/944ac50a-72b7-433c-8e6c-932ee1e4ed0b.__CR0,0,800,800_PT0_SX220_V1___.png\"><img decoding=\"async\" alt=\"El texto dice \u00abFreeSync\u00bb. Monitor de ordenador que muestra una comparaci\u00f3n en pantalla dividida de im\u00e1genes de juegos con im\u00e1genes de una figura en invierno, montado sobre un soporte negro.\" src=\"https:\/\/m.media-amazon.com\/images\/S\/aplus-media-library-service-media\/944ac50a-72b7-433c-8e6c-932ee1e4ed0b.__CR0,0,800,800_PT0_SX220_V1___.png\">  <\/p>\n<p>                                                    FreeSync                                     <\/p>\n<p class=\"a-size-small\"> Disfruta de una experiencia de juego fluida y sin cortes gracias a la compatibilidad con AMD FreeSync, que elimina los desgarros y las interrupciones de imagen. <\/p>\n<p class=\"apm-text-center\">\n                                                      <img decoding=\"async\" alt=\"El texto dice \u00abConectividad\u00bb seguido de los iconos y etiquetas del puerto: \u00abJack x1\u00bb, \u00abDisplayPort 1.4 x1\u00bb, \u00abHDMI 2.0 x2\u00bb, \u00abUSB-A x1\u00bb. Diagrama sencillo en blanco y negro sobre fondo claro.\" src=\"https:\/\/images-na.ssl-images-amazon.com\/images\/G\/01\/x-locale\/common\/grey-pixel.gif\" class=\"a-lazy-loaded\" data-src=\"https:\/\/m.media-amazon.com\/images\/S\/aplus-media-library-service-media\/dddc207f-a773-4de2-b11d-0ec5e86eb802.__CR0,0,800,800_PT0_SX220_V1___.png\"><img decoding=\"async\" alt=\"El texto dice \u00abConectividad\u00bb seguido de los iconos y etiquetas del puerto: \u00abJack x1\u00bb, \u00abDisplayPort 1.4 x1\u00bb, \u00abHDMI 2.0 x2\u00bb, \u00abUSB-A x1\u00bb. Diagrama sencillo en blanco y negro sobre fondo claro.\" src=\"https:\/\/m.media-amazon.com\/images\/S\/aplus-media-library-service-media\/dddc207f-a773-4de2-b11d-0ec5e86eb802.__CR0,0,800,800_PT0_SX220_V1___.png\">  <\/p>\n<p>                                                    Conectividad                                     <\/p>\n<p class=\"a-size-small\"> Equipado con puertos (HDMI, DisplayPort, USB-A y toma jack), el monitor garantiza una conectividad completa para el d\u00eda a d\u00eda. <\/p>\n<p class=\"apm-text-center\">\n                                                      <img decoding=\"async\" alt=\"El texto dice \u00abFLICKER FREE\u00bb. Pantalla de ordenador que muestra la silueta de un samur\u00e1i contra un cielo anaranjado al atardecer, montada sobre un soporte negro.\" src=\"https:\/\/images-na.ssl-images-amazon.com\/images\/G\/01\/x-locale\/common\/grey-pixel.gif\" class=\"a-lazy-loaded\" data-src=\"https:\/\/m.media-amazon.com\/images\/S\/aplus-media-library-service-media\/9d70125e-85af-4d71-b62e-211e71298a45.__CR0,0,800,800_PT0_SX220_V1___.png\"><img decoding=\"async\" alt=\"El texto dice \u00abFLICKER FREE\u00bb. Pantalla de ordenador que muestra la silueta de un samur\u00e1i contra un cielo anaranjado al atardecer, montada sobre un soporte negro.\" src=\"https:\/\/m.media-amazon.com\/images\/S\/aplus-media-library-service-media\/9d70125e-85af-4d71-b62e-211e71298a45.__CR0,0,800,800_PT0_SX220_V1___.png\">  <\/p>\n<p>                                                    Flicker-free                                     <\/p>\n<p class=\"a-size-small\"> La tecnolog\u00eda Flicker-Free (antiparpadeo) es esencial para quienes pasan largas horas frente a la pantalla, proporcionando una experiencia visual m\u00e1s c\u00f3moda y reduciendo la fatiga ocular. <\/p>\n<p class=\"apm-text-center\">\n                                                      <img decoding=\"async\" alt=\"El texto dice \u00abIncluido\u00bb. Diagrama t\u00e9cnico que muestra los conectores de cable y los accesorios con instrucciones de instalaci\u00f3n en estilo esquem\u00e1tico.\" src=\"https:\/\/images-na.ssl-images-amazon.com\/images\/G\/01\/x-locale\/common\/grey-pixel.gif\" class=\"a-lazy-loaded\" data-src=\"https:\/\/m.media-amazon.com\/images\/S\/aplus-media-library-service-media\/fb0beca2-d924-4f72-991e-fcd62d763584.__CR0,0,800,800_PT0_SX220_V1___.png\"><img decoding=\"async\" alt=\"El texto dice \u00abIncluido\u00bb. Diagrama t\u00e9cnico que muestra los conectores de cable y los accesorios con instrucciones de instalaci\u00f3n en estilo esquem\u00e1tico.\" src=\"https:\/\/m.media-amazon.com\/images\/S\/aplus-media-library-service-media\/fb0beca2-d924-4f72-991e-fcd62d763584.__CR0,0,800,800_PT0_SX220_V1___.png\">  <\/p>\n<p>                                                    Incluye                                     <\/p>\n<p class=\"a-size-small\"> El monitor se entrega con: <\/p>\n<p class=\"a-size-small\">\n<p>Cable HDMICable de alimentaci\u00f3nGu\u00eda de inicio r\u00e1pidoSeparadores     <\/p>\n<p>                                                      <img decoding=\"async\" alt=\"5K K5 5 K 5K2K 5120x2880 5120x2880p 5120 x 2880 Pixel WQHD QHD 16:9 16 9 UHD Monitor\" src=\"https:\/\/images-na.ssl-images-amazon.com\/images\/G\/01\/x-locale\/common\/grey-pixel.gif\" class=\"a-spacing-mini a-lazy-loaded\" data-src=\"https:\/\/m.media-amazon.com\/images\/S\/aplus-media-library-service-media\/9ec0e74f-ed68-494a-af50-27458816a57b.__CR0,0,900,1200_PT0_SX300_V1___.png\"><img decoding=\"async\" alt=\"5K K5 5 K 5K2K 5120x2880 5120x2880p 5120 x 2880 Pixel WQHD QHD 16:9 16 9 UHD Monitor\" src=\"https:\/\/m.media-amazon.com\/images\/S\/aplus-media-library-service-media\/9ec0e74f-ed68-494a-af50-27458816a57b.__CR0,0,900,1200_PT0_SX300_V1___.png\">  <\/p>\n<p>                                                              <img decoding=\"async\" alt=\"moniteur moniteurs pc-moniteur moniteur-pc \u00e9crans ecran dalle ips panel usb c usbc usb-c type-c\" src=\"https:\/\/images-na.ssl-images-amazon.com\/images\/G\/01\/x-locale\/common\/grey-pixel.gif\" class=\"a-spacing-mini a-lazy-loaded\" data-src=\"https:\/\/m.media-amazon.com\/images\/S\/aplus-media-library-service-media\/4bf8d819-2909-4b96-9915-2acdb8d1c37c.__CR0,0,1050,525_PT0_SX350_V1___.png\"><img decoding=\"async\" alt=\"moniteur moniteurs pc-moniteur moniteur-pc \u00e9crans ecran dalle ips panel usb c usbc usb-c type-c\" src=\"https:\/\/m.media-amazon.com\/images\/S\/aplus-media-library-service-media\/4bf8d819-2909-4b96-9915-2acdb8d1c37c.__CR0,0,1050,525_PT0_SX350_V1___.png\">                                                                 <\/p>\n<p class=\"a-spacing-small a-size-small a-color-secondary\"> Fundada en 2016 en Tokio por Samuel Becker, un franc\u00e9s enamorado de Jap\u00f3n, JAPANNEXT ha logrado imponerse en el mercado japon\u00e9s en solo unos pocos a\u00f1os. <\/p>\n<p class=\"a-spacing-small a-size-small a-color-secondary\"> El nombre de la marca JAPANNEXT refleja nuestra fuerte voluntad de lanzar la pr\u00f3xima generaci\u00f3n de fabricantes japoneses. <\/p>\n<p class=\"a-spacing-small a-size-small a-color-secondary\"> La empresa tiene su sede en Tokio, con oficinas en Akihabara. Nuestros centros de operaciones, desarrollo de productos y log\u00edstica est\u00e1n ubicados en Isumi. <\/p>\n<h3 class=\"a-spacing-mini\"> JAPANNEXT Europe <\/h3>\n<p>                                          Acerca de nosotros                                     <\/p>\n<p class=\"a-spacing-base\"> Seg\u00fan nosotros, la verdadera innovaci\u00f3n, la que realmente te resulta \u00fatil, se esconde en los detalles. <\/p>\n<p class=\"a-spacing-base\"> No buscas un efecto Wow, nosotros tampoco. Nuestros productos est\u00e1n inspirados en tus usos y necesidades, para que te acompa\u00f1en en tu d\u00eda a d\u00eda. <\/p>\n<p class=\"a-spacing-base\"> Y porque creemos que todos merecemos calidad, nuestros productos respetan nuestra l\u00f3gica de importe razonables. <\/p>\n<p>                                                          Env\u00edo expr\u00e9s SIN COSTO       Equipos basados en Francia      <\/p>\n<p> Product Dimensions                                            \u200f                                            :                                            \u200e                                            19 x 61.5 x 50.2 cm; 5.9 kg   <br \/> Manufacturer                                            \u200f                                            :                                            \u200e                                            JAPANNEXT   <br \/> ASIN                                            \u200f                                            :                                            \u200e                                            B0CX7MQZ6V   <br \/> Item model number                                            \u200f                                            :                                            \u200e                                            JN-IPS2709UHDR   <br \/> Guaranteed software updates until                                            \u200f                                            :                                            \u200e                                            unknown   <br \/>  Customer reviews:                                                                                            4.2               4.2 out of 5 stars                                  (28)                                              var dpAcrHasRegisteredArcLinkClickAction;                    P.when(&#8216;A&#8217;, &#8216;ready&#8217;).execute(function(A) {                        if (dpAcrHasRegisteredArcLinkClickAction !== true) {                            dpAcrHasRegisteredArcLinkClickAction = true;                            A.declarative(                                &#8216;acrLink-click-metrics&#8217;, &#8216;click&#8217;,                                { \u00aballowLinkDefault\u00bb: true },                                function (event) {                                    if (window.ue) {                                        ue.count(\u00abacrLinkClickCount\u00bb, (ue.count(\u00abacrLinkClickCount\u00bb) || 0) + 1);                                    }                                }                            );                        }                    });                                             P.when(&#8216;A&#8217;, &#8216;cf&#8217;).execute(function(A) {                A.declarative(&#8216;acrStarsLink-click-metrics&#8217;, &#8216;click&#8217;, { \u00aballowLinkDefault\u00bb : true },  function(event){                    if(window.ue) {                        ue.count(\u00abacrStarsLinkWithPopoverClickCount\u00bb, (ue.count(\u00abacrStarsLinkWithPopoverClickCount\u00bb) || 0) + 1);                    }                });            });                          <\/p>\n<p>4K UHD 27\u00bb MONITOR: Enjoy an exceptional image clarity thanks to the 4K UHD IPS panel (3840&#215;2160), ideal for creative professionals, advanced office work or entertainment. HDR technology enhances contrasts and colours for total immersion.<br \/>COLOR PRECISION: With 100% coverage of sRGB space, this monitor ensures exceptional colour fidelity, a must for graphic designers, photographers or video editors looking for accurate results.<br \/>FLUIDITY AND COMPATIBILITY: The 60Hz refresh rate, combined with G-Sync and FreeSync compatibility, delivers a smooth, tear-free image for both work and leisure.<br \/>COMFORT AND CONNECTIVITY: Easily tilt the screen to your preferences for greater viewing comfort. HDMI (x2) and DisplayPort ports ensure wide compatibility with Windows and Mac computers. VESA compatible for wall installation.<br \/>GUARANTEED QUALITY: JAPANNEXT is committed to manufacturing high quality monitors. Our products have a 3-year warranty. The withdrawal period is 14 days, in accordance with the applicable legislation on distance selling. If you have any questions, please feel free to contact us via contact@japannext.com.<\/p>\n\n","protected":false},"excerpt":{"rendered":"<p> Product Description Descubre nuestro monitor 4K No hace falta complicarse cuando todo est\u00e1 ah\u00ed. El<\/p>","protected":false},"featured_media":24305,"comment_status":"open","ping_status":"closed","template":"","meta":[],"product_brand":[],"product_cat":[53],"product_tag":[1804,3145,1801,1802,1805,1803,1799,1807,876,1806,1567,4907,7193,1929,1813,703,7192,7194,844,1808,1039,1313,1183,684,1800],"class_list":{"0":"post-24304","1":"product","2":"type-product","3":"status-publish","4":"has-post-thumbnail","6":"product_cat-4k-monitors","7":"product_tag-32-inch-4k-monitor","8":"product_tag-3840x2160","9":"product_tag-3840x2160-monitor","10":"product_tag-4k-gaming-monitor","11":"product_tag-4k-hdr-monitor","12":"product_tag-4k-ips-monitor","13":"product_tag-4k-monitor","14":"product_tag-4k-monitor-price","15":"product_tag-adjustable","16":"product_tag-best-4k-monitor","17":"product_tag-builtin","18":"product_tag-dpx1","19":"product_tag-gsyncfreesync","20":"product_tag-hdmix2","21":"product_tag-hdr","22":"product_tag-ips","23":"product_tag-japannext","24":"product_tag-jnips2709uhdr","25":"product_tag-monitor","26":"product_tag-professional-4k-monitor","27":"product_tag-speakers","28":"product_tag-srgb","29":"product_tag-tilt","30":"product_tag-uhd","31":"product_tag-uhd-monitor","33":"first","34":"instock","35":"shipping-taxable","36":"product-type-external"},"_links":{"self":[{"href":"https:\/\/comprasyconsejos.store\/en\/wp-json\/wp\/v2\/product\/24304","targetHints":{"allow":["GET"]}}],"collection":[{"href":"https:\/\/comprasyconsejos.store\/en\/wp-json\/wp\/v2\/product"}],"about":[{"href":"https:\/\/comprasyconsejos.store\/en\/wp-json\/wp\/v2\/types\/product"}],"replies":[{"embeddable":true,"href":"https:\/\/comprasyconsejos.store\/en\/wp-json\/wp\/v2\/comments?post=24304"}],"version-history":[{"count":0,"href":"https:\/\/comprasyconsejos.store\/en\/wp-json\/wp\/v2\/product\/24304\/revisions"}],"wp:featuredmedia":[{"embeddable":true,"href":"https:\/\/comprasyconsejos.store\/en\/wp-json\/wp\/v2\/media\/24305"}],"wp:attachment":[{"href":"https:\/\/comprasyconsejos.store\/en\/wp-json\/wp\/v2\/media?parent=24304"}],"wp:term":[{"taxonomy":"product_brand","embeddable":true,"href":"https:\/\/comprasyconsejos.store\/en\/wp-json\/wp\/v2\/product_brand?post=24304"},{"taxonomy":"product_cat","embeddable":true,"href":"https:\/\/comprasyconsejos.store\/en\/wp-json\/wp\/v2\/product_cat?post=24304"},{"taxonomy":"product_tag","embeddable":true,"href":"https:\/\/comprasyconsejos.store\/en\/wp-json\/wp\/v2\/product_tag?post=24304"}],"curies":[{"name":"wp","href":"https:\/\/api.w.org\/{rel}","templated":true}]}}