{"id":24311,"date":"2026-02-19T06:48:48","date_gmt":"2026-02-19T06:48:48","guid":{"rendered":"https:\/\/comprasyconsejos.store\/product\/philips-27e1n1600ae-monitor-qhd-de-27-pulgadas-altavoz-altura-regulable-2560x1440-100hz-hdmi-1-4-usb-c-65w-pd-hub-usb-negro\/"},"modified":"2026-02-19T06:48:51","modified_gmt":"2026-02-19T06:48:51","slug":"philips-27e1n1600ae-monitor-qhd-de-27-pulgadas-altavoz-altura-regulable-2560x1440-100hz-hdmi-1-4-usb-c-65w-pd-hub-usb-negro","status":"publish","type":"product","link":"https:\/\/comprasyconsejos.store\/en\/product\/philips-27e1n1600ae-monitor-qhd-de-27-pulgadas-altavoz-altura-regulable-2560x1440-100hz-hdmi-1-4-usb-c-65w-pd-hub-usb-negro\/","title":{"rendered":"Philips 27E1N1600AE &#8211; Monitor QHD de 27 pulgadas, altavoz, altura regulable (2560&#215;1440, 100Hz, HDMI 1.4, USB-C (65W PD), Hub USB) negro"},"content":{"rendered":"<p>Price: <span style=\"color:#b12704\">\u20ac161.91<\/span><br \/><i><small>(as of Feb 19, 2026 06:48:48 UTC &#8211; <span class=\"wp_automatic_amazon_disclaimer\" title=\"Product prices and availability are accurate as of the date\/time indicated and are subject to change. Any price and availability information displayed on [relevant Amazon Site(s), as applicable] at the time of purchase will apply to the purchase of this product.\">Details<\/span>)<\/small><\/i><\/p>\n<p><a href=\"https:\/\/amazon.es\/dp\/B0D1RCQVKN?tag=man008-21\"><img decoding=\"async\" src=\"https:\/\/valvepress.s3.amazonaws.com\/imgs\/buy_now.png\"><\/a><br \/>\n<\/p>\n<p>                                             From the brand   <\/p>\n<p>                                              <img decoding=\"async\" alt=\"aplus content image\" src=\"https:\/\/images-na.ssl-images-amazon.com\/images\/G\/01\/x-locale\/common\/grey-pixel.gif\" class=\"a-lazy-loaded\" data-src=\"https:\/\/m.media-amazon.com\/images\/S\/aplus-media-library-service-media\/f8c95a3f-774f-4d59-8383-8c7f3514e6cf.__CR12,0,1476,630_PT0_SX1464_V1___.jpg\"><img decoding=\"async\" alt=\"aplus content image\" src=\"https:\/\/m.media-amazon.com\/images\/S\/aplus-media-library-service-media\/f8c95a3f-774f-4d59-8383-8c7f3514e6cf.__CR12,0,1476,630_PT0_SX1464_V1___.jpg\">  <\/p>\n<p>                                              <img decoding=\"async\" alt=\"aplus content image\" src=\"https:\/\/images-na.ssl-images-amazon.com\/images\/G\/01\/x-locale\/common\/grey-pixel.gif\" class=\"a-lazy-loaded\" data-src=\"https:\/\/m.media-amazon.com\/images\/S\/aplus-media-library-service-media\/1df33e20-5a0e-4d5a-936f-9cfcd1fee762.__CR0,0,362,453_PT0_SX362_V1___.jpg\"><img decoding=\"async\" alt=\"aplus content image\" src=\"https:\/\/m.media-amazon.com\/images\/S\/aplus-media-library-service-media\/1df33e20-5a0e-4d5a-936f-9cfcd1fee762.__CR0,0,362,453_PT0_SX362_V1___.jpg\">  <\/p>\n<h3> USO Profesional <\/h3>\n<p class=\"apm-brand-story-stores-link\">\n<h3> USE DOMESTICO <\/h3>\n<p class=\"apm-brand-story-stores-link\">\n<p>                                              <img decoding=\"async\" alt=\"El texto dice \u00abAcerca de nosotros\u00bb seguido de \u00abLos monitores Philips est\u00e1n dise\u00f1ados para hacer que la vida cotidiana sea m\u00e1s f\u00e1cil y m\u00e1s inteligente y m\u00e1s inspiradora\u00bb. Ya sea que est\u00e1 trabajando, creando, estudiando.\" src=\"https:\/\/images-na.ssl-images-amazon.com\/images\/G\/01\/x-locale\/common\/grey-pixel.gif\" class=\"a-lazy-loaded\" data-src=\"https:\/\/m.media-amazon.com\/images\/S\/aplus-media-library-service-media\/59805462-1f57-4b24-89c2-d7df1894e5ef.__CR0,0,362,453_PT0_SX362_V1___.jpg\"><img decoding=\"async\" alt=\"El texto dice \u00abAcerca de nosotros\u00bb seguido de \u00abLos monitores Philips est\u00e1n dise\u00f1ados para hacer que la vida cotidiana sea m\u00e1s f\u00e1cil y m\u00e1s inteligente y m\u00e1s inspiradora\u00bb. Ya sea que est\u00e1 trabajando, creando, estudiando.\" src=\"https:\/\/m.media-amazon.com\/images\/S\/aplus-media-library-service-media\/59805462-1f57-4b24-89c2-d7df1894e5ef.__CR0,0,362,453_PT0_SX362_V1___.jpg\">  <\/p>\n<p> Batteries                                            \u200f                                            :                                            \u200e                                            1 AAAA batteries required.   <br \/> Is discontinued by manufacturer                                            \u200f                                            :                                            \u200e                                            No   <br \/> Language                                            \u200f                                            :                                            \u200e                                            Spanish   <br \/> Product Dimensions                                            \u200f                                            :                                            \u200e                                            22 x 61.7 x 48.3 cm; 5.75 kg   <br \/> Manufacturer                                            \u200f                                            :                                            \u200e                                            Philips   <br \/> ASIN                                            \u200f                                            :                                            \u200e                                            B0D1RCQVKN   <br \/> Item model number                                            \u200f                                            :                                            \u200e                                            27E1N1600AE   <br \/> Guaranteed software updates until                                            \u200f                                            :                                            \u200e                                            unknown   <br \/>  Customer reviews:                                                                                            4.5               4.5 out of 5 stars                                  (77)                                              var dpAcrHasRegisteredArcLinkClickAction;                    P.when(&#8216;A&#8217;, &#8216;ready&#8217;).execute(function(A) {                        if (dpAcrHasRegisteredArcLinkClickAction !== true) {                            dpAcrHasRegisteredArcLinkClickAction = true;                            A.declarative(                                &#8216;acrLink-click-metrics&#8217;, &#8216;click&#8217;,                                { \u00aballowLinkDefault\u00bb: true },                                function (event) {                                    if (window.ue) {                                        ue.count(\u00abacrLinkClickCount\u00bb, (ue.count(\u00abacrLinkClickCount\u00bb) || 0) + 1);                                    }                                }                            );                        }                    });                                             P.when(&#8216;A&#8217;, &#8216;cf&#8217;).execute(function(A) {                A.declarative(&#8216;acrStarsLink-click-metrics&#8217;, &#8216;click&#8217;, { \u00aballowLinkDefault\u00bb : true },  function(event){                    if(window.ue) {                        ue.count(\u00abacrStarsLinkWithPopoverClickCount\u00bb, (ue.count(\u00abacrStarsLinkWithPopoverClickCount\u00bb) || 0) + 1);                    }                });            });                          <\/p>\n<p>27 inch QHD gaming monitor<br \/>With a single cable (USB-C), you can watch smooth, high-resolution videos, transfer data, and charge your laptop<br \/>A clean workplace thanks to USB-C with up to 65W power supply, HDMI connection and USB hub<br \/>Flicker Free and Low Blue Light technology reduce eye strain while increasing visual comfort; Adaptive image synchronization (FreeSync) allows streak-free images<br \/>Brightness\/Contrast: 350 cd\/m\u00b2 1,500:1, Connections: 1x HDMI 1.4, 1x USB-C (65W PD), 2x 3.2 USB hub<\/p>\n\n","protected":false},"excerpt":{"rendered":"<p> From the brand USO Profesional USE DOMESTICO Batteries \u200f : \u200e 1 AAAA batteries required.<\/p>","protected":false},"featured_media":24312,"comment_status":"open","ping_status":"closed","template":"","meta":[],"product_brand":[],"product_cat":[52,54],"product_tag":[2330,1817,1822,2265,1819,7196,1821,1816,1824,158,4339,5026,1823,1825,544,169,1820,844,3998,7195,4035,1243,1818,5025,133,188],"class_list":{"0":"post-24311","1":"product","2":"type-product","3":"status-publish","4":"has-post-thumbnail","6":"product_cat-2k-monitors","7":"product_cat-curved-monitors","8":"product_tag-100hz","9":"product_tag-1440p-monitor","10":"product_tag-144hz-2k-monitor","11":"product_tag-2560x1440","12":"product_tag-27-inch-2k-monitor","13":"product_tag-27e1n1600ae","14":"product_tag-2k-gaming-monitor","15":"product_tag-2k-monitor","16":"product_tag-2k-monitor-price","17":"product_tag-65w","18":"product_tag-altavoz","19":"product_tag-altura","20":"product_tag-best-2k-monitor","21":"product_tag-curved-2k-monitor","22":"product_tag-hdmi","23":"product_tag-hub","24":"product_tag-ips-2k-monitor","25":"product_tag-monitor","26":"product_tag-negro","27":"product_tag-philips","28":"product_tag-pulgadas","29":"product_tag-qhd","30":"product_tag-qhd-monitor","31":"product_tag-regulable","32":"product_tag-usb","33":"product_tag-usbc","35":"first","36":"instock","37":"shipping-taxable","38":"product-type-external"},"_links":{"self":[{"href":"https:\/\/comprasyconsejos.store\/en\/wp-json\/wp\/v2\/product\/24311","targetHints":{"allow":["GET"]}}],"collection":[{"href":"https:\/\/comprasyconsejos.store\/en\/wp-json\/wp\/v2\/product"}],"about":[{"href":"https:\/\/comprasyconsejos.store\/en\/wp-json\/wp\/v2\/types\/product"}],"replies":[{"embeddable":true,"href":"https:\/\/comprasyconsejos.store\/en\/wp-json\/wp\/v2\/comments?post=24311"}],"version-history":[{"count":0,"href":"https:\/\/comprasyconsejos.store\/en\/wp-json\/wp\/v2\/product\/24311\/revisions"}],"wp:featuredmedia":[{"embeddable":true,"href":"https:\/\/comprasyconsejos.store\/en\/wp-json\/wp\/v2\/media\/24312"}],"wp:attachment":[{"href":"https:\/\/comprasyconsejos.store\/en\/wp-json\/wp\/v2\/media?parent=24311"}],"wp:term":[{"taxonomy":"product_brand","embeddable":true,"href":"https:\/\/comprasyconsejos.store\/en\/wp-json\/wp\/v2\/product_brand?post=24311"},{"taxonomy":"product_cat","embeddable":true,"href":"https:\/\/comprasyconsejos.store\/en\/wp-json\/wp\/v2\/product_cat?post=24311"},{"taxonomy":"product_tag","embeddable":true,"href":"https:\/\/comprasyconsejos.store\/en\/wp-json\/wp\/v2\/product_tag?post=24311"}],"curies":[{"name":"wp","href":"https:\/\/api.w.org\/{rel}","templated":true}]}}