{"id":24345,"date":"2026-02-19T07:11:01","date_gmt":"2026-02-19T07:11:01","guid":{"rendered":"https:\/\/comprasyconsejos.store\/product\/blackview-fort1-unbreakable-android-15-256gb18gb-tf-2tb-rugerized-mobile-10000mah-battery-6-56-hd-smartphone-ai-camera-face-id-dual-sim-nfc-otg-390g-gemini-ai-mobile-indestructible\/"},"modified":"2026-02-19T07:11:08","modified_gmt":"2026-02-19T07:11:08","slug":"blackview-fort1-unbreakable-android-15-256gb18gb-tf-2tb-rugerized-mobile-10000mah-battery-6-56-hd-smartphone-ai-camera-face-id-dual-sim-nfc-otg-390g-gemini-ai-mobile-indestructible","status":"publish","type":"product","link":"https:\/\/comprasyconsejos.store\/en\/product\/blackview-fort1-unbreakable-android-15-256gb18gb-tf-2tb-rugerized-mobile-10000mah-battery-6-56-hd-smartphone-ai-camera-face-id-dual-sim-nfc-otg-390g-gemini-ai-mobile-indestructible\/","title":{"rendered":"Blackview Fort1 Unbreakable Android 15, 256GB+18GB (TF 2TB) Rugerized Mobile, 10000mAh Battery \u2013 6.56&#8243; HD+ Smartphone, AI Camera, Face ID\/Dual SIM\/NFC\/OTG\/390g\/Gemini AI Mobile Indestructible"},"content":{"rendered":"<p>Price: <span style=\"color:#b12704\">\u20ac169.99<\/span><br \/><i><small>(as of Feb 19, 2026 07:11:01 UTC &#8211; <span class=\"wp_automatic_amazon_disclaimer\" title=\"Product prices and availability are accurate as of the date\/time indicated and are subject to change. Any price and availability information displayed on [relevant Amazon Site(s), as applicable] at the time of purchase will apply to the purchase of this product.\">Details<\/span>)<\/small><\/i><\/p>\n<p><a href=\"https:\/\/amazon.es\/dp\/B0FF1F7GSS?tag=man008-21\"><img decoding=\"async\" src=\"https:\/\/valvepress.s3.amazonaws.com\/imgs\/buy_now.png\"><\/a><br \/>\n<\/p>\n<p>                                             From the brand   <\/p>\n<p>                                              <img decoding=\"async\" alt=\"El texto dice \u00abFeliz Navidad\u00bb. Cartel festivo rojo con consolas de videojuegos y accesorios con un texto que indica la promoci\u00f3n con un descuento del \u00ab20%\u00bb.\" src=\"https:\/\/images-na.ssl-images-amazon.com\/images\/G\/01\/x-locale\/common\/grey-pixel.gif\" class=\"a-lazy-loaded\" data-src=\"https:\/\/m.media-amazon.com\/images\/S\/aplus-media-library-service-media\/d44de89b-65f0-4176-bfa2-7af2e6af0a78.__CR0,0,1464,625_PT0_SX1464_V1___.jpg\"><img decoding=\"async\" alt=\"El texto dice \u00abFeliz Navidad\u00bb. Cartel festivo rojo con consolas de videojuegos y accesorios con un texto que indica la promoci\u00f3n con un descuento del \u00ab20%\u00bb.\" src=\"https:\/\/m.media-amazon.com\/images\/S\/aplus-media-library-service-media\/d44de89b-65f0-4176-bfa2-7af2e6af0a78.__CR0,0,1464,625_PT0_SX1464_V1___.jpg\">  <\/p>\n<h3> Blackview m\u00f3vil indestructible <\/h3>\n<p>                                              <img decoding=\"async\" alt=\"El texto dice \u00abM\u00e1s de 1000+ horas de pruebas extremas para proporcionar una experiencia perfecta\u00bb. Instalaci\u00f3n de pruebas industriales con brazos rob\u00f3ticos y s\u00edmbolos de control de calidad.\" src=\"https:\/\/images-na.ssl-images-amazon.com\/images\/G\/01\/x-locale\/common\/grey-pixel.gif\" class=\"a-lazy-loaded\" data-src=\"https:\/\/m.media-amazon.com\/images\/S\/aplus-media-library-service-media\/add2ffc1-189b-4645-9542-d45872a5f011.__CR0,0,362,453_PT0_SX362_V1___.jpg\"><img decoding=\"async\" alt=\"El texto dice \u00abM\u00e1s de 1000+ horas de pruebas extremas para proporcionar una experiencia perfecta\u00bb. Instalaci\u00f3n de pruebas industriales con brazos rob\u00f3ticos y s\u00edmbolos de control de calidad.\" src=\"https:\/\/m.media-amazon.com\/images\/S\/aplus-media-library-service-media\/add2ffc1-189b-4645-9542-d45872a5f011.__CR0,0,362,453_PT0_SX362_V1___.jpg\">  <\/p>\n<p>                                              <img decoding=\"async\" alt=\"aplus content image\" src=\"https:\/\/images-na.ssl-images-amazon.com\/images\/G\/01\/x-locale\/common\/grey-pixel.gif\" class=\"a-lazy-loaded\" data-src=\"https:\/\/m.media-amazon.com\/images\/S\/aplus-media-library-service-media\/1158427e-b812-4d00-88e0-8ac9d3f736bb.__CR0,0,362,453_PT0_SX362_V1___.jpg\"><img decoding=\"async\" alt=\"aplus content image\" src=\"https:\/\/m.media-amazon.com\/images\/S\/aplus-media-library-service-media\/1158427e-b812-4d00-88e0-8ac9d3f736bb.__CR0,0,362,453_PT0_SX362_V1___.jpg\">  <\/p>\n<p>                                              <img decoding=\"async\" alt=\"Suela de goma o sint\u00e9tica negra y naranja de un zapato o bota que muestra el dibujo de la banda de rodadura, fotografiada en una superficie reflectante.\" src=\"https:\/\/images-na.ssl-images-amazon.com\/images\/G\/01\/x-locale\/common\/grey-pixel.gif\" class=\"a-lazy-loaded\" data-src=\"https:\/\/m.media-amazon.com\/images\/S\/aplus-media-library-service-media\/676a49dc-8630-49d4-98b8-b5b7f13e9927.__CR0,0,362,453_PT0_SX362_V1___.jpg\"><img decoding=\"async\" alt=\"Suela de goma o sint\u00e9tica negra y naranja de un zapato o bota que muestra el dibujo de la banda de rodadura, fotografiada en una superficie reflectante.\" src=\"https:\/\/m.media-amazon.com\/images\/S\/aplus-media-library-service-media\/676a49dc-8630-49d4-98b8-b5b7f13e9927.__CR0,0,362,453_PT0_SX362_V1___.jpg\">  <\/p>\n<p>                                              <img decoding=\"async\" alt=\"El texto dice \u00abCertificaci\u00f3n EPEAT Gold\/Eco\u00bb. Im\u00e1genes en primer plano de s\u00edmbolos verdes de reciclaje sobre una superficie texturizada.\" src=\"https:\/\/images-na.ssl-images-amazon.com\/images\/G\/01\/x-locale\/common\/grey-pixel.gif\" class=\"a-lazy-loaded\" data-src=\"https:\/\/m.media-amazon.com\/images\/S\/aplus-media-library-service-media\/d1d72f02-29a7-48be-ada5-fd1b17c19e38.__CR0,0,362,453_PT0_SX362_V1___.jpg\"><img decoding=\"async\" alt=\"El texto dice \u00abCertificaci\u00f3n EPEAT Gold\/Eco\u00bb. Im\u00e1genes en primer plano de s\u00edmbolos verdes de reciclaje sobre una superficie texturizada.\" src=\"https:\/\/m.media-amazon.com\/images\/S\/aplus-media-library-service-media\/d1d72f02-29a7-48be-ada5-fd1b17c19e38.__CR0,0,362,453_PT0_SX362_V1___.jpg\">  <\/p>\n<p>                                              <img decoding=\"async\" alt=\"Persona vestida con una chaqueta azul y una mochila roja de pie en un terreno monta\u00f1oso, sosteniendo un dispositivo m\u00f3vil, presumiblemente tomando fotos del paisaje.\" src=\"https:\/\/images-na.ssl-images-amazon.com\/images\/G\/01\/x-locale\/common\/grey-pixel.gif\" class=\"a-lazy-loaded\" data-src=\"https:\/\/m.media-amazon.com\/images\/S\/aplus-media-library-service-media\/fc97d11c-4a6d-48e2-8472-9536dd39c6bd.__CR0,0,362,453_PT0_SX362_V1___.jpg\"><img decoding=\"async\" alt=\"Persona vestida con una chaqueta azul y una mochila roja de pie en un terreno monta\u00f1oso, sosteniendo un dispositivo m\u00f3vil, presumiblemente tomando fotos del paisaje.\" src=\"https:\/\/m.media-amazon.com\/images\/S\/aplus-media-library-service-media\/fc97d11c-4a6d-48e2-8472-9536dd39c6bd.__CR0,0,362,453_PT0_SX362_V1___.jpg\">  <\/p>\n<p>                                              <img decoding=\"async\" alt=\"aplus content image\" src=\"https:\/\/images-na.ssl-images-amazon.com\/images\/G\/01\/x-locale\/common\/grey-pixel.gif\" class=\"a-lazy-loaded\" data-src=\"https:\/\/m.media-amazon.com\/images\/S\/aplus-media-library-service-media\/021560d0-e751-40ac-8e73-41af9de0f7f2.__CR0,0,362,453_PT0_SX362_V1___.jpg\"><img decoding=\"async\" alt=\"aplus content image\" src=\"https:\/\/m.media-amazon.com\/images\/S\/aplus-media-library-service-media\/021560d0-e751-40ac-8e73-41af9de0f7f2.__CR0,0,362,453_PT0_SX362_V1___.jpg\">  <\/p>\n<p>                                              <img decoding=\"async\" alt=\"El texto dice \u00abSERVICIO SUPERIOR\u00bb. Equipo profesional con polos azules a juego que permanecen juntos en un entorno de trabajo.\" src=\"https:\/\/images-na.ssl-images-amazon.com\/images\/G\/01\/x-locale\/common\/grey-pixel.gif\" class=\"a-lazy-loaded\" data-src=\"https:\/\/m.media-amazon.com\/images\/S\/aplus-media-library-service-media\/c4fe90ff-5012-4859-a40a-a510ba9318a5.__CR0,0,362,453_PT0_SX362_V1___.jpg\"><img decoding=\"async\" alt=\"El texto dice \u00abSERVICIO SUPERIOR\u00bb. Equipo profesional con polos azules a juego que permanecen juntos en un entorno de trabajo.\" src=\"https:\/\/m.media-amazon.com\/images\/S\/aplus-media-library-service-media\/c4fe90ff-5012-4859-a40a-a510ba9318a5.__CR0,0,362,453_PT0_SX362_V1___.jpg\">  <\/p>\n<p>                                              <img decoding=\"async\" alt=\"aplus content image\" src=\"https:\/\/images-na.ssl-images-amazon.com\/images\/G\/01\/x-locale\/common\/grey-pixel.gif\" class=\"a-lazy-loaded\" data-src=\"https:\/\/m.media-amazon.com\/images\/S\/aplus-media-library-service-media\/c2b75fbc-ccf8-43de-af7d-bff7ab057c40.__CR0,0,362,453_PT0_SX362_V1___.jpg\"><img decoding=\"async\" alt=\"aplus content image\" src=\"https:\/\/m.media-amazon.com\/images\/S\/aplus-media-library-service-media\/c2b75fbc-ccf8-43de-af7d-bff7ab057c40.__CR0,0,362,453_PT0_SX362_V1___.jpg\">  <\/p>\n<p> Batteries                                            \u200f                                            :                                            \u200e                                            1 D batteries required. (included)   <br \/> Product Dimensions                                            \u200f                                            :                                            \u200e                                            17.61 x 8.01 x 1.75 cm; 390 g   <br \/> Manufacturer                                            \u200f                                            :                                            \u200e                                            Blackview   <br \/> ASIN                                            \u200f                                            :                                            \u200e                                            B0FF1F7GSS   <br \/> Item model number                                            \u200f                                            :                                            \u200e                                            Fort 1   <br \/> Country\/Region of Origin                                            \u200f                                            :                                            \u200e                                            China   <br \/> Guaranteed software updates until                                            \u200f                                            :                                            \u200e                                            unknown   <br \/>  Customer reviews:                                                                                            4.2               4.2 out of 5 stars                                  (491)                                              var dpAcrHasRegisteredArcLinkClickAction;                    P.when(&#8216;A&#8217;, &#8216;ready&#8217;).execute(function(A) {                        if (dpAcrHasRegisteredArcLinkClickAction !== true) {                            dpAcrHasRegisteredArcLinkClickAction = true;                            A.declarative(                                &#8216;acrLink-click-metrics&#8217;, &#8216;click&#8217;,                                { \u00aballowLinkDefault\u00bb: true },                                function (event) {                                    if (window.ue) {                                        ue.count(\u00abacrLinkClickCount\u00bb, (ue.count(\u00abacrLinkClickCount\u00bb) || 0) + 1);                                    }                                }                            );                        }                    });                                             P.when(&#8216;A&#8217;, &#8216;cf&#8217;).execute(function(A) {                A.declarative(&#8216;acrStarsLink-click-metrics&#8217;, &#8216;click&#8217;, { \u00aballowLinkDefault\u00bb : true },  function(event){                    if(window.ue) {                        ue.count(\u00abacrStarsLinkWithPopoverClickCount\u00bb, (ue.count(\u00abacrStarsLinkWithPopoverClickCount\u00bb) || 0) + 1);                    }                });            });                          <\/p>\n<p>\u3010IP68\/IP69K &#038; MIL-STD-810H for any extreme environment\u3011The FORT 1 unbreakable mobile phone is designed to survive where other smartphones fail. IP68\/IP69K certified, withstands immersing in 1.5 meters of water for 30 minutes and high pressure water jets, ideal for rainy days or wet work. In addition, it meets MIL-STD-810H standard, so it withstands drops, extreme temperatures (-20\u00b0C to 55\u00b0C) and intense dust. Its corrosion-resistant aluminum housing, Panda Glass screen and TPU port caps (tested 10000 times) make it the perfect companion for construction sites, outdoor adventures or noisy activities: you&#8217;ll never worry about damage again!<br \/>\u301010000mAh Battery\u3011 Battery life that lasts for days, without looking for sockets\u200b Are you tired of charging your phone all the time? The FORT 1 rugged mobile carries a 10000mAh battery that offers up to 48 days standby, 43 hours of calls, 21 hours surfing or 12 hours playing. Perfect for long trips, camping or working days without access to electricity. Intelligent AI power management adapts consumption to your habits: reduce brightness, turn off apps in the background, and optimize performance to save battery without you noticing. Plus, with the 5W OTG reverse charging function, you can recharge headphones, smartwatch or cameras &#8211; a powerbank in your pocket!<br \/>\u3010Doke AI: Your Smart Assistant, Always By Your Side\u3011-The built-in Doke AI (with DeepSeek-R1, ChatGPT-4o mini and Gemini AI 2.0) makes FORT 1 more than just a smartphone. Control everything with your voice (even with gloves), answer questions in real time, edit photos with 18 AI tools (remove objects, change the sky, improve night view), or create videos and music with VidGen and Soundle. Make your work easier, free your creativity and make every task simpler: intelligence at your service, anytime!<br \/>\u3010Unisoc T615 &#038; 18GB RAM + 256GB ROM for Any Task\u3011 No matter you use navigation apps, building blueprints software, or parallel messengers, FORT 1 rugged phone does it with ease. The Unisoc T615 octa-core processor works in tandem with up to 18GB of RAM (6GB physical + 12GB virtually expanded) for smooth multitasking. The 256GB of internal storage offers space for 49,000 photos, 5,900 videos, or 900,000 songs! And if you need more, extend via TF card up to 2TB. Whether working documents, outdoor recordings or music collections: everything fits and you can access it at any time.<br \/>6.56&#8243; 90Hz screen + glove mode 2.0 The Blackview FORT 1 indestructible mobile phone with 6.56 inch HD+ IPS screen with 90Hz adaptive refresh rate is a real pleasure. Adapts automatically: 90Hz for fluid scrolling and gaming, 60Hz to save battery. With 450nits of brightness, it looks perfectly even in direct sun, while Glove Mode 2.0 (8% more sensitivity) allows you to wear it without taking off your gloves on cold days or on construction sites. In addition, eye protection modes (dark, reading, night) reduce eyestrain, ideal for long hours of use.<br \/>Android 15 &#038; DokeOS 4.2 With DokeOS 4.2, based on Android 15, new horizons are opened. Android 15 brings considerable performance optimization. Application start times are shorter and multitasking goes even more smoothly, thanks to better resource management. The user interface is even more intuitive and the animations are smoother, which increases the feeling of fluidity. DokeOS 4.2 builds on these improvements and adds its own highlights. Now you can create complete sets of screens that you can switch with one click, perfect for switching between work and leisure modes.<br \/>The Blackview FORT 1 waterproof and shockproof mobile phone with dual SIM holder (2 x Nano SIM) + TF card slot means you can separate private and business numbers and yet have enough memory. Navigate safely with GPS, GLONASS, Galileo and Beidou, even in remote areas without a network. NFC allows you to pay or transfer data conveniently, everything you need for everyday life, travel or work is integrated. The FORT 1 water resistant handheld refutes this with a weight of 390g &#8211; ultra-light for its class, yet extremely stable. The ergonomic design fits perfectly in your hand<br \/>\u3010Reliable Customer Service &#038; Product Support\u3011 The Blackview FORT 1 Unbreakable Mobile comes with a 36-month manufacturer&#8217;s warranty so you can make your purchase with confidence. Our professional technical team and customer support team are at your disposal to address your concerns. If you have questions about the product or have problems with its use, you can contact us via Amazon email or customer service portal. We strive to respond quickly and provide appropriate technical support. This gadget is perfect as a gift for Christmas, New Year, Easter or Birthday.<\/p>\n\n","protected":false},"excerpt":{"rendered":"<p> From the brand Blackview m\u00f3vil indestructible Batteries \u200f : \u200e 1 D batteries required. (included)<\/p>","protected":false},"featured_media":24346,"comment_status":"open","ping_status":"closed","template":"","meta":[],"product_brand":[],"product_cat":[100],"product_tag":[291,7206,909,1890,391,1891,292,1896,7204,1893,681,841,7205,7207,7209,1892,1889,1275,1888,5821,7208,1897,1894,1895,1588,6385],"class_list":{"0":"post-24345","1":"product","2":"type-product","3":"status-publish","4":"has-post-thumbnail","6":"product_cat-smartphones","7":"product_tag-10000mah","8":"product_tag-256gb18gb","9":"product_tag-2tb","10":"product_tag-5g-smartphones","11":"product_tag-android","12":"product_tag-android-phones","13":"product_tag-battery","14":"product_tag-best-smartphones","15":"product_tag-blackview","16":"product_tag-budget-smartphones","17":"product_tag-camera","18":"product_tag-face","19":"product_tag-fort1","20":"product_tag-iddual","21":"product_tag-indestructible","22":"product_tag-iphone-smartphones","23":"product_tag-latest-smartphones","24":"product_tag-mobile","25":"product_tag-mobile-phones","26":"product_tag-rugerized","27":"product_tag-simnfcotg390ggemini","28":"product_tag-smartphone","29":"product_tag-smartphone-deals","30":"product_tag-smartphone-price","31":"product_tag-smartphones","32":"product_tag-unbreakable","34":"first","35":"instock","36":"shipping-taxable","37":"product-type-external"},"_links":{"self":[{"href":"https:\/\/comprasyconsejos.store\/en\/wp-json\/wp\/v2\/product\/24345","targetHints":{"allow":["GET"]}}],"collection":[{"href":"https:\/\/comprasyconsejos.store\/en\/wp-json\/wp\/v2\/product"}],"about":[{"href":"https:\/\/comprasyconsejos.store\/en\/wp-json\/wp\/v2\/types\/product"}],"replies":[{"embeddable":true,"href":"https:\/\/comprasyconsejos.store\/en\/wp-json\/wp\/v2\/comments?post=24345"}],"version-history":[{"count":0,"href":"https:\/\/comprasyconsejos.store\/en\/wp-json\/wp\/v2\/product\/24345\/revisions"}],"wp:featuredmedia":[{"embeddable":true,"href":"https:\/\/comprasyconsejos.store\/en\/wp-json\/wp\/v2\/media\/24346"}],"wp:attachment":[{"href":"https:\/\/comprasyconsejos.store\/en\/wp-json\/wp\/v2\/media?parent=24345"}],"wp:term":[{"taxonomy":"product_brand","embeddable":true,"href":"https:\/\/comprasyconsejos.store\/en\/wp-json\/wp\/v2\/product_brand?post=24345"},{"taxonomy":"product_cat","embeddable":true,"href":"https:\/\/comprasyconsejos.store\/en\/wp-json\/wp\/v2\/product_cat?post=24345"},{"taxonomy":"product_tag","embeddable":true,"href":"https:\/\/comprasyconsejos.store\/en\/wp-json\/wp\/v2\/product_tag?post=24345"}],"curies":[{"name":"wp","href":"https:\/\/api.w.org\/{rel}","templated":true}]}}