{"id":24383,"date":"2026-02-19T07:36:55","date_gmt":"2026-02-19T07:36:55","guid":{"rendered":"https:\/\/comprasyconsejos.store\/product\/asus-prime-b850-plus-wifi-amd-b850-atx-motherboard-ddr5-pcie-5-0-ready-three-m-2-slots-wi-fi-6e-realtek-2-5gb-ethernet-displayport-hdmi-usb-10gbps-type-a-and-type-c-bios-flashback-aura-sync\/"},"modified":"2026-02-19T07:36:57","modified_gmt":"2026-02-19T07:36:57","slug":"asus-prime-b850-plus-wifi-amd-b850-atx-motherboard-ddr5-pcie-5-0-ready-three-m-2-slots-wi-fi-6e-realtek-2-5gb-ethernet-displayport-hdmi-usb-10gbps-type-a-and-type-c-bios-flashback-aura-sync","status":"publish","type":"product","link":"https:\/\/comprasyconsejos.store\/en\/product\/asus-prime-b850-plus-wifi-amd-b850-atx-motherboard-ddr5-pcie-5-0-ready-three-m-2-slots-wi-fi-6e-realtek-2-5gb-ethernet-displayport-hdmi-usb-10gbps-type-a-and-type-c-bios-flashback-aura-sync\/","title":{"rendered":"ASUS PRIME B850-PLUS WIFI AMD B850 ATX Motherboard, DDR5, PCIe 5.0 Ready, Three M.2 Slots, Wi-Fi 6E, Realtek 2.5Gb Ethernet, DisplayPort, HDMI, USB 10Gbps Type-A and Type-C, BIOS FlashBack, Aura Sync"},"content":{"rendered":"<p>Price: <span style=\"color:#b12704\">\u20ac186.75<\/span><br \/><i><small>(as of Feb 19, 2026 07:36:55 UTC &#8211; <span class=\"wp_automatic_amazon_disclaimer\" title=\"Product prices and availability are accurate as of the date\/time indicated and are subject to change. Any price and availability information displayed on [relevant Amazon Site(s), as applicable] at the time of purchase will apply to the purchase of this product.\">Details<\/span>)<\/small><\/i><\/p>\n<p><a href=\"https:\/\/amazon.es\/dp\/B0DVZS6CWD?tag=man008-21\"><img decoding=\"async\" src=\"https:\/\/valvepress.s3.amazonaws.com\/imgs\/buy_now.png\"><\/a><br \/>\n<\/p>\n<p>                                             From the manufacturer   <\/p>\n<p>                                                                             <img decoding=\"async\" alt=\" \" src=\"https:\/\/images-na.ssl-images-amazon.com\/images\/G\/01\/x-locale\/common\/grey-pixel.gif\" class=\"a-spacing-base a-lazy-loaded\" data-src=\"https:\/\/m.media-amazon.com\/images\/S\/aplus-media-library-service-media\/ca1e7e6d-4cb6-452b-acf1-111a5a4d93aa.__CR0,0,970,600_PT0_SX970_V1___.jpg\"><img decoding=\"async\" alt=\" \" src=\"https:\/\/m.media-amazon.com\/images\/S\/aplus-media-library-service-media\/ca1e7e6d-4cb6-452b-acf1-111a5a4d93aa.__CR0,0,970,600_PT0_SX970_V1___.jpg\">                                                                    <\/p>\n<p>                                                                             <img decoding=\"async\" alt=\" \" src=\"https:\/\/images-na.ssl-images-amazon.com\/images\/G\/01\/x-locale\/common\/grey-pixel.gif\" class=\"a-spacing-base a-lazy-loaded\" data-src=\"https:\/\/m.media-amazon.com\/images\/S\/aplus-media-library-service-media\/67a8181d-3274-4b26-b8ef-57289dcb4230.__CR0,0,970,600_PT0_SX970_V1___.jpg\"><img decoding=\"async\" alt=\" \" src=\"https:\/\/m.media-amazon.com\/images\/S\/aplus-media-library-service-media\/67a8181d-3274-4b26-b8ef-57289dcb4230.__CR0,0,970,600_PT0_SX970_V1___.jpg\">                                                                    <\/p>\n<p class=\"apm-text-center\">\n                                                      <img decoding=\"async\" alt=\" \" src=\"https:\/\/images-na.ssl-images-amazon.com\/images\/G\/01\/x-locale\/common\/grey-pixel.gif\" class=\"a-spacing-mini a-lazy-loaded\" data-src=\"https:\/\/m.media-amazon.com\/images\/S\/aplus-media-library-service-media\/0f0eb455-6035-4f7b-a618-6f4d9a631bfe.__CR0,0,300,300_PT0_SX300_V1___.png\"><img decoding=\"async\" alt=\" \" src=\"https:\/\/m.media-amazon.com\/images\/S\/aplus-media-library-service-media\/0f0eb455-6035-4f7b-a618-6f4d9a631bfe.__CR0,0,300,300_PT0_SX300_V1___.png\">  <\/p>\n<p>                                                    AI Advisor                                       <\/p>\n<p> ASUS AI Advisor permite a los usuarios explorar la funcionalidad y las caracter\u00edsticas avanzadas de las placas base ASUS de forma sencilla y directa.* <\/p>\n<p> * La disponibilidad de ASUS AI Advisor puede variar seg\u00fan la regi\u00f3n. Las funciones del Asesor AI pueden variar seg\u00fan la plataforma. <\/p>\n<p class=\"apm-text-center\">\n                                                      <img decoding=\"async\" alt=\" \" src=\"https:\/\/images-na.ssl-images-amazon.com\/images\/G\/01\/x-locale\/common\/grey-pixel.gif\" class=\"a-spacing-mini a-lazy-loaded\" data-src=\"https:\/\/m.media-amazon.com\/images\/S\/aplus-media-library-service-media\/5f19a7c8-0ed7-4efb-aa88-4a0d3e6088f1.__CR0,0,300,300_PT0_SX300_V1___.jpg\"><img decoding=\"async\" alt=\" \" src=\"https:\/\/m.media-amazon.com\/images\/S\/aplus-media-library-service-media\/5f19a7c8-0ed7-4efb-aa88-4a0d3e6088f1.__CR0,0,300,300_PT0_SX300_V1___.jpg\">  <\/p>\n<p>                                                    Dise\u00f1o de potencia digital                                       <\/p>\n<p> PRIME B850-PLUS WIFI cuenta con un dise\u00f1o de alimentaci\u00f3n de 8+2+1 fases con MOSFET discretos, lo que garantiza un suministro de energ\u00eda eficiente y estable para los procesadores AMD, adem\u00e1s de un rendimiento estable para el uso diario. <\/p>\n<\/p>\n<p>8 Potencia Vcore2 Potencia SOC 1 Potencia diversa     <\/p>\n<p class=\"apm-text-center\">\n                                                      <img decoding=\"async\" alt=\" \" src=\"https:\/\/images-na.ssl-images-amazon.com\/images\/G\/01\/x-locale\/common\/grey-pixel.gif\" class=\"a-spacing-mini a-lazy-loaded\" data-src=\"https:\/\/m.media-amazon.com\/images\/S\/aplus-media-library-service-media\/2091be6b-e37f-4f2b-aaa7-c7c13f6cb24f.__CR0,0,300,300_PT0_SX300_V1___.jpg\"><img decoding=\"async\" alt=\" \" src=\"https:\/\/m.media-amazon.com\/images\/S\/aplus-media-library-service-media\/2091be6b-e37f-4f2b-aaa7-c7c13f6cb24f.__CR0,0,300,300_PT0_SX300_V1___.jpg\">  <\/p>\n<p>                                                    Rendimiento DDR5 mejorado                                       <\/p>\n<p> Las completas opciones de ajuste de la memoria son la piedra angular de las placas base PRIME. El PRIME B850-PLUS WIFI maximiza el potencial de tus m\u00f3dulos DDR5, desde los kits b\u00e1sicos hasta los de velocidad extrema.* <\/p>\n<p> Para los m\u00f3dulos b\u00e1sicos sin compatibilidad con EXPO, ASUS Enhanced Memory Profile (AEMP) detecta autom\u00e1ticamente los chips de memoria y proporciona perfiles optimizados para mejorar el rendimiento. <\/p>\n<p> Para quienes deseen superar las velocidades DDR5 de f\u00e1brica, el PRIME B850-PLUS WIFI ofrece una amplia compatibilidad con AMD Extended Profiles for Overclocking (EXPO) y una amplia gama de ajustes UEFI para realizar m\u00e1s ajustes de rendimiento.** <\/p>\n<p> * El overclocking de la memoria puede variar seg\u00fan la serie de CPU. Consulta la tabla de especificaciones para obtener informaci\u00f3n detallada. <\/p>\n<p> ** Los tipos de memoria admitidos, las velocidades de datos (velocidad) y el n\u00famero de m\u00f3dulos DRAM var\u00edan en funci\u00f3n de la configuraci\u00f3n de la CPU y la memoria. <\/p>\n<p class=\"apm-text-center\">\n                                                      <img decoding=\"async\" alt=\" \" src=\"https:\/\/images-na.ssl-images-amazon.com\/images\/G\/01\/x-locale\/common\/grey-pixel.gif\" class=\"a-spacing-mini a-lazy-loaded\" data-src=\"https:\/\/m.media-amazon.com\/images\/S\/aplus-media-library-service-media\/7b6818bf-1428-4863-9757-56d6e1ccb8c2.__CR0,0,300,300_PT0_SX300_V1___.jpg\"><img decoding=\"async\" alt=\" \" src=\"https:\/\/m.media-amazon.com\/images\/S\/aplus-media-library-service-media\/7b6818bf-1428-4863-9757-56d6e1ccb8c2.__CR0,0,300,300_PT0_SX300_V1___.jpg\">  <\/p>\n<p>                                                    Tres ranuras M.2 (hasta 128 Gbps)                                       <\/p>\n<p> PRIME B850-PLUS WIFI ofrece un total de tres ranuras M.2, incluida una que admite velocidades de transferencia de datos de hasta 128 Gbps mediante PCIe 5.0, y dos que admiten PCIe 4.0. Esto permite tiempos de arranque y carga de aplicaciones m\u00e1s r\u00e1pidos con unidades de SO o aplicaciones.* <\/p>\n<p> * La velocidad de transmisi\u00f3n real ser\u00e1 inferior a la velocidad m\u00e1xima te\u00f3rica. <\/p>\n<p class=\"apm-text-center\">\n                                                      <img decoding=\"async\" alt=\" \" src=\"https:\/\/images-na.ssl-images-amazon.com\/images\/G\/01\/x-locale\/common\/grey-pixel.gif\" class=\"a-spacing-mini a-lazy-loaded\" data-src=\"https:\/\/m.media-amazon.com\/images\/S\/aplus-media-library-service-media\/7594d0cf-34de-4a0c-9a8e-fa62c1ed58c5.__CR0,0,300,300_PT0_SX300_V1___.jpg\"><img decoding=\"async\" alt=\" \" src=\"https:\/\/m.media-amazon.com\/images\/S\/aplus-media-library-service-media\/7594d0cf-34de-4a0c-9a8e-fa62c1ed58c5.__CR0,0,300,300_PT0_SX300_V1___.jpg\">  <\/p>\n<p>                                                    ASUS Fan Xpert 2+                                       <\/p>\n<p> El software ASUS Fan Xpert 2+ proporciona un control exhaustivo de los ventiladores. Un modo de Autoajuste configura inteligentemente todos los par\u00e1metros con un solo clic. Tambi\u00e9n hay un modo Silencio Extremo que reduce la velocidad de los ventiladores del chasis por debajo del m\u00ednimo por defecto para que tu sistema sea silencioso cuando realices tareas ligeras. Los ventiladores tambi\u00e9n se pueden controlar a trav\u00e9s de la BIOS UEFI. <\/p>\n<p class=\"apm-text-center\">\n                                                      <img decoding=\"async\" alt=\" \" src=\"https:\/\/images-na.ssl-images-amazon.com\/images\/G\/01\/x-locale\/common\/grey-pixel.gif\" class=\"a-spacing-mini a-lazy-loaded\" data-src=\"https:\/\/m.media-amazon.com\/images\/S\/aplus-media-library-service-media\/a0c6d813-07c1-4ade-b714-13284e4f4504.__CR0,0,300,300_PT0_SX300_V1___.jpg\"><img decoding=\"async\" alt=\" \" src=\"https:\/\/m.media-amazon.com\/images\/S\/aplus-media-library-service-media\/a0c6d813-07c1-4ade-b714-13284e4f4504.__CR0,0,300,300_PT0_SX300_V1___.jpg\">  <\/p>\n<p>                                                    Compatibilidad con refrigeradores                                       <\/p>\n<p> Las neveras AIO de ASUS ofrecen un rendimiento s\u00f3lido, un alto potencial de overclocking, una est\u00e9tica atrevida y una funcionalidad personalizable para las nuevas placas base, lo que te permite construir el equipo de juegos de tus sue\u00f1os. <\/p>\n<p class=\"apm-text-center\">\n                                                      <img decoding=\"async\" alt=\" \" src=\"https:\/\/images-na.ssl-images-amazon.com\/images\/G\/01\/x-locale\/common\/grey-pixel.gif\" class=\"a-spacing-mini a-lazy-loaded\" data-src=\"https:\/\/m.media-amazon.com\/images\/S\/aplus-media-library-service-media\/c13b0e7d-9233-402f-9652-d40a5bbfbbdc.__CR0,0,300,300_PT0_SX300_V1___.jpg\"><img decoding=\"async\" alt=\" \" src=\"https:\/\/m.media-amazon.com\/images\/S\/aplus-media-library-service-media\/c13b0e7d-9233-402f-9652-d40a5bbfbbdc.__CR0,0,300,300_PT0_SX300_V1___.jpg\">  <\/p>\n<p>                                                    Potenciar las conexiones                                       <\/p>\n<p> Esta placa base ofrece una vers\u00e1til gama de conectividad, incluida la compatibilidad con WiFi 6E, ranura PCIe 5.0 y un arsenal de puertos USB que incluye conexiones Type-C. <\/p>\n<p class=\"apm-text-center\">\n                                                      <img decoding=\"async\" alt=\" \" src=\"https:\/\/images-na.ssl-images-amazon.com\/images\/G\/01\/x-locale\/common\/grey-pixel.gif\" class=\"a-spacing-mini a-lazy-loaded\" data-src=\"https:\/\/m.media-amazon.com\/images\/S\/aplus-media-library-service-media\/e02797df-634f-4515-88a4-a042d93d942b.__CR0,0,300,300_PT0_SX300_V1___.jpg\"><img decoding=\"async\" alt=\" \" src=\"https:\/\/m.media-amazon.com\/images\/S\/aplus-media-library-service-media\/e02797df-634f-4515-88a4-a042d93d942b.__CR0,0,300,300_PT0_SX300_V1___.jpg\">  <\/p>\n<p>                                                    WiFi 6E                                       <\/p>\n<p> La tecnolog\u00eda WiFi 6E* integrada aprovecha el nuevo espectro radioel\u00e9ctrico disponible en la banda de 6 GHz. Con el triple de ancho de banda que la banda de 2,4\/5\/6 GHz, WiFi 6E ofrece velocidades de red inal\u00e1mbrica ultrarr\u00e1pidas con mayor capacidad y mejor rendimiento en entornos inal\u00e1mbricos densos. <\/p>\n<p> * La disponibilidad y las funciones de WiFi 6E dependen de las limitaciones normativas y de la coexistencia con WiFi de 5 GHz. <\/p>\n<p class=\"apm-text-center\">\n                                                      <img decoding=\"async\" alt=\" \" src=\"https:\/\/images-na.ssl-images-amazon.com\/images\/G\/01\/x-locale\/common\/grey-pixel.gif\" class=\"a-spacing-mini a-lazy-loaded\" data-src=\"https:\/\/m.media-amazon.com\/images\/S\/aplus-media-library-service-media\/3d220161-2017-42f9-905c-f8a50aff62da.__CR0,0,300,300_PT0_SX300_V1___.jpg\"><img decoding=\"async\" alt=\" \" src=\"https:\/\/m.media-amazon.com\/images\/S\/aplus-media-library-service-media\/3d220161-2017-42f9-905c-f8a50aff62da.__CR0,0,300,300_PT0_SX300_V1___.jpg\">  <\/p>\n<p>                                                    Antena WiFi 6E                                       <\/p>\n<p> Con la Q-Antena, conectar una antena WiFi a tu PC es ahora f\u00e1cil y r\u00e1pido. En lugar de girar lentamente dos cierres hasta que encajan, se colocan a presi\u00f3n. Menos problemas y un rendimiento m\u00e1s constante. <\/p>\n<p> Batteries                                            \u200f                                            :                                            \u200e                                            1 AAAA batteries required.   <br \/> Language                                            \u200f                                            :                                            \u200e                                            English   <br \/> Product Dimensions                                            \u200f                                            :                                            \u200e                                            30.5 x 24.4 x 4.8 cm; 1.05 kg   <br \/> Manufacturer                                            \u200f                                            :                                            \u200e                                            ASUS   <br \/> ASIN                                            \u200f                                            :                                            \u200e                                            B0DVZS6CWD   <br \/> Item model number                                            \u200f                                            :                                            \u200e                                            90MB1L80-M0EAY0   <br \/> Country\/Region of Origin                                            \u200f                                            :                                            \u200e                                            China   <br \/> Guaranteed software updates until                                            \u200f                                            :                                            \u200e                                            unknown   <br \/>  Customer reviews:                                                                                            4.3               4.3 out of 5 stars                                  (13)                                              var dpAcrHasRegisteredArcLinkClickAction;                    P.when(&#8216;A&#8217;, &#8216;ready&#8217;).execute(function(A) {                        if (dpAcrHasRegisteredArcLinkClickAction !== true) {                            dpAcrHasRegisteredArcLinkClickAction = true;                            A.declarative(                                &#8216;acrLink-click-metrics&#8217;, &#8216;click&#8217;,                                { \u00aballowLinkDefault\u00bb: true },                                function (event) {                                    if (window.ue) {                                        ue.count(\u00abacrLinkClickCount\u00bb, (ue.count(\u00abacrLinkClickCount\u00bb) || 0) + 1);                                    }                                }                            );                        }                    });                                             P.when(&#8216;A&#8217;, &#8216;cf&#8217;).execute(function(A) {                A.declarative(&#8216;acrStarsLink-click-metrics&#8217;, &#8216;click&#8217;, { \u00aballowLinkDefault\u00bb : true },  function(event){                    if(window.ue) {                        ue.count(\u00abacrStarsLinkWithPopoverClickCount\u00bb, (ue.count(\u00abacrStarsLinkWithPopoverClickCount\u00bb) || 0) + 1);                    }                });            });                          <\/p>\n<p>AI-optimized PC-ready: Designed for the future of AI computing with the power and connectivity needed for AI applications<br \/>AMD AM5 Support: Supports AMD AM5 socket for AMD Ryzen 9000, 8000 and 7000 series desktop processors<br \/>Optimized Power Solution: 8+2+1 phase power design, 6-layer PCB, alloy coils and durable capacitors for stable power supply<br \/>Fast connectivity: Wi-Fi 6E, PCIe 5.0 x16 slot, PCIe 5.0 M.2 slots, Realtek 2.5 Gb Ethernet, 10 Gbps rear USB Type-A and Type-C ports and front-facing USB Type-C compatible<br \/>Complete cooling &#8211; VRM and M.2 heatsinks, PCH heatsink, hybrid fan headers and Fan Xpert 2+<\/p>\n\n","protected":false},"excerpt":{"rendered":"<p> From the manufacturer AI Advisor ASUS AI Advisor permite a los usuarios explorar la funcionalidad<\/p>","protected":false},"featured_media":24384,"comment_status":"open","ping_status":"closed","template":"","meta":[],"product_brand":[],"product_cat":[78],"product_tag":[1754,1467,530,1447,850,1458,1444,3195,1445,4255,5329,1451,3527,623,1449,1099,2303,3668,1443,544,1448,1119,1442,624,2798,625,5276,2828,200,3537,381,133,543,1450,1446],"class_list":{"0":"post-24383","1":"product","2":"type-product","3":"status-publish","4":"has-post-thumbnail","6":"product_cat-motherboards","7":"product_tag-10gbps","8":"product_tag-2-5gb","9":"product_tag-amd","10":"product_tag-amd-motherboard","11":"product_tag-asus","12":"product_tag-atx","13":"product_tag-atx-motherboard","14":"product_tag-aura","15":"product_tag-b550-motherboard","16":"product_tag-b850","17":"product_tag-b850plus","18":"product_tag-best-motherboard","19":"product_tag-bios","20":"product_tag-ddr5","21":"product_tag-ddr5-motherboard","22":"product_tag-displayport","23":"product_tag-ethernet","24":"product_tag-flashback","25":"product_tag-gaming-motherboard","26":"product_tag-hdmi","27":"product_tag-intel-motherboard","28":"product_tag-m-2","29":"product_tag-motherboard","30":"product_tag-pcie","31":"product_tag-prime","32":"product_tag-ready","33":"product_tag-realtek","34":"product_tag-slots","35":"product_tag-sync","36":"product_tag-typea","37":"product_tag-typec","38":"product_tag-usb","39":"product_tag-wifi","40":"product_tag-wifi-motherboard","41":"product_tag-z790-motherboard","43":"first","44":"instock","45":"shipping-taxable","46":"product-type-external"},"_links":{"self":[{"href":"https:\/\/comprasyconsejos.store\/en\/wp-json\/wp\/v2\/product\/24383","targetHints":{"allow":["GET"]}}],"collection":[{"href":"https:\/\/comprasyconsejos.store\/en\/wp-json\/wp\/v2\/product"}],"about":[{"href":"https:\/\/comprasyconsejos.store\/en\/wp-json\/wp\/v2\/types\/product"}],"replies":[{"embeddable":true,"href":"https:\/\/comprasyconsejos.store\/en\/wp-json\/wp\/v2\/comments?post=24383"}],"version-history":[{"count":0,"href":"https:\/\/comprasyconsejos.store\/en\/wp-json\/wp\/v2\/product\/24383\/revisions"}],"wp:featuredmedia":[{"embeddable":true,"href":"https:\/\/comprasyconsejos.store\/en\/wp-json\/wp\/v2\/media\/24384"}],"wp:attachment":[{"href":"https:\/\/comprasyconsejos.store\/en\/wp-json\/wp\/v2\/media?parent=24383"}],"wp:term":[{"taxonomy":"product_brand","embeddable":true,"href":"https:\/\/comprasyconsejos.store\/en\/wp-json\/wp\/v2\/product_brand?post=24383"},{"taxonomy":"product_cat","embeddable":true,"href":"https:\/\/comprasyconsejos.store\/en\/wp-json\/wp\/v2\/product_cat?post=24383"},{"taxonomy":"product_tag","embeddable":true,"href":"https:\/\/comprasyconsejos.store\/en\/wp-json\/wp\/v2\/product_tag?post=24383"}],"curies":[{"name":"wp","href":"https:\/\/api.w.org\/{rel}","templated":true}]}}