{"id":24402,"date":"2026-02-19T07:53:08","date_gmt":"2026-02-19T07:53:08","guid":{"rendered":"https:\/\/comprasyconsejos.store\/product\/sveon-sct011m-mini-reader-compatible-with-mac-and-windows-10-spain\/"},"modified":"2026-02-19T07:53:10","modified_gmt":"2026-02-19T07:53:10","slug":"sveon-sct011m-mini-reader-compatible-with-mac-and-windows-10-spain","status":"publish","type":"product","link":"https:\/\/comprasyconsejos.store\/en\/product\/sveon-sct011m-mini-reader-compatible-with-mac-and-windows-10-spain\/","title":{"rendered":"Sveon SCT011M Mini Reader Compatible with MAC and Windows 10 [Spain]"},"content":{"rendered":"<p>Price: <span style=\"color:#b12704\"><del>\u20ac8.99<\/del> - \u20ac8.49<\/span><br \/><i><small>(as of Feb 19, 2026 07:53:08 UTC &#8211; <span class=\"wp_automatic_amazon_disclaimer\" title=\"Product prices and availability are accurate as of the date\/time indicated and are subject to change. Any price and availability information displayed on [relevant Amazon Site(s), as applicable] at the time of purchase will apply to the purchase of this product.\">Details<\/span>)<\/small><\/i><\/p>\n<p><a href=\"https:\/\/amazon.es\/dp\/B072LTLZW3?tag=man008-21\"><img decoding=\"async\" src=\"https:\/\/valvepress.s3.amazonaws.com\/imgs\/buy_now.png\"><\/a><br \/>\n<\/p>\n<p>                                             From the manufacturer   <\/p>\n<p>                                                  <img decoding=\"async\" alt=\"lector dni, lector dni electronico, lector dni para mac\" src=\"https:\/\/images-na.ssl-images-amazon.com\/images\/G\/01\/x-locale\/common\/grey-pixel.gif\" class=\"a-spacing-mini a-lazy-loaded\" data-src=\"https:\/\/m.media-amazon.com\/images\/S\/aplus-media\/vc\/5321733f-682b-4d75-b7a9-6596c61dea92._CR85,0,681,681_PT0_SX300__.jpg\"><img decoding=\"async\" alt=\"lector dni, lector dni electronico, lector dni para mac\" src=\"https:\/\/m.media-amazon.com\/images\/S\/aplus-media\/vc\/5321733f-682b-4d75-b7a9-6596c61dea92._CR85,0,681,681_PT0_SX300__.jpg\">  <\/p>\n<h3 class=\"a-spacing-mini\"> Sveon SCT011M, mini lector dnie electr\u00f3nico 4.0 y 3.0 compatible con macOS Monterey y Windows 11 <\/h3>\n<p> Realice cualquier tr\u00e1mite con la administraci\u00f3n c\u00f3modamente desde cualquier lugar gracias al ultracompacto lector de DNIe electr\u00f3nico Sveon SCT011M. Compatible con el nuevo DNI4.0 y DNI 3.0 adem\u00e1s de ser compatible con Windows 11, MAC y Linux. <\/p>\n<p>                                                      <img decoding=\"async\" alt=\"lector dnie, minilector dni, mac, windows 10\" src=\"https:\/\/images-na.ssl-images-amazon.com\/images\/G\/01\/x-locale\/common\/grey-pixel.gif\" class=\"a-spacing-mini a-lazy-loaded\" data-src=\"https:\/\/m.media-amazon.com\/images\/S\/aplus-media\/vc\/4c8ad67b-8c8d-407d-8db4-0730e9165dc0._CR124,0,602,602_PT0_SX300__.jpg\"><img decoding=\"async\" alt=\"lector dnie, minilector dni, mac, windows 10\" src=\"https:\/\/m.media-amazon.com\/images\/S\/aplus-media\/vc\/4c8ad67b-8c8d-407d-8db4-0730e9165dc0._CR124,0,602,602_PT0_SX300__.jpg\">  <\/p>\n<h3 class=\"a-spacing-mini\"> Sveon SCT011M compatible con DNI 4.0 &amp; 3.0 <\/h3>\n<p>                                           Minilector de DNI electr\u00f3nico ultracompacto                                     <\/p>\n<p class=\"a-spacing-base\"> El lector de DNIe electr\u00f3nico Sveon SCT011M le permite una identificaci\u00f3n segura en la red, verificando los datos de los interlocutores y garantizando as\u00ed la seguridad de las relaciones entre personas e instituciones. <\/p>\n<p class=\"a-spacing-base\"> Los nuevos DNI electr\u00f3nicos contienen en su interior un certificado digital para cada usuario, \u00fanico e inalterable. De este modo, en todos los casos, las operaciones telem\u00e1ticas se simplificar\u00e1n sobremanera y sin necesidad de complejas gestiones, ya que bastar\u00e1 con que el soporte identifique el chip. <\/p>\n<p>                                           Compatible con Windows 11 y MAC                                     <\/p>\n<p class=\"a-spacing-base\"> Antes de comenzar la instalaci\u00f3n es muy importante que descargue e instale la versi\u00f3n de Firefox y JAVA disponible en su PC con Windows 11 o MacOS y que no conecte su lector de DNIe Sveon en su equipo hasta que haya finalizado el proceso. <\/p>\n<p class=\"a-spacing-base\"> Para Windows 10 no es necesario instalar drivers adicionales, si dispone de un S.O. anterior de Microsoft. <\/p>\n<p>                                           Informaci\u00f3n importante sobre el uso del DNI 4.0 y 3.0                                     <\/p>\n<p class=\"a-spacing-base\"> Recuerde que si tiene el DNI 4.0 o 3.0 (el chip en una cara y la foto en la contraria) deber\u00e1 insertar el DNI dejando fuera del lector la foto boca arriba. Si tiene el DNI antiguo, quedar\u00eda la foto boca abajo fuera del lector. <\/p>\n<p>                                                         Caracter\u00edsticas principales:                                        Compatible con USB3.0, 2.0 y 1.1       No requiere alimentaci\u00f3n independiente       Dise\u00f1o ultracompacto       Compatible con Windows 7 en adelante, Ubuntu 14.04 en adelante y MAC OS X 10.10 en adelante       Compatible con el DNI 4.0 y DNI 3.0       <\/p>\n<h3 class=\"a-spacing-small\"> Lector DNIe electr\u00f3nico Sveon SCT011M, ultracompacto y sencillo de usar <\/h3>\n<p class=\"apm-text-center\">\n                                                      <img decoding=\"async\" alt=\"lector dni electronico\" src=\"https:\/\/images-na.ssl-images-amazon.com\/images\/G\/01\/x-locale\/common\/grey-pixel.gif\" class=\"a-spacing-mini a-lazy-loaded\" data-src=\"https:\/\/m.media-amazon.com\/images\/S\/aplus-media\/vc\/96249917-6a6c-4120-bff9-88e44d04fcf9._CR85,0,681,681_PT0_SX300__.jpg\"><img decoding=\"async\" alt=\"lector dni electronico\" src=\"https:\/\/m.media-amazon.com\/images\/S\/aplus-media\/vc\/96249917-6a6c-4120-bff9-88e44d04fcf9._CR85,0,681,681_PT0_SX300__.jpg\">  <\/p>\n<p>                                                    Identificaci\u00f3n segura en internet                                       <\/p>\n<p> El lector de DNIe Sveon SCT011M le permite una identificaci\u00f3n segura en la red, verificando los datos de los interlocutores y garantizando as\u00ed la seguridad de las relaciones entre personas e instituciones.  <\/p>\n<p class=\"apm-text-center\">\n                                                      <img decoding=\"async\" alt=\"B072LTLZW3, Sveon, SCT011M\" src=\"https:\/\/images-na.ssl-images-amazon.com\/images\/G\/01\/x-locale\/common\/grey-pixel.gif\" class=\"a-spacing-mini a-lazy-loaded\" data-src=\"https:\/\/m.media-amazon.com\/images\/S\/aplus-media\/vc\/046af996-6ff0-4850-b6d1-64f23b76cb54._CR124,0,602,602_PT0_SX300__.jpg\"><img decoding=\"async\" alt=\"B072LTLZW3, Sveon, SCT011M\" src=\"https:\/\/m.media-amazon.com\/images\/S\/aplus-media\/vc\/046af996-6ff0-4850-b6d1-64f23b76cb54._CR124,0,602,602_PT0_SX300__.jpg\">  <\/p>\n<p>                                                    Compatible con DNIe 4.0 y DNIe 3.0                                       <\/p>\n<p> El  lector de DNIe Sveon SCT011M es compatible con el DNI electr\u00f3nico 4.0 y 3.0 y tambi\u00e9n con la versi\u00f3n anterior del DNI electr\u00f3nico. <\/p>\n<p class=\"apm-text-center\">\n                                                      <img decoding=\"async\" alt=\"lector dni barato\" src=\"https:\/\/images-na.ssl-images-amazon.com\/images\/G\/01\/x-locale\/common\/grey-pixel.gif\" class=\"a-spacing-mini a-lazy-loaded\" data-src=\"https:\/\/m.media-amazon.com\/images\/S\/aplus-media\/vc\/0fdb148d-5f37-4f01-9813-e0c29ff4ce31._CR115,0,621,621_PT0_SX300__.jpg\"><img decoding=\"async\" alt=\"lector dni barato\" src=\"https:\/\/m.media-amazon.com\/images\/S\/aplus-media\/vc\/0fdb148d-5f37-4f01-9813-e0c29ff4ce31._CR115,0,621,621_PT0_SX300__.jpg\">  <\/p>\n<p>                                                    C\u00f3modo y ultracompacto                                       <\/p>\n<p> El mini lector de DNI electr\u00f3nico Sveon SCT011M es ultracompacto y c\u00f3modo de llevar siempre encima. Su cable se recoge en la parte trasera del dispositivo quedando el espacio minimizado al m\u00e1ximo. <\/p>\n<p> Batteries                                            \u200f                                            :                                            \u200e                                            1 Lithium Ion batteries required.   <br \/> Language                                            \u200f                                            :                                            \u200e                                            English, English, English, English, English   <br \/> Product Dimensions                                            \u200f                                            :                                            \u200e                                            1.15 x 3.6 x 6.5 cm; 50 g   <br \/> Manufacturer                                            \u200f                                            :                                            \u200e                                            ID SOLUCIONES INFORMATICAS Y CREATIVAS SL   <br \/> ASIN                                            \u200f                                            :                                            \u200e                                            B072LTLZW3   <br \/> Item model number                                            \u200f                                            :                                            \u200e                                            SCT011M   <br \/> Country of origin                                            \u200f                                            :                                            \u200e                                            Switzerland   <br \/> Guaranteed software updates until                                            \u200f                                            :                                            \u200e                                            unknown   <br \/>  Customer reviews:                                                                                            4.4               4.4 out of 5 stars                                  (12,412)                                              var dpAcrHasRegisteredArcLinkClickAction;                    P.when(&#8216;A&#8217;, &#8216;ready&#8217;).execute(function(A) {                        if (dpAcrHasRegisteredArcLinkClickAction !== true) {                            dpAcrHasRegisteredArcLinkClickAction = true;                            A.declarative(                                &#8216;acrLink-click-metrics&#8217;, &#8216;click&#8217;,                                { \u00aballowLinkDefault\u00bb: true },                                function (event) {                                    if (window.ue) {                                        ue.count(\u00abacrLinkClickCount\u00bb, (ue.count(\u00abacrLinkClickCount\u00bb) || 0) + 1);                                    }                                }                            );                        }                    });                                             P.when(&#8216;A&#8217;, &#8216;cf&#8217;).execute(function(A) {                A.declarative(&#8216;acrStarsLink-click-metrics&#8217;, &#8216;click&#8217;, { \u00aballowLinkDefault\u00bb : true },  function(event){                    if(window.ue) {                        ue.count(\u00abacrStarsLinkWithPopoverClickCount\u00bb, (ue.count(\u00abacrStarsLinkWithPopoverClickCount\u00bb) || 0) + 1);                    }                });            });                          <\/p>\n<p>Digital ID Card Reader<br \/>USB powered and LED indicators<br \/>Compatible with MAC OS X, Windows 10, 8, 7, Vist, XP and Linux<br \/>It has an easy to carry and store format<br \/>Colour: white<\/p>\n\n","protected":false},"excerpt":{"rendered":"<p> From the manufacturer Sveon SCT011M, mini lector dnie electr\u00f3nico 4.0 y 3.0 compatible con macOS<\/p>","protected":false},"featured_media":24403,"comment_status":"open","ping_status":"closed","template":"","meta":[],"product_brand":[],"product_cat":[47],"product_tag":[1399,201,1411,1413,774,1407,1409,215,1415,1416,1417,1421,7223,1405,6698,7222,1403,537],"class_list":{"0":"post-24402","1":"product","2":"type-product","3":"status-publish","4":"has-post-thumbnail","6":"product_cat-card-readers","7":"product_tag-card-reader","8":"product_tag-compatible","9":"product_tag-fast-card-reader","10":"product_tag-laptop-card-reader","11":"product_tag-mac","12":"product_tag-memory-card-reader","13":"product_tag-micro-sd-card-reader","14":"product_tag-mini","15":"product_tag-multi-card-reader","16":"product_tag-otg-card-reader","17":"product_tag-portable-card-reader","18":"product_tag-reader","19":"product_tag-sct011m","20":"product_tag-sd-card-reader","21":"product_tag-spain","22":"product_tag-sveon","23":"product_tag-usb-card-reader","24":"product_tag-windows","26":"first","27":"instock","28":"sale","29":"shipping-taxable","30":"product-type-external"},"_links":{"self":[{"href":"https:\/\/comprasyconsejos.store\/en\/wp-json\/wp\/v2\/product\/24402","targetHints":{"allow":["GET"]}}],"collection":[{"href":"https:\/\/comprasyconsejos.store\/en\/wp-json\/wp\/v2\/product"}],"about":[{"href":"https:\/\/comprasyconsejos.store\/en\/wp-json\/wp\/v2\/types\/product"}],"replies":[{"embeddable":true,"href":"https:\/\/comprasyconsejos.store\/en\/wp-json\/wp\/v2\/comments?post=24402"}],"version-history":[{"count":0,"href":"https:\/\/comprasyconsejos.store\/en\/wp-json\/wp\/v2\/product\/24402\/revisions"}],"wp:featuredmedia":[{"embeddable":true,"href":"https:\/\/comprasyconsejos.store\/en\/wp-json\/wp\/v2\/media\/24403"}],"wp:attachment":[{"href":"https:\/\/comprasyconsejos.store\/en\/wp-json\/wp\/v2\/media?parent=24402"}],"wp:term":[{"taxonomy":"product_brand","embeddable":true,"href":"https:\/\/comprasyconsejos.store\/en\/wp-json\/wp\/v2\/product_brand?post=24402"},{"taxonomy":"product_cat","embeddable":true,"href":"https:\/\/comprasyconsejos.store\/en\/wp-json\/wp\/v2\/product_cat?post=24402"},{"taxonomy":"product_tag","embeddable":true,"href":"https:\/\/comprasyconsejos.store\/en\/wp-json\/wp\/v2\/product_tag?post=24402"}],"curies":[{"name":"wp","href":"https:\/\/api.w.org\/{rel}","templated":true}]}}