{"id":24414,"date":"2026-02-19T08:04:09","date_gmt":"2026-02-19T08:04:09","guid":{"rendered":"https:\/\/comprasyconsejos.store\/product\/ornata-v3-x-spanish-layout\/"},"modified":"2026-02-19T08:04:14","modified_gmt":"2026-02-19T08:04:14","slug":"ornata-v3-x-spanish-layout","status":"publish","type":"product","link":"https:\/\/comprasyconsejos.store\/en\/product\/ornata-v3-x-spanish-layout\/","title":{"rendered":"Ornata V3 X &#8211; Spanish Layout"},"content":{"rendered":"<p>Price: <span style=\"color:#b12704\"><del>\u20ac49.99<\/del> - \u20ac39.99<\/span><br \/><i><small>(as of Feb 19, 2026 08:04:09 UTC &#8211; <span class=\"wp_automatic_amazon_disclaimer\" title=\"Product prices and availability are accurate as of the date\/time indicated and are subject to change. Any price and availability information displayed on [relevant Amazon Site(s), as applicable] at the time of purchase will apply to the purchase of this product.\">Details<\/span>)<\/small><\/i><\/p>\n<p><a href=\"https:\/\/amazon.es\/dp\/B09X63H56X?tag=man008-21\"><img decoding=\"async\" src=\"https:\/\/valvepress.s3.amazonaws.com\/imgs\/buy_now.png\"><\/a><br \/>\n<\/p>\n<p>                                             From the manufacturer   <\/p>\n<p>                                                                             <img decoding=\"async\" alt=\"x\" src=\"https:\/\/images-na.ssl-images-amazon.com\/images\/G\/01\/x-locale\/common\/grey-pixel.gif\" class=\"a-spacing-base a-lazy-loaded\" data-src=\"https:\/\/m.media-amazon.com\/images\/S\/aplus-media-library-service-media\/36b5befb-5297-4c9a-a2f0-e2da7acc1487.__CR0,0,970,600_PT0_SX970_V1___.jpg\"><img decoding=\"async\" alt=\"x\" src=\"https:\/\/m.media-amazon.com\/images\/S\/aplus-media-library-service-media\/36b5befb-5297-4c9a-a2f0-e2da7acc1487.__CR0,0,970,600_PT0_SX970_V1___.jpg\">                                                                    <\/p>\n<p class=\"apm-text-center\">\n                                                      <img decoding=\"async\" alt=\"x\" src=\"https:\/\/images-na.ssl-images-amazon.com\/images\/G\/01\/x-locale\/common\/grey-pixel.gif\" class=\"a-spacing-mini a-lazy-loaded\" data-src=\"https:\/\/m.media-amazon.com\/images\/S\/aplus-media-library-service-media\/c35bedd8-bd81-42eb-8764-921caaf790d6.__CR0,0,1024,1024_PT0_SX300_V1___.jpg\"><img decoding=\"async\" alt=\"x\" src=\"https:\/\/m.media-amazon.com\/images\/S\/aplus-media-library-service-media\/c35bedd8-bd81-42eb-8764-921caaf790d6.__CR0,0,1024,1024_PT0_SX300_V1___.jpg\">  <\/p>\n<p>                                                    Teclas de bajo perfil                                       <\/p>\n<p> Casi un 22% m\u00e1s ligero que el Razer Viper Ultimate, disfruta de un nivel de velocidad y control favorecido por los mejores profesionales de los deportes electr\u00f3nicos con uno de los ratones para deportes electr\u00f3nicos m\u00e1s ligeros jam\u00e1s creados. <\/p>\n<p class=\"apm-text-center\">\n                                                      <img decoding=\"async\" alt=\"x\" src=\"https:\/\/images-na.ssl-images-amazon.com\/images\/G\/01\/x-locale\/common\/grey-pixel.gif\" class=\"a-spacing-mini a-lazy-loaded\" data-src=\"https:\/\/m.media-amazon.com\/images\/S\/aplus-media-library-service-media\/539f0b3f-39e9-4d37-9921-10f0d2b05169.__CR0,0,1024,1024_PT0_SX300_V1___.jpg\"><img decoding=\"async\" alt=\"x\" src=\"https:\/\/m.media-amazon.com\/images\/S\/aplus-media-library-service-media\/539f0b3f-39e9-4d37-9921-10f0d2b05169.__CR0,0,1024,1024_PT0_SX300_V1___.jpg\">  <\/p>\n<p>                                                    Interruptores de membrana silenciosos                                       <\/p>\n<p> El Razer Ornata V3 X es perfecto para aquellos que prefieren una experiencia m\u00e1s silenciosa y c\u00f3moda cuando juegan o escriben. <\/p>\n<p class=\"apm-text-center\">\n                                                      <img decoding=\"async\" alt=\"x\" src=\"https:\/\/images-na.ssl-images-amazon.com\/images\/G\/01\/x-locale\/common\/grey-pixel.gif\" class=\"a-spacing-mini a-lazy-loaded\" data-src=\"https:\/\/m.media-amazon.com\/images\/S\/aplus-media-library-service-media\/98fc7a35-94c7-4013-ba5f-8f7e0875d161.__CR0,0,1024,1024_PT0_SX300_V1___.jpg\"><img decoding=\"async\" alt=\"x\" src=\"https:\/\/m.media-amazon.com\/images\/S\/aplus-media-library-service-media\/98fc7a35-94c7-4013-ba5f-8f7e0875d161.__CR0,0,1024,1024_PT0_SX300_V1___.jpg\">  <\/p>\n<p>                                                    Teclas con revestimiento UV                                       <\/p>\n<p> M\u00e1s duraderas que las teclas normales, el revestimiento UV garantiza unas lega\u00f1as m\u00e1s resistentes a la decoloraci\u00f3n y una mayor protecci\u00f3n contra el desgaste por el uso frecuente. <\/p>\n<p class=\"apm-text-center\">\n                                                      <img decoding=\"async\" alt=\"x\" src=\"https:\/\/images-na.ssl-images-amazon.com\/images\/G\/01\/x-locale\/common\/grey-pixel.gif\" class=\"a-spacing-mini a-lazy-loaded\" data-src=\"https:\/\/m.media-amazon.com\/images\/S\/aplus-media-library-service-media\/5fc9224b-4da8-4667-823a-6bb4f91d109f.__CR0,0,1024,1024_PT0_SX300_V1___.jpg\"><img decoding=\"async\" alt=\"x\" src=\"https:\/\/m.media-amazon.com\/images\/S\/aplus-media-library-service-media\/5fc9224b-4da8-4667-823a-6bb4f91d109f.__CR0,0,1024,1024_PT0_SX300_V1___.jpg\">  <\/p>\n<p>                                                    Dise\u00f1o duradero y resistente a las salpicaduras                                       <\/p>\n<p> El robusto dise\u00f1o del Razer Ornata V3 X es lo suficientemente resistente para esas intensas sesiones de juego y puede resistir los efectos de peque\u00f1os derrames. <\/p>\n<p class=\"apm-text-center\">\n                                                      <img decoding=\"async\" alt=\"x\" src=\"https:\/\/images-na.ssl-images-amazon.com\/images\/G\/01\/x-locale\/common\/grey-pixel.gif\" class=\"a-spacing-mini a-lazy-loaded\" data-src=\"https:\/\/m.media-amazon.com\/images\/S\/aplus-media-library-service-media\/281da721-5fc1-46c9-a4f2-b6a734294456.__CR0,0,1024,1024_PT0_SX300_V1___.jpg\"><img decoding=\"async\" alt=\"x\" src=\"https:\/\/m.media-amazon.com\/images\/S\/aplus-media-library-service-media\/281da721-5fc1-46c9-a4f2-b6a734294456.__CR0,0,1024,1024_PT0_SX300_V1___.jpg\">  <\/p>\n<p>                                                    Reposamu\u00f1ecas ergon\u00f3mico                                       <\/p>\n<p> Se alinea con el teclado y proporciona el lugar perfecto para descansar las mu\u00f1ecas para un apoyo que es vital durante largos per\u00edodos de uso. <\/p>\n<p class=\"apm-text-center\">\n                                                      <img decoding=\"async\" alt=\"x\" src=\"https:\/\/images-na.ssl-images-amazon.com\/images\/G\/01\/x-locale\/common\/grey-pixel.gif\" class=\"a-spacing-mini a-lazy-loaded\" data-src=\"https:\/\/m.media-amazon.com\/images\/S\/aplus-media-library-service-media\/13a334a4-63ae-4eea-bd27-5d4455d382a2.__CR0,0,1024,1024_PT0_SX300_V1___.jpg\"><img decoding=\"async\" alt=\"x\" src=\"https:\/\/m.media-amazon.com\/images\/S\/aplus-media-library-service-media\/13a334a4-63ae-4eea-bd27-5d4455d382a2.__CR0,0,1024,1024_PT0_SX300_V1___.jpg\">  <\/p>\n<p>                                                    Con tecnolog\u00eda Razer Chroma RGB                                       <\/p>\n<p> Con 16,8 millones de colores y un conjunto de efectos para elegir, personaliza el teclado y accede a efectos de iluminaci\u00f3n din\u00e1micos para cientos de juegos integrados en Chroma. <\/p>\n<p>                                                  <img decoding=\"async\" alt=\"x\" src=\"https:\/\/images-na.ssl-images-amazon.com\/images\/G\/01\/x-locale\/common\/grey-pixel.gif\" class=\"a-lazy-loaded\" data-src=\"https:\/\/m.media-amazon.com\/images\/S\/aplus-media-library-service-media\/605e6301-85d9-4f06-b705-dd470e435fa4.__CR0,0,970,300_PT0_SX970_V1___.jpg\"><img decoding=\"async\" alt=\"x\" src=\"https:\/\/m.media-amazon.com\/images\/S\/aplus-media-library-service-media\/605e6301-85d9-4f06-b705-dd470e435fa4.__CR0,0,970,300_PT0_SX970_V1___.jpg\">  <\/p>\n<p> Product Dimensions                                            \u200f                                            :                                            \u200e                                            19.69 x 10.8 x 1.91 cm; 1.38 kg   <br \/> Manufacturer                                            \u200f                                            :                                            \u200e                                            Razer   <br \/> ASIN                                            \u200f                                            :                                            \u200e                                            B09X63H56X   <br \/> Item model number                                            \u200f                                            :                                            \u200e                                            RZ03-04471100-R311   <br \/> Country of origin                                            \u200f                                            :                                            \u200e                                            China   <br \/> Guaranteed software updates until                                            \u200f                                            :                                            \u200e                                            unknown   <br \/>  Customer reviews:                                                                                            4.6               4.6 out of 5 stars                                  (250)                                              var dpAcrHasRegisteredArcLinkClickAction;                    P.when(&#8216;A&#8217;, &#8216;ready&#8217;).execute(function(A) {                        if (dpAcrHasRegisteredArcLinkClickAction !== true) {                            dpAcrHasRegisteredArcLinkClickAction = true;                            A.declarative(                                &#8216;acrLink-click-metrics&#8217;, &#8216;click&#8217;,                                { \u00aballowLinkDefault\u00bb: true },                                function (event) {                                    if (window.ue) {                                        ue.count(\u00abacrLinkClickCount\u00bb, (ue.count(\u00abacrLinkClickCount\u00bb) || 0) + 1);                                    }                                }                            );                        }                    });                                             P.when(&#8216;A&#8217;, &#8216;cf&#8217;).execute(function(A) {                A.declarative(&#8216;acrStarsLink-click-metrics&#8217;, &#8216;click&#8217;, { \u00aballowLinkDefault\u00bb : true },  function(event){                    if(window.ue) {                        ue.count(\u00abacrStarsLinkWithPopoverClickCount\u00bb, (ue.count(\u00abacrStarsLinkWithPopoverClickCount\u00bb) || 0) + 1);                    }                });            });                          <\/p>\n<p>Low-profile keys for an ergonomic gaming experience &#8211; Thinner keys and shorter switches allow you to place your hands more naturally and enjoy many hours of use with minimal pressure.<br \/>Quiet Membrane Switches for Soft and Padded Typing &#8211; The Razer Ornata V3 X is the perfect choice for those who prefer a quieter, more comfortable gaming or typing experience.<br \/>UV coated keys for increased wear and scratch resistance &#8211; UV coating makes them more durable than normal keys, ensures no wear and tear and offers greater protection from wear and tear caused by frequent use.<br \/>Durable and splash-resistant design for absolute safety &#8211; The rugged design of the Razer Ornata V3 X gives you enough strength for intense gaming sessions, as well as minor splashes that may suffer.<br \/>Ergonomic wrist rest for longer games &#8211; Aligns with the keyboard and offers a perfect place to rest your wrists, critical support for extended periods of use.<\/p>\n\n","protected":false},"excerpt":{"rendered":"<p> From the manufacturer Teclas de bajo perfil Casi un 22% m\u00e1s ligero que el Razer<\/p>","protected":false},"featured_media":24415,"comment_status":"open","ping_status":"closed","template":"","meta":[],"product_brand":[],"product_cat":[49],"product_tag":[746,743,747,740,518,4013,739,744,7224,742,745,5273,741],"class_list":{"0":"post-24414","1":"product","2":"type-product","3":"status-publish","4":"has-post-thumbnail","6":"product_cat-keyboards","7":"product_tag-backlit-keyboard","8":"product_tag-bluetooth-keyboard","9":"product_tag-compact-keyboard","10":"product_tag-gaming-keyboard","11":"product_tag-keyboard","12":"product_tag-layout","13":"product_tag-mechanical-keyboard","14":"product_tag-office-keyboard","15":"product_tag-ornata","16":"product_tag-rgb-keyboard","17":"product_tag-silent-keyboard","18":"product_tag-spanish","19":"product_tag-wireless-keyboard","21":"first","22":"instock","23":"sale","24":"shipping-taxable","25":"product-type-external"},"_links":{"self":[{"href":"https:\/\/comprasyconsejos.store\/en\/wp-json\/wp\/v2\/product\/24414","targetHints":{"allow":["GET"]}}],"collection":[{"href":"https:\/\/comprasyconsejos.store\/en\/wp-json\/wp\/v2\/product"}],"about":[{"href":"https:\/\/comprasyconsejos.store\/en\/wp-json\/wp\/v2\/types\/product"}],"replies":[{"embeddable":true,"href":"https:\/\/comprasyconsejos.store\/en\/wp-json\/wp\/v2\/comments?post=24414"}],"version-history":[{"count":0,"href":"https:\/\/comprasyconsejos.store\/en\/wp-json\/wp\/v2\/product\/24414\/revisions"}],"wp:featuredmedia":[{"embeddable":true,"href":"https:\/\/comprasyconsejos.store\/en\/wp-json\/wp\/v2\/media\/24415"}],"wp:attachment":[{"href":"https:\/\/comprasyconsejos.store\/en\/wp-json\/wp\/v2\/media?parent=24414"}],"wp:term":[{"taxonomy":"product_brand","embeddable":true,"href":"https:\/\/comprasyconsejos.store\/en\/wp-json\/wp\/v2\/product_brand?post=24414"},{"taxonomy":"product_cat","embeddable":true,"href":"https:\/\/comprasyconsejos.store\/en\/wp-json\/wp\/v2\/product_cat?post=24414"},{"taxonomy":"product_tag","embeddable":true,"href":"https:\/\/comprasyconsejos.store\/en\/wp-json\/wp\/v2\/product_tag?post=24414"}],"curies":[{"name":"wp","href":"https:\/\/api.w.org\/{rel}","templated":true}]}}