{"id":24422,"date":"2026-02-19T08:09:44","date_gmt":"2026-02-19T08:09:44","guid":{"rendered":"https:\/\/comprasyconsejos.store\/product\/tecknet-wireless-mouse-5-levels-2600-dpi-2-4g-ergonomic-usb-wireless-mouse-6-buttons-24-months-battery-life-optical-wireless-mouse-for-computer-pc-mac-laptop\/"},"modified":"2026-02-19T08:09:48","modified_gmt":"2026-02-19T08:09:48","slug":"tecknet-wireless-mouse-5-levels-2600-dpi-2-4g-ergonomic-usb-wireless-mouse-6-buttons-24-months-battery-life-optical-wireless-mouse-for-computer-pc-mac-laptop","status":"publish","type":"product","link":"https:\/\/comprasyconsejos.store\/en\/product\/tecknet-wireless-mouse-5-levels-2600-dpi-2-4g-ergonomic-usb-wireless-mouse-6-buttons-24-months-battery-life-optical-wireless-mouse-for-computer-pc-mac-laptop\/","title":{"rendered":"TECKNET Wireless Mouse, 5 Levels 2600 DPI, 2.4G Ergonomic USB Wireless Mouse, 6 Buttons, 24 Months Battery Life, Optical Wireless Mouse for Computer, PC, Mac, Laptop"},"content":{"rendered":"<p>Price: <span style=\"color:#b12704\">\u20ac11.99<\/span><br \/><i><small>(as of Feb 19, 2026 08:09:44 UTC &#8211; <span class=\"wp_automatic_amazon_disclaimer\" title=\"Product prices and availability are accurate as of the date\/time indicated and are subject to change. Any price and availability information displayed on [relevant Amazon Site(s), as applicable] at the time of purchase will apply to the purchase of this product.\">Details<\/span>)<\/small><\/i><\/p>\n<p><a href=\"https:\/\/amazon.es\/dp\/B010R7IX5E?tag=man008-21\"><img decoding=\"async\" src=\"https:\/\/valvepress.s3.amazonaws.com\/imgs\/buy_now.png\"><\/a><br \/>\n<\/p>\n<p>                                             From the brand   <\/p>\n<p>                                              <img decoding=\"async\" alt=\"una mesa blanca con un mantel blanco\" src=\"https:\/\/images-na.ssl-images-amazon.com\/images\/G\/01\/x-locale\/common\/grey-pixel.gif\" class=\"a-lazy-loaded\" data-src=\"https:\/\/m.media-amazon.com\/images\/S\/aplus-media-library-service-media\/2a6594e5-dc22-4955-b413-89aae9b258b9.__CR0,0,1464,625_PT0_SX1464_V1___.jpg\"><img decoding=\"async\" alt=\"una mesa blanca con un mantel blanco\" src=\"https:\/\/m.media-amazon.com\/images\/S\/aplus-media-library-service-media\/2a6594e5-dc22-4955-b413-89aae9b258b9.__CR0,0,1464,625_PT0_SX1464_V1___.jpg\">  <\/p>\n<h3> TECKNET Rat\u00f3n  <\/h3>\n<p class=\"apm-brand-story-stores-link\">\n<h3> TECKNET Rat\u00f3n Vertical  <\/h3>\n<p class=\"apm-brand-story-stores-link\">\n<h3> TECKNET 2.4G Rat\u00f3n Recargable <\/h3>\n<p class=\"apm-brand-story-stores-link\">\n<h3> TECKNET BT5.0\/3.0+2.4G Rat\u00f3n <\/h3>\n<p class=\"apm-brand-story-stores-link\">\n<p> Batteries                                            \u200f                                            :                                            \u200e                                            2 AAA batteries required.   <br \/> Is discontinued by manufacturer                                            \u200f                                            :                                            \u200e                                            No   <br \/> Product Dimensions                                            \u200f                                            :                                            \u200e                                            10.4 x 6.8 x 3.8 cm; 100 g   <br \/> Manufacturer                                            \u200f                                            :                                            \u200e                                            TECKNET   <br \/> ASIN                                            \u200f                                            :                                            \u200e                                            B010R7IX5E   <br \/> Item model number                                            \u200f                                            :                                            \u200e                                            M003   <br \/> Country\/Region of Origin                                            \u200f                                            :                                            \u200e                                            China   <br \/> Guaranteed software updates until                                            \u200f                                            :                                            \u200e                                            unknown   <br \/>  Customer reviews:                                                                                            4.5               4.5 out of 5 stars                                  (22,649)                                              var dpAcrHasRegisteredArcLinkClickAction;                    P.when(&#8216;A&#8217;, &#8216;ready&#8217;).execute(function(A) {                        if (dpAcrHasRegisteredArcLinkClickAction !== true) {                            dpAcrHasRegisteredArcLinkClickAction = true;                            A.declarative(                                &#8216;acrLink-click-metrics&#8217;, &#8216;click&#8217;,                                { \u00aballowLinkDefault\u00bb: true },                                function (event) {                                    if (window.ue) {                                        ue.count(\u00abacrLinkClickCount\u00bb, (ue.count(\u00abacrLinkClickCount\u00bb) || 0) + 1);                                    }                                }                            );                        }                    });                                             P.when(&#8216;A&#8217;, &#8216;cf&#8217;).execute(function(A) {                A.declarative(&#8216;acrStarsLink-click-metrics&#8217;, &#8216;click&#8217;, { \u00aballowLinkDefault\u00bb : true },  function(event){                    if(window.ue) {                        ue.count(\u00abacrStarsLinkWithPopoverClickCount\u00bb, (ue.count(\u00abacrStarsLinkWithPopoverClickCount\u00bb) || 0) + 1);                    }                });            });                          <\/p>\n<p>\u3010Relieve Hand Fatigue\u3011: TECKNET wireless mouse adopts ergonomic mouse design, which perfectly fits the position of each of your fingers, which can reduce muscle tension by 30%, providing the best comfort for office workers who use the mouse for a long time.<br \/>\u3010Easy to Use\u3011Plug and play, no driver required. Plug in the USB receiver and start working in 3 seconds, providing a reliable connection up to 15 meters for your computer&#8217;s wireless mouse. (The USB receiver is stored on the back of the mouse)<br \/>\u3010Accurate and Efficient\u3011: Wear-resistant roller design, the gear-shaped roller is not easy to damage, you can choose different DPI computer mice according to different needs: 800\/1200\/1600\/2000\/2600. A wireless computer mouse has 6 buttons. Two side buttons will facilitate fast forward and reverse, increasing your productivity by 150%. (Side button not available on Mac OS)<br \/>\u3010Reliable and Durable\u3011Thanks to the on\/off button and automatic standby power saving mode, the wireless mouse does not need to change batteries frequently, 2 AAA batteries can work for up to 24 months (the package does not include batteries), and the click life exceeds 6 million clicks. (Battery life varies by usage and device)<br \/>\u3010Wide Compatibility &#038; Support for 36 Months\u3011: Perfect for Win11\/10\/8\/7\/XP, Vista7\/8 and Linux, Laptops, Desktops, Macbook, Chrombook. If you have any problems using the product, please contact TECKNET professional customer service team and enjoy TECKNET&#8217;s 36-month support. (registered only)<\/p>\n\n","protected":false},"excerpt":{"rendered":"<p> From the brand TECKNET Rat\u00f3n TECKNET Rat\u00f3n Vertical TECKNET 2.4G Rat\u00f3n Recargable TECKNET BT5.0\/3.0+2.4G Rat\u00f3n<\/p>","protected":false},"featured_media":24423,"comment_status":"open","ping_status":"closed","template":"","meta":[],"product_brand":[],"product_cat":[50],"product_tag":[768,292,765,759,771,539,756,775,1148,761,758,159,2627,683,774,2150,767,891,763,760,764,766,133,762,226,757],"class_list":{"0":"post-24422","1":"product","2":"type-product","3":"status-publish","4":"has-post-thumbnail","6":"product_cat-mouse","7":"product_tag-2-4g","8":"product_tag-battery","9":"product_tag-best-gaming-mouse","10":"product_tag-bluetooth-mouse","11":"product_tag-buttons","12":"product_tag-computer","13":"product_tag-computer-mouse","14":"product_tag-dpi","15":"product_tag-ergonomic","16":"product_tag-ergonomic-mouse","17":"product_tag-gaming-mouse","18":"product_tag-laptop","19":"product_tag-levels","20":"product_tag-life","21":"product_tag-mac","22":"product_tag-months","23":"product_tag-mouse","24":"product_tag-optical","25":"product_tag-rechargeable-mouse","26":"product_tag-rgb-mouse","27":"product_tag-silent-mouse","28":"product_tag-tecknet","29":"product_tag-usb","30":"product_tag-usb-mouse","31":"product_tag-wireless","32":"product_tag-wireless-mouse","34":"first","35":"instock","36":"shipping-taxable","37":"product-type-external"},"_links":{"self":[{"href":"https:\/\/comprasyconsejos.store\/en\/wp-json\/wp\/v2\/product\/24422","targetHints":{"allow":["GET"]}}],"collection":[{"href":"https:\/\/comprasyconsejos.store\/en\/wp-json\/wp\/v2\/product"}],"about":[{"href":"https:\/\/comprasyconsejos.store\/en\/wp-json\/wp\/v2\/types\/product"}],"replies":[{"embeddable":true,"href":"https:\/\/comprasyconsejos.store\/en\/wp-json\/wp\/v2\/comments?post=24422"}],"version-history":[{"count":0,"href":"https:\/\/comprasyconsejos.store\/en\/wp-json\/wp\/v2\/product\/24422\/revisions"}],"wp:featuredmedia":[{"embeddable":true,"href":"https:\/\/comprasyconsejos.store\/en\/wp-json\/wp\/v2\/media\/24423"}],"wp:attachment":[{"href":"https:\/\/comprasyconsejos.store\/en\/wp-json\/wp\/v2\/media?parent=24422"}],"wp:term":[{"taxonomy":"product_brand","embeddable":true,"href":"https:\/\/comprasyconsejos.store\/en\/wp-json\/wp\/v2\/product_brand?post=24422"},{"taxonomy":"product_cat","embeddable":true,"href":"https:\/\/comprasyconsejos.store\/en\/wp-json\/wp\/v2\/product_cat?post=24422"},{"taxonomy":"product_tag","embeddable":true,"href":"https:\/\/comprasyconsejos.store\/en\/wp-json\/wp\/v2\/product_tag?post=24422"}],"curies":[{"name":"wp","href":"https:\/\/api.w.org\/{rel}","templated":true}]}}