{"id":24496,"date":"2026-02-19T09:03:24","date_gmt":"2026-02-19T09:03:24","guid":{"rendered":"https:\/\/comprasyconsejos.store\/product\/mosiso-laptop-briefcase-15-15-6-inches-360-protective-laptop-shoulder-bag-compatible-with-macbook-pro-16-hpdelllenovo-open-side-messenger-bag-with-4-zipper-pockets-black\/"},"modified":"2026-02-19T09:03:28","modified_gmt":"2026-02-19T09:03:28","slug":"mosiso-laptop-briefcase-15-15-6-inches-360-protective-laptop-shoulder-bag-compatible-with-macbook-pro-16-hpdelllenovo-open-side-messenger-bag-with-4-zipper-pockets-black","status":"publish","type":"product","link":"https:\/\/comprasyconsejos.store\/en\/product\/mosiso-laptop-briefcase-15-15-6-inches-360-protective-laptop-shoulder-bag-compatible-with-macbook-pro-16-hpdelllenovo-open-side-messenger-bag-with-4-zipper-pockets-black\/","title":{"rendered":"MOSISO Laptop Briefcase 15-15.6 Inches, 360 Protective Laptop Shoulder Bag Compatible with MacBook Pro 16, HP,Dell,Lenovo, Open Side Messenger Bag with 4 Zipper Pockets, Black"},"content":{"rendered":"<p>Price: <span style=\"color:#b12704\"><del>\u20ac39.99<\/del> - \u20ac37.99<\/span><br \/><i><small>(as of Feb 19, 2026 09:03:24 UTC &#8211; <span class=\"wp_automatic_amazon_disclaimer\" title=\"Product prices and availability are accurate as of the date\/time indicated and are subject to change. Any price and availability information displayed on [relevant Amazon Site(s), as applicable] at the time of purchase will apply to the purchase of this product.\">Details<\/span>)<\/small><\/i><\/p>\n<p><a href=\"https:\/\/amazon.es\/dp\/B0C96NNJ86?tag=man008-21\"><img decoding=\"async\" src=\"https:\/\/valvepress.s3.amazonaws.com\/imgs\/buy_now.png\"><\/a><br \/>\n<\/p>\n<p>                                             Product Description   <\/p>\n<p>                                                                              <img decoding=\"async\" alt=\"MOSISO 360 Bandolera Protectora Port\u00e1til Compatible con Port\u00e1til MacBook,HP,Dell,Lenovo, Asus,15,6\" src=\"https:\/\/m.media-amazon.com\/images\/S\/aplus-media-library-service-media\/9ad56553-5902-4b7e-9d56-062c1b7b3cd0.__CR0,0,1464,600_PT0_SX1464_V1___.jpg\">                                                    <img decoding=\"async\" alt=\"MOSISO 360 Bandolera Protectora Port\u00e1til Compatible con Port\u00e1til MacBook,HP,Dell,Lenovo, Asus,15,6\" src=\"https:\/\/m.media-amazon.com\/images\/S\/aplus-media-library-service-media\/eb25c296-7b6b-4266-88b9-51958c65b775.__CR0,0,1464,600_PT0_SX1464_V1___.jpg\">                                                    <img decoding=\"async\" alt=\"MOSISO 360 Bandolera Protectora Port\u00e1til Compatible con Port\u00e1til MacBook,HP,Dell,Lenovo, Asus,15,6\" src=\"https:\/\/m.media-amazon.com\/images\/S\/aplus-media-library-service-media\/d71d37f1-59ad-4e98-9c14-9d6259e908ef.__CR0,0,1464,600_PT0_SX1464_V1___.jpg\">                       <\/p>\n<p>                       1 Estilo Empresarial          2 F\u00e1cil de llevar          3 Look de Moda                        <\/p>\n<p>                                                             MOSISO Port\u00e1til 15-15,6 Pulgadas                                            <img decoding=\"async\" alt=\"MOSISO 360 Bandolera Protectora Port\u00e1til Compatible con Port\u00e1til MacBook,HP,Dell,Lenovo, Asus,15,6\" src=\"https:\/\/images-na.ssl-images-amazon.com\/images\/G\/01\/x-locale\/common\/grey-pixel.gif\" class=\"a-lazy-loaded\" data-src=\"https:\/\/m.media-amazon.com\/images\/S\/aplus-media-library-service-media\/93b2be01-f555-4862-970a-5527ebb08590.__CR0,0,650,350_PT0_SX650_V1___.jpg\"><img decoding=\"async\" alt=\"MOSISO 360 Bandolera Protectora Port\u00e1til Compatible con Port\u00e1til MacBook,HP,Dell,Lenovo, Asus,15,6\" src=\"https:\/\/m.media-amazon.com\/images\/S\/aplus-media-library-service-media\/93b2be01-f555-4862-970a-5527ebb08590.__CR0,0,650,350_PT0_SX650_V1___.jpg\">                                            Dise\u00f1o abierto lateral                                         <\/p>\n<p class=\"aplus-p3\"> Un compartimento principal para ordenador port\u00e1til, notebook, ultrabook, chromebook. <\/p>\n<p>                                           <img decoding=\"async\" alt=\"MOSISO 360 Bandolera Protectora Port\u00e1til Compatible con Port\u00e1til MacBook,HP,Dell,Lenovo, Asus,15,6\" src=\"https:\/\/images-na.ssl-images-amazon.com\/images\/G\/01\/x-locale\/common\/grey-pixel.gif\" class=\"a-lazy-loaded\" data-src=\"https:\/\/m.media-amazon.com\/images\/S\/aplus-media-library-service-media\/9fb25d12-75b7-429c-9f43-993540538301.__CR0,0,650,350_PT0_SX650_V1___.jpg\"><img decoding=\"async\" alt=\"MOSISO 360 Bandolera Protectora Port\u00e1til Compatible con Port\u00e1til MacBook,HP,Dell,Lenovo, Asus,15,6\" src=\"https:\/\/m.media-amazon.com\/images\/S\/aplus-media-library-service-media\/9fb25d12-75b7-429c-9f43-993540538301.__CR0,0,650,350_PT0_SX650_V1___.jpg\">                                            Protecci\u00f3n 360                                         <\/p>\n<p class=\"aplus-p3\"> 360 grados de protecci\u00f3n en todo el borde interior reforzado proteger su ordenador port\u00e1til de cualquier ca\u00edda accidental. <\/p>\n<p>                                                            Organice su Vida Digital                                            <img decoding=\"async\" alt=\"MOSISO 360 Bandolera Protectora Port\u00e1til Compatible con Port\u00e1til MacBook,HP,Dell,Lenovo, Asus,15,6\" src=\"https:\/\/images-na.ssl-images-amazon.com\/images\/G\/01\/x-locale\/common\/grey-pixel.gif\" class=\"a-lazy-loaded\" data-src=\"https:\/\/m.media-amazon.com\/images\/S\/aplus-media-library-service-media\/d7a18f6c-0842-4457-b961-003d3db73bd7.__CR0,0,650,350_PT0_SX650_V1___.jpg\"><img decoding=\"async\" alt=\"MOSISO 360 Bandolera Protectora Port\u00e1til Compatible con Port\u00e1til MacBook,HP,Dell,Lenovo, Asus,15,6\" src=\"https:\/\/m.media-amazon.com\/images\/S\/aplus-media-library-service-media\/d7a18f6c-0842-4457-b961-003d3db73bd7.__CR0,0,650,350_PT0_SX650_V1___.jpg\">                                            Multibolsillos delanteros                                         <\/p>\n<p class=\"aplus-p3\"> Los 4 bolsillos delanteros con cremallera son ideales para acceder r\u00e1pidamente y guardar el tel\u00e9fono m\u00f3vil, ranuras para bol\u00edgrafos, cartera, llaves y otros objetos peque\u00f1os. <\/p>\n<p>                                           <img decoding=\"async\" alt=\"MOSISO 360 Bandolera Protectora Port\u00e1til Compatible con Port\u00e1til MacBook,HP,Dell,Lenovo, Asus,15,6\" src=\"https:\/\/images-na.ssl-images-amazon.com\/images\/G\/01\/x-locale\/common\/grey-pixel.gif\" class=\"a-lazy-loaded\" data-src=\"https:\/\/m.media-amazon.com\/images\/S\/aplus-media-library-service-media\/89c345e9-5401-43b2-a415-95df481aa8bf.__CR0,0,650,350_PT0_SX650_V1___.jpg\"><img decoding=\"async\" alt=\"MOSISO 360 Bandolera Protectora Port\u00e1til Compatible con Port\u00e1til MacBook,HP,Dell,Lenovo, Asus,15,6\" src=\"https:\/\/m.media-amazon.com\/images\/S\/aplus-media-library-service-media\/89c345e9-5401-43b2-a415-95df481aa8bf.__CR0,0,650,350_PT0_SX650_V1___.jpg\">                                            Correa de hombro ajustable                                         <\/p>\n<p class=\"aplus-p3\"> Correa de hombro acolchada extra\u00edble y ajustable con una hombrera que var\u00eda desde 28,54 pulgadas (72,5 cm) hasta un m\u00e1ximo de 52,56 pulgadas (133,5 cm) . Puede utilizarlo como bandolera, bolso cruzado y malet\u00edn de la forma que desee. <\/p>\n<p>The video showcases the product in use.The video guides you through product setup.The video compares multiple products.The video shows the product being unpacked. 1 Merchant video<\/p>\n<h3 class=\"aplus-h1 a-text-bold\"> Malet\u00edn Port\u00e1til 15,6 Pulgadas 360 Protectora Laptop Bandolera <\/h3>\n<p><\/p>\n<p class=\"aplus-p2\"> El borde interior reforzado con protecci\u00f3n de  360 grados protege el port\u00e1til de ca\u00eddas accidentales. El acolchado de  espuma y el forro polar mullido amortiguan los golpes y protegen el  ordenador de ara\u00f1azos accidentales. Las cremalleras dobles de carga  superior de la bolsa se deslizan suavemente y permiten acceder  c\u00f3modamente al ordenador port\u00e1til. <\/p>\n<p>                                                                                              <img decoding=\"async\" alt=\"MOSISO 360 Bandolera Protectora Port\u00e1til Compatible con Port\u00e1til MacBook,HP,Dell,Lenovo, Asus,15,6\" src=\"https:\/\/images-na.ssl-images-amazon.com\/images\/G\/01\/x-locale\/common\/grey-pixel.gif\" class=\"a-lazy-loaded\" data-src=\"https:\/\/m.media-amazon.com\/images\/S\/aplus-media-library-service-media\/43e0b4b7-bf94-4f0b-af90-d576fe3ccb9b.__CR0,0,300,225_PT0_SX300_V1___.jpg\"><img decoding=\"async\" alt=\"MOSISO 360 Bandolera Protectora Port\u00e1til Compatible con Port\u00e1til MacBook,HP,Dell,Lenovo, Asus,15,6\" src=\"https:\/\/m.media-amazon.com\/images\/S\/aplus-media-library-service-media\/43e0b4b7-bf94-4f0b-af90-d576fe3ccb9b.__CR0,0,300,225_PT0_SX300_V1___.jpg\">                                            Cremalleras dobles                                         <\/p>\n<p class=\"aplus-p3\"> Las cremalleras dobles de carga superior de la bolsa se deslizan suavemente y permiten acceder c\u00f3modamente al ordenador port\u00e1til. <\/p>\n<p>                                           <img decoding=\"async\" alt=\"MOSISO 360 Bandolera Protectora Port\u00e1til Compatible con Port\u00e1til MacBook,HP,Dell,Lenovo, Asus,15,6\" src=\"https:\/\/images-na.ssl-images-amazon.com\/images\/G\/01\/x-locale\/common\/grey-pixel.gif\" class=\"a-lazy-loaded\" data-src=\"https:\/\/m.media-amazon.com\/images\/S\/aplus-media-library-service-media\/ac9aa82a-470f-455c-9d92-1c267cb1792d.__CR0,0,300,225_PT0_SX300_V1___.jpg\"><img decoding=\"async\" alt=\"MOSISO 360 Bandolera Protectora Port\u00e1til Compatible con Port\u00e1til MacBook,HP,Dell,Lenovo, Asus,15,6\" src=\"https:\/\/m.media-amazon.com\/images\/S\/aplus-media-library-service-media\/ac9aa82a-470f-455c-9d92-1c267cb1792d.__CR0,0,300,225_PT0_SX300_V1___.jpg\">                                            Dise\u00f1o correa trasera maleta                                         <\/p>\n<p class=\"aplus-p3\"> El dise\u00f1o considerado correa maleta carretilla trasera para uso facilidad durante viaje negocios. Es muy conveniente feliz viaje a cualquier lugar. <\/p>\n<p>                                           <img decoding=\"async\" alt=\"MOSISO 360 Bandolera Protectora Port\u00e1til Compatible con Port\u00e1til MacBook,HP,Dell,Lenovo, Asus,15,6\" src=\"https:\/\/images-na.ssl-images-amazon.com\/images\/G\/01\/x-locale\/common\/grey-pixel.gif\" class=\"a-lazy-loaded\" data-src=\"https:\/\/m.media-amazon.com\/images\/S\/aplus-media-library-service-media\/4cc2953e-a661-4dc8-a351-c9922fe3dc6b.__CR0,0,300,225_PT0_SX300_V1___.jpg\"><img decoding=\"async\" alt=\"MOSISO 360 Bandolera Protectora Port\u00e1til Compatible con Port\u00e1til MacBook,HP,Dell,Lenovo, Asus,15,6\" src=\"https:\/\/m.media-amazon.com\/images\/S\/aplus-media-library-service-media\/4cc2953e-a661-4dc8-a351-c9922fe3dc6b.__CR0,0,300,225_PT0_SX300_V1___.jpg\">                                            Asa de PU extensible                                         <\/p>\n<p class=\"aplus-p3\"> Permite llevar c\u00f3modamente el port\u00e1til, tambi\u00e9n se puede guardar el asa <\/p>\n<p>                                           <img decoding=\"async\" alt=\"MOSISO 360 Bandolera Protectora Port\u00e1til Compatible con Port\u00e1til MacBook,HP,Dell,Lenovo, Asus,15,6\" src=\"https:\/\/images-na.ssl-images-amazon.com\/images\/G\/01\/x-locale\/common\/grey-pixel.gif\" class=\"a-lazy-loaded\" data-src=\"https:\/\/m.media-amazon.com\/images\/S\/aplus-media-library-service-media\/aafabefa-0993-4225-903b-e098c3b91c6e.__CR0,0,300,225_PT0_SX300_V1___.jpg\"><img decoding=\"async\" alt=\"MOSISO 360 Bandolera Protectora Port\u00e1til Compatible con Port\u00e1til MacBook,HP,Dell,Lenovo, Asus,15,6\" src=\"https:\/\/m.media-amazon.com\/images\/S\/aplus-media-library-service-media\/aafabefa-0993-4225-903b-e098c3b91c6e.__CR0,0,300,225_PT0_SX300_V1___.jpg\">                                            Material de poli\u00e9ster                                         <\/p>\n<p class=\"aplus-p3\"> El resistente material de poli\u00e9ster protege tu dispositivo del agua, el polvo, la suciedad y los ara\u00f1azos. <\/p>\n<h3 class=\"a-size-extra-large a-spacing-base a-text-center\"> Compatible con <\/h3>\n<p>                                                        Dimensiones                                    Dimensiones internas: 15,36 x 10,83 x 0,79 pulgadas \/ 39 x 27,5 x 2 cm (L x W x H); Dimensiones externas: 16,14 x 11,42 x 0,79 pulgadas\/ 41&#215;29 x2 cm (L x W x H).                                        Para MacBook                                     Compatible con MacBook Pro 16 pulgadas 2025-2019 M4 A3403 A3186 M3 A2991 M2 A2780 M1 A2485 A2141                                        Para Surface                                    Compatible con Surface Book 3\/2\/1 15;                                        Para Acer                                    Compatible con Acer Aspire 3\/5\/7 15.6;                                         Para ASUS                                    Compatible con Asus ZenBook\/VivoBook 15\uff1b                                        Para HP                                    Compatible con HP ProBook\/Spectre x360\/Envy x360 15.6; compatible con HP Omen\/Pavilion x360 15.6;                                         Para Dell                                    Compatible con Dell XPS\/Vostro\/Latitude 15                  <\/p>\n<h3 class=\"a-text-center aplus-h1 a-text-bold\"> MOSISO Bolsa Malet\u00edn para Port\u00e1til le facilita la vida  <\/h3>\n<p>                         Add To Basket  <\/p>\n<p>                         Add To Basket  <\/p>\n<p>                         Add To Basket  <\/p>\n<p>                         Add To Basket  <\/p>\n<p>                         Add To Basket  <\/p>\n<p>                         Add To Basket  <\/p>\n<p>                                     Customer Reviews  <\/p>\n<p>                    4.7 out of 5 stars  5,290  <\/p>\n<p>                    4.1 out of 5 stars  46  <\/p>\n<p>                    4.6 out of 5 stars  3,911  <\/p>\n<p>                    4.7 out of 5 stars  379  <\/p>\n<p>                    4.8 out of 5 stars  301  <\/p>\n<p>                    4.6 out of 5 stars  86  <\/p>\n<p>                    4.4 out of 5 stars  1,452  <\/p>\n<p>                                     Compatible con   <\/p>\n<p>                                                 Port\u00e1til y Tablet     <\/p>\n<p>                                                Pro 16 M4 M3 M2 M1    <\/p>\n<p>                                                 Port\u00e1til y Tablet     <\/p>\n<p>                                                 Port\u00e1til y Tablet     <\/p>\n<p>                                                 Port\u00e1til y Tablet     <\/p>\n<p>                                                 Port\u00e1til y Tablet     <\/p>\n<p>                                                 Port\u00e1til y Tablet     <\/p>\n<p>                                     Funci\u00f3n   <\/p>\n<p>                                                Multibolsillos delanteros     <\/p>\n<p>                                                Crestas Biseladas Antichoque     <\/p>\n<p>                                                Bolsa Abierta Lateral     <\/p>\n<p>                                                Frente Quilted Trapecio Bolsas    <\/p>\n<p>                                                Rombo Acoplado Messenger Bolsa    <\/p>\n<p>                                                Mujeres Lona Tote Bolsos    <\/p>\n<p>                                                Hombro Convertible a Mochila    <\/p>\n<p>                                     Protecci\u00f3n   <\/p>\n<p>                                                Coj\u00edn interior blando    <\/p>\n<p>                                                Exquisitos pies antislip     <\/p>\n<p>                                                360 Protecci\u00f3n    <\/p>\n<p>                                                Cremalleras Doble     <\/p>\n<p>                                                Correa de Hombro Extra\u00edble     <\/p>\n<p>                                                 durable y moda    <\/p>\n<p>                                                impermeable PU mochila malet\u00edn    <\/p>\n<p>                                     Impermeable   <\/p>\n<p>                                                    \u2714       <\/p>\n<p>                                                    \u2714       <\/p>\n<p>                                                    \u2714       <\/p>\n<p>                                                    \u2714       <\/p>\n<p>                                                    \u2714       <\/p>\n<p>                                                    \u2714       <\/p>\n<p>                                                    \u2714       <\/p>\n<p>                                     Temporada   <\/p>\n<p>                                                Todos     <\/p>\n<p>                                                Todos     <\/p>\n<p>                                                Todos     <\/p>\n<p>                                                Todos     <\/p>\n<p>                                                Todos     <\/p>\n<p>                                                Todos     <\/p>\n<p>                                                Todos     <\/p>\n<p>                                     Lugares aplicables   <\/p>\n<p>                                                Trabajo, casa, viajes, etc.     <\/p>\n<p>                                                Trabajo, casa, viajes, etc.     <\/p>\n<p>                                                Trabajo, casa, viajes, etc.     <\/p>\n<p>                                                Trabajo, casa, viajes, etc.     <\/p>\n<p>                                                Trabajo, casa, viajes, etc.     <\/p>\n<p>                                                Trabajo, casa, viajes, etc.     <\/p>\n<p>                                                Trabajo, casa, viajes, etc.     <\/p>\n<p> Product Dimensions                                            \u200f                                            :                                            \u200e                                            41 x 29.01 x 2.01 cm; 450 g   <br \/> Manufacturer                                            \u200f                                            :                                            \u200e                                            Mosiso   <br \/> ASIN                                            \u200f                                            :                                            \u200e                                            B0C96NNJ86   <br \/> Manufacturer reference                                            \u200f                                            :                                            \u200e                                            MO-15-FP-SOP-BRWPUHD-FTFPKT-BT-BK   <br \/> Country of origin                                            \u200f                                            :                                            \u200e                                            China   <br \/> Department                                            \u200f                                            :                                            \u200e                                            Unisex   <br \/> Guaranteed software updates until                                            \u200f                                            :                                            \u200e                                            unknown   <br \/>  Customer reviews:                                                                                            4.7               4.7 out of 5 stars                                  (5,290)                                              var dpAcrHasRegisteredArcLinkClickAction;                    P.when(&#8216;A&#8217;, &#8216;ready&#8217;).execute(function(A) {                        if (dpAcrHasRegisteredArcLinkClickAction !== true) {                            dpAcrHasRegisteredArcLinkClickAction = true;                            A.declarative(                                &#8216;acrLink-click-metrics&#8217;, &#8216;click&#8217;,                                { \u00aballowLinkDefault\u00bb: true },                                function (event) {                                    if (window.ue) {                                        ue.count(\u00abacrLinkClickCount\u00bb, (ue.count(\u00abacrLinkClickCount\u00bb) || 0) + 1);                                    }                                }                            );                        }                    });                                             P.when(&#8216;A&#8217;, &#8216;cf&#8217;).execute(function(A) {                A.declarative(&#8216;acrStarsLink-click-metrics&#8217;, &#8216;click&#8217;, { \u00aballowLinkDefault\u00bb : true },  function(event){                    if(window.ue) {                        ue.count(\u00abacrStarsLinkWithPopoverClickCount\u00bb, (ue.count(\u00abacrStarsLinkWithPopoverClickCount\u00bb) || 0) + 1);                    }                });            });                          <\/p>\n<p>Internal dimensions: 15.36 x 10.83 x 0.79 inches \/ 39 x 27.5 x 2 cm (L x W x H); External dimensions: 16.14 x 11.42 x 0.79 inches \/ 41 x 29 x 2 cm (L x W x H). Raised left pocket dimensions: 9.65 x 6.30 inches \/ 24.5 x 16 cm (L x W). Dimensions of the raised right pocket: 21.5 x 21 cm (L x W). Horizontal pocket dimensions: 6.89 x 6.30 inches \/ 17.5 x 16 cm (L x W). Vertical pocket dimensions: 20.5 x 12.2 cm (L x W).<br \/>The main inner compartment for laptop or tablet. The 4 front zipper pockets are ideal for quick access and storage of phone, pens, wallet, keys and other small items.<br \/>Reinforced inner edge with 360 degree protection protects the laptop from accidental drops. Foam padding and fluffy fleece lining absorb shock and protect your computer from accidental scratches. Dual top-loading zippers of the bag slide smoothly and allow convenient access to your laptop.<br \/>Removable and adjustable padded shoulder strap with a shoulder pad ranging from 28.54&#8243; to a maximum of 52.56&#8243;. Extendable PU handle design makes it easy to carry your laptop comfortably, also can store the handle. Considerate design is the rear trolley luggage belt for ease of use during business trip. It is really convenient for your happy trip to anywhere.<br \/>Compatible with MacBook Pro 16 inch 2025-2019 M4 A3403 A3186 M3 A2991 M2 A2780 M1 A2485 A2141, Compatible with Surface Book 15; Compatible with ASUS ZenBook\/VivoBook Go 15.6; Compatible with Lenovo Essential IdeaPad \/IdeaPad 3 i Chromebook\/IdeaPad 1\/V15 15. 6; Compatible with Acer Aspire Go 15.6; Compatible with NIMO 15.6, Compatible with HP Victus\/ProBook\/Spectre\/Envy\/Omen\/Pavilion 15.6; Compatible with Dell Inspiron\/XPS\/Vostro\/Latitude 15.6, Compatible with other 15.6 16 inch laptops.<\/p>\n\n","protected":false},"excerpt":{"rendered":"<p> Product Description 1 Estilo Empresarial 2 F\u00e1cil de llevar 3 Look de Moda MOSISO Port\u00e1til<\/p>","protected":false},"featured_media":24497,"comment_status":"open","ping_status":"closed","template":"","meta":[],"product_brand":[],"product_cat":[84],"product_tag":[496,498,497,4236,307,3247,201,4237,1611,159,160,502,503,504,499,500,501,505,4238,3213,592,4240,163,3083,4235,3225,4239],"class_list":{"0":"post-24496","1":"product","2":"type-product","3":"status-publish","4":"has-post-thumbnail","6":"product_cat-apple-macbook","7":"product_tag-apple-macbook","8":"product_tag-apple-macbook-air","9":"product_tag-apple-macbook-pro","10":"product_tag-bag","11":"product_tag-black","12":"product_tag-briefcase","13":"product_tag-compatible","14":"product_tag-hpdelllenovo","15":"product_tag-inches","16":"product_tag-laptop","17":"product_tag-macbook","18":"product_tag-macbook-13-inch","19":"product_tag-macbook-15-inch","20":"product_tag-macbook-16-inch","21":"product_tag-macbook-m1","22":"product_tag-macbook-m2","23":"product_tag-macbook-m3","24":"product_tag-macbook-price","25":"product_tag-messenger","26":"product_tag-mosiso","27":"product_tag-open","28":"product_tag-pockets","29":"product_tag-pro","30":"product_tag-protective","31":"product_tag-shoulder","32":"product_tag-side","33":"product_tag-zipper","35":"first","36":"instock","37":"sale","38":"shipping-taxable","39":"product-type-external"},"_links":{"self":[{"href":"https:\/\/comprasyconsejos.store\/en\/wp-json\/wp\/v2\/product\/24496","targetHints":{"allow":["GET"]}}],"collection":[{"href":"https:\/\/comprasyconsejos.store\/en\/wp-json\/wp\/v2\/product"}],"about":[{"href":"https:\/\/comprasyconsejos.store\/en\/wp-json\/wp\/v2\/types\/product"}],"replies":[{"embeddable":true,"href":"https:\/\/comprasyconsejos.store\/en\/wp-json\/wp\/v2\/comments?post=24496"}],"version-history":[{"count":0,"href":"https:\/\/comprasyconsejos.store\/en\/wp-json\/wp\/v2\/product\/24496\/revisions"}],"wp:featuredmedia":[{"embeddable":true,"href":"https:\/\/comprasyconsejos.store\/en\/wp-json\/wp\/v2\/media\/24497"}],"wp:attachment":[{"href":"https:\/\/comprasyconsejos.store\/en\/wp-json\/wp\/v2\/media?parent=24496"}],"wp:term":[{"taxonomy":"product_brand","embeddable":true,"href":"https:\/\/comprasyconsejos.store\/en\/wp-json\/wp\/v2\/product_brand?post=24496"},{"taxonomy":"product_cat","embeddable":true,"href":"https:\/\/comprasyconsejos.store\/en\/wp-json\/wp\/v2\/product_cat?post=24496"},{"taxonomy":"product_tag","embeddable":true,"href":"https:\/\/comprasyconsejos.store\/en\/wp-json\/wp\/v2\/product_tag?post=24496"}],"curies":[{"name":"wp","href":"https:\/\/api.w.org\/{rel}","templated":true}]}}