{"id":24568,"date":"2026-02-19T09:19:00","date_gmt":"2026-02-19T09:19:00","guid":{"rendered":"https:\/\/comprasyconsejos.store\/product\/enfriador-de-aire-rgb-cpu-con-2-tubos-de-calor-para-lga775-1150-1151-1155-1156-1200-y-enchufes-ventilador-de-refrigeracion-eficiente-para-sistemas-de-escritorio-a400\/"},"modified":"2026-02-19T09:19:11","modified_gmt":"2026-02-19T09:19:11","slug":"enfriador-de-aire-rgb-cpu-con-2-tubos-de-calor-para-lga775-1150-1151-1155-1156-1200-y-enchufes-ventilador-de-refrigeracion-eficiente-para-sistemas-de-escritorio-a400","status":"publish","type":"product","link":"https:\/\/comprasyconsejos.store\/en\/product\/enfriador-de-aire-rgb-cpu-con-2-tubos-de-calor-para-lga775-1150-1151-1155-1156-1200-y-enchufes-ventilador-de-refrigeracion-eficiente-para-sistemas-de-escritorio-a400\/","title":{"rendered":"Enfriador de aire RGB CPU con 2 tubos de calor para LGA775 1150 1151 1155 1156 1200 y enchufes Ventilador de refrigeraci\u00f3n eficiente para sistemas de escritorio (A400)"},"content":{"rendered":"<p>Price: <span style=\"color:#b12704\">\u20ac15.77<\/span><br \/><i><small>(as of Feb 19, 2026 09:19:01 UTC &#8211; <span class=\"wp_automatic_amazon_disclaimer\" title=\"Product prices and availability are accurate as of the date\/time indicated and are subject to change. Any price and availability information displayed on [relevant Amazon Site(s), as applicable] at the time of purchase will apply to the purchase of this product.\">Details<\/span>)<\/small><\/i><\/p>\n<p><a href=\"https:\/\/amazon.es\/dp\/B0GL8YJ5Z9?tag=man008-21\"><img decoding=\"async\" src=\"https:\/\/valvepress.s3.amazonaws.com\/imgs\/buy_now.png\"><\/a><br \/>\n<br \/>\n    <span>Caracter\u00edsticas: <\/span><br \/><span>* Refrigeraci\u00f3n eficiente: este enfriador de aire de CPU est\u00e1 equipado con 2 tubos de calor, disipaci\u00f3n de calor eficiente y mantiene temperaturas \u00f3ptimas de la CPU. Di adi\u00f3s a los problemas de sobrecalentamiento y disfruta de un rendimiento suave y estable. <\/span><br \/><span>* Silencioso: el ventilador de refrigeraci\u00f3n RGB arco\u00edris incluido funciona silenciosamente, proporcionando un ambiente silencioso para tu trabajo o juegos para sesiones. No m\u00e1s ruidos que distraigan para perturbar tu concentraci\u00f3n o disfrute. <\/span><br \/><span>* Amplia compatibilidad: Dise\u00f1ado para adaptarse a LGA775, 1150, 1151, 1155, 1156 y 1200, as\u00ed como para enchufes AMD, este enfriador de CPU ofrece una compatibilidad vers\u00e1til, por lo que es adecuado para una amplia gama de sistemas de escritorio. <\/span><br \/><span>* Dise\u00f1o compacto y elegante: con un elegante color negro y un tama\u00f1o compacto de 16,6 x 13,9 x 10,3 cm, este enfriador de aire de CPU no solo ofrece un rendimiento de refrigeraci\u00f3n eficaz, sino que tambi\u00e9n a\u00f1ade un toque de estilo a la configuraci\u00f3n de su computadora. <\/span><br \/><span>* F\u00e1cil instalaci\u00f3n: El enfriador de CPU A400 es f\u00e1cil de instalar, gracias a su dise\u00f1o f\u00e1cil de usar. Sigue las instrucciones incluidas (idioma espa\u00f1ol no garantizado), y lo tendr\u00e1s listo y funcionando en poco tiempo, sin necesidad de herramientas o experiencia. <\/span><br \/><span><br \/><\/span><br \/><span>Especificaciones: <\/span><br \/><span>Nombre de la pieza: A400. <\/span><br \/><span>Material: aleaci\u00f3n. <\/span><br \/><span>Tama\u00f1o: 16,6 x 13,9 x 10,3 cm. <\/span><br \/><span>Color: negro. <\/span><br \/><span><br \/><\/span><br \/><span>Contenido del paquete: <\/span><\/p>\n<p><span>1 ventilador de CPU. <br \/><\/span><br \/> Product Dimensions                                            \u200f                                            :                                            \u200e                                            16.6 x 13.9 x 10.3 cm; 533 g   <br \/> Date First Available                                            \u200f                                            :                                            \u200e                                            4 Feb. 2026   <br \/> Manufacturer                                            \u200f                                            :                                            \u200e                                            Gettimore   <br \/> ASIN                                            \u200f                                            :                                            \u200e                                            B0GL8YJ5Z9   <br \/> Item model number                                            \u200f                                            :                                            \u200e                                            T51P623SVN98178XD7SBDG9LHO2Z2   <\/p>\n<p>Refrigeraci\u00f3n eficiente: con 2 tubos de calor, este enfriador de aire de CPU garantiza una disipaci\u00f3n eficiente del calor y mantiene temperaturas \u00f3ptimas de la CPU, eliminando problemas de sobrecalentamiento y un rendimiento suave y estable.<br \/>Funcionamiento silencioso: el ventilador de refrigeraci\u00f3n RGB arco\u00edris funciona silenciosamente, proporcionando un ambiente silencioso para el trabajo o los juegos. Disfruta de una concentraci\u00f3n enfocada o un juego inmersivo sin ning\u00fan ruido que distraiga.<br \/>Amplia compatibilidad: dise\u00f1ado para adaptarse a varios tipos de enchufes, incluyendo LGA775, 1150, 1151, 1155, 1156, 1200, y este enfriador de CPU ofrece una amplia compatibilidad, por lo que es adecuado para una amplia gama de sistemas de escritorio.<br \/>Dise\u00f1o compacto y elegante: con un elegante color negro y un tama\u00f1o compacto de 6 x 13,9 x 10,3 cm, este enfriador de aire de CPU no solo ofrece un rendimiento de refrigeraci\u00f3n eficaz, sino que tambi\u00e9n a\u00f1ade un toque de estilo a la configuraci\u00f3n de tu computadora.<br \/>F\u00e1cil instalaci\u00f3n: el enfriador de CPU A400 est\u00e1 dise\u00f1ado para una instalaci\u00f3n sin complicaciones. Siga las instrucciones y lo tendr\u00e1 listo y funcionando en poco tiempo, sin necesidad de herramientas o experiencia.<\/p>\n\n","protected":false},"excerpt":{"rendered":"<p> Caracter\u00edsticas: * Refrigeraci\u00f3n eficiente: este enfriador de aire de CPU est\u00e1 equipado con 2 tubos<\/p>","protected":false},"featured_media":24569,"comment_status":"open","ping_status":"closed","template":"","meta":[],"product_brand":[],"product_cat":[66],"product_tag":[7260,5792,2008,2010,6672,3994,598,2002,2014,1997,2016,7259,7258,7255,4303,2006,7257,3954,1999,2012,5790,885,2004,7033,7256,4204],"class_list":{"0":"post-24568","1":"product","2":"type-product","3":"status-publish","4":"has-post-thumbnail","6":"product_cat-cpu-fan","7":"product_tag-a400","8":"product_tag-aire","9":"product_tag-amd-cpu-cooler","10":"product_tag-best-cpu-fan","11":"product_tag-calor","12":"product_tag-con","13":"product_tag-cpu","14":"product_tag-cpu-air-cooler","15":"product_tag-cpu-cooling-fan","16":"product_tag-cpu-fan","17":"product_tag-cpu-fan-price","18":"product_tag-eficiente","19":"product_tag-enchufes","20":"product_tag-enfriador","21":"product_tag-escritorio","22":"product_tag-intel-cpu-fan","23":"product_tag-lga775","24":"product_tag-para","25":"product_tag-processor-fan","26":"product_tag-quiet-cpu-cooler","27":"product_tag-refrigeracion","28":"product_tag-rgb","29":"product_tag-rgb-cpu-cooler","30":"product_tag-sistemas","31":"product_tag-tubos","32":"product_tag-ventilador","34":"first","35":"instock","36":"shipping-taxable","37":"product-type-external"},"_links":{"self":[{"href":"https:\/\/comprasyconsejos.store\/en\/wp-json\/wp\/v2\/product\/24568","targetHints":{"allow":["GET"]}}],"collection":[{"href":"https:\/\/comprasyconsejos.store\/en\/wp-json\/wp\/v2\/product"}],"about":[{"href":"https:\/\/comprasyconsejos.store\/en\/wp-json\/wp\/v2\/types\/product"}],"replies":[{"embeddable":true,"href":"https:\/\/comprasyconsejos.store\/en\/wp-json\/wp\/v2\/comments?post=24568"}],"version-history":[{"count":0,"href":"https:\/\/comprasyconsejos.store\/en\/wp-json\/wp\/v2\/product\/24568\/revisions"}],"wp:featuredmedia":[{"embeddable":true,"href":"https:\/\/comprasyconsejos.store\/en\/wp-json\/wp\/v2\/media\/24569"}],"wp:attachment":[{"href":"https:\/\/comprasyconsejos.store\/en\/wp-json\/wp\/v2\/media?parent=24568"}],"wp:term":[{"taxonomy":"product_brand","embeddable":true,"href":"https:\/\/comprasyconsejos.store\/en\/wp-json\/wp\/v2\/product_brand?post=24568"},{"taxonomy":"product_cat","embeddable":true,"href":"https:\/\/comprasyconsejos.store\/en\/wp-json\/wp\/v2\/product_cat?post=24568"},{"taxonomy":"product_tag","embeddable":true,"href":"https:\/\/comprasyconsejos.store\/en\/wp-json\/wp\/v2\/product_tag?post=24568"}],"curies":[{"name":"wp","href":"https:\/\/api.w.org\/{rel}","templated":true}]}}