{"id":24579,"date":"2026-02-19T09:20:24","date_gmt":"2026-02-19T09:20:24","guid":{"rendered":"https:\/\/comprasyconsejos.store\/product\/jjc-35mm-film-negative-scanner-film-digitization-adapter-with-led-light-set-support-slides-and-films-for-negative-copy-scanner-accessories\/"},"modified":"2026-02-19T09:20:32","modified_gmt":"2026-02-19T09:20:32","slug":"jjc-35mm-film-negative-scanner-film-digitization-adapter-with-led-light-set-support-slides-and-films-for-negative-copy-scanner-accessories","status":"publish","type":"product","link":"https:\/\/comprasyconsejos.store\/en\/product\/jjc-35mm-film-negative-scanner-film-digitization-adapter-with-led-light-set-support-slides-and-films-for-negative-copy-scanner-accessories\/","title":{"rendered":"JJC 35mm Film Negative Scanner, Film Digitization Adapter with LED Light Set, Support Slides and Films for Negative Copy. Scanner Accessories"},"content":{"rendered":"<p>Price: <span style=\"color:#b12704\">\u20ac103.99<\/span><br \/><i><small>(as of Feb 19, 2026 09:20:24 UTC &#8211; <span class=\"wp_automatic_amazon_disclaimer\" title=\"Product prices and availability are accurate as of the date\/time indicated and are subject to change. Any price and availability information displayed on [relevant Amazon Site(s), as applicable] at the time of purchase will apply to the purchase of this product.\">Details<\/span>)<\/small><\/i><\/p>\n<p><a href=\"https:\/\/amazon.es\/dp\/B09V19VQYM?tag=man008-21\"><img decoding=\"async\" src=\"https:\/\/valvepress.s3.amazonaws.com\/imgs\/buy_now.png\"><\/a><br \/>\n<\/p>\n<p>                                             From the brand   <\/p>\n<p>                                              <img decoding=\"async\" alt=\"aplus content image\" src=\"https:\/\/images-na.ssl-images-amazon.com\/images\/G\/01\/x-locale\/common\/grey-pixel.gif\" class=\"a-lazy-loaded\" data-src=\"https:\/\/m.media-amazon.com\/images\/S\/aplus-media-library-service-media\/aa2f5169-7e2d-4c7c-8c21-ba9ce071db07.__CR0,0,1464,625_PT0_SX1464_V1___.jpg\"><img decoding=\"async\" alt=\"aplus content image\" src=\"https:\/\/m.media-amazon.com\/images\/S\/aplus-media-library-service-media\/aa2f5169-7e2d-4c7c-8c21-ba9ce071db07.__CR0,0,1464,625_PT0_SX1464_V1___.jpg\">  <\/p>\n<h3> !!! Parasol universal objetivo <\/h3>\n<h3> !!! Leica D-Lux8 Accesorios  <\/h3>\n<h3> !!! Leica Q3, Q343 Accesorios <\/h3>\n<p>                                              <img decoding=\"async\" alt=\"\" src=\"https:\/\/images-na.ssl-images-amazon.com\/images\/G\/01\/x-locale\/common\/grey-pixel.gif\" class=\"a-lazy-loaded\" data-src=\"https:\/\/m.media-amazon.com\/images\/S\/aplus-media-library-service-media\/da272aec-d090-42aa-9d10-9c06a595e04b.__CR0,0,362,453_PT0_SX362_V1___.jpg\"><img decoding=\"async\" alt=\"\" src=\"https:\/\/m.media-amazon.com\/images\/S\/aplus-media-library-service-media\/da272aec-d090-42aa-9d10-9c06a595e04b.__CR0,0,362,453_PT0_SX362_V1___.jpg\">  <\/p>\n<h3> Protector de pantalla LCD <\/h3>\n<p>                                              <img decoding=\"async\" alt=\"\" src=\"https:\/\/images-na.ssl-images-amazon.com\/images\/G\/01\/x-locale\/common\/grey-pixel.gif\" class=\"a-lazy-loaded\" data-src=\"https:\/\/m.media-amazon.com\/images\/S\/aplus-media-library-service-media\/cd2f7079-0f21-48d7-98dd-d800d5c7f5f1.__CR0,0,362,453_PT0_SX362_V1___.jpg\"><img decoding=\"async\" alt=\"\" src=\"https:\/\/m.media-amazon.com\/images\/S\/aplus-media-library-service-media\/cd2f7079-0f21-48d7-98dd-d800d5c7f5f1.__CR0,0,362,453_PT0_SX362_V1___.jpg\">  <\/p>\n<h3> Estuche para tarjetas memoria <\/h3>\n<h3> Estuche para tarjetas memoria <\/h3>\n<p>                                              <img decoding=\"async\" alt=\"\" src=\"https:\/\/images-na.ssl-images-amazon.com\/images\/G\/01\/x-locale\/common\/grey-pixel.gif\" class=\"a-lazy-loaded\" data-src=\"https:\/\/m.media-amazon.com\/images\/S\/aplus-media-library-service-media\/0a2dad07-a209-468e-8a5a-53f982ca4b80.__CR0,0,362,453_PT0_SX362_V1___.jpg\"><img decoding=\"async\" alt=\"\" src=\"https:\/\/m.media-amazon.com\/images\/S\/aplus-media-library-service-media\/0a2dad07-a209-468e-8a5a-53f982ca4b80.__CR0,0,362,453_PT0_SX362_V1___.jpg\">  <\/p>\n<h3> Remake de pel\u00edcula <\/h3>\n<h3> Accesorios para pel\u00edculas <\/h3>\n<p>                                              <img decoding=\"async\" alt=\"\" src=\"https:\/\/images-na.ssl-images-amazon.com\/images\/G\/01\/x-locale\/common\/grey-pixel.gif\" class=\"a-lazy-loaded\" data-src=\"https:\/\/m.media-amazon.com\/images\/S\/aplus-media-library-service-media\/c7bacf56-058c-4405-9484-40bef94bc620.__CR0,0,362,453_PT0_SX362_V1___.jpg\"><img decoding=\"async\" alt=\"\" src=\"https:\/\/m.media-amazon.com\/images\/S\/aplus-media-library-service-media\/c7bacf56-058c-4405-9484-40bef94bc620.__CR0,0,362,453_PT0_SX362_V1___.jpg\">  <\/p>\n<h3> Estuche para c\u00e1mara <\/h3>\n<p>                                              <img decoding=\"async\" alt=\"\" src=\"https:\/\/images-na.ssl-images-amazon.com\/images\/G\/01\/x-locale\/common\/grey-pixel.gif\" class=\"a-lazy-loaded\" data-src=\"https:\/\/m.media-amazon.com\/images\/S\/aplus-media-library-service-media\/615aa3d8-c715-4512-be95-c2cafc1b6320.__CR0,0,362,453_PT0_SX362_V1___.jpg\"><img decoding=\"async\" alt=\"\" src=\"https:\/\/m.media-amazon.com\/images\/S\/aplus-media-library-service-media\/615aa3d8-c715-4512-be95-c2cafc1b6320.__CR0,0,362,453_PT0_SX362_V1___.jpg\">  <\/p>\n<h3> Accesorios para tel\u00e9fonos <\/h3>\n<h3> Estuche para c\u00e1mara objetivos <\/h3>\n<h3> Accesorios para tel\u00e9fonos <\/h3>\n<p>                                              <img decoding=\"async\" alt=\"\" src=\"https:\/\/images-na.ssl-images-amazon.com\/images\/G\/01\/x-locale\/common\/grey-pixel.gif\" class=\"a-lazy-loaded\" data-src=\"https:\/\/m.media-amazon.com\/images\/S\/aplus-media-library-service-media\/ac7e5cd0-6071-4f2a-98bf-7dc480b18afd.__CR0,0,362,453_PT0_SX362_V1___.jpg\"><img decoding=\"async\" alt=\"\" src=\"https:\/\/m.media-amazon.com\/images\/S\/aplus-media-library-service-media\/ac7e5cd0-6071-4f2a-98bf-7dc480b18afd.__CR0,0,362,453_PT0_SX362_V1___.jpg\">  <\/p>\n<h3> Herramientas de limpieza <\/h3>\n<h3> Accesorios de limpieza <\/h3>\n<p>                                              <img decoding=\"async\" alt=\"\" src=\"https:\/\/images-na.ssl-images-amazon.com\/images\/G\/01\/x-locale\/common\/grey-pixel.gif\" class=\"a-lazy-loaded\" data-src=\"https:\/\/m.media-amazon.com\/images\/S\/aplus-media-library-service-media\/384c0f5b-8171-4062-a5dc-66b20b633b71.__CR0,0,315,145_PT0_SX315_V1___.jpg\"><img decoding=\"async\" alt=\"\" src=\"https:\/\/m.media-amazon.com\/images\/S\/aplus-media-library-service-media\/384c0f5b-8171-4062-a5dc-66b20b633b71.__CR0,0,315,145_PT0_SX315_V1___.jpg\">  <\/p>\n<p> Fundada en 2005, JJC se dedica principalmente a la investigaci\u00f3n y el desarrollo, la fabricaci\u00f3n y equipos y accesorios profesionales para fotograf\u00eda. <\/p>\n<p> JJC se mantiene siempre a la vanguardia de la tecnolog\u00eda y se esfuerza por estar a la cabeza del sector de los equipos fotogr\u00e1ficos y desarrollar los productos m\u00e1s novedosos para satisfacer las necesidades de los consumidores. <\/p>\n<p> Package Dimensions                                            \u200f                                            :                                            \u200e                                            34.4 x 18.5 x 8.7 cm; 620 g   <br \/> Manufacturer                                            \u200f                                            :                                            \u200e                                            JJC   <br \/> ASIN                                            \u200f                                            :                                            \u200e                                            B09V19VQYM   <br \/> Country of origin                                            \u200f                                            :                                            \u200e                                            China   <br \/>  Customer reviews:                                                                                            4.1               4.1 out of 5 stars                                  (132)                                              var dpAcrHasRegisteredArcLinkClickAction;                    P.when(&#8216;A&#8217;, &#8216;ready&#8217;).execute(function(A) {                        if (dpAcrHasRegisteredArcLinkClickAction !== true) {                            dpAcrHasRegisteredArcLinkClickAction = true;                            A.declarative(                                &#8216;acrLink-click-metrics&#8217;, &#8216;click&#8217;,                                { \u00aballowLinkDefault\u00bb: true },                                function (event) {                                    if (window.ue) {                                        ue.count(\u00abacrLinkClickCount\u00bb, (ue.count(\u00abacrLinkClickCount\u00bb) || 0) + 1);                                    }                                }                            );                        }                    });                                             P.when(&#8216;A&#8217;, &#8216;cf&#8217;).execute(function(A) {                A.declarative(&#8216;acrStarsLink-click-metrics&#8217;, &#8216;click&#8217;, { \u00aballowLinkDefault\u00bb : true },  function(event){                    if(window.ue) {                        ue.count(\u00abacrStarsLinkWithPopoverClickCount\u00bb, (ue.count(\u00abacrStarsLinkWithPopoverClickCount\u00bb) || 0) + 1);                    }                });            });                          <\/p>\n<p>\u3010Complete Accessories\u3011The slide scanner set includes 1 barrel, 8 adapters, 1 35mm film holder (holder for negative), 1 35mm slide holder (support for positive), 1 LED light with 42 beads and photos. Works independently, without computer or other camera accessories. Film scanner required.<br \/>\u3010Slide and Negative Protection\u3011With a strip film holder that can hold 6x35mm films and a sliding mounting bracket that can hold 2x35mm films.The bracket is equipped with a locking system and a sliding device to protect the film.<br \/>\u30106500K 10-Level LED Light\u3011 Super bright LED light with soft screen provides 10 adjustable levels Large display area Ultra-bright daylight LED lighting to render images with vivid and crystal clear detail. The length of the control line is 1.5m, you can control the light switch at will.<br \/>\u3010Multi-directional shooting\u3011With the included adapter ring and lens cylinder, you can freely choose to place the film in front of the target or place it on a flat surface or on a tripod. The bracket on the back is designed to use on a flat surface, the 1\/4&#8243;-20 female thread at the bottom is designed to be mounted on a tripod or stand.<br \/>\u3010EASY SHOOTING\u3011 When shooting, place the mount on the bayonet of the film light bracket and slide the mount to complete several shots without adjustments. In the case of uninterrupted power, turning the LED light on and off will inherit the previous brightness level. When it is first turned on and reused after a power outage, it will have 10 preset brightness levels. Pay attention to protect your eyes and avoid direct exposure.<\/p>\n\n","protected":false},"excerpt":{"rendered":"<p> From the brand !!! Parasol universal objetivo !!! Leica D-Lux8 Accesorios !!! Leica Q3, Q343<\/p>","protected":false},"featured_media":24580,"comment_status":"open","ping_status":"closed","template":"","meta":[],"product_brand":[],"product_cat":[60],"product_tag":[5511,2681,144,1990,3476,7261,1982,1989,2804,7262,1983,1986,2742,428,248,6458,1987,1984,1985,840,1991,1265,6457,1098,1988],"class_list":{"0":"post-24579","1":"product","2":"type-product","3":"status-publish","4":"has-post-thumbnail","6":"product_cat-scanners","7":"product_tag-35mm","8":"product_tag-accessories","9":"product_tag-adapter","10":"product_tag-best-scanner","11":"product_tag-copy","12":"product_tag-digitization","13":"product_tag-document-scanner","14":"product_tag-fast-document-scanner","15":"product_tag-film","16":"product_tag-films","17":"product_tag-flatbed-scanner","18":"product_tag-high-resolution-scanner","19":"product_tag-jjc","20":"product_tag-led","21":"product_tag-light","22":"product_tag-negative","23":"product_tag-office-scanner","24":"product_tag-photo-scanner","25":"product_tag-portable-scanner","26":"product_tag-scanner","27":"product_tag-scanner-price","28":"product_tag-set","29":"product_tag-slides","30":"product_tag-support","31":"product_tag-usb-scanner","33":"first","34":"instock","35":"shipping-taxable","36":"product-type-external"},"_links":{"self":[{"href":"https:\/\/comprasyconsejos.store\/en\/wp-json\/wp\/v2\/product\/24579","targetHints":{"allow":["GET"]}}],"collection":[{"href":"https:\/\/comprasyconsejos.store\/en\/wp-json\/wp\/v2\/product"}],"about":[{"href":"https:\/\/comprasyconsejos.store\/en\/wp-json\/wp\/v2\/types\/product"}],"replies":[{"embeddable":true,"href":"https:\/\/comprasyconsejos.store\/en\/wp-json\/wp\/v2\/comments?post=24579"}],"version-history":[{"count":0,"href":"https:\/\/comprasyconsejos.store\/en\/wp-json\/wp\/v2\/product\/24579\/revisions"}],"wp:featuredmedia":[{"embeddable":true,"href":"https:\/\/comprasyconsejos.store\/en\/wp-json\/wp\/v2\/media\/24580"}],"wp:attachment":[{"href":"https:\/\/comprasyconsejos.store\/en\/wp-json\/wp\/v2\/media?parent=24579"}],"wp:term":[{"taxonomy":"product_brand","embeddable":true,"href":"https:\/\/comprasyconsejos.store\/en\/wp-json\/wp\/v2\/product_brand?post=24579"},{"taxonomy":"product_cat","embeddable":true,"href":"https:\/\/comprasyconsejos.store\/en\/wp-json\/wp\/v2\/product_cat?post=24579"},{"taxonomy":"product_tag","embeddable":true,"href":"https:\/\/comprasyconsejos.store\/en\/wp-json\/wp\/v2\/product_tag?post=24579"}],"curies":[{"name":"wp","href":"https:\/\/api.w.org\/{rel}","templated":true}]}}