{"id":24594,"date":"2026-02-19T09:22:44","date_gmt":"2026-02-19T09:22:44","guid":{"rendered":"https:\/\/comprasyconsejos.store\/product\/hp-officejet-250-mobile-aio-multifunction-portable-printer-ink-prints-scans-copy-usb-2-0-wi-fi-direct-hp-smart-app-black\/"},"modified":"2026-02-19T09:22:45","modified_gmt":"2026-02-19T09:22:45","slug":"hp-officejet-250-mobile-aio-multifunction-portable-printer-ink-prints-scans-copy-usb-2-0-wi-fi-direct-hp-smart-app-black","status":"publish","type":"product","link":"https:\/\/comprasyconsejos.store\/en\/product\/hp-officejet-250-mobile-aio-multifunction-portable-printer-ink-prints-scans-copy-usb-2-0-wi-fi-direct-hp-smart-app-black\/","title":{"rendered":"HP OfficeJet 250 Mobile AiO \u2013 Multifunction Portable Printer Ink, Prints, Scans, Copy, USB 2.0, Wi-Fi Direct, HP Smart App, Black"},"content":{"rendered":"<p>Price: <span style=\"color:#b12704\">\u20ac284.26<\/span><br \/><i><small>(as of Feb 19, 2026 09:22:44 UTC &#8211; <span class=\"wp_automatic_amazon_disclaimer\" title=\"Product prices and availability are accurate as of the date\/time indicated and are subject to change. Any price and availability information displayed on [relevant Amazon Site(s), as applicable] at the time of purchase will apply to the purchase of this product.\">Details<\/span>)<\/small><\/i><\/p>\n<p><a href=\"https:\/\/amazon.es\/dp\/B01IQS8UHC?tag=man008-21\"><img decoding=\"async\" src=\"https:\/\/valvepress.s3.amazonaws.com\/imgs\/buy_now.png\"><\/a><br \/>\n<\/p>\n<p>                                             From the brand   <\/p>\n<p>                                              <img decoding=\"async\" alt=\"Crear configuraci\u00f3n ganadora de Ypur\" src=\"https:\/\/images-na.ssl-images-amazon.com\/images\/G\/01\/x-locale\/common\/grey-pixel.gif\" class=\"a-lazy-loaded\" data-src=\"https:\/\/m.media-amazon.com\/images\/S\/aplus-media-library-service-media\/104075e2-b9c8-4a82-923f-b4a025feed2b.__CR0,0,2928,1250_PT0_SX1464_V1___.jpg\"><img decoding=\"async\" alt=\"Crear configuraci\u00f3n ganadora de Ypur\" src=\"https:\/\/m.media-amazon.com\/images\/S\/aplus-media-library-service-media\/104075e2-b9c8-4a82-923f-b4a025feed2b.__CR0,0,2928,1250_PT0_SX1464_V1___.jpg\">  <\/p>\n<h3> Descubre m\u00e1s <\/h3>\n<p class=\"apm-brand-story-stores-link\">\n<h3> Descubre m\u00e1s <\/h3>\n<p class=\"apm-brand-story-stores-link\">\n<h3>  Descubre m\u00e1s <\/h3>\n<p class=\"apm-brand-story-stores-link\">\n<h3> Descubre m\u00e1s <\/h3>\n<p class=\"apm-brand-story-stores-link\">\n<h3> Descubre m\u00e1s <\/h3>\n<p class=\"apm-brand-story-stores-link\">\n<p> Batteries                                            \u200f                                            :                                            \u200e                                            1 AA batteries required. (included)   <br \/> Is discontinued by manufacturer                                            \u200f                                            :                                            \u200e                                            No   <br \/> Language                                            \u200f                                            :                                            \u200e                                            English   <br \/> Product Dimensions                                            \u200f                                            :                                            \u200e                                            2.05 x 0.51 x 0.94 cm; 3.06 kg   <br \/> Manufacturer                                            \u200f                                            :                                            \u200e                                            HP   <br \/> ASIN                                            \u200f                                            :                                            \u200e                                            B01IQS8UHC   <br \/> Item model number                                            \u200f                                            :                                            \u200e                                            OfficeJet 250   <br \/> Guaranteed software updates until                                            \u200f                                            :                                            \u200e                                            13 April 2030   <br \/>  Customer reviews:                                                                                            4.3               4.3 out of 5 stars                                  (3,801)                                              var dpAcrHasRegisteredArcLinkClickAction;                    P.when(&#8216;A&#8217;, &#8216;ready&#8217;).execute(function(A) {                        if (dpAcrHasRegisteredArcLinkClickAction !== true) {                            dpAcrHasRegisteredArcLinkClickAction = true;                            A.declarative(                                &#8216;acrLink-click-metrics&#8217;, &#8216;click&#8217;,                                { \u00aballowLinkDefault\u00bb: true },                                function (event) {                                    if (window.ue) {                                        ue.count(\u00abacrLinkClickCount\u00bb, (ue.count(\u00abacrLinkClickCount\u00bb) || 0) + 1);                                    }                                }                            );                        }                    });                                             P.when(&#8216;A&#8217;, &#8216;cf&#8217;).execute(function(A) {                A.declarative(&#8216;acrStarsLink-click-metrics&#8217;, &#8216;click&#8217;, { \u00aballowLinkDefault\u00bb : true },  function(event){                    if(window.ue) {                        ue.count(\u00abacrStarsLinkWithPopoverClickCount\u00bb, (ue.count(\u00abacrStarsLinkWithPopoverClickCount\u00bb) || 0) + 1);                    }                });            });                          <\/p>\n<p>Print, copy and scan with maximum print speeds up to 20 ppm black and 19 ppm colour<br \/>The printer features a 50-sheet input tray; automatic document feeder; plus a flatbed scanner<br \/>Wireless and standard connectivity with USB 2.0 port; Wi-Fi Direct; Bluetooth<br \/>Get up and running quickly with simple setup that guides you step by step from the HP Smart app, plus easily manage tasks, share your documents and copy with ease, all from your mobile phone<br \/>This printer is compatible with the original ink cartridges: HP 62 black and tricolor; HP 62XL high capacity black and tri-color<br \/>Printer with dynamic security enabled. Dynamically safe equipped printers are designed to work only with cartridges with new or reused HP chips or electronic circuits. Printers use dynamic security measures to block cartridges that have non-HP or modified chips or electronic circuits<\/p>\n\n","protected":false},"excerpt":{"rendered":"<p> From the brand Descubre m\u00e1s Descubre m\u00e1s Descubre m\u00e1s Descubre m\u00e1s Descubre m\u00e1s Batteries \u200f<\/p>","protected":false},"featured_media":24595,"comment_status":"open","ping_status":"closed","template":"","meta":[],"product_brand":[],"product_cat":[57],"product_tag":[3683,2224,2140,307,2134,2126,3476,1125,2129,1980,1953,2145,2142,1275,2189,2143,3853,2132,290,1962,2190,4178,1593,133,543,2136],"class_list":{"0":"post-24594","1":"product","2":"type-product","3":"status-publish","4":"has-post-thumbnail","6":"product_cat-inkjet-printers","7":"product_tag-aio","8":"product_tag-app","9":"product_tag-best-inkjet-printer","10":"product_tag-black","11":"product_tag-cheap-inkjet-printer","12":"product_tag-color-inkjet-printer","13":"product_tag-copy","14":"product_tag-direct","15":"product_tag-home-inkjet-printer","16":"product_tag-ink","17":"product_tag-ink-tank-printer","18":"product_tag-inkjet-printer","19":"product_tag-inkjet-printer-price","20":"product_tag-mobile","21":"product_tag-multifunction","22":"product_tag-office-inkjet-printer","23":"product_tag-officejet","24":"product_tag-photo-inkjet-printer","25":"product_tag-portable","26":"product_tag-printer","27":"product_tag-prints","28":"product_tag-scans","29":"product_tag-smart","30":"product_tag-usb","31":"product_tag-wifi","32":"product_tag-wireless-inkjet-printer","34":"first","35":"instock","36":"shipping-taxable","37":"product-type-external"},"_links":{"self":[{"href":"https:\/\/comprasyconsejos.store\/en\/wp-json\/wp\/v2\/product\/24594","targetHints":{"allow":["GET"]}}],"collection":[{"href":"https:\/\/comprasyconsejos.store\/en\/wp-json\/wp\/v2\/product"}],"about":[{"href":"https:\/\/comprasyconsejos.store\/en\/wp-json\/wp\/v2\/types\/product"}],"replies":[{"embeddable":true,"href":"https:\/\/comprasyconsejos.store\/en\/wp-json\/wp\/v2\/comments?post=24594"}],"version-history":[{"count":0,"href":"https:\/\/comprasyconsejos.store\/en\/wp-json\/wp\/v2\/product\/24594\/revisions"}],"wp:featuredmedia":[{"embeddable":true,"href":"https:\/\/comprasyconsejos.store\/en\/wp-json\/wp\/v2\/media\/24595"}],"wp:attachment":[{"href":"https:\/\/comprasyconsejos.store\/en\/wp-json\/wp\/v2\/media?parent=24594"}],"wp:term":[{"taxonomy":"product_brand","embeddable":true,"href":"https:\/\/comprasyconsejos.store\/en\/wp-json\/wp\/v2\/product_brand?post=24594"},{"taxonomy":"product_cat","embeddable":true,"href":"https:\/\/comprasyconsejos.store\/en\/wp-json\/wp\/v2\/product_cat?post=24594"},{"taxonomy":"product_tag","embeddable":true,"href":"https:\/\/comprasyconsejos.store\/en\/wp-json\/wp\/v2\/product_tag?post=24594"}],"curies":[{"name":"wp","href":"https:\/\/api.w.org\/{rel}","templated":true}]}}