{"id":24606,"date":"2026-02-19T09:25:48","date_gmt":"2026-02-19T09:25:48","guid":{"rendered":"https:\/\/comprasyconsejos.store\/product\/samsung-27-odyssey-oled-g6-gaming-monitor-2560-x-1440-qhd-169-240hz-0-03msgtg-glare-free-burn-in-safeguard-g-sync-compatible-ls27dg612suxen\/"},"modified":"2026-02-19T09:25:52","modified_gmt":"2026-02-19T09:25:52","slug":"samsung-27-odyssey-oled-g6-gaming-monitor-2560-x-1440-qhd-169-240hz-0-03msgtg-glare-free-burn-in-safeguard-g-sync-compatible-ls27dg612suxen","status":"publish","type":"product","link":"https:\/\/comprasyconsejos.store\/en\/product\/samsung-27-odyssey-oled-g6-gaming-monitor-2560-x-1440-qhd-169-240hz-0-03msgtg-glare-free-burn-in-safeguard-g-sync-compatible-ls27dg612suxen\/","title":{"rendered":"Samsung 27&#8243; Odyssey OLED G6 Gaming Monitor 2,560 x 1,440, QHD, 16:9, 240Hz, 0.03ms(GTG), Glare Free, Burn-in Safeguard, G-Sync Compatible, LS27DG612SUXEN"},"content":{"rendered":"<p>Price: <span style=\"color:#b12704\"><del>\u20ac689.00<\/del> - \u20ac519.00<\/span><br \/><i><small>(as of Feb 19, 2026 09:25:49 UTC &#8211; <span class=\"wp_automatic_amazon_disclaimer\" title=\"Product prices and availability are accurate as of the date\/time indicated and are subject to change. Any price and availability information displayed on [relevant Amazon Site(s), as applicable] at the time of purchase will apply to the purchase of this product.\">Details<\/span>)<\/small><\/i><\/p>\n<p><a href=\"https:\/\/amazon.es\/dp\/B0DPJBQZ26?tag=man008-21\"><img decoding=\"async\" src=\"https:\/\/valvepress.s3.amazonaws.com\/imgs\/buy_now.png\"><\/a><br \/>\n<\/p>\n<p>                                             From the manufacturer   <\/p>\n<p>                                                                                                                                                                                                                                                       OLED en QHD    <\/p>\n<p class=\"aplus-p2\"> Samsung OLED ofrece un brillo \u00f3ptimo y una amplia gama de colores en cada escena, lo que asegura detalles vivos e im\u00e1genes brillantes. Con una resoluci\u00f3n QHD que proporciona 1,7 veces la densidad de p\u00edxeles del Full HD, las im\u00e1genes son incre\u00edblemente n\u00edtidas y detalladas, lo que hace que cada momento cobre vida. <\/p>\n<p>                                            <img decoding=\"async\" alt=\"El texto dice \u00abQD OLED\u00bb. Serie de espectaculares im\u00e1genes de paisajes y espacios que se muestran en lo que parece ser una demostraci\u00f3n en pantalla de alto contraste.\" src=\"https:\/\/m.media-amazon.com\/images\/S\/aplus-media-library-service-media\/a2842a36-15ee-4529-bf36-0d4f62ccdb8e.__CR0,0,800,600_PT0_SX800_V1___.jpg\">                                                                                                  Niveles profundos de negro    <\/p>\n<p class=\"aplus-p2\"> Descubre todos los secretos con una expresi\u00f3n infinita. Disfruta de colores negros y oscuros reales en la pantalla sin sangrado de p\u00edxeles para obtener una expresi\u00f3n \u00f3ptima del color y la profundidad en todos los juegos. <\/p>\n<p>                                            <img decoding=\"async\" alt=\"aplus content image\" src=\"https:\/\/m.media-amazon.com\/images\/S\/aplus-media-library-service-media\/7b5566f9-847b-4950-af3d-a2bff41a8a65.__CR0,0,800,600_PT0_SX800_V1___.jpg\">                                                                                                  OLED Glare Free    <\/p>\n<p class=\"aplus-p2\"> La pantalla OLED ofrece una experiencia \u00f3ptima de negro y color sin distracciones gracias a la tecnolog\u00eda Glare Free, que reduce significativamente el deslumbramiento de las fuentes de luz externas. Con una pantalla un 54 % menos brillante que la pel\u00edcula antirreflectante convencional, podr\u00e1s ver todos los entornos del juego y adelantarte a tus enemigos.\u00b9 <\/p>\n<p>                                            <img decoding=\"async\" alt=\"aplus content image\" src=\"https:\/\/m.media-amazon.com\/images\/S\/aplus-media-library-service-media\/43694824-8790-411f-bccb-4a674e533389.__CR0,0,800,600_PT0_SX800_V1___.jpg\">                                                                                                  Sistema de Refrigeraci\u00f3n Din\u00e1mico    <\/p>\n<p class=\"aplus-p2\"> Por primera vez se ha aplicado la tecnolog\u00eda Pulsating Heat Pipe en un monitor para evitar el quemado de la pantalla. El sistema Dynamic Cooling System evapora y condensa un refrigerante para difundir el calor cinco veces mejor que el antiguo m\u00e9todo de l\u00e1minas de grafito, lo que reduce la temperatura en el n\u00facleo.\u00b2 <\/p>\n<p>                                            <img decoding=\"async\" alt=\"aplus content image\" src=\"https:\/\/m.media-amazon.com\/images\/S\/aplus-media-library-service-media\/0ce73899-3a4f-476e-99ac-7eae8acff909.__CR0,0,800,600_PT0_SX800_V1___.jpg\">                                               <\/p>\n<p>                                                                     Tasa de Refresco de 240Hz y Tiempo de Respuesta de 0.03ms                                            <img decoding=\"async\" alt=\"aplus content image\" src=\"https:\/\/images-na.ssl-images-amazon.com\/images\/G\/01\/x-locale\/common\/grey-pixel.gif\" class=\"a-lazy-loaded\" data-src=\"https:\/\/m.media-amazon.com\/images\/S\/aplus-media-library-service-media\/418be845-75bf-46dd-8e2e-21eff861cc83.__CR0,0,1464,600_PT0_SX1464_V1___.jpg\"><img decoding=\"async\" alt=\"aplus content image\" src=\"https:\/\/m.media-amazon.com\/images\/S\/aplus-media-library-service-media\/418be845-75bf-46dd-8e2e-21eff861cc83.__CR0,0,1464,600_PT0_SX1464_V1___.jpg\">                                         <\/p>\n<p class=\"aplus-description aplus-container-3 aplus-p1\"> La tecnolog\u00eda OLED ofrece un tiempo de reacci\u00f3n casi instant\u00e1neo con un tiempo de respuesta de 0,03 ms (GtG). Las conexiones HDMI 2.1 y DisplayPort te mantienen por delante con una frecuencia de actualizaci\u00f3n de 240 Hz. Los milisegundos cuentan cuando te enfrentas a los mejores.\u00b3 \u2074 <\/p>\n<p>                                                                                              <img decoding=\"async\" alt=\"aplus content image\" src=\"https:\/\/images-na.ssl-images-amazon.com\/images\/G\/01\/x-locale\/common\/grey-pixel.gif\" class=\"a-lazy-loaded\" data-src=\"https:\/\/m.media-amazon.com\/images\/S\/aplus-media-library-service-media\/98d6e1e6-f16b-415c-ad01-266466f3cdb2.__CR0,0,650,350_PT0_SX650_V1___.jpg\"><img decoding=\"async\" alt=\"aplus content image\" src=\"https:\/\/m.media-amazon.com\/images\/S\/aplus-media-library-service-media\/98d6e1e6-f16b-415c-ad01-266466f3cdb2.__CR0,0,650,350_PT0_SX650_V1___.jpg\">                                            Compatible con G-Sync                                         <\/p>\n<p class=\"aplus-p3\"> La compatibilidad con G-Sync sincroniza la GPU y el panel para reducir los cortes, el retraso de la pantalla y el desgarro de la imagen. Junto con AMD FreeSync Premium Pro, crea escenas ultra fluidas que te permiten jugar con una ventaja competitiva.\u2075 \u2076 <\/p>\n<p>                                           <img decoding=\"async\" alt=\"aplus content image\" src=\"https:\/\/images-na.ssl-images-amazon.com\/images\/G\/01\/x-locale\/common\/grey-pixel.gif\" class=\"a-lazy-loaded\" data-src=\"https:\/\/m.media-amazon.com\/images\/S\/aplus-media-library-service-media\/5ce357d6-0f46-4b1e-8953-c5d33739473a.__CR0,0,650,350_PT0_SX650_V1___.jpg\"><img decoding=\"async\" alt=\"aplus content image\" src=\"https:\/\/m.media-amazon.com\/images\/S\/aplus-media-library-service-media\/5ce357d6-0f46-4b1e-8953-c5d33739473a.__CR0,0,650,350_PT0_SX650_V1___.jpg\">                                            Peana ergon\u00f3mica                                         <\/p>\n<p class=\"aplus-p3\"> Alcanza la cima del \u00e9xito. Gira, inclina y ajusta tu monitor hasta que todos los enemigos est\u00e9n a la vista. Tu pantalla se puede mover libremente para que disfrutes de una comodidad total mientras juegas. <\/p>\n<p>                                                                     Impresionante en cualquier espacio                                            <img decoding=\"async\" alt=\"aplus content image\" src=\"https:\/\/images-na.ssl-images-amazon.com\/images\/G\/01\/x-locale\/common\/grey-pixel.gif\" class=\"a-lazy-loaded\" data-src=\"https:\/\/m.media-amazon.com\/images\/S\/aplus-media-library-service-media\/f64f779b-da64-4d16-9d6f-86b2709c9660.__CR0,0,1464,600_PT0_SX1464_V1___.jpg\"><img decoding=\"async\" alt=\"aplus content image\" src=\"https:\/\/m.media-amazon.com\/images\/S\/aplus-media-library-service-media\/f64f779b-da64-4d16-9d6f-86b2709c9660.__CR0,0,1464,600_PT0_SX1464_V1___.jpg\">                                         <\/p>\n<p class=\"aplus-description aplus-container-3 aplus-p1\"> Mejora tu estaci\u00f3n de juegos con un dise\u00f1o n\u00edtido. Con un acabado met\u00e1lico moderno y de calidad, el dise\u00f1o de Odyssey OLED se adaptar\u00e1 a tu sentido del estilo. <\/p>\n<h3 class=\"a-text-center aplus-h1 a-text-bold\"> Elige tu monitor <\/h3>\n<p>                         Add To Basket  <\/p>\n<p>                         Add To Basket  <\/p>\n<p>                         Add To Basket  <\/p>\n<p>                         Add To Basket  <\/p>\n<p>                         Add To Basket  <\/p>\n<p>                                     Customer Reviews  <\/p>\n<p>                    4.3 out of 5 stars  209  <\/p>\n<p>                    4.3 out of 5 stars  209  <\/p>\n<p>                    4.4 out of 5 stars  221  <\/p>\n<p>                    4.3 out of 5 stars  209  <\/p>\n<p>                    4.6 out of 5 stars  53  <\/p>\n<p>                                     Price  <\/p>\n<p>                                                        \u20ac519.00\u20ac519.00     <\/p>\n<p>                                                        \u20ac1,163.77\u20ac1,163.77     <\/p>\n<p>                                                        \u20ac899.00\u20ac899.00     <\/p>\n<p>                                                        \u20ac837.25\u20ac837.25     <\/p>\n<p>                                                        \u20ac300.94\u20ac300.94     <\/p>\n<p>                                     Pulgadas  <\/p>\n<p>                                                27&#8243;    <\/p>\n<p>                                                27&#8243;    <\/p>\n<p>                                                32&#8243;    <\/p>\n<p>                                                49\u2033    <\/p>\n<p>                                                27&#8243;    <\/p>\n<p>                                     Resoluci\u00f3n  <\/p>\n<p>                                                5K QHD (2560 x 1440)    <\/p>\n<p>                                                4K (3840 x 2160)    <\/p>\n<p>                                                4K (3840 x 2160)    <\/p>\n<p>                                                DQHD (5120 x 1440)    <\/p>\n<p>                                                FHD (1920 x 1080)    <\/p>\n<p>                                     Curvatura  <\/p>\n<p>                                                &#8211;    <\/p>\n<p>                                                &#8211;    <\/p>\n<p>                                                &#8211;    <\/p>\n<p>                                                1000R    <\/p>\n<p>                                                1000R    <\/p>\n<p>                                     Tasa de refresco  <\/p>\n<p>                                                240 Hz    <\/p>\n<p>                                                165 Hz    <\/p>\n<p>                                                240 Hz    <\/p>\n<p>                                                240 Hz    <\/p>\n<p>                                                165 Hz    <\/p>\n<p>                                     Tiempo de respuesta  <\/p>\n<p>                                                0,03 ms (GtG)    <\/p>\n<p>                                                1 ms (GtG)    <\/p>\n<p>                                                0,03 ms (GtG)    <\/p>\n<p>                                                0,03 ms    <\/p>\n<p>                                                1 ms    <\/p>\n<h3>\n<p class=\"aplus-question aplus-p1\"> \u00bfCu\u00e1l es el tama\u00f1o de pantalla de este monitor? <\/p>\n<\/h3>\n<p class=\"aplus-answer aplus-p2\"> Este monitor es de 27&#8243;. <\/p>\n<h3>\n<p class=\"aplus-question aplus-p1\"> \u00bfQu\u00e9 tipo de panel tiene? <\/p>\n<\/h3>\n<p class=\"aplus-answer aplus-p2\"> Cuenta con panel IPS. <\/p>\n<h3>\n<p class=\"aplus-question aplus-p1\"> \u00bfCu\u00e1l es el \u00e1ngulo de visi\u00f3n de este monitor? <\/p>\n<\/h3>\n<p class=\"aplus-answer aplus-p2\"> El \u00e1ngulo de visi\u00f3n es de 178\u02da. <\/p>\n<p class=\"description\"> \u00b9 Seg\u00fan los resultados de pruebas internas.\u00b2 Las im\u00e1genes de la pantalla son simulaciones con fines ilustrativos.\u00b3 Basado en GtG medido en condiciones de prueba internas. Los resultados pueden variar seg\u00fan el contenido y la configuraci\u00f3n del monitor. \u2074 GtG (gris a gris) mide el tiempo que tarda un p\u00edxel del monitor en cambiar de un valor de gris a otro.\u2075 Im\u00e1genes de pantalla simuladas con fines ilustrativos. \u2076 La aplicaci\u00f3n del logotipo de G-Sync en el embalaje y el producto puede variar en funci\u00f3n del momento de la compra. <\/p>\n<p> Product Dimensions                                            \u200f                                            :                                            \u200e                                            26.35 x 61.17 x 55.42 cm; 9.23 kg   <br \/> Manufacturer                                            \u200f                                            :                                            \u200e                                            SAMSUNG   <br \/> ASIN                                            \u200f                                            :                                            \u200e                                            B0DPJBQZ26   <br \/> Item model number                                            \u200f                                            :                                            \u200e                                            S27DG612SU   <br \/> Country of origin                                            \u200f                                            :                                            \u200e                                            Spain   <br \/> Guaranteed software updates until                                            \u200f                                            :                                            \u200e                                            unknown   <br \/>  Customer reviews:                                                                                            4.3               4.3 out of 5 stars                                  (209)                                              var dpAcrHasRegisteredArcLinkClickAction;                    P.when(&#8216;A&#8217;, &#8216;ready&#8217;).execute(function(A) {                        if (dpAcrHasRegisteredArcLinkClickAction !== true) {                            dpAcrHasRegisteredArcLinkClickAction = true;                            A.declarative(                                &#8216;acrLink-click-metrics&#8217;, &#8216;click&#8217;,                                { \u00aballowLinkDefault\u00bb: true },                                function (event) {                                    if (window.ue) {                                        ue.count(\u00abacrLinkClickCount\u00bb, (ue.count(\u00abacrLinkClickCount\u00bb) || 0) + 1);                                    }                                }                            );                        }                    });                                             P.when(&#8216;A&#8217;, &#8216;cf&#8217;).execute(function(A) {                A.declarative(&#8216;acrStarsLink-click-metrics&#8217;, &#8216;click&#8217;, { \u00aballowLinkDefault\u00bb : true },  function(event){                    if(window.ue) {                        ue.count(\u00abacrStarsLinkWithPopoverClickCount\u00bb, (ue.count(\u00abacrStarsLinkWithPopoverClickCount\u00bb) || 0) + 1);                    }                });            });                          <\/p>\n<p>QD-OLED: See every detail even in the darkest scenes thanks to thousands of Mini LEDs and 5 million pixels that enhance contrast and black.<br \/>240Hz and 0.03ms Response Time: With a response time of 0.03ms none of your rivals will shadow you. Kill them all.<br \/>OLED Glare Free: Play without distractions. Forget about reflections on the screen without losing the power of colors and true black.<br \/>Samsung OLED Safeguard+: Prevents screen overheating due to high temperatures thanks to cooling technology and play continuously without worries.<br \/>AMD Freesync Premium Pro: Enjoy your action games without interruption and fluidity in HD movements, achieving stable and fast gaming scenes.<\/p>\n\n","protected":false},"excerpt":{"rendered":"<p> From the manufacturer OLED en QHD Samsung OLED ofrece un brillo \u00f3ptimo y una amplia<\/p>","protected":false},"featured_media":24607,"comment_status":"open","ping_status":"closed","template":"","meta":[],"product_brand":[],"product_cat":[55],"product_tag":[7269,1934,1936,1298,1935,1939,1802,1940,7271,201,1784,2537,617,1933,7270,1304,1937,7273,844,2915,884,1243,1938,7272,249],"class_list":{"0":"post-24606","1":"product","2":"type-product","3":"status-publish","4":"has-post-thumbnail","6":"product_cat-gaming-monitors","7":"product_tag-0-03msgtg","8":"product_tag-144hz-gaming-monitor","9":"product_tag-1ms-gaming-monitor","10":"product_tag-240hz","11":"product_tag-240hz-gaming-monitor","12":"product_tag-27-inch-gaming-monitor","13":"product_tag-4k-gaming-monitor","14":"product_tag-best-gaming-monitor","15":"product_tag-burnin","16":"product_tag-compatible","17":"product_tag-curved-gaming-monitor","18":"product_tag-free","19":"product_tag-gaming","20":"product_tag-gaming-monitor","21":"product_tag-glare","22":"product_tag-gsync","23":"product_tag-ips-gaming-monitor","24":"product_tag-ls27dg612suxen","25":"product_tag-monitor","26":"product_tag-odyssey","27":"product_tag-oled","28":"product_tag-qhd","29":"product_tag-rgb-gaming-monitor","30":"product_tag-safeguard","31":"product_tag-samsung","33":"first","34":"instock","35":"sale","36":"shipping-taxable","37":"product-type-external"},"_links":{"self":[{"href":"https:\/\/comprasyconsejos.store\/en\/wp-json\/wp\/v2\/product\/24606","targetHints":{"allow":["GET"]}}],"collection":[{"href":"https:\/\/comprasyconsejos.store\/en\/wp-json\/wp\/v2\/product"}],"about":[{"href":"https:\/\/comprasyconsejos.store\/en\/wp-json\/wp\/v2\/types\/product"}],"replies":[{"embeddable":true,"href":"https:\/\/comprasyconsejos.store\/en\/wp-json\/wp\/v2\/comments?post=24606"}],"version-history":[{"count":0,"href":"https:\/\/comprasyconsejos.store\/en\/wp-json\/wp\/v2\/product\/24606\/revisions"}],"wp:featuredmedia":[{"embeddable":true,"href":"https:\/\/comprasyconsejos.store\/en\/wp-json\/wp\/v2\/media\/24607"}],"wp:attachment":[{"href":"https:\/\/comprasyconsejos.store\/en\/wp-json\/wp\/v2\/media?parent=24606"}],"wp:term":[{"taxonomy":"product_brand","embeddable":true,"href":"https:\/\/comprasyconsejos.store\/en\/wp-json\/wp\/v2\/product_brand?post=24606"},{"taxonomy":"product_cat","embeddable":true,"href":"https:\/\/comprasyconsejos.store\/en\/wp-json\/wp\/v2\/product_cat?post=24606"},{"taxonomy":"product_tag","embeddable":true,"href":"https:\/\/comprasyconsejos.store\/en\/wp-json\/wp\/v2\/product_tag?post=24606"}],"curies":[{"name":"wp","href":"https:\/\/api.w.org\/{rel}","templated":true}]}}