{"id":24617,"date":"2026-02-19T09:28:43","date_gmt":"2026-02-19T09:28:43","guid":{"rendered":"https:\/\/comprasyconsejos.store\/product\/lg-32gx850a-b-aeu-ultragear-oled-gaming-monitor-32-3840-x-2160-165hz-0-03ms-gtg-dual-mode-g-sync-compatible-and-freesync-premium-pro-tilt-and-height-adjustable-grayish-purple\/"},"modified":"2026-02-19T09:28:58","modified_gmt":"2026-02-19T09:28:58","slug":"lg-32gx850a-b-aeu-ultragear-oled-gaming-monitor-32-3840-x-2160-165hz-0-03ms-gtg-dual-mode-g-sync-compatible-and-freesync-premium-pro-tilt-and-height-adjustable-grayish-purple","status":"publish","type":"product","link":"https:\/\/comprasyconsejos.store\/en\/product\/lg-32gx850a-b-aeu-ultragear-oled-gaming-monitor-32-3840-x-2160-165hz-0-03ms-gtg-dual-mode-g-sync-compatible-and-freesync-premium-pro-tilt-and-height-adjustable-grayish-purple\/","title":{"rendered":"LG 32GX850A-B.AEU Ultragear OLED Gaming Monitor, 32&#8243;, (3840 x 2160), 165Hz, 0.03ms (GTG), Dual Mode, G-Sync Compatible and FreeSync Premium Pro, Tilt and Height Adjustable, Grayish Purple"},"content":{"rendered":"<p>Price: <span style=\"color:#b12704\"><del>\u20ac999.00<\/del> - \u20ac701.58<\/span><br \/><i><small>(as of Feb 19, 2026 09:28:43 UTC &#8211; <span class=\"wp_automatic_amazon_disclaimer\" title=\"Product prices and availability are accurate as of the date\/time indicated and are subject to change. Any price and availability information displayed on [relevant Amazon Site(s), as applicable] at the time of purchase will apply to the purchase of this product.\">Details<\/span>)<\/small><\/i><\/p>\n<p><a href=\"https:\/\/amazon.es\/dp\/B0FT3P9Q36?tag=man008-21\"><img decoding=\"async\" src=\"https:\/\/valvepress.s3.amazonaws.com\/imgs\/buy_now.png\"><\/a><br \/>\n<\/p>\n<p>                                             From the manufacturer   <\/p>\n<p>                                                                                                       <img decoding=\"async\" alt=\"El texto dice \u00abLG UltraGear OLED GX8\u00bb. Imagen de marketing que muestra la elegante pantalla de un monitor para videojuegos sobre un fondo oscuro con coloridos efectos visuales.\" src=\"https:\/\/images-na.ssl-images-amazon.com\/images\/G\/01\/x-locale\/common\/grey-pixel.gif\" class=\"a-lazy-loaded\" data-src=\"https:\/\/m.media-amazon.com\/images\/S\/aplus-media-library-service-media\/b2c10d53-f410-4846-a8a1-26a95ac93b72.__CR1,0,1464,600_PT0_SX1464_V1___.png\"><img decoding=\"async\" alt=\"El texto dice \u00abLG UltraGear OLED GX8\u00bb. Imagen de marketing que muestra la elegante pantalla de un monitor para videojuegos sobre un fondo oscuro con coloridos efectos visuales.\" src=\"https:\/\/m.media-amazon.com\/images\/S\/aplus-media-library-service-media\/b2c10d53-f410-4846-a8a1-26a95ac93b72.__CR1,0,1464,600_PT0_SX1464_V1___.png\">                                               <\/p>\n<p>                                                                                                       <img decoding=\"async\" alt=\"El texto dice: \u00abOLED 4K de 32 pulgadas, OLED con MLA+, DisplayHDR True Black 400, modo dual, 0,03 ms, panel\u00bb. Cuadr\u00edcula de seis funciones del monitor para videojuegos que muestra diversas capacidades de visualizaci\u00f3n y capturas de pantalla panor\u00e1micas.\" src=\"https:\/\/images-na.ssl-images-amazon.com\/images\/G\/01\/x-locale\/common\/grey-pixel.gif\" class=\"a-lazy-loaded\" data-src=\"https:\/\/m.media-amazon.com\/images\/S\/aplus-media-library-service-media\/ce62f91c-7b41-4253-af39-3c9cfe3f2f83.__CR1,0,1464,600_PT0_SX1464_V1___.png\"><img decoding=\"async\" alt=\"El texto dice: \u00abOLED 4K de 32 pulgadas, OLED con MLA+, DisplayHDR True Black 400, modo dual, 0,03 ms, panel\u00bb. Cuadr\u00edcula de seis funciones del monitor para videojuegos que muestra diversas capacidades de visualizaci\u00f3n y capturas de pantalla panor\u00e1micas.\" src=\"https:\/\/m.media-amazon.com\/images\/S\/aplus-media-library-service-media\/ce62f91c-7b41-4253-af39-3c9cfe3f2f83.__CR1,0,1464,600_PT0_SX1464_V1___.png\">                                               <\/p>\n<p>                                                                                  <img decoding=\"async\" alt=\"El texto dice \u00abDomina el campo de batalla en S2 OLED 4K\u00bb. Anuncio que muestra espectaculares escenas de paisajes monta\u00f1osos con una iluminaci\u00f3n atmosf\u00e9rica azul y naranja.\" src=\"https:\/\/m.media-amazon.com\/images\/S\/aplus-media-library-service-media\/d3c54568-c87f-4f53-8100-bb9b20064459.__CR1,0,1464,600_PT0_SX1464_V1___.png\">       <\/p>\n<p>                                                                                  <img decoding=\"async\" alt=\"Dispositivo electr\u00f3nico blanco con detalles en azul claro, que muestra varios \u00e1ngulos de lo que parece ser un dispositivo de cuidado personal o aseo personal.\" src=\"https:\/\/m.media-amazon.com\/images\/S\/aplus-media-library-service-media\/f9108024-717c-432b-92e5-ca21a60cda4b.__CR1,0,1464,600_PT0_SX1464_V1___.png\">       <\/p>\n<p>                                                                                  <img decoding=\"async\" alt=\"El texto dice \u00abDisplayHDR 500\u00bb, \u00abUna explosi\u00f3n de color\u00bb. Cartel de marketing que muestra espirales de humo o tinta de colores vibrantes en tonos rosas, morados y naranjas sobre un fondo oscuro.\" src=\"https:\/\/m.media-amazon.com\/images\/S\/aplus-media-library-service-media\/e212e602-e229-422f-84e7-7bc66b2bb4dd.__CR1,0,1464,600_PT0_SX1464_V1___.png\">       <\/p>\n<p>                                                                                  <img decoding=\"async\" alt=\"El texto dice \u00abJuego sin l\u00edmite de tiempo\u00bb. Varios paneles muestran la tecnolog\u00eda de visualizaci\u00f3n para videojuegos con efectos de luz de colores sobre un fondo oscuro, como se muestra en la imagen 2.\" src=\"https:\/\/m.media-amazon.com\/images\/S\/aplus-media-library-service-media\/2ad6a0ba-4919-4409-8729-b280969dda76.__CR1,0,1464,600_PT0_SX1464_V1___.png\">       <\/p>\n<p>                                                                                  <img decoding=\"async\" alt=\"El texto dice \u00abOLED a la velocidad del rayo\u00bb y \u00ab165 Hz\u00bb. Imagen de marketing din\u00e1mica que muestra una escena de carreras de motos borrosa por el movimiento con efectos de iluminaci\u00f3n azul.\" src=\"https:\/\/m.media-amazon.com\/images\/S\/aplus-media-library-service-media\/3f917a0c-24dc-4226-9faa-3c2b47bcdd26.__CR1,0,1464,600_PT0_SX1464_V1___.png\">       <\/p>\n<p>                                                                                  <img decoding=\"async\" alt=\"Serie de oscuras im\u00e1genes t\u00e9cnicas o astron\u00f3micas que muestran lo que parecen ser fen\u00f3menos espaciales o celestes sobre un fondo negro.\" src=\"https:\/\/m.media-amazon.com\/images\/S\/aplus-media-library-service-media\/5ac383c2-bc3d-40af-b68b-4d1f33f41187.__CR1,0,1464,600_PT0_SX1464_V1___.png\">       <\/p>\n<p>                                                                                  <img decoding=\"async\" alt=\"El texto dice \u00abModo dual\u00bb, \u00abUHD\u00bb, \u00abFHD\u00bb, \u00ab144 Hz\u00bb, \u00ab233 Hz\u00bb. Las im\u00e1genes promocionales centradas en los videojuegos muestran diferentes modos de resoluci\u00f3n y frecuencias de actualizaci\u00f3n con escenas de acci\u00f3n.\" src=\"https:\/\/m.media-amazon.com\/images\/S\/aplus-media-library-service-media\/17a0f55c-633e-4d0b-94cf-fc2f18a6c623.__CR1,0,1464,600_PT0_SX1464_V1___.png\">       <\/p>\n<p>                                                                                  <img decoding=\"async\" alt=\"aplus content image\" src=\"https:\/\/m.media-amazon.com\/images\/S\/aplus-media-library-service-media\/9f42b9e6-74e9-4308-b1c7-6abf7ce290bb.__CR1,0,1464,600_PT0_SX1464_V1___.png\">       <\/p>\n<p>                                                                                  <img decoding=\"async\" alt=\"Gr\u00e1fico comparativo de g\u00e9neros de juegos que muestra las funciones de Dynamic Action Sync, CrossHair, Black Stabilizer y FPS Counter con las capturas de pantalla del juego correspondientes.\" src=\"https:\/\/m.media-amazon.com\/images\/S\/aplus-media-library-service-media\/7371218d-5830-40ae-85da-4b23611c5689.__CR1,0,1464,600_PT0_SX1464_V1___.png\">       <\/p>\n<p>                                                                                                       <img decoding=\"async\" alt=\"El texto dice \u00abDise\u00f1o ergon\u00f3mico\u00bb. Serie de im\u00e1genes que muestran configuraciones iluminadas en azul del espacio de trabajo para videojuegos o ordenadores con caracter\u00edsticas de dise\u00f1o ergon\u00f3mico.\" src=\"https:\/\/images-na.ssl-images-amazon.com\/images\/G\/01\/x-locale\/common\/grey-pixel.gif\" class=\"a-lazy-loaded\" data-src=\"https:\/\/m.media-amazon.com\/images\/S\/aplus-media-library-service-media\/2ffa904d-802f-40a9-9c3f-6a63ee2e7fff.__CR1,0,1464,600_PT0_SX1464_V1___.png\"><img decoding=\"async\" alt=\"El texto dice \u00abDise\u00f1o ergon\u00f3mico\u00bb. Serie de im\u00e1genes que muestran configuraciones iluminadas en azul del espacio de trabajo para videojuegos o ordenadores con caracter\u00edsticas de dise\u00f1o ergon\u00f3mico.\" src=\"https:\/\/m.media-amazon.com\/images\/S\/aplus-media-library-service-media\/2ffa904d-802f-40a9-9c3f-6a63ee2e7fff.__CR1,0,1464,600_PT0_SX1464_V1___.png\">                                               <\/p>\n<p> Batteries                                            \u200f                                            :                                            \u200e                                            AA batteries required.   <br \/> Language                                            \u200f                                            :                                            \u200e                                            German   <br \/> Product Dimensions                                            \u200f                                            :                                            \u200e                                            21.7 x 71.4 x 60.8 cm; 9.1 kg   <br \/> Manufacturer                                            \u200f                                            :                                            \u200e                                            LG   <br \/> ASIN                                            \u200f                                            :                                            \u200e                                            B0FT3P9Q36   <br \/> Item model number                                            \u200f                                            :                                            \u200e                                            32GX850A-B.AEU   <br \/> Country of origin                                            \u200f                                            :                                            \u200e                                            Korea, Republic of   <br \/> Guaranteed software updates until                                            \u200f                                            :                                            \u200e                                            unknown   <br \/>  Customer reviews:                                                                                            4.4               4.4 out of 5 stars                                  (734)                                              var dpAcrHasRegisteredArcLinkClickAction;                    P.when(&#8216;A&#8217;, &#8216;ready&#8217;).execute(function(A) {                        if (dpAcrHasRegisteredArcLinkClickAction !== true) {                            dpAcrHasRegisteredArcLinkClickAction = true;                            A.declarative(                                &#8216;acrLink-click-metrics&#8217;, &#8216;click&#8217;,                                { \u00aballowLinkDefault\u00bb: true },                                function (event) {                                    if (window.ue) {                                        ue.count(\u00abacrLinkClickCount\u00bb, (ue.count(\u00abacrLinkClickCount\u00bb) || 0) + 1);                                    }                                }                            );                        }                    });                                             P.when(&#8216;A&#8217;, &#8216;cf&#8217;).execute(function(A) {                A.declarative(&#8216;acrStarsLink-click-metrics&#8217;, &#8216;click&#8217;, { \u00aballowLinkDefault\u00bb : true },  function(event){                    if(window.ue) {                        ue.count(\u00abacrStarsLinkWithPopoverClickCount\u00bb, (ue.count(\u00abacrStarsLinkWithPopoverClickCount\u00bb) || 0) + 1);                    }                });            });                          <\/p>\n<p>Velocidad OLED Gaming 4K: disfruta de una experiencia de juego fluida con tiempo de respuesta ultrarr\u00e1pido de 0,03 ms (GtG) y la innovadora tecnolog\u00eda Dual Mode que permite cambiar entre 133 Hz y 165 Hz en un solo clic.<br \/>Calidad de imagen superior: vive negros puros y colores realistas con DisplayHDR True Black 400 y una cobertura del 98,5% DCI-P3 que garantiza una mayor profundidad y precisi\u00f3n crom\u00e1tica.<br \/>Brillo mejorado: eleva tu experiencia visual con un 37,5% m\u00e1s de brillo gracias a la avanzada tecnolog\u00eda Micro Lens Array+ que optimiza la intensidad de la luz en cada escena.<br \/>Juego sin interrupciones: minimiza cortes y fragmentaciones con AMD FreeSync Premium Pro y compatibilidad con NVIDIA G-Sync, disfrutando de movimientos suaves y colores m\u00e1s naturales en cualquier partida.<br \/>Dise\u00f1o pensado para gamers: pantalla pr\u00e1cticamente sin bordes en los 4 lados, soporte en forma de L que ahorra espacio y ajuste en altura para mayor comodidad, adem\u00e1s de funciones exclusivas como Crosshair integrado y contador de FPS en tiempo real.<\/p>\n\n","protected":false},"excerpt":{"rendered":"<p> From the manufacturer Batteries \u200f : \u200e AA batteries required. Language \u200f : \u200e German<\/p>","protected":false},"featured_media":24618,"comment_status":"open","ping_status":"closed","template":"","meta":[],"product_brand":[],"product_cat":[53],"product_tag":[1299,3745,1804,7275,1801,1802,1805,1803,1799,1807,876,1806,201,298,1922,617,6258,1304,6067,1569,738,844,884,1035,163,1808,1347,1183,1800,2324],"class_list":{"0":"post-24617","1":"product","2":"type-product","3":"status-publish","4":"has-post-thumbnail","6":"product_cat-4k-monitors","7":"product_tag-0-03ms","8":"product_tag-165hz","9":"product_tag-32-inch-4k-monitor","10":"product_tag-32gx850ab-aeu","11":"product_tag-3840x2160-monitor","12":"product_tag-4k-gaming-monitor","13":"product_tag-4k-hdr-monitor","14":"product_tag-4k-ips-monitor","15":"product_tag-4k-monitor","16":"product_tag-4k-monitor-price","17":"product_tag-adjustable","18":"product_tag-best-4k-monitor","19":"product_tag-compatible","20":"product_tag-dual","21":"product_tag-freesync","22":"product_tag-gaming","23":"product_tag-grayish","24":"product_tag-gsync","25":"product_tag-gtg","26":"product_tag-height","27":"product_tag-mode","28":"product_tag-monitor","29":"product_tag-oled","30":"product_tag-premium","31":"product_tag-pro","32":"product_tag-professional-4k-monitor","33":"product_tag-purple","34":"product_tag-tilt","35":"product_tag-uhd-monitor","36":"product_tag-ultragear","38":"first","39":"instock","40":"sale","41":"shipping-taxable","42":"product-type-external"},"_links":{"self":[{"href":"https:\/\/comprasyconsejos.store\/en\/wp-json\/wp\/v2\/product\/24617","targetHints":{"allow":["GET"]}}],"collection":[{"href":"https:\/\/comprasyconsejos.store\/en\/wp-json\/wp\/v2\/product"}],"about":[{"href":"https:\/\/comprasyconsejos.store\/en\/wp-json\/wp\/v2\/types\/product"}],"replies":[{"embeddable":true,"href":"https:\/\/comprasyconsejos.store\/en\/wp-json\/wp\/v2\/comments?post=24617"}],"version-history":[{"count":0,"href":"https:\/\/comprasyconsejos.store\/en\/wp-json\/wp\/v2\/product\/24617\/revisions"}],"wp:featuredmedia":[{"embeddable":true,"href":"https:\/\/comprasyconsejos.store\/en\/wp-json\/wp\/v2\/media\/24618"}],"wp:attachment":[{"href":"https:\/\/comprasyconsejos.store\/en\/wp-json\/wp\/v2\/media?parent=24617"}],"wp:term":[{"taxonomy":"product_brand","embeddable":true,"href":"https:\/\/comprasyconsejos.store\/en\/wp-json\/wp\/v2\/product_brand?post=24617"},{"taxonomy":"product_cat","embeddable":true,"href":"https:\/\/comprasyconsejos.store\/en\/wp-json\/wp\/v2\/product_cat?post=24617"},{"taxonomy":"product_tag","embeddable":true,"href":"https:\/\/comprasyconsejos.store\/en\/wp-json\/wp\/v2\/product_tag?post=24617"}],"curies":[{"name":"wp","href":"https:\/\/api.w.org\/{rel}","templated":true}]}}