{"id":24632,"date":"2026-02-19T09:29:46","date_gmt":"2026-02-19T09:29:46","guid":{"rendered":"https:\/\/comprasyconsejos.store\/product\/asus-tuf-gaming-vg27aqml5a-27-qhd-fast-ips-monitor-300hz-0-3ms-g-sync-and-amd-freesync-premium-elmb-sync-vesa-displayhdr-400-95-dci-p3-displaywidget-center-ia-gaming\/"},"modified":"2026-02-19T09:30:03","modified_gmt":"2026-02-19T09:30:03","slug":"asus-tuf-gaming-vg27aqml5a-27-qhd-fast-ips-monitor-300hz-0-3ms-g-sync-and-amd-freesync-premium-elmb-sync-vesa-displayhdr-400-95-dci-p3-displaywidget-center-ia-gaming","status":"publish","type":"product","link":"https:\/\/comprasyconsejos.store\/en\/product\/asus-tuf-gaming-vg27aqml5a-27-qhd-fast-ips-monitor-300hz-0-3ms-g-sync-and-amd-freesync-premium-elmb-sync-vesa-displayhdr-400-95-dci-p3-displaywidget-center-ia-gaming\/","title":{"rendered":"ASUS TUF Gaming VG27AQML5A 27&#8243; QHD Fast IPS Monitor, 300Hz, 0.3ms, G-Sync and AMD FreeSync Premium, ELMB Sync, VESA, DisplayHDR 400, 95% DCI-P3, DisplayWidget Center, IA Gaming"},"content":{"rendered":"<p>Price: <span style=\"color:#b12704\">\u20ac369.90<\/span><br \/><i><small>(as of Feb 19, 2026 09:29:46 UTC &#8211; <span class=\"wp_automatic_amazon_disclaimer\" title=\"Product prices and availability are accurate as of the date\/time indicated and are subject to change. Any price and availability information displayed on [relevant Amazon Site(s), as applicable] at the time of purchase will apply to the purchase of this product.\">Details<\/span>)<\/small><\/i><\/p>\n<p><a href=\"https:\/\/amazon.es\/dp\/B0F9Z1D5S3?tag=man008-21\"><img decoding=\"async\" src=\"https:\/\/valvepress.s3.amazonaws.com\/imgs\/buy_now.png\"><\/a><br \/>\n<\/p>\n<p>                                             From the manufacturer   <\/p>\n<p>                                                                             <img decoding=\"async\" alt=\"aplus content image\" src=\"https:\/\/images-na.ssl-images-amazon.com\/images\/G\/01\/x-locale\/common\/grey-pixel.gif\" class=\"a-spacing-base a-lazy-loaded\" data-src=\"https:\/\/m.media-amazon.com\/images\/S\/aplus-media-library-service-media\/9a641079-e644-4b11-9139-4fee4d60ba7b.__CR0,0,970,600_PT0_SX970_V1___.jpg\"><img decoding=\"async\" alt=\"aplus content image\" src=\"https:\/\/m.media-amazon.com\/images\/S\/aplus-media-library-service-media\/9a641079-e644-4b11-9139-4fee4d60ba7b.__CR0,0,970,600_PT0_SX970_V1___.jpg\">                                                                    <\/p>\n<p>                                                                             <img decoding=\"async\" alt=\"aplus content image\" src=\"https:\/\/images-na.ssl-images-amazon.com\/images\/G\/01\/x-locale\/common\/grey-pixel.gif\" class=\"a-spacing-base a-lazy-loaded\" data-src=\"https:\/\/m.media-amazon.com\/images\/S\/aplus-media-library-service-media\/95e2625a-e567-4912-a317-d8705e397d0a.__CR0,0,970,600_PT0_SX970_V1___.jpg\"><img decoding=\"async\" alt=\"aplus content image\" src=\"https:\/\/m.media-amazon.com\/images\/S\/aplus-media-library-service-media\/95e2625a-e567-4912-a317-d8705e397d0a.__CR0,0,970,600_PT0_SX970_V1___.jpg\">                                                                    <\/p>\n<p class=\"apm-text-center\">\n                                                      <img decoding=\"async\" alt=\"aplus content image\" src=\"https:\/\/images-na.ssl-images-amazon.com\/images\/G\/01\/x-locale\/common\/grey-pixel.gif\" class=\"a-spacing-mini a-lazy-loaded\" data-src=\"https:\/\/m.media-amazon.com\/images\/S\/aplus-media-library-service-media\/911a10da-009d-405f-909b-469db5a0aa81.__CR0,0,300,300_PT0_SX300_V1___.jpg\"><img decoding=\"async\" alt=\"aplus content image\" src=\"https:\/\/m.media-amazon.com\/images\/S\/aplus-media-library-service-media\/911a10da-009d-405f-909b-469db5a0aa81.__CR0,0,300,300_PT0_SX300_V1___.jpg\">  <\/p>\n<p>                                                    EXPERIENCIAS DE JUEGO EXCEPCIONALES                                       <\/p>\n<p> El panel IPS R\u00e1pido ofrece tiempos de respuesta r\u00e1pidos, una jugabilidad supersuave y unas im\u00e1genes n\u00edtidas con una resoluci\u00f3n de 2560 x 1440 p\u00edxeles para llevar tu juego al siguiente nivel. <\/p>\n<p class=\"apm-text-center\">\n                                                      <img decoding=\"async\" alt=\"aplus content image\" src=\"https:\/\/images-na.ssl-images-amazon.com\/images\/G\/01\/x-locale\/common\/grey-pixel.gif\" class=\"a-spacing-mini a-lazy-loaded\" data-src=\"https:\/\/m.media-amazon.com\/images\/S\/aplus-media-library-service-media\/4b475a1b-52f6-4ef9-b745-36bb5d04ee3b.__CR0,0,300,300_PT0_SX300_V1___.jpg\"><img decoding=\"async\" alt=\"aplus content image\" src=\"https:\/\/m.media-amazon.com\/images\/S\/aplus-media-library-service-media\/4b475a1b-52f6-4ef9-b745-36bb5d04ee3b.__CR0,0,300,300_PT0_SX300_V1___.jpg\">  <\/p>\n<p>                                                    RENDIMIENTO DE JUEGO IMPARABLE                                       <\/p>\n<p> Con una impresionante frecuencia de refresco de 300 Hz y un tiempo de respuesta GTG de 0,3 ms (min), el VG27AQML5A ofrece un juego a la velocidad del rayo con una visualizaci\u00f3n suave como la mantequilla y sin retrasos. <\/p>\n<p class=\"apm-text-center\">\n                                                      <img decoding=\"async\" alt=\"aplus content image\" src=\"https:\/\/images-na.ssl-images-amazon.com\/images\/G\/01\/x-locale\/common\/grey-pixel.gif\" class=\"a-spacing-mini a-lazy-loaded\" data-src=\"https:\/\/m.media-amazon.com\/images\/S\/aplus-media-library-service-media\/ac1c0633-f68a-4407-8ebb-8c10c7a95d17.__CR0,0,300,300_PT0_SX300_V1___.jpg\"><img decoding=\"async\" alt=\"aplus content image\" src=\"https:\/\/m.media-amazon.com\/images\/S\/aplus-media-library-service-media\/ac1c0633-f68a-4407-8ebb-8c10c7a95d17.__CR0,0,300,300_PT0_SX300_V1___.jpg\">  <\/p>\n<p>                                                    JUEGO SIN L\u00cdMITES                                       <\/p>\n<p> El VG27AQML5A es compatible con las tecnolog\u00edas NVIDIA G-SYNC y AMD FreeSync Premium para ofrecer im\u00e1genes fluidas y sin l\u00e1grimas. Adem\u00e1s, ASUS ELMB Sync elimina las im\u00e1genes fantasma durante los juegos a alta velocidad de fotogramas. <\/p>\n<p> *Compatible con G-Sync en procesamiento, consulta la p\u00e1gina web oficial correspondiente para ver la lista de actualizaciones compatibles. <\/p>\n<p class=\"apm-text-center\">\n                                                      <img decoding=\"async\" alt=\"aplus content image\" src=\"https:\/\/images-na.ssl-images-amazon.com\/images\/G\/01\/x-locale\/common\/grey-pixel.gif\" class=\"a-spacing-mini a-lazy-loaded\" data-src=\"https:\/\/m.media-amazon.com\/images\/S\/aplus-media-library-service-media\/2455e532-e20e-45e9-b533-95ee0cfce7ac.__CR0,0,300,300_PT0_SX300_V1___.jpg\"><img decoding=\"async\" alt=\"aplus content image\" src=\"https:\/\/m.media-amazon.com\/images\/S\/aplus-media-library-service-media\/2455e532-e20e-45e9-b533-95ee0cfce7ac.__CR0,0,300,300_PT0_SX300_V1___.jpg\">  <\/p>\n<p>                                                    COLORES VIBRANTES, JUEGO MEJORADO                                       <\/p>\n<p> DisplayHDR 400 y 95% DCI-P3 permiten que el VG27AQML5A muestre colores vibrantes y un contraste m\u00e1s profundo para conseguir im\u00e1genes asombrosamente inmersivas. <\/p>\n<p class=\"apm-text-center\">\n                                                      <img decoding=\"async\" alt=\"aplus content image\" src=\"https:\/\/images-na.ssl-images-amazon.com\/images\/G\/01\/x-locale\/common\/grey-pixel.gif\" class=\"a-spacing-mini a-lazy-loaded\" data-src=\"https:\/\/m.media-amazon.com\/images\/S\/aplus-media-library-service-media\/df89bab9-ac7b-4083-bed8-e6bb5504eee0.__CR0,0,300,300_PT0_SX300_V1___.jpg\"><img decoding=\"async\" alt=\"aplus content image\" src=\"https:\/\/m.media-amazon.com\/images\/S\/aplus-media-library-service-media\/df89bab9-ac7b-4083-bed8-e6bb5504eee0.__CR0,0,300,300_PT0_SX300_V1___.jpg\">  <\/p>\n<p>                                                    CRUCETA DIN\u00c1MICA                                       <\/p>\n<p> Cambia automaticamente la ret\u00edcula a un color que contraste con el fondo, para que destaque y puedas apuntar con m\u00e1s precisi\u00f3n. <\/p>\n<p class=\"apm-text-center\">\n                                                      <img decoding=\"async\" alt=\"Capturas de pantalla de la interfaz de usuario de tem\u00e1tica oscura que muestran sistemas de men\u00fas y paneles de configuraci\u00f3n con varias opciones y controles.\" src=\"https:\/\/images-na.ssl-images-amazon.com\/images\/G\/01\/x-locale\/common\/grey-pixel.gif\" class=\"a-spacing-mini a-lazy-loaded\" data-src=\"https:\/\/m.media-amazon.com\/images\/S\/aplus-media-library-service-media\/2506253a-2db6-4920-ab1d-1964100153b7.__CR0,0,300,300_PT0_SX300_V1___.jpg\"><img decoding=\"async\" alt=\"Capturas de pantalla de la interfaz de usuario de tem\u00e1tica oscura que muestran sistemas de men\u00fas y paneles de configuraci\u00f3n con varias opciones y controles.\" src=\"https:\/\/m.media-amazon.com\/images\/S\/aplus-media-library-service-media\/2506253a-2db6-4920-ab1d-1964100153b7.__CR0,0,300,300_PT0_SX300_V1___.jpg\">  <\/p>\n<p>                                                    DISPLAYWIDGET CENTER                                       <\/p>\n<p> Gestiona, optimiza y personaliza f\u00e1cilmente tus ajustes con el rat\u00f3n en DisplayWidget Center. <\/p>\n<p class=\"apm-text-center\">\n                                                      <img decoding=\"async\" alt=\"aplus content image\" src=\"https:\/\/images-na.ssl-images-amazon.com\/images\/G\/01\/x-locale\/common\/grey-pixel.gif\" class=\"a-spacing-mini a-lazy-loaded\" data-src=\"https:\/\/m.media-amazon.com\/images\/S\/aplus-media-library-service-media\/becb8f6f-5a0d-44b1-a3ae-9a1586aa09ae.__CR0,0,300,300_PT0_SX300_V1___.jpg\"><img decoding=\"async\" alt=\"aplus content image\" src=\"https:\/\/m.media-amazon.com\/images\/S\/aplus-media-library-service-media\/becb8f6f-5a0d-44b1-a3ae-9a1586aa09ae.__CR0,0,300,300_PT0_SX300_V1___.jpg\">  <\/p>\n<p>                                                    AMPLIA CONECTIVIDAD                                       <\/p>\n<p> La multitud de opciones de conectividad incluye dos puertos HDMI 2.1, un DisplayPort 1.4 y un puerto USB Tipo-C, lo que garantiza una amplia compatibilidad con una gran variedad de fuentes de entrada. <\/p>\n<p class=\"apm-text-center\">\n                                                      <img decoding=\"async\" alt=\"aplus content image\" src=\"https:\/\/images-na.ssl-images-amazon.com\/images\/G\/01\/x-locale\/common\/grey-pixel.gif\" class=\"a-spacing-mini a-lazy-loaded\" data-src=\"https:\/\/m.media-amazon.com\/images\/S\/aplus-media-library-service-media\/9e461720-0e05-4fd5-9b0d-5d7d96a56034.__CR0,0,300,300_PT0_SX300_V1___.jpg\"><img decoding=\"async\" alt=\"aplus content image\" src=\"https:\/\/m.media-amazon.com\/images\/S\/aplus-media-library-service-media\/9e461720-0e05-4fd5-9b0d-5d7d96a56034.__CR0,0,300,300_PT0_SX300_V1___.jpg\">  <\/p>\n<p>                                                    DISE\u00d1O ERGON\u00d3MICO                                       <\/p>\n<p> El soporte ergon\u00f3mico ofrece ajustes de inclinaci\u00f3n, giro, pivote y altura, adem\u00e1s de compatibilidad VESA para montaje en pared. <\/p>\n<p class=\"apm-text-center\">\n                                                      <img decoding=\"async\" alt=\"aplus content image\" src=\"https:\/\/images-na.ssl-images-amazon.com\/images\/G\/01\/x-locale\/common\/grey-pixel.gif\" class=\"a-spacing-mini a-lazy-loaded\" data-src=\"https:\/\/m.media-amazon.com\/images\/S\/aplus-media-library-service-media\/efb67cb0-35d2-47df-bf10-ed9ed0cef4b1.__CR0,0,300,300_PT0_SX300_V1___.jpg\"><img decoding=\"async\" alt=\"aplus content image\" src=\"https:\/\/m.media-amazon.com\/images\/S\/aplus-media-library-service-media\/efb67cb0-35d2-47df-bf10-ed9ed0cef4b1.__CR0,0,300,300_PT0_SX300_V1___.jpg\">  <\/p>\n<p>                                                    ANTIPARPADEO                                       <\/p>\n<p> La tecnolog\u00eda Flicker-Free reduce el parpadeo para minimizar la fatiga visual, ayudando a garantizar la comodidad durante largas sesiones de juego. <\/p>\n<p> Batteries                                            \u200f                                            :                                            \u200e                                            1 AAAA batteries required.   <br \/> Language                                            \u200f                                            :                                            \u200e                                            German, German, German, German, German   <br \/> Product Dimensions                                            \u200f                                            :                                            \u200e                                            21.5 x 61.5 x 53.4 cm; 5.8 kg   <br \/> Manufacturer                                            \u200f                                            :                                            \u200e                                            ASUS   <br \/> ASIN                                            \u200f                                            :                                            \u200e                                            B0F9Z1D5S3   <br \/> Item model number                                            \u200f                                            :                                            \u200e                                            90LM0BG0-B02971   <br \/> Guaranteed software updates until                                            \u200f                                            :                                            \u200e                                            unknown   <br \/>  Customer reviews:                                                                                            4.4               4.4 out of 5 stars                                  (85)                                              var dpAcrHasRegisteredArcLinkClickAction;                    P.when(&#8216;A&#8217;, &#8216;ready&#8217;).execute(function(A) {                        if (dpAcrHasRegisteredArcLinkClickAction !== true) {                            dpAcrHasRegisteredArcLinkClickAction = true;                            A.declarative(                                &#8216;acrLink-click-metrics&#8217;, &#8216;click&#8217;,                                { \u00aballowLinkDefault\u00bb: true },                                function (event) {                                    if (window.ue) {                                        ue.count(\u00abacrLinkClickCount\u00bb, (ue.count(\u00abacrLinkClickCount\u00bb) || 0) + 1);                                    }                                }                            );                        }                    });                                             P.when(&#8216;A&#8217;, &#8216;cf&#8217;).execute(function(A) {                A.declarative(&#8216;acrStarsLink-click-metrics&#8217;, &#8216;click&#8217;, { \u00aballowLinkDefault\u00bb : true },  function(event){                    if(window.ue) {                        ue.count(\u00abacrStarsLinkWithPopoverClickCount\u00bb, (ue.count(\u00abacrStarsLinkWithPopoverClickCount\u00bb) || 0) + 1);                    }                });            });                          <\/p>\n<p>27&#8243; QHD (2560 x 1440) Fast IPS panel with a 300Hz refresh rate for fast-paced gameplay<br \/>ASUS Fast IPS technology allows 0.3ms (min) response time for sharp visuals in games with high frame rates<br \/>Compatible with FreeSync Premium and G-Sync, provides an optimal, tear-free gaming experience<br \/>ASUS Extreme Low Motion Blur Sync (ELMB SYNC) technology allows ELMB to be combined with variable refresh rate, eliminating ghosting and tearing to deliver crisp visuals in games with high frame rates<br \/>High Dynamic Range (HDR) technology with DisplayHDR 400 supports HDR-10 format improves light and dark areas<\/p>\n\n","protected":false},"excerpt":{"rendered":"<p> From the manufacturer EXPERIENCIAS DE JUEGO EXCEPCIONALES El panel IPS R\u00e1pido ofrece tiempos de respuesta<\/p>","protected":false},"featured_media":24633,"comment_status":"open","ping_status":"closed","template":"","meta":[],"product_brand":[],"product_cat":[52,54],"product_tag":[2266,1817,1822,1819,1821,1816,1824,2929,530,850,1823,2930,1825,1305,3624,1306,4455,137,1922,617,1304,703,1820,844,1035,1243,1818,200,851,2342,7276],"class_list":{"0":"post-24632","1":"product","2":"type-product","3":"status-publish","4":"has-post-thumbnail","6":"product_cat-2k-monitors","7":"product_cat-curved-monitors","8":"product_tag-0-3ms","9":"product_tag-1440p-monitor","10":"product_tag-144hz-2k-monitor","11":"product_tag-27-inch-2k-monitor","12":"product_tag-2k-gaming-monitor","13":"product_tag-2k-monitor","14":"product_tag-2k-monitor-price","15":"product_tag-300hz","16":"product_tag-amd","17":"product_tag-asus","18":"product_tag-best-2k-monitor","19":"product_tag-center","20":"product_tag-curved-2k-monitor","21":"product_tag-dcip3","22":"product_tag-displayhdr","23":"product_tag-displaywidget","24":"product_tag-elmb","25":"product_tag-fast","26":"product_tag-freesync","27":"product_tag-gaming","28":"product_tag-gsync","29":"product_tag-ips","30":"product_tag-ips-2k-monitor","31":"product_tag-monitor","32":"product_tag-premium","33":"product_tag-qhd","34":"product_tag-qhd-monitor","35":"product_tag-sync","36":"product_tag-tuf","37":"product_tag-vesa","38":"product_tag-vg27aqml5a","40":"first","41":"instock","42":"shipping-taxable","43":"product-type-external"},"_links":{"self":[{"href":"https:\/\/comprasyconsejos.store\/en\/wp-json\/wp\/v2\/product\/24632","targetHints":{"allow":["GET"]}}],"collection":[{"href":"https:\/\/comprasyconsejos.store\/en\/wp-json\/wp\/v2\/product"}],"about":[{"href":"https:\/\/comprasyconsejos.store\/en\/wp-json\/wp\/v2\/types\/product"}],"replies":[{"embeddable":true,"href":"https:\/\/comprasyconsejos.store\/en\/wp-json\/wp\/v2\/comments?post=24632"}],"version-history":[{"count":0,"href":"https:\/\/comprasyconsejos.store\/en\/wp-json\/wp\/v2\/product\/24632\/revisions"}],"wp:featuredmedia":[{"embeddable":true,"href":"https:\/\/comprasyconsejos.store\/en\/wp-json\/wp\/v2\/media\/24633"}],"wp:attachment":[{"href":"https:\/\/comprasyconsejos.store\/en\/wp-json\/wp\/v2\/media?parent=24632"}],"wp:term":[{"taxonomy":"product_brand","embeddable":true,"href":"https:\/\/comprasyconsejos.store\/en\/wp-json\/wp\/v2\/product_brand?post=24632"},{"taxonomy":"product_cat","embeddable":true,"href":"https:\/\/comprasyconsejos.store\/en\/wp-json\/wp\/v2\/product_cat?post=24632"},{"taxonomy":"product_tag","embeddable":true,"href":"https:\/\/comprasyconsejos.store\/en\/wp-json\/wp\/v2\/product_tag?post=24632"}],"curies":[{"name":"wp","href":"https:\/\/api.w.org\/{rel}","templated":true}]}}