{"id":24656,"date":"2026-02-19T09:33:43","date_gmt":"2026-02-19T09:33:43","guid":{"rendered":"https:\/\/comprasyconsejos.store\/product\/ccn-digital-camera-w5-black\/"},"modified":"2026-02-19T09:33:44","modified_gmt":"2026-02-19T09:33:44","slug":"ccn-digital-camera-w5-black","status":"publish","type":"product","link":"https:\/\/comprasyconsejos.store\/en\/product\/ccn-digital-camera-w5-black\/","title":{"rendered":"CCN Digital Camera W5 Black"},"content":{"rendered":"<p>Price: <span style=\"color:#b12704\">\u20ac219.99<\/span><br \/><i><small>(as of Feb 19, 2026 09:33:44 UTC &#8211; <span class=\"wp_automatic_amazon_disclaimer\" title=\"Product prices and availability are accurate as of the date\/time indicated and are subject to change. Any price and availability information displayed on [relevant Amazon Site(s), as applicable] at the time of purchase will apply to the purchase of this product.\">Details<\/span>)<\/small><\/i><\/p>\n<p><a href=\"https:\/\/amazon.es\/dp\/B0DZXX84R7?tag=man008-21\"><img decoding=\"async\" src=\"https:\/\/valvepress.s3.amazonaws.com\/imgs\/buy_now.png\"><\/a><br \/>\n<\/p>\n<p>                                             From the brand   <\/p>\n<p>                                              <img decoding=\"async\" alt=\"una familia de cuatro personas abraz\u00e1ndose en un sof\u00e1\" src=\"https:\/\/images-na.ssl-images-amazon.com\/images\/G\/01\/x-locale\/common\/grey-pixel.gif\" class=\"a-lazy-loaded\" data-src=\"https:\/\/m.media-amazon.com\/images\/S\/aplus-media-library-service-media\/a838c336-b6ac-4dde-a016-0b87b08ffb71.__CR0,0,1464,625_PT0_SX1464_V1___.jpg\"><img decoding=\"async\" alt=\"una familia de cuatro personas abraz\u00e1ndose en un sof\u00e1\" src=\"https:\/\/m.media-amazon.com\/images\/S\/aplus-media-library-service-media\/a838c336-b6ac-4dde-a016-0b87b08ffb71.__CR0,0,1464,625_PT0_SX1464_V1___.jpg\">  <\/p>\n<p>                                              <img decoding=\"async\" alt=\"\" src=\"https:\/\/images-na.ssl-images-amazon.com\/images\/G\/01\/x-locale\/common\/grey-pixel.gif\" class=\"a-lazy-loaded\" data-src=\"https:\/\/m.media-amazon.com\/images\/S\/aplus-media-library-service-media\/500b132b-4a2b-4c8e-b5a4-b937ba98a347.__CR0,0,315,145_PT0_SX315_V1___.jpg\"><img decoding=\"async\" alt=\"\" src=\"https:\/\/m.media-amazon.com\/images\/S\/aplus-media-library-service-media\/500b132b-4a2b-4c8e-b5a4-b937ba98a347.__CR0,0,315,145_PT0_SX315_V1___.jpg\">  <\/p>\n<p> Por qu\u00e9 CCN <\/p>\n<p> Nuestro objetivo es marcar una peque\u00f1a diferencia en la vida de las personas mediante productos y servicios de calidad que les hagan la vida m\u00e1s f\u00e1cil y feliz. Desde c\u00e1maras digitales, electrodom\u00e9sticos de cocina, espejos de maquillaje de pie y cualquier otra cosa, haremos que te resulte f\u00e1cil y natural utilizarlos y divertirte con ellos. <\/p>\n<h3> C\u00e1mara Digital <\/h3>\n<h3> CCN 1,2L Termos con pajita <\/h3>\n<h3> Pistola de pulverizaci\u00f3n <\/h3>\n<h3> C\u00e1mara Digital Infantil <\/h3>\n<p> Batteries                                            \u200f                                            :                                            \u200e                                            1 Lithium Polymer batteries required. (included)   <br \/> Package Dimensions                                            \u200f                                            :                                            \u200e                                            18.4 x 14.1 x 13.9 cm; 1.14 kg   <br \/> Date First Available                                            \u200f                                            :                                            \u200e                                            10 Mar. 2025   <br \/> Manufacturer                                            \u200f                                            :                                            \u200e                                            Shenzhen Xinkerun Technology Co Ltd   <br \/> ASIN                                            \u200f                                            :                                            \u200e                                            B0DZXX84R7   <br \/> Item model number                                            \u200f                                            :                                            \u200e                                            W5   <br \/> Country of origin                                            \u200f                                            :                                            \u200e                                            China   <br \/> Guaranteed software updates until                                            \u200f                                            :                                            \u200e                                            unknown   <br \/>       Best Sellers Rank:  39,139 in Electronics (See Top 100 in Electronics)    541 in All-in-One Digital Cameras      <br \/>  Customer reviews:                                                                                            3.6               3.6 out of 5 stars                                  (23)                                              var dpAcrHasRegisteredArcLinkClickAction;                    P.when(&#8216;A&#8217;, &#8216;ready&#8217;).execute(function(A) {                        if (dpAcrHasRegisteredArcLinkClickAction !== true) {                            dpAcrHasRegisteredArcLinkClickAction = true;                            A.declarative(                                &#8216;acrLink-click-metrics&#8217;, &#8216;click&#8217;,                                { \u00aballowLinkDefault\u00bb: true },                                function (event) {                                    if (window.ue) {                                        ue.count(\u00abacrLinkClickCount\u00bb, (ue.count(\u00abacrLinkClickCount\u00bb) || 0) + 1);                                    }                                }                            );                        }                    });                                             P.when(&#8216;A&#8217;, &#8216;cf&#8217;).execute(function(A) {                A.declarative(&#8216;acrStarsLink-click-metrics&#8217;, &#8216;click&#8217;, { \u00aballowLinkDefault\u00bb : true },  function(event){                    if(window.ue) {                        ue.count(\u00abacrStarsLinkWithPopoverClickCount\u00bb, (ue.count(\u00abacrStarsLinkWithPopoverClickCount\u00bb) || 0) + 1);                    }                });            });                          <\/p>\n<p>camera<\/p>\n\n","protected":false},"excerpt":{"rendered":"<p> From the brand Por qu\u00e9 CCN Nuestro objetivo es marcar una peque\u00f1a diferencia en la<\/p>","protected":false},"featured_media":24657,"comment_status":"open","ping_status":"closed","template":"","meta":[],"product_brand":[],"product_cat":[96],"product_tag":[1858,307,681,1859,1861,7278,1865,1854,1855,1856,1863,1860,1862,1857],"class_list":{"0":"post-24656","1":"product","2":"type-product","3":"status-publish","4":"has-post-thumbnail","6":"product_cat-photo-video","7":"product_tag-action-cameras","8":"product_tag-black","9":"product_tag-camera","10":"product_tag-camera-accessories","11":"product_tag-camera-lenses","12":"product_tag-ccn","13":"product_tag-digital","14":"product_tag-digital-cameras","15":"product_tag-dslr-cameras","16":"product_tag-mirrorless-cameras","17":"product_tag-photo-equipment","18":"product_tag-professional-camera","19":"product_tag-tripods","20":"product_tag-video-cameras","22":"first","23":"instock","24":"shipping-taxable","25":"product-type-external"},"_links":{"self":[{"href":"https:\/\/comprasyconsejos.store\/en\/wp-json\/wp\/v2\/product\/24656","targetHints":{"allow":["GET"]}}],"collection":[{"href":"https:\/\/comprasyconsejos.store\/en\/wp-json\/wp\/v2\/product"}],"about":[{"href":"https:\/\/comprasyconsejos.store\/en\/wp-json\/wp\/v2\/types\/product"}],"replies":[{"embeddable":true,"href":"https:\/\/comprasyconsejos.store\/en\/wp-json\/wp\/v2\/comments?post=24656"}],"version-history":[{"count":0,"href":"https:\/\/comprasyconsejos.store\/en\/wp-json\/wp\/v2\/product\/24656\/revisions"}],"wp:featuredmedia":[{"embeddable":true,"href":"https:\/\/comprasyconsejos.store\/en\/wp-json\/wp\/v2\/media\/24657"}],"wp:attachment":[{"href":"https:\/\/comprasyconsejos.store\/en\/wp-json\/wp\/v2\/media?parent=24656"}],"wp:term":[{"taxonomy":"product_brand","embeddable":true,"href":"https:\/\/comprasyconsejos.store\/en\/wp-json\/wp\/v2\/product_brand?post=24656"},{"taxonomy":"product_cat","embeddable":true,"href":"https:\/\/comprasyconsejos.store\/en\/wp-json\/wp\/v2\/product_cat?post=24656"},{"taxonomy":"product_tag","embeddable":true,"href":"https:\/\/comprasyconsejos.store\/en\/wp-json\/wp\/v2\/product_tag?post=24656"}],"curies":[{"name":"wp","href":"https:\/\/api.w.org\/{rel}","templated":true}]}}