{"id":24674,"date":"2026-02-19T09:42:45","date_gmt":"2026-02-19T09:42:45","guid":{"rendered":"https:\/\/comprasyconsejos.store\/product\/msata-iii-internal-solid-state-drive-128gb-ssd\/"},"modified":"2026-02-19T09:42:51","modified_gmt":"2026-02-19T09:42:51","slug":"msata-iii-internal-solid-state-drive-128gb-ssd","status":"publish","type":"product","link":"https:\/\/comprasyconsejos.store\/en\/product\/msata-iii-internal-solid-state-drive-128gb-ssd\/","title":{"rendered":"MSATA III Internal Solid State Drive 128GB SSD"},"content":{"rendered":"<p>Price: <span style=\"color:#b12704\">\u20ac43.99<\/span><br \/><i><small>(as of Feb 19, 2026 09:42:45 UTC &#8211; <span class=\"wp_automatic_amazon_disclaimer\" title=\"Product prices and availability are accurate as of the date\/time indicated and are subject to change. Any price and availability information displayed on [relevant Amazon Site(s), as applicable] at the time of purchase will apply to the purchase of this product.\">Details<\/span>)<\/small><\/i><\/p>\n<p><a href=\"https:\/\/amazon.es\/dp\/B078HZVKFV?tag=man008-21\"><img decoding=\"async\" src=\"https:\/\/valvepress.s3.amazonaws.com\/imgs\/buy_now.png\"><\/a><br \/>\n<\/p>\n<p>                                             Product Description   <\/p>\n<p>                                                                             <img decoding=\"async\" alt=\"El texto dice \u00abYUCUN\u00bb sobre un fondo azul claro. Los m\u00faltiples puertos o interfaces de conexi\u00f3n electr\u00f3nica se muestran en una disposici\u00f3n lineal.\" src=\"https:\/\/images-na.ssl-images-amazon.com\/images\/G\/01\/x-locale\/common\/grey-pixel.gif\" class=\"a-spacing-base a-lazy-loaded\" data-src=\"https:\/\/m.media-amazon.com\/images\/S\/aplus-media-library-service-media\/0c67e182-842e-46ed-b584-f87f35714ae1._CR0,0,970,600_PT0_SX970__.jpg\"><img decoding=\"async\" alt=\"El texto dice \u00abYUCUN\u00bb sobre un fondo azul claro. Los m\u00faltiples puertos o interfaces de conexi\u00f3n electr\u00f3nica se muestran en una disposici\u00f3n lineal.\" src=\"https:\/\/m.media-amazon.com\/images\/S\/aplus-media-library-service-media\/0c67e182-842e-46ed-b584-f87f35714ae1._CR0,0,970,600_PT0_SX970__.jpg\">                                         <\/p>\n<h3 class=\"a-spacing-mini\"> Esto merece su posesi\u00f3n <\/h3>\n<p class=\"a-spacing-base\"> Con doce a\u00f1os de experiencia en la producci\u00f3n de memorizaci\u00f3n, la compa\u00f1\u00eda siempre concede la mayor importancia a la calidad del producto. Porque creemos firmemente que la calidad del producto es solo la vida de la empresa. Gracias al talento profesional y al equipo avanzado, todos nuestros productos est\u00e1n bajo el control m\u00e1s estricto y eficiente de la industria en aspectos de inspecci\u00f3n entrante, t\u00e9cnicas de producci\u00f3n, control de procedimientos, pruebas de productos y control de riesgos de calidad. y productos satisfactorios para los usuarios! <\/p>\n<p>                                                  <img decoding=\"async\" alt=\"MSATA\" src=\"https:\/\/images-na.ssl-images-amazon.com\/images\/G\/01\/x-locale\/common\/grey-pixel.gif\" class=\"a-lazy-loaded\" data-src=\"https:\/\/m.media-amazon.com\/images\/S\/aplus-media-library-service-media\/0cba60de-195d-4647-80b5-c8f73f6c5176._CR0,0,330,330_PT0_SX300__.jpg\"><img decoding=\"async\" alt=\"MSATA\" src=\"https:\/\/m.media-amazon.com\/images\/S\/aplus-media-library-service-media\/0cba60de-195d-4647-80b5-c8f73f6c5176._CR0,0,330,330_PT0_SX300__.jpg\">  <\/p>\n<p> Interfaz: MSATA IIICapacidad: 128 GB. Dimensiones: 30 mm x 50 mm. Velocidad m\u00e1xima de lectura\/escritura: hasta 550\/520 MB\/sAlgoritmo de gesti\u00f3n de memoria flash: actualizaci\u00f3n global est\u00e1tica y din\u00e1mica de desgaste, algoritmo de gesti\u00f3n de bloques defectuososAdmite la gesti\u00f3n de la energ\u00eda de las interfaces ATA y SATA y la tecnolog\u00eda SMART (tecnolog\u00eda de autovigilancia, an\u00e1lisis y generaci\u00f3n de informes)). Resistencia de lectura. ture: ilimitado, retenci\u00f3n de datos: 10 a\u00f1osMTBF: 1.500.000 horas. Temperatura de funcionamiento: 0 a 70 \u00b0 C, temperatura de almacenamiento: -40 a 85 \u00b0 C <\/p>\n<p class=\"apm-text-center\">\n                                                      <img decoding=\"async\" alt=\"HP\" src=\"https:\/\/images-na.ssl-images-amazon.com\/images\/G\/01\/x-locale\/common\/grey-pixel.gif\" class=\"a-lazy-loaded\" data-src=\"https:\/\/m.media-amazon.com\/images\/S\/aplus-media-library-service-media\/ecb5fe29-a880-4170-8452-b5f5c7f3a98c._CR0,0,220,220_PT0_SX220__.jpg\"><img decoding=\"async\" alt=\"HP\" src=\"https:\/\/m.media-amazon.com\/images\/S\/aplus-media-library-service-media\/ecb5fe29-a880-4170-8452-b5f5c7f3a98c._CR0,0,220,220_PT0_SX220__.jpg\">  <\/p>\n<p>                                                    Alto rendimiento                                     <\/p>\n<p class=\"a-size-small\"> YUCUN SSD incorpora memorias sLC cach\u00e9 y DRAM inteligentes dise\u00f1adas para mejorar el rendimiento de lectura\/escritura de 540\/520 MB\/s, respectivamente. Tambi\u00e9n es compatible con los c\u00f3digos de correcci\u00f3n de errores de baja densidad (LDPC) para reducir los errores de datos y mejorar la integridad. <\/p>\n<p class=\"apm-text-center\">\n                                                      <img decoding=\"async\" alt=\"SAFE\" src=\"https:\/\/images-na.ssl-images-amazon.com\/images\/G\/01\/x-locale\/common\/grey-pixel.gif\" class=\"a-lazy-loaded\" data-src=\"https:\/\/m.media-amazon.com\/images\/S\/aplus-media-library-service-media\/059b3e8c-5b1b-4996-80c6-d36b3c04eb71._CR0,0,220,220_PT0_SX220__.jpg\"><img decoding=\"async\" alt=\"SAFE\" src=\"https:\/\/m.media-amazon.com\/images\/S\/aplus-media-library-service-media\/059b3e8c-5b1b-4996-80c6-d36b3c04eb71._CR0,0,220,220_PT0_SX220__.jpg\">  <\/p>\n<p>                                                    Seguridad de los datos                                     <\/p>\n<p class=\"a-size-small\"> El YUCUN SSD no tiene partes m\u00f3viles, por lo que tiene una funci\u00f3n a prueba de golpes. Es compatible con la instrucci\u00f3n TRIM, la funci\u00f3n de gesti\u00f3n de bloques defectuosos, S.M.A.R.T. sistema de monitoreo y tecnolog\u00eda de correcci\u00f3n de errores ECC para garantizar una mayor fiabilidad y seguridad de transmisi\u00f3n de datos. <\/p>\n<p class=\"apm-text-center\">\n                                                      <img decoding=\"async\" alt=\"MULT\" src=\"https:\/\/images-na.ssl-images-amazon.com\/images\/G\/01\/x-locale\/common\/grey-pixel.gif\" class=\"a-lazy-loaded\" data-src=\"https:\/\/m.media-amazon.com\/images\/S\/aplus-media-library-service-media\/a7b73f9f-c99e-4992-9664-5f33728c85e0._CR0,0,220,220_PT0_SX220__.jpg\"><img decoding=\"async\" alt=\"MULT\" src=\"https:\/\/m.media-amazon.com\/images\/S\/aplus-media-library-service-media\/a7b73f9f-c99e-4992-9664-5f33728c85e0._CR0,0,220,220_PT0_SX220__.jpg\">  <\/p>\n<p>                                                    Funcionamiento silencioso                                     <\/p>\n<p class=\"a-size-small\"> YUCUN SSD se compone de componentes Flash y otros componentes semiconductores. No tiene piezas mec\u00e1nicas, por lo que es totalmente silencioso durante el trabajo y el d\u00eda anterior, brind\u00e1ndole un ambiente de trabajo c\u00f3modo y silencioso. <\/p>\n<p class=\"apm-text-center\">\n                                                      <img decoding=\"async\" alt=\"LPC\" src=\"https:\/\/images-na.ssl-images-amazon.com\/images\/G\/01\/x-locale\/common\/grey-pixel.gif\" class=\"a-lazy-loaded\" data-src=\"https:\/\/m.media-amazon.com\/images\/S\/aplus-media-library-service-media\/6296cd9f-9fd3-4880-a003-c702fcb29440._CR0,0,220,220_PT0_SX220__.jpg\"><img decoding=\"async\" alt=\"LPC\" src=\"https:\/\/m.media-amazon.com\/images\/S\/aplus-media-library-service-media\/6296cd9f-9fd3-4880-a003-c702fcb29440._CR0,0,220,220_PT0_SX220__.jpg\">  <\/p>\n<p>                                                    Bajo consumo energ\u00e9tico                                     <\/p>\n<p class=\"a-size-small\"> YUCUN SSD no contiene piezas mec\u00e1nicas. No es f\u00e1cil generar calor en condiciones de trabajo; por lo tanto, el consumo de energ\u00eda es bajo, el rango de temperatura de trabajo es m\u00e1s amplio y puede funcionar a una temperatura entre 0 y 70 \u00b0 C, y la resistencia del equipo se mejora significativamente. <\/p>\n<p>                                                  <img decoding=\"async\" alt=\"aplus content image\" src=\"https:\/\/images-na.ssl-images-amazon.com\/images\/G\/01\/x-locale\/common\/grey-pixel.gif\" class=\"a-lazy-loaded\" data-src=\"https:\/\/m.media-amazon.com\/images\/S\/aplus-media-library-service-media\/0ec7c7dd-764a-4c45-bf1e-7ad61327fd7c._UX300_TTW__.jpg\"><img decoding=\"async\" alt=\"aplus content image\" src=\"https:\/\/m.media-amazon.com\/images\/S\/aplus-media-library-service-media\/0ec7c7dd-764a-4c45-bf1e-7ad61327fd7c._UX300_TTW__.jpg\">  <\/p>\n<p> Puede confiar en los productos de almacenamiento de YUCUN si necesita mejorar el rendimiento del almacenamiento y esperar una experiencia agradable. Todos nuestros productos han adoptado materias primas cuidadosamente seleccionadas y han pasado pruebas rigurosas en el proceso de producci\u00f3n. Ciertamente, YUCUN SSD tiene un rendimiento de lectura\/escritura alto y r\u00e1pido, lo que podr\u00eda satisfacer f\u00e1cilmente sus requisitos de rendimiento general del sistema. <\/p>\n<p> Is discontinued by manufacturer                                            \u200f                                            :                                            \u200e                                            No   <br \/> Product Dimensions                                            \u200f                                            :                                            \u200e                                            5 x 3 x 0.3 cm; 40 g   <br \/> Manufacturer                                            \u200f                                            :                                            \u200e                                            YUCUN   <br \/> ASIN                                            \u200f                                            :                                            \u200e                                            B078HZVKFV   <br \/> Item model number                                            \u200f                                            :                                            \u200e                                            M580 128GB G28   <br \/> Country of origin                                            \u200f                                            :                                            \u200e                                            China   <br \/> Guaranteed software updates until                                            \u200f                                            :                                            \u200e                                            unknown   <br \/>  Customer reviews:                                                                                            4.4               4.4 out of 5 stars                                  (1,244)                                              var dpAcrHasRegisteredArcLinkClickAction;                    P.when(&#8216;A&#8217;, &#8216;ready&#8217;).execute(function(A) {                        if (dpAcrHasRegisteredArcLinkClickAction !== true) {                            dpAcrHasRegisteredArcLinkClickAction = true;                            A.declarative(                                &#8216;acrLink-click-metrics&#8217;, &#8216;click&#8217;,                                { \u00aballowLinkDefault\u00bb: true },                                function (event) {                                    if (window.ue) {                                        ue.count(\u00abacrLinkClickCount\u00bb, (ue.count(\u00abacrLinkClickCount\u00bb) || 0) + 1);                                    }                                }                            );                        }                    });                                             P.when(&#8216;A&#8217;, &#8216;cf&#8217;).execute(function(A) {                A.declarative(&#8216;acrStarsLink-click-metrics&#8217;, &#8216;click&#8217;, { \u00aballowLinkDefault\u00bb : true },  function(event){                    if(window.ue) {                        ue.count(\u00abacrStarsLinkWithPopoverClickCount\u00bb, (ue.count(\u00abacrStarsLinkWithPopoverClickCount\u00bb) || 0) + 1);                    }                });            });                          <\/p>\n<p>Note that mSATA is a universal interface. Whether the mSATA interface on the motherboard supports devices such as solid state drives, wireless network cards, Bluetooth modules, etc., depends on the design of the motherboard manufacturer. Before purchasing an mSATA solid-state drive, be sure to consult your computer manufacturer to confirm compatibility and avoid problems with the drive that is not recognized after installation.<br \/>High-speed performance and reliability: With sequential read\/write speeds of up to 520MB\/s and 500MB\/s respectively, this mSATA SATA III SSD ensures fast start-up, shutdown, and application response. It has an MTBF of 1,500,000 hours and retains data for up to 10 years.<br \/>Advanced Technologies: Supports SMART (Auto-Monitoring, Analysis and Reporting Technology), dynamic power management, NCQ and Trim functionalities, optimizing daily computing performance.<br \/>Robust design: The YUCUN SSD is uniquely designed with no moving parts, offering protection against potential data loss from accidental drops or impacts.<br \/>Versatile use: Ideal for conventional PCs and laptops, suitable for personal, gaming and business applications.<\/p>\n\n","protected":false},"excerpt":{"rendered":"<p> Product Description Esto merece su posesi\u00f3n Con doce a\u00f1os de experiencia en la producci\u00f3n de<\/p>","protected":false},"featured_media":24675,"comment_status":"open","ping_status":"closed","template":"","meta":[],"product_brand":[],"product_cat":[81],"product_tag":[700,1455,1457,1468,795,1461,1647,1120,1459,7288,1452,1465,1463,812,513,1466,813],"class_list":{"0":"post-24674","1":"product","2":"type-product","3":"status-publish","4":"has-post-thumbnail","6":"product_cat-ssd-drive","7":"product_tag-128gb","8":"product_tag-1tb-ssd","9":"product_tag-512gb-ssd","10":"product_tag-best-ssd","11":"product_tag-drive","12":"product_tag-gaming-ssd","13":"product_tag-iii","14":"product_tag-internal","15":"product_tag-m-2-ssd","16":"product_tag-msata","17":"product_tag-nvme-ssd","18":"product_tag-portable-ssd","19":"product_tag-sata-ssd","20":"product_tag-solid","21":"product_tag-ssd","22":"product_tag-ssd-price","23":"product_tag-state","25":"first","26":"instock","27":"shipping-taxable","28":"product-type-external"},"_links":{"self":[{"href":"https:\/\/comprasyconsejos.store\/en\/wp-json\/wp\/v2\/product\/24674","targetHints":{"allow":["GET"]}}],"collection":[{"href":"https:\/\/comprasyconsejos.store\/en\/wp-json\/wp\/v2\/product"}],"about":[{"href":"https:\/\/comprasyconsejos.store\/en\/wp-json\/wp\/v2\/types\/product"}],"replies":[{"embeddable":true,"href":"https:\/\/comprasyconsejos.store\/en\/wp-json\/wp\/v2\/comments?post=24674"}],"version-history":[{"count":0,"href":"https:\/\/comprasyconsejos.store\/en\/wp-json\/wp\/v2\/product\/24674\/revisions"}],"wp:featuredmedia":[{"embeddable":true,"href":"https:\/\/comprasyconsejos.store\/en\/wp-json\/wp\/v2\/media\/24675"}],"wp:attachment":[{"href":"https:\/\/comprasyconsejos.store\/en\/wp-json\/wp\/v2\/media?parent=24674"}],"wp:term":[{"taxonomy":"product_brand","embeddable":true,"href":"https:\/\/comprasyconsejos.store\/en\/wp-json\/wp\/v2\/product_brand?post=24674"},{"taxonomy":"product_cat","embeddable":true,"href":"https:\/\/comprasyconsejos.store\/en\/wp-json\/wp\/v2\/product_cat?post=24674"},{"taxonomy":"product_tag","embeddable":true,"href":"https:\/\/comprasyconsejos.store\/en\/wp-json\/wp\/v2\/product_tag?post=24674"}],"curies":[{"name":"wp","href":"https:\/\/api.w.org\/{rel}","templated":true}]}}