{"id":24690,"date":"2026-02-19T09:50:57","date_gmt":"2026-02-19T09:50:57","guid":{"rendered":"https:\/\/comprasyconsejos.store\/product\/timetec-16gb-kit2x8gb-ddr3l-ddr3-1600mhz-ddr3l-1600-pc3l-12800-pc3-12800-non-ecc-unbuffered-1-35v-1-5v-cl11-2rx8-dual-rank-240-pin-udimm-memory-ram-module\/"},"modified":"2026-02-19T09:50:57","modified_gmt":"2026-02-19T09:50:57","slug":"timetec-16gb-kit2x8gb-ddr3l-ddr3-1600mhz-ddr3l-1600-pc3l-12800-pc3-12800-non-ecc-unbuffered-1-35v-1-5v-cl11-2rx8-dual-rank-240-pin-udimm-memory-ram-module","status":"publish","type":"product","link":"https:\/\/comprasyconsejos.store\/en\/product\/timetec-16gb-kit2x8gb-ddr3l-ddr3-1600mhz-ddr3l-1600-pc3l-12800-pc3-12800-non-ecc-unbuffered-1-35v-1-5v-cl11-2rx8-dual-rank-240-pin-udimm-memory-ram-module\/","title":{"rendered":"Timetec 16GB Kit(2x8GB) DDR3L \/ DDR3 1600MHz (DDR3L-1600) PC3L-12800 \/ PC3-12800 Non-ECC Unbuffered 1.35V \/ 1.5V CL11 2Rx8 Dual Rank 240 Pin UDIMM Memory RAM Module"},"content":{"rendered":"<p>Price: <span style=\"color:#b12704\">\u20ac47.99<\/span><br \/><i><small>(as of Feb 19, 2026 09:50:57 UTC &#8211; <span class=\"wp_automatic_amazon_disclaimer\" title=\"Product prices and availability are accurate as of the date\/time indicated and are subject to change. Any price and availability information displayed on [relevant Amazon Site(s), as applicable] at the time of purchase will apply to the purchase of this product.\">Details<\/span>)<\/small><\/i><\/p>\n<p><a href=\"https:\/\/amazon.es\/dp\/B01N7WGQBX?tag=man008-21\"><img decoding=\"async\" src=\"https:\/\/valvepress.s3.amazonaws.com\/imgs\/buy_now.png\"><\/a><br \/>\n<\/p>\n<p>                                             Product Description   <\/p>\n<p>The video showcases the product in use.The video guides you through product setup.The video compares multiple products.The video shows the product being unpacked. Timetec DDR3 UDIMM Merchant video<\/p>\n<h3 class=\"aplus-h1 aplus-module-1-heading a-text-bold\"> Calidad asegurada, velocidad r\u00e1pida, alto rendimiento <\/h3>\n<p class=\"aplus-p2 aplus-module-1-description\"> Todos los m\u00f3dulos de Timetec est\u00e1n construidos a partir de circuitos integrados de chips premium estrictamente seleccionados para un potencial de alto rendimiento que permita una excelente estabilidad y est\u00e1n respaldados por el programa de reemplazo avanzado de Timetec. Todos los m\u00f3dulos de memoria est\u00e1n dise\u00f1ados para funcionar incluso en los entornos m\u00e1s extremos y trabajan rigurosamente para garantizar que cada m\u00f3dulo cumpla con nuestro estricto rendimiento. <\/p>\n<p>                                           <img decoding=\"async\" alt=\"en paquete. La etiqueta muestra la marca \u00abELITE\u00bb y las especificaciones t\u00e9cnicas, incluidas las memorias DDR4 y 3200 MHz\" src=\"https:\/\/images-na.ssl-images-amazon.com\/images\/G\/01\/x-locale\/common\/grey-pixel.gif\" class=\"a-lazy-loaded\" data-src=\"https:\/\/m.media-amazon.com\/images\/S\/aplus-media-library-service-media\/cbd1a302-8ca5-4dc1-877e-fff7a757892e.__CR0,0,800,600_PT0_SX800_V1___.jpg\"><img decoding=\"async\" alt=\"en paquete. La etiqueta muestra la marca \u00abELITE\u00bb y las especificaciones t\u00e9cnicas, incluidas las memorias DDR4 y 3200 MHz\" src=\"https:\/\/m.media-amazon.com\/images\/S\/aplus-media-library-service-media\/cbd1a302-8ca5-4dc1-877e-fff7a757892e.__CR0,0,800,600_PT0_SX800_V1___.jpg\">          <\/p>\n<h3 class=\"a-size-extra-large a-spacing-base a-text-center\"> Especificaciones <\/h3>\n<p>                                                        Tipo de M\u00f3dulo                                    DDR3 Non-ECC Unbuffered UDIMM                                        Frecuencia                                    1600MHz                                        Latencia CAS                                    CL11                                        Capacidad                                    4GB \/ 8GB                                         Voltaje                                    1.35V \/ 1.5V                                        Pines                                    240 Pines                                        Dimensiones                                    30(H) x 133.4(L)mm                  <\/p>\n<p>                                                                                                       <img decoding=\"async\" alt=\"El m\u00f3dulo RAM de la computadora se inserta en una ranura de la placa base dentro de una carcasa de computadora abierta. La memoria RAM cuenta con difusores de calor visibles y una placa de circuito\" src=\"https:\/\/images-na.ssl-images-amazon.com\/images\/G\/01\/x-locale\/common\/grey-pixel.gif\" class=\"a-lazy-loaded\" data-src=\"https:\/\/m.media-amazon.com\/images\/S\/aplus-media-library-service-media\/1abfed65-b8e2-4955-bd78-d9ae83da465c.__CR0,0,1464,600_PT0_SX1464_V1___.jpg\"><img decoding=\"async\" alt=\"El m\u00f3dulo RAM de la computadora se inserta en una ranura de la placa base dentro de una carcasa de computadora abierta. La memoria RAM cuenta con difusores de calor visibles y una placa de circuito\" src=\"https:\/\/m.media-amazon.com\/images\/S\/aplus-media-library-service-media\/1abfed65-b8e2-4955-bd78-d9ae83da465c.__CR0,0,1464,600_PT0_SX1464_V1___.jpg\">                                                                                    Aumentar la multitarea                                        <\/p>\n<p class=\"aplus-p2 aplus-module-2-description\"> La memoria Timetec est\u00e1 dise\u00f1ada para maximizar la efectividad y eficiencia de su sistema de escritorio y aumentar las capacidades multitarea de su escritorio. <\/p>\n<p>                                                                                                       <img decoding=\"async\" alt=\"la nueva tarjeta de memoria acer es una tarjeta de memoria que se puede utilizar para imprimir la tarjeta de memoria.\" src=\"https:\/\/images-na.ssl-images-amazon.com\/images\/G\/01\/x-locale\/common\/grey-pixel.gif\" class=\"a-lazy-loaded\" data-src=\"https:\/\/m.media-amazon.com\/images\/S\/aplus-media-library-service-media\/5ecc7802-7bd2-40e4-9673-d2baddcd0559.__CR0,0,1464,600_PT0_SX1464_V1___.jpg\"><img decoding=\"async\" alt=\"la nueva tarjeta de memoria acer es una tarjeta de memoria que se puede utilizar para imprimir la tarjeta de memoria.\" src=\"https:\/\/m.media-amazon.com\/images\/S\/aplus-media-library-service-media\/5ecc7802-7bd2-40e4-9673-d2baddcd0559.__CR0,0,1464,600_PT0_SX1464_V1___.jpg\">                                                                                    Amplia compatibilidad                                        <\/p>\n<p class=\"aplus-p2 aplus-module-2-description\"> Todos los m\u00f3dulos de Timetec trabajan exhaustivamente a nivel de componente en cuanto a resistencias de voltaje y temperatura, integridad de la se\u00f1al y compatibilidad de software para garantizar una alta estabilidad. <\/p>\n<p>                                                                                                       <img decoding=\"async\" alt=\"Similar a la imagen 6, que muestra gotas de agua o l\u00edquido capturadas en movimiento sobre un fondo oscuro con iluminaci\u00f3n azul.\" src=\"https:\/\/images-na.ssl-images-amazon.com\/images\/G\/01\/x-locale\/common\/grey-pixel.gif\" class=\"a-lazy-loaded\" data-src=\"https:\/\/m.media-amazon.com\/images\/S\/aplus-media-library-service-media\/fc37d726-7f8b-495f-8049-5df8367ab0ee.__CR479,0,4163,1706_PT0_SX1464_V1___.jpg\"><img decoding=\"async\" alt=\"Similar a la imagen 6, que muestra gotas de agua o l\u00edquido capturadas en movimiento sobre un fondo oscuro con iluminaci\u00f3n azul.\" src=\"https:\/\/m.media-amazon.com\/images\/S\/aplus-media-library-service-media\/fc37d726-7f8b-495f-8049-5df8367ab0ee.__CR479,0,4163,1706_PT0_SX1464_V1___.jpg\">                                                                                    Componentes de alta calidad y pruebas estrictas                                        <\/p>\n<p class=\"aplus-p2 aplus-module-2-description\"> Timetec ha seleccionado una matriz IC de alta calidad que se ha sometido a pruebas exhaustivas de compatibilidad y confiabilidad para garantizar una memoria que brinde estabilidad y compatibilidad. <\/p>\n<h3 class=\"a-text-center aplus-heading aplus-h1 a-text-bold\"> Memoria de escritorio serie TIMETEC PREMIUM <\/h3>\n<p class=\"aplus-p3 a-text-bold\"> Tipo de M\u00f3dulo <\/p>\n<p class=\"aplus-p3\"> DDR3 240 Pin Non-ECC Unbuffered DIMM <\/p>\n<p class=\"aplus-p3 a-text-bold\"> Tipo de M\u00f3dulo <\/p>\n<p class=\"aplus-p3\"> DDR4 288 Pin Non-ECC Unbuffered DIMM <\/p>\n<p class=\"aplus-p3 a-text-bold\"> Tipo de M\u00f3dulo <\/p>\n<p class=\"aplus-p3\"> DDR5 288 Pin Non-ECC Unbuffered DIMM <\/p>\n<p class=\"aplus-p3 a-text-bold\"> Frecuencia <\/p>\n<p class=\"aplus-p3\"> 1333MHz \/ 1600MHz <\/p>\n<p class=\"aplus-p3 a-text-bold\"> Frecuencia <\/p>\n<p class=\"aplus-p3\"> De 2133MHz a 3200MHz <\/p>\n<p class=\"aplus-p3 a-text-bold\"> Frecuencia <\/p>\n<p class=\"aplus-p3\"> 4800MHz \/ 5600MHz <\/p>\n<p class=\"aplus-p3 a-text-bold\"> Latencia  <\/p>\n<p class=\"aplus-p3\"> 1333MHz &#8211; CL9 \/ 1600MHz &#8211; CL11 <\/p>\n<p class=\"aplus-p3 a-text-bold\"> Latencia  <\/p>\n<p class=\"aplus-p3\"> 2400MHz-CL16 \/ 2666MHz-CL19 \/ 3200MHz-CL22 \/ 3600MHz &#8211; CL18 <\/p>\n<p class=\"aplus-p3 a-text-bold\"> Latencia  <\/p>\n<p class=\"aplus-p3\"> 4800MHz &#8211; CL40 \/ 5600MHz &#8211; CL46 <\/p>\n<p class=\"aplus-p3 a-text-bold\"> Capacidad <\/p>\n<p class=\"aplus-p3\"> 4GB \/ 8GB (que incluye rango \u00fanico y rango dual) <\/p>\n<p class=\"aplus-p3 a-text-bold\"> Capacidad <\/p>\n<p class=\"aplus-p3\"> From 8GB to 32GB (que incluye rango \u00fanico y rango dual) <\/p>\n<p class=\"aplus-p3 a-text-bold\"> Capacidad <\/p>\n<p class=\"aplus-p3\"> From 16GB \/ 32GB (que incluye rango \u00fanico y rango dual) <\/p>\n<p class=\"aplus-p3 a-text-bold\"> Voltaje <\/p>\n<p class=\"aplus-p3\"> 1.35V \/ 1.5V <\/p>\n<p class=\"aplus-p3 a-text-bold\"> Voltaje <\/p>\n<p class=\"aplus-p3\"> 1.2V <\/p>\n<p class=\"aplus-p3 a-text-bold\"> Voltaje <\/p>\n<p class=\"aplus-p3\"> 1.2V <\/p>\n<p> Is discontinued by manufacturer                                            \u200f                                            :                                            \u200e                                            No   <br \/> Product Dimensions                                            \u200f                                            :                                            \u200e                                            17 x 1.3 x 10 cm; 40 g   <br \/> Manufacturer                                            \u200f                                            :                                            \u200e                                            Timetec   <br \/> ASIN                                            \u200f                                            :                                            \u200e                                            B01N7WGQBX   <br \/> Item model number                                            \u200f                                            :                                            \u200e                                            16GB Kit(2x8GB)   <br \/> Country of origin                                            \u200f                                            :                                            \u200e                                            Taiwan   <br \/> Guaranteed software updates until                                            \u200f                                            :                                            \u200e                                            unknown   <br \/>  Customer reviews:                                                                                            4.6               4.6 out of 5 stars                                  (7,980)                                              var dpAcrHasRegisteredArcLinkClickAction;                    P.when(&#8216;A&#8217;, &#8216;ready&#8217;).execute(function(A) {                        if (dpAcrHasRegisteredArcLinkClickAction !== true) {                            dpAcrHasRegisteredArcLinkClickAction = true;                            A.declarative(                                &#8216;acrLink-click-metrics&#8217;, &#8216;click&#8217;,                                { \u00aballowLinkDefault\u00bb: true },                                function (event) {                                    if (window.ue) {                                        ue.count(\u00abacrLinkClickCount\u00bb, (ue.count(\u00abacrLinkClickCount\u00bb) || 0) + 1);                                    }                                }                            );                        }                    });                                             P.when(&#8216;A&#8217;, &#8216;cf&#8217;).execute(function(A) {                A.declarative(&#8216;acrStarsLink-click-metrics&#8217;, &#8216;click&#8217;, { \u00aballowLinkDefault\u00bb : true },  function(event){                    if(window.ue) {                        ue.count(\u00abacrStarsLinkWithPopoverClickCount\u00bb, (ue.count(\u00abacrStarsLinkWithPopoverClickCount\u00bb) || 0) + 1);                    }                });            });                          <\/p>\n<p>DDR3L \/ DDR3 1600MHz PC3L-12800 \/ PC3-12800 240-pin Unbuffered Unbuffered UnECC 1.35V \/ 1.5V CL11 Dual Rank 2Rx8 based on 256&#215;8<br \/>Module size: 16GB KIT (2 x 8GB modules) Package: 2 x 8GB; JEDEC standard 1.35V, this is a dual voltage part and can work at 1.35V or 1.5V<br \/>PCB color may be different (black or green) due to different production batches; All Timetec products are high quality and rigorously tested to meet strict standards.<br \/>For DDR3 desktops, compatible with Intel and AMD CPUs, not for laptops<br \/>Lifetime Warranty Guaranteed from the date of purchase and free US based technical support.<\/p>\n\n","protected":false},"excerpt":{"rendered":"<p> Product Description The video showcases the product in use.The video guides you through product setup.The<\/p>","protected":false},"featured_media":24691,"comment_status":"open","ping_status":"closed","template":"","meta":[],"product_brand":[],"product_cat":[77],"product_tag":[1497,1257,1734,509,1480,2791,1481,2790,1245,1733,6021,1478,1479,1484,298,1482,1732,1483,511,2387,2382,2789,2788,1548,587,1487,2385,1486,1724,2386,1549],"class_list":{"0":"post-24690","1":"product","2":"type-product","3":"status-publish","4":"has-post-thumbnail","6":"product_cat-memory-ram","7":"product_tag-1-35v","8":"product_tag-1-5v","9":"product_tag-1600mhz","10":"product_tag-16gb","11":"product_tag-16gb-ram","12":"product_tag-2rx8","13":"product_tag-32gb-ram","14":"product_tag-cl11","15":"product_tag-ddr3","16":"product_tag-ddr3l","17":"product_tag-ddr3l1600","18":"product_tag-ddr4-ram","19":"product_tag-ddr5-ram","20":"product_tag-desktop-ram","21":"product_tag-dual","22":"product_tag-gaming-ram","23":"product_tag-kit2x8gb","24":"product_tag-laptop-ram","25":"product_tag-memory","26":"product_tag-module","27":"product_tag-nonecc","28":"product_tag-pc312800","29":"product_tag-pc3l12800","30":"product_tag-pin","31":"product_tag-ram","32":"product_tag-ram-price","33":"product_tag-rank","34":"product_tag-rgb-ram","35":"product_tag-timetec","36":"product_tag-udimm","37":"product_tag-unbuffered","39":"first","40":"instock","41":"shipping-taxable","42":"product-type-external"},"_links":{"self":[{"href":"https:\/\/comprasyconsejos.store\/en\/wp-json\/wp\/v2\/product\/24690","targetHints":{"allow":["GET"]}}],"collection":[{"href":"https:\/\/comprasyconsejos.store\/en\/wp-json\/wp\/v2\/product"}],"about":[{"href":"https:\/\/comprasyconsejos.store\/en\/wp-json\/wp\/v2\/types\/product"}],"replies":[{"embeddable":true,"href":"https:\/\/comprasyconsejos.store\/en\/wp-json\/wp\/v2\/comments?post=24690"}],"version-history":[{"count":0,"href":"https:\/\/comprasyconsejos.store\/en\/wp-json\/wp\/v2\/product\/24690\/revisions"}],"wp:featuredmedia":[{"embeddable":true,"href":"https:\/\/comprasyconsejos.store\/en\/wp-json\/wp\/v2\/media\/24691"}],"wp:attachment":[{"href":"https:\/\/comprasyconsejos.store\/en\/wp-json\/wp\/v2\/media?parent=24690"}],"wp:term":[{"taxonomy":"product_brand","embeddable":true,"href":"https:\/\/comprasyconsejos.store\/en\/wp-json\/wp\/v2\/product_brand?post=24690"},{"taxonomy":"product_cat","embeddable":true,"href":"https:\/\/comprasyconsejos.store\/en\/wp-json\/wp\/v2\/product_cat?post=24690"},{"taxonomy":"product_tag","embeddable":true,"href":"https:\/\/comprasyconsejos.store\/en\/wp-json\/wp\/v2\/product_tag?post=24690"}],"curies":[{"name":"wp","href":"https:\/\/api.w.org\/{rel}","templated":true}]}}