{"id":24726,"date":"2026-02-19T10:06:21","date_gmt":"2026-02-19T10:06:21","guid":{"rendered":"https:\/\/comprasyconsejos.store\/product\/nubwo-g06-wireless-gaming-headset-with-50mm-drivers-for-pc-ps5-ps4-ns-mobilewireless-gaming-headset-with-2-4-ghzbluetooth-5-3-dual-mode7-1-surround-sound100hr-duration-orange\/"},"modified":"2026-02-19T10:06:23","modified_gmt":"2026-02-19T10:06:23","slug":"nubwo-g06-wireless-gaming-headset-with-50mm-drivers-for-pc-ps5-ps4-ns-mobilewireless-gaming-headset-with-2-4-ghzbluetooth-5-3-dual-mode7-1-surround-sound100hr-duration-orange","status":"publish","type":"product","link":"https:\/\/comprasyconsejos.store\/en\/product\/nubwo-g06-wireless-gaming-headset-with-50mm-drivers-for-pc-ps5-ps4-ns-mobilewireless-gaming-headset-with-2-4-ghzbluetooth-5-3-dual-mode7-1-surround-sound100hr-duration-orange\/","title":{"rendered":"NUBWO G06 Wireless Gaming Headset with 50mm Drivers for PC\/Ps5\/Ps4\/NS\/Mobile,Wireless Gaming Headset with 2.4 GHz+Bluetooth 5.3 Dual Mode,7.1 Surround Sound,100Hr+ Duration &#8211; Orange"},"content":{"rendered":"<p>Price: <span style=\"color:#b12704\">\u20ac49.99<\/span><br \/><i><small>(as of Feb 19, 2026 10:06:21 UTC &#8211; <span class=\"wp_automatic_amazon_disclaimer\" title=\"Product prices and availability are accurate as of the date\/time indicated and are subject to change. Any price and availability information displayed on [relevant Amazon Site(s), as applicable] at the time of purchase will apply to the purchase of this product.\">Details<\/span>)<\/small><\/i><\/p>\n<p><a href=\"https:\/\/amazon.es\/dp\/B08X3HCW5Q?tag=man008-21\"><img decoding=\"async\" src=\"https:\/\/valvepress.s3.amazonaws.com\/imgs\/buy_now.png\"><\/a><br \/>\n<\/p>\n<p>                                             Product Description   <\/p>\n<p>The video showcases the product in use.The video guides you through product setup.The video compares multiple products.The video shows the product being unpacked. hero-video Merchant video<\/p>\n<p>                                                                                                       <img decoding=\"async\" alt=\"auriculares con cable\" src=\"https:\/\/images-na.ssl-images-amazon.com\/images\/G\/01\/x-locale\/common\/grey-pixel.gif\" class=\"a-lazy-loaded\" data-src=\"https:\/\/m.media-amazon.com\/images\/S\/aplus-media-library-service-media\/b6254dc8-2aea-4af6-a441-d5adb3f99def.__CR0,0,1464,600_PT0_SX1464_V1___.jpg\"><img decoding=\"async\" alt=\"auriculares con cable\" src=\"https:\/\/m.media-amazon.com\/images\/S\/aplus-media-library-service-media\/b6254dc8-2aea-4af6-a441-d5adb3f99def.__CR0,0,1464,600_PT0_SX1464_V1___.jpg\">                                                                                    Nunca Pierdas Una Llamada                                        <\/p>\n<p class=\"aplus-p2 aplus-module-2-description\"> Utilice tecnolog\u00eda inal\u00e1mbrica dual para jugar y mantenerse alerta de llamadas. No te pierdas nunca llamadas importantes mientras est\u00e1s inmerso en los deportes electr\u00f3nicos, equilibrando ambos mundos a la perfecci\u00f3n. <\/p>\n<p>                                                                <img decoding=\"async\" alt=\"\" src=\"https:\/\/images-na.ssl-images-amazon.com\/images\/G\/01\/x-locale\/common\/grey-pixel.gif\" class=\"a-lazy-loaded\" data-src=\"https:\/\/m.media-amazon.com\/images\/S\/aplus-media-library-service-media\/e87641e9-c963-4d97-9c03-98250a0056b0.__CR0,0,1464,600_PT0_SX1464_V1___.jpg\"><img decoding=\"async\" alt=\"\" src=\"https:\/\/m.media-amazon.com\/images\/S\/aplus-media-library-service-media\/e87641e9-c963-4d97-9c03-98250a0056b0.__CR0,0,1464,600_PT0_SX1464_V1___.jpg\">        <\/p>\n<p>                                                                                                                    <img decoding=\"async\" alt=\"auriculares gaming inalambricos\" src=\"https:\/\/m.media-amazon.com\/images\/S\/aplus-media-library-service-media\/5816fa30-7889-4187-9c18-dc7026b1061b.__CR0,0,1464,600_PT0_SX1464_V1___.jpg\">                                                                                           Mejore Su Experiencia De Audio                                       <\/p>\n<p class=\"description aplus-p1\"> Transforme su escucha con nuestros controladores de 50 mm: sum\u00e9rjase en la inmersi\u00f3n del audio. <\/p>\n<p>                                                      <img decoding=\"async\" alt=\"auriculares\" src=\"https:\/\/m.media-amazon.com\/images\/S\/aplus-media-library-service-media\/a3b78a19-ea5e-42cf-8bce-d244651d91ef.__CR0,0,1464,600_PT0_SX1464_V1___.jpg\">                                                                                           Una Aventura De Audio Sin Fin Te Espera                                       <\/p>\n<p class=\"description aplus-p1\"> Juega 3 horas diarias; \u00a1Nuestro dispositivo dura un mes con una sola carga. <\/p>\n<p>                                                      <img decoding=\"async\" alt=\"auriculares ps5\" src=\"https:\/\/m.media-amazon.com\/images\/S\/aplus-media-library-service-media\/ebdf2516-1de2-4b0b-9cd7-75e0965b31bf.__CR0,0,1464,600_PT0_SX1464_V1___.jpg\">                                                                                           La Comodidad Se Une a La Calidad en Los Juegos                                       <\/p>\n<p class=\"description aplus-p1\"> Almohadillas de tela de malla octogonal: experimente comodidad y suavidad supremas. <\/p>\n<p>                                                      <img decoding=\"async\" alt=\"cascos inalambricos gaming\" src=\"https:\/\/m.media-amazon.com\/images\/S\/aplus-media-library-service-media\/d6f2c700-873e-485f-ab0f-5bd928bf3d15.__CR0,0,1464,600_PT0_SX1464_V1___.jpg\">                                                                                           Sincronizado Instant\u00e1neamente                                       <\/p>\n<p class=\"description aplus-p1\"> Sum\u00e9rgete en tu mundo de juego con un disfrute fluido y sin demoras. <\/p>\n<p>                                                      <img decoding=\"async\" alt=\"cascos inalambricos\" src=\"https:\/\/m.media-amazon.com\/images\/S\/aplus-media-library-service-media\/400f5356-0c1c-431d-9b9a-15ae6757b6ea.__CR0,0,1464,600_PT0_SX1464_V1___.jpg\">                                                                                           Claridad Enfocada, Ruido Reducido                                       <\/p>\n<p class=\"description aplus-p1\"> El micr\u00f3fono unidireccional filtra el ruido ambiental y captura su voz de manera clara y enfocada. <\/p>\n<p>                            1 Controladores De 50 mm <\/p>\n<p>                            2 100 Horas de Potencia <\/p>\n<p>                            3 Almohadillas De Tela <\/p>\n<p>                            4 Retraso Cero <\/p>\n<p>                            5 Micr\u00f3fono Unidireccional <\/p>\n<p>                                                                                                       <img decoding=\"async\" alt=\"auriculares gaming\" src=\"https:\/\/images-na.ssl-images-amazon.com\/images\/G\/01\/x-locale\/common\/grey-pixel.gif\" class=\"a-lazy-loaded\" data-src=\"https:\/\/m.media-amazon.com\/images\/S\/aplus-media-library-service-media\/26b8d37b-503c-42ad-9a7f-484e1eee13ae.__CR0,0,1464,600_PT0_SX1464_V1___.jpg\"><img decoding=\"async\" alt=\"auriculares gaming\" src=\"https:\/\/m.media-amazon.com\/images\/S\/aplus-media-library-service-media\/26b8d37b-503c-42ad-9a7f-484e1eee13ae.__CR0,0,1464,600_PT0_SX1464_V1___.jpg\">                                               <\/p>\n<p>                                                                                                       <img decoding=\"async\" alt=\"playstation 5\" src=\"https:\/\/images-na.ssl-images-amazon.com\/images\/G\/01\/x-locale\/common\/grey-pixel.gif\" class=\"a-lazy-loaded\" data-src=\"https:\/\/m.media-amazon.com\/images\/S\/aplus-media-library-service-media\/3fd08029-7b1f-4c16-8cda-63f23b8ac16c.__CR0,0,1464,600_PT0_SX1464_V1___.jpg\"><img decoding=\"async\" alt=\"playstation 5\" src=\"https:\/\/m.media-amazon.com\/images\/S\/aplus-media-library-service-media\/3fd08029-7b1f-4c16-8cda-63f23b8ac16c.__CR0,0,1464,600_PT0_SX1464_V1___.jpg\">                                               <\/p>\n<h3>\n<p class=\"aplus-question aplus-p1\"> \u00bfSe puede utilizar la funci\u00f3n inal\u00e1mbrica del NUBWO G06 con Xbox? <\/p>\n<\/h3>\n<p class=\"aplus-answer aplus-p2\"> No, no puede. Solo admite el modo cableado cuando se conecta con un controlador. <\/p>\n<h3>\n<p class=\"aplus-question aplus-p1\"> \u00bfPor qu\u00e9 no puedo conectarme a la funci\u00f3n inal\u00e1mbrica en el primer uso? <\/p>\n<\/h3>\n<p class=\"aplus-answer aplus-p2\"> La primera vez que lo usa, el emparejamiento requiere m\u00e1s de 10 segundos. <\/p>\n<h3>\n<p class=\"aplus-question aplus-p1\"> \u00bfC\u00f3mo uso la funci\u00f3n de alerta de llamada? <\/p>\n<\/h3>\n<p class=\"aplus-answer aplus-p2\"> Conecte los auriculares a la consola con el dongle de 2,4 Ghz. Presione el bot\u00f3n de encendido dos veces para el modo Bluetooth, vinc\u00falelo con su tel\u00e9fono y luego presione dos veces nuevamente para volver al modo inal\u00e1mbrico. <\/p>\n<h3>\n<p class=\"aplus-question aplus-p1\"> \u00bfC\u00f3mo cambio de modo? <\/p>\n<\/h3>\n<p class=\"aplus-answer aplus-p2\"> Los auriculares se inician en modo inal\u00e1mbrico de 2,4 Ghz de forma predeterminada. Puede cambiar entre los modos inal\u00e1mbrico y Bluetooth presionando el bot\u00f3n de encendido dos veces. <\/p>\n<h3>\n<p class=\"aplus-question aplus-p1\"> \u00bfPuedo jugar mientras estoy cargando? <\/p>\n<\/h3>\n<p class=\"aplus-answer aplus-p2\"> Por seguridad el\u00e9ctrica, el G06 no se puede utilizar mientras se carga. <\/p>\n<p> Batteries                                            \u200f                                            :                                            \u200e                                            1 A batteries required. (included)   <br \/> Language                                            \u200f                                            :                                            \u200e                                            English   <br \/> Product Dimensions                                            \u200f                                            :                                            \u200e                                            19.81 x 10.72 x 20.5 cm; 350 g   <br \/> Manufacturer                                            \u200f                                            :                                            \u200e                                            NUBWO   <br \/> ASIN                                            \u200f                                            :                                            \u200e                                            B08X3HCW5Q   <br \/> Item model number                                            \u200f                                            :                                            \u200e                                            G06   <br \/> Country\/Region of Origin                                            \u200f                                            :                                            \u200e                                            China   <br \/> Guaranteed software updates until                                            \u200f                                            :                                            \u200e                                            unknown   <br \/>  Customer reviews:                                                                                            4.4               4.4 out of 5 stars                                  (11,322)                                              var dpAcrHasRegisteredArcLinkClickAction;                    P.when(&#8216;A&#8217;, &#8216;ready&#8217;).execute(function(A) {                        if (dpAcrHasRegisteredArcLinkClickAction !== true) {                            dpAcrHasRegisteredArcLinkClickAction = true;                            A.declarative(                                &#8216;acrLink-click-metrics&#8217;, &#8216;click&#8217;,                                { \u00aballowLinkDefault\u00bb: true },                                function (event) {                                    if (window.ue) {                                        ue.count(\u00abacrLinkClickCount\u00bb, (ue.count(\u00abacrLinkClickCount\u00bb) || 0) + 1);                                    }                                }                            );                        }                    });                                             P.when(&#8216;A&#8217;, &#8216;cf&#8217;).execute(function(A) {                A.declarative(&#8216;acrStarsLink-click-metrics&#8217;, &#8216;click&#8217;, { \u00aballowLinkDefault\u00bb : true },  function(event){                    if(window.ue) {                        ue.count(\u00abacrStarsLinkWithPopoverClickCount\u00bb, (ue.count(\u00abacrStarsLinkWithPopoverClickCount\u00bb) || 0) + 1);                    }                });            });                          <\/p>\n<p>Switch between gaming and reality seamlessly: G06 simultaneously connects to PC\/PS4\/PS5 and phones. Without stopping your game, answer or hang up with just one click, or silence holding for 1 second.<br \/>EFFORTLESS WIRELESS GAMING &#8211; Transition from tangled cables to smooth wireless Taking advantage of a 2.4GHz connection via its USB dongle, this headset ensures consistent gaming for PC and many consoles. Note: Some consoles may not support this wireless feature.<br \/>Bluetooth Ready Experience Fast audio connectivity and no lag. Switch to Bluetooth mode with a simple 2 tap and enjoy your favorite media seamlessly. Please note: Microphone functionality may vary in Bluetooth mode depending on the device.<br \/>Compatible Wired Connection &#8211; For those who prefer a wired setup, connect to multiple gaming devices using a standard 3.5mm cable. Some systems may require additional adapters (not included). Note: Microphone mute function may vary in wired mode.<br \/>Extended gaming hours: Stay in the game longer with up to 100 hours of battery life. When it&#8217;s time to recharge, return to full power in just 4 hours. Elevate your gaming sessions with a headset designed for endurance.<\/p>\n\n","protected":false},"excerpt":{"rendered":"<p> Product Description The video showcases the product in use.The video guides you through product setup.The<\/p>","protected":false},"featured_media":24727,"comment_status":"open","ping_status":"closed","template":"","meta":[],"product_brand":[],"product_cat":[48],"product_tag":[3694,720,714,865,298,7304,7299,617,712,7301,711,717,7302,715,7298,943,719,716,7300,718,7303,868,226,713],"class_list":{"0":"post-24726","1":"product","2":"type-product","3":"status-publish","4":"has-post-thumbnail","6":"product_cat-headsets","7":"product_tag-50mm","8":"product_tag-best-headset","9":"product_tag-bluetooth-headset","10":"product_tag-drivers","11":"product_tag-dual","12":"product_tag-duration","13":"product_tag-g06","14":"product_tag-gaming","15":"product_tag-gaming-headset","16":"product_tag-ghzbluetooth","17":"product_tag-headset","18":"product_tag-headset-with-mic","19":"product_tag-mode7-1","20":"product_tag-noise-cancelling-headset","21":"product_tag-nubwo","22":"product_tag-orange","23":"product_tag-over-ear-headset","24":"product_tag-pc-headset","25":"product_tag-pcps5ps4nsmobilewireless","26":"product_tag-rgb-gaming-headset","27":"product_tag-sound100hr","28":"product_tag-surround","29":"product_tag-wireless","30":"product_tag-wireless-headset","32":"first","33":"instock","34":"shipping-taxable","35":"product-type-external"},"_links":{"self":[{"href":"https:\/\/comprasyconsejos.store\/en\/wp-json\/wp\/v2\/product\/24726","targetHints":{"allow":["GET"]}}],"collection":[{"href":"https:\/\/comprasyconsejos.store\/en\/wp-json\/wp\/v2\/product"}],"about":[{"href":"https:\/\/comprasyconsejos.store\/en\/wp-json\/wp\/v2\/types\/product"}],"replies":[{"embeddable":true,"href":"https:\/\/comprasyconsejos.store\/en\/wp-json\/wp\/v2\/comments?post=24726"}],"version-history":[{"count":0,"href":"https:\/\/comprasyconsejos.store\/en\/wp-json\/wp\/v2\/product\/24726\/revisions"}],"wp:featuredmedia":[{"embeddable":true,"href":"https:\/\/comprasyconsejos.store\/en\/wp-json\/wp\/v2\/media\/24727"}],"wp:attachment":[{"href":"https:\/\/comprasyconsejos.store\/en\/wp-json\/wp\/v2\/media?parent=24726"}],"wp:term":[{"taxonomy":"product_brand","embeddable":true,"href":"https:\/\/comprasyconsejos.store\/en\/wp-json\/wp\/v2\/product_brand?post=24726"},{"taxonomy":"product_cat","embeddable":true,"href":"https:\/\/comprasyconsejos.store\/en\/wp-json\/wp\/v2\/product_cat?post=24726"},{"taxonomy":"product_tag","embeddable":true,"href":"https:\/\/comprasyconsejos.store\/en\/wp-json\/wp\/v2\/product_tag?post=24726"}],"curies":[{"name":"wp","href":"https:\/\/api.w.org\/{rel}","templated":true}]}}