{"id":24736,"date":"2026-02-19T10:10:12","date_gmt":"2026-02-19T10:10:12","guid":{"rendered":"https:\/\/comprasyconsejos.store\/product\/uiosmuph-g12-wireless-mouse-2-4g-rechargeable-wireless-mouse-with-mini-usb-receiver-adjustable-wireless-mouse-1600-dpi-optical-silent-for-laptop-macbook-pc-laptop-black\/"},"modified":"2026-02-19T10:10:19","modified_gmt":"2026-02-19T10:10:19","slug":"uiosmuph-g12-wireless-mouse-2-4g-rechargeable-wireless-mouse-with-mini-usb-receiver-adjustable-wireless-mouse-1600-dpi-optical-silent-for-laptop-macbook-pc-laptop-black","status":"publish","type":"product","link":"https:\/\/comprasyconsejos.store\/en\/product\/uiosmuph-g12-wireless-mouse-2-4g-rechargeable-wireless-mouse-with-mini-usb-receiver-adjustable-wireless-mouse-1600-dpi-optical-silent-for-laptop-macbook-pc-laptop-black\/","title":{"rendered":"Uiosmuph G12 Wireless Mouse, 2.4G Rechargeable Wireless Mouse with Mini USB Receiver, Adjustable Wireless Mouse 1600 DPI Optical Silent for Laptop, MacBook, PC, Laptop, Black"},"content":{"rendered":"<p>Price: <span style=\"color:#b12704\">\u20ac16.99<\/span><br \/><i><small>(as of Feb 19, 2026 10:10:13 UTC &#8211; <span class=\"wp_automatic_amazon_disclaimer\" title=\"Product prices and availability are accurate as of the date\/time indicated and are subject to change. Any price and availability information displayed on [relevant Amazon Site(s), as applicable] at the time of purchase will apply to the purchase of this product.\">Details<\/span>)<\/small><\/i><\/p>\n<p><a href=\"https:\/\/amazon.es\/dp\/B0854278RT?tag=man008-21\"><img decoding=\"async\" src=\"https:\/\/valvepress.s3.amazonaws.com\/imgs\/buy_now.png\"><\/a><br \/>\n<\/p>\n<p>                                             From the brand   <\/p>\n<p>                                              <img decoding=\"async\" alt=\"\" src=\"https:\/\/images-na.ssl-images-amazon.com\/images\/G\/01\/x-locale\/common\/grey-pixel.gif\" class=\"a-lazy-loaded\" data-src=\"https:\/\/m.media-amazon.com\/images\/S\/aplus-media-library-service-media\/6d0fa1e1-1750-47a6-8f09-1f8ed1e1e38d.__CR0,37,1465,625_PT0_SX1464_V1___.jpg\"><img decoding=\"async\" alt=\"\" src=\"https:\/\/m.media-amazon.com\/images\/S\/aplus-media-library-service-media\/6d0fa1e1-1750-47a6-8f09-1f8ed1e1e38d.__CR0,37,1465,625_PT0_SX1464_V1___.jpg\">  <\/p>\n<p> UIOSMUPH <\/p>\n<h3> Rat\u00f3n inal\u00e1mbrico para juegos <\/h3>\n<h3> M18 Rat\u00f3n Bluetooth <\/h3>\n<h3>  Uiosmuph G19 &#8211; Rat\u00f3n Bluetooth <\/h3>\n<h3> G11 2.4 GHz Rat\u00f3n inal\u00e1mbrico <\/h3>\n<h3> Rat\u00f3n recargable Bluetooth <\/h3>\n<h3> Q5 2.4GHz rat\u00f3n inal\u00e1mbrico  <\/h3>\n<h3> G12 LED rat\u00f3n inal\u00e1mbrico <\/h3>\n<h3> Rat\u00f3n inal\u00e1mbrico de 2,4 GHz <\/h3>\n<h3> U58 Rat\u00f3n <\/h3>\n<p> Batteries                                            \u200f                                            :                                            \u200e                                            1 Lithium Metal batteries required. (included)   <br \/> Product Dimensions                                            \u200f                                            :                                            \u200e                                            11.5 x 6.3 x 0.1 cm; 68 g   <br \/> Manufacturer                                            \u200f                                            :                                            \u200e                                            Coener   <br \/> ASIN                                            \u200f                                            :                                            \u200e                                            B0854278RT   <br \/> Item model number                                            \u200f                                            :                                            \u200e                                            FG01   <br \/> Country of origin                                            \u200f                                            :                                            \u200e                                            China   <br \/> Guaranteed software updates until                                            \u200f                                            :                                            \u200e                                            unknown   <br \/>  Customer reviews:                                                                                            4.4               4.4 out of 5 stars                                  (8,894)                                              var dpAcrHasRegisteredArcLinkClickAction;                    P.when(&#8216;A&#8217;, &#8216;ready&#8217;).execute(function(A) {                        if (dpAcrHasRegisteredArcLinkClickAction !== true) {                            dpAcrHasRegisteredArcLinkClickAction = true;                            A.declarative(                                &#8216;acrLink-click-metrics&#8217;, &#8216;click&#8217;,                                { \u00aballowLinkDefault\u00bb: true },                                function (event) {                                    if (window.ue) {                                        ue.count(\u00abacrLinkClickCount\u00bb, (ue.count(\u00abacrLinkClickCount\u00bb) || 0) + 1);                                    }                                }                            );                        }                    });                                             P.when(&#8216;A&#8217;, &#8216;cf&#8217;).execute(function(A) {                A.declarative(&#8216;acrStarsLink-click-metrics&#8217;, &#8216;click&#8217;, { \u00aballowLinkDefault\u00bb : true },  function(event){                    if(window.ue) {                        ue.count(\u00abacrStarsLinkWithPopoverClickCount\u00bb, (ue.count(\u00abacrStarsLinkWithPopoverClickCount\u00bb) || 0) + 1);                    }                });            });                          <\/p>\n<p>2.4GHz Wireless Technology: This mouse connects with 2.4GHz wireless technology via USB receiver. The transmission range can be up to 10 meters. Easy plug and play, no drivers needed.<br \/>Battery Indicator: The visible battery indicator design at the bottom of the mouse allows you to know the battery level and charge the mouse in time. Say goodbye to battery anxiety (only light up during use).<br \/>Rechargeable Wireless Mouse: Built-in rechargeable battery, no need to change the battery. The mouse will enter sleep mode in 8 minutes of inactivity. And the LED light can be turned off by the bottom light switch.<br \/>Silent Click Wireless Mouse &#8211; The silent design of the wireless mouse provides low noise clicks. It is an ideal mouse for the office, coffee shop, library, dormitory, not disturbing others. (Note: Only the left and right main keys support silent clicks.)<br \/>Ultra-thin mouse design: Easy to store in laptop bag, perfect for carrying with you. 3 adjustable DPI levels (1000-1200-1600 DPI), allow you to freely control the speed of the mouse.<br \/>USB A &#038; USB C Connection: This wireless mouse comes with USB receiver (stored at the bottom of the mouse) and USB C adapter, works for computers with USB A or USB C port. For USB C connection, just plug the USB receiver into the adapter, then connect the adapter to your device.<br \/>\u3010Wide Compatibility\u3011This rechargeable mouse works for Windows 7\/8\/10\/XP, Vista, Linux, Mac OS, Chrome OS etc.It is compatible with most computers with USB C port, such as MacBook Pro after 2016, MacBook Air after 2018, Chromebook and more.<\/p>\n\n","protected":false},"excerpt":{"rendered":"<p> From the brand UIOSMUPH Rat\u00f3n inal\u00e1mbrico para juegos M18 Rat\u00f3n Bluetooth Uiosmuph G19 &#8211; Rat\u00f3n<\/p>","protected":false},"featured_media":24737,"comment_status":"open","ping_status":"closed","template":"","meta":[],"product_brand":[],"product_cat":[50],"product_tag":[768,876,765,307,759,756,775,761,7309,758,159,160,215,767,891,770,1149,763,760,1010,764,7308,133,762,226,757],"class_list":{"0":"post-24736","1":"product","2":"type-product","3":"status-publish","4":"has-post-thumbnail","6":"product_cat-mouse","7":"product_tag-2-4g","8":"product_tag-adjustable","9":"product_tag-best-gaming-mouse","10":"product_tag-black","11":"product_tag-bluetooth-mouse","12":"product_tag-computer-mouse","13":"product_tag-dpi","14":"product_tag-ergonomic-mouse","15":"product_tag-g12","16":"product_tag-gaming-mouse","17":"product_tag-laptop","18":"product_tag-macbook","19":"product_tag-mini","20":"product_tag-mouse","21":"product_tag-optical","22":"product_tag-receiver","23":"product_tag-rechargeable","24":"product_tag-rechargeable-mouse","25":"product_tag-rgb-mouse","26":"product_tag-silent","27":"product_tag-silent-mouse","28":"product_tag-uiosmuph","29":"product_tag-usb","30":"product_tag-usb-mouse","31":"product_tag-wireless","32":"product_tag-wireless-mouse","34":"first","35":"instock","36":"shipping-taxable","37":"product-type-external"},"_links":{"self":[{"href":"https:\/\/comprasyconsejos.store\/en\/wp-json\/wp\/v2\/product\/24736","targetHints":{"allow":["GET"]}}],"collection":[{"href":"https:\/\/comprasyconsejos.store\/en\/wp-json\/wp\/v2\/product"}],"about":[{"href":"https:\/\/comprasyconsejos.store\/en\/wp-json\/wp\/v2\/types\/product"}],"replies":[{"embeddable":true,"href":"https:\/\/comprasyconsejos.store\/en\/wp-json\/wp\/v2\/comments?post=24736"}],"version-history":[{"count":0,"href":"https:\/\/comprasyconsejos.store\/en\/wp-json\/wp\/v2\/product\/24736\/revisions"}],"wp:featuredmedia":[{"embeddable":true,"href":"https:\/\/comprasyconsejos.store\/en\/wp-json\/wp\/v2\/media\/24737"}],"wp:attachment":[{"href":"https:\/\/comprasyconsejos.store\/en\/wp-json\/wp\/v2\/media?parent=24736"}],"wp:term":[{"taxonomy":"product_brand","embeddable":true,"href":"https:\/\/comprasyconsejos.store\/en\/wp-json\/wp\/v2\/product_brand?post=24736"},{"taxonomy":"product_cat","embeddable":true,"href":"https:\/\/comprasyconsejos.store\/en\/wp-json\/wp\/v2\/product_cat?post=24736"},{"taxonomy":"product_tag","embeddable":true,"href":"https:\/\/comprasyconsejos.store\/en\/wp-json\/wp\/v2\/product_tag?post=24736"}],"curies":[{"name":"wp","href":"https:\/\/api.w.org\/{rel}","templated":true}]}}