{"id":24764,"date":"2026-02-19T10:16:15","date_gmt":"2026-02-19T10:16:15","guid":{"rendered":"https:\/\/comprasyconsejos.store\/product\/the-g-lab-k-stand-neon-rgb-soporte-auriculares-con-iluminacion-rgb-soporte-cascos-gaming-con-boton-on-off-accesorio-gaming-para-pc-ps5-xbox-switch-regalo-gamer\/"},"modified":"2026-02-19T10:16:24","modified_gmt":"2026-02-19T10:16:24","slug":"the-g-lab-k-stand-neon-rgb-soporte-auriculares-con-iluminacion-rgb-soporte-cascos-gaming-con-boton-on-off-accesorio-gaming-para-pc-ps5-xbox-switch-regalo-gamer","status":"publish","type":"product","link":"https:\/\/comprasyconsejos.store\/en\/product\/the-g-lab-k-stand-neon-rgb-soporte-auriculares-con-iluminacion-rgb-soporte-cascos-gaming-con-boton-on-off-accesorio-gaming-para-pc-ps5-xbox-switch-regalo-gamer\/","title":{"rendered":"The G-Lab K-Stand Neon RGB \u2013 Soporte Auriculares con Iluminaci\u00f3n RGB \u2013 Soporte Cascos Gaming con Bot\u00f3n ON\/Off \u2013 Accesorio Gaming para PC PS5 Xbox Switch \u2013 Regalo Gamer Ideal | Nuevo"},"content":{"rendered":"<p>Price: <span style=\"color:#b12704\"><del>\u20ac19.99<\/del> - \u20ac17.99<\/span><br \/><i><small>(as of Feb 19, 2026 10:16:15 UTC &#8211; <span class=\"wp_automatic_amazon_disclaimer\" title=\"Product prices and availability are accurate as of the date\/time indicated and are subject to change. Any price and availability information displayed on [relevant Amazon Site(s), as applicable] at the time of purchase will apply to the purchase of this product.\">Details<\/span>)<\/small><\/i><\/p>\n<p><a href=\"https:\/\/amazon.es\/dp\/B0F67G5M6W?tag=man008-21\"><img decoding=\"async\" src=\"https:\/\/valvepress.s3.amazonaws.com\/imgs\/buy_now.png\"><\/a><br \/>\n<\/p>\n<p>                                             Product Description   <\/p>\n<p>                                                                                                       <img decoding=\"async\" alt=\"KstandNeon\" src=\"https:\/\/images-na.ssl-images-amazon.com\/images\/G\/01\/x-locale\/common\/grey-pixel.gif\" class=\"a-lazy-loaded\" data-src=\"https:\/\/m.media-amazon.com\/images\/S\/aplus-media-library-service-media\/aa847c2e-6ab2-4348-a1dd-a45cd05e95ae.__CR0,0,2928,1200_PT0_SX1464_V1___.png\"><img decoding=\"async\" alt=\"KstandNeon\" src=\"https:\/\/m.media-amazon.com\/images\/S\/aplus-media-library-service-media\/aa847c2e-6ab2-4348-a1dd-a45cd05e95ae.__CR0,0,2928,1200_PT0_SX1464_V1___.png\">                                               <\/p>\n<p>                                                                                                       <img decoding=\"async\" alt=\"KstandNeon\" src=\"https:\/\/images-na.ssl-images-amazon.com\/images\/G\/01\/x-locale\/common\/grey-pixel.gif\" class=\"a-lazy-loaded\" data-src=\"https:\/\/m.media-amazon.com\/images\/S\/aplus-media-library-service-media\/89ae5adf-3f40-4614-a84b-2116f0be7661.__CR0,0,2928,1200_PT0_SX1464_V1___.png\"><img decoding=\"async\" alt=\"KstandNeon\" src=\"https:\/\/m.media-amazon.com\/images\/S\/aplus-media-library-service-media\/89ae5adf-3f40-4614-a84b-2116f0be7661.__CR0,0,2928,1200_PT0_SX1464_V1___.png\">                                               <\/p>\n<p>                                                                                                       <img decoding=\"async\" alt=\"KstandNeon\" src=\"https:\/\/images-na.ssl-images-amazon.com\/images\/G\/01\/x-locale\/common\/grey-pixel.gif\" class=\"a-lazy-loaded\" data-src=\"https:\/\/m.media-amazon.com\/images\/S\/aplus-media-library-service-media\/eeab3d45-7193-4bd3-8e52-756d19c88797.__CR0,0,2928,1200_PT0_SX1464_V1___.png\"><img decoding=\"async\" alt=\"KstandNeon\" src=\"https:\/\/m.media-amazon.com\/images\/S\/aplus-media-library-service-media\/eeab3d45-7193-4bd3-8e52-756d19c88797.__CR0,0,2928,1200_PT0_SX1464_V1___.png\">                                               <\/p>\n<p>                                                                                                       <img decoding=\"async\" alt=\"KstandNeon\" src=\"https:\/\/images-na.ssl-images-amazon.com\/images\/G\/01\/x-locale\/common\/grey-pixel.gif\" class=\"a-lazy-loaded\" data-src=\"https:\/\/m.media-amazon.com\/images\/S\/aplus-media-library-service-media\/23d96a17-332b-4e62-bb79-8e903534e5f0.__CR0,0,2928,1200_PT0_SX1464_V1___.png\"><img decoding=\"async\" alt=\"KstandNeon\" src=\"https:\/\/m.media-amazon.com\/images\/S\/aplus-media-library-service-media\/23d96a17-332b-4e62-bb79-8e903534e5f0.__CR0,0,2928,1200_PT0_SX1464_V1___.png\">                                               <\/p>\n<p>                                                                                  <img decoding=\"async\" alt=\"Configuraci\u00f3n de juego con auriculares iluminados en el soporte, teclado y monitor que muestran una escena de juego. La iluminaci\u00f3n violeta ambiental crea una atm\u00f3sfera cambiante.\" src=\"https:\/\/m.media-amazon.com\/images\/S\/aplus-media-library-service-media\/23fcb961-3153-409a-b7b8-d6378915d1a1.__CR0,0,1464,600_PT0_SX1464_V1___.png\">       <\/p>\n<p>                                                                                  <img decoding=\"async\" alt=\"con un elegante dise\u00f1o negro, iluminado con luces decorativas moradas y verdes. Base cuadrada con esquinas redondeadas y antena visible.\" src=\"https:\/\/m.media-amazon.com\/images\/S\/aplus-media-library-service-media\/ea85626b-605a-411e-aab8-67f78f90c6ad.__CR0,0,1464,600_PT0_SX1464_V1___.png\">       <\/p>\n<p>                                                                                  <img decoding=\"async\" alt=\"con un dise\u00f1o elegante y moderno con un brazo delgado y ajustable y una base cuadrada, iluminada sobre un fondo geom\u00e9trico morado.\" src=\"https:\/\/m.media-amazon.com\/images\/S\/aplus-media-library-service-media\/5b3c7883-2683-4edb-a8a3-d0102c2481d8.__CR0,0,1464,600_PT0_SX1464_V1___.png\">       <\/p>\n<p>                                                                                  <img decoding=\"async\" alt=\"KstandNeon\" src=\"https:\/\/m.media-amazon.com\/images\/S\/aplus-media-library-service-media\/5c2be104-d2dc-4044-b9af-b22175e0cdc2.__CR0,0,2928,1200_PT0_SX1464_V1___.png\">       <\/p>\n<p>                                                                                                       <img decoding=\"async\" alt=\"KstandNeon\" src=\"https:\/\/images-na.ssl-images-amazon.com\/images\/G\/01\/x-locale\/common\/grey-pixel.gif\" class=\"a-lazy-loaded\" data-src=\"https:\/\/m.media-amazon.com\/images\/S\/aplus-media-library-service-media\/3cef3ff8-962a-4625-8223-72eeffbeb6ba.__CR0,0,2928,1200_PT0_SX1464_V1___.png\"><img decoding=\"async\" alt=\"KstandNeon\" src=\"https:\/\/m.media-amazon.com\/images\/S\/aplus-media-library-service-media\/3cef3ff8-962a-4625-8223-72eeffbeb6ba.__CR0,0,2928,1200_PT0_SX1464_V1___.png\">                                               <\/p>\n<p> Rated                                            \u200f                                            :                                            \u200e                                            Not PEGI rated   <br \/> Language                                            \u200f                                            :                                            \u200e                                            English, English   <br \/> Product Dimensions                                            \u200f                                            :                                            \u200e                                            11.3 x 11.4 x 25 cm; 230 g   <br \/> Release date                                            \u200f                                            :                                            \u200e                                            3 Jun. 2025   <br \/> Subtitles:                                            \u200f                                            :                                            \u200e                                            Spanish   <br \/> ASIN                                            \u200f                                            :                                            \u200e                                            B0F67G5M6W   <br \/> Item model number                                            \u200f                                            :                                            \u200e                                            3760162052244   <br \/>       Best Sellers Rank:  2,585 in Videogames (See Top 100 in Videogames)    31 in Xbox Consoles, Games &#038; Accessories   32 in PlayStation Consoles, Games &#038; Accessories   79 in PC Gaming Headsets      <br \/>  Customer reviews:                                                                                            4.9               4.9 out of 5 stars                                  (13)                                              var dpAcrHasRegisteredArcLinkClickAction;                    P.when(&#8216;A&#8217;, &#8216;ready&#8217;).execute(function(A) {                        if (dpAcrHasRegisteredArcLinkClickAction !== true) {                            dpAcrHasRegisteredArcLinkClickAction = true;                            A.declarative(                                &#8216;acrLink-click-metrics&#8217;, &#8216;click&#8217;,                                { \u00aballowLinkDefault\u00bb: true },                                function (event) {                                    if (window.ue) {                                        ue.count(\u00abacrLinkClickCount\u00bb, (ue.count(\u00abacrLinkClickCount\u00bb) || 0) + 1);                                    }                                }                            );                        }                    });                                             P.when(&#8216;A&#8217;, &#8216;cf&#8217;).execute(function(A) {                A.declarative(&#8216;acrStarsLink-click-metrics&#8217;, &#8216;click&#8217;, { \u00aballowLinkDefault\u00bb : true },  function(event){                    if(window.ue) {                        ue.count(\u00abacrStarsLinkWithPopoverClickCount\u00bb, (ue.count(\u00abacrStarsLinkWithPopoverClickCount\u00bb) || 0) + 1);                    }                });            });                          <\/p>\n<p>[Customizable RGB Lighting] Add a unique touch to your setup with the K-Stand Neon RGB, a backlit headphone stand equipped with ON\/OFF button and color selection. Choose the light effect that best suits your gaming environment. This gaming headset holder not only organizes your headphones, but also beautifies your desk in style. It is one of the must-have gaming accessories for any gamer.<br \/>[Stable and Functional Design] Thanks to its non-slip base, the K-Stand Neon RGB offers great stability and is easy to install. Its compact design makes it an ideal headset stand for gaming or work desks. Functional and elegant, it brings order and practicality without taking up space, consolidating itself as a base for aesthetic and efficient gaming helmets.<br \/>[Compact and Convenient Design] With USB-C power and a 2 meter cable, this headset holder is easy to install on any desk. Lightweight, discreet and functional, it is the perfect accessory to maintain a tidy and stylish gaming environment.<br \/>[Universal Compatibility] This headphone stand has been designed to fit all headphone models, including wireless, wired, with or without microphone. Its universal compatibility makes it a versatile gaming headset support for any brand, designed for those looking for efficiency and simplicity.<br \/>[THE PERFECT GAMER GIFT] RGB backlight, minimalist design, full compatibility&#8230; this helmet holder has it all. Practical, stylish and affordable, it is the ideal gaming accessory to give to any gaming fan. Brings order, functionality and style to any setup.<\/p>\n\n","protected":false},"excerpt":{"rendered":"<p> Product Description Rated \u200f : \u200e Not PEGI rated Language \u200f : \u200e English, English<\/p>","protected":false},"featured_media":24765,"comment_status":"open","ping_status":"closed","template":"","meta":[],"product_brand":[],"product_cat":[90],"product_tag":[7317,5580,613,7316,5694,3994,611,615,617,607,604,609,606,612,5456,608,1093,7315,7314,6381,7319,6516,3954,605,2469,7318,885,610,4824,1062,1079],"class_list":{"0":"post-24764","1":"product","2":"type-product","3":"status-publish","4":"has-post-thumbnail","6":"product_cat-gaming-pcs","7":"product_tag-accesorio","8":"product_tag-auriculares","9":"product_tag-best-gaming-pc","10":"product_tag-boton","11":"product_tag-cascos","12":"product_tag-con","13":"product_tag-custom-gaming-pc","14":"product_tag-gamer","15":"product_tag-gaming","16":"product_tag-gaming-desktop","17":"product_tag-gaming-pc","18":"product_tag-gaming-pc-16gb-ram","19":"product_tag-gaming-pc-rtx","20":"product_tag-gaming-pc-ssd","21":"product_tag-glab","22":"product_tag-high-end-gaming-pc","23":"product_tag-ideal","24":"product_tag-iluminacion","25":"product_tag-kstand","26":"product_tag-neon","27":"product_tag-nuevo","28":"product_tag-onoff","29":"product_tag-para","30":"product_tag-prebuilt-gaming-pc","31":"product_tag-ps5","32":"product_tag-regalo","33":"product_tag-rgb","34":"product_tag-rgb-gaming-pc","35":"product_tag-soporte","36":"product_tag-switch","37":"product_tag-xbox","39":"first","40":"instock","41":"sale","42":"shipping-taxable","43":"product-type-external"},"_links":{"self":[{"href":"https:\/\/comprasyconsejos.store\/en\/wp-json\/wp\/v2\/product\/24764","targetHints":{"allow":["GET"]}}],"collection":[{"href":"https:\/\/comprasyconsejos.store\/en\/wp-json\/wp\/v2\/product"}],"about":[{"href":"https:\/\/comprasyconsejos.store\/en\/wp-json\/wp\/v2\/types\/product"}],"replies":[{"embeddable":true,"href":"https:\/\/comprasyconsejos.store\/en\/wp-json\/wp\/v2\/comments?post=24764"}],"version-history":[{"count":0,"href":"https:\/\/comprasyconsejos.store\/en\/wp-json\/wp\/v2\/product\/24764\/revisions"}],"wp:featuredmedia":[{"embeddable":true,"href":"https:\/\/comprasyconsejos.store\/en\/wp-json\/wp\/v2\/media\/24765"}],"wp:attachment":[{"href":"https:\/\/comprasyconsejos.store\/en\/wp-json\/wp\/v2\/media?parent=24764"}],"wp:term":[{"taxonomy":"product_brand","embeddable":true,"href":"https:\/\/comprasyconsejos.store\/en\/wp-json\/wp\/v2\/product_brand?post=24764"},{"taxonomy":"product_cat","embeddable":true,"href":"https:\/\/comprasyconsejos.store\/en\/wp-json\/wp\/v2\/product_cat?post=24764"},{"taxonomy":"product_tag","embeddable":true,"href":"https:\/\/comprasyconsejos.store\/en\/wp-json\/wp\/v2\/product_tag?post=24764"}],"curies":[{"name":"wp","href":"https:\/\/api.w.org\/{rel}","templated":true}]}}