{"id":24810,"date":"2026-02-19T10:28:12","date_gmt":"2026-02-19T10:28:12","guid":{"rendered":"https:\/\/comprasyconsejos.store\/product\/funda-personalizada-para-laptop-bolsa-de-mensajero-con-correa-desmontable-para-portatiles-corporativos-de-13-14-y-15-6-pulgadas\/"},"modified":"2026-02-19T10:28:19","modified_gmt":"2026-02-19T10:28:19","slug":"funda-personalizada-para-laptop-bolsa-de-mensajero-con-correa-desmontable-para-portatiles-corporativos-de-13-14-y-15-6-pulgadas","status":"publish","type":"product","link":"https:\/\/comprasyconsejos.store\/en\/product\/funda-personalizada-para-laptop-bolsa-de-mensajero-con-correa-desmontable-para-portatiles-corporativos-de-13-14-y-15-6-pulgadas\/","title":{"rendered":"Funda personalizada para laptop, bolsa de mensajero con correa desmontable para port\u00e1tiles corporativos de 13, 14 y 15.6 pulgadas"},"content":{"rendered":"<p>Price: <span style=\"color:#b12704\">\u20ac27.99<\/span><br \/><i><small>(as of Feb 19, 2026 10:28:12 UTC &#8211; <span class=\"wp_automatic_amazon_disclaimer\" title=\"Product prices and availability are accurate as of the date\/time indicated and are subject to change. Any price and availability information displayed on [relevant Amazon Site(s), as applicable] at the time of purchase will apply to the purchase of this product.\">Details<\/span>)<\/small><\/i><\/p>\n<p><a href=\"https:\/\/amazon.es\/dp\/B0GGQQ49TL?tag=man008-21\"><img decoding=\"async\" src=\"https:\/\/valvepress.s3.amazonaws.com\/imgs\/buy_now.png\"><\/a><br \/>\n<br \/>\n    <span>Personalizaci\u00f3n de una sola cara: carga tu propia foto, logotipo, texto o ilustraciones para crear una bolsa para port\u00e1til que coincida con tu identidad profesional o gusto personal, con un elegante reverso negro para un acabado atemporal y discreto. <br \/>Protecci\u00f3n contra impactos de 3 capas: la tela Oxford 600D repele salpicaduras de luz, la capa de esponja central absorbe los golpes y el forro interior suave evita ara\u00f1azos, manteniendo tu port\u00e1til a salvo del desgaste diario y golpes accidentales. <br \/>Versatilidad de transporte de 3 v\u00edas: \u00fasalo como una bolsa cruzada con la correa acolchada desmontable, un bolso con el asa superior plegable o un malet\u00edn para entornos formales. Se adapta a tu horario sin esfuerzo. <br \/>Caracter\u00edsticas f\u00e1ciles de viajar: la funda trasera del carrito asegura la bolsa a tu maleta para viajes al aeropuerto, mientras que el bolsillo frontal con cremallera mantiene tus accesorios tecnol\u00f3gicos, cuadernos y tarjetas de visita organizados y al alcance. <br \/>Dise\u00f1o delgado y ligero: el perfil delgado no a\u00f1ade volumen adicional, cabe f\u00e1cilmente en mochilas o bolsas de trabajo m\u00e1s grandes para viajes y viajes sin problemas. <br \/>Instrucciones de cuidado f\u00e1cil: lavar a mano con detergente suave y secar al aire para mantener la vibrante impresi\u00f3n personalizada y la tela duradera. Evita usar blanqueador para preservar su calidad con el tiempo. <br \/>Perfecto para profesionales modernos, ya sea que vayas a la oficina, asistas a una conferencia o te embarques en un viaje de negocios, esta bolsa de mensajero personalizada para port\u00e1til combina estilo, protecci\u00f3n y funcionalidad para apoyar tu ajetreado estilo de vida. <br \/>Opci\u00f3n de regalo cuidadosa: sorprende a colegas, clientes o amantes de las mascotas con una bolsa personalizada para laptop que se siente pr\u00e1ctica y personal, ideal para hitos de trabajo, vacaciones o regalos corporativos. <br \/><\/span>    <br \/> Product Dimensions                                            \u200f                                            :                                            \u200e                                            35.48 x 25.5 x 2.01 cm   <br \/> Date First Available                                            \u200f                                            :                                            \u200e                                            14 Jan. 2026   <br \/> Manufacturer                                            \u200f                                            :                                            \u200e                                            FoShanHongMi   <br \/> ASIN                                            \u200f                                            :                                            \u200e                                            B0GGQQ49TL   <br \/> Item model number                                            \u200f                                            :                                            \u200e                                            Laptopbag-260114   <br \/> Department                                            \u200f                                            :                                            \u200e                                            Unisex adulto   <\/p>\n\n","protected":false},"excerpt":{"rendered":"<p> Personalizaci\u00f3n de una sola cara: carga tu propia foto, logotipo, texto o ilustraciones para crear<\/p>","protected":false},"featured_media":24811,"comment_status":"open","ping_status":"closed","template":"","meta":[],"product_brand":[],"product_cat":[85],"product_tag":[575,5005,573,577,3994,578,7339,7337,7338,581,5000,159,582,576,7336,574,3954,7335,4272,580,4035,579],"class_list":{"0":"post-24810","1":"product","2":"type-product","3":"status-publish","4":"has-post-thumbnail","6":"product_cat-business-laptop","7":"product_tag-best-laptop-for-business","8":"product_tag-bolsa","9":"product_tag-business-laptop","10":"product_tag-business-laptop-with-ssd","11":"product_tag-con","12":"product_tag-corporate-laptop","13":"product_tag-corporativos","14":"product_tag-correa","15":"product_tag-desmontable","16":"product_tag-durable-business-laptop","17":"product_tag-funda","18":"product_tag-laptop","19":"product_tag-laptop-for-work","20":"product_tag-lightweight-business-laptop","21":"product_tag-mensajero","22":"product_tag-office-laptop","23":"product_tag-para","24":"product_tag-personalizada","25":"product_tag-portatiles","26":"product_tag-professional-laptop","27":"product_tag-pulgadas","28":"product_tag-windows-business-laptop","30":"first","31":"instock","32":"shipping-taxable","33":"product-type-external"},"_links":{"self":[{"href":"https:\/\/comprasyconsejos.store\/en\/wp-json\/wp\/v2\/product\/24810","targetHints":{"allow":["GET"]}}],"collection":[{"href":"https:\/\/comprasyconsejos.store\/en\/wp-json\/wp\/v2\/product"}],"about":[{"href":"https:\/\/comprasyconsejos.store\/en\/wp-json\/wp\/v2\/types\/product"}],"replies":[{"embeddable":true,"href":"https:\/\/comprasyconsejos.store\/en\/wp-json\/wp\/v2\/comments?post=24810"}],"version-history":[{"count":0,"href":"https:\/\/comprasyconsejos.store\/en\/wp-json\/wp\/v2\/product\/24810\/revisions"}],"wp:featuredmedia":[{"embeddable":true,"href":"https:\/\/comprasyconsejos.store\/en\/wp-json\/wp\/v2\/media\/24811"}],"wp:attachment":[{"href":"https:\/\/comprasyconsejos.store\/en\/wp-json\/wp\/v2\/media?parent=24810"}],"wp:term":[{"taxonomy":"product_brand","embeddable":true,"href":"https:\/\/comprasyconsejos.store\/en\/wp-json\/wp\/v2\/product_brand?post=24810"},{"taxonomy":"product_cat","embeddable":true,"href":"https:\/\/comprasyconsejos.store\/en\/wp-json\/wp\/v2\/product_cat?post=24810"},{"taxonomy":"product_tag","embeddable":true,"href":"https:\/\/comprasyconsejos.store\/en\/wp-json\/wp\/v2\/product_tag?post=24810"}],"curies":[{"name":"wp","href":"https:\/\/api.w.org\/{rel}","templated":true}]}}