{"id":24819,"date":"2026-02-19T10:30:08","date_gmt":"2026-02-19T10:30:08","guid":{"rendered":"https:\/\/comprasyconsejos.store\/product\/sithon-laptop-case-hard-shell-hard-bag-for-16-macbook-pro-lenovo-ideapad-3-15-6-15-6-asus-tuf-gaming-rog-hp-acer-huawei-samsung-surface-15-laptop-chromebook-black\/"},"modified":"2026-02-19T10:30:13","modified_gmt":"2026-02-19T10:30:13","slug":"sithon-laptop-case-hard-shell-hard-bag-for-16-macbook-pro-lenovo-ideapad-3-15-6-15-6-asus-tuf-gaming-rog-hp-acer-huawei-samsung-surface-15-laptop-chromebook-black","status":"publish","type":"product","link":"https:\/\/comprasyconsejos.store\/en\/product\/sithon-laptop-case-hard-shell-hard-bag-for-16-macbook-pro-lenovo-ideapad-3-15-6-15-6-asus-tuf-gaming-rog-hp-acer-huawei-samsung-surface-15-laptop-chromebook-black\/","title":{"rendered":"SITHON Laptop Case, Hard Shell Hard Bag for 16&#8243; Macbook Pro, Lenovo IdeaPad 3 15.6&#8243;, 15.6&#8243; ASUS TUF Gaming\/ROG, HP\/Acer\/Huawei\/Samsung\/Surface 15&#8243; Laptop\/Chromebook, (Black)"},"content":{"rendered":"<p>Price: <span style=\"color:#b12704\">\u20ac31.99<\/span><br \/><i><small>(as of Feb 19, 2026 10:30:09 UTC &#8211; <span class=\"wp_automatic_amazon_disclaimer\" title=\"Product prices and availability are accurate as of the date\/time indicated and are subject to change. Any price and availability information displayed on [relevant Amazon Site(s), as applicable] at the time of purchase will apply to the purchase of this product.\">Details<\/span>)<\/small><\/i><\/p>\n<p><a href=\"https:\/\/amazon.es\/dp\/B09Q32P5XQ?tag=man008-21\"><img decoding=\"async\" src=\"https:\/\/valvepress.s3.amazonaws.com\/imgs\/buy_now.png\"><\/a><br \/>\n<\/p>\n<p>                                             Product Description   <\/p>\n<p>                                                                                                                  <img decoding=\"async\" alt=\"una funda para port\u00e1til con funda negra.\" src=\"https:\/\/m.media-amazon.com\/images\/S\/aplus-media-library-service-media\/aa2fdd87-8de5-4b9e-8c9c-38a7d2a5cd9d.__CR0,0,1464,600_PT0_SX1464_V1___.jpg\">                                                                                           Funda protectora para port\u00e1til SITHON                                       <\/p>\n<p class=\"description aplus-p1\"> Se adapta perfectamente a tu MacBook Pro 16, Asus Vivobook\/Chromebook 15.6&#8243;. <\/p>\n<p>                                                      <img decoding=\"async\" alt=\"un ordenador port\u00e1til y un rat\u00f3n sobre un escritorio\" src=\"https:\/\/m.media-amazon.com\/images\/S\/aplus-media-library-service-media\/2fa638d6-fb55-4219-b9cc-2ad016f11451.__CR0,0,1464,600_PT0_SX1464_V1___.jpg\">                                                                                           Elecci\u00f3n perfecta para port\u00e1tiles                                       <\/p>\n<p class=\"description aplus-p1\"> Aspecto simple y elegante y dise\u00f1o de carcasa r\u00edgida para mantener su computadora port\u00e1til segura. <\/p>\n<p>                                                      <img decoding=\"async\" alt=\"una funda para port\u00e1til y una funda para port\u00e1til.\" src=\"https:\/\/m.media-amazon.com\/images\/S\/aplus-media-library-service-media\/9807148d-be73-4ccb-b664-86fdaa564327.__CR0,0,1464,600_PT0_SX1464_V1___.jpg\">                                                                                           Estructura de 4 capas                                       <\/p>\n<p class=\"description aplus-p1\">\n<p>Revestimiento suaveAcolchado de 4 mm de grosorCapa a prueba de aplastamientosCapa amortiguadora                                                       <img decoding=\"async\" alt=\"La funda para port\u00e1til X es una funda negra con una funda negra.\" src=\"https:\/\/m.media-amazon.com\/images\/S\/aplus-media-library-service-media\/a8ca04d6-bb67-4f53-9699-18a3b1c440fe.__CR0,0,1464,600_PT0_SX1464_V1___.jpg\">                                                                                           Apertura libre de 90-180 grados                                       <\/p>\n<p class=\"description aplus-p1\"> Ayude a poner y quitar su computadora port\u00e1til r\u00e1pidamente, ideal para negocios, escuela o viajes. <\/p>\n<p>                            1 Por encargo <\/p>\n<p>                            2 Centrarse en los detalles <\/p>\n<p>                            3 Estructura dura <\/p>\n<p>                            4 Dise\u00f1o conveniente <\/p>\n<p>                                                           \u00bfNecesita una funda para su port\u00e1til?                                          <\/p>\n<h3 class=\"aplus-h1 aplus-module-1-heading a-text-bold\"> \u00a1La funda para port\u00e1til SITHON Hard Shell EVA es una excelente opci\u00f3n! <\/h3>\n<p class=\"aplus-p2 aplus-module-1-description\"> Con su dise\u00f1o de protecci\u00f3n contra ca\u00eddas de cuatro capas, ofrece la resistencia que necesita para proteger sus dispositivos electr\u00f3nicos m\u00e1s valiosos: 16-inch MacBook Pro M4\/M3\/M2\/M1 (2024-2019), ASUS VivoBook\/Chromebook 15 15.6&#8243;, o lo que sea. m\u00e1s est\u00e1s cargando. Es el compa\u00f1ero de trabajo y viaje perfecto para usted y su dispositivo. <\/p>\n<p class=\"aplus-p2 aplus-module-1-description\"> Dimensi\u00f3n interna: 39.5 x 2.8 x 2.75 cm (LxWxH) <\/p>\n<p class=\"aplus-p2 aplus-module-1-description\"> \u00a1Comprueba el tama\u00f1o antes de comprar! <\/p>\n<p>                                           <img decoding=\"async\" alt=\"un port\u00e1til con un port\u00e1til y una alfombrilla de rat\u00f3n sobre la mesa\" src=\"https:\/\/images-na.ssl-images-amazon.com\/images\/G\/01\/x-locale\/common\/grey-pixel.gif\" class=\"a-lazy-loaded\" data-src=\"https:\/\/m.media-amazon.com\/images\/S\/aplus-media-library-service-media\/9e158491-5576-4126-9fb8-cebea0f37a08.__CR0,0,800,600_PT0_SX800_V1___.jpg\"><img decoding=\"async\" alt=\"un port\u00e1til con un port\u00e1til y una alfombrilla de rat\u00f3n sobre la mesa\" src=\"https:\/\/m.media-amazon.com\/images\/S\/aplus-media-library-service-media\/9e158491-5576-4126-9fb8-cebea0f37a08.__CR0,0,800,600_PT0_SX800_V1___.jpg\">          <\/p>\n<p>                                                                                              <img decoding=\"async\" alt=\"el bolso con monograma caracter\u00edstico de [unused0]\" src=\"https:\/\/images-na.ssl-images-amazon.com\/images\/G\/01\/x-locale\/common\/grey-pixel.gif\" class=\"a-lazy-loaded\" data-src=\"https:\/\/m.media-amazon.com\/images\/S\/aplus-media-library-service-media\/d9716c1d-fbfc-42ee-8cc4-bf62b1fbef69.__CR0,0,650,350_PT0_SX650_V1___.jpg\"><img decoding=\"async\" alt=\"el bolso con monograma caracter\u00edstico de [unused0]\" src=\"https:\/\/m.media-amazon.com\/images\/S\/aplus-media-library-service-media\/d9716c1d-fbfc-42ee-8cc4-bf62b1fbef69.__CR0,0,650,350_PT0_SX650_V1___.jpg\">                                            Cremallera doble duradera                                         <\/p>\n<p class=\"aplus-p3\"> Cremalleras y costuras bien hechas, que duran mucho tiempo, ofrecen una protecci\u00f3n superior. <\/p>\n<p>                                           <img decoding=\"async\" alt=\"la funda impermeable para la bolsa de viaje\" src=\"https:\/\/images-na.ssl-images-amazon.com\/images\/G\/01\/x-locale\/common\/grey-pixel.gif\" class=\"a-lazy-loaded\" data-src=\"https:\/\/m.media-amazon.com\/images\/S\/aplus-media-library-service-media\/a040e06c-061e-43d1-a2c0-7dd4ab61f318.__CR0,0,650,350_PT0_SX650_V1___.jpg\"><img decoding=\"async\" alt=\"la funda impermeable para la bolsa de viaje\" src=\"https:\/\/m.media-amazon.com\/images\/S\/aplus-media-library-service-media\/a040e06c-061e-43d1-a2c0-7dd4ab61f318.__CR0,0,650,350_PT0_SX650_V1___.jpg\">                                            Resistente al agua                                         <\/p>\n<p class=\"aplus-p3\"> La capa exterior de la funda repele completamente el agua y otros l\u00edquidos, manteniendo su dispositivo seguro y seco. <\/p>\n<p>                                                                                              <img decoding=\"async\" alt=\"una alfombra negra grande con una luz roja en el suelo.\" src=\"https:\/\/images-na.ssl-images-amazon.com\/images\/G\/01\/x-locale\/common\/grey-pixel.gif\" class=\"a-lazy-loaded\" data-src=\"https:\/\/m.media-amazon.com\/images\/S\/aplus-media-library-service-media\/43baa136-8005-47b8-8bab-2274dea33417.__CR0,0,650,350_PT0_SX650_V1___.jpg\"><img decoding=\"async\" alt=\"una alfombra negra grande con una luz roja en el suelo.\" src=\"https:\/\/m.media-amazon.com\/images\/S\/aplus-media-library-service-media\/43baa136-8005-47b8-8bab-2274dea33417.__CR0,0,650,350_PT0_SX650_V1___.jpg\">                                            Absorci\u00f3n de impacto                                         <\/p>\n<p class=\"aplus-p3\"> Durable por fuera y acolchado por dentro, es lo suficientemente grueso como para soportar los impactos diarios y mantener el polvo alejado. <\/p>\n<p>                                           <img decoding=\"async\" alt=\"la espalda de una persona que sostiene una computadora port\u00e1til\" src=\"https:\/\/images-na.ssl-images-amazon.com\/images\/G\/01\/x-locale\/common\/grey-pixel.gif\" class=\"a-lazy-loaded\" data-src=\"https:\/\/m.media-amazon.com\/images\/S\/aplus-media-library-service-media\/c246b809-d3c7-41a9-ab54-2a0f83640650.__CR0,0,650,350_PT0_SX650_V1___.jpg\"><img decoding=\"async\" alt=\"la espalda de una persona que sostiene una computadora port\u00e1til\" src=\"https:\/\/m.media-amazon.com\/images\/S\/aplus-media-library-service-media\/c246b809-d3c7-41a9-ab54-2a0f83640650.__CR0,0,650,350_PT0_SX650_V1___.jpg\">                                            F\u00e1cil agarre                                         <\/p>\n<p class=\"aplus-p3\"> La superficie exterior tiene textura para garantizar un f\u00e1cil agarre en todo momento, con una correa de mano para un transporte seguro. <\/p>\n<h3 class=\"a-size-extra-large a-spacing-base a-text-center\"> Modelos m\u00e1s compatibles (no lista completa): <\/h3>\n<p>                                                        Para Apple                                     16-Pulgadas MacBook Pro (M4\/M3\/M2\/M1 Pro\/Max) A3186 A3403 A2991 A2780 A2485 A2141 2024-2019 |15.4-Pulgadas MacBook Pro 2016-2019 | 15.4-Pulgadas MacBook Pro Retina 2012-2015                                        Para Microsoft                                     15&#8243; Microsoft Surface Book 3                                        Para Lenovo                                     15.6&#8243; Lenovo Legion 5; 15.6&#8243; Lenovo V15 ADA\/Ryzen; Lenovo IdeaPad 1\/IdeaPad Flex 5\/IdeaPad 5i\/IdeaPad 3\/IdeaPad Gaming 3\/IdeaPad 5; 15.6&#8243; Lenovo ThinkPad E15 \/ T540p \/ T560 \/ L560 \/ W540 \/ W541 \/ L560 \/ L590 \/ P50; 15.6&#8243; Lenovo Yoga Slim 7i \/ C740 \/ Yoga 700;                                        Para Samsung                                     15.6&#8243; Samsung Galaxy Book                                        Para Acer                                     15.6&#8243; Acer Predator 15\/ Predator Helios 300 PH315-55; Acer Nitro 5 AN515-46\/AN515-45 15.6 Inch; 15.6&#8243; Acer Aspire 5 A515-56\/Aspire 3; 15.6&#8243; Acer Chromebook 315 CB315-3HT; 15,6&#8243; Acer Aspire 7 \/ Aspire VN7-591G-75NP \/ Aspire F 15 \/ ES 15 \/ V 15;15,6&#8243; Acer Spin 5; Acer Aspire ES 15; Acer TravelMate P2 \/ P259                                                         Para Huawei                                     15.6&#8243; HUAWEI MateBook D15 2021, 15&#8243; HUAWEI MateBook D Laptop                                        Para Dell                                    15,6&#8243; Dell Inspiron; 15&#8243; Dell XPS 15; 15&#8243; Dell Alienware; 15&#8243; DELL Latitude E7440\/ E5470 \/ E5450                                        Para Asus                                    ASUS Vivobook X515JA\/X1500EA\/E510MA\/X515EA\/L510MA\/S513EA\/M513UA\/X515FA\/K513EQ 15.6&#8243;; Vivobook Pro 15 K3500PC 15.6-inch; ASUS M515DA 15.6&#8243;; ASUS Chromebook CX1500CNA\/C523NA\/Z1500CN-EJ0400; ASUS TUF F15 FX506HC\/FX506HE 15.6&#8243;; 15.6&#8243; ASUS TUF Dash FX516PM FX516PR\/Gaming FX506LH; ASUS ZenBook UX534FAC\/Notebook 15.6&#8243;                                        Para HP                                     15.6&#8243; HP 15s-fq2016sa\/15s-fq2015sa\/15s-fq2039na\/15s-fq2003sa\/15s-fq2014sa\/15s-fq2003s\/15a-dw1007na\/15s-fq2038ns\/15s-eq1073ns\/15s-eq1050ns\/15s-eq1074ns\/15s-eq1075ns\/5s-fq0002sl; 15.6&#8243; HP Pavilion 15-eh0007sa\/15-eh0009sa; 15,6&#8243; HP ENVY x360; 15,6&#8243; HP 250 \/ 255; 15; HP Elitebook 840; 15,6&#8243; HP Spectre x360; HP Probook 450 G6 15.6&#8243;                                        Otros                                    For SGIN X15\/\u200eM15 Pro 15.6 Inch Laptop, Fusion5 S15 15.6&#8243;, Lapbook 15.6&#8243; S15, MSI Katana GF66 15.6&#8243;, Coolby, TECLAST F15 Plus\/Plus 2; Gigabyte G5; KUU and other Laptop\/Chromebook\/Ultrabook\/Notebook\/Gaming Laptop up to 15.6&#8243;.                     <\/p>\n<h3 class=\"a-text-center aplus-h1 a-text-bold\"> Art\u00edculos similares de SITHON <\/h3>\n<p>                         Add To Basket  <\/p>\n<p>                         Add To Basket  <\/p>\n<p>                         Add To Basket  <\/p>\n<p>                         Add To Basket  <\/p>\n<p>                         Add To Basket  <\/p>\n<p>                                     Customer Reviews  <\/p>\n<p>                    4.7 out of 5 stars  2,561  <\/p>\n<p>                    4.7 out of 5 stars  2,561  <\/p>\n<p>                    4.7 out of 5 stars  2,561  <\/p>\n<p>                    4.7 out of 5 stars  2,561  <\/p>\n<p>                    4.7 out of 5 stars  200  <\/p>\n<p>                                     Price  <\/p>\n<p>                                                        \u20ac31.99\u20ac31.99     <\/p>\n<p>                                                        \u20ac29.99\u20ac29.99     <\/p>\n<p>                                                        \u20ac28.99\u20ac28.99     <\/p>\n<p>                                                        \u20ac29.99\u20ac29.99     <\/p>\n<p>                                                        \u20ac29.99\u20ac29.99     <\/p>\n<p>                                     Estructura  <\/p>\n<p>                                                EVA semidura    <\/p>\n<p>                                                EVA semidura    <\/p>\n<p>                                                EVA semidura    <\/p>\n<p>                                                EVA semidura    <\/p>\n<p>                                                EVA semidura    <\/p>\n<p>                                     Absorci\u00f3n de impacto  <\/p>\n<p>                                                    \u2714       <\/p>\n<p>                                                    \u2714       <\/p>\n<p>                                                    \u2714       <\/p>\n<p>                                                    \u2714       <\/p>\n<p>                                                    \u2714       <\/p>\n<p>                                     Compatibilidad  <\/p>\n<p>                                                Port\u00e1til de 15,6&#8243;    <\/p>\n<p>                                                MacBook Air\/Pro 15-16&#8243;    <\/p>\n<p>                                                MacBook Air\/Pro 13-14&#8243;    <\/p>\n<p>                                                Port\u00e1til de 11,6&#8243;    <\/p>\n<p>                                                iPad Pro 12.9 2022-2018    <\/p>\n<p>                                     Bolsa de accesorios  <\/p>\n<p>                                                    \u2718      <\/p>\n<p>                                                    \u2714       <\/p>\n<p>                                                    \u2714       <\/p>\n<p>                                                    \u2714       <\/p>\n<p>                                                    \u2714       <\/p>\n<p>                                     Caracter\u00edsticas  <\/p>\n<p>                                                Delgado y a prueba de golpes    <\/p>\n<p>                                                MacBook Air\/Pro 13-14&#8243;    <\/p>\n<p>                                                MacBook Air\/Pro 13-14&#8243;    <\/p>\n<p>                                                MacBook Air\/Pro 13-14&#8243;    <\/p>\n<p>                                                Duro y a prueba de golpes    <\/p>\n<p> Product Dimensions                                            \u200f                                            :                                            \u200e                                            35.5 x 25.4 x 3.5 cm; 780 g   <br \/> Manufacturer                                            \u200f                                            :                                            \u200e                                            SITHON   <br \/> ASIN                                            \u200f                                            :                                            \u200e                                            B09Q32P5XQ   <br \/> Item model number                                            \u200f                                            :                                            \u200e                                            TLSAA-Hardshell Sleeve   <br \/> Country of origin                                            \u200f                                            :                                            \u200e                                            China   <br \/> Department                                            \u200f                                            :                                            \u200e                                            unisex_adult   <br \/> Guaranteed software updates until                                            \u200f                                            :                                            \u200e                                            unknown   <br \/>  Customer reviews:                                                                                            4.7               4.7 out of 5 stars                                  (2,561)                                              var dpAcrHasRegisteredArcLinkClickAction;                    P.when(&#8216;A&#8217;, &#8216;ready&#8217;).execute(function(A) {                        if (dpAcrHasRegisteredArcLinkClickAction !== true) {                            dpAcrHasRegisteredArcLinkClickAction = true;                            A.declarative(                                &#8216;acrLink-click-metrics&#8217;, &#8216;click&#8217;,                                { \u00aballowLinkDefault\u00bb: true },                                function (event) {                                    if (window.ue) {                                        ue.count(\u00abacrLinkClickCount\u00bb, (ue.count(\u00abacrLinkClickCount\u00bb) || 0) + 1);                                    }                                }                            );                        }                    });                                             P.when(&#8216;A&#8217;, &#8216;cf&#8217;).execute(function(A) {                A.declarative(&#8216;acrStarsLink-click-metrics&#8217;, &#8216;click&#8217;, { \u00aballowLinkDefault\u00bb : true },  function(event){                    if(window.ue) {                        ue.count(\u00abacrStarsLinkWithPopoverClickCount\u00bb, (ue.count(\u00abacrStarsLinkWithPopoverClickCount\u00bb) || 0) + 1);                    }                });            });                          <\/p>\n<p>\u3010Compatible Devices\u3011 Compatible with 16 inch MacBook Pro M4 M3 M2 M1 Pro\/Max A3186 A3403 A2991 A2780 A2485 A2141 (2024-2019), 15&#8243; Microsoft Surface Book 3\/2\/1, 15.6&#8243; ASUS TU. F Gaming FX50 6 \/ Dash F15 FX516 \/ ROG Zephyrus M15 GU502,Lenovo IdeaPad 3 \/ IdeaPad Gaming 3 \/ V15-ADA, HUAWEI MateBook D 16 2021 and other HP\/LG\/Samsung\/Dell\/Asus\/Acer\/Toshiba\/Lenovo\/Huawei Notebook Chromebook Ultrabook up to 16 5.6&#8243;<br \/>\u3010Shock Absorption &#038; Non-Slip\u3011 Thick soft padded lining and EVA hard shell provide shock resistance from bumps, scrapes or other impacts, fully protected. The outer surface is textured to ensure easy grip at all times, prevent falling.<br \/>\u3010Anti-Scratch\u3011 Made of tear-resistant material and durable YKK zipper, prevent your valuable electronic devices from scratching, offers superior protection.<br \/>\u3010Convenient\u3011 90-180 degree free opening, help you quickly and quickly put your laptop in and out of the case. Perfect for daily use in travel, school, office and business trip.<br \/>\u3010Durable\u3011 Designed with four-layer drop protection, anti-scratch polyester fabric, shockproof EVA hard shell, 4mm shock absorption pad, high elastic Lycra bag combine to create a sturdy laptop sleeve.<\/p>\n\n","protected":false},"excerpt":{"rendered":"<p> Product Description Funda protectora para port\u00e1til SITHON Se adapta perfectamente a tu MacBook Pro 16,<\/p>","protected":false},"featured_media":24820,"comment_status":"open","ping_status":"closed","template":"","meta":[],"product_brand":[],"product_cat":[84],"product_tag":[496,498,497,850,4236,307,994,7341,794,7342,5930,159,7343,1054,160,502,503,504,499,500,501,505,163,4209,7340,851],"class_list":{"0":"post-24819","1":"product","2":"type-product","3":"status-publish","4":"has-post-thumbnail","6":"product_cat-apple-macbook","7":"product_tag-apple-macbook","8":"product_tag-apple-macbook-air","9":"product_tag-apple-macbook-pro","10":"product_tag-asus","11":"product_tag-bag","12":"product_tag-black","13":"product_tag-case","14":"product_tag-gamingrog","15":"product_tag-hard","16":"product_tag-hpacerhuaweisamsungsurface","17":"product_tag-ideapad","18":"product_tag-laptop","19":"product_tag-laptopchromebook","20":"product_tag-lenovo","21":"product_tag-macbook","22":"product_tag-macbook-13-inch","23":"product_tag-macbook-15-inch","24":"product_tag-macbook-16-inch","25":"product_tag-macbook-m1","26":"product_tag-macbook-m2","27":"product_tag-macbook-m3","28":"product_tag-macbook-price","29":"product_tag-pro","30":"product_tag-shell","31":"product_tag-sithon","32":"product_tag-tuf","34":"first","35":"instock","36":"shipping-taxable","37":"product-type-external"},"_links":{"self":[{"href":"https:\/\/comprasyconsejos.store\/en\/wp-json\/wp\/v2\/product\/24819","targetHints":{"allow":["GET"]}}],"collection":[{"href":"https:\/\/comprasyconsejos.store\/en\/wp-json\/wp\/v2\/product"}],"about":[{"href":"https:\/\/comprasyconsejos.store\/en\/wp-json\/wp\/v2\/types\/product"}],"replies":[{"embeddable":true,"href":"https:\/\/comprasyconsejos.store\/en\/wp-json\/wp\/v2\/comments?post=24819"}],"version-history":[{"count":0,"href":"https:\/\/comprasyconsejos.store\/en\/wp-json\/wp\/v2\/product\/24819\/revisions"}],"wp:featuredmedia":[{"embeddable":true,"href":"https:\/\/comprasyconsejos.store\/en\/wp-json\/wp\/v2\/media\/24820"}],"wp:attachment":[{"href":"https:\/\/comprasyconsejos.store\/en\/wp-json\/wp\/v2\/media?parent=24819"}],"wp:term":[{"taxonomy":"product_brand","embeddable":true,"href":"https:\/\/comprasyconsejos.store\/en\/wp-json\/wp\/v2\/product_brand?post=24819"},{"taxonomy":"product_cat","embeddable":true,"href":"https:\/\/comprasyconsejos.store\/en\/wp-json\/wp\/v2\/product_cat?post=24819"},{"taxonomy":"product_tag","embeddable":true,"href":"https:\/\/comprasyconsejos.store\/en\/wp-json\/wp\/v2\/product_tag?post=24819"}],"curies":[{"name":"wp","href":"https:\/\/api.w.org\/{rel}","templated":true}]}}