{"id":24864,"date":"2026-02-19T10:50:18","date_gmt":"2026-02-19T10:50:18","guid":{"rendered":"https:\/\/comprasyconsejos.store\/product\/zyxel-5g-router-with-sim-card-slot-4-67gbps-ax1800-wifi-6-plug-and-play-cloud-management-wifi-up-to-64-devices-dual-wan-failover-gigabit-lan-ports-nebula-fwa505\/"},"modified":"2026-02-19T10:50:20","modified_gmt":"2026-02-19T10:50:20","slug":"zyxel-5g-router-with-sim-card-slot-4-67gbps-ax1800-wifi-6-plug-and-play-cloud-management-wifi-up-to-64-devices-dual-wan-failover-gigabit-lan-ports-nebula-fwa505","status":"publish","type":"product","link":"https:\/\/comprasyconsejos.store\/en\/product\/zyxel-5g-router-with-sim-card-slot-4-67gbps-ax1800-wifi-6-plug-and-play-cloud-management-wifi-up-to-64-devices-dual-wan-failover-gigabit-lan-ports-nebula-fwa505\/","title":{"rendered":"Zyxel 5G Router with SIM Card Slot | 4.67Gbps AX1800 WiFi 6 | Plug and Play | Cloud Management | WiFi up to 64 Devices | Dual WAN failover | Gigabit LAN Ports [Nebula FWA505]"},"content":{"rendered":"<p>Price: <span style=\"color:#b12704\"><del>\u20ac199.99<\/del> - \u20ac180.29<\/span><br \/><i><small>(as of Feb 19, 2026 10:50:18 UTC &#8211; <span class=\"wp_automatic_amazon_disclaimer\" title=\"Product prices and availability are accurate as of the date\/time indicated and are subject to change. Any price and availability information displayed on [relevant Amazon Site(s), as applicable] at the time of purchase will apply to the purchase of this product.\">Details<\/span>)<\/small><\/i><\/p>\n<p><a href=\"https:\/\/amazon.es\/dp\/B0CYHJQM1L?tag=man008-21\"><img decoding=\"async\" src=\"https:\/\/valvepress.s3.amazonaws.com\/imgs\/buy_now.png\"><\/a><br \/>\n<\/p>\n<p>                                             From the brand   <\/p>\n<p>                                              <img decoding=\"async\" alt=\"aplus content image\" src=\"https:\/\/images-na.ssl-images-amazon.com\/images\/G\/01\/x-locale\/common\/grey-pixel.gif\" class=\"a-lazy-loaded\" data-src=\"https:\/\/m.media-amazon.com\/images\/S\/aplus-media-library-service-media\/744b9642-e2b4-4bf2-aac1-2aaf79b036bc.__CR0,0,1464,625_PT0_SX1464_V1___.jpg\"><img decoding=\"async\" alt=\"aplus content image\" src=\"https:\/\/m.media-amazon.com\/images\/S\/aplus-media-library-service-media\/744b9642-e2b4-4bf2-aac1-2aaf79b036bc.__CR0,0,1464,625_PT0_SX1464_V1___.jpg\">  <\/p>\n<p>                                              <img decoding=\"async\" alt=\"\" src=\"https:\/\/images-na.ssl-images-amazon.com\/images\/G\/01\/x-locale\/common\/grey-pixel.gif\" class=\"a-lazy-loaded\" data-src=\"https:\/\/m.media-amazon.com\/images\/S\/aplus-media-library-service-media\/983dd147-5faf-4523-8dc6-4c10424cd9f0.__CR0,0,315,145_PT0_SX315_V1___.jpg\"><img decoding=\"async\" alt=\"\" src=\"https:\/\/m.media-amazon.com\/images\/S\/aplus-media-library-service-media\/983dd147-5faf-4523-8dc6-4c10424cd9f0.__CR0,0,315,145_PT0_SX315_V1___.jpg\">  <\/p>\n<p> Zyxel Networks es l\u00edder de soluciones de red seguras y basadas en inteligencia artificial para peque\u00f1as y medianas empresas y el per\u00edmetro empresarial. Ofrecemos conectividad de red sin interrupciones y soluciones flexibles utilizando las \u00faltimas tecnolog\u00edas, respaldadas por plataformas de gesti\u00f3n robustas y seguras. <\/p>\n<p> Work smarter, not harder <\/p>\n<p>                                                         \u00bfQu\u00e9 es Zyxel Networks?                                       <\/p>\n<p> Zyxel Networks, parte del Grupo Zyxel, es una fuerza global en el mercado de las redes con una presencia internacional en 150 mercados. Hemos vendido m\u00e1s de 100 millones de dispositivos y contamos con la confianza de m\u00e1s de un mill\u00f3n de empresas. <\/p>\n<p>                                                         \u00bfQu\u00e9 productos ofrecemos?                                       <\/p>\n<p> Nos especializamos en peque\u00f1as y medianas empresas, hosteler\u00eda y educaci\u00f3n. Nuestra experiencia en conmutadores, redes inal\u00e1mbricas y seguridad garantiza un funcionamiento fluido para un trabajo m\u00e1s inteligente. En el hogar, conectamos las necesidades de entretenimiento a la perfecci\u00f3n. <\/p>\n<p>                                              <img decoding=\"async\" alt=\"\" src=\"https:\/\/images-na.ssl-images-amazon.com\/images\/G\/01\/x-locale\/common\/grey-pixel.gif\" class=\"a-lazy-loaded\" data-src=\"https:\/\/m.media-amazon.com\/images\/S\/aplus-media-library-service-media\/e6294538-ed8e-45da-910e-e24625fe13e0.__CR0,0,362,453_PT0_SX362_V1___.jpg\"><img decoding=\"async\" alt=\"\" src=\"https:\/\/m.media-amazon.com\/images\/S\/aplus-media-library-service-media\/e6294538-ed8e-45da-910e-e24625fe13e0.__CR0,0,362,453_PT0_SX362_V1___.jpg\">  <\/p>\n<h3> Wireless <\/h3>\n<p> Soluciones LAN r\u00e1pidas, seguras y escalables, incluido WiFi 7. Dise\u00f1adas para ofrecer estabilidad, eficiencia y rendimiento a PYMES. <\/p>\n<h3> Wireless <\/h3>\n<p class=\"apm-brand-story-stores-link\">\n<p>                                              <img decoding=\"async\" alt=\"\" src=\"https:\/\/images-na.ssl-images-amazon.com\/images\/G\/01\/x-locale\/common\/grey-pixel.gif\" class=\"a-lazy-loaded\" data-src=\"https:\/\/m.media-amazon.com\/images\/S\/aplus-media-library-service-media\/3b5bbde9-79a4-4c8e-8552-103f4d193da9.__CR0,0,362,453_PT0_SX362_V1___.jpg\"><img decoding=\"async\" alt=\"\" src=\"https:\/\/m.media-amazon.com\/images\/S\/aplus-media-library-service-media\/3b5bbde9-79a4-4c8e-8552-103f4d193da9.__CR0,0,362,453_PT0_SX362_V1___.jpg\">  <\/p>\n<h3> Conmutadores <\/h3>\n<p> Conmutadores de alto rendimiento que ofrecen velocidad, fiabilidad y f\u00e1cil configuraci\u00f3n, ideales para peque\u00f1as y medianas empresas. <\/p>\n<h3> Switches <\/h3>\n<p class=\"apm-brand-story-stores-link\">\n<p>                                              <img decoding=\"async\" alt=\"\" src=\"https:\/\/images-na.ssl-images-amazon.com\/images\/G\/01\/x-locale\/common\/grey-pixel.gif\" class=\"a-lazy-loaded\" data-src=\"https:\/\/m.media-amazon.com\/images\/S\/aplus-media-library-service-media\/2f499fb4-be97-48a2-8448-9bcf4ff00064.__CR0,0,362,453_PT0_SX362_V1___.jpg\"><img decoding=\"async\" alt=\"\" src=\"https:\/\/m.media-amazon.com\/images\/S\/aplus-media-library-service-media\/2f499fb4-be97-48a2-8448-9bcf4ff00064.__CR0,0,362,453_PT0_SX362_V1___.jpg\">  <\/p>\n<h3> Ciberseguridad <\/h3>\n<p> Protecci\u00f3n de red robusta con licencias flexibles y conectividad perfecta, que defiende contra amenazas y accesos no autorizados. <\/p>\n<h3> Cortafuegos <\/h3>\n<p class=\"apm-brand-story-stores-link\">\n<p>                                              <img decoding=\"async\" alt=\"\" src=\"https:\/\/images-na.ssl-images-amazon.com\/images\/G\/01\/x-locale\/common\/grey-pixel.gif\" class=\"a-lazy-loaded\" data-src=\"https:\/\/m.media-amazon.com\/images\/S\/aplus-media-library-service-media\/2e6642a4-d680-4dd5-b962-14bd6402649b.__CR0,0,362,453_PT0_SX362_V1___.jpg\"><img decoding=\"async\" alt=\"\" src=\"https:\/\/m.media-amazon.com\/images\/S\/aplus-media-library-service-media\/2e6642a4-d680-4dd5-b962-14bd6402649b.__CR0,0,362,453_PT0_SX362_V1___.jpg\">  <\/p>\n<h3> LTE y 5G <\/h3>\n<p> Opciones vers\u00e1tiles (interiores, exteriores y m\u00f3viles) que permiten una f\u00e1cil implementaci\u00f3n y una expansi\u00f3n flexible sin cableado. <\/p>\n<h3> 5G &amp; LTE <\/h3>\n<p class=\"apm-brand-story-stores-link\">\n<p>                                              <img decoding=\"async\" alt=\"\" src=\"https:\/\/images-na.ssl-images-amazon.com\/images\/G\/01\/x-locale\/common\/grey-pixel.gif\" class=\"a-lazy-loaded\" data-src=\"https:\/\/m.media-amazon.com\/images\/S\/aplus-media-library-service-media\/dd86ffe4-c0c1-4404-a718-1e14fc76b298.__CR0,0,362,453_PT0_SX362_V1___.jpg\"><img decoding=\"async\" alt=\"\" src=\"https:\/\/m.media-amazon.com\/images\/S\/aplus-media-library-service-media\/dd86ffe4-c0c1-4404-a718-1e14fc76b298.__CR0,0,362,453_PT0_SX362_V1___.jpg\">  <\/p>\n<h3> \u00a1En cualquier lugar y momento! <\/h3>\n<p> Conecte, proteja y gestione de forma remota productos compatibles a trav\u00e9s de nuestra plataforma centralizada en la nube, Nebula. <\/p>\n<p>                                              <img decoding=\"async\" alt=\"\" src=\"https:\/\/images-na.ssl-images-amazon.com\/images\/G\/01\/x-locale\/common\/grey-pixel.gif\" class=\"a-lazy-loaded\" data-src=\"https:\/\/m.media-amazon.com\/images\/S\/aplus-media-library-service-media\/6ae55531-d22e-4224-86c9-2982bac21d87.__CR0,0,362,453_PT0_SX362_V1___.jpg\"><img decoding=\"async\" alt=\"\" src=\"https:\/\/m.media-amazon.com\/images\/S\/aplus-media-library-service-media\/6ae55531-d22e-4224-86c9-2982bac21d87.__CR0,0,362,453_PT0_SX362_V1___.jpg\">  <\/p>\n<h3> Conecte su negocio <\/h3>\n<p> Nebula proporciona un control centralizado basado en la nube y visibilidad sobre todo el hardware compatible con Nebula. <\/p>\n<p>                                              <img decoding=\"async\" alt=\"\" src=\"https:\/\/images-na.ssl-images-amazon.com\/images\/G\/01\/x-locale\/common\/grey-pixel.gif\" class=\"a-lazy-loaded\" data-src=\"https:\/\/m.media-amazon.com\/images\/S\/aplus-media-library-service-media\/a6b67436-48dc-489e-9dc3-60b8d2f36566.__CR0,0,362,453_PT0_SX362_V1___.jpg\"><img decoding=\"async\" alt=\"\" src=\"https:\/\/m.media-amazon.com\/images\/S\/aplus-media-library-service-media\/a6b67436-48dc-489e-9dc3-60b8d2f36566.__CR0,0,362,453_PT0_SX362_V1___.jpg\">  <\/p>\n<h3> Haga clic, toque y listo <\/h3>\n<p> Conecte us dispositivos en cuesti\u00f3n de minutos con solo unos clics. Bienvenido a Nebula, nuestra plataforma de gesti\u00f3n en la nube. <\/p>\n<p>                                              <img decoding=\"async\" alt=\"\" src=\"https:\/\/images-na.ssl-images-amazon.com\/images\/G\/01\/x-locale\/common\/grey-pixel.gif\" class=\"a-lazy-loaded\" data-src=\"https:\/\/m.media-amazon.com\/images\/S\/aplus-media-library-service-media\/7bcb3820-9af7-4f1e-8a9d-35ec506e6db6.__CR0,0,362,453_PT0_SX362_V1___.jpg\"><img decoding=\"async\" alt=\"\" src=\"https:\/\/m.media-amazon.com\/images\/S\/aplus-media-library-service-media\/7bcb3820-9af7-4f1e-8a9d-35ec506e6db6.__CR0,0,362,453_PT0_SX362_V1___.jpg\">  <\/p>\n<h3> De cero a h\u00e9roe de la red <\/h3>\n<p> \u00a1Red sin complicaciones con Nebula! Combine nuestra potente tecnolog\u00eda con Nebula y vea c\u00f3mo su red se adapta a sus necesidades. <\/p>\n<p> Batteries                                            \u200f                                            :                                            \u200e                                            1 AAAA batteries required.   <br \/> Is discontinued by manufacturer                                            \u200f                                            :                                            \u200e                                            No   <br \/> Product Dimensions                                            \u200f                                            :                                            \u200e                                            170 x 110 x 260 cm; 1.1 kg   <br \/> Manufacturer                                            \u200f                                            :                                            \u200e                                            Zyxel   <br \/> ASIN                                            \u200f                                            :                                            \u200e                                            B0CYHJQM1L   <br \/> Item model number                                            \u200f                                            :                                            \u200e                                            FWA505-EU0102F   <br \/> Country\/Region of Origin                                            \u200f                                            :                                            \u200e                                            Taiwan   <br \/> Guaranteed software updates until                                            \u200f                                            :                                            \u200e                                            unknown   <br \/>  Customer reviews:                                                                                            3.9               3.9 out of 5 stars                                  (306)                                              var dpAcrHasRegisteredArcLinkClickAction;                    P.when(&#8216;A&#8217;, &#8216;ready&#8217;).execute(function(A) {                        if (dpAcrHasRegisteredArcLinkClickAction !== true) {                            dpAcrHasRegisteredArcLinkClickAction = true;                            A.declarative(                                &#8216;acrLink-click-metrics&#8217;, &#8216;click&#8217;,                                { \u00aballowLinkDefault\u00bb: true },                                function (event) {                                    if (window.ue) {                                        ue.count(\u00abacrLinkClickCount\u00bb, (ue.count(\u00abacrLinkClickCount\u00bb) || 0) + 1);                                    }                                }                            );                        }                    });                                             P.when(&#8216;A&#8217;, &#8216;cf&#8217;).execute(function(A) {                A.declarative(&#8216;acrStarsLink-click-metrics&#8217;, &#8216;click&#8217;, { \u00aballowLinkDefault\u00bb : true },  function(event){                    if(window.ue) {                        ue.count(\u00abacrStarsLinkWithPopoverClickCount\u00bb, (ue.count(\u00abacrStarsLinkWithPopoverClickCount\u00bb) || 0) + 1);                    }                });            });                          <\/p>\n<p>5G NR with a theoretical download speed of up to 4.67Gbps<br \/>AX1800 WiFi 6 speeds up to 1.77Gbps<br \/>Remote management via Nebula Cloud with no additional landline<br \/>Compatible with NebulaFlex: Work in standalone mode or in the Nebula cloud, as needed.<\/p>\n\n","protected":false},"excerpt":{"rendered":"<p> From the brand Zyxel Networks es l\u00edder de soluciones de red seguras y basadas en<\/p>","protected":false},"featured_media":24865,"comment_status":"open","ping_status":"closed","template":"","meta":[],"product_brand":[],"product_cat":[71],"product_tag":[7348,2080,3580,2084,1420,2954,242,298,2078,7349,7350,2079,1092,2081,2083,791,2962,2082,1100,1139,324,382,2088,2085,2827,2597,4475,543,2076,2077,7347],"class_list":{"0":"post-24864","1":"product","2":"type-product","3":"status-publish","4":"has-post-thumbnail","6":"product_cat-wifi-routers","7":"product_tag-4-67gbps","8":"product_tag-5ghz-router","9":"product_tag-ax1800","10":"product_tag-best-wifi-router","11":"product_tag-card","12":"product_tag-cloud","13":"product_tag-devices","14":"product_tag-dual","15":"product_tag-dual-band-router","16":"product_tag-failover","17":"product_tag-fwa505","18":"product_tag-gaming-wifi-router","19":"product_tag-gigabit","20":"product_tag-high-speed-router","21":"product_tag-home-wifi-router","22":"product_tag-lan","23":"product_tag-management","24":"product_tag-mesh-wifi-router","25":"product_tag-nebula","26":"product_tag-play","27":"product_tag-plug","28":"product_tag-ports","29":"product_tag-router","30":"product_tag-router-price","31":"product_tag-sim","32":"product_tag-slot","33":"product_tag-wan","34":"product_tag-wifi","35":"product_tag-wifi-router","36":"product_tag-wireless-router","37":"product_tag-zyxel","39":"first","40":"instock","41":"sale","42":"shipping-taxable","43":"product-type-external"},"_links":{"self":[{"href":"https:\/\/comprasyconsejos.store\/en\/wp-json\/wp\/v2\/product\/24864","targetHints":{"allow":["GET"]}}],"collection":[{"href":"https:\/\/comprasyconsejos.store\/en\/wp-json\/wp\/v2\/product"}],"about":[{"href":"https:\/\/comprasyconsejos.store\/en\/wp-json\/wp\/v2\/types\/product"}],"replies":[{"embeddable":true,"href":"https:\/\/comprasyconsejos.store\/en\/wp-json\/wp\/v2\/comments?post=24864"}],"version-history":[{"count":0,"href":"https:\/\/comprasyconsejos.store\/en\/wp-json\/wp\/v2\/product\/24864\/revisions"}],"wp:featuredmedia":[{"embeddable":true,"href":"https:\/\/comprasyconsejos.store\/en\/wp-json\/wp\/v2\/media\/24865"}],"wp:attachment":[{"href":"https:\/\/comprasyconsejos.store\/en\/wp-json\/wp\/v2\/media?parent=24864"}],"wp:term":[{"taxonomy":"product_brand","embeddable":true,"href":"https:\/\/comprasyconsejos.store\/en\/wp-json\/wp\/v2\/product_brand?post=24864"},{"taxonomy":"product_cat","embeddable":true,"href":"https:\/\/comprasyconsejos.store\/en\/wp-json\/wp\/v2\/product_cat?post=24864"},{"taxonomy":"product_tag","embeddable":true,"href":"https:\/\/comprasyconsejos.store\/en\/wp-json\/wp\/v2\/product_tag?post=24864"}],"curies":[{"name":"wp","href":"https:\/\/api.w.org\/{rel}","templated":true}]}}