{"id":24893,"date":"2026-02-19T11:08:19","date_gmt":"2026-02-19T11:08:19","guid":{"rendered":"https:\/\/comprasyconsejos.store\/product\/thermalright-assassin-king-120-se-argb-cpu-air-cooler-ak120-se-argb-5-heatpipes-aghp-technology-tl-c12cw-s-pwm-quiet-fan-cpu-cooler-with-s-fdb-bearing-for-amd-am4-am5-intel-1151-1155-1200-1700\/"},"modified":"2026-02-19T11:08:25","modified_gmt":"2026-02-19T11:08:25","slug":"thermalright-assassin-king-120-se-argb-cpu-air-cooler-ak120-se-argb-5-heatpipes-aghp-technology-tl-c12cw-s-pwm-quiet-fan-cpu-cooler-with-s-fdb-bearing-for-amd-am4-am5-intel-1151-1155-1200-1700","status":"publish","type":"product","link":"https:\/\/comprasyconsejos.store\/en\/product\/thermalright-assassin-king-120-se-argb-cpu-air-cooler-ak120-se-argb-5-heatpipes-aghp-technology-tl-c12cw-s-pwm-quiet-fan-cpu-cooler-with-s-fdb-bearing-for-amd-am4-am5-intel-1151-1155-1200-1700\/","title":{"rendered":"Thermalright Assassin King 120 SE ARGB CPU Air Cooler, AK120 SE ARGB, 5 Heatpipes, AGHP Technology, TL-C12CW-S PWM Quiet Fan CPU Cooler with S-FDB Bearing, for AMD AM4 AM5\/Intel 1151\/1155\/1200\/1700"},"content":{"rendered":"<p>Price: <span style=\"color:#b12704\">\u20ac24.90<\/span><br \/><i><small>(as of Feb 19, 2026 11:08:19 UTC &#8211; <span class=\"wp_automatic_amazon_disclaimer\" title=\"Product prices and availability are accurate as of the date\/time indicated and are subject to change. Any price and availability information displayed on [relevant Amazon Site(s), as applicable] at the time of purchase will apply to the purchase of this product.\">Details<\/span>)<\/small><\/i><\/p>\n<p><a href=\"https:\/\/amazon.es\/dp\/B09ZHS6B9J?tag=man008-21\"><img decoding=\"async\" src=\"https:\/\/valvepress.s3.amazonaws.com\/imgs\/buy_now.png\"><\/a><br \/>\n<\/p>\n<p>                                             Product Description   <\/p>\n<p>                                                         <img decoding=\"async\" alt=\"el logo del futuro\" src=\"https:\/\/images-na.ssl-images-amazon.com\/images\/G\/01\/x-locale\/common\/grey-pixel.gif\" class=\"a-lazy-loaded\" data-src=\"https:\/\/m.media-amazon.com\/images\/S\/aplus-media-library-service-media\/59a28fa5-a545-4602-a60c-b44550c98483.__CR0,0,600,180_PT0_SX600_V1___.jpg\"><img decoding=\"async\" alt=\"el logo del futuro\" src=\"https:\/\/m.media-amazon.com\/images\/S\/aplus-media-library-service-media\/59a28fa5-a545-4602-a60c-b44550c98483.__CR0,0,600,180_PT0_SX600_V1___.jpg\">      <\/p>\n<p>                                                  <img decoding=\"async\" alt=\"the assassin&amp;#39;s web - - la tecnolog\u00eda de impresi\u00f3n 3D\" src=\"https:\/\/images-na.ssl-images-amazon.com\/images\/G\/01\/x-locale\/common\/grey-pixel.gif\" class=\"a-lazy-loaded\" data-src=\"https:\/\/m.media-amazon.com\/images\/S\/aplus-media-library-service-media\/cd1402c2-be33-4a24-a055-53b9e6174d7f.__CR0,0,970,300_PT0_SX970_V1___.jpg\"><img decoding=\"async\" alt=\"the assassin&amp;#39;s web - - la tecnolog\u00eda de impresi\u00f3n 3D\" src=\"https:\/\/m.media-amazon.com\/images\/S\/aplus-media-library-service-media\/cd1402c2-be33-4a24-a055-53b9e6174d7f.__CR0,0,970,300_PT0_SX970_V1___.jpg\">  <\/p>\n<p>                                                                             <img decoding=\"async\" alt=\"los mejores artilugios para tu hogar\" src=\"https:\/\/images-na.ssl-images-amazon.com\/images\/G\/01\/x-locale\/common\/grey-pixel.gif\" class=\"a-spacing-base a-lazy-loaded\" data-src=\"https:\/\/m.media-amazon.com\/images\/S\/aplus-media-library-service-media\/5d0728c3-5765-455f-995c-3cb3f13a2aee.__CR0,0,970,600_PT0_SX970_V1___.jpg\"><img decoding=\"async\" alt=\"los mejores artilugios para tu hogar\" src=\"https:\/\/m.media-amazon.com\/images\/S\/aplus-media-library-service-media\/5d0728c3-5765-455f-995c-3cb3f13a2aee.__CR0,0,970,600_PT0_SX970_V1___.jpg\">                                                                    <\/p>\n<p class=\"apm-text-center\">\n                                                      <img decoding=\"async\" alt=\"el nuevo dise\u00f1o de la estructura de metal es una luz emisora de luz que se encuentra en el interior de la estructura de metal\" src=\"https:\/\/images-na.ssl-images-amazon.com\/images\/G\/01\/x-locale\/common\/grey-pixel.gif\" class=\"a-spacing-mini a-lazy-loaded\" data-src=\"https:\/\/m.media-amazon.com\/images\/S\/aplus-media-library-service-media\/4a844df5-9c45-4e4f-abca-d02d84f9bae8.__CR0,0,300,300_PT0_SX300_V1___.jpg\"><img decoding=\"async\" alt=\"el nuevo dise\u00f1o de la estructura de metal es una luz emisora de luz que se encuentra en el interior de la estructura de metal\" src=\"https:\/\/m.media-amazon.com\/images\/S\/aplus-media-library-service-media\/4a844df5-9c45-4e4f-abca-d02d84f9bae8.__CR0,0,300,300_PT0_SX300_V1___.jpg\">  <\/p>\n<p>                                                    EXPERIENCIA DE USUARIO DE EXCELENCIA                                       <\/p>\n<p> La pasta t\u00e9rmica premium THERMALRIGHT TF-4 tambi\u00e9n se incluye con el enfriador de CPU para obtener el mejor rendimiento listo para usar. El sistema de montaje Thermalright SS2 redise\u00f1ado ofrece un proceso de instalaci\u00f3n f\u00e1cil y una presi\u00f3n de montaje \u00f3ptima. <\/p>\n<p class=\"apm-text-center\">\n                                                      <img decoding=\"async\" alt=\"el nuevo dise\u00f1o del nuevo producto est\u00e1 dise\u00f1ado para usarse en el dise\u00f1o del producto.\" src=\"https:\/\/images-na.ssl-images-amazon.com\/images\/G\/01\/x-locale\/common\/grey-pixel.gif\" class=\"a-spacing-mini a-lazy-loaded\" data-src=\"https:\/\/m.media-amazon.com\/images\/S\/aplus-media-library-service-media\/e8efeade-2885-4974-b049-f4deaf4a7ef7.__CR0,0,300,300_PT0_SX300_V1___.jpg\"><img decoding=\"async\" alt=\"el nuevo dise\u00f1o del nuevo producto est\u00e1 dise\u00f1ado para usarse en el dise\u00f1o del producto.\" src=\"https:\/\/m.media-amazon.com\/images\/S\/aplus-media-library-service-media\/e8efeade-2885-4974-b049-f4deaf4a7ef7.__CR0,0,300,300_PT0_SX300_V1___.jpg\">  <\/p>\n<p>                                                    5 TUBER\u00cdAS DE CALOR CON TECNOLOG\u00cdA AGHP (ANTI-GRAVITY HEAT PIPE)                                       <\/p>\n<p> Los tubos de calor comunes dependen en gran medida de la gravedad para lograr un rendimiento \u00f3ptimo. <\/p>\n<p> El disipador de calor equipado con tubos de calor AGHP de dise\u00f1o especial THERMALRIGHT no se ve afectado por la direcci\u00f3n de montaje. Esto asegura una experiencia m\u00e1s fresca del usuario en diferentes dise\u00f1os de carcasas de computadora. <\/p>\n<p class=\"apm-text-center\">\n                                                      <img decoding=\"async\" alt=\"el color azul y blanco de la lente\" src=\"https:\/\/images-na.ssl-images-amazon.com\/images\/G\/01\/x-locale\/common\/grey-pixel.gif\" class=\"a-spacing-mini a-lazy-loaded\" data-src=\"https:\/\/m.media-amazon.com\/images\/S\/aplus-media-library-service-media\/67badf36-2dfc-4512-bcac-80bb81626517.__CR0,0,300,300_PT0_SX300_V1___.jpg\"><img decoding=\"async\" alt=\"el color azul y blanco de la lente\" src=\"https:\/\/m.media-amazon.com\/images\/S\/aplus-media-library-service-media\/67badf36-2dfc-4512-bcac-80bb81626517.__CR0,0,300,300_PT0_SX300_V1___.jpg\">  <\/p>\n<p>                                                    BALANCE RENDIMIENTO TL-C12CW-S VENTILADOR                                       <\/p>\n<p> Basado en el dise\u00f1o del ventilador TL-C12, la serie de ventiladores TL-C12CW-S logra un equilibrio \u00f3ptimo entre el rendimiento y la salida de ruido, por lo tanto, son ventiladores completos para escenarios de uso de disipadores de calor o radiadores. El motor est\u00e1 equipado con rodamientos S-FDB para un funcionamiento suave y una larga vida \u00fatil. <\/p>\n<p> El modelo S viene con iluminaci\u00f3n RGB direccionable para un rendimiento est\u00e9tico. <\/p>\n<p>                                                  <img decoding=\"async\" alt=\"el rey de la jungla\" src=\"https:\/\/images-na.ssl-images-amazon.com\/images\/G\/01\/x-locale\/common\/grey-pixel.gif\" class=\"a-lazy-loaded\" data-src=\"https:\/\/m.media-amazon.com\/images\/S\/aplus-media-library-service-media\/5194e28a-d39f-49da-bf79-f1532659bdff.__CR0,0,970,300_PT0_SX970_V1___.jpg\"><img decoding=\"async\" alt=\"el rey de la jungla\" src=\"https:\/\/m.media-amazon.com\/images\/S\/aplus-media-library-service-media\/5194e28a-d39f-49da-bf79-f1532659bdff.__CR0,0,970,300_PT0_SX970_V1___.jpg\">  <\/p>\n<p>                         Add To Basket  <\/p>\n<p>                         Add To Basket  <\/p>\n<p>                             Customer Reviews  <\/p>\n<p>                    4.4 out of 5 stars  100  <\/p>\n<p>                    4.7 out of 5 stars  37  <\/p>\n<p>                    4.7 out of 5 stars  2,835  <\/p>\n<p>                    4.7 out of 5 stars  28  <\/p>\n<p>                \u2014            <\/p>\n<p>                             Price  <\/p>\n<p>                                    \u20ac26.90\u20ac26.90<br \/>\n                                            \u2014 no data<br \/>\n                                                       \u20ac36.90\u20ac36.90<br \/>\n                                            \u2014 no data<\/p>\n<p>                                            \u2014 no data<\/p>\n<p>                             Tubo de calor<br \/>\n                                4\u00d76mm heatpipes               6\u00d76mm heatpipes               6\u00d76mm heatpipes               6\u00d76mm heatpipes                          <\/p>\n<p>                             Toma del Procesador<br \/>\n                                \u00abIntel: LGA1150,LGA1151,LGA1155,LGA1156,LGA1200;  AMD: AM4\u00bb               \u00abIntel: LGA1150,LGA1151,LGA1155,LGA1156,LGA1200,LGA2011,LGA2066, LGA1700;  AMD: AM4 AM5\u00bb               \u00abIntel: LGA1150,LGA1151,LGA1155,LGA1156,LGA1200,LGA2011,LGA2066, LGA1700;  AMD: AM4 AM5\u00bb               \u00abIntel: LGA1150,LGA1151,LGA1155,LGA1156,LGA1200,LGA2011,LGA2066, LGA1700;  AMD: AM4 AM5\u00bb               Intel: LGA1700           <\/p>\n<p>                             Velocidad de Ventilador<br \/>\n                                2700\u00b110%RPM               2150\u00b110%RPM               1500\u00b110%RPM               1850\u00b110%RPM                          <\/p>\n<p>                             Altura<br \/>\n                                53MM\/2.09in               157MM\/6.18in               157MM\/6.18in               135MM\/5.31in                          <\/p>\n<p> Product Dimensions                                            \u200f                                            :                                            \u200e                                            11.99 x 7.29 x 14.81 cm; 635.03 g   <br \/> Date First Available                                            \u200f                                            :                                            \u200e                                            2 Sept. 2022   <br \/> Manufacturer                                            \u200f                                            :                                            \u200e                                            Thermalright   <br \/> ASIN                                            \u200f                                            :                                            \u200e                                            B09ZHS6B9J   <br \/> Manufacturer reference                                            \u200f                                            :                                            \u200e                                            AK120 SE WHITE ARGB-d5   <br \/> Country of origin                                            \u200f                                            :                                            \u200e                                            China   <br \/>       Best Sellers Rank:  3,192 in Computers (See Top 100 in Computers)    60 in CPU Fans      <br \/>  Customer reviews:                                                                                            4.7               4.7 out of 5 stars                                  (310)                                              var dpAcrHasRegisteredArcLinkClickAction;                    P.when(&#8216;A&#8217;, &#8216;ready&#8217;).execute(function(A) {                        if (dpAcrHasRegisteredArcLinkClickAction !== true) {                            dpAcrHasRegisteredArcLinkClickAction = true;                            A.declarative(                                &#8216;acrLink-click-metrics&#8217;, &#8216;click&#8217;,                                { \u00aballowLinkDefault\u00bb: true },                                function (event) {                                    if (window.ue) {                                        ue.count(\u00abacrLinkClickCount\u00bb, (ue.count(\u00abacrLinkClickCount\u00bb) || 0) + 1);                                    }                                }                            );                        }                    });                                             P.when(&#8216;A&#8217;, &#8216;cf&#8217;).execute(function(A) {                A.declarative(&#8216;acrStarsLink-click-metrics&#8217;, &#8216;click&#8217;, { \u00aballowLinkDefault\u00bb : true },  function(event){                    if(window.ue) {                        ue.count(\u00abacrStarsLinkWithPopoverClickCount\u00bb, (ue.count(\u00abacrStarsLinkWithPopoverClickCount\u00bb) || 0) + 1);                    }                });            });                          <\/p>\n<p>\u3010Brand Overview\u3011Thermalright is a brand from Taiwan with more than 20 years of development. It has some popularity in domestic and foreign markets and has a fundamental influence on the player market. We have focused on research and development of computer accessories. R&#038;D product lines include: CPU air-cooled radiator, case fan, CPU fan controller, bracket mounting bracket and other commodities.<br \/>\u3010Product Specifications\u3011Thermalright AK120 SE WHITE ARGB; CPU Cooler Dimension: 120(L) x 73(W) x 148(H) mm (4.92 x 2.87 x 5.83 inches); Product Weight: 064 kg (1.4 lb); Heat sink material: Aluminum, CPU cooler is equipped with metal fasteners Intel and AMD platform to achieve better installation.<br \/>\u3010PWM Fan\u3011Model: TL-C12CW-S; Colorful and beautiful ARGB light effects; Standard size PWM fan: 120 x 120 x 25 mm (4.72 x 4.72 x 0.98 inch); Fan speed (RPM): 1550 rpm \u00b1 10%; Power port: 4. Pins; Voltage: 1 2V; Airflow: 66.17 CFM (Max. ); Noise level\u226425.6dB(A), the fan combines efficient cooling with low noise, bringing you an environment with efficient cooling and real silence.<br \/>\u3010AGHP Technique\u30115*6mm heat pipes apply AGHP III technique, solve the reverse gravity effect caused by vertical\/horizontal orientation, CPU cooler TDP is 235W. Up to 20000 hours industrial life, S-FDB bearings ensure long service life of the coolers air. Low quality industrial grey PBT + PC material with UL Class A safety insulation to create high quality products for you.<br \/>\u3010Compatibility\u3011 CPU cooler socket supports: Intel: 1150\/1151\/1155\/1156\/1200\/1700\/17XX, AMD: AM4; For different CPU socket platforms, the corresponding mounting plate or fastening parts are provided.<\/p>\n\n","protected":false},"excerpt":{"rendered":"<p> Product Description EXPERIENCIA DE USUARIO DE EXCELENCIA La pasta t\u00e9rmica premium THERMALRIGHT TF-4 tambi\u00e9n se<\/p>","protected":false},"featured_media":24894,"comment_status":"open","ping_status":"closed","template":"","meta":[],"product_brand":[],"product_cat":[66],"product_tag":[2024,216,7362,1662,3843,530,2008,1568,2020,2026,2010,1668,598,2002,2014,1997,2016,910,3594,2006,3680,1999,2023,769,2012,2004,2025,385,2017,3722],"class_list":{"0":"post-24893","1":"product","2":"type-product","3":"status-publish","4":"has-post-thumbnail","6":"product_cat-cpu-fan","7":"product_tag-aghp","8":"product_tag-air","9":"product_tag-ak120","10":"product_tag-am4","11":"product_tag-am5intel","12":"product_tag-amd","13":"product_tag-amd-cpu-cooler","14":"product_tag-argb","15":"product_tag-assassin","16":"product_tag-bearing","17":"product_tag-best-cpu-fan","18":"product_tag-cooler","19":"product_tag-cpu","20":"product_tag-cpu-air-cooler","21":"product_tag-cpu-cooling-fan","22":"product_tag-cpu-fan","23":"product_tag-cpu-fan-price","24":"product_tag-fan","25":"product_tag-heatpipes","26":"product_tag-intel-cpu-fan","27":"product_tag-king","28":"product_tag-processor-fan","29":"product_tag-pwm","30":"product_tag-quiet","31":"product_tag-quiet-cpu-cooler","32":"product_tag-rgb-cpu-cooler","33":"product_tag-sfdb","34":"product_tag-technology","35":"product_tag-thermalright","36":"product_tag-tlc12cws","38":"first","39":"instock","40":"shipping-taxable","41":"product-type-external"},"_links":{"self":[{"href":"https:\/\/comprasyconsejos.store\/en\/wp-json\/wp\/v2\/product\/24893","targetHints":{"allow":["GET"]}}],"collection":[{"href":"https:\/\/comprasyconsejos.store\/en\/wp-json\/wp\/v2\/product"}],"about":[{"href":"https:\/\/comprasyconsejos.store\/en\/wp-json\/wp\/v2\/types\/product"}],"replies":[{"embeddable":true,"href":"https:\/\/comprasyconsejos.store\/en\/wp-json\/wp\/v2\/comments?post=24893"}],"version-history":[{"count":0,"href":"https:\/\/comprasyconsejos.store\/en\/wp-json\/wp\/v2\/product\/24893\/revisions"}],"wp:featuredmedia":[{"embeddable":true,"href":"https:\/\/comprasyconsejos.store\/en\/wp-json\/wp\/v2\/media\/24894"}],"wp:attachment":[{"href":"https:\/\/comprasyconsejos.store\/en\/wp-json\/wp\/v2\/media?parent=24893"}],"wp:term":[{"taxonomy":"product_brand","embeddable":true,"href":"https:\/\/comprasyconsejos.store\/en\/wp-json\/wp\/v2\/product_brand?post=24893"},{"taxonomy":"product_cat","embeddable":true,"href":"https:\/\/comprasyconsejos.store\/en\/wp-json\/wp\/v2\/product_cat?post=24893"},{"taxonomy":"product_tag","embeddable":true,"href":"https:\/\/comprasyconsejos.store\/en\/wp-json\/wp\/v2\/product_tag?post=24893"}],"curies":[{"name":"wp","href":"https:\/\/api.w.org\/{rel}","templated":true}]}}