{"id":24930,"date":"2026-02-19T11:20:55","date_gmt":"2026-02-19T11:20:55","guid":{"rendered":"https:\/\/comprasyconsejos.store\/product\/epson-expression-photo-xp-8700-a4-multifunction-3-in-1-wifi-photo-printer-with-double-sided-printing-duplex-touch-screen-freestanding-photography-tray-6-colours-ink-black\/"},"modified":"2026-02-19T11:20:59","modified_gmt":"2026-02-19T11:20:59","slug":"epson-expression-photo-xp-8700-a4-multifunction-3-in-1-wifi-photo-printer-with-double-sided-printing-duplex-touch-screen-freestanding-photography-tray-6-colours-ink-black","status":"publish","type":"product","link":"https:\/\/comprasyconsejos.store\/en\/product\/epson-expression-photo-xp-8700-a4-multifunction-3-in-1-wifi-photo-printer-with-double-sided-printing-duplex-touch-screen-freestanding-photography-tray-6-colours-ink-black\/","title":{"rendered":"Epson Expression Photo XP-8700, A4 Multifunction 3-in-1 WiFi Photo Printer with Double Sided Printing (Duplex), Touch Screen, Freestanding Photography Tray, 6 Colours Ink, Black"},"content":{"rendered":"<p>Price: <span style=\"color:#b12704\"><del>\u20ac165.99<\/del> - \u20ac159.99<\/span><br \/><i><small>(as of Feb 19, 2026 11:20:55 UTC &#8211; <span class=\"wp_automatic_amazon_disclaimer\" title=\"Product prices and availability are accurate as of the date\/time indicated and are subject to change. Any price and availability information displayed on [relevant Amazon Site(s), as applicable] at the time of purchase will apply to the purchase of this product.\">Details<\/span>)<\/small><\/i><\/p>\n<p><a href=\"https:\/\/amazon.es\/dp\/B09FH7VSZ4?tag=man008-21\"><img decoding=\"async\" src=\"https:\/\/valvepress.s3.amazonaws.com\/imgs\/buy_now.png\"><\/a><br \/>\n<\/p>\n<p>                                             From the brand   <\/p>\n<p>                                              <img decoding=\"async\" alt=\"Epson Brand Story Background\" src=\"https:\/\/images-na.ssl-images-amazon.com\/images\/G\/01\/x-locale\/common\/grey-pixel.gif\" class=\"a-lazy-loaded\" data-src=\"https:\/\/m.media-amazon.com\/images\/S\/aplus-media-library-service-media\/0160aeeb-56d8-4b3a-9a23-8b39cffa6cbc.__CR0,0,1464,625_PT0_SX1464_V1___.jpg\"><img decoding=\"async\" alt=\"Epson Brand Story Background\" src=\"https:\/\/m.media-amazon.com\/images\/S\/aplus-media-library-service-media\/0160aeeb-56d8-4b3a-9a23-8b39cffa6cbc.__CR0,0,1464,625_PT0_SX1464_V1___.jpg\">  <\/p>\n<p>                                              <img decoding=\"async\" alt=\"\" src=\"https:\/\/images-na.ssl-images-amazon.com\/images\/G\/01\/x-locale\/common\/grey-pixel.gif\" class=\"a-lazy-loaded\" data-src=\"https:\/\/m.media-amazon.com\/images\/S\/aplus-media-library-service-media\/e9c400d4-d8bc-485c-8be0-495b58477eeb.__CR0,0,315,145_PT0_SX315_V1___.jpg\"><img decoding=\"async\" alt=\"\" src=\"https:\/\/m.media-amazon.com\/images\/S\/aplus-media-library-service-media\/e9c400d4-d8bc-485c-8be0-495b58477eeb.__CR0,0,315,145_PT0_SX315_V1___.jpg\">  <\/p>\n<p> Descubre las soluciones Epson <\/p>\n<p> Como l\u00edder de tecnolog\u00eda global, Epson trabaja de forma   continua en la investigaci\u00f3n y desarrollo de tecnolog\u00edas innovadoras   orientadas al ahorro de energ\u00eda y al cumplimiento de nuestros est\u00e1ndares   medioambientales. <\/p>\n<h3> Epson EcoTank <\/h3>\n<p class=\"apm-brand-story-stores-link\">\n<h3> Impresoras Epson Expression <\/h3>\n<p class=\"apm-brand-story-stores-link\">\n<h3> Gama Epson WorkForce <\/h3>\n<p class=\"apm-brand-story-stores-link\">\n<h3> Tintas Epson <\/h3>\n<p class=\"apm-brand-story-stores-link\">\n<h3> Proyectores Epson <\/h3>\n<p class=\"apm-brand-story-stores-link\">\n<h3> Esc\u00e1neres Epson <\/h3>\n<p class=\"apm-brand-story-stores-link\">\n<p>                                              <img decoding=\"async\" alt=\"\" src=\"https:\/\/images-na.ssl-images-amazon.com\/images\/G\/01\/x-locale\/common\/grey-pixel.gif\" class=\"a-lazy-loaded\" data-src=\"https:\/\/m.media-amazon.com\/images\/S\/aplus-media-library-service-media\/0bccf052-9e78-48d7-b08b-395127d2a38f.__CR0,16,327,151_PT0_SX315_V1___.jpg\"><img decoding=\"async\" alt=\"\" src=\"https:\/\/m.media-amazon.com\/images\/S\/aplus-media-library-service-media\/0bccf052-9e78-48d7-b08b-395127d2a38f.__CR0,16,327,151_PT0_SX315_V1___.jpg\">  <\/p>\n<p> Creaci\u00f3n de un futuro mejor <\/p>\n<p> Trabajamos comprometidos para ofrecer valor a nuestros clientes  a trav\u00e9s de iniciativas respetuosas con el medio ambiente.    Reducimos el nivel de emisiones contaminantes y el consumo de papel y agua   mediante el desarrollo de productos respetuosos con el medio ambiente. <\/p>\n<p> *Visita el sitio web de Epson para m\u00e1s detalles. <\/p>\n<p> Batteries                                            \u200f                                            :                                            \u200e                                            1 Lithium Ion batteries required.   <br \/> Is discontinued by manufacturer                                            \u200f                                            :                                            \u200e                                            No   <br \/> Language                                            \u200f                                            :                                            \u200e                                            English, English, English, English, English   <br \/> Product Dimensions                                            \u200f                                            :                                            \u200e                                            20 x 42 x 50 cm; 6.8 kg   <br \/> Manufacturer                                            \u200f                                            :                                            \u200e                                            Epson   <br \/> ASIN                                            \u200f                                            :                                            \u200e                                            B09FH7VSZ4   <br \/> Item model number                                            \u200f                                            :                                            \u200e                                            C11CK46402   <br \/> Country of origin                                            \u200f                                            :                                            \u200e                                            China   <br \/> Guaranteed software updates until                                            \u200f                                            :                                            \u200e                                            13 April 2030   <br \/>  Customer reviews:                                                                                            4.1               4.1 out of 5 stars                                  (756)                                              var dpAcrHasRegisteredArcLinkClickAction;                    P.when(&#8216;A&#8217;, &#8216;ready&#8217;).execute(function(A) {                        if (dpAcrHasRegisteredArcLinkClickAction !== true) {                            dpAcrHasRegisteredArcLinkClickAction = true;                            A.declarative(                                &#8216;acrLink-click-metrics&#8217;, &#8216;click&#8217;,                                { \u00aballowLinkDefault\u00bb: true },                                function (event) {                                    if (window.ue) {                                        ue.count(\u00abacrLinkClickCount\u00bb, (ue.count(\u00abacrLinkClickCount\u00bb) || 0) + 1);                                    }                                }                            );                        }                    });                                             P.when(&#8216;A&#8217;, &#8216;cf&#8217;).execute(function(A) {                A.declarative(&#8216;acrStarsLink-click-metrics&#8217;, &#8216;click&#8217;, { \u00aballowLinkDefault\u00bb : true },  function(event){                    if(window.ue) {                        ue.count(\u00abacrStarsLinkWithPopoverClickCount\u00bb, (ue.count(\u00abacrStarsLinkWithPopoverClickCount\u00bb) || 0) + 1);                    }                });            });                          <\/p>\n<p>Compact and versatile: Small size, double-sided A4 and CD\/DVD printing<br \/>Claria Photo HD 6-Color Inks: Get bright, durable, superior quality photos<br \/>Wi-Fi and Wi-Fi Direct: Wireless printing with and without a network<br \/>Easy mobile printing: Easily print from your smartphone or tablet<br \/>Two paper trays: one for A4 paper and one for photo paper<\/p>\n\n","protected":false},"excerpt":{"rendered":"<p> From the brand Descubre las soluciones Epson Como l\u00edder de tecnolog\u00eda global, Epson trabaja de<\/p>","protected":false},"featured_media":24931,"comment_status":"open","ping_status":"closed","template":"","meta":[],"product_brand":[],"product_cat":[59],"product_tag":[237,1946,1954,307,3751,3984,1979,1992,4166,5087,1951,1980,1953,2189,1948,1950,2194,1867,1962,1955,1949,2276,842,2254,515,4233,543,1952,1947,7367],"class_list":{"0":"post-24930","1":"product","2":"type-product","3":"status-publish","4":"has-post-thumbnail","6":"product_cat-printers-all-in-one","7":"product_tag-3in1","8":"product_tag-all-in-one-printer","9":"product_tag-best-all-in-one-printer","10":"product_tag-black","11":"product_tag-colours","12":"product_tag-double","13":"product_tag-duplex","14":"product_tag-epson","15":"product_tag-expression","16":"product_tag-freestanding","17":"product_tag-home-printer","18":"product_tag-ink","19":"product_tag-ink-tank-printer","20":"product_tag-multifunction","21":"product_tag-multifunction-printer","22":"product_tag-office-printer","23":"product_tag-photo","24":"product_tag-photography","25":"product_tag-printer","26":"product_tag-printer-price","27":"product_tag-printer-scanner-copier","28":"product_tag-printing","29":"product_tag-screen","30":"product_tag-sided","31":"product_tag-touch","32":"product_tag-tray","33":"product_tag-wifi","34":"product_tag-wifi-printer","35":"product_tag-wireless-printer","36":"product_tag-xp8700","38":"first","39":"instock","40":"sale","41":"shipping-taxable","42":"product-type-external"},"_links":{"self":[{"href":"https:\/\/comprasyconsejos.store\/en\/wp-json\/wp\/v2\/product\/24930","targetHints":{"allow":["GET"]}}],"collection":[{"href":"https:\/\/comprasyconsejos.store\/en\/wp-json\/wp\/v2\/product"}],"about":[{"href":"https:\/\/comprasyconsejos.store\/en\/wp-json\/wp\/v2\/types\/product"}],"replies":[{"embeddable":true,"href":"https:\/\/comprasyconsejos.store\/en\/wp-json\/wp\/v2\/comments?post=24930"}],"version-history":[{"count":0,"href":"https:\/\/comprasyconsejos.store\/en\/wp-json\/wp\/v2\/product\/24930\/revisions"}],"wp:featuredmedia":[{"embeddable":true,"href":"https:\/\/comprasyconsejos.store\/en\/wp-json\/wp\/v2\/media\/24931"}],"wp:attachment":[{"href":"https:\/\/comprasyconsejos.store\/en\/wp-json\/wp\/v2\/media?parent=24930"}],"wp:term":[{"taxonomy":"product_brand","embeddable":true,"href":"https:\/\/comprasyconsejos.store\/en\/wp-json\/wp\/v2\/product_brand?post=24930"},{"taxonomy":"product_cat","embeddable":true,"href":"https:\/\/comprasyconsejos.store\/en\/wp-json\/wp\/v2\/product_cat?post=24930"},{"taxonomy":"product_tag","embeddable":true,"href":"https:\/\/comprasyconsejos.store\/en\/wp-json\/wp\/v2\/product_tag?post=24930"}],"curies":[{"name":"wp","href":"https:\/\/api.w.org\/{rel}","templated":true}]}}