{"id":24991,"date":"2026-02-19T11:37:34","date_gmt":"2026-02-19T11:37:34","guid":{"rendered":"https:\/\/comprasyconsejos.store\/product\/wd-4tb-my-passport-ultra-for-mac-portable-external-hard-drive-usb-c-usb-3-2-gen-1-usb-3-0-backup-and-password-protection-formatted-for-macos-silver\/"},"modified":"2026-02-19T11:37:37","modified_gmt":"2026-02-19T11:37:37","slug":"wd-4tb-my-passport-ultra-for-mac-portable-external-hard-drive-usb-c-usb-3-2-gen-1-usb-3-0-backup-and-password-protection-formatted-for-macos-silver","status":"publish","type":"product","link":"https:\/\/comprasyconsejos.store\/en\/product\/wd-4tb-my-passport-ultra-for-mac-portable-external-hard-drive-usb-c-usb-3-2-gen-1-usb-3-0-backup-and-password-protection-formatted-for-macos-silver\/","title":{"rendered":"WD 4TB My Passport Ultra for Mac, Portable External Hard Drive, USB-C, USB 3.2 Gen 1\/USB 3.0, Backup and Password Protection, Formatted for MacOS, Silver"},"content":{"rendered":"<p>Price: <span style=\"color:#b12704\">\u20ac138.99<\/span><br \/><i><small>(as of Feb 19, 2026 11:37:34 UTC &#8211; <span class=\"wp_automatic_amazon_disclaimer\" title=\"Product prices and availability are accurate as of the date\/time indicated and are subject to change. Any price and availability information displayed on [relevant Amazon Site(s), as applicable] at the time of purchase will apply to the purchase of this product.\">Details<\/span>)<\/small><\/i><\/p>\n<p><a href=\"https:\/\/amazon.es\/dp\/B07GKBT14V?tag=man008-21\"><img decoding=\"async\" src=\"https:\/\/valvepress.s3.amazonaws.com\/imgs\/buy_now.png\"><\/a><br \/>\n<\/p>\n<p>                                             From the manufacturer   <\/p>\n<p>                                                  <img decoding=\"async\" alt=\"WD, My Passport, My Passport Ultra\" src=\"https:\/\/images-na.ssl-images-amazon.com\/images\/G\/01\/x-locale\/common\/grey-pixel.gif\" class=\"a-lazy-loaded\" data-src=\"https:\/\/m.media-amazon.com\/images\/S\/aplus-media-library-service-media\/24d79bb7-fee0-4771-978a-49a9d410196c.__CR0,0,970,300_PT0_SX970_V1___.jpg\"><img decoding=\"async\" alt=\"WD, My Passport, My Passport Ultra\" src=\"https:\/\/m.media-amazon.com\/images\/S\/aplus-media-library-service-media\/24d79bb7-fee0-4771-978a-49a9d410196c.__CR0,0,970,300_PT0_SX970_V1___.jpg\">  <\/p>\n<p>                                                      <img decoding=\"async\" alt=\"WD, My Passport, Portable Drive\" src=\"https:\/\/images-na.ssl-images-amazon.com\/images\/G\/01\/x-locale\/common\/grey-pixel.gif\" class=\"a-spacing-mini a-lazy-loaded\" data-src=\"https:\/\/m.media-amazon.com\/images\/S\/aplus-media-library-service-media\/b6bcba0a-6044-4b78-ba08-d40fc9062026.__CR0,0,300,400_PT0_SX300_V1___.jpg\"><img decoding=\"async\" alt=\"WD, My Passport, Portable Drive\" src=\"https:\/\/m.media-amazon.com\/images\/S\/aplus-media-library-service-media\/b6bcba0a-6044-4b78-ba08-d40fc9062026.__CR0,0,300,400_PT0_SX300_V1___.jpg\">  <\/p>\n<p>                                                              <img decoding=\"async\" alt=\"WD, My Passport, Portable Drive\" src=\"https:\/\/images-na.ssl-images-amazon.com\/images\/G\/01\/x-locale\/common\/grey-pixel.gif\" class=\"a-spacing-mini a-lazy-loaded\" data-src=\"https:\/\/m.media-amazon.com\/images\/S\/aplus-media-library-service-media\/70e70a50-13d2-4763-a3d0-baa30201baab.__CR0,0,350,175_PT0_SX350_V1___.jpg\"><img decoding=\"async\" alt=\"WD, My Passport, Portable Drive\" src=\"https:\/\/m.media-amazon.com\/images\/S\/aplus-media-library-service-media\/70e70a50-13d2-4763-a3d0-baa30201baab.__CR0,0,350,175_PT0_SX350_V1___.jpg\">                                          C\u00f3mo se configura                                 <\/p>\n<p class=\"a-spacing-small a-size-small a-color-secondary\"> 1. Conecta el cable USB a tu My Passport Ultra for Mac y al ordenador. <\/p>\n<p class=\"a-spacing-small a-size-small a-color-secondary\"> 2. Abre el My Passport Ultra for Mac e instala el software incluido(1). <\/p>\n<p class=\"a-spacing-base\"> My Passport Ultra for Mac, preparado para USB-C y compatible con USB 3.1, ofrece un almacenamiento r\u00e1pido y sencillo para tu Mac. Equipado con USB-C, permite ampliar tu almacenamiento f\u00e1cilmente. Su dise\u00f1o met\u00e1lico moderno complementa tu Mac. Est\u00e1 formateado para macOS y funciona con Time Machine. <\/p>\n<p>                                                          Dise\u00f1o elegante y met\u00e1lico       Preparado para USB-C y compatible con USB 3.1       Software(1) de gesti\u00f3n de dispositivos y copia de seguridad       Cifrado por hardware AES de 256 bits       Hasta 6 TB(2) de almacenamiento      <\/p>\n<p class=\"apm-text-center\">\n                                                      <img decoding=\"async\" alt=\"WD, USB-C, My Passport\" src=\"https:\/\/images-na.ssl-images-amazon.com\/images\/G\/01\/x-locale\/common\/grey-pixel.gif\" class=\"a-lazy-loaded\" data-src=\"https:\/\/m.media-amazon.com\/images\/S\/aplus-media-library-service-media\/44f97e95-7c12-4de6-85df-abfa6f006278.__CR0,0,300,300_PT0_SX220_V1___.jpg\"><img decoding=\"async\" alt=\"WD, USB-C, My Passport\" src=\"https:\/\/m.media-amazon.com\/images\/S\/aplus-media-library-service-media\/44f97e95-7c12-4de6-85df-abfa6f006278.__CR0,0,300,300_PT0_SX220_V1___.jpg\">  <\/p>\n<p>                                                    Preparado para USB-C                                     <\/p>\n<p class=\"a-size-small\"> El disco port\u00e1til My Passport Ultra for Mac, que est\u00e1 equipado con lo \u00faltimo en tecnolog\u00eda USB-C, ofrece un almacenamiento r\u00e1pido y sencillo para tu Mac. Adem\u00e1s, el adaptador de USB-C a USB-A incluido asegura la compatibilidad con dispositivos m\u00e1s antiguos. <\/p>\n<p class=\"apm-text-center\">\n                                                      <img decoding=\"async\" alt=\"WD, USB-C, My Passport\" src=\"https:\/\/images-na.ssl-images-amazon.com\/images\/G\/01\/x-locale\/common\/grey-pixel.gif\" class=\"a-lazy-loaded\" data-src=\"https:\/\/m.media-amazon.com\/images\/S\/aplus-media-library-service-media\/b1997d8d-abde-4257-b52a-bb3ecb44acbd.__CR0,0,300,300_PT0_SX220_V1___.jpg\"><img decoding=\"async\" alt=\"WD, USB-C, My Passport\" src=\"https:\/\/m.media-amazon.com\/images\/S\/aplus-media-library-service-media\/b1997d8d-abde-4257-b52a-bb3ecb44acbd.__CR0,0,300,300_PT0_SX220_V1___.jpg\">  <\/p>\n<p>                                                    Preparado para Mac                                     <\/p>\n<p class=\"a-size-small\"> My Passport Ultra for Mac est\u00e1 formateado y listo para ofrecer un almacenamiento para conectar y usar. El software incluido(1) permite usarlo tanto en macOS como en Windows. Te ofrecemos un controlador HFS+ descargable para Windows 10 y versiones posteriores, que te permitir\u00e1 realizar operaciones de escritura y lectura en tu disco My Passport Ultra for Mac sin tener que reformatear. <\/p>\n<p class=\"apm-text-center\">\n                                                      <img decoding=\"async\" alt=\"WD, USB-C, My Passport\" src=\"https:\/\/images-na.ssl-images-amazon.com\/images\/G\/01\/x-locale\/common\/grey-pixel.gif\" class=\"a-lazy-loaded\" data-src=\"https:\/\/m.media-amazon.com\/images\/S\/aplus-media-library-service-media\/fe8ca44d-500f-4e74-b400-278d624342b5.__CR0,0,300,300_PT0_SX220_V1___.jpg\"><img decoding=\"async\" alt=\"WD, USB-C, My Passport\" src=\"https:\/\/m.media-amazon.com\/images\/S\/aplus-media-library-service-media\/fe8ca44d-500f-4e74-b400-278d624342b5.__CR0,0,300,300_PT0_SX220_V1___.jpg\">  <\/p>\n<p>                                                    Dise\u00f1o elegante y met\u00e1lico                                     <\/p>\n<p class=\"a-size-small\"> Con una moderna combinaci\u00f3n de metal anodizado y texturas, el disco port\u00e1til My Passport Ultra for Mac combina con tu estilo personal y los ordenadores Mac m\u00e1s recientes. <\/p>\n<p class=\"apm-text-center\">\n                                                      <img decoding=\"async\" alt=\"WD,My Passport, Drive for MAc\" src=\"https:\/\/images-na.ssl-images-amazon.com\/images\/G\/01\/x-locale\/common\/grey-pixel.gif\" class=\"a-lazy-loaded\" data-src=\"https:\/\/m.media-amazon.com\/images\/S\/aplus-media-library-service-media\/367d1f8f-d872-4e21-8455-712f044d4970.__CR0,0,300,300_PT0_SX220_V1___.jpg\"><img decoding=\"async\" alt=\"WD,My Passport, Drive for MAc\" src=\"https:\/\/m.media-amazon.com\/images\/S\/aplus-media-library-service-media\/367d1f8f-d872-4e21-8455-712f044d4970.__CR0,0,300,300_PT0_SX220_V1___.jpg\">  <\/p>\n<p>                                                    Protecci\u00f3n mediante contrase\u00f1a con cifrado por hardware AES de 256 bits                                     <\/p>\n<p class=\"a-size-small\"> El cifrado de hardware AES de 256 bits integrado con protecci\u00f3n con contrase\u00f1a te ayudar\u00e1 a proteger el contenido de tu vida digital. Solo tienes que activar la protecci\u00f3n mediante contrase\u00f1a y configurar una contrase\u00f1a personalizada usando el software incluido(1). <\/p>\n<p>                         Add To Basket  <\/p>\n<p>                         Add To Basket  <\/p>\n<p>                             Customer Reviews  <\/p>\n<p>                    4.5 out of 5 stars  132,415  <\/p>\n<p>                    4.7 out of 5 stars  9,721  <\/p>\n<p>                             Price  <\/p>\n<p>                                    \u20ac206.99\u20ac206.99                  \u20ac149.00\u20ac149.00                    <\/p>\n<p>                             Capacidad<br \/>\n                                Hasta 6 TB               Hasta 2 TB                    <\/p>\n<p>                             Software de copia de seguridad<br \/>\n                                Incluido               Incluido                    <\/p>\n<p>                             Protecci\u00f3n mediante contrase\u00f1a<br \/>\n                                AES de 256 bits               AES de 256 bits                    <\/p>\n<p>                             Interfaz<br \/>\n                                Preparado para USB-C y compatible con USB 3.1               USB-C 3.2 Gen2                    <\/p>\n<p>                             Resistencia a los golpes<br \/>\n                                &#8211;  no data<br \/>\n                                                            Fabricado para aguantar pruebas de ca\u00edda de 1,98 metros                    <\/p>\n<p>                             Funciona con<br \/>\n                                macOS (Windows con reformateado)               Windows y Mac                    <\/p>\n<p class=\"description\"> 1. Requiere descarga e instalaci\u00f3n. Se aplican t\u00e9rminos y condiciones. Puede ser necesario registrar una cuenta de usuario. <\/p>\n<p class=\"description\"> 2. En lo que se refiere a capacidad de almacenamiento, un terabyte (TB) = un bill\u00f3n de bytes. La capacidad total accesible var\u00eda seg\u00fan el entorno operativo. <\/p>\n<p class=\"description\"> Western Digital, el logotipo de Western Digital, WD, el logotipo de WD y My Passport son marcas comerciales o marcas comerciales registradas de Western Digital Corporation o sus filiales en los EE. UU. u otros pa\u00edses. Mac, macOS y Time Machine son marcas de Apple, Inc. Windows es una marca de Microsoft Corporation. USB-C es una marca de USB Implementers Forum. Todas las dem\u00e1s marcas comerciales pertenecen a sus respectivos propietarios. Las especificaciones de los productos est\u00e1n sujetas a cambios sin aviso previo. Las im\u00e1genes mostradas pueden diferir del producto real. <\/p>\n<p class=\"description\"> 2022 Western Digital Corporation o sus filiales. Todos los derechos reservados <\/p>\n<p> Is discontinued by manufacturer                                            \u200f                                            :                                            \u200e                                            No   <br \/> Language                                            \u200f                                            :                                            \u200e                                            English, English   <br \/> Product Dimensions                                            \u200f                                            :                                            \u200e                                            11 x 8.2 x 1.28 cm; 231.33 g   <br \/> Manufacturer                                            \u200f                                            :                                            \u200e                                            WD   <br \/> ASIN                                            \u200f                                            :                                            \u200e                                            B07GKBT14V   <br \/> Item model number                                            \u200f                                            :                                            \u200e                                            WDBPMV0040BSL-WESN   <br \/> Country of origin                                            \u200f                                            :                                            \u200e                                            Malaysia   <br \/> Guaranteed software updates until                                            \u200f                                            :                                            \u200e                                            13 April 2030   <br \/>  Customer reviews:                                                                                            4.5               4.5 out of 5 stars                                  (132,414)                                              var dpAcrHasRegisteredArcLinkClickAction;                    P.when(&#8216;A&#8217;, &#8216;ready&#8217;).execute(function(A) {                        if (dpAcrHasRegisteredArcLinkClickAction !== true) {                            dpAcrHasRegisteredArcLinkClickAction = true;                            A.declarative(                                &#8216;acrLink-click-metrics&#8217;, &#8216;click&#8217;,                                { \u00aballowLinkDefault\u00bb: true },                                function (event) {                                    if (window.ue) {                                        ue.count(\u00abacrLinkClickCount\u00bb, (ue.count(\u00abacrLinkClickCount\u00bb) || 0) + 1);                                    }                                }                            );                        }                    });                                             P.when(&#8216;A&#8217;, &#8216;cf&#8217;).execute(function(A) {                A.declarative(&#8216;acrStarsLink-click-metrics&#8217;, &#8216;click&#8217;, { \u00aballowLinkDefault\u00bb : true },  function(event){                    if(window.ue) {                        ue.count(\u00abacrStarsLinkWithPopoverClickCount\u00bb, (ue.count(\u00abacrStarsLinkWithPopoverClickCount\u00bb) || 0) + 1);                    }                });            });                          <\/p>\n<p>USB-C ready and USB 3.0 compatible<br \/>Innovative styling with a sleek metal housing<br \/>WD Discovery lets you import content from social media and cloud storage<br \/>Password protection with 256-bit AES hardware encryption<br \/>Up to 4TB capacity<\/p>\n\n","protected":false},"excerpt":{"rendered":"<p> From the manufacturer C\u00f3mo se configura 1. Conecta el cable USB a tu My Passport<\/p>","protected":false},"featured_media":24992,"comment_status":"open","ping_status":"closed","template":"","meta":[],"product_brand":[],"product_cat":[76],"product_tag":[1515,5072,1516,2957,2286,1519,795,1476,1517,5073,855,794,1514,1513,1522,1518,1520,774,1013,3987,3988,290,882,366,1521,222,133,188],"class_list":{"0":"post-24991","1":"product","2":"type-product","3":"status-publish","4":"has-post-thumbnail","6":"product_cat-hdd-drive","7":"product_tag-1tb-hard-drive","8":"product_tag-1usb","9":"product_tag-2tb-hdd","10":"product_tag-4tb","11":"product_tag-backup","12":"product_tag-desktop-hdd","13":"product_tag-drive","14":"product_tag-external","15":"product_tag-external-hard-drive","16":"product_tag-formatted","17":"product_tag-gen","18":"product_tag-hard","19":"product_tag-hard-drive","20":"product_tag-hdd","21":"product_tag-hdd-price","22":"product_tag-internal-hard-drive","23":"product_tag-laptop-hdd","24":"product_tag-mac","25":"product_tag-macos","26":"product_tag-passport","27":"product_tag-password","28":"product_tag-portable","29":"product_tag-protection","30":"product_tag-silver","31":"product_tag-storage-hard-drive","32":"product_tag-ultra","33":"product_tag-usb","34":"product_tag-usbc","36":"first","37":"instock","38":"shipping-taxable","39":"product-type-external"},"_links":{"self":[{"href":"https:\/\/comprasyconsejos.store\/en\/wp-json\/wp\/v2\/product\/24991","targetHints":{"allow":["GET"]}}],"collection":[{"href":"https:\/\/comprasyconsejos.store\/en\/wp-json\/wp\/v2\/product"}],"about":[{"href":"https:\/\/comprasyconsejos.store\/en\/wp-json\/wp\/v2\/types\/product"}],"replies":[{"embeddable":true,"href":"https:\/\/comprasyconsejos.store\/en\/wp-json\/wp\/v2\/comments?post=24991"}],"version-history":[{"count":0,"href":"https:\/\/comprasyconsejos.store\/en\/wp-json\/wp\/v2\/product\/24991\/revisions"}],"wp:featuredmedia":[{"embeddable":true,"href":"https:\/\/comprasyconsejos.store\/en\/wp-json\/wp\/v2\/media\/24992"}],"wp:attachment":[{"href":"https:\/\/comprasyconsejos.store\/en\/wp-json\/wp\/v2\/media?parent=24991"}],"wp:term":[{"taxonomy":"product_brand","embeddable":true,"href":"https:\/\/comprasyconsejos.store\/en\/wp-json\/wp\/v2\/product_brand?post=24991"},{"taxonomy":"product_cat","embeddable":true,"href":"https:\/\/comprasyconsejos.store\/en\/wp-json\/wp\/v2\/product_cat?post=24991"},{"taxonomy":"product_tag","embeddable":true,"href":"https:\/\/comprasyconsejos.store\/en\/wp-json\/wp\/v2\/product_tag?post=24991"}],"curies":[{"name":"wp","href":"https:\/\/api.w.org\/{rel}","templated":true}]}}