{"id":24998,"date":"2026-02-19T11:39:37","date_gmt":"2026-02-19T11:39:37","guid":{"rendered":"https:\/\/comprasyconsejos.store\/product\/sandisk-extreme-pro-portable-external-ssd-with-usb4-2tb-40gb-s-up-to-3800mb-s-read-speed-and-up-to-3700mb-s-write-speed\/"},"modified":"2026-02-19T11:39:40","modified_gmt":"2026-02-19T11:39:40","slug":"sandisk-extreme-pro-portable-external-ssd-with-usb4-2tb-40gb-s-up-to-3800mb-s-read-speed-and-up-to-3700mb-s-write-speed","status":"publish","type":"product","link":"https:\/\/comprasyconsejos.store\/en\/product\/sandisk-extreme-pro-portable-external-ssd-with-usb4-2tb-40gb-s-up-to-3800mb-s-read-speed-and-up-to-3700mb-s-write-speed\/","title":{"rendered":"SanDisk Extreme Pro Portable External SSD with USB4, 2TB, 40GB\/s, up to 3800MB\/s Read Speed and up to 3700MB\/s Write Speed"},"content":{"rendered":"<p>Price: <span style=\"color:#b12704\">\u20ac395.96<\/span><br \/><i><small>(as of Feb 19, 2026 11:39:37 UTC &#8211; <span class=\"wp_automatic_amazon_disclaimer\" title=\"Product prices and availability are accurate as of the date\/time indicated and are subject to change. Any price and availability information displayed on [relevant Amazon Site(s), as applicable] at the time of purchase will apply to the purchase of this product.\">Details<\/span>)<\/small><\/i><\/p>\n<p><a href=\"https:\/\/amazon.es\/dp\/B0DN688B7V?tag=man008-21\"><img decoding=\"async\" src=\"https:\/\/valvepress.s3.amazonaws.com\/imgs\/buy_now.png\"><\/a><br \/>\n<\/p>\n<p>                                             From the manufacturer   <\/p>\n<p>                                                                                                       <img decoding=\"async\" alt=\"aplus content image\" src=\"https:\/\/images-na.ssl-images-amazon.com\/images\/G\/01\/x-locale\/common\/grey-pixel.gif\" class=\"a-lazy-loaded\" data-src=\"https:\/\/m.media-amazon.com\/images\/S\/aplus-media-library-service-media\/499da6c9-31ea-438e-a466-81376e5f51ad.__CR0,0,1464,600_PT0_SX1464_V1___.jpg\"><img decoding=\"async\" alt=\"aplus content image\" src=\"https:\/\/m.media-amazon.com\/images\/S\/aplus-media-library-service-media\/499da6c9-31ea-438e-a466-81376e5f51ad.__CR0,0,1464,600_PT0_SX1464_V1___.jpg\">                                               <\/p>\n<p>                                                                                                       <img decoding=\"async\" alt=\"SanDisk Extreme PRO PSSD with USB4\" src=\"https:\/\/images-na.ssl-images-amazon.com\/images\/G\/01\/x-locale\/common\/grey-pixel.gif\" class=\"a-lazy-loaded\" data-src=\"https:\/\/m.media-amazon.com\/images\/S\/aplus-media-library-service-media\/3c0e2193-8efc-447c-a92c-6a0fec153194.__CR0,0,1464,600_PT0_SX1464_V1___.jpg\"><img decoding=\"async\" alt=\"SanDisk Extreme PRO PSSD with USB4\" src=\"https:\/\/m.media-amazon.com\/images\/S\/aplus-media-library-service-media\/3c0e2193-8efc-447c-a92c-6a0fec153194.__CR0,0,1464,600_PT0_SX1464_V1___.jpg\">                                                                                    Desata las velocidades de USB4                                        <\/p>\n<p class=\"aplus-p2 aplus-module-2-description\"> Trabaja a un ritmo acelerado en unidades USB externas, con nuestra interfaz USB4 de \u00faltima generaci\u00f3n. Consigue transferencias de archivos m\u00e1s r\u00e1pidas con hasta 3800 MB\/s(2) de velocidad de lectura y hasta 3700 MB\/s(2) de escritura. <\/p>\n<p>The video showcases the product in use.The video guides you through product setup.The video compares multiple products.The video shows the product being unpacked. SANDISK Extreme PRO Portable SSD with USB4 Video Merchant video<\/p>\n<p>                                                                                                       <img decoding=\"async\" alt=\"SanDisk Extreme PRO PSSD with USB4\" src=\"https:\/\/images-na.ssl-images-amazon.com\/images\/G\/01\/x-locale\/common\/grey-pixel.gif\" class=\"a-lazy-loaded\" data-src=\"https:\/\/m.media-amazon.com\/images\/S\/aplus-media-library-service-media\/3cd9830f-2fe8-4c14-b3a6-30ae0f6c270d.__CR0,0,1464,600_PT0_SX1464_V1___.jpg\"><img decoding=\"async\" alt=\"SanDisk Extreme PRO PSSD with USB4\" src=\"https:\/\/m.media-amazon.com\/images\/S\/aplus-media-library-service-media\/3cd9830f-2fe8-4c14-b3a6-30ae0f6c270d.__CR0,0,1464,600_PT0_SX1464_V1___.jpg\">                                                                                    Compatible con versiones anteriores                                         <\/p>\n<p class=\"aplus-p2 aplus-module-2-description\"> Permite almacenar y mover datos tambi\u00e9n entre tus dispositivos USB 3.2 y USB 2.0 m\u00e1s antiguos y, adem\u00e1s, funciona con Thunderbolt 4. <\/p>\n<p>                                                                                                       <img decoding=\"async\" alt=\"SanDisk Extreme PRO PSSD with USB4\" src=\"https:\/\/images-na.ssl-images-amazon.com\/images\/G\/01\/x-locale\/common\/grey-pixel.gif\" class=\"a-lazy-loaded\" data-src=\"https:\/\/m.media-amazon.com\/images\/S\/aplus-media-library-service-media\/ec619499-2ce3-486d-bbd2-848715c047b9.__CR0,0,1464,600_PT0_SX1464_V1___.jpg\"><img decoding=\"async\" alt=\"SanDisk Extreme PRO PSSD with USB4\" src=\"https:\/\/m.media-amazon.com\/images\/S\/aplus-media-library-service-media\/ec619499-2ce3-486d-bbd2-848715c047b9.__CR0,0,1464,600_PT0_SX1464_V1___.jpg\">                                                                                    Protecci\u00f3n potente                                        <\/p>\n<p class=\"aplus-p2 aplus-module-2-description\"> Protege tus datos est\u00e9s donde est\u00e9s en varios tipos de entornos gracias a una resistente carcasa de silicona y un chasis de aluminio forjado. <\/p>\n<h3 class=\"a-text-center aplus-heading aplus-h1 a-text-bold\"> Tabla de comparaci\u00f3n <\/h3>\n<p class=\"aplus-p3 a-text-bold\"> Velocidades de lectura (10) <\/p>\n<p class=\"aplus-p3\"> Hasta 3800MB\/s <\/p>\n<p class=\"aplus-p3 a-text-bold\"> Velocidades de lectura (10) <\/p>\n<p class=\"aplus-p3\"> Hasta 1050MB\/s <\/p>\n<p class=\"aplus-p3 a-text-bold\"> Velocidades de lectura (10) <\/p>\n<p class=\"aplus-p3\"> Hasta 200MB\/s (64GB-1TB) <\/p>\n<p class=\"aplus-p3 a-text-bold\"> Velocidades de escritura (10) <\/p>\n<p class=\"aplus-p3\"> Hasta 3700MB\/s <\/p>\n<p class=\"aplus-p3 a-text-bold\"> Velocidades de escritura (10) <\/p>\n<p class=\"aplus-p3\"> Hasta 1000MB\/s <\/p>\n<p class=\"aplus-p3 a-text-bold\"> Velocidades de escritura (10) <\/p>\n<p class=\"aplus-p3\"> Hasta 140MB\/s(256GB-1TB) <\/p>\n<p class=\"aplus-p3 a-text-bold\"> Durabilidad <\/p>\n<p class=\"aplus-p3\"> Clasificaci\u00f3n IP65 de resistencia al polvo y al agua(4) <\/p>\n<p class=\"aplus-p3 a-text-bold\"> Durabilidad <\/p>\n<p class=\"aplus-p3\"> Clasificaci\u00f3n IP65 de resistencia al polvo y al agua(4) <\/p>\n<p class=\"aplus-p3 a-text-bold\"> Durabilidad <\/p>\n<p class=\"aplus-p3\"> Fesistente a la temperatura, al agua, a los golpes y a rayos X.(7) <\/p>\n<p class=\"aplus-p3 a-text-bold\"> Seguridad <\/p>\n<p class=\"aplus-p3\"> La protecci\u00f3n con contrase\u00f1a emplea cifrado AES de 256 bits(4) <\/p>\n<p class=\"aplus-p3 a-text-bold\"> Seguridad: <\/p>\n<p class=\"aplus-p3\"> La protecci\u00f3n con contrase\u00f1a emplea cifrado AES de 256 bits(4) <\/p>\n<p class=\"aplus-p3 a-text-bold\"> Seguridad: <\/p>\n<p class=\"aplus-p3\"> Incluye 2 a\u00f1os para el software de recuperaci\u00f3n de datos RescuePRO Deluxe(8) <\/p>\n<p class=\"aplus-p3 a-text-bold\"> Gesti\u00f3n de archivos <\/p>\n<p class=\"aplus-p3\"> Libera espacio autom\u00e1ticamente con la aplicaci\u00f3n SANDISK Memory Zone.(6) <\/p>\n<p class=\"aplus-p3 a-text-bold\"> Gesti\u00f3n de archivos <\/p>\n<p class=\"aplus-p3\"> Libera espacio autom\u00e1ticamente con la aplicaci\u00f3n SANDISK Memory Zone.(6) <\/p>\n<p class=\"aplus-p3 a-text-bold\"> Calidad de video <\/p>\n<p class=\"aplus-p3\"> 4K UHD video(9) <\/p>\n<p class=\"description\"> (1) 1 GB = 1 000 000 000 bytes. 1 TB = 1 000 000 000 000 de bytes. El almacenamiento disponible para el usuario es inferior. (2) Hasta 3800 MB\/s de velocidad de lectura y hasta 3700 MB\/s de escritura. En funci\u00f3n de pruebas internas; el rendimiento puede ser inferior seg\u00fan el dispositivo, la interfaz, las condiciones de uso y otros factores. 1 MB = 1 000 000 de bytes. (3) IEC 60529 IP65: probado para resistir un flujo de agua con una presi\u00f3n de 30 kPa durante 3 minutos; el contacto limitado con el polvo no afecta al funcionamiento del disco. Debe estar limpio y seco antes de usarlo. (4)  La protecci\u00f3n con contrase\u00f1a emplea cifrado AES de 256 bits y es compatible con Windows 8, Windows 10 y macOS v10.9+.(Requiere descarga de software para Mac, consulte el sitio web oficial de Sandisk).(5)  En funci\u00f3n de pruebas internas (6) Requiere descarga e instalaci\u00f3n. Consulta el sitio web oficial de Sandisk para SANDISK Memory Zone detalles. (7)  Solo tarjeta. Consulta el embalaje del producto o la p\u00e1gina official en el sitio de Sandisk para obtener m\u00e1s informaci\u00f3n. (8) Se requiere registro; se aplican t\u00e9rminos y condiciones. (9) La compatibilidad de v\u00eddeo 4K UHD (3840 x 2160) puede variar en funci\u00f3n del dispositivo que las albergue, los atributos del archivo y otros factores. Consulta la p\u00e1gina official en el sitio de Sandisk. (10) La velocidad var\u00eda seg\u00fan el producto y la capacidad. Seg\u00fan las velocidades indicadas, En funci\u00f3n de pruebas internas; el rendimiento puede ser inferior seg\u00fan el dispositivo, la interfaz, las condiciones de uso y otros factores. 1 MB = 1 000 000 de bytes. <\/p>\n<p class=\"description\"> SANDISK, el logotipo de SANDISK y SANDISK Extreme PRO son marcas comerciales registradas o mar cas comerciales de Sandisk Corporation o sus filiales en EE. UU. u otros pa\u00edses. USB4 y USB Type-C son mar cas comerciales de USB Implementers Forum. Windows, Xbox y Xbox Series X|S son mar cas de Microsoft Corporation. macOS es una mar ca de Apple Inc. PS5 es una marc a o mar ca registrada de Sony Interactive Entertainment Inc. Thunderbolt es una mar ca de Intel Corporation o sus filiales. Todas las dem\u00e1s marcas comerciales pertenecen a sus respectivos propietarios.  Las especificaciones de los productos est\u00e1n sujetas a cambios sin aviso previo. <\/p>\n<p class=\"description\"> 2025 Sandisk o sus filiales. Todos los derechos reservados. <\/p>\n<p> Product Dimensions                                            \u200f                                            :                                            \u200e                                            0.97 x 5.26 x 10.08 cm; 172.37 g   <br \/> Manufacturer                                            \u200f                                            :                                            \u200e                                            Western Digital Technologies, Inc.   <br \/> ASIN                                            \u200f                                            :                                            \u200e                                            B0DN688B7V   <br \/> Item model number                                            \u200f                                            :                                            \u200e                                            SDSSDE82-2T00-G25   <br \/> Country of origin                                            \u200f                                            :                                            \u200e                                            China   <br \/> Guaranteed software updates until                                            \u200f                                            :                                            \u200e                                            unknown   <br \/>  Customer reviews:                                                                                            4.7               4.7 out of 5 stars                                  (103,230)                                              var dpAcrHasRegisteredArcLinkClickAction;                    P.when(&#8216;A&#8217;, &#8216;ready&#8217;).execute(function(A) {                        if (dpAcrHasRegisteredArcLinkClickAction !== true) {                            dpAcrHasRegisteredArcLinkClickAction = true;                            A.declarative(                                &#8216;acrLink-click-metrics&#8217;, &#8216;click&#8217;,                                { \u00aballowLinkDefault\u00bb: true },                                function (event) {                                    if (window.ue) {                                        ue.count(\u00abacrLinkClickCount\u00bb, (ue.count(\u00abacrLinkClickCount\u00bb) || 0) + 1);                                    }                                }                            );                        }                    });                                             P.when(&#8216;A&#8217;, &#8216;cf&#8217;).execute(function(A) {                A.declarative(&#8216;acrStarsLink-click-metrics&#8217;, &#8216;click&#8217;, { \u00aballowLinkDefault\u00bb : true },  function(event){                    if(window.ue) {                        ue.count(\u00abacrStarsLinkWithPopoverClickCount\u00bb, (ue.count(\u00abacrStarsLinkWithPopoverClickCount\u00bb) || 0) + 1);                    }                });            });                          <\/p>\n<p>RELEASE USB4 SPEEDS. Work at an extraordinary pace on external USB drives with our next-generation USB4 interface, which reaches up to 3800MB\/s read speed and up to 3700MB\/s write.<br \/>COMPATIBLE WITH PREVIOUS VERSIONS. It also allows you to store and move data between your older USB 3.2 and USB 2.0 devices and works with Thunderbolt 4.<br \/>POWERFUL PROTECTION. Help protect your data on the go, with a rugged silicone case and a forged aluminum chassis.<br \/>Access your data faster, work with large files in real time, and get next-generation results at next-generation speeds.<br \/>Exceptional reliability. Trust SanDisk. For your peace of mind, your storage comes with a 5-year limited warranty.<\/p>\n\n","protected":false},"excerpt":{"rendered":"<p> From the manufacturer Desata las velocidades de USB4 Trabaja a un ritmo acelerado en unidades<\/p>","protected":false},"featured_media":24999,"comment_status":"open","ping_status":"closed","template":"","meta":[],"product_brand":[],"product_cat":[81],"product_tag":[1455,909,7385,7384,7383,1457,1468,1476,1470,1461,1459,1452,290,1465,163,1726,1469,1463,198,513,1466,798,3508],"class_list":{"0":"post-24998","1":"product","2":"type-product","3":"status-publish","4":"has-post-thumbnail","6":"product_cat-ssd-drive","7":"product_tag-1tb-ssd","8":"product_tag-2tb","9":"product_tag-3700mbs","10":"product_tag-3800mbs","11":"product_tag-40gbs","12":"product_tag-512gb-ssd","13":"product_tag-best-ssd","14":"product_tag-external","15":"product_tag-extreme","16":"product_tag-gaming-ssd","17":"product_tag-m-2-ssd","18":"product_tag-nvme-ssd","19":"product_tag-portable","20":"product_tag-portable-ssd","21":"product_tag-pro","22":"product_tag-read","23":"product_tag-sandisk","24":"product_tag-sata-ssd","25":"product_tag-speed","26":"product_tag-ssd","27":"product_tag-ssd-price","28":"product_tag-usb4","29":"product_tag-write","31":"first","32":"instock","33":"shipping-taxable","34":"product-type-external"},"_links":{"self":[{"href":"https:\/\/comprasyconsejos.store\/en\/wp-json\/wp\/v2\/product\/24998","targetHints":{"allow":["GET"]}}],"collection":[{"href":"https:\/\/comprasyconsejos.store\/en\/wp-json\/wp\/v2\/product"}],"about":[{"href":"https:\/\/comprasyconsejos.store\/en\/wp-json\/wp\/v2\/types\/product"}],"replies":[{"embeddable":true,"href":"https:\/\/comprasyconsejos.store\/en\/wp-json\/wp\/v2\/comments?post=24998"}],"version-history":[{"count":0,"href":"https:\/\/comprasyconsejos.store\/en\/wp-json\/wp\/v2\/product\/24998\/revisions"}],"wp:featuredmedia":[{"embeddable":true,"href":"https:\/\/comprasyconsejos.store\/en\/wp-json\/wp\/v2\/media\/24999"}],"wp:attachment":[{"href":"https:\/\/comprasyconsejos.store\/en\/wp-json\/wp\/v2\/media?parent=24998"}],"wp:term":[{"taxonomy":"product_brand","embeddable":true,"href":"https:\/\/comprasyconsejos.store\/en\/wp-json\/wp\/v2\/product_brand?post=24998"},{"taxonomy":"product_cat","embeddable":true,"href":"https:\/\/comprasyconsejos.store\/en\/wp-json\/wp\/v2\/product_cat?post=24998"},{"taxonomy":"product_tag","embeddable":true,"href":"https:\/\/comprasyconsejos.store\/en\/wp-json\/wp\/v2\/product_tag?post=24998"}],"curies":[{"name":"wp","href":"https:\/\/api.w.org\/{rel}","templated":true}]}}