{"id":25025,"date":"2026-02-19T11:50:43","date_gmt":"2026-02-19T11:50:43","guid":{"rendered":"https:\/\/comprasyconsejos.store\/product\/arctic-p12-slim-pwm-pst-120-mm-ventilador-de-caja-para-cpu-con-pwm-sharing-technology-pst-muy-silencioso-computadora-300-2100-rpm-negro\/"},"modified":"2026-02-19T11:50:44","modified_gmt":"2026-02-19T11:50:44","slug":"arctic-p12-slim-pwm-pst-120-mm-ventilador-de-caja-para-cpu-con-pwm-sharing-technology-pst-muy-silencioso-computadora-300-2100-rpm-negro","status":"publish","type":"product","link":"https:\/\/comprasyconsejos.store\/en\/product\/arctic-p12-slim-pwm-pst-120-mm-ventilador-de-caja-para-cpu-con-pwm-sharing-technology-pst-muy-silencioso-computadora-300-2100-rpm-negro\/","title":{"rendered":"ARCTIC P12 Slim PWM PST &#8211; 120 mm Ventilador de Caja para CPU con PWM Sharing Technology (PST), Muy Silencioso, Computadora, 300-2100 RPM &#8211; Negro"},"content":{"rendered":"<p>Price: <span style=\"color:#b12704\">\u20ac9.99<\/span><br \/><i><small>(as of Feb 19, 2026 11:50:43 UTC &#8211; <span class=\"wp_automatic_amazon_disclaimer\" title=\"Product prices and availability are accurate as of the date\/time indicated and are subject to change. Any price and availability information displayed on [relevant Amazon Site(s), as applicable] at the time of purchase will apply to the purchase of this product.\">Details<\/span>)<\/small><\/i><\/p>\n<p><a href=\"https:\/\/amazon.es\/dp\/B08QDKGCCW?tag=man008-21\"><img decoding=\"async\" src=\"https:\/\/valvepress.s3.amazonaws.com\/imgs\/buy_now.png\"><\/a><br \/>\n<\/p>\n<p>                                             From the brand   <\/p>\n<p>                                              <img decoding=\"async\" alt=\"\" src=\"https:\/\/images-na.ssl-images-amazon.com\/images\/G\/01\/x-locale\/common\/grey-pixel.gif\" class=\"a-lazy-loaded\" data-src=\"https:\/\/m.media-amazon.com\/images\/S\/aplus-media-library-service-media\/161503c2-c0d7-4b94-bb11-d22d9b74231f.__CR91,0,1464,625_PT0_SX1464_V1___.jpg\"><img decoding=\"async\" alt=\"\" src=\"https:\/\/m.media-amazon.com\/images\/S\/aplus-media-library-service-media\/161503c2-c0d7-4b94-bb11-d22d9b74231f.__CR91,0,1464,625_PT0_SX1464_V1___.jpg\">  <\/p>\n<p> Un fabricante de componentes y disipadores para PC que ha iniciado e influido en la evoluci\u00f3n de los sistemas de refrigeraci\u00f3n. <\/p>\n<p>                                              <img decoding=\"async\" alt=\"Tres sistemas de refrigeraci\u00f3n para ordenadores con ventiladores RGB. La unidad izquierda tiene tres ventiladores negros, las unidades central y derecha cuentan con ventiladores iluminados de colores. Todas conectadas a radiadores o tubos de refrigeraci\u00f3n l\u00edquida\" src=\"https:\/\/images-na.ssl-images-amazon.com\/images\/G\/01\/x-locale\/common\/grey-pixel.gif\" class=\"a-lazy-loaded\" data-src=\"https:\/\/m.media-amazon.com\/images\/S\/aplus-media-library-service-media\/a5d65cf9-a3ee-49fc-990a-27b1f35749e7.__CR0,0,362,453_PT0_SX362_V1___.jpg\"><img decoding=\"async\" alt=\"Tres sistemas de refrigeraci\u00f3n para ordenadores con ventiladores RGB. La unidad izquierda tiene tres ventiladores negros, las unidades central y derecha cuentan con ventiladores iluminados de colores. Todas conectadas a radiadores o tubos de refrigeraci\u00f3n l\u00edquida\" src=\"https:\/\/m.media-amazon.com\/images\/S\/aplus-media-library-service-media\/a5d65cf9-a3ee-49fc-990a-27b1f35749e7.__CR0,0,362,453_PT0_SX362_V1___.jpg\">  <\/p>\n<h3> Update for your setup <\/h3>\n<p class=\"apm-brand-story-stores-link\">\n<p>                                              <img decoding=\"async\" alt=\"aplus content image\" src=\"https:\/\/images-na.ssl-images-amazon.com\/images\/G\/01\/x-locale\/common\/grey-pixel.gif\" class=\"a-lazy-loaded\" data-src=\"https:\/\/m.media-amazon.com\/images\/S\/aplus-media-library-service-media\/4848d4d1-09a1-48dc-bcab-2734b49eb70c.__CR0,0,362,453_PT0_SX362_V1___.jpg\"><img decoding=\"async\" alt=\"aplus content image\" src=\"https:\/\/m.media-amazon.com\/images\/S\/aplus-media-library-service-media\/4848d4d1-09a1-48dc-bcab-2734b49eb70c.__CR0,0,362,453_PT0_SX362_V1___.jpg\">  <\/p>\n<h3> Carcasa para PC E-ATX premium <\/h3>\n<p class=\"apm-brand-story-stores-link\">\n<p>                                              <img decoding=\"async\" alt=\"ARCTIC\" src=\"https:\/\/images-na.ssl-images-amazon.com\/images\/G\/01\/x-locale\/common\/grey-pixel.gif\" class=\"a-lazy-loaded\" data-src=\"https:\/\/m.media-amazon.com\/images\/S\/aplus-media-library-service-media\/03279faa-35be-44c5-ba34-810a4246c01e.__CR0,0,362,453_PT0_SX362_V1___.jpg\"><img decoding=\"async\" alt=\"ARCTIC\" src=\"https:\/\/m.media-amazon.com\/images\/S\/aplus-media-library-service-media\/03279faa-35be-44c5-ba34-810a4246c01e.__CR0,0,362,453_PT0_SX362_V1___.jpg\">  <\/p>\n<h3> The Cooler Way <\/h3>\n<p class=\"apm-brand-story-stores-link\">\n<p>                                              <img decoding=\"async\" alt=\"negro para ordenador con aspas curvas y logotipo de Arctic. Marco cuadrado con esquinas redondeadas. Texto \u00abVENTILADORES\u00bb sobre la imagen.\" src=\"https:\/\/images-na.ssl-images-amazon.com\/images\/G\/01\/x-locale\/common\/grey-pixel.gif\" class=\"a-lazy-loaded\" data-src=\"https:\/\/m.media-amazon.com\/images\/S\/aplus-media-library-service-media\/e46d7ce2-0df6-42bf-93b6-2a78c70b6a8b.__CR0,0,362,453_PT0_SX362_V1___.jpg\"><img decoding=\"async\" alt=\"negro para ordenador con aspas curvas y logotipo de Arctic. Marco cuadrado con esquinas redondeadas. Texto \u00abVENTILADORES\u00bb sobre la imagen.\" src=\"https:\/\/m.media-amazon.com\/images\/S\/aplus-media-library-service-media\/e46d7ce2-0df6-42bf-93b6-2a78c70b6a8b.__CR0,0,362,453_PT0_SX362_V1___.jpg\">  <\/p>\n<h3> Silencioso y potente <\/h3>\n<p class=\"apm-brand-story-stores-link\">\n<p>                                              <img decoding=\"async\" alt=\"con tubos de calor de cobre y ventilador negro. Cuenta con un gran disipador de calor y un dise\u00f1o de ventilador circular. El texto de arriba dice \u00abREFRIGERACI\u00d3N DE SERVIDORES\u00bb en espa\u00f1ol.\" src=\"https:\/\/images-na.ssl-images-amazon.com\/images\/G\/01\/x-locale\/common\/grey-pixel.gif\" class=\"a-lazy-loaded\" data-src=\"https:\/\/m.media-amazon.com\/images\/S\/aplus-media-library-service-media\/4c0beb57-c35e-43fd-afdf-7af40a53c126.__CR0,0,362,453_PT0_SX362_V1___.jpg\"><img decoding=\"async\" alt=\"con tubos de calor de cobre y ventilador negro. Cuenta con un gran disipador de calor y un dise\u00f1o de ventilador circular. El texto de arriba dice \u00abREFRIGERACI\u00d3N DE SERVIDORES\u00bb en espa\u00f1ol.\" src=\"https:\/\/m.media-amazon.com\/images\/S\/aplus-media-library-service-media\/4c0beb57-c35e-43fd-afdf-7af40a53c126.__CR0,0,362,453_PT0_SX362_V1___.jpg\">  <\/p>\n<h3> Refrigeraci\u00f3n de servidores <\/h3>\n<p class=\"apm-brand-story-stores-link\">\n<p>                                              <img decoding=\"async\" alt=\"El texto dice \u00abINTERFACES T\u00c9RMICAS\u00bb. Diagrama t\u00e9cnico que muestra el material de interfaz t\u00e9rmica MX-7 con el logotipo de Arctic. M\u00faltiples vistas de escenarios de aplicaci\u00f3n de pasta o almohadilla t\u00e9rmica delgada.\" src=\"https:\/\/images-na.ssl-images-amazon.com\/images\/G\/01\/x-locale\/common\/grey-pixel.gif\" class=\"a-lazy-loaded\" data-src=\"https:\/\/m.media-amazon.com\/images\/S\/aplus-media-library-service-media\/68f851be-d58f-4a38-a196-1d2c76cd91f2.__CR0,0,362,453_PT0_SX362_V1___.jpg\"><img decoding=\"async\" alt=\"El texto dice \u00abINTERFACES T\u00c9RMICAS\u00bb. Diagrama t\u00e9cnico que muestra el material de interfaz t\u00e9rmica MX-7 con el logotipo de Arctic. M\u00faltiples vistas de escenarios de aplicaci\u00f3n de pasta o almohadilla t\u00e9rmica delgada.\" src=\"https:\/\/m.media-amazon.com\/images\/S\/aplus-media-library-service-media\/68f851be-d58f-4a38-a196-1d2c76cd91f2.__CR0,0,362,453_PT0_SX362_V1___.jpg\">  <\/p>\n<h3> Interfaz t\u00e9rmica <\/h3>\n<p class=\"apm-brand-story-stores-link\">\n<p>                                              <img decoding=\"async\" alt=\"ARCTIC\" src=\"https:\/\/images-na.ssl-images-amazon.com\/images\/G\/01\/x-locale\/common\/grey-pixel.gif\" class=\"a-lazy-loaded\" data-src=\"https:\/\/m.media-amazon.com\/images\/S\/aplus-media-library-service-media\/4ddc947f-8abb-4794-ae8e-4519beaf86aa.__CR0,0,362,453_PT0_SX362_V1___.jpg\"><img decoding=\"async\" alt=\"ARCTIC\" src=\"https:\/\/m.media-amazon.com\/images\/S\/aplus-media-library-service-media\/4ddc947f-8abb-4794-ae8e-4519beaf86aa.__CR0,0,362,453_PT0_SX362_V1___.jpg\">  <\/p>\n<h3> Flexibilidad y ergonom\u00eda <\/h3>\n<p class=\"apm-brand-story-stores-link\">\n<p>                                              <img decoding=\"async\" alt=\"ARCTIC\" src=\"https:\/\/images-na.ssl-images-amazon.com\/images\/G\/01\/x-locale\/common\/grey-pixel.gif\" class=\"a-lazy-loaded\" data-src=\"https:\/\/m.media-amazon.com\/images\/S\/aplus-media-library-service-media\/018d8de7-947f-46d3-ae23-c223dd7cc2ef.__CR0,0,362,453_PT0_SX362_V1___.jpg\"><img decoding=\"async\" alt=\"ARCTIC\" src=\"https:\/\/m.media-amazon.com\/images\/S\/aplus-media-library-service-media\/018d8de7-947f-46d3-ae23-c223dd7cc2ef.__CR0,0,362,453_PT0_SX362_V1___.jpg\">  <\/p>\n<h3> Los accesorios adecuados <\/h3>\n<p class=\"apm-brand-story-stores-link\">\n<p> Product Dimensions                                            \u200f                                            :                                            \u200e                                            12 x 12 x 2.5 cm; 85 g   <br \/> Manufacturer                                            \u200f                                            :                                            \u200e                                            ARCTIC   <br \/> ASIN                                            \u200f                                            :                                            \u200e                                            B08QDKGCCW   <br \/> Item model number                                            \u200f                                            :                                            \u200e                                            ACFAN00187A   <br \/> Country of origin                                            \u200f                                            :                                            \u200e                                            China   <br \/> Guaranteed software updates until                                            \u200f                                            :                                            \u200e                                            unknown   <br \/>  Customer reviews:                                                                                            4.6               4.6 out of 5 stars                                  (2,946)                                              var dpAcrHasRegisteredArcLinkClickAction;                    P.when(&#8216;A&#8217;, &#8216;ready&#8217;).execute(function(A) {                        if (dpAcrHasRegisteredArcLinkClickAction !== true) {                            dpAcrHasRegisteredArcLinkClickAction = true;                            A.declarative(                                &#8216;acrLink-click-metrics&#8217;, &#8216;click&#8217;,                                { \u00aballowLinkDefault\u00bb: true },                                function (event) {                                    if (window.ue) {                                        ue.count(\u00abacrLinkClickCount\u00bb, (ue.count(\u00abacrLinkClickCount\u00bb) || 0) + 1);                                    }                                }                            );                        }                    });                                             P.when(&#8216;A&#8217;, &#8216;cf&#8217;).execute(function(A) {                A.declarative(&#8216;acrStarsLink-click-metrics&#8217;, &#8216;click&#8217;, { \u00aballowLinkDefault\u00bb : true },  function(event){                    if(window.ue) {                        ue.count(\u00abacrStarsLinkWithPopoverClickCount\u00bb, (ue.count(\u00abacrStarsLinkWithPopoverClickCount\u00bb) || 0) + 1);                    }                });            });                          <\/p>\n<p>OPTIMIZED BY STATIC PRESSURE: Thanks to the high static pressure, the fan ensures efficient cooling, also with high air resistance. Suitable for use in heatsinks and radiators<br \/>STRONG COOLING PERFORMANCE: Thanks to several improvements, for example in motor technology and a new fan design, the power of P-Fans is significantly increased<br \/>300 to 2100 RPM: The fan speed can be controlled via PWM PST, thanks to the 4-Pin connector. This minimizes increased noise while ensuring maximum cooling performance<br \/>LOW MOUNTING HEIGHT: The P12 Slim PWM PST has a mounting height of only 15 mm and is therefore suitable for boxes with small formats &#038; is not suitable for installations on 25 mm fans<br \/>TECHNICAL INFORMATION: Fan speed: 300\u20132100 rpm Controlled by PWM (0 rpm below 9% PWM), Air flow: 34.51 cfm | 58.62 m\u00b3\/h, Noise level: 0.3 Sone, Static pressure: 1.33 mmH\u2082O, Pin: 4-pin<\/p>\n\n","protected":false},"excerpt":{"rendered":"<p> From the brand Un fabricante de componentes y disipadores para PC que ha iniciado e<\/p>","protected":false},"featured_media":25026,"comment_status":"open","ping_status":"closed","template":"","meta":[],"product_brand":[],"product_cat":[80],"product_tag":[1390,2880,1397,4205,4042,3994,598,1396,1391,1392,1393,1389,4206,3998,4202,3954,565,4625,2023,2474,1394,1395,3074,4207,288,385,4204],"class_list":{"0":"post-25025","1":"product","2":"type-product","3":"status-publish","4":"has-post-thumbnail","6":"product_cat-processors","7":"product_tag-amd-ryzen-processor","8":"product_tag-arctic","9":"product_tag-best-processor","10":"product_tag-caja","11":"product_tag-computadora","12":"product_tag-con","13":"product_tag-cpu","14":"product_tag-cpu-price","15":"product_tag-gaming-cpu","16":"product_tag-i7-processor","17":"product_tag-i9-processor","18":"product_tag-intel-processor","19":"product_tag-muy","20":"product_tag-negro","21":"product_tag-p12","22":"product_tag-para","23":"product_tag-processor","24":"product_tag-pst","25":"product_tag-pwm","26":"product_tag-rpm","27":"product_tag-ryzen-7","28":"product_tag-ryzen-9","29":"product_tag-sharing","30":"product_tag-silencioso","31":"product_tag-slim","32":"product_tag-technology","33":"product_tag-ventilador","35":"first","36":"instock","37":"shipping-taxable","38":"product-type-external"},"_links":{"self":[{"href":"https:\/\/comprasyconsejos.store\/en\/wp-json\/wp\/v2\/product\/25025","targetHints":{"allow":["GET"]}}],"collection":[{"href":"https:\/\/comprasyconsejos.store\/en\/wp-json\/wp\/v2\/product"}],"about":[{"href":"https:\/\/comprasyconsejos.store\/en\/wp-json\/wp\/v2\/types\/product"}],"replies":[{"embeddable":true,"href":"https:\/\/comprasyconsejos.store\/en\/wp-json\/wp\/v2\/comments?post=25025"}],"version-history":[{"count":0,"href":"https:\/\/comprasyconsejos.store\/en\/wp-json\/wp\/v2\/product\/25025\/revisions"}],"wp:featuredmedia":[{"embeddable":true,"href":"https:\/\/comprasyconsejos.store\/en\/wp-json\/wp\/v2\/media\/25026"}],"wp:attachment":[{"href":"https:\/\/comprasyconsejos.store\/en\/wp-json\/wp\/v2\/media?parent=25025"}],"wp:term":[{"taxonomy":"product_brand","embeddable":true,"href":"https:\/\/comprasyconsejos.store\/en\/wp-json\/wp\/v2\/product_brand?post=25025"},{"taxonomy":"product_cat","embeddable":true,"href":"https:\/\/comprasyconsejos.store\/en\/wp-json\/wp\/v2\/product_cat?post=25025"},{"taxonomy":"product_tag","embeddable":true,"href":"https:\/\/comprasyconsejos.store\/en\/wp-json\/wp\/v2\/product_tag?post=25025"}],"curies":[{"name":"wp","href":"https:\/\/api.w.org\/{rel}","templated":true}]}}