{"id":25061,"date":"2026-02-19T11:59:32","date_gmt":"2026-02-19T11:59:32","guid":{"rendered":"https:\/\/comprasyconsejos.store\/product\/uineer-ergonomic-wireless-mouse-bluetooth-multi-device-mouse-2-4g-bt4-0-bt5-0-4-adjustable-dpi-comfort-and-stress-reduction-on-the-wrist-ideal-for-use-at-home-office-black\/"},"modified":"2026-02-19T11:59:39","modified_gmt":"2026-02-19T11:59:39","slug":"uineer-ergonomic-wireless-mouse-bluetooth-multi-device-mouse-2-4g-bt4-0-bt5-0-4-adjustable-dpi-comfort-and-stress-reduction-on-the-wrist-ideal-for-use-at-home-office-black","status":"publish","type":"product","link":"https:\/\/comprasyconsejos.store\/en\/product\/uineer-ergonomic-wireless-mouse-bluetooth-multi-device-mouse-2-4g-bt4-0-bt5-0-4-adjustable-dpi-comfort-and-stress-reduction-on-the-wrist-ideal-for-use-at-home-office-black\/","title":{"rendered":"Uineer Ergonomic Wireless Mouse, Bluetooth Multi-Device Mouse (2.4G + BT4.0\/BT5.0), 4 Adjustable DPI, Comfort and Stress Reduction on the Wrist, Ideal for Use at Home, Office, Black"},"content":{"rendered":"<p>Price: <span style=\"color:#b12704\">\u20ac28.99<\/span><br \/><i><small>(as of Feb 19, 2026 11:59:32 UTC &#8211; <span class=\"wp_automatic_amazon_disclaimer\" title=\"Product prices and availability are accurate as of the date\/time indicated and are subject to change. Any price and availability information displayed on [relevant Amazon Site(s), as applicable] at the time of purchase will apply to the purchase of this product.\">Details<\/span>)<\/small><\/i><\/p>\n<p><a href=\"https:\/\/amazon.es\/dp\/B0DP4VYQ9N?tag=man008-21\"><img decoding=\"async\" src=\"https:\/\/valvepress.s3.amazonaws.com\/imgs\/buy_now.png\"><\/a><br \/>\n<\/p>\n<p>                                             From the brand   <\/p>\n<p>                                              <img decoding=\"async\" alt=\"\" src=\"https:\/\/images-na.ssl-images-amazon.com\/images\/G\/01\/x-locale\/common\/grey-pixel.gif\" class=\"a-lazy-loaded\" data-src=\"https:\/\/m.media-amazon.com\/images\/S\/aplus-media-library-service-media\/9c3a280f-bc9e-49a0-b3b4-957fb5a6a959.__CR78,0,3748,1600_PT0_SX1464_V1___.jpg\"><img decoding=\"async\" alt=\"\" src=\"https:\/\/m.media-amazon.com\/images\/S\/aplus-media-library-service-media\/9c3a280f-bc9e-49a0-b3b4-957fb5a6a959.__CR78,0,3748,1600_PT0_SX1464_V1___.jpg\">  <\/p>\n<h3> Uineer <\/h3>\n<h3> Rat\u00f3n inal\u00e1mbrico <\/h3>\n<h3> Rat\u00f3n inal\u00e1mbrico <\/h3>\n<h3> Rat\u00f3n con cable <\/h3>\n<p>                                              <img decoding=\"async\" alt=\"\" src=\"https:\/\/images-na.ssl-images-amazon.com\/images\/G\/01\/x-locale\/common\/grey-pixel.gif\" class=\"a-lazy-loaded\" data-src=\"https:\/\/m.media-amazon.com\/images\/S\/aplus-media-library-service-media\/055b99ce-cadd-499f-985e-70704aad4235.__CR145,0,1151,1440_PT0_SX362_V1___.jpg\"><img decoding=\"async\" alt=\"\" src=\"https:\/\/m.media-amazon.com\/images\/S\/aplus-media-library-service-media\/055b99ce-cadd-499f-985e-70704aad4235.__CR145,0,1151,1440_PT0_SX362_V1___.jpg\">  <\/p>\n<h3> Rat\u00f3n inal\u00e1mbrico <\/h3>\n<h3> Alfombrillas de rat\u00f3n <\/h3>\n<p> Batteries                                            \u200f                                            :                                            \u200e                                            2 AAA batteries required. (included)   <br \/> Product Dimensions                                            \u200f                                            :                                            \u200e                                            11.6 x 7.7 x 0.1 cm; 105 g   <br \/> Manufacturer                                            \u200f                                            :                                            \u200e                                            U   <br \/> ASIN                                            \u200f                                            :                                            \u200e                                            B0DP4VYQ9N   <br \/> Item model number                                            \u200f                                            :                                            \u200e                                            A06   <br \/> Country\/Region of Origin                                            \u200f                                            :                                            \u200e                                            China   <br \/> Guaranteed software updates until                                            \u200f                                            :                                            \u200e                                            unknown   <br \/>  Customer reviews:                                                                                            4.5               4.5 out of 5 stars                                  (665)                                              var dpAcrHasRegisteredArcLinkClickAction;                    P.when(&#8216;A&#8217;, &#8216;ready&#8217;).execute(function(A) {                        if (dpAcrHasRegisteredArcLinkClickAction !== true) {                            dpAcrHasRegisteredArcLinkClickAction = true;                            A.declarative(                                &#8216;acrLink-click-metrics&#8217;, &#8216;click&#8217;,                                { \u00aballowLinkDefault\u00bb: true },                                function (event) {                                    if (window.ue) {                                        ue.count(\u00abacrLinkClickCount\u00bb, (ue.count(\u00abacrLinkClickCount\u00bb) || 0) + 1);                                    }                                }                            );                        }                    });                                             P.when(&#8216;A&#8217;, &#8216;cf&#8217;).execute(function(A) {                A.declarative(&#8216;acrStarsLink-click-metrics&#8217;, &#8216;click&#8217;, { \u00aballowLinkDefault\u00bb : true },  function(event){                    if(window.ue) {                        ue.count(\u00abacrStarsLinkWithPopoverClickCount\u00bb, (ue.count(\u00abacrStarsLinkWithPopoverClickCount\u00bb) || 0) + 1);                    }                });            });                          <\/p>\n<p>Ergonomic design for comfort: Il raton verticale offre una soluzione di mouse ergonomico con un presa comoda, riducendo lo stress al polso e promoting a migliore posture per un uso a lungo termine. Ideale per le esigenze di mouse ergonomico inalambrico. Mouse dimensions: L x L x H 11.7 x 7.2 x 7.5 cm \/4.57 x 3.03 x 2.95 cm.<br \/>Connettivit\u00e0 Senza Filo Facile: With wireless technology BT5.0\/4.0\/2.4G, questo mouse ergonomic wireless offre connettivit\u00e0 stabile e veloce, assicurando una prestazione senza interruzioni su vari dispositivi com telefono, tablet, laptop e PC, \u00far\u00e9 abbia la funzione Bluetooth o interface. facce USB.<br \/>Regolazione DPI a 4 Livelli: 800-1200-1600-2400, permettendoti di passare tra diverse impostazioni di sensibilit\u00e0. Che tu abbia bisogno di un controllo precisale per compiti come la progettazione grafica o di movimenti rapidi per i giochi, questo raton verticale inalambrico offre la flessibilit\u00e0 di cui hai bisogno with a single click.<br \/>Ricaricabile con Indicatore di Batteria: Subtract carica grazie a un chiaro indicatore di batteria, questo ti aiuta a rimanere informato e a evitare preoccupazioni per la scarsit\u00e0 di carica.<br \/>Ampia Compatibilit\u00e0 &#038; Servizio Senza Preoccupazioni: Compatible with Windows 11\/10\/8\/7\/XP\/Vista e Mac OS X\/Linux\/Android\/iOS (13+). Offriamo una politica di rimborso senza motivo per 45 giorni e un servizio di sostituzione di 12 mesi in caso di problemi di qualit\u00e0, garantendoti un&#8217;esperienza di acquisto senza preoccupazioni.<\/p>\n\n","protected":false},"excerpt":{"rendered":"<p> From the brand Uineer Rat\u00f3n inal\u00e1mbrico Rat\u00f3n inal\u00e1mbrico Rat\u00f3n con cable Rat\u00f3n inal\u00e1mbrico Alfombrillas de<\/p>","protected":false},"featured_media":25062,"comment_status":"open","ping_status":"closed","template":"","meta":[],"product_brand":[],"product_cat":[50],"product_tag":[768,876,765,307,726,759,7401,3627,756,775,1148,761,758,626,1093,767,2813,585,763,5398,760,764,7402,5319,762,226,757,950],"class_list":{"0":"post-25061","1":"product","2":"type-product","3":"status-publish","4":"has-post-thumbnail","6":"product_cat-mouse","7":"product_tag-2-4g","8":"product_tag-adjustable","9":"product_tag-best-gaming-mouse","10":"product_tag-black","11":"product_tag-bluetooth","12":"product_tag-bluetooth-mouse","13":"product_tag-bt4-0bt5-0","14":"product_tag-comfort","15":"product_tag-computer-mouse","16":"product_tag-dpi","17":"product_tag-ergonomic","18":"product_tag-ergonomic-mouse","19":"product_tag-gaming-mouse","20":"product_tag-home","21":"product_tag-ideal","22":"product_tag-mouse","23":"product_tag-multidevice","24":"product_tag-office","25":"product_tag-rechargeable-mouse","26":"product_tag-reduction","27":"product_tag-rgb-mouse","28":"product_tag-silent-mouse","29":"product_tag-stress","30":"product_tag-uineer","31":"product_tag-usb-mouse","32":"product_tag-wireless","33":"product_tag-wireless-mouse","34":"product_tag-wrist","36":"first","37":"instock","38":"shipping-taxable","39":"product-type-external"},"_links":{"self":[{"href":"https:\/\/comprasyconsejos.store\/en\/wp-json\/wp\/v2\/product\/25061","targetHints":{"allow":["GET"]}}],"collection":[{"href":"https:\/\/comprasyconsejos.store\/en\/wp-json\/wp\/v2\/product"}],"about":[{"href":"https:\/\/comprasyconsejos.store\/en\/wp-json\/wp\/v2\/types\/product"}],"replies":[{"embeddable":true,"href":"https:\/\/comprasyconsejos.store\/en\/wp-json\/wp\/v2\/comments?post=25061"}],"version-history":[{"count":0,"href":"https:\/\/comprasyconsejos.store\/en\/wp-json\/wp\/v2\/product\/25061\/revisions"}],"wp:featuredmedia":[{"embeddable":true,"href":"https:\/\/comprasyconsejos.store\/en\/wp-json\/wp\/v2\/media\/25062"}],"wp:attachment":[{"href":"https:\/\/comprasyconsejos.store\/en\/wp-json\/wp\/v2\/media?parent=25061"}],"wp:term":[{"taxonomy":"product_brand","embeddable":true,"href":"https:\/\/comprasyconsejos.store\/en\/wp-json\/wp\/v2\/product_brand?post=25061"},{"taxonomy":"product_cat","embeddable":true,"href":"https:\/\/comprasyconsejos.store\/en\/wp-json\/wp\/v2\/product_cat?post=25061"},{"taxonomy":"product_tag","embeddable":true,"href":"https:\/\/comprasyconsejos.store\/en\/wp-json\/wp\/v2\/product_tag?post=25061"}],"curies":[{"name":"wp","href":"https:\/\/api.w.org\/{rel}","templated":true}]}}