{"id":25072,"date":"2026-02-19T12:01:54","date_gmt":"2026-02-19T12:01:54","guid":{"rendered":"https:\/\/comprasyconsejos.store\/product\/geekom-it13-mini-pc-with-intel-core-i9-13900hk-best-mini-pc-2025-wincentral-16gb-ram-ddr-expandable-no-lpddr-locked-1tb-ssd-windows-11-pro6xusb3-year-warranty-iris-xe-for-office\/"},"modified":"2026-02-19T12:02:09","modified_gmt":"2026-02-19T12:02:09","slug":"geekom-it13-mini-pc-with-intel-core-i9-13900hk-best-mini-pc-2025-wincentral-16gb-ram-ddr-expandable-no-lpddr-locked-1tb-ssd-windows-11-pro6xusb3-year-warranty-iris-xe-for-office","status":"publish","type":"product","link":"https:\/\/comprasyconsejos.store\/en\/product\/geekom-it13-mini-pc-with-intel-core-i9-13900hk-best-mini-pc-2025-wincentral-16gb-ram-ddr-expandable-no-lpddr-locked-1tb-ssd-windows-11-pro6xusb3-year-warranty-iris-xe-for-office\/","title":{"rendered":"GEEKOM IT13 Mini PC with Intel Core i9-13900HK [Best Mini PC 2025 &#8211; WinCentral], 16GB RAM (DDR Expandable, No LPDDR Locked), 1TB SSD |Windows 11 Pro|6\u00d7USB|3-Year Warranty| Iris Xe| for Office"},"content":{"rendered":"<p>Price: <span style=\"color:#b12704\">\u20ac799.00<\/span><br \/><i><small>(as of Feb 19, 2026 12:01:54 UTC &#8211; <span class=\"wp_automatic_amazon_disclaimer\" title=\"Product prices and availability are accurate as of the date\/time indicated and are subject to change. Any price and availability information displayed on [relevant Amazon Site(s), as applicable] at the time of purchase will apply to the purchase of this product.\">Details<\/span>)<\/small><\/i><\/p>\n<p><a href=\"https:\/\/amazon.es\/dp\/B0FYP6FBG5?tag=man008-21\"><img decoding=\"async\" src=\"https:\/\/valvepress.s3.amazonaws.com\/imgs\/buy_now.png\"><\/a><br \/>\n<\/p>\n<p>                                             From the brand   <\/p>\n<p>                                              <img decoding=\"async\" alt=\"Una interfaz digital o pantalla de aplicaci\u00f3n te\u00f1ida de azul con elementos de texto blancos y un dise\u00f1o minimalista\" src=\"https:\/\/images-na.ssl-images-amazon.com\/images\/G\/01\/x-locale\/common\/grey-pixel.gif\" class=\"a-lazy-loaded\" data-src=\"https:\/\/m.media-amazon.com\/images\/S\/aplus-media-library-service-media\/1d50d470-e083-4611-aa90-ad3e4970139a.__CR0,0,4392,1875_PT0_SX1464_V1___.jpg\"><img decoding=\"async\" alt=\"Una interfaz digital o pantalla de aplicaci\u00f3n te\u00f1ida de azul con elementos de texto blancos y un dise\u00f1o minimalista\" src=\"https:\/\/m.media-amazon.com\/images\/S\/aplus-media-library-service-media\/1d50d470-e083-4611-aa90-ad3e4970139a.__CR0,0,4392,1875_PT0_SX1464_V1___.jpg\">  <\/p>\n<p>                                              <img decoding=\"async\" alt=\"aplus content image\" src=\"https:\/\/images-na.ssl-images-amazon.com\/images\/G\/01\/x-locale\/common\/grey-pixel.gif\" class=\"a-lazy-loaded\" data-src=\"https:\/\/m.media-amazon.com\/images\/S\/aplus-media-library-service-media\/18360fb1-719b-43db-8f4c-d81ade791fde.__CR0,0,1086,1359_PT0_SX362_V1___.jpg\"><img decoding=\"async\" alt=\"aplus content image\" src=\"https:\/\/m.media-amazon.com\/images\/S\/aplus-media-library-service-media\/18360fb1-719b-43db-8f4c-d81ade791fde.__CR0,0,1086,1359_PT0_SX362_V1___.jpg\">  <\/p>\n<p>                                              <img decoding=\"async\" alt=\"aplus content image\" src=\"https:\/\/images-na.ssl-images-amazon.com\/images\/G\/01\/x-locale\/common\/grey-pixel.gif\" class=\"a-lazy-loaded\" data-src=\"https:\/\/m.media-amazon.com\/images\/S\/aplus-media-library-service-media\/528196e0-674d-485b-8cbf-8aa833056800.__CR0,0,1086,1359_PT0_SX362_V1___.jpg\"><img decoding=\"async\" alt=\"aplus content image\" src=\"https:\/\/m.media-amazon.com\/images\/S\/aplus-media-library-service-media\/528196e0-674d-485b-8cbf-8aa833056800.__CR0,0,1086,1359_PT0_SX362_V1___.jpg\">  <\/p>\n<p>                                              <img decoding=\"async\" alt=\"El texto dice \u00abGarant\u00eda de 3 a\u00f1os\u00bb con el icono de la insignia de garant\u00eda en rojo y negro. Los iconos de la parte inferior muestran \u00abCorreo electr\u00f3nico\u00bb, \u00abChat en vivo\u00bb, \u00abTel\u00e9fono\u00bb\" src=\"https:\/\/images-na.ssl-images-amazon.com\/images\/G\/01\/x-locale\/common\/grey-pixel.gif\" class=\"a-lazy-loaded\" data-src=\"https:\/\/m.media-amazon.com\/images\/S\/aplus-media-library-service-media\/e342456b-fe55-4df2-aa4a-366badd5cf1a.__CR0,0,1086,1359_PT0_SX362_V1___.jpg\"><img decoding=\"async\" alt=\"El texto dice \u00abGarant\u00eda de 3 a\u00f1os\u00bb con el icono de la insignia de garant\u00eda en rojo y negro. Los iconos de la parte inferior muestran \u00abCorreo electr\u00f3nico\u00bb, \u00abChat en vivo\u00bb, \u00abTel\u00e9fono\u00bb\" src=\"https:\/\/m.media-amazon.com\/images\/S\/aplus-media-library-service-media\/e342456b-fe55-4df2-aa4a-366badd5cf1a.__CR0,0,1086,1359_PT0_SX362_V1___.jpg\">  <\/p>\n<p>                                              <img decoding=\"async\" alt=\"aplus content image\" src=\"https:\/\/images-na.ssl-images-amazon.com\/images\/G\/01\/x-locale\/common\/grey-pixel.gif\" class=\"a-lazy-loaded\" data-src=\"https:\/\/m.media-amazon.com\/images\/S\/aplus-media-library-service-media\/6dbf035e-03d2-426e-8736-7d3243339e5a.__CR0,0,1086,1359_PT0_SX362_V1___.jpg\"><img decoding=\"async\" alt=\"aplus content image\" src=\"https:\/\/m.media-amazon.com\/images\/S\/aplus-media-library-service-media\/6dbf035e-03d2-426e-8736-7d3243339e5a.__CR0,0,1086,1359_PT0_SX362_V1___.jpg\">  <\/p>\n<p>                                              <img decoding=\"async\" alt=\"del mapa mundial azul que muestra las estad\u00edsticas de alcance global e indica la presencia en m\u00e1s de 80 pa\u00edses y m\u00e1s de 10 millones de usuarios en todo el\" src=\"https:\/\/images-na.ssl-images-amazon.com\/images\/G\/01\/x-locale\/common\/grey-pixel.gif\" class=\"a-lazy-loaded\" data-src=\"https:\/\/m.media-amazon.com\/images\/S\/aplus-media-library-service-media\/e0a5ab51-7010-49f3-a0aa-f118a453eac6.__CR0,0,1086,1359_PT0_SX362_V1___.jpg\"><img decoding=\"async\" alt=\"del mapa mundial azul que muestra las estad\u00edsticas de alcance global e indica la presencia en m\u00e1s de 80 pa\u00edses y m\u00e1s de 10 millones de usuarios en todo el\" src=\"https:\/\/m.media-amazon.com\/images\/S\/aplus-media-library-service-media\/e0a5ab51-7010-49f3-a0aa-f118a453eac6.__CR0,0,1086,1359_PT0_SX362_V1___.jpg\">  <\/p>\n<p>                                              <img decoding=\"async\" alt=\"El texto dice: \u00abProt\u00e9gete: compra original. Compra \u00fanicamente en nuestra Tienda Oficial de GEEKOM. Los productos originales de GEEKOM incluyen: 3 a\u00f1os de garant\u00eda, reparaci\u00f3n y reembolso gratuitos, atenci\u00f3n al cliente 24 horas al d\u00eda, 7 d\u00edas a la semana. Disponible solo en tiendas oficiales. Gracias por elegir GEEKOM. Atenci\u00f3n: algunos vendedores falsifican nuestra marca y ofrecen copias de baja calidad. Estamos aqu\u00ed para proteger tu estilo de vida digital. &amp;#39;\" src=\"https:\/\/images-na.ssl-images-amazon.com\/images\/G\/01\/x-locale\/common\/grey-pixel.gif\" class=\"a-lazy-loaded\" data-src=\"https:\/\/m.media-amazon.com\/images\/S\/aplus-media-library-service-media\/01119e58-dc42-4a58-ab70-c39dad5d7822.__CR0,0,1086,1359_PT0_SX362_V1___.jpg\"><img decoding=\"async\" alt=\"El texto dice: \u00abProt\u00e9gete: compra original. Compra \u00fanicamente en nuestra Tienda Oficial de GEEKOM. Los productos originales de GEEKOM incluyen: 3 a\u00f1os de garant\u00eda, reparaci\u00f3n y reembolso gratuitos, atenci\u00f3n al cliente 24 horas al d\u00eda, 7 d\u00edas a la semana. Disponible solo en tiendas oficiales. Gracias por elegir GEEKOM. Atenci\u00f3n: algunos vendedores falsifican nuestra marca y ofrecen copias de baja calidad. Estamos aqu\u00ed para proteger tu estilo de vida digital. &amp;#39;\" src=\"https:\/\/m.media-amazon.com\/images\/S\/aplus-media-library-service-media\/01119e58-dc42-4a58-ab70-c39dad5d7822.__CR0,0,1086,1359_PT0_SX362_V1___.jpg\">  <\/p>\n<p>                                              <img decoding=\"async\" alt=\"Informaci\u00f3n de atenci\u00f3n al cliente de un producto, que muestra las opciones para contactar con el vendedor en Amazon o enviar un correo electr\u00f3nico al servicio de posventa\" src=\"https:\/\/images-na.ssl-images-amazon.com\/images\/G\/01\/x-locale\/common\/grey-pixel.gif\" class=\"a-lazy-loaded\" data-src=\"https:\/\/m.media-amazon.com\/images\/S\/aplus-media-library-service-media\/cab1675b-bfb4-46b3-8533-e3b0f174c48c.__CR0,0,1086,1359_PT0_SX362_V1___.jpg\"><img decoding=\"async\" alt=\"Informaci\u00f3n de atenci\u00f3n al cliente de un producto, que muestra las opciones para contactar con el vendedor en Amazon o enviar un correo electr\u00f3nico al servicio de posventa\" src=\"https:\/\/m.media-amazon.com\/images\/S\/aplus-media-library-service-media\/cab1675b-bfb4-46b3-8533-e3b0f174c48c.__CR0,0,1086,1359_PT0_SX362_V1___.jpg\">  <\/p>\n<p>                                              <img decoding=\"async\" alt=\"sostenibilidad\" src=\"https:\/\/images-na.ssl-images-amazon.com\/images\/G\/01\/x-locale\/common\/grey-pixel.gif\" class=\"a-lazy-loaded\" data-src=\"https:\/\/m.media-amazon.com\/images\/S\/aplus-media-library-service-media\/6ea17c6c-97ae-4224-a0fc-c33f6a77e852.__CR0,0,1086,1359_PT0_SX362_V1___.jpg\"><img decoding=\"async\" alt=\"sostenibilidad\" src=\"https:\/\/m.media-amazon.com\/images\/S\/aplus-media-library-service-media\/6ea17c6c-97ae-4224-a0fc-c33f6a77e852.__CR0,0,1086,1359_PT0_SX362_V1___.jpg\">  <\/p>\n<p> Package Dimensions                                            \u200f                                            :                                            \u200e                                            22.2 x 19.7 x 14.4 cm; 1.69 kg   <br \/> Manufacturer                                            \u200f                                            :                                            \u200e                                            GEEKOM   <br \/> ASIN                                            \u200f                                            :                                            \u200e                                            B0FYP6FBG5   <br \/> Item model number                                            \u200f                                            :                                            \u200e                                            IT13   <br \/> Guaranteed software updates until                                            \u200f                                            :                                            \u200e                                            unknown   <br \/>  Customer reviews:                                                                                            4.6               4.6 out of 5 stars                                  (1,000)                                              var dpAcrHasRegisteredArcLinkClickAction;                    P.when(&#8216;A&#8217;, &#8216;ready&#8217;).execute(function(A) {                        if (dpAcrHasRegisteredArcLinkClickAction !== true) {                            dpAcrHasRegisteredArcLinkClickAction = true;                            A.declarative(                                &#8216;acrLink-click-metrics&#8217;, &#8216;click&#8217;,                                { \u00aballowLinkDefault\u00bb: true },                                function (event) {                                    if (window.ue) {                                        ue.count(\u00abacrLinkClickCount\u00bb, (ue.count(\u00abacrLinkClickCount\u00bb) || 0) + 1);                                    }                                }                            );                        }                    });                                             P.when(&#8216;A&#8217;, &#8216;cf&#8217;).execute(function(A) {                A.declarative(&#8216;acrStarsLink-click-metrics&#8217;, &#8216;click&#8217;, { \u00aballowLinkDefault\u00bb : true },  function(event){                    if(window.ue) {                        ue.count(\u00abacrStarsLinkWithPopoverClickCount\u00bb, (ue.count(\u00abacrStarsLinkWithPopoverClickCount\u00bb) || 0) + 1);                    }                });            });                          <\/p>\n<p>\u3010Precision Through Engineering\u3011- The GEEKOM IT13 mini PC with Windows 11 Pro pre-installed is manufactured from CNC machined aircraft aluminum for a perfect fit. Its sandblasted surface is scratch-resistant, subjected to drop, temperature and heavy use tests to ensure stable operation 24 hours a day. ( The whole new version of the product is in English)<br \/>\u3010Best Mini PC of the Year 2025\u3011- On the prestigious Windows Central technology platform, the GEEKOM IT13 was recognized by specialized media and professional evaluation bodies as the best Windows mini PC for office work in 2025, thanks to its outstanding performance and extraordinary adaptability to multiple usage scenarios.<br \/>\u3010 You will be able to enjoy the performance of your PC &#8211; While other mini PCs use soldered LPDDR (recycled, non-expandable and lower stability and service life), the GEEKOM IT12 with new materials and standard processes. This Mini PC features 16GB DDR4 (Dual Channel, expandable up to 96GB) and 1TB PCIe Gen4 x4 NVMe SSD (M.2 2280, expandable to 4TB). It also includes an M.2 2242 SATA slot (up to 1TB) and a 2.5&#8243; SATA bay (up to 4TB) for flexible, massive storage.<br \/>\u3010Brilliant 8K Graphics + Support for 4 Displays\u3011- Featuring Intel Iris Xe graphics, this i9 mini pc incorporates 2 \u00d7 USB4.0 (8K@60Hz) and 2 \u00d7 HDMI 2.0 (4K@120Hz), allowing simultaneous use of up to four monitors (two 8K + two 4K). Ideal for extreme multitasking, design, editing or gaming with crisp, immersive visuals. ASSEMBLY ASSEMBLY MISSION &#8211; The quality of the product is the best choice for you.<br \/>\u301016GB The Ideal Balance Between Performance and Efficiency\u3011- 16GB of RAM delivers smooth performance, reduced consumption and more rational use of the budget. They are more stable than 8GB and more efficient than 32GB, covering most daily tasks like work, study, and entertainment. They also decrease heat and noise and allow for quieter, longer lasting operation. With a 1TB SSD you get better use of resources and a more economical and sustainable option.<br \/>\u30101TB Always Maintains High Speed Without Drops\u3011- 256GB or 512GB SSDs get noticeably slower when they approach 70% of their capacity. With 1TB, space is ample and the system responds faster. More memory frees up the SSD to focus on storage, which improves read and write speed, keeps the system fluid, and extends hardware life.<br \/>\u3010Insignia Level Performance\u3011- The 2025 version of the GEEKOM IT13 Mini PC integrates the powerful Intel Core i9-13900HK with 14 cores, 20 threads and 24MB of L3 cache \u2014 delivering about 20% more performance than the previous model&#8217;s i9-13900H. Whether for office tasks, content creation, home entertainment or gaming, the IT13 is up for any challenge.<br \/>\u3010Iceblast 2.0 \u2013 Advanced and Stable Cooling\u3011- Thanks to the patented IceBlast 2.0 thermal system, the 2025 edition of the IT13 maintains constant and quiet performance even under extreme loads, operating between \u201320\u00b0C and +55\u00b0C without loss of power or overheating \u2014 ideal for 24\/7 operation.<\/p>\n\n","protected":false},"excerpt":{"rendered":"<p> From the brand Package Dimensions \u200f : \u200e 22.2 x 19.7 x 14.4 cm; 1.69<\/p>","protected":false},"featured_media":25073,"comment_status":"open","ping_status":"closed","template":"","meta":[],"product_brand":[],"product_cat":[89],"product_tag":[509,602,777,776,785,778,782,784,698,7407,1248,783,7403,7405,562,3557,7404,7409,7408,215,585,780,7410,587,779,513,781,725,7406,537],"class_list":{"0":"post-25072","1":"product","2":"type-product","3":"status-publish","4":"has-post-thumbnail","6":"product_cat-all-in-one-pcs","7":"product_tag-16gb","8":"product_tag-1tb","9":"product_tag-all-in-one-desktop","10":"product_tag-all-in-one-pc","11":"product_tag-all-in-one-pc-price","12":"product_tag-apple-imac","13":"product_tag-best-all-in-one-computer","14":"product_tag-compact-pc","15":"product_tag-core","16":"product_tag-ddr","17":"product_tag-expandable","18":"product_tag-gaming-all-in-one-pc","19":"product_tag-geekom","20":"product_tag-i913900hk","21":"product_tag-intel","22":"product_tag-iris","23":"product_tag-it13","24":"product_tag-locked","25":"product_tag-lpddr","26":"product_tag-mini","27":"product_tag-office","28":"product_tag-office-all-in-one-pc","29":"product_tag-pro6usb3year","30":"product_tag-ram","31":"product_tag-slim-all-in-one-pc","32":"product_tag-ssd","33":"product_tag-touchscreen-all-in-one-pc","34":"product_tag-warranty","35":"product_tag-wincentral","36":"product_tag-windows","38":"first","39":"instock","40":"shipping-taxable","41":"product-type-external"},"_links":{"self":[{"href":"https:\/\/comprasyconsejos.store\/en\/wp-json\/wp\/v2\/product\/25072","targetHints":{"allow":["GET"]}}],"collection":[{"href":"https:\/\/comprasyconsejos.store\/en\/wp-json\/wp\/v2\/product"}],"about":[{"href":"https:\/\/comprasyconsejos.store\/en\/wp-json\/wp\/v2\/types\/product"}],"replies":[{"embeddable":true,"href":"https:\/\/comprasyconsejos.store\/en\/wp-json\/wp\/v2\/comments?post=25072"}],"version-history":[{"count":0,"href":"https:\/\/comprasyconsejos.store\/en\/wp-json\/wp\/v2\/product\/25072\/revisions"}],"wp:featuredmedia":[{"embeddable":true,"href":"https:\/\/comprasyconsejos.store\/en\/wp-json\/wp\/v2\/media\/25073"}],"wp:attachment":[{"href":"https:\/\/comprasyconsejos.store\/en\/wp-json\/wp\/v2\/media?parent=25072"}],"wp:term":[{"taxonomy":"product_brand","embeddable":true,"href":"https:\/\/comprasyconsejos.store\/en\/wp-json\/wp\/v2\/product_brand?post=25072"},{"taxonomy":"product_cat","embeddable":true,"href":"https:\/\/comprasyconsejos.store\/en\/wp-json\/wp\/v2\/product_cat?post=25072"},{"taxonomy":"product_tag","embeddable":true,"href":"https:\/\/comprasyconsejos.store\/en\/wp-json\/wp\/v2\/product_tag?post=25072"}],"curies":[{"name":"wp","href":"https:\/\/api.w.org\/{rel}","templated":true}]}}