{"id":25093,"date":"2026-02-19T12:13:18","date_gmt":"2026-02-19T12:13:18","guid":{"rendered":"https:\/\/comprasyconsejos.store\/product\/logitech-g-pro-2-lightspeed-wireless-gaming-mouse-for-right-or-left-handed-with-up-to-4-customizable-and-switchable-magnetic-side-buttons-44000-dpi-sensor-usb-c-charging-pc-mac-black\/"},"modified":"2026-02-19T12:13:31","modified_gmt":"2026-02-19T12:13:31","slug":"logitech-g-pro-2-lightspeed-wireless-gaming-mouse-for-right-or-left-handed-with-up-to-4-customizable-and-switchable-magnetic-side-buttons-44000-dpi-sensor-usb-c-charging-pc-mac-black","status":"publish","type":"product","link":"https:\/\/comprasyconsejos.store\/en\/product\/logitech-g-pro-2-lightspeed-wireless-gaming-mouse-for-right-or-left-handed-with-up-to-4-customizable-and-switchable-magnetic-side-buttons-44000-dpi-sensor-usb-c-charging-pc-mac-black\/","title":{"rendered":"Logitech G Pro 2 Lightspeed, Wireless Gaming Mouse, for Right or Left Handed with up to 4 Customizable and Switchable Magnetic Side Buttons, 44,000 dpi Sensor, USB-C Charging, PC\/Mac-Black"},"content":{"rendered":"<p>Price: <span style=\"color:#b12704\"><del>\u20ac145.00<\/del> - \u20ac99.99<\/span><br \/><i><small>(as of Feb 19, 2026 12:13:18 UTC &#8211; <span class=\"wp_automatic_amazon_disclaimer\" title=\"Product prices and availability are accurate as of the date\/time indicated and are subject to change. Any price and availability information displayed on [relevant Amazon Site(s), as applicable] at the time of purchase will apply to the purchase of this product.\">Details<\/span>)<\/small><\/i><\/p>\n<p><a href=\"https:\/\/amazon.es\/dp\/B0DBZGCQHX?tag=man008-21\"><img decoding=\"async\" src=\"https:\/\/valvepress.s3.amazonaws.com\/imgs\/buy_now.png\"><\/a><br \/>\n<\/p>\n<p>                                             From the manufacturer   <\/p>\n<p>The video showcases the product in use.The video guides you through product setup.The video compares multiple products.The video shows the product being unpacked. PRO 2 LIGHTSPEED Merchant video<\/p>\n<p>                                                                                                       <img decoding=\"async\" alt=\"aplus content image\" src=\"https:\/\/images-na.ssl-images-amazon.com\/images\/G\/01\/x-locale\/common\/grey-pixel.gif\" class=\"a-lazy-loaded\" data-src=\"https:\/\/m.media-amazon.com\/images\/S\/aplus-media-library-service-media\/d159037c-f934-4eed-9028-9817b4f891bb.__CR0,0,1464,600_PT0_SX1464_V1___.jpg\"><img decoding=\"async\" alt=\"aplus content image\" src=\"https:\/\/m.media-amazon.com\/images\/S\/aplus-media-library-service-media\/d159037c-f934-4eed-9028-9817b4f891bb.__CR0,0,1464,600_PT0_SX1464_V1___.jpg\">                                                                                    DISE\u00d1ADO CON PROFESIONALES. CONCEBIDO PARA GANAR.                                        <\/p>\n<p class=\"aplus-p2 aplus-module-2-description\"> Hemos creado PRO 2 LIGHTSPEED con la colaboraci\u00f3n de los mejores jugadores de todo el mundo. Nuestro dise\u00f1o para uso ambidiestro incluye botones magn\u00e9ticos conmutables, un sensor HERO 2, tecnolog\u00eda inal\u00e1mbrica LIGHTSPEED e interruptores LIGHTFORCE. <\/p>\n<p>                                                                                                       <img decoding=\"async\" alt=\"aplus content image\" src=\"https:\/\/images-na.ssl-images-amazon.com\/images\/G\/01\/x-locale\/common\/grey-pixel.gif\" class=\"a-lazy-loaded\" data-src=\"https:\/\/m.media-amazon.com\/images\/S\/aplus-media-library-service-media\/3cb81a2e-a8be-4626-b4bd-e8e3e6cc01c8.__CR0,0,1464,600_PT0_SX1464_V1___.jpg\"><img decoding=\"async\" alt=\"aplus content image\" src=\"https:\/\/m.media-amazon.com\/images\/S\/aplus-media-library-service-media\/3cb81a2e-a8be-4626-b4bd-e8e3e6cc01c8.__CR0,0,1464,600_PT0_SX1464_V1___.jpg\">                                                                                    DISE\u00d1O PARA USO AMBIDIESTRO                                        <\/p>\n<p class=\"aplus-p2 aplus-module-2-description\"> Un rat\u00f3n para gaming que juega como t\u00fa quieres jugar. Con un aut\u00e9ntico dise\u00f1o ambidiestro, PRO 2 LIGHTSPEED viene con hasta 4 botones magn\u00e9ticos extra\u00edbles para personalizarlo para su uso con la mano izquierda o con la derecha. <\/p>\n<p>                                                                                     <img decoding=\"async\" alt=\"Secuencia de primer plano que muestra una placa de circuito negra o un componente electr\u00f3nico desde diferentes \u00e1ngulos con conectores y v\u00edas de color dorado visibles sobre un fondo oscuro.\" src=\"https:\/\/m.media-amazon.com\/images\/S\/aplus-media-library-service-media\/0e79a8aa-5f3e-414a-9263-f3656b52d5c7.__CR0,0,1464,600_PT0_SX1464_V1___.jpg\">                                                    EL SENSOR M\u00c1S AVANZADO EN GAMING                                         <\/p>\n<p class=\"aplus-p3\"> PRO 2 LIGHTSPEED est\u00e1 equipado con HERO 2, que registra hasta 88 g de aceleraci\u00f3n a 888 pulgadas por segundo y hasta 44 000 DPI. <\/p>\n<p>                                                                                     <img decoding=\"async\" alt=\"El texto dice \u00abImagen 6\u00bb. Varias vistas de un rat\u00f3n Logitech negro para videojuegos con iluminaci\u00f3n LED, que muestra el dispositivo desde diferentes \u00e1ngulos sobre un fondo negro.\" src=\"https:\/\/m.media-amazon.com\/images\/S\/aplus-media-library-service-media\/36776ec8-407d-46ce-8a91-d5e31317c843.__CR0,0,1464,600_PT0_SX1464_V1___.jpg\">                                                    TECNOLOG\u00cdA INAL\u00c1MBRICA PARA TORNEOS                                         <\/p>\n<p class=\"aplus-p3\"> Incluso en las condiciones m\u00e1s adversas, la tecnolog\u00eda inal\u00e1mbrica LIGHTSPEED es ultrarr\u00e1pida y mantiene la fiabilidad en la que conf\u00edan los profesionales. <\/p>\n<p>                                                                                     <img decoding=\"async\" alt=\"El texto dice \u00abG\u00bb, seguido de las especificaciones t\u00e9cnicas de un rat\u00f3n negro para videojuegos que se muestra desde varios \u00e1ngulos con iluminaci\u00f3n LED azul.\" src=\"https:\/\/m.media-amazon.com\/images\/S\/aplus-media-library-service-media\/dc184bc6-503e-4e26-b83f-f1a848095743.__CR0,0,1464,600_PT0_SX1464_V1___.jpg\">                                                    HASTA 95 HORAS                                         <\/p>\n<p class=\"aplus-p3\"> HERO 2. LIGHTFORCE. LIGHTSPEED. Todo ello le confiere una autonom\u00eda de hasta 95 horas con una sola carga. Carga r\u00e1pidamente con USB-C y sigue jugando. <\/p>\n<p>                                                                                                       <img decoding=\"async\" alt=\"El elegante rat\u00f3n inal\u00e1mbrico negro para ordenador se muestra en perfil parcial sobre un fondo oscuro con una iluminaci\u00f3n lateral espectacular.\" src=\"https:\/\/images-na.ssl-images-amazon.com\/images\/G\/01\/x-locale\/common\/grey-pixel.gif\" class=\"a-lazy-loaded\" data-src=\"https:\/\/m.media-amazon.com\/images\/S\/aplus-media-library-service-media\/a661a66d-3d17-4792-89bd-c3ffb63e8e7f.__CR0,0,1464,600_PT0_SX1464_V1___.jpg\"><img decoding=\"async\" alt=\"El elegante rat\u00f3n inal\u00e1mbrico negro para ordenador se muestra en perfil parcial sobre un fondo oscuro con una iluminaci\u00f3n lateral espectacular.\" src=\"https:\/\/m.media-amazon.com\/images\/S\/aplus-media-library-service-media\/a661a66d-3d17-4792-89bd-c3ffb63e8e7f.__CR0,0,1464,600_PT0_SX1464_V1___.jpg\">                                                                                    INTERRUPTORES LIGHTFORCE                                        <\/p>\n<p class=\"aplus-p2 aplus-module-2-description\"> Precisi\u00f3n en cada clic. PRO 2 LIGHTSPEED utiliza interruptores LIGHTFORCE ultrafiables. Siente la velocidad y fiabilidad de los interruptores \u00f3pticos con el satisfactorio clic de un microinterruptor mec\u00e1nico. <\/p>\n<p>                                                                                                       <img decoding=\"async\" alt=\"aplus content image\" src=\"https:\/\/images-na.ssl-images-amazon.com\/images\/G\/01\/x-locale\/common\/grey-pixel.gif\" class=\"a-lazy-loaded\" data-src=\"https:\/\/m.media-amazon.com\/images\/S\/aplus-media-library-service-media\/cf2f4cea-7cac-4000-b433-8b4b46e0c2bf.__CR0,0,1464,600_PT0_SX1464_V1___.jpg\"><img decoding=\"async\" alt=\"aplus content image\" src=\"https:\/\/m.media-amazon.com\/images\/S\/aplus-media-library-service-media\/cf2f4cea-7cac-4000-b433-8b4b46e0c2bf.__CR0,0,1464,600_PT0_SX1464_V1___.jpg\">                                                                                    LA ELECCI\u00d3N DE LOS CAMPEONES                                        <\/p>\n<p class=\"aplus-p2 aplus-module-2-description\"> 17 trofeos ganados por equipos asociados en 2024, 44 equipos asociados a PRO y m\u00e1s de 300 deportistas de esports asociados a PRO. En 2024, el 61,5 % de los campeonatos de League of Legends los ganaron equipos asociados a PRO. <\/p>\n<p>                                                                                                       <img decoding=\"async\" alt=\"aplus content image\" src=\"https:\/\/images-na.ssl-images-amazon.com\/images\/G\/01\/x-locale\/common\/grey-pixel.gif\" class=\"a-lazy-loaded\" data-src=\"https:\/\/m.media-amazon.com\/images\/S\/aplus-media-library-service-media\/96360717-93df-449b-9182-79fe66fd0f90.__CR0,0,1464,600_PT0_SX1464_V1___.jpg\"><img decoding=\"async\" alt=\"aplus content image\" src=\"https:\/\/m.media-amazon.com\/images\/S\/aplus-media-library-service-media\/96360717-93df-449b-9182-79fe66fd0f90.__CR0,0,1464,600_PT0_SX1464_V1___.jpg\">                                                                                    MOLDEADOS POR LA CIENCIA Y LAS SCRIMS                                        <\/p>\n<p class=\"aplus-p2 aplus-module-2-description\"> El equipo de PRO Series se dise\u00f1a en el laboratorio y se prueba en condiciones reales. Los mejores profesionales de los esports trabajan con dise\u00f1adores para perfeccionar cada curva, contorno y clic. Esta informaci\u00f3n le da a PRO Series una ventaja competitiva. <\/p>\n<p> Batteries                                            \u200f                                            :                                            \u200e                                            1 Lithium Polymer batteries required. (included)   <br \/> Manufacturer                                            \u200f                                            :                                            \u200e                                            Logitech   <br \/> ASIN                                            \u200f                                            :                                            \u200e                                            B0DBZGCQHX   <br \/> Item model number                                            \u200f                                            :                                            \u200e                                            910-007296   <br \/> Country of origin                                            \u200f                                            :                                            \u200e                                            China   <br \/> Guaranteed software updates until                                            \u200f                                            :                                            \u200e                                            unknown   <br \/>  Customer reviews:                                                                                            4.6               4.6 out of 5 stars                                  (12,772)                                              var dpAcrHasRegisteredArcLinkClickAction;                    P.when(&#8216;A&#8217;, &#8216;ready&#8217;).execute(function(A) {                        if (dpAcrHasRegisteredArcLinkClickAction !== true) {                            dpAcrHasRegisteredArcLinkClickAction = true;                            A.declarative(                                &#8216;acrLink-click-metrics&#8217;, &#8216;click&#8217;,                                { \u00aballowLinkDefault\u00bb: true },                                function (event) {                                    if (window.ue) {                                        ue.count(\u00abacrLinkClickCount\u00bb, (ue.count(\u00abacrLinkClickCount\u00bb) || 0) + 1);                                    }                                }                            );                        }                    });                                             P.when(&#8216;A&#8217;, &#8216;cf&#8217;).execute(function(A) {                A.declarative(&#8216;acrStarsLink-click-metrics&#8217;, &#8216;click&#8217;, { \u00aballowLinkDefault\u00bb : true },  function(event){                    if(window.ue) {                        ue.count(\u00abacrStarsLinkWithPopoverClickCount\u00bb, (ue.count(\u00abacrStarsLinkWithPopoverClickCount\u00bb) || 0) + 1);                    }                });            });                          <\/p>\n<p>DESIGNED WITH THE PROS: Designed alongside the world&#8217;s best Esports athletes, the PRO X SUPERLIGHT 2 DEX Wireless Gaming Mouse helps you perform at your best and unleash your potential<br \/>CHAMPION ACCURACY &#8211; HERO 2, the most advanced sensor in the gaming universe, delivers professional accuracy with up to 44,000 DPI and tracking over 88g of acceleration at over 888 IPS (1)<br \/>The most advanced optical sensor in gaming. The HERO 2 sensor has below micron tracking of up to 44,000 DPI across the entire range of motion, and acceleration up to 888 IPS\/88G (1)<br \/>The most advanced optical sensor in gaming; The HERO 2 sensor has below micron tracking of up to 44,000 DPI across the entire range of motion, and acceleration up to 888 IPS\/88g (1)<br \/>PLAY LONGER &#8211; Get up to 95 hours of battery life on a single charge; quickly recharge with the included USB-A to USB-C cable, or play non-stop with POWERPLAY (2)<br \/>PTFE Mouse Feet Without Additives: Get smooth gliding and seamless connection to your game thanks to the additive-free PTFE feet of this lightweight gaming mouse<\/p>\n\n","protected":false},"excerpt":{"rendered":"<p> From the manufacturer The video showcases the product in use.The video guides you through product<\/p>","protected":false},"featured_media":25094,"comment_status":"open","ping_status":"closed","template":"","meta":[],"product_brand":[],"product_cat":[90],"product_tag":[613,771,138,611,3959,775,617,607,604,609,606,612,7415,608,7414,859,748,238,767,7417,605,163,610,959,3225,7416,188,226],"class_list":{"0":"post-25093","1":"product","2":"type-product","3":"status-publish","4":"has-post-thumbnail","6":"product_cat-gaming-pcs","7":"product_tag-best-gaming-pc","8":"product_tag-buttons","9":"product_tag-charging","10":"product_tag-custom-gaming-pc","11":"product_tag-customizable","12":"product_tag-dpi","13":"product_tag-gaming","14":"product_tag-gaming-desktop","15":"product_tag-gaming-pc","16":"product_tag-gaming-pc-16gb-ram","17":"product_tag-gaming-pc-rtx","18":"product_tag-gaming-pc-ssd","19":"product_tag-handed","20":"product_tag-high-end-gaming-pc","21":"product_tag-left","22":"product_tag-lightspeed","23":"product_tag-logitech","24":"product_tag-magnetic","25":"product_tag-mouse","26":"product_tag-pcmacblack","27":"product_tag-prebuilt-gaming-pc","28":"product_tag-pro","29":"product_tag-rgb-gaming-pc","30":"product_tag-sensor","31":"product_tag-side","32":"product_tag-switchable","33":"product_tag-usbc","34":"product_tag-wireless","36":"first","37":"instock","38":"sale","39":"shipping-taxable","40":"product-type-external"},"_links":{"self":[{"href":"https:\/\/comprasyconsejos.store\/en\/wp-json\/wp\/v2\/product\/25093","targetHints":{"allow":["GET"]}}],"collection":[{"href":"https:\/\/comprasyconsejos.store\/en\/wp-json\/wp\/v2\/product"}],"about":[{"href":"https:\/\/comprasyconsejos.store\/en\/wp-json\/wp\/v2\/types\/product"}],"replies":[{"embeddable":true,"href":"https:\/\/comprasyconsejos.store\/en\/wp-json\/wp\/v2\/comments?post=25093"}],"version-history":[{"count":0,"href":"https:\/\/comprasyconsejos.store\/en\/wp-json\/wp\/v2\/product\/25093\/revisions"}],"wp:featuredmedia":[{"embeddable":true,"href":"https:\/\/comprasyconsejos.store\/en\/wp-json\/wp\/v2\/media\/25094"}],"wp:attachment":[{"href":"https:\/\/comprasyconsejos.store\/en\/wp-json\/wp\/v2\/media?parent=25093"}],"wp:term":[{"taxonomy":"product_brand","embeddable":true,"href":"https:\/\/comprasyconsejos.store\/en\/wp-json\/wp\/v2\/product_brand?post=25093"},{"taxonomy":"product_cat","embeddable":true,"href":"https:\/\/comprasyconsejos.store\/en\/wp-json\/wp\/v2\/product_cat?post=25093"},{"taxonomy":"product_tag","embeddable":true,"href":"https:\/\/comprasyconsejos.store\/en\/wp-json\/wp\/v2\/product_tag?post=25093"}],"curies":[{"name":"wp","href":"https:\/\/api.w.org\/{rel}","templated":true}]}}