{"id":25136,"date":"2026-02-19T12:25:45","date_gmt":"2026-02-19T12:25:45","guid":{"rendered":"https:\/\/comprasyconsejos.store\/product\/hp-omen-16-am0001ns-gaming-laptop-16-2k-intel-core-7-240h-32gb-ram-1tb-ssd-nvidia-rtx-5070-freedos-black-spanish-qwerty-keyboard\/"},"modified":"2026-02-19T12:25:51","modified_gmt":"2026-02-19T12:25:51","slug":"hp-omen-16-am0001ns-gaming-laptop-16-2k-intel-core-7-240h-32gb-ram-1tb-ssd-nvidia-rtx-5070-freedos-black-spanish-qwerty-keyboard","status":"publish","type":"product","link":"https:\/\/comprasyconsejos.store\/en\/product\/hp-omen-16-am0001ns-gaming-laptop-16-2k-intel-core-7-240h-32gb-ram-1tb-ssd-nvidia-rtx-5070-freedos-black-spanish-qwerty-keyboard\/","title":{"rendered":"HP OMEN 16-am0001ns \u2013 Gaming Laptop 16&#8243; 2K (Intel Core 7-240H, 32GB RAM, 1TB SSD, NVIDIA RTX 5070, FreeDos) \u2013 Black \u2013 Spanish QWERTY Keyboard"},"content":{"rendered":"<p>Price: <span style=\"color:#b12704\">\u20ac1,599.00<\/span><br \/><i><small>(as of Feb 19, 2026 12:25:45 UTC &#8211; <span class=\"wp_automatic_amazon_disclaimer\" title=\"Product prices and availability are accurate as of the date\/time indicated and are subject to change. Any price and availability information displayed on [relevant Amazon Site(s), as applicable] at the time of purchase will apply to the purchase of this product.\">Details<\/span>)<\/small><\/i><\/p>\n<p><a href=\"https:\/\/amazon.es\/dp\/B0F2TKWWXJ?tag=man008-21\"><img decoding=\"async\" src=\"https:\/\/valvepress.s3.amazonaws.com\/imgs\/buy_now.png\"><\/a><br \/>\n<\/p>\n<p>                                             From the manufacturer   <\/p>\n<p>                                                                                                       <img decoding=\"async\" alt=\"aplus content image\" src=\"https:\/\/images-na.ssl-images-amazon.com\/images\/G\/01\/x-locale\/common\/grey-pixel.gif\" class=\"a-lazy-loaded\" data-src=\"https:\/\/m.media-amazon.com\/images\/S\/aplus-media-library-service-media\/8d2ae5c6-6509-4da4-aa43-faafb3541811.__CR0,0,1464,600_PT0_SX1464_V1___.png\"><img decoding=\"async\" alt=\"aplus content image\" src=\"https:\/\/m.media-amazon.com\/images\/S\/aplus-media-library-service-media\/8d2ae5c6-6509-4da4-aa43-faafb3541811.__CR0,0,1464,600_PT0_SX1464_V1___.png\">                                               <\/p>\n<p>                                                                                                       <img decoding=\"async\" alt=\"El texto dice \u00abTECNOLOG\u00cdA OMEN TEMPEST COOLING\u00bb. El port\u00e1til para juegos se muestra desde un \u00e1ngulo lateral con un sistema de refrigeraci\u00f3n avanzado con efectos de iluminaci\u00f3n RGB.\" src=\"https:\/\/images-na.ssl-images-amazon.com\/images\/G\/01\/x-locale\/common\/grey-pixel.gif\" class=\"a-lazy-loaded\" data-src=\"https:\/\/m.media-amazon.com\/images\/S\/aplus-media-library-service-media\/5ce432a0-ef70-484f-8e54-554f6fed323a.__CR0,0,1464,600_PT0_SX1464_V1___.png\"><img decoding=\"async\" alt=\"El texto dice \u00abTECNOLOG\u00cdA OMEN TEMPEST COOLING\u00bb. El port\u00e1til para juegos se muestra desde un \u00e1ngulo lateral con un sistema de refrigeraci\u00f3n avanzado con efectos de iluminaci\u00f3n RGB.\" src=\"https:\/\/m.media-amazon.com\/images\/S\/aplus-media-library-service-media\/5ce432a0-ef70-484f-8e54-554f6fed323a.__CR0,0,1464,600_PT0_SX1464_V1___.png\">                                               <\/p>\n<p>                                                                                                       <img decoding=\"async\" alt=\"aplus content image\" src=\"https:\/\/images-na.ssl-images-amazon.com\/images\/G\/01\/x-locale\/common\/grey-pixel.gif\" class=\"a-lazy-loaded\" data-src=\"https:\/\/m.media-amazon.com\/images\/S\/aplus-media-library-service-media\/2c065a65-238a-4437-b942-84dcc6a083e3.__CR0,0,1464,600_PT0_SX1464_V1___.png\"><img decoding=\"async\" alt=\"aplus content image\" src=\"https:\/\/m.media-amazon.com\/images\/S\/aplus-media-library-service-media\/2c065a65-238a-4437-b942-84dcc6a083e3.__CR0,0,1464,600_PT0_SX1464_V1___.png\">                                               <\/p>\n<p>                                                                                                       <img decoding=\"async\" alt=\"aplus content image\" src=\"https:\/\/images-na.ssl-images-amazon.com\/images\/G\/01\/x-locale\/common\/grey-pixel.gif\" class=\"a-lazy-loaded\" data-src=\"https:\/\/m.media-amazon.com\/images\/S\/aplus-media-library-service-media\/2f5e3bf3-95e1-4988-ba9b-52ea9b4a4860.__CR0,0,1464,600_PT0_SX1464_V1___.png\"><img decoding=\"async\" alt=\"aplus content image\" src=\"https:\/\/m.media-amazon.com\/images\/S\/aplus-media-library-service-media\/2f5e3bf3-95e1-4988-ba9b-52ea9b4a4860.__CR0,0,1464,600_PT0_SX1464_V1___.png\">                                               <\/p>\n<p>                                                                                                       <img decoding=\"async\" alt=\"aplus content image\" src=\"https:\/\/images-na.ssl-images-amazon.com\/images\/G\/01\/x-locale\/common\/grey-pixel.gif\" class=\"a-lazy-loaded\" data-src=\"https:\/\/m.media-amazon.com\/images\/S\/aplus-media-library-service-media\/8480cb06-51da-438c-9898-e102520cc628.__CR0,0,1464,600_PT0_SX1464_V1___.png\"><img decoding=\"async\" alt=\"aplus content image\" src=\"https:\/\/m.media-amazon.com\/images\/S\/aplus-media-library-service-media\/8480cb06-51da-438c-9898-e102520cc628.__CR0,0,1464,600_PT0_SX1464_V1___.png\">                                               <\/p>\n<p>                                                                                                       <img decoding=\"async\" alt=\"aplus content image\" src=\"https:\/\/images-na.ssl-images-amazon.com\/images\/G\/01\/x-locale\/common\/grey-pixel.gif\" class=\"a-lazy-loaded\" data-src=\"https:\/\/m.media-amazon.com\/images\/S\/aplus-media-library-service-media\/0506b74e-4004-4066-b21a-33883c24364b.__CR0,0,1464,600_PT0_SX1464_V1___.png\"><img decoding=\"async\" alt=\"aplus content image\" src=\"https:\/\/m.media-amazon.com\/images\/S\/aplus-media-library-service-media\/0506b74e-4004-4066-b21a-33883c24364b.__CR0,0,1464,600_PT0_SX1464_V1___.png\">                                               <\/p>\n<p>                                                                                                       <img decoding=\"async\" alt=\"aplus content image\" src=\"https:\/\/images-na.ssl-images-amazon.com\/images\/G\/01\/x-locale\/common\/grey-pixel.gif\" class=\"a-lazy-loaded\" data-src=\"https:\/\/m.media-amazon.com\/images\/S\/aplus-media-library-service-media\/420d2cf2-9c9a-4099-b64e-0ece96347a76.__CR0,0,1464,600_PT0_SX1464_V1___.png\"><img decoding=\"async\" alt=\"aplus content image\" src=\"https:\/\/m.media-amazon.com\/images\/S\/aplus-media-library-service-media\/420d2cf2-9c9a-4099-b64e-0ece96347a76.__CR0,0,1464,600_PT0_SX1464_V1___.png\">                                               <\/p>\n<p> Batteries                                            \u200f                                            :                                            \u200e                                            1 Lithium Polymer batteries required. (included)   <br \/> Package Dimensions                                            \u200f                                            :                                            \u200e                                            57.1 x 30.5 x 6.3 cm; 2.44 kg   <br \/> Manufacturer                                            \u200f                                            :                                            \u200e                                            HP   <br \/> ASIN                                            \u200f                                            :                                            \u200e                                            B0F2TKWWXJ   <br \/> Item model number                                            \u200f                                            :                                            \u200e                                            0199251386145   <br \/> Country of origin                                            \u200f                                            :                                            \u200e                                            China   <br \/> Guaranteed software updates until                                            \u200f                                            :                                            \u200e                                            unknown   <br \/>  Customer reviews:                                                                                            4.3               4.3 out of 5 stars                                  (103)                                              var dpAcrHasRegisteredArcLinkClickAction;                    P.when(&#8216;A&#8217;, &#8216;ready&#8217;).execute(function(A) {                        if (dpAcrHasRegisteredArcLinkClickAction !== true) {                            dpAcrHasRegisteredArcLinkClickAction = true;                            A.declarative(                                &#8216;acrLink-click-metrics&#8217;, &#8216;click&#8217;,                                { \u00aballowLinkDefault\u00bb: true },                                function (event) {                                    if (window.ue) {                                        ue.count(\u00abacrLinkClickCount\u00bb, (ue.count(\u00abacrLinkClickCount\u00bb) || 0) + 1);                                    }                                }                            );                        }                    });                                             P.when(&#8216;A&#8217;, &#8216;cf&#8217;).execute(function(A) {                A.declarative(&#8216;acrStarsLink-click-metrics&#8217;, &#8216;click&#8217;, { \u00aballowLinkDefault\u00bb : true },  function(event){                    if(window.ue) {                        ue.count(\u00abacrStarsLinkWithPopoverClickCount\u00bb, (ue.count(\u00abacrStarsLinkWithPopoverClickCount\u00bb) || 0) + 1);                    }                });            });                          <\/p>\n<p>NVIDIA GeForce RTX 5070 8GB Graphics: Next-generation graphics performance for demanding gaming and immersive visual experiences<br \/>Intel Core 7-240H Processor: Up to 5.2 GHz with Intel Turbo Boost Technology, 24 MB L3 cache, 10 cores and 16 threads for smooth multitasking and gaming performance<br \/>16&#8243; 2K (2560 x 1600) Display: High resolution with great color accuracy and optimized refresh rate for a more realistic experience<br \/>32GB DDR5-5200MHz RAM and 1TB PCIe Gen4 NVMe SSD: Ultra-fast memory and high-performance storage for instant loads and maximum productivity<br \/>Ready to customize: Includes FreeDos, so you can install your preferred operating system and configure your computer to your needs<\/p>\n\n","protected":false},"excerpt":{"rendered":"<p> From the manufacturer Batteries \u200f : \u200e 1 Lithium Polymer batteries required. (included) Package Dimensions<\/p>","protected":false},"featured_media":25137,"comment_status":"open","ping_status":"closed","template":"","meta":[],"product_brand":[],"product_cat":[86],"product_tag":[526,7428,602,902,4038,520,307,698,5816,617,519,524,521,525,522,523,562,518,159,821,5813,528,858,587,527,621,5273,513],"class_list":{"0":"post-25136","1":"product","2":"type-product","3":"status-publish","4":"has-post-thumbnail","6":"product_cat-gaming-laptop","7":"product_tag-144hz-gaming-laptop","8":"product_tag-16am0001ns","9":"product_tag-1tb","10":"product_tag-32gb","11":"product_tag-7240h","12":"product_tag-best-gaming-laptop","13":"product_tag-black","14":"product_tag-core","15":"product_tag-freedos","16":"product_tag-gaming","17":"product_tag-gaming-laptop","18":"product_tag-gaming-laptop-16gb-ram","19":"product_tag-gaming-laptop-rtx","20":"product_tag-gaming-laptop-ssd","21":"product_tag-gaming-laptop-under-budget","22":"product_tag-high-performance-laptop","23":"product_tag-intel","24":"product_tag-keyboard","25":"product_tag-laptop","26":"product_tag-nvidia","27":"product_tag-omen","28":"product_tag-portable-gaming-laptop","29":"product_tag-qwerty","30":"product_tag-ram","31":"product_tag-rgb-gaming-laptop","32":"product_tag-rtx","33":"product_tag-spanish","34":"product_tag-ssd","36":"first","37":"instock","38":"shipping-taxable","39":"product-type-external"},"_links":{"self":[{"href":"https:\/\/comprasyconsejos.store\/en\/wp-json\/wp\/v2\/product\/25136","targetHints":{"allow":["GET"]}}],"collection":[{"href":"https:\/\/comprasyconsejos.store\/en\/wp-json\/wp\/v2\/product"}],"about":[{"href":"https:\/\/comprasyconsejos.store\/en\/wp-json\/wp\/v2\/types\/product"}],"replies":[{"embeddable":true,"href":"https:\/\/comprasyconsejos.store\/en\/wp-json\/wp\/v2\/comments?post=25136"}],"version-history":[{"count":0,"href":"https:\/\/comprasyconsejos.store\/en\/wp-json\/wp\/v2\/product\/25136\/revisions"}],"wp:featuredmedia":[{"embeddable":true,"href":"https:\/\/comprasyconsejos.store\/en\/wp-json\/wp\/v2\/media\/25137"}],"wp:attachment":[{"href":"https:\/\/comprasyconsejos.store\/en\/wp-json\/wp\/v2\/media?parent=25136"}],"wp:term":[{"taxonomy":"product_brand","embeddable":true,"href":"https:\/\/comprasyconsejos.store\/en\/wp-json\/wp\/v2\/product_brand?post=25136"},{"taxonomy":"product_cat","embeddable":true,"href":"https:\/\/comprasyconsejos.store\/en\/wp-json\/wp\/v2\/product_cat?post=25136"},{"taxonomy":"product_tag","embeddable":true,"href":"https:\/\/comprasyconsejos.store\/en\/wp-json\/wp\/v2\/product_tag?post=25136"}],"curies":[{"name":"wp","href":"https:\/\/api.w.org\/{rel}","templated":true}]}}