{"id":25151,"date":"2026-02-19T12:30:25","date_gmt":"2026-02-19T12:30:25","guid":{"rendered":"https:\/\/comprasyconsejos.store\/product\/cloudvalley-portable-camera-cover-0-6-mm-thin-metal-webcam-cover-mobile-for-macbook-pro-air-ipad-pro-laptop-mac-pc-2-units-black\/"},"modified":"2026-02-19T12:30:29","modified_gmt":"2026-02-19T12:30:29","slug":"cloudvalley-portable-camera-cover-0-6-mm-thin-metal-webcam-cover-mobile-for-macbook-pro-air-ipad-pro-laptop-mac-pc-2-units-black","status":"publish","type":"product","link":"https:\/\/comprasyconsejos.store\/en\/product\/cloudvalley-portable-camera-cover-0-6-mm-thin-metal-webcam-cover-mobile-for-macbook-pro-air-ipad-pro-laptop-mac-pc-2-units-black\/","title":{"rendered":"CloudValley Portable Camera Cover, 0.6 mm Thin Metal Webcam Cover Mobile for MacBook Pro* Air, iPad Pro, Laptop, Mac, PC, 2 Units Black"},"content":{"rendered":"<p>Price: <span style=\"color:#b12704\">\u20ac7.99<\/span><br \/><i><small>(as of Feb 19, 2026 12:30:25 UTC &#8211; <span class=\"wp_automatic_amazon_disclaimer\" title=\"Product prices and availability are accurate as of the date\/time indicated and are subject to change. Any price and availability information displayed on [relevant Amazon Site(s), as applicable] at the time of purchase will apply to the purchase of this product.\">Details<\/span>)<\/small><\/i><\/p>\n<p><a href=\"https:\/\/amazon.es\/dp\/B079MCPJGH?tag=man008-21\"><img decoding=\"async\" src=\"https:\/\/valvepress.s3.amazonaws.com\/imgs\/buy_now.png\"><\/a><br \/>\n<\/p>\n<p>                                             From the brand   <\/p>\n<p>                                              <img decoding=\"async\" alt=\"Visualizaci\u00f3n digital de una red global con l\u00edneas azules brillantes que conectan los iconos de los usuarios a trav\u00e9s de una superficie esf\u00e9rica, lo que representa la conectividad mundial\" src=\"https:\/\/images-na.ssl-images-amazon.com\/images\/G\/01\/x-locale\/common\/grey-pixel.gif\" class=\"a-lazy-loaded\" data-src=\"https:\/\/m.media-amazon.com\/images\/S\/aplus-media-library-service-media\/a8a3ab3f-2531-4ec7-80b4-55a3428d8f6e.__CR0,0,2000,854_PT0_SX1464_V1___.jpg\"><img decoding=\"async\" alt=\"Visualizaci\u00f3n digital de una red global con l\u00edneas azules brillantes que conectan los iconos de los usuarios a trav\u00e9s de una superficie esf\u00e9rica, lo que representa la conectividad mundial\" src=\"https:\/\/m.media-amazon.com\/images\/S\/aplus-media-library-service-media\/a8a3ab3f-2531-4ec7-80b4-55a3428d8f6e.__CR0,0,2000,854_PT0_SX1464_V1___.jpg\">  <\/p>\n<p>                                              <img decoding=\"async\" alt=\"\" src=\"https:\/\/images-na.ssl-images-amazon.com\/images\/G\/01\/x-locale\/common\/grey-pixel.gif\" class=\"a-lazy-loaded\" data-src=\"https:\/\/m.media-amazon.com\/images\/S\/aplus-media-library-service-media\/59775c70-6e00-4999-a700-fab3f2cd9e84.__CR0,0,600,276_PT0_SX315_V1___.jpg\"><img decoding=\"async\" alt=\"\" src=\"https:\/\/m.media-amazon.com\/images\/S\/aplus-media-library-service-media\/59775c70-6e00-4999-a700-fab3f2cd9e84.__CR0,0,600,276_PT0_SX315_V1___.jpg\">  <\/p>\n<p> Nuestra marca no solo vende fundas para tel\u00e9fonos y accesorios electr\u00f3nicos, sino que tambi\u00e9n permite a nuestros clientes expresarse, proteger sus dispositivos y mejorar su estilo de vida. Desde dise\u00f1os elegantes y minimalistas hasta las opciones m\u00e1s modernas y vibrantes, nuestros productos se fabrican cuidadosamente para satisfacer diferentes gustos y preferencias. <\/p>\n<p>                                              <img decoding=\"async\" alt=\"\" src=\"https:\/\/images-na.ssl-images-amazon.com\/images\/G\/01\/x-locale\/common\/grey-pixel.gif\" class=\"a-lazy-loaded\" data-src=\"https:\/\/m.media-amazon.com\/images\/S\/aplus-media-library-service-media\/be33e1c6-ee17-4d88-aec7-59eee9e4ca60.__CR0,0,600,751_PT0_SX362_V1___.jpg\"><img decoding=\"async\" alt=\"\" src=\"https:\/\/m.media-amazon.com\/images\/S\/aplus-media-library-service-media\/be33e1c6-ee17-4d88-aec7-59eee9e4ca60.__CR0,0,600,751_PT0_SX362_V1___.jpg\">  <\/p>\n<h3> Da vida a la conveniencia <\/h3>\n<p> Gracias por ser parte de nuestra historia. <\/p>\n<p>                                              <img decoding=\"async\" alt=\"\" src=\"https:\/\/images-na.ssl-images-amazon.com\/images\/G\/01\/x-locale\/common\/grey-pixel.gif\" class=\"a-lazy-loaded\" data-src=\"https:\/\/m.media-amazon.com\/images\/S\/aplus-media-library-service-media\/c69225ee-6a4a-4cbd-851d-37b685ec0a8d.__CR0,0,600,751_PT0_SX362_V1___.jpg\"><img decoding=\"async\" alt=\"\" src=\"https:\/\/m.media-amazon.com\/images\/S\/aplus-media-library-service-media\/c69225ee-6a4a-4cbd-851d-37b685ec0a8d.__CR0,0,600,751_PT0_SX362_V1___.jpg\">  <\/p>\n<h3> Satisfacer sus necesidades <\/h3>\n<p> Is discontinued by manufacturer                                            \u200f                                            :                                            \u200e                                            No   <br \/> Product Dimensions                                            \u200f                                            :                                            \u200e                                            1.4 x 0.71 x 0.05 cm; 0.64 g   <br \/> Date First Available                                            \u200f                                            :                                            \u200e                                            29 Mar. 2018   <br \/> Manufacturer                                            \u200f                                            :                                            \u200e                                            CloudValley   <br \/> ASIN                                            \u200f                                            :                                            \u200e                                            B079MCPJGH   <br \/> Item model number                                            \u200f                                            :                                            \u200e                                            KZ-02   <br \/> Country of origin                                            \u200f                                            :                                            \u200e                                            China   <br \/> Guaranteed software updates until                                            \u200f                                            :                                            \u200e                                            unknown   <br \/>       Best Sellers Rank:  1 in Camera Privacy Covers       <br \/>  Customer reviews:                                                                                            4.5               4.5 out of 5 stars                                  (45,869)                                              var dpAcrHasRegisteredArcLinkClickAction;                    P.when(&#8216;A&#8217;, &#8216;ready&#8217;).execute(function(A) {                        if (dpAcrHasRegisteredArcLinkClickAction !== true) {                            dpAcrHasRegisteredArcLinkClickAction = true;                            A.declarative(                                &#8216;acrLink-click-metrics&#8217;, &#8216;click&#8217;,                                { \u00aballowLinkDefault\u00bb: true },                                function (event) {                                    if (window.ue) {                                        ue.count(\u00abacrLinkClickCount\u00bb, (ue.count(\u00abacrLinkClickCount\u00bb) || 0) + 1);                                    }                                }                            );                        }                    });                                             P.when(&#8216;A&#8217;, &#8216;cf&#8217;).execute(function(A) {                A.declarative(&#8216;acrStarsLink-click-metrics&#8217;, &#8216;click&#8217;, { \u00aballowLinkDefault\u00bb : true },  function(event){                    if(window.ue) {                        ue.count(\u00abacrStarsLinkWithPopoverClickCount\u00bb, (ue.count(\u00abacrStarsLinkWithPopoverClickCount\u00bb) || 0) + 1);                    }                });            });                          <\/p>\n<p>[Privacy Case] Protect privacy when not selfie. Slide the cover and then place it under great safety.<br \/>[Precise Craftsmanship] Beautiful matte black coating, made of aluminum, delicate privacy camera sticker.<br \/>[Compatibility] Super slim, compatible with front camera of Macbook Air, Macbook Pro 13\/15 inch, iPad \/ iPad air, iPhone 8\/7\/6, tablet, laptop (hp, dell, asus), iMac.<br \/>[Easy to Use] Simply align your webcam, attach and press firmly for 15 seconds for a strong. Does not interfere with using the camera or indicator light.<br \/>[What You Get] 2 x CloudValley Metal Webcam Cover, Installation Guide, and 18-month warranty and friendly customer service.<\/p>\n\n","protected":false},"excerpt":{"rendered":"<p> From the brand Nuestra marca no solo vende fundas para tel\u00e9fonos y accesorios electr\u00f3nicos, sino<\/p>","protected":false},"featured_media":25152,"comment_status":"open","ping_status":"closed","template":"","meta":[],"product_brand":[],"product_cat":[84],"product_tag":[216,496,498,497,307,681,7429,1016,162,159,774,160,502,503,504,499,500,501,505,2343,1275,290,163,1263,7430,545],"class_list":{"0":"post-25151","1":"product","2":"type-product","3":"status-publish","4":"has-post-thumbnail","6":"product_cat-apple-macbook","7":"product_tag-air","8":"product_tag-apple-macbook","9":"product_tag-apple-macbook-air","10":"product_tag-apple-macbook-pro","11":"product_tag-black","12":"product_tag-camera","13":"product_tag-cloudvalley","14":"product_tag-cover","15":"product_tag-ipad","16":"product_tag-laptop","17":"product_tag-mac","18":"product_tag-macbook","19":"product_tag-macbook-13-inch","20":"product_tag-macbook-15-inch","21":"product_tag-macbook-16-inch","22":"product_tag-macbook-m1","23":"product_tag-macbook-m2","24":"product_tag-macbook-m3","25":"product_tag-macbook-price","26":"product_tag-metal","27":"product_tag-mobile","28":"product_tag-portable","29":"product_tag-pro","30":"product_tag-thin","31":"product_tag-units","32":"product_tag-webcam","34":"first","35":"instock","36":"shipping-taxable","37":"product-type-external"},"_links":{"self":[{"href":"https:\/\/comprasyconsejos.store\/en\/wp-json\/wp\/v2\/product\/25151","targetHints":{"allow":["GET"]}}],"collection":[{"href":"https:\/\/comprasyconsejos.store\/en\/wp-json\/wp\/v2\/product"}],"about":[{"href":"https:\/\/comprasyconsejos.store\/en\/wp-json\/wp\/v2\/types\/product"}],"replies":[{"embeddable":true,"href":"https:\/\/comprasyconsejos.store\/en\/wp-json\/wp\/v2\/comments?post=25151"}],"version-history":[{"count":0,"href":"https:\/\/comprasyconsejos.store\/en\/wp-json\/wp\/v2\/product\/25151\/revisions"}],"wp:featuredmedia":[{"embeddable":true,"href":"https:\/\/comprasyconsejos.store\/en\/wp-json\/wp\/v2\/media\/25152"}],"wp:attachment":[{"href":"https:\/\/comprasyconsejos.store\/en\/wp-json\/wp\/v2\/media?parent=25151"}],"wp:term":[{"taxonomy":"product_brand","embeddable":true,"href":"https:\/\/comprasyconsejos.store\/en\/wp-json\/wp\/v2\/product_brand?post=25151"},{"taxonomy":"product_cat","embeddable":true,"href":"https:\/\/comprasyconsejos.store\/en\/wp-json\/wp\/v2\/product_cat?post=25151"},{"taxonomy":"product_tag","embeddable":true,"href":"https:\/\/comprasyconsejos.store\/en\/wp-json\/wp\/v2\/product_tag?post=25151"}],"curies":[{"name":"wp","href":"https:\/\/api.w.org\/{rel}","templated":true}]}}