{"id":25162,"date":"2026-02-19T12:49:22","date_gmt":"2026-02-19T12:49:22","guid":{"rendered":"https:\/\/comprasyconsejos.store\/product\/wolfbox-g930-10-rearview-mirror-with-camera-and-5-8ghz-wifi-4k-ultra-hd-double-dashcam-and-1080p-wdr-rear-camera-mirror-dash-cam-car-for-gps-navigator-24h-camera-surveillance-parked-card-64gb\/"},"modified":"2026-02-19T12:49:23","modified_gmt":"2026-02-19T12:49:23","slug":"wolfbox-g930-10-rearview-mirror-with-camera-and-5-8ghz-wifi-4k-ultra-hd-double-dashcam-and-1080p-wdr-rear-camera-mirror-dash-cam-car-for-gps-navigator-24h-camera-surveillance-parked-card-64gb","status":"publish","type":"product","link":"https:\/\/comprasyconsejos.store\/en\/product\/wolfbox-g930-10-rearview-mirror-with-camera-and-5-8ghz-wifi-4k-ultra-hd-double-dashcam-and-1080p-wdr-rear-camera-mirror-dash-cam-car-for-gps-navigator-24h-camera-surveillance-parked-card-64gb\/","title":{"rendered":"WOLFBOX G930 10&#8243; Rearview Mirror with Camera and 5.8GHz WiFi, 4K Ultra HD Double Dashcam and 1080P WDR Rear Camera Mirror Dash Cam Car for GPS Navigator 24H Camera Surveillance Parked Card 64GB"},"content":{"rendered":"<p>Price: <span style=\"color:#b12704\">\u20ac169.99<\/span><br \/><i><small>(as of Feb 19, 2026 12:49:22 UTC &#8211; <span class=\"wp_automatic_amazon_disclaimer\" title=\"Product prices and availability are accurate as of the date\/time indicated and are subject to change. Any price and availability information displayed on [relevant Amazon Site(s), as applicable] at the time of purchase will apply to the purchase of this product.\">Details<\/span>)<\/small><\/i><\/p>\n<p><a href=\"https:\/\/amazon.es\/dp\/B0BRLYT8M1?tag=man008-21\"><img decoding=\"async\" src=\"https:\/\/valvepress.s3.amazonaws.com\/imgs\/buy_now.png\"><\/a><br \/>\n<\/p>\n<p>                                             Product Description   <\/p>\n<p>                                                                     WOLFBOX G930 4K Espejo Retrovisor con Camara                                            <img decoding=\"async\" alt=\"retrovisor coche con camara\" src=\"https:\/\/images-na.ssl-images-amazon.com\/images\/G\/01\/x-locale\/common\/grey-pixel.gif\" class=\"a-lazy-loaded\" data-src=\"https:\/\/m.media-amazon.com\/images\/S\/aplus-media-library-service-media\/5d06e7b8-c66c-49c2-8f89-2002650c17da.__CR0,0,1464,600_PT0_SX1464_V1___.jpg\"><img decoding=\"async\" alt=\"retrovisor coche con camara\" src=\"https:\/\/m.media-amazon.com\/images\/S\/aplus-media-library-service-media\/5d06e7b8-c66c-49c2-8f89-2002650c17da.__CR0,0,1464,600_PT0_SX1464_V1___.jpg\">                                               <\/p>\n<p>                                                                                                       <img decoding=\"async\" alt=\"con pantalla t\u00e1ctil 4K UHD integrada, que muestra un autom\u00f3vil sobre un fondo de puesta de sol. El texto indica \u00abIncre\u00edble 4K UHD\" src=\"https:\/\/images-na.ssl-images-amazon.com\/images\/G\/01\/x-locale\/common\/grey-pixel.gif\" class=\"a-lazy-loaded\" data-src=\"https:\/\/m.media-amazon.com\/images\/S\/aplus-media-library-service-media\/58504457-630a-4ca5-83f1-0030ee162a34.__CR0,0,2440,1000_PT0_SX1464_V1___.jpg\"><img decoding=\"async\" alt=\"con pantalla t\u00e1ctil 4K UHD integrada, que muestra un autom\u00f3vil sobre un fondo de puesta de sol. El texto indica \u00abIncre\u00edble 4K UHD\" src=\"https:\/\/m.media-amazon.com\/images\/S\/aplus-media-library-service-media\/58504457-630a-4ca5-83f1-0030ee162a34.__CR0,0,2440,1000_PT0_SX1464_V1___.jpg\">                                               <\/p>\n<p>                                                                                  <img decoding=\"async\" alt=\"Computadora port\u00e1til que muestra una interfaz de rastreo GPS con mapa y tablero. Texto \u00abSeguimiento GPS\u00bb (rastreo GPS) visible. Carretera nocturna con senderos de luz\" src=\"https:\/\/m.media-amazon.com\/images\/S\/aplus-media-library-service-media\/f55d676b-f781-464a-958d-6fa15de84f47.__CR0,0,2440,1000_PT0_SX1464_V1___.jpg\">       <\/p>\n<p>                                                                                  <img decoding=\"async\" alt=\"con pantalla integrada que muestra la tecnolog\u00eda WDR. Tres im\u00e1genes peque\u00f1as muestran capacidades mejoradas de visi\u00f3n nocturna en condiciones de conducci\u00f3n en condiciones de oscuridad\" src=\"https:\/\/m.media-amazon.com\/images\/S\/aplus-media-library-service-media\/f179634c-f950-4114-abb4-e135e9ce3b29.__CR0,0,2440,1000_PT0_SX1464_V1___.jpg\">       <\/p>\n<p>                                                                                  <img decoding=\"async\" alt=\"Vista del salpicadero del interior de un veh\u00edculo con espejo retrovisor. A continuaci\u00f3n se muestran cinco im\u00e1genes m\u00e1s peque\u00f1as que muestran diferentes escenarios de conducci\u00f3n y vistas del veh\u00edculo\" src=\"https:\/\/m.media-amazon.com\/images\/S\/aplus-media-library-service-media\/66fda48f-c748-4f9d-894e-3427a4631c75.__CR0,0,2440,1000_PT0_SX1464_V1___.jpg\">       <\/p>\n<p>                                                                                  <img decoding=\"async\" alt=\"un coche con un sensor en la parte trasera\" src=\"https:\/\/m.media-amazon.com\/images\/S\/aplus-media-library-service-media\/093554ea-7ef9-428f-872b-65e23b2f2fba.__CR0,0,2440,1000_PT0_SX1464_V1___.jpg\">       <\/p>\n<p>                                                                                  <img decoding=\"async\" alt=\"el coche est\u00e1 en el espejo retrovisor.\" src=\"https:\/\/m.media-amazon.com\/images\/S\/aplus-media-library-service-media\/925267dd-c4d7-404c-a9b3-81fa462e0a8e.__CR0,0,2440,1000_PT0_SX1464_V1___.jpg\">       <\/p>\n<p>                                                                                  <img decoding=\"async\" alt=\"dashcam\" src=\"https:\/\/m.media-amazon.com\/images\/S\/aplus-media-library-service-media\/c0629e13-1861-42c7-aa1e-9fe0c13d9b8d.__CR0,0,1464,600_PT0_SX1464_V1___.jpg\">       <\/p>\n<p>                                                                                                       <img decoding=\"async\" alt=\"aplus content image\" src=\"https:\/\/images-na.ssl-images-amazon.com\/images\/G\/01\/x-locale\/common\/grey-pixel.gif\" class=\"a-lazy-loaded\" data-src=\"https:\/\/m.media-amazon.com\/images\/S\/aplus-media-library-service-media\/9c5725f1-6a17-41f0-a170-8620e6a3931e.__CR0,0,2440,1000_PT0_SX1464_V1___.jpg\"><img decoding=\"async\" alt=\"aplus content image\" src=\"https:\/\/m.media-amazon.com\/images\/S\/aplus-media-library-service-media\/9c5725f1-6a17-41f0-a170-8620e6a3931e.__CR0,0,2440,1000_PT0_SX1464_V1___.jpg\">                                               <\/p>\n<h3 class=\"a-text-center aplus-h1 a-text-bold\"> WOLFBOX | Witness every moment. <\/h3>\n<p>                         Add To Basket  <\/p>\n<p>                         Add To Basket  <\/p>\n<p>                         Add To Basket  <\/p>\n<p>                         Add To Basket  <\/p>\n<p>                         Add To Basket  <\/p>\n<p>                                     Customer Reviews  <\/p>\n<p>                    4.4 out of 5 stars  1,959  <\/p>\n<p>                    4.3 out of 5 stars  13,514  <\/p>\n<p>                    4.3 out of 5 stars  1,782  <\/p>\n<p>                    4.3 out of 5 stars  2,831  <\/p>\n<p>                    4.3 out of 5 stars  1,612  <\/p>\n<p>                    4.3 out of 5 stars  96  <\/p>\n<p>                    4.3 out of 5 stars  1,134  <\/p>\n<p>                                     Price  <\/p>\n<p>                                                        \u20ac169.99\u20ac169.99     <\/p>\n<p>                                                        \u20ac169.99\u20ac169.99     <\/p>\n<p>                                                        \u2014    <\/p>\n<p>                                                        \u20ac229.99\u20ac229.99     <\/p>\n<p>                                                        \u2014    <\/p>\n<p>                                                        \u20ac339.99\u20ac339.99     <\/p>\n<p>                                                        \u20ac189.99\u20ac189.99     <\/p>\n<p>                                     Resoluci\u00f3n  <\/p>\n<p>                                                4K(F)+1080P(R)    <\/p>\n<p>                                                4K(F)+1080P(R)    <\/p>\n<p>                                                2.5K(F)+1080P(R)    <\/p>\n<p>                                                4K(F)+1080P(R)    <\/p>\n<p>                                                4K(F)+2.5K(R)    <\/p>\n<p>                                                4K(F)+2.5K(R)    <\/p>\n<p>                                                4K(F)+1080P(R)\/2.5K+1080P+1080    <\/p>\n<p>                                     Tama\u00f1o de la pantalla  <\/p>\n<p>                                                10\u00bb    <\/p>\n<p>                                                12\u00bb    <\/p>\n<p>                                                12\u00bb    <\/p>\n<p>                                                12\u00bb    <\/p>\n<p>                                                4K(F)+2.5K(R)    <\/p>\n<p>                                                4K(F)+2.5K(R)    <\/p>\n<p>                                                3&#8243;    <\/p>\n<p>                                     Tarjeta de memoria  <\/p>\n<p>                                                64GB    <\/p>\n<p>                                                32GB    <\/p>\n<p>                                                64GB    <\/p>\n<p>                                                64GB    <\/p>\n<p>                                                32GB    <\/p>\n<p>                                                128GB    <\/p>\n<p>                                                32GB    <\/p>\n<p>                                     Tarjeta de memoria recomendada  <\/p>\n<p>                                                32G-256G,Clase 10    <\/p>\n<p>                                                32G-256G,Clase 10    <\/p>\n<p>                                                32G-256G,Clase 10    <\/p>\n<p>                                                32G-256G,Clase 10    <\/p>\n<p>                                                32G-256G,Clase 10    <\/p>\n<p>                                                32G-512G,Clase 10    <\/p>\n<p>                                                32G-512G,Clase 10    <\/p>\n<p>                                     Reportaje especial  <\/p>\n<p>                                                4K(F)    <\/p>\n<p>                                                4K(F)    <\/p>\n<p>                                                2.5K(F)    <\/p>\n<p>                                                4K(F)    <\/p>\n<p>                                                4K(F)    <\/p>\n<p>                                                STARVIS 2 IMX678    <\/p>\n<p>                                                dash cam de 3 canales    <\/p>\n<p>                                     WIFI  <\/p>\n<p>                                                    \u2714       <\/p>\n<p>                                                    \u2714       <\/p>\n<p>                                                    \u2714       <\/p>\n<p>                                                    \u2714       <\/p>\n<p>                                                    \u2718      <\/p>\n<p>                                                    \u2714       <\/p>\n<p>                                                    \u2714       <\/p>\n<p>                                     GPS  <\/p>\n<p>                                                    \u2714       <\/p>\n<p>                                                    \u2714       <\/p>\n<p>                                                    \u2714       <\/p>\n<p>                                                    \u2714       <\/p>\n<p>                                                    \u2714       <\/p>\n<p>                                                    \u2714       <\/p>\n<p>                                                    \u2714       <\/p>\n<p>                                                            Contenido del paquete y otros accesorios                                            <img decoding=\"async\" alt=\"camaras coches vigilancia\" src=\"https:\/\/images-na.ssl-images-amazon.com\/images\/G\/01\/x-locale\/common\/grey-pixel.gif\" class=\"a-lazy-loaded\" data-src=\"https:\/\/m.media-amazon.com\/images\/S\/aplus-media-library-service-media\/3fe0739d-73bd-4553-8868-2f7cd9e6086d.__CR0,0,650,350_PT0_SX650_V1___.jpg\"><img decoding=\"async\" alt=\"camaras coches vigilancia\" src=\"https:\/\/m.media-amazon.com\/images\/S\/aplus-media-library-service-media\/3fe0739d-73bd-4553-8868-2f7cd9e6086d.__CR0,0,650,350_PT0_SX650_V1___.jpg\">                                            \u00bfQu\u00e9 hay en el paquete?                                         <\/p>\n<p class=\"aplus-p3\"> 1\u00d7 G930 Mirror Dash Cam 1\u00d7 64GB Card <\/p>\n<p class=\"aplus-p3\"> 1\u00d7 C\u00e1mara trasera 1\u00d7 Soporte de montaje <\/p>\n<p class=\"aplus-p3\"> 1\u00d7 Cargador de coche 4\u00d7 Correas <\/p>\n<p class=\"aplus-p3\"> 1\u00d7 Cable de la c\u00e1mara trasera 1\u00d7 Manual de usuario <\/p>\n<p class=\"aplus-p3\"> 1\u00d7 Receptor GPS 1\u00d7 Pa\u00f1o de limpieza <\/p>\n<p>                                           <img decoding=\"async\" alt=\"dashcam coche\" src=\"https:\/\/images-na.ssl-images-amazon.com\/images\/G\/01\/x-locale\/common\/grey-pixel.gif\" class=\"a-lazy-loaded\" data-src=\"https:\/\/m.media-amazon.com\/images\/S\/aplus-media-library-service-media\/d3878bb4-8192-43f9-9caf-518e2640537a.__CR0,0,1300,700_PT0_SX650_V1___.jpg\"><img decoding=\"async\" alt=\"dashcam coche\" src=\"https:\/\/m.media-amazon.com\/images\/S\/aplus-media-library-service-media\/d3878bb4-8192-43f9-9caf-518e2640537a.__CR0,0,1300,700_PT0_SX650_V1___.jpg\">                                            Otros Accesorios Requieren Compra                                         <\/p>\n<p class=\"aplus-p3\"> Kit de cableado m\u00faltiple: B09X9F8GMT            C\u00e1mara trasera con WDR: B09KRM9QQ5 <\/p>\n<p class=\"aplus-p3\"> Cable de extensi\u00f3n de 33 pies: B082RZNJFY    Cable de extensi\u00f3n de 50 pies: B0814ZHHST <\/p>\n<h3>\n<p class=\"aplus-question aplus-p1\"> \u00bfCu\u00e1l es la diferencia entre el G930 y el anterior G840S G840H G850, y cu\u00e1l es m\u00e1s rentable? <\/p>\n<\/h3>\n<p class=\"aplus-answer aplus-p2\"> El G930, con una resoluci\u00f3n de 4k+1080p, tiene una pantalla t\u00e1ctil de 10\u00bb, que puede adaptarse a algunos coches con retrovisores originales m\u00e1s peque\u00f1os y satisfacer las necesidades de m\u00e1s propietarios de coches. <\/p>\n<h3>\n<p class=\"aplus-question aplus-p1\"> \u00bfEs sencilla la instalaci\u00f3n de la dash cam con espejo, y hay alg\u00fan v\u00eddeo de instalaci\u00f3n? <\/p>\n<\/h3>\n<p class=\"aplus-answer aplus-p2\"> La instalaci\u00f3n de la c\u00e1mara en el salpicadero es sencilla, pero la instalaci\u00f3n de la c\u00e1mara trasera es m\u00e1s complicada. Puede obtener el v\u00eddeo de instalaci\u00f3n despu\u00e9s de recibir el producto. <\/p>\n<h3>\n<p class=\"aplus-question aplus-p1\"> \u00bfEs posible conectar a USB para alimentar el dispositivo sin encendedor? <\/p>\n<\/h3>\n<p class=\"aplus-answer aplus-p2\"> La fuente de alimentaci\u00f3n USB puede tener inestabilidad de voltaje, podemos enviarle un kit de hardware para alimentar el dispositivo. <\/p>\n<h3>\n<p class=\"aplus-question aplus-p1\"> Al dar marcha atr\u00e1s, \u00bfpuede cambiar autom\u00e1ticamente a la c\u00e1mara trasera? \u00bfExiste el asistente de carril marcha atr\u00e1s? <\/p>\n<\/h3>\n<p class=\"aplus-answer aplus-p2\"> Si conectas correctamente el cable rojo de la c\u00e1mara trasera al polo positivo de la luz de marcha atr\u00e1s, al dar marcha atr\u00e1s el coche cambiar\u00e1 autom\u00e1ticamente a la pantalla de la c\u00e1mara trasera y aparecer\u00e1 la l\u00ednea auxiliar de marcha atr\u00e1s. <\/p>\n<h3>\n<p class=\"aplus-question aplus-p1\"> \u00bfEsta c\u00e1mara de espejo G930 encajar\u00e1 en mi coche? <\/p>\n<\/h3>\n<p class=\"aplus-answer aplus-p2\"> Nuestros productos son adecuados para la mayor\u00eda de los veh\u00edculos. Para m\u00e1s detalles, puede proporcionarnos el modelo de su coche, y le ayudaremos a juzgar. <\/p>\n<p> Product Dimensions                                            \u200f                                            :                                            \u200e                                            12 x 34 x 7.5 cm; 335.66 g   <br \/> Manufacturer                                            \u200f                                            :                                            \u200e                                            WOLFBOX   <br \/> ASIN                                            \u200f                                            :                                            \u200e                                            B0BRLYT8M1   <br \/> Item model number                                            \u200f                                            :                                            \u200e                                            G930   <br \/> Country\/Region of Origin                                            \u200f                                            :                                            \u200e                                            China   <br \/> Guaranteed software updates until                                            \u200f                                            :                                            \u200e                                            unknown   <br \/>  Customer reviews:                                                                                            4.4               4.4 out of 5 stars                                  (1,959)                                              var dpAcrHasRegisteredArcLinkClickAction;                    P.when(&#8216;A&#8217;, &#8216;ready&#8217;).execute(function(A) {                        if (dpAcrHasRegisteredArcLinkClickAction !== true) {                            dpAcrHasRegisteredArcLinkClickAction = true;                            A.declarative(                                &#8216;acrLink-click-metrics&#8217;, &#8216;click&#8217;,                                { \u00aballowLinkDefault\u00bb: true },                                function (event) {                                    if (window.ue) {                                        ue.count(\u00abacrLinkClickCount\u00bb, (ue.count(\u00abacrLinkClickCount\u00bb) || 0) + 1);                                    }                                }                            );                        }                    });                                             P.when(&#8216;A&#8217;, &#8216;cf&#8217;).execute(function(A) {                A.declarative(&#8216;acrStarsLink-click-metrics&#8217;, &#8216;click&#8217;, { \u00aballowLinkDefault\u00bb : true },  function(event){                    if(window.ue) {                        ue.count(\u00abacrStarsLinkWithPopoverClickCount\u00bb, (ue.count(\u00abacrStarsLinkWithPopoverClickCount\u00bb) || 0) + 1);                    }                });            });                          <\/p>\n<p>Car Rearview Mirror with 4K Camera: The WOLFBOX G930 car dashcam mirror offers a front resolution of 4K and rear 1080p, with options to choose between 2.5k and 1080p for the front camera. Easily adjust the viewing angle by swiping up and down on the screen, and select the front image, rear image, or front and rear split image by swiping left and right<br \/>Enhanced 5.8GHz WiFi Connectivity: This rear view camera features an upgraded 5.8GHz WiFi system for stable and seamless connections. With the WOLFBOX app, you can easily connect to the G930 rearview mirror via WiFi, allowing you to download videos quickly and share them effortlessly. This advanced high-speed WiFi ensures smooth access to your video files<br \/>Media Transmission Technology: WOLFBOX rear view mirror with camera can display the recorded image in real time, widening the visual range and effectively eliminating blind spots in the field of view. Compared with traditional rear view mirrors, the media transmission car dash cam mirror offers a wider field of view and ultra-clear and distortion-free images, bringing a safer driving experience<br \/>GPS Navigator Car Rearview Camera: After connecting the GPS receiver to the rear view mirror with camera, you can see the speed and direction in real time on the screen. With WOLFBOX mirror camera, you can get valid GPS information by checking all videos recorded on the GPS player<br \/>Parking Monitor &#038; Night Vision: After connecting WOLFBOX hardware kit, you can activate the parking monitoring mode, ensuring safety and peace of mind for your vehicle when parked. No more worrying about possible accidents or theft while you&#8217;re away. WDR technology balances lights, providing clear visibility when driving at night<br \/>Loop Recording &#038; G-Sensor &#8211; Provides continuous and secure monitoring of the recording while you&#8217;re away. WOLFBOX camera car recorder records in loop every 1\/2\/3 minutes until older videos are overwritten by new ones. The G-sensor automatically detects collisions and locks the current video, allowing you to find valid evidence within the locked video<br \/>Updated for Better Performance: Enhanced with an enhanced WDR rear camera, replacing the previous AHD for improved image clarity and low-light performance. Plus, new 5.8GHz WiFi functionality provides faster and more stable wireless connections for smooth data transfer and real-time viewing<\/p>\n\n","protected":false},"excerpt":{"rendered":"<p> Product Description WOLFBOX G930 4K Espejo Retrovisor con Camara WOLFBOX | Witness every moment. Add<\/p>","protected":false},"featured_media":25163,"comment_status":"open","ping_status":"closed","template":"","meta":[],"product_brand":[],"product_cat":[99],"product_tag":[705,3028,7436,5838,568,2245,681,3020,373,1420,3030,7434,5839,3984,3025,3022,7431,1113,3027,3023,3306,3032,3018,3033,3029,1856,3024,3035,3034,7435,3021,7438,1898,7432,3026,3019,7437,3031,222,7433,543,5835],"class_list":{"0":"post-25162","1":"product","2":"type-product","3":"status-publish","4":"has-post-thumbnail","6":"product_cat-mirrorless","7":"product_tag-1080p","8":"product_tag-24-70mm-mirrorless","9":"product_tag-24h","10":"product_tag-5-8ghz","11":"product_tag-64gb","12":"product_tag-cam","13":"product_tag-camera","14":"product_tag-canon-mirrorless","15":"product_tag-car","16":"product_tag-card","17":"product_tag-compact-mirrorless","18":"product_tag-dash","19":"product_tag-dashcam","20":"product_tag-double","21":"product_tag-e-mount-lens","22":"product_tag-fujifilm-mirrorless","23":"product_tag-g930","24":"product_tag-gps","25":"product_tag-lumix-lens","26":"product_tag-micro-four-thirds-lens","27":"product_tag-mirror","28":"product_tag-mirrorless-body-only","29":"product_tag-mirrorless-camera","30":"product_tag-mirrorless-camera-accessories","31":"product_tag-mirrorless-camera-bundle","32":"product_tag-mirrorless-cameras","33":"product_tag-mirrorless-lens","34":"product_tag-mirrorless-stabilizer","35":"product_tag-mirrorless-tripod","36":"product_tag-navigator","37":"product_tag-nikon-mirrorless","38":"product_tag-parked","39":"product_tag-rear","40":"product_tag-rearview","41":"product_tag-sony-a6000-lens","42":"product_tag-sony-mirrorless","43":"product_tag-surveillance","44":"product_tag-travel-mirrorless","45":"product_tag-ultra","46":"product_tag-wdr","47":"product_tag-wifi","48":"product_tag-wolfbox","50":"first","51":"instock","52":"shipping-taxable","53":"product-type-external"},"_links":{"self":[{"href":"https:\/\/comprasyconsejos.store\/en\/wp-json\/wp\/v2\/product\/25162","targetHints":{"allow":["GET"]}}],"collection":[{"href":"https:\/\/comprasyconsejos.store\/en\/wp-json\/wp\/v2\/product"}],"about":[{"href":"https:\/\/comprasyconsejos.store\/en\/wp-json\/wp\/v2\/types\/product"}],"replies":[{"embeddable":true,"href":"https:\/\/comprasyconsejos.store\/en\/wp-json\/wp\/v2\/comments?post=25162"}],"version-history":[{"count":0,"href":"https:\/\/comprasyconsejos.store\/en\/wp-json\/wp\/v2\/product\/25162\/revisions"}],"wp:featuredmedia":[{"embeddable":true,"href":"https:\/\/comprasyconsejos.store\/en\/wp-json\/wp\/v2\/media\/25163"}],"wp:attachment":[{"href":"https:\/\/comprasyconsejos.store\/en\/wp-json\/wp\/v2\/media?parent=25162"}],"wp:term":[{"taxonomy":"product_brand","embeddable":true,"href":"https:\/\/comprasyconsejos.store\/en\/wp-json\/wp\/v2\/product_brand?post=25162"},{"taxonomy":"product_cat","embeddable":true,"href":"https:\/\/comprasyconsejos.store\/en\/wp-json\/wp\/v2\/product_cat?post=25162"},{"taxonomy":"product_tag","embeddable":true,"href":"https:\/\/comprasyconsejos.store\/en\/wp-json\/wp\/v2\/product_tag?post=25162"}],"curies":[{"name":"wp","href":"https:\/\/api.w.org\/{rel}","templated":true}]}}