{"id":25167,"date":"2026-02-19T12:59:36","date_gmt":"2026-02-19T12:59:36","guid":{"rendered":"https:\/\/comprasyconsejos.store\/product\/dtxmx-flysky-fs-i6x-rc-transmitter-6-channel-2-4ghz-remote-control-radio-control-system-with-receiver-fs-ia6b-for-fpv-racing-rc-drone-quadcopter-mode-2\/"},"modified":"2026-02-19T12:59:37","modified_gmt":"2026-02-19T12:59:37","slug":"dtxmx-flysky-fs-i6x-rc-transmitter-6-channel-2-4ghz-remote-control-radio-control-system-with-receiver-fs-ia6b-for-fpv-racing-rc-drone-quadcopter-mode-2","status":"publish","type":"product","link":"https:\/\/comprasyconsejos.store\/en\/product\/dtxmx-flysky-fs-i6x-rc-transmitter-6-channel-2-4ghz-remote-control-radio-control-system-with-receiver-fs-ia6b-for-fpv-racing-rc-drone-quadcopter-mode-2\/","title":{"rendered":"DTXMX Flysky FS-i6X RC Transmitter 6 Channel 2.4GHz Remote Control Radio Control System with Receiver FS-iA6B for FPV Racing RC Drone Quadcopter [Mode 2]"},"content":{"rendered":"<p>Price: <span style=\"color:#b12704\">\u20ac89.99<\/span><br \/><i><small>(as of Feb 19, 2026 12:59:36 UTC &#8211; <span class=\"wp_automatic_amazon_disclaimer\" title=\"Product prices and availability are accurate as of the date\/time indicated and are subject to change. Any price and availability information displayed on [relevant Amazon Site(s), as applicable] at the time of purchase will apply to the purchase of this product.\">Details<\/span>)<\/small><\/i><\/p>\n<p><a href=\"https:\/\/amazon.es\/dp\/B09SL5LR8C?tag=man008-21\"><img decoding=\"async\" src=\"https:\/\/valvepress.s3.amazonaws.com\/imgs\/buy_now.png\"><\/a><br \/>\n<\/p>\n<p>                                             Product Description   <\/p>\n<p>                                                                             <img decoding=\"async\" alt=\"la radio pour h\u00e9licopt\u00e8re RC \u00e0 6 axes\" src=\"https:\/\/images-na.ssl-images-amazon.com\/images\/G\/01\/x-locale\/common\/grey-pixel.gif\" class=\"a-spacing-base a-lazy-loaded\" data-src=\"https:\/\/m.media-amazon.com\/images\/S\/aplus-media-library-service-media\/30e5c895-6b47-463a-a5f8-0d0861f689fe.__CR0,0,970,600_PT0_SX970_V1___.jpg\"><img decoding=\"async\" alt=\"la radio pour h\u00e9licopt\u00e8re RC \u00e0 6 axes\" src=\"https:\/\/m.media-amazon.com\/images\/S\/aplus-media-library-service-media\/30e5c895-6b47-463a-a5f8-0d0861f689fe.__CR0,0,970,600_PT0_SX970_V1___.jpg\">                                         <\/p>\n<h3 class=\"a-spacing-mini\"> FS-i6X 6 canaux \u00c9metteur RC avec r\u00e9cepteur FS-iA6B <\/h3>\n<p class=\"a-spacing-base\"> Le FS-I6X et le FS-iA6B sont si bien connect\u00e9s que vous n&#8217;avez pas besoin d&#8217;\u00e9tablir une nouvelle connexion lorsque vous le recevez. Dans le cadre d&#8217;une utilisation normale, il n&#8217;est pas n\u00e9cessaire de connecter le \u00abc\u00e2ble de liaison\u00bb. <\/p>\n<p class=\"a-spacing-base\"> \u00c9tapes de fonctionnement de l&#8217;appariement de fr\u00e9quences entre l&#8217;\u00e9metteur FS-i6X et le r\u00e9cepteur Flysky FS-iA6B : <\/p>\n<p class=\"a-spacing-base\"> 1, Branchez le connecteur fourni dans le port B\/VCC du r\u00e9cepteur. <\/p>\n<p class=\"a-spacing-base\"> 2, stecken Sie die DC 4V-6,5V Stromversorgung in andere Anschl\u00fcsse, die positiven und negativen Pole k\u00f6nnen nicht falsch angeschlossen werden. <\/p>\n<p class=\"a-spacing-base\"> 3. Maintenez la [BIND KEY] enfonc\u00e9e, puis allumez l&#8217;\u00e9metteur pour entrer en mode liaison. <\/p>\n<p class=\"a-spacing-base\"> 4. L&#8217;\u00e9metteur affiche la tension RX, ce qui signifie que la liaison a r\u00e9ussi. <\/p>\n<p class=\"a-spacing-base\"> 5, retirez le c\u00e2ble de pontage, v\u00e9rifiez la fonction des servos. Si quelque chose ne fonctionne pas comme pr\u00e9vu, recommencez ce processus. <\/p>\n<p class=\"a-spacing-base\"> Caract\u00e9ristiques : <\/p>\n<p class=\"a-spacing-base\"> DTXMX Flysky FS-i6X est un \u00e9metteur RC sp\u00e9cialement con\u00e7u pour les ailes fixes\/glisseurs\/h\u00e9licopt\u00e8res. Multi rotor\/voiture\/bateau peuvent \u00e9galement \u00eatre pris en charge, bien que ces ic\u00f4nes ne soient pas dans le menu. Il dispose de protocoles AFHDS2A et AFHDS et prend en charge les mises \u00e0 niveau DIY jusqu&#8217;\u00e0 dix canaux. Il se connecte au PC via des accessoires [c\u00e2ble PS\/2 vers USB] et peut \u00eatre compatible avec de nombreux simulateurs ST\u00b7\u00b7\u00b7 FPV RC. [Logiciel RC Simulator vendu s\u00e9par\u00e9ment] <\/p>\n<p class=\"a-spacing-base\"> Caract\u00e9ristiques : <\/p>\n<h3 class=\"a-spacing-small\"> Le r\u00e9glage de canal auxiliaire et la sortie s.bus\/i.bus prennent en charge 10 canaux [FS-iA6B PWM a seulement 6 canaux] <\/h3>\n<p class=\"apm-text-center\">\n                                                      <img decoding=\"async\" alt=\", le nouveau commutateur XTX est une radio \u00e0 double canal aliment\u00e9e par une radio \u00e0 double canal\" src=\"https:\/\/images-na.ssl-images-amazon.com\/images\/G\/01\/x-locale\/common\/grey-pixel.gif\" class=\"a-spacing-mini a-lazy-loaded\" data-src=\"https:\/\/m.media-amazon.com\/images\/S\/aplus-media-library-service-media\/c4051abc-6434-49df-9a6d-580ef4a40d38.__CR0,0,700,700_PT0_SX300_V1___.jpg\"><img decoding=\"async\" alt=\", le nouveau commutateur XTX est une radio \u00e0 double canal aliment\u00e9e par une radio \u00e0 double canal\" src=\"https:\/\/m.media-amazon.com\/images\/S\/aplus-media-library-service-media\/c4051abc-6434-49df-9a6d-580ef4a40d38.__CR0,0,700,700_PT0_SX300_V1___.jpg\">  <\/p>\n<p>                                                    Interrupteur auxiliaire 10 canaux                                        <\/p>\n<p> Appuyez sur le bouton \u00ab OK \u00bb pendant 2 secondes pour afficher le menu. <\/p>\n<p> Commutateurs auxiliaires du syst\u00e8me <\/p>\n<p> R\u00e9glez SwA SwB SwC SwD sur On, Ch:10, <\/p>\n<p> Appuyez ensuite sur le bouton \u00ab CANCH \u00bb pendant 2 secondes pour enregistrer. <\/p>\n<p class=\"apm-text-center\">\n                                                      <img decoding=\"async\" alt=\"la nouvelle source de radio SW Channel 9\" src=\"https:\/\/images-na.ssl-images-amazon.com\/images\/G\/01\/x-locale\/common\/grey-pixel.gif\" class=\"a-spacing-mini a-lazy-loaded\" data-src=\"https:\/\/m.media-amazon.com\/images\/S\/aplus-media-library-service-media\/f44e933d-8b7b-45bb-9307-3a2031c6b0a0.__CR0,0,700,700_PT0_SX300_V1___.jpg\"><img decoding=\"async\" alt=\"la nouvelle source de radio SW Channel 9\" src=\"https:\/\/m.media-amazon.com\/images\/S\/aplus-media-library-service-media\/f44e933d-8b7b-45bb-9307-3a2031c6b0a0.__CR0,0,700,700_PT0_SX300_V1___.jpg\">  <\/p>\n<p>                                                    Canaux auxiliaires personnalis\u00e9s                                       <\/p>\n<p> Appuyez sur le bouton OK pendant 2 secondes pour acc\u00e9der au menu, <\/p>\n<p> [Functions setup-Aux. canaux], <\/p>\n<p> Attribution des commutateurs aux canaux, <\/p>\n<p> Appuyez ensuite sur le bouton \u00ab CANCH \u00bb pendant 2 secondes pour enregistrer. <\/p>\n<p class=\"apm-text-center\">\n                                                      <img decoding=\"async\" alt=\"le nouvel autoradio T-Max V3\" src=\"https:\/\/images-na.ssl-images-amazon.com\/images\/G\/01\/x-locale\/common\/grey-pixel.gif\" class=\"a-spacing-mini a-lazy-loaded\" data-src=\"https:\/\/m.media-amazon.com\/images\/S\/aplus-media-library-service-media\/4563f43e-cf46-4095-b3c9-620f4bcd1da3.__CR0,0,700,700_PT0_SX300_V1___.jpg\"><img decoding=\"async\" alt=\"le nouvel autoradio T-Max V3\" src=\"https:\/\/m.media-amazon.com\/images\/S\/aplus-media-library-service-media\/4563f43e-cf46-4095-b3c9-620f4bcd1da3.__CR0,0,700,700_PT0_SX300_V1___.jpg\">  <\/p>\n<p>                                                    Affichage des canaux                                       <\/p>\n<p> Interrupteur auxiliaire \u00e0 10 canaux, r\u00e9glage des canaux auxiliaires. <\/p>\n<p> Apr\u00e8s avoir enregistr\u00e9 les r\u00e9glages, le <\/p>\n<p> Le volume du gouvernail peut \u00eatre affich\u00e9 dans l&#8217;affichage du canal [\u00e9cran]. <\/p>\n<p>                                                  <img decoding=\"async\" alt=\"le nouvel autoradio \u00e9lectronique\" src=\"https:\/\/images-na.ssl-images-amazon.com\/images\/G\/01\/x-locale\/common\/grey-pixel.gif\" class=\"a-lazy-loaded\" data-src=\"https:\/\/m.media-amazon.com\/images\/S\/aplus-media-library-service-media\/1a228cbb-2db7-44c7-9c74-7c131c249f7c.__CR0,0,700,700_PT0_SX300_V1___.jpg\"><img decoding=\"async\" alt=\"le nouvel autoradio \u00e9lectronique\" src=\"https:\/\/m.media-amazon.com\/images\/S\/aplus-media-library-service-media\/1a228cbb-2db7-44c7-9c74-7c131c249f7c.__CR0,0,700,700_PT0_SX300_V1___.jpg\">  <\/p>\n<p> [s.bus\/i.bus] Sortie prend en charge 10 canaux, <\/p>\n<p> [s.bus\/i.bus] S\u00e9lectionner dans le menu. [Syst\u00e8me setup-RX setup-output mode] <\/p>\n<p> Appuyez ensuite sur le bouton \u00ab CANCH \u00bb pendant 2 secondes pour enregistrer. <\/p>\n<p> [Notez que la sortie FS-iA6B PWM n&#8217;a que 6 canaux] <\/p>\n<p> Sp\u00e9cifications FS-i6X : <\/p>\n<p> Article : \u00c9metteur RC FS-i6X <\/p>\n<p> Canal : 6-10 (par d\u00e9faut 6). <\/p>\n<p> Type de mod\u00e8le : Drone multirotor\/voilier\/avion\/h\u00e9licopt\u00e8re <\/p>\n<p> Plage RF : 2,408 \u00e0 2,475 GHz <\/p>\n<p> Puissance RF : &lt; 20 dBm.   Canal RF : 135 &#8211; Largeur du bracelet : 500 kHz <\/p>\n<p> 2,4 GHz &#8211; Syst\u00e8me : AFHDS 2A \/ AFDHS <\/p>\n<p> Modulation : GFSK <\/p>\n<p> R\u00e9solution de la tige 1024 <\/p>\n<p> Avertissement de basse tension : &lt; 4,2 V. <\/p>\n<p> Port DSC : Port PS \/ 2 PPM <\/p>\n<p> Adaptable : Non <\/p>\n<p> Longueur d&#8217;antenne : 26 mm [double antenne] <\/p>\n<p> Poids du produit Poids : 392 g <\/p>\n<p> Puissance : 6V DC 1.5AA x 4 [Livr\u00e9 sans piles] <\/p>\n<p> Affichage : STNTransflective Display, LCD 128 x 64 Lattice, VA 73 x 39 mm, LCD avec r\u00e9tro-\u00e9clairage blanc. <\/p>\n<p> Taille : 1 174 mm x 89 mm x 190 mm. <\/p>\n<p> Mise \u00e0 jour en ligne : Oui.   Couleur : noir Couleur : noir. <\/p>\n<p> Certificat : CE0678, ID FCC : N4ZFLYSKYI6X <\/p>\n<p> Mode : Mode 2 : manette de gaz gauche, l&#8217;acc\u00e9l\u00e9rateur ne rebondit pas automatiquement <\/p>\n<p> Caract\u00e9ristiques techniques : FS-IA6B <\/p>\n<p> Cha\u00eene : Lot de 6 <\/p>\n<p> Type de mod\u00e8le : Drone multirotor \/ voile \/ h\u00e9licopt\u00e8re \/ avion <\/p>\n<p> M\u00e9thode de sortie : PWM\/PPM\/i-Bus\/s-Bus [avec \u00e9metteur Flysky FS-i6X\/FS-i6S, prise en charge s.bus <\/p>\n<p> Sensibilit\u00e9 du r\u00e9cepteur RF : -105 dBm. <\/p>\n<p> Modulation : GFSK <\/p>\n<p> Type de syst\u00e8me : AFHDS2A <\/p>\n<p> R\u00e9solution de la cha\u00eene : 1024 \u00e9tapes <\/p>\n<p> Port de reliure : Oui. <\/p>\n<p> Alimentation : Oui (VCC) <\/p>\n<p> Puissance : 4 V &#8211; 6,5 V CC <\/p>\n<p> Poids du produit 14,9 gr <\/p>\n<p> Longueur d&#8217;antenne : environ 26 mm <\/p>\n<p> Taille : 1 Dimensions : 47 x 26 x 15 mm <\/p>\n<p> Certificat : CE, FCC <\/p>\n<p> Caract\u00e9ristiques : <\/p>\n<p> C\u00e2ble PS\/2 vers USB : peut \u00eatre utilis\u00e9 pour connecter l&#8217;\u00e9metteur FS-i6X aux mises \u00e0 jour PC et aux simulateurs FPV RC (logiciel vendu s\u00e9par\u00e9ment). <\/p>\n<p>                                                  <img decoding=\"async\" alt=\"the fly - sky radio est une radio de haute qualit\u00e9, de haute qualit\u00e9, de haute qualit\u00e9 et tr\u00e8s bien not\u00e9e, de haute qualit\u00e9, de haute qualit\u00e9 et tr\u00e8s bien not\u00e9e, tout en\" src=\"https:\/\/images-na.ssl-images-amazon.com\/images\/G\/01\/x-locale\/common\/grey-pixel.gif\" class=\"a-spacing-mini a-lazy-loaded\" data-src=\"https:\/\/m.media-amazon.com\/images\/S\/aplus-media-library-service-media\/cc154370-0f40-4bf7-9bbe-52449b67d9d3.__CR0,18,1120,1120_PT0_SX300_V1___.jpg\"><img decoding=\"async\" alt=\"the fly - sky radio est une radio de haute qualit\u00e9, de haute qualit\u00e9, de haute qualit\u00e9 et tr\u00e8s bien not\u00e9e, de haute qualit\u00e9, de haute qualit\u00e9 et tr\u00e8s bien not\u00e9e, tout en\" src=\"https:\/\/m.media-amazon.com\/images\/S\/aplus-media-library-service-media\/cc154370-0f40-4bf7-9bbe-52449b67d9d3.__CR0,18,1120,1120_PT0_SX300_V1___.jpg\">  <\/p>\n<h3 class=\"a-spacing-mini\"> Contenu de l&#8217;emballage  <\/h3>\n<p> 1 \u00e9metteur RC FS-i6X. <\/p>\n<p> 1 r\u00e9cepteur FS-iA6B <\/p>\n<p> 1 connecteur femelle. <\/p>\n<p> 1 c\u00e2ble PS\/2 vers USB. <\/p>\n<p> *Piles non fournies. <\/p>\n<p>                         Add To Basket  <\/p>\n<p>                         Add To Basket  <\/p>\n<p>                         Add To Basket  <\/p>\n<p>                         Add To Basket  <\/p>\n<p>                         Add To Basket  <\/p>\n<p>                             Customer Reviews  <\/p>\n<p>                    4.6 out of 5 stars  104  <\/p>\n<p>                    4.6 out of 5 stars  144  <\/p>\n<p>                    4.4 out of 5 stars  83  <\/p>\n<p>                    4.5 out of 5 stars  95  <\/p>\n<p>                    4.5 out of 5 stars  57  <\/p>\n<p>                             Price  <\/p>\n<p>                                    \u20ac89.99\u20ac89.99                  \u20ac95.99\u20ac95.99                  \u20ac82.99\u20ac82.99                  \u20ac24.99\u20ac24.99                  \u20ac33.99\u20ac33.99           <\/p>\n<p>                             Canal<br \/>\n                                6 kg               Lot de 10               6 kg               6 kg               Lot de 10           <\/p>\n<p>                             Raccordement<br \/>\n                                PWM\/PPM\/i-bus\/s-bus               PWM\/PPM\/i-bus\/s-bus               PWM\/PPM\/i-bus               PWM\/PPM\/i-bus\/s-bus               PWM\/PPM\/i-bus\/s-bus           <\/p>\n<p>                             Syst\u00e8me 2,4 GHz<br \/>\n                                AFHDS 2A\/AFDHS               AFHDS 2A\/AFDHS               AFHDS 2A\/AFDHS               AFHDS 2A               AFHDS 2A           <\/p>\n<p>                             C\u00e2ble PS\/2 vers USB  <\/p>\n<p>                                              \u2713<\/p>\n<p>                                              \u2713<br \/>\n                                                          no data<br \/>\n                                                              no data<br \/>\n                                                              no data<\/p>\n<p> Batteries                                            \u200f                                            :                                            \u200e                                            4 AA batteries required.   <br \/> Product Dimensions                                            \u200f                                            :                                            \u200e                                            19 x 17.4 x 8.9 cm; 392 g   <br \/> Mfg Recommended age                                            \u200f                                            :                                            \u200e                                            15 &#8211; 70 years   <br \/> Item model number                                            \u200f                                            :                                            \u200e                                            FS-i6X   <br \/> ASIN                                            \u200f                                            :                                            \u200e                                            B09SL5LR8C   <br \/> Country of origin                                            \u200f                                            :                                            \u200e                                            China   <br \/>  Customer reviews:                                                                                            4.6               4.6 out of 5 stars                                  (104)                                              var dpAcrHasRegisteredArcLinkClickAction;                    P.when(&#8216;A&#8217;, &#8216;ready&#8217;).execute(function(A) {                        if (dpAcrHasRegisteredArcLinkClickAction !== true) {                            dpAcrHasRegisteredArcLinkClickAction = true;                            A.declarative(                                &#8216;acrLink-click-metrics&#8217;, &#8216;click&#8217;,                                { \u00aballowLinkDefault\u00bb: true },                                function (event) {                                    if (window.ue) {                                        ue.count(\u00abacrLinkClickCount\u00bb, (ue.count(\u00abacrLinkClickCount\u00bb) || 0) + 1);                                    }                                }                            );                        }                    });                                             P.when(&#8216;A&#8217;, &#8216;cf&#8217;).execute(function(A) {                A.declarative(&#8216;acrStarsLink-click-metrics&#8217;, &#8216;click&#8217;, { \u00aballowLinkDefault\u00bb : true },  function(event){                    if(window.ue) {                        ue.count(\u00abacrStarsLinkWithPopoverClickCount\u00bb, (ue.count(\u00abacrStarsLinkWithPopoverClickCount\u00bb) || 0) + 1);                    }                });            });                          <\/p>\n<p>\u3010Two-way communication\u3011Can send and receive data, iA6B can return the voltage information of the receiver to the i6X transmitter. PWM and PPm i-BUS S-BUS are supported. Default PWM.<br \/>\u3010PWM and PPm i-BUS S-BUS are supported. \u3011Default PWM. Press and hold the OK button on the right side of the screen for 2 seconds to access the transmitter menu, system settings, receiver configuration options and select PWM\/PPm\/i-BUS\/S-BUS output. After switching, press and hold the CANCH button for 2 seconds to record.<br \/>\u3010Support RC Simulator\u3011Connect the computer as a handle through the data cable, supports RC FPV Racing Drone simulation. ( software is purchased separately )<br \/>\u3010Dual Transmission System\u3011 With a dual transmission system, you can better understand the operating status of the current model, thereby increasing the joy of control and a safer control model.<br \/>\u3010Full Angle Gain Antenna\u3011The double gain antenna is used to make the signal transmission more stable and stronger, effectively improving directional stability and reducing interference.<\/p>\n\n","protected":false},"excerpt":{"rendered":"<p> Product Description FS-i6X 6 canaux \u00c9metteur RC avec r\u00e9cepteur FS-iA6B Le FS-I6X et le FS-iA6B<\/p>","protected":false},"featured_media":25168,"comment_status":"open","ping_status":"closed","template":"","meta":[],"product_brand":[],"product_cat":[98],"product_tag":[889,2845,6622,1124,2854,2852,2855,2853,2842,2844,2848,2846,2850,2838,2849,7439,7440,2839,3065,2840,7441,7442,2843,2851,738,2841,3483,5494,770,2515,2847,1578,5946],"class_list":{"0":"post-25167","1":"product","2":"type-product","3":"status-publish","4":"has-post-thumbnail","6":"product_cat-drones","7":"product_tag-2-4ghz","8":"product_tag-beginner-drone","9":"product_tag-channel","10":"product_tag-control","11":"product_tag-dji-drone","12":"product_tag-dji-mavic","13":"product_tag-dji-mini-2","14":"product_tag-drone","15":"product_tag-drone-accessories","16":"product_tag-drone-battery","17":"product_tag-drone-gimbal","18":"product_tag-drone-propellers","19":"product_tag-drone-spare-parts","20":"product_tag-drone-with-camera","21":"product_tag-drones-under-200","22":"product_tag-dtxmx","23":"product_tag-flysky","24":"product_tag-foldable-drone","25":"product_tag-fpv","26":"product_tag-fpv-drone","27":"product_tag-fsi6x","28":"product_tag-fsia6b","29":"product_tag-hd-drone","30":"product_tag-mini-drone","31":"product_tag-mode","32":"product_tag-quadcopter","33":"product_tag-racing","34":"product_tag-radio","35":"product_tag-receiver","36":"product_tag-remote","37":"product_tag-remote-control-drone","38":"product_tag-system","39":"product_tag-transmitter","41":"first","42":"instock","43":"shipping-taxable","44":"product-type-external"},"_links":{"self":[{"href":"https:\/\/comprasyconsejos.store\/en\/wp-json\/wp\/v2\/product\/25167","targetHints":{"allow":["GET"]}}],"collection":[{"href":"https:\/\/comprasyconsejos.store\/en\/wp-json\/wp\/v2\/product"}],"about":[{"href":"https:\/\/comprasyconsejos.store\/en\/wp-json\/wp\/v2\/types\/product"}],"replies":[{"embeddable":true,"href":"https:\/\/comprasyconsejos.store\/en\/wp-json\/wp\/v2\/comments?post=25167"}],"version-history":[{"count":0,"href":"https:\/\/comprasyconsejos.store\/en\/wp-json\/wp\/v2\/product\/25167\/revisions"}],"wp:featuredmedia":[{"embeddable":true,"href":"https:\/\/comprasyconsejos.store\/en\/wp-json\/wp\/v2\/media\/25168"}],"wp:attachment":[{"href":"https:\/\/comprasyconsejos.store\/en\/wp-json\/wp\/v2\/media?parent=25167"}],"wp:term":[{"taxonomy":"product_brand","embeddable":true,"href":"https:\/\/comprasyconsejos.store\/en\/wp-json\/wp\/v2\/product_brand?post=25167"},{"taxonomy":"product_cat","embeddable":true,"href":"https:\/\/comprasyconsejos.store\/en\/wp-json\/wp\/v2\/product_cat?post=25167"},{"taxonomy":"product_tag","embeddable":true,"href":"https:\/\/comprasyconsejos.store\/en\/wp-json\/wp\/v2\/product_tag?post=25167"}],"curies":[{"name":"wp","href":"https:\/\/api.w.org\/{rel}","templated":true}]}}